{"id":1060,"date":"2016-08-21T20:38:32","date_gmt":"2016-08-21T20:38:32","guid":{"rendered":"http:\/\/moverdb.com\/?page_id=1060"},"modified":"2026-01-08T15:20:47","modified_gmt":"2026-01-08T15:20:47","slug":"suddath","status":"publish","type":"page","link":"https:\/\/moverdb.com\/nb\/suddath\/","title":{"rendered":"Suddath: Vurderinger av internasjonale flyttinger og omplasseringer"},"content":{"rendered":"<p>Suddath tilbyr sine kunder fullservice flytting og lagring b\u00e5de internasjonalt og lokalt. Disse er oppf\u00f8rt nedenfor, sammen med en selskapsprofil og anmeldelser.<\/p>\n<p><strong>Internasjonal flytting og lagring<\/strong><\/p>\n<ul>\n<li> Forsendelse av husholdningsvarer<\/li>\n<li> Tildelt flytter\u00e5dgiver<\/li>\n<li> Pre-flyttesett<\/li>\n<li> Tollinformasjon og r\u00e5dgivning<\/li>\n<li> Informasjon om destinasjonen<\/li>\n<li> Lagringsanlegg<\/li>\n<li> Verdsettelses- eller forsikringsr\u00e5dgivning<\/li>\n<\/ul>\n<p><strong>Retningslinjer for flytting av bedrifter og programforvaltning<\/strong><\/p>\n<ul>\n<li> Gjennomgang og\/eller utvikling av flyttingspolitikk<\/li>\n<li> Forvaltning av politikken<\/li>\n<li> Dedikert, erfarent kontoadministrasjonsteam<\/li>\n<li> Kvalitetssikringsprogram med m\u00e5lbare beregninger<\/li>\n<li> Online tilgang eller rapportering og sporing av forsendelser<\/li>\n<\/ul>\n<p><strong>Andre globale mobilitetstjenester<\/strong><\/p>\n<ul>\n<li> Global benchmarking, gjennomgang og utvikling av politikk<\/li>\n<li> Avreise- og boligsalgstjenester<\/li>\n<li> Kostnadsprognoser<\/li>\n<li> Vurdering av kandidater<\/li>\n<li> Skatte- og trygder\u00e5dgivning<\/li>\n<li> L\u00f8pende oppdragstjenester<\/li>\n<li> Reise f\u00f8r tildeling<\/li>\n<li> Interkulturell oppl\u00e6ring, forretningsforst\u00e5else og spr\u00e5koppl\u00e6ring<\/li>\n<li> Leasing eller finansiering av bil<\/li>\n<li> Skoles\u00f8k<\/li>\n<li> Repatrieringsprogram<\/li>\n<\/ul>\n<p><strong>Flytting og lagring i hele verden<\/strong><\/p>\n<ul>\n<li> Full service flytting for myndigheter og milit\u00e6ret<\/li>\n<\/ul>\n<p><strong><a href=\"https:\/\/moverdb.com\/nb\/moving-to-the-united-states\/\" data-internallinksmanager029f6b8e52c=\"94\" title=\"Flytte til USA? 2023 Levekostnader og flyttetips\">USA<\/a> Flytting og lagring av boliger<\/strong><\/p>\n<p><strong>Bedriftsflytting<\/strong><\/p>\n<ul>\n<li> Vurdering og h\u00f8ring av flyttepolitikk<\/li>\n<li> H\u00e5ndtering av flytting<\/li>\n<li> Gruppen beveger seg<\/li>\n<li> Felles kontaktpunkt<\/li>\n<li> Transport av husholdningsvarer<\/li>\n<li> Andre relokaliseringstjenester (inkludert eiendomsrelaterte tjenester, boligl\u00e5n, boligs\u00f8k, destinasjonstjenester)<\/li>\n<\/ul>\n<p><strong>Bolig, privat flytting<\/strong><\/p>\n<ul>\n<li> Estimat f\u00f8r flytting<\/li>\n<li> Dedikert flyttekoordinator<\/li>\n<li> Pakketjenester (p\u00e5 opprinnelses- og bestemmelsesstedet)<\/li>\n<li> Pakking av forsyninger<\/li>\n<li> Sporing av forsendelser<\/li>\n<li> Lagringstjenester<\/li>\n<li> Flytting og eiendomsrelaterte tjenester<\/li>\n<\/ul>\n<h2>Suddath selskapsprofil<\/h2>\n<p>Suddath, Suddath Van Lines og Suddath Relocations Systems er en familie av selskaper som startet i 1919 i Jacksonville, <a href=\"https:\/\/moverdb.com\/nb\/moving-to-the-united-states\/moving-to-florida\/\" data-internallinksmanager029f6b8e52c=\"331\" title=\"Flytter du til Florida? 2023 Levekostnader og flyttetips\">Florida<\/a> av Carl Suddath, som startet selskapet med \u00e9n varebil, to muldyr og to turbiler for \u00e5 betjene den nye filmindustrien. I dag har de kontorer i USA og <a href=\"https:\/\/moverdb.com\/nb\/moving-to-canada\/\" data-internallinksmanager029f6b8e52c=\"265\" title=\"Flytte til Canada? 2023 Levekostnader og tips om flytting\">Canada<\/a> og et stort nettverk av agenter over hele verden.<\/p>\n<p>Suddath h\u00e5ndterer over 75 000 flyttinger i \u00e5ret, internasjonalt og lokalt, for privatpersoner, bedrifter, myndigheter og milit\u00e6ret. <\/p>\n<p>De er stolte av \u00e5 ha noen av Fortune 500-selskapene som noen av sine toppkunder, sammen med den amerikanske regjeringen. Suddath tilbyr full service fra f\u00f8rste tilbud til utpakking og flytting.<\/p>\n<p>Suddath har f\u00f8lgende akkrediteringer og tilknytninger:<\/p>\n<ul>\n<li> <a href=\"https:\/\/moverdb.com\/nb\/fidi-faim\/\">FIDI<\/a><\/li>\n<li> Overseas Moving Network International (OMNI)<\/li>\n<li> <a href=\"https:\/\/moverdb.com\/nb\/iam\/\">International Association of Movers<\/a> (<a href=\"https:\/\/moverdb.com\/nb\/iam\/\" data-internallinksmanager029f6b8e52c=\"23\" title=\"International Association of Movers (IAM) Forklaret\">IAM<\/a>)<\/li>\n<li> <a href=\"https:\/\/moverdb.com\/nb\/lacma\/\" target=\"_blank\" rel=\"noopener\">Latin-American and Caribbean International Movers Association<\/a> (<a href=\"https:\/\/moverdb.com\/nb\/lacma\/\" data-internallinksmanager029f6b8e52c=\"28\" title=\"Latinamerikanske og karibiske internasjonale flyttebyr\u00e5ers forening (LACMA)\">LACMA<\/a>)<\/li>\n<li> Den panamerikanske internasjonale flytteorganisasjonen (PAIMA)<\/li>\n<li> <a href=\"https:\/\/moverdb.com\/nb\/british-association-of-removers\/\" target=\"_blank\" rel=\"noopener\">British Association of Removers<\/a> (<a href=\"https:\/\/moverdb.com\/nb\/british-association-of-removers\/\" data-internallinksmanager029f6b8e52c=\"9\" title=\"British Association of Removers (BAR) Forklart (p\u00e5 engelsk)\">BAR<\/a>)<\/li>\n<li> <a href=\"https:\/\/moverdb.com\/nb\/arbeidstaker-flytting-rad\/\" target=\"_blank\" rel=\"noopener\">ERC p\u00e5 verdensbasis<\/a><\/li>\n<li> Society for Human Resource Management (SHRM)<\/li>\n<li> Kundehandelspartnerskap mot terrorisme (C-TPAT)<\/li>\n<li> <a href=\"https:\/\/moverdb.com\/nb\/iata\/\" target=\"_blank\" rel=\"noopener\">IATA<\/a><\/li>\n<li> Better Business Bureau (BBB)<\/li>\n<li> ISO 9001-2008<\/li>\n<li> Brookfield Global Relocation Services<\/li>\n<li> <a href=\"https:\/\/moverdb.com\/nb\/fidi-faim\/\" data-internallinksmanager029f6b8e52c=\"16\" title=\"FIDI &amp; FAIM (FIDI-akkreditert internasjonal spedit\u00f8r) forklart\">FAIM<\/a> Pluss<\/li>\n<li> Sertifisert kontorflytter - International Office Moving Institute<\/li>\n<li> <a href=\"https:\/\/moverdb.com\/nb\/felgpromover\/\" target=\"_blank\" rel=\"noopener\">ProMover<\/a><\/li>\n<li> General Services Administration (GSA)<\/li>\n<\/ul>\n<p><strong>Suddath Moving Reviews<\/strong><\/p>\n<p><strong>Positivt:<\/strong><\/p>\n<ul>\n<li> <em>\"De hjalp meg p\u00e5 hvert eneste trinn i flytteprosessen.\"<\/em> - Alan H via <a href=\"http:\/\/www.yelp.com\/biz\/suddath-relocation-systems-jacksonville-3?hrid=aZPhVuYjTxAl3ImKZTmp1A&#038;utm_campaign=www_review_share_popup&#038;utm_medium=copy_link&#038;utm_source=(direct)\" target=\"_blank\" rel=\"noopener\">Yelp<\/a><\/li>\n<li> <em>\"Suddath gjorde en utmerket jobb fra begynnelse til slutt - fra kontakt til befaring til lasting og lossing, og de var i rute. En spesiell takk g\u00e5r til de fire karene og sj\u00e5f\u00f8ren som gj\u00f8r de tunge l\u00f8ftene.\"<\/em> - Wayne Ernest via <a href=\"http:\/\/reviews.birdeye.com\/suddath-relocation-systems-388913888\" target=\"_blank\" rel=\"noopener\">BirdEye<\/a> <\/li>\n<\/ul>\n<p><strong>Nei:<\/strong><\/p>\n<ul>\n<li> <em>\"Etter flere e-poster tilb\u00f8d de fine folkene p\u00e5 Suddath meg $2,350 for mine $7,500 til en verdi av manglende gjenstander.\" <\/em>Aaron C via <a href=\"http:\/\/www.yelp.com\/biz\/suddath-relocation-systems-jacksonville-3?hrid=NyswOKGKwwPmsuorvGtzew&#038;utm_campaign=www_review_share_popup&#038;utm_medium=copy_link&#038;utm_source=(direct)\" target=\"_blank\" rel=\"noopener\">Yelp<\/a> <\/li>\n<li> \"Jeg har flyttet flere ganger de siste 15 \u00e5rene, og dette var det absolutt verste. <a href=\"https:\/\/moverdb.com\/nb\/moving-companies\/\" data-internallinksmanager029f6b8e52c=\"79\" title=\"Topp 25 internasjonale flyttebyr\u00e5er p\u00e5 nettet\">flyttefirma<\/a> jeg noensinne har hatt med \u00e5 gj\u00f8re.\" - Peter Burgess via <a href=\"http:\/\/www.mymovingreviews.com\/movers\/suddath-120#26803\" target=\"_blank\" rel=\"noopener\">MyMovingReviews.com<\/a><\/li>\n<\/ul>\n<div itemprop=\"review\" itemscope itemtype=\"http:\/\/schema.org\/Review\">\n<span itemprop=\"author\" itemscope=\"\" itemtype=\"http:\/\/schema.org\/Organization\"><span itemprop=\"name\">MoverDB.com<\/span><\/span> Nettstedsgjennomgang for <span itemprop=\"itemreviewed\" itemscope=\"\" itemtype=\"http:\/\/schema.org\/Brand\"><span itemprop=\"name\">Suddath<\/span><\/span>:<\/p>\n<ol>\n<li> Tydelige kontaktopplysninger p\u00e5 nettstedet (inkludert telefonnummer): <strong>Ja<\/strong><\/li>\n<li> Lett \u00e5 f\u00e5 tak i <a href=\"https:\/\/moverdb.com\/nb\/sitater\/\">internasjonale flyttetilbud<\/a>? (skjema for foresp\u00f8rsel om prisoverslag p\u00e5 nett): <strong>Ja<\/strong><\/li>\n<li> Tydelig informasjon p\u00e5 nettstedet: <strong>Delvis<\/strong>Nettstedet inneholder mange sider, men det meste av informasjonen er ganske generell.<\/li>\n<li> Medlemskap i internasjonalt anerkjente flytteorganisasjoner: <strong>Ja<\/strong>, mange, se ovenfor<\/li>\n<li> Liste over kunder og\/eller tidligere kundeuttalelser: <strong>Noen,<\/strong> har casestudier, men ikke detaljerte vurderinger eller attester.<\/li>\n<\/ol>\n<div itemprop=\"reviewRating\" itemscope itemtype=\"http:\/\/schema.org\/Rating\"><meta itemprop=\"worstRating\" content = \"0\" \/><meta itemprop=\"bestRating\" content=\"5\" \/><meta itemprop=\"ratingValue\" content=\"4\"><\/div>\n<p><strong>Samlet poengsum: 4\/5<\/strong><br \/>\n<strong>Dato for gjennomgang:<\/strong> <span itemprop=\"datePublished\" content=\"2016-08-21\">21\/08\/2016<\/span>\n<\/div>\n<p>Les mer om <a href=\"https:\/\/moverdb.com\/nb\/flyttefirmaer\/\">internasjonale flyttebyr\u00e5er<\/a>, <a href=\"https:\/\/moverdb.com\/nb\/us-canada-movers\/\">Nordamerikanske transport\u00f8rer<\/a> og v\u00e5r <a href=\"https:\/\/moverdb.com\/nb\/vurderinger\/\">gjennomgangsprosessen<\/a>.<\/p>\n<p><strong>Nettsted:<\/strong> <a href=\"http:\/\/suddath.com\" target=\"_blank\" rel=\"noopener\">http:\/\/suddath.com<\/a><\/p>","protected":false},"excerpt":{"rendered":"<p>Suddath offers its clients full service moving and storage both internationally and locally. These are listed below, together with a company profile and reviews. International Moving and Storage Shipment of household goods Assigned move counsellor Pre-move kit Customs information and counselling Destination information Storage facilities Valuation or insurance counselling Corporate relocation policy and program management [&hellip;]<\/p>\n","protected":false},"author":1,"featured_media":0,"parent":0,"menu_order":0,"comment_status":"closed","ping_status":"closed","template":"","meta":{"_genesis_hide_title":false,"_genesis_hide_breadcrumbs":false,"_genesis_hide_singular_image":false,"_genesis_hide_footer_widgets":false,"_genesis_custom_body_class":"","_genesis_custom_post_class":"","_genesis_layout":"","footnotes":""},"class_list":{"0":"post-1060","1":"page","2":"type-page","3":"status-publish","5":"entry"},"_links":{"self":[{"href":"https:\/\/moverdb.com\/nb\/wp-json\/wp\/v2\/pages\/1060","targetHints":{"allow":["GET"]}}],"collection":[{"href":"https:\/\/moverdb.com\/nb\/wp-json\/wp\/v2\/pages"}],"about":[{"href":"https:\/\/moverdb.com\/nb\/wp-json\/wp\/v2\/types\/page"}],"author":[{"embeddable":true,"href":"https:\/\/moverdb.com\/nb\/wp-json\/wp\/v2\/users\/1"}],"replies":[{"embeddable":true,"href":"https:\/\/moverdb.com\/nb\/wp-json\/wp\/v2\/comments?post=1060"}],"version-history":[{"count":6,"href":"https:\/\/moverdb.com\/nb\/wp-json\/wp\/v2\/pages\/1060\/revisions"}],"predecessor-version":[{"id":6242,"href":"https:\/\/moverdb.com\/nb\/wp-json\/wp\/v2\/pages\/1060\/revisions\/6242"}],"wp:attachment":[{"href":"https:\/\/moverdb.com\/nb\/wp-json\/wp\/v2\/media?parent=1060"}],"curies":[{"name":"wp","href":"https:\/\/api.w.org\/{rel}","templated":true}]}}