{"id":1059,"date":"2016-08-21T14:56:28","date_gmt":"2016-08-21T14:56:28","guid":{"rendered":"http:\/\/moverdb.com\/?page_id=1059"},"modified":"2026-01-08T14:47:35","modified_gmt":"2026-01-08T14:47:35","slug":"arpin-van-lines","status":"publish","type":"page","link":"https:\/\/moverdb.com\/nb\/arpin-van-lines\/","title":{"rendered":"Arpin Van Lines: Flyttetjenester og anmeldelser"},"content":{"rendered":"<p>Arpin Van Lines er basert i West Warwick, RI og tilbyr sine kunder et bredt spekter av tjenester b\u00e5de internasjonalt og lokalt. Disse tjenestene er oppf\u00f8rt nedenfor, sammen med en selskapsprofil og anmeldelser. Internasjonale flyttinger h\u00e5ndteres ogs\u00e5 av <a href=\"https:\/\/moverdb.com\/nb\/arpin-international\/\">Arpin International<\/a>.<\/p>\n<p><strong>Internasjonale bevegelser<\/strong><\/p>\n<ul>\n<li> Flerkulturelt og flerspr\u00e5klig personale<\/li>\n<li> Dedikert internasjonal flyttekoordinator<\/li>\n<li> D\u00f8r til d\u00f8r<\/li>\n<li> Pakking og utpakking<\/li>\n<li> Demontering og montering av m\u00f8bler og\/eller varer<\/li>\n<li> Bistand i forbindelse med toll<\/li>\n<li> Flytting over landegrensene <a href=\"https:\/\/moverdb.com\/nb\/moving-to-canada\/\" data-internallinksmanager029f6b8e52c=\"265\" title=\"Flytte til Canada? 2023 Levekostnader og tips om flytting\">Canada<\/a><\/li>\n<\/ul>\n<p><strong>GSA og milit\u00e6re bevegelser<\/strong><\/p>\n<ul>\n<li> Milit\u00e6ret<\/li>\n<li> Regjeringen\/GSA<\/li>\n<li> Veteranbevegelser<\/li>\n<li> Milit\u00e6r makeover<\/li>\n<\/ul>\n<p><strong>Flytting av husholdninger<\/strong><\/p>\n<ul>\n<li> Lokale tiltak<\/li>\n<li> Langdistanseflyttinger<\/li>\n<li> Seniorbevegelser<\/li>\n<li> Liten flyttel\u00f8sning<\/li>\n<\/ul>\n<p><strong>Lagring<\/strong><\/p>\n<ul>\n<li> P\u00e5 lang sikt<\/li>\n<li> P\u00e5 kort sikt<\/li>\n<li> Noe klimakontrollert lagring<\/li>\n<li> Lagring i containere<\/li>\n<\/ul>\n<h2>Arpin Van Lines bedriftsprofil<\/h2>\n<p>Arpin Van Lines ble grunnlagt i 1900 og har derfor flyttet mennesker og bedrifter i over 100 \u00e5r og er fortsatt en familieeid bedrift. <\/p>\n<p>Selskapet er stolt av \u00e5 utf\u00f8re n\u00e6r perfekte eller perfekte lokale, langdistanse og internasjonale flyttinger. Det har 385 byr\u00e5er i <a href=\"https:\/\/moverdb.com\/nb\/moving-to-the-united-states\/\" data-internallinksmanager029f6b8e52c=\"94\" title=\"Flytte til USA? 2023 Levekostnader og flyttetips\">De forente stater<\/a> og har inng\u00e5tt partnerskap med de beste, p\u00e5litelige byr\u00e5ene over hele verden for \u00e5 kunne levere den kvaliteten de lover.<\/p>\n<p>Selskapets hovedfokus er flytting. De samarbeider med flytteselskaper i USA og globalt. Arpin Van Lines utf\u00f8rer rundt 14 000 GSA- og milit\u00e6rflyttinger i \u00e5ret.<\/p>\n<p>Arpin Van Lines st\u00f8tter Redd Barna, Habitat for Humanity og Audubon Society of <a href=\"https:\/\/moverdb.com\/nb\/moving-to-the-united-states\/moving-to-rhode-island\/\" data-internallinksmanager029f6b8e52c=\"450\" title=\"Flytter du til Rhode Island? 2024 Levekostnader og flyttetips\">Rhode Island<\/a>. Selskapet har en streng milj\u00f8politikk som har f\u00f8rt til at de har mottatt mange priser for \u00e5 redusere karbonavtrykket sitt.<\/p>\n<p>Arpin Van Lines har f\u00f8lgende akkrediteringer og tilknytninger:<\/p>\n<ul>\n<li> Den <a href=\"https:\/\/moverdb.com\/nb\/amsa\/\">American Moving and Storage Association<\/a> (<a href=\"https:\/\/moverdb.com\/nb\/amsa\/\" data-internallinksmanager029f6b8e52c=\"5\" title=\"American Moving &amp; Storage Association (AMSA) forklart\">AMSA<\/a>)<\/li>\n<li> <a href=\"https:\/\/moverdb.com\/nb\/arbeidstaker-flytting-rad\/\">ERC p\u00e5 verdensbasis<\/a><\/li>\n<li> National Association of Senior Move Managers (NASMM) (den nasjonale sammenslutningen av ledere for seniorflytting)<\/li>\n<li> Sertifisert <a href=\"https:\/\/moverdb.com\/nb\/felgpromover\/\">ProMover<\/a><\/li>\n<li> Better Business Bureau (BBB) A+<\/li>\n<li> SmartWay Transport Partner<\/li>\n<li> ISSP<\/li>\n<\/ul>\n<h2>Arpin Van Lines anmeldelser<\/h2>\n<p><strong>Positivt:<\/strong><\/p>\n<ul>\n<li> <em>\"Ikke helt sikker p\u00e5 hvorfor det er s\u00e5 mange d\u00e5rlige anmeldelser, men jeg hadde derimot en utmerket opplevelse! Det kan ha v\u00e6rt det lokale datterselskapet som h\u00e5ndterte flyttingen eller selskapets omd\u00f8mme. Uansett var opplevelsen min fantastisk fra start til slutt!\"<\/em> - Jay Cee via <a href=\"http:\/\/www.yelp.com\/biz\/arpin-van-lines-west-warwick-2?hrid=OS55XvTTjsx1-lntFW5mvw&#038;utm_campaign=www_review_share_popup&#038;utm_medium=copy_link&#038;utm_source=(direct)\" target=\"_blank\" rel=\"noopener\">Yelp<\/a><\/li>\n<li> \"Jeg m\u00e5 si at gutta fra Arpin Van Lines gjorde en helt utrolig jobb for oss. De var akkurat i tide da de sa de ville v\u00e6re, og de gjorde hele flyttingen s\u00e5 veldig enkel.\"<\/em>. - Emmanuel P. via <a href=\"https:\/\/www.customerlobby.com\/reviews\/28943\/arpin-van-lines-inc\/review\/877013\" target=\"_blank\" rel=\"noopener\">Kundelobbyen<\/a> <\/li>\n<li> <em>\"Jeg ville bare si hvor glad og forn\u00f8yd jeg var med flyttingen.  Kontoret holdt \u00f8ye med meg og brydde seg faktisk om hvordan det gikk med meg og familien min.\"<\/em> - Yuriko Sprott via <a href=\"http:\/\/www.mymovingreviews.com\/movers\/arpin-van-lines-664#39723\" target=\"_blank\" rel=\"noopener\">MyMovingReviews.com<\/a> <\/li>\n<\/ul>\n<p><strong>Nei:<\/strong><\/p>\n<ul>\n<li> \"<em>Vi flyttet fra <a href=\"https:\/\/moverdb.com\/nb\/moving-to-the-united-states\/moving-to-illinois\/\" data-internallinksmanager029f6b8e52c=\"401\" title=\"Flytter du til Illinois? 2023 Levekostnader og flyttetips\">Illinois<\/a> til Sacramento, og opplevelsen var FORFERDELIG.\" <\/em>John W via <a href=\"http:\/\/www.yelp.com\/biz\/arpin-van-lines-west-warwick-2?hrid=_dchwV9PFPdLsH2-htD5dA&#038;utm_campaign=www_review_share_popup&#038;utm_medium=copy_link&#038;utm_source=(direct)\" target=\"_blank\" rel=\"noopener\">Yelp<\/a><\/li>\n<li> <em>\"Ord kan ikke uttrykke hvor jeg h\u00e5per du ikke bruker dette selskapet. Vi har flyttet syv ganger p\u00e5 grunn av jobben til mannen min, og jeg har aldri v\u00e6rt vitne til en slik inkompetanse.\"<\/em> - Marci R. via <a href=\"https:\/\/www.customerlobby.com\/reviews\/28943\/arpin-van-lines-inc\/review\/854697\" target=\"_blank\" rel=\"noopener\">Kundelobbyen<\/a><\/li>\n<li> <em>\"Hvor skal jeg begynne ... Det tok to uker \u00e5 f\u00e5 et tilbud, de er for \u00f8yeblikket tre dager forsinket, og min gravide kone og jeg m\u00e5 sove p\u00e5 en oppbl\u00e5sbar madrass med en koffert til de kommer.\"<\/em> - Mmonahan via <a href=\"http:\/\/www.mymovingreviews.com\/movers\/arpin-van-lines-664#55388\" target=\"_blank\" rel=\"noopener\">MyMovingReviews.com<\/a> <\/li>\n<\/ul>\n<div itemprop=\"review\" itemscope itemtype=\"http:\/\/schema.org\/Review\">\n<span itemprop=\"author\" itemscope=\"\" itemtype=\"http:\/\/schema.org\/Organization\"><span itemprop=\"name\">MoverDB.com<\/span><\/span> Nettstedsgjennomgang for <span itemprop=\"itemreviewed\" itemscope=\"\" itemtype=\"http:\/\/schema.org\/Brand\"><span itemprop=\"name\">Arpin Van Lines<\/span><\/span>:<\/p>\n<ol>\n<li> Tydelige kontaktopplysninger p\u00e5 nettstedet (inkludert telefonnummer): <strong>Ja<\/strong><\/li>\n<li> Lett \u00e5 f\u00e5 tak i <a href=\"https:\/\/moverdb.com\/nb\/sitater\/\">internasjonale flyttetilbud<\/a>? (skjema for foresp\u00f8rsel om prisoverslag p\u00e5 nett): <strong>Ja<\/strong><\/li>\n<li> Tydelig informasjon p\u00e5 nettstedet: <strong>Ja,<\/strong> nettstedet har veiledninger og videoer.<\/li>\n<li> Medlemskap i internasjonalt anerkjente flytteorganisasjoner: <strong>Ja<\/strong>, (se ovenfor)<\/li>\n<li> Liste over kunder og\/eller tidligere kundeuttalelser. <strong>Delvis<\/strong> De viser kundeuttalelser via Customer Lobby, se ovenfor.<\/li>\n<\/ol>\n<div itemprop=\"reviewRating\" itemscope itemtype=\"http:\/\/schema.org\/Rating\"><meta itemprop=\"worstRating\" content = \"0\" \/><meta itemprop=\"bestRating\" content=\"5\" \/><meta itemprop=\"ratingValue\" content=\"4\"><\/div>\n<p><strong>Samlet poengsum: 4\/5<\/strong><br \/>\n<strong>Dato for gjennomgang:<\/strong> <span itemprop=\"datePublished\" content=\"2016-08-21\">21\/08\/2016<\/span>\n<\/div>\n<p>Les mer om <a href=\"https:\/\/moverdb.com\/nb\/flyttefirmaer\/\">internasjonale flyttebyr\u00e5er<\/a>, <a href=\"https:\/\/moverdb.com\/nb\/us-canada-movers\/\">Amerikanske flyttebyr\u00e5er<\/a> og v\u00e5r <a href=\"https:\/\/moverdb.com\/nb\/vurderinger\/\">gjennomgangsprosessen<\/a>.<\/p>\n<p><strong>Nettsted:<\/strong> <a href=\"http:\/\/www.arpin.com\" target=\"_blank\" rel=\"noopener\">http:\/\/www.arpin.com<\/a><\/p>","protected":false},"excerpt":{"rendered":"<p>Arpin Van Lines is based in West Warwick, RI and offers its customers a wide range of services both internationally and locally. These services are listed below, together with a company profile and reviews. International moves are also handled by Arpin International. International Moves Multicultural and multilingual staff Dedicated international move coordinator Door to door [&hellip;]<\/p>\n","protected":false},"author":1,"featured_media":0,"parent":0,"menu_order":0,"comment_status":"closed","ping_status":"closed","template":"","meta":{"_genesis_hide_title":false,"_genesis_hide_breadcrumbs":false,"_genesis_hide_singular_image":false,"_genesis_hide_footer_widgets":false,"_genesis_custom_body_class":"","_genesis_custom_post_class":"","_genesis_layout":"","footnotes":""},"class_list":{"0":"post-1059","1":"page","2":"type-page","3":"status-publish","5":"entry"},"_links":{"self":[{"href":"https:\/\/moverdb.com\/nb\/wp-json\/wp\/v2\/pages\/1059","targetHints":{"allow":["GET"]}}],"collection":[{"href":"https:\/\/moverdb.com\/nb\/wp-json\/wp\/v2\/pages"}],"about":[{"href":"https:\/\/moverdb.com\/nb\/wp-json\/wp\/v2\/types\/page"}],"author":[{"embeddable":true,"href":"https:\/\/moverdb.com\/nb\/wp-json\/wp\/v2\/users\/1"}],"replies":[{"embeddable":true,"href":"https:\/\/moverdb.com\/nb\/wp-json\/wp\/v2\/comments?post=1059"}],"version-history":[{"count":7,"href":"https:\/\/moverdb.com\/nb\/wp-json\/wp\/v2\/pages\/1059\/revisions"}],"predecessor-version":[{"id":6176,"href":"https:\/\/moverdb.com\/nb\/wp-json\/wp\/v2\/pages\/1059\/revisions\/6176"}],"wp:attachment":[{"href":"https:\/\/moverdb.com\/nb\/wp-json\/wp\/v2\/media?parent=1059"}],"curies":[{"name":"wp","href":"https:\/\/api.w.org\/{rel}","templated":true}]}}