{"id":1058,"date":"2016-07-25T21:05:23","date_gmt":"2016-07-25T21:05:23","guid":{"rendered":"http:\/\/moverdb.com\/?page_id=1058"},"modified":"2026-01-08T14:40:09","modified_gmt":"2026-01-08T14:40:09","slug":"mayflower-transitt","status":"publish","type":"page","link":"https:\/\/moverdb.com\/nb\/mayflower-transit\/","title":{"rendered":"Mayflower Transit: Internasjonale flyttetjenester og anmeldelser"},"content":{"rendered":"<p>Mayflower Transit tilbyr sine kunder en rekke innenlandske og internasjonale flyttetjenester, som er oppf\u00f8rt nedenfor. Det f\u00f8lger ogs\u00e5 en selskapsprofil og vurderinger.<\/p>\n<p><strong>Internasjonale flyttere<\/strong><\/p>\n<p>Tjenester f\u00f8r tildeling<\/p>\n<ul>\n<li> Visum- og innvandringstjenester<\/li>\n<li> Forh\u00e5ndsvisning av tur og omr\u00e5deorientering<\/li>\n<li> Informasjon om land og kultur<\/li>\n<\/ul>\n<p>Flyttetjenester<\/p>\n<ul>\n<li> Planlegging f\u00f8r flytting<\/li>\n<li> Transport av eiendeler<\/li>\n<li> H\u00e5ndtering av flyttingen<\/li>\n<li> Sporing av forsendelser<\/li>\n<\/ul>\n<p>Internasjonale destinasjonstjenester<\/p>\n<ul>\n<li> Kultur- og spr\u00e5koppl\u00e6ring<\/li>\n<li> Bistand til skoler<\/li>\n<li> St\u00f8tte til partner\/ektefelle<\/li>\n<li> Bosetting i tjeneste<\/li>\n<li> Bistand ved avreise<\/li>\n<\/ul>\n<p>Beskyttelsestjenester<\/p>\n<ul>\n<li> Vektmultiplikator<\/li>\n<li> Inventar av h\u00f8y verdi<\/li>\n<li> Spesifisert verdsatt varelager<\/li>\n<\/ul>\n<p>Boligbistand<\/p>\n<ul>\n<li> Tjenester for \u00e5 finne hjem<\/li>\n<li> Midlertidig innkvartering<\/li>\n<li> Forvaltning av eiendom og leieforhold<\/li>\n<\/ul>\n<p><strong><a href=\"https:\/\/moverdb.com\/nb\/moving-to-canada\/\" data-internallinksmanager029f6b8e52c=\"265\" title=\"Flytte til Canada? 2023 Levekostnader og tips om flytting\">Flytte til Canada<\/a><\/strong><\/p>\n<ul>\n<li> N\u00f8dvendig dokumentasjon og regelverk<\/li>\n<li> Informasjon om frakt av eiendeler<\/li>\n<li> Informasjon om <a href=\"https:\/\/moverdb.com\/nb\/bil-transport-frakt\/\">skipsfartskj\u00f8ret\u00f8yer<\/a><\/li>\n<\/ul>\n<p><strong>Typer bevegelser<\/strong><\/p>\n<ul>\n<li> Flytting av husholdninger - kort og lang avstand<\/li>\n<li> Lokale flyttebyr\u00e5er<\/li>\n<li> Bedriftsflyttere<\/li>\n<li> Milit\u00e6re og offentlige transport\u00f8rer<\/li>\n<li> <a href=\"https:\/\/moverdb.com\/nb\/flyttefirmaer\/\" target=\"_blank\" rel=\"noopener\">Internasjonale flyttebyr\u00e5er<\/a><\/li>\n<\/ul>\n<p><strong>Flyttetjenester<\/strong><\/p>\n<ul>\n<li> Pakking og utpakking<\/li>\n<li> Beskyttelse i bevegelse<\/li>\n<li> Biltransport<\/li>\n<li> Lagring<\/li>\n<li> Rengj\u00f8ringstjeneste<\/li>\n<li> Innsamling av avfall<\/li>\n<li> Installasjon av hjemmekinoanlegg og\/eller datamaskiner<\/li>\n<li> Gartnertjeneste<\/li>\n<li> Eiendomsmeglingstjenester<\/li>\n<\/ul>\n<h2>Mayflower Transit Company Profile<\/h2>\n<p>Mayflower Transit ble grunnlagt i 1927 av Conrad M. Gentry og Don F. Kenworthy i Indianapolis. Grunnleggerne \u00f8nsket \u00e5 gi folk et alternativ til \u00e5 flytte eiendelene sine med tog. <\/p>\n<p>Ved slutten av andre verdenskrig hadde selskapet ekspandert og inkluderte n\u00e5 tjenester som flytting av ansatte og flytting og oppsetting av messer. <\/p>\n<p>I 1995 ble Mayflower Transit en del av UniGroup, som er en <strong>$1,7 milliarder<\/strong> selskap som tilbyr flytting, transport og lagring over hele verden. Mayflower Transit tilbyr et bredt utvalg av tjenester fra gj\u00f8r det selv-flytting og lagring, til skreddersydd full service. <\/p>\n<p><strong>Mayflower Transit-tilknytninger og akkrediteringer:<\/strong><\/p>\n<ul>\n<li> Nasjonal kvalitetssikring <a href=\"https:\/\/moverdb.com\/nb\/moving-to-the-united-states\/\" data-internallinksmanager029f6b8e52c=\"94\" title=\"Flytte til USA? 2023 Levekostnader og flyttetips\">USA<\/a> (NQA) ISO 9001:2008<\/li>\n<li> <a href=\"https:\/\/moverdb.com\/nb\/amsa\/\">American Moving and Storage Association<\/a> (<a href=\"https:\/\/moverdb.com\/nb\/amsa\/\" data-internallinksmanager029f6b8e52c=\"5\" title=\"American Moving &amp; Storage Association (AMSA) forklart\">AMSA<\/a>) - <a href=\"https:\/\/moverdb.com\/nb\/felgpromover\/\">ProMover<\/a><\/li>\n<\/ul>\n<h2>Mayflower Transit-anmeldelser<\/h2>\n<p><strong>Positivt:<\/strong><\/p>\n<ul>\n<li> \"<em>De dukket opp i tide, ankom v\u00e5r nye adresse i tide, og den endelige prisen vi betalte var N\u00d8YAKTIG det de siterte oss fra starten !!! \"<\/em> - Paul I via <a href=\"http:\/\/www.mymovingreviews.com\/movers\/mayflower-movers-181#38117\" target=\"_blank\" rel=\"noopener\">MyMovingReviews.com<\/a> <\/li>\n<li> \"<em>De gjorde en utmerket jobb for oss, satte opp senger og monterte sammen m\u00f8bler som m\u00e5tte tas fra hverandre for pakking. B\u00e5de min kone og jeg var veldig forn\u00f8yde med m\u00e5ten vi ble flyttet p\u00e5.\"<\/em> - Jon via <a href=\"https:\/\/www.consumeraffairs.com\/movers\/mayflower.html?page=3\" target=\"_blank\" rel=\"noopener\">Forbrukeranliggender<\/a> <\/li>\n<\/ul>\n<p><strong>Nei:<\/strong><\/p>\n<ul>\n<li> \"<em>Hvis jeg kunne gi 0 stjerner, ville jeg absolutt gjort det.\"<\/em> - Bill M. via <a href=\"http:\/\/www.mymovingreviews.com\/movers\/mayflower-movers-181#41675\" target=\"_blank\" rel=\"noopener\">MyMovingReviews.com<\/a><\/li>\n<li> \"<em>Jeg skulle \u00f8nske vi hadde lest anmeldelsene f\u00f8r vi flyttet. Opplevelsen var forferdelig fra start til slutt\" <\/em> - Alison via <a href=\"https:\/\/www.consumeraffairs.com\/movers\/mayflower.html?page=3\" target=\"_blank\" rel=\"noopener\">Forbrukeranliggender<\/a><\/li>\n<\/ul>\n<div itemprop=\"review\" itemscope itemtype=\"http:\/\/schema.org\/Review\">\n<span itemprop=\"author\" itemscope=\"\" itemtype=\"http:\/\/schema.org\/Organization\"><span itemprop=\"name\">MoverDB.com<\/span><\/span> Nettstedsgjennomgang for <span itemprop=\"itemreviewed\" itemscope=\"\" itemtype=\"http:\/\/schema.org\/Brand\"><span itemprop=\"name\">Mayflower Transit<\/span><\/span>:<\/p>\n<ol>\n<li> Tydelige kontaktopplysninger p\u00e5 nettstedet (inkludert telefonnummer): <strong>Ja<\/strong><\/li>\n<li> Lett \u00e5 f\u00e5 tak i <a href=\"https:\/\/moverdb.com\/nb\/sitater\/\">internasjonale flyttetilbud<\/a>? (skjema for foresp\u00f8rsel om prisoverslag p\u00e5 nett): <strong>Ja<\/strong><\/li>\n<li> Tydelig informasjon p\u00e5 nettstedet: <strong>Ja.<\/strong> Nettstedet inneholder mye informasjon, og mer er tilgjengelig n\u00e5r du ber om et tilbud.<\/li>\n<li> Medlemskap i internasjonalt anerkjente flytteorganisasjoner: <strong>Ja<\/strong>se ovenfor.<\/li>\n<li> Liste over kunder og\/eller tidligere kundeuttalelser: <strong>Ja<\/strong>er det mange positive kundeanmeldelser p\u00e5 nettstedet.<\/li>\n<\/ol>\n<div itemprop=\"reviewRating\" itemscope itemtype=\"http:\/\/schema.org\/Rating\"><meta itemprop=\"worstRating\" content = \"0\" \/><meta itemprop=\"bestRating\" content=\"5\" \/><meta itemprop=\"ratingValue\" content=\"4.5\"><\/div>\n<p><strong>Samlet poengsum: 4.5\/5<\/strong><br \/>\n<strong>Dato for gjennomgang:<\/strong> <span itemprop=\"datePublished\" content=\"2016-07-25\">25\/07\/2016<\/span>\n<\/div>\n<p>Les mer om <a href=\"https:\/\/moverdb.com\/nb\/flyttefirmaer\/\">internasjonale flyttebyr\u00e5er<\/a>, <a href=\"https:\/\/moverdb.com\/nb\/us-canada-movers\/\">Amerikanske innenlandsflyttere<\/a> og l\u00e6r mer om v\u00e5re <a href=\"https:\/\/moverdb.com\/nb\/vurderinger\/\">gjennomgangsprosessen<\/a>.<\/p>\n<p><strong>Nettsted:<\/strong> <a href=\"http:\/\/www.mayflower.com\/\" target=\"_blank\" rel=\"noopener\">http:\/\/www.mayflower.com<\/a><\/p>","protected":false},"excerpt":{"rendered":"<p>Mayflower Transit offers its customers a range of domestic and international moving services, which are listed below. There also follows a company profile and reviews. International Movers Pre-assignment Services Visa and immigration services Preview trip and area orientation Country and culture information Moving Services Pre-move planning Transportation of belongings Managing the move Shipment tracking International [&hellip;]<\/p>\n","protected":false},"author":1,"featured_media":0,"parent":0,"menu_order":0,"comment_status":"closed","ping_status":"closed","template":"","meta":{"_genesis_hide_title":false,"_genesis_hide_breadcrumbs":false,"_genesis_hide_singular_image":false,"_genesis_hide_footer_widgets":false,"_genesis_custom_body_class":"","_genesis_custom_post_class":"","_genesis_layout":"","footnotes":""},"class_list":{"0":"post-1058","1":"page","2":"type-page","3":"status-publish","5":"entry"},"_links":{"self":[{"href":"https:\/\/moverdb.com\/nb\/wp-json\/wp\/v2\/pages\/1058","targetHints":{"allow":["GET"]}}],"collection":[{"href":"https:\/\/moverdb.com\/nb\/wp-json\/wp\/v2\/pages"}],"about":[{"href":"https:\/\/moverdb.com\/nb\/wp-json\/wp\/v2\/types\/page"}],"author":[{"embeddable":true,"href":"https:\/\/moverdb.com\/nb\/wp-json\/wp\/v2\/users\/1"}],"replies":[{"embeddable":true,"href":"https:\/\/moverdb.com\/nb\/wp-json\/wp\/v2\/comments?post=1058"}],"version-history":[{"count":7,"href":"https:\/\/moverdb.com\/nb\/wp-json\/wp\/v2\/pages\/1058\/revisions"}],"predecessor-version":[{"id":13174,"href":"https:\/\/moverdb.com\/nb\/wp-json\/wp\/v2\/pages\/1058\/revisions\/13174"}],"wp:attachment":[{"href":"https:\/\/moverdb.com\/nb\/wp-json\/wp\/v2\/media?parent=1058"}],"curies":[{"name":"wp","href":"https:\/\/api.w.org\/{rel}","templated":true}]}}