{"id":1057,"date":"2016-08-21T14:07:37","date_gmt":"2016-08-21T14:07:37","guid":{"rendered":"http:\/\/moverdb.com\/?page_id=1057"},"modified":"2026-01-08T15:20:46","modified_gmt":"2026-01-08T15:20:46","slug":"stevens-worldwide-van-lines","status":"publish","type":"page","link":"https:\/\/moverdb.com\/nb\/stevens-worldwide-van-lines\/","title":{"rendered":"Stevens Worldwide Van Lines: Internasjonale flytteanmeldelser"},"content":{"rendered":"<p>Stevens Worldwide Van Lines er basert i Saginaw MI. Selskapet tilbyr sine kunder et bredt spekter av tjenester som er oppf\u00f8rt nedenfor. Det f\u00f8lger ogs\u00e5 en selskapsprofil og anmeldelser.<\/p>\n<p><strong>Internasjonal flytting<\/strong><\/p>\n<ul>\n<li> Flytting av personlig husholdning<\/li>\n<li> DOD internasjonal flytting<\/li>\n<li> GSA internasjonal flytting<\/li>\n<li> Bedriftsflytting<\/li>\n<li> <a href=\"https:\/\/moverdb.com\/nb\/speditor\/\">Spedisjon<\/a><\/li>\n<li> Full d\u00f8r til d\u00f8r-tjeneste<\/li>\n<li> Stevens International flyttespesialister for hvert land.<\/li>\n<li> Bidra til \u00e5 fastsl\u00e5 kundens behov<\/li>\n<li> Forklar alle tilgjengelige internasjonale flytte- og relokaliseringstjenester, som pakking, flytting og spedisjon, <a href=\"https:\/\/moverdb.com\/nb\/containertransport\/\">skipsfart<\/a>, lagring og forsikring<\/li>\n<li> Skissere Stevens Internationals plikter og kundens ansvar f\u00f8r, under og etter en flytting.<\/li>\n<li> Gi en <a href=\"https:\/\/moverdb.com\/nb\/sitater\/\">n\u00f8yaktig estimat<\/a><\/li>\n<li> Planlegg all logistikk i forbindelse med flyttingen<\/li>\n<li> Forhandle om <a href=\"https:\/\/moverdb.com\/nb\/flyttekostnader\/\">beste priser<\/a><\/li>\n<li> F\u00f8re tilsyn med transport\u00f8rene og agentene som benyttes, og overv\u00e5ke hver fase av flyttingen.<\/li>\n<li> S\u00f8rg for at all dokumentasjon fylles ut og sendes inn n\u00f8yaktig og i tide.<\/li>\n<li> Forbli ansvarlig for \u00e5 betjene forsendelsen i henhold til instruksene fra fraktkonsulenten eller den utenlandske agenten.<\/li>\n<li> sende egnet materiell, arbeidskraft og utstyr<\/li>\n<\/ul>\n<p><strong>Stevens internasjonale relokaliseringskoordinatorer<\/strong><\/p>\n<ul>\n<li> Har erfaring med internasjonal spedisjon og relokaliseringsbransjen.<\/li>\n<li> ha flerspr\u00e5klige ferdigheter<\/li>\n<li> Er kjent med tollbestemmelser og annen viktig informasjon og kan bist\u00e5 med h\u00e5ndtering og behandling av dokumenter.<\/li>\n<li> Tilby kontroll med \u00e9n tjeneste<\/li>\n<li> Gi r\u00e5dgivning f\u00f8r flytting og l\u00f8pende r\u00e5dgivning<\/li>\n<li> Kan bist\u00e5 med informasjon om destinasjonsland og toll<\/li>\n<li> S\u00f8rge for kontinuerlig kommunikasjon og tjenesteoverv\u00e5king<\/li>\n<li> F\u00f8lg klart definerte prosedyrer for klargj\u00f8ring og h\u00e5ndtering<\/li>\n<li> Bruke omfattende, rask og rettferdig praksis for erstatningsoppgj\u00f8r.<\/li>\n<\/ul>\n<p><strong>Flytting av husholdning<\/strong><\/p>\n<ul>\n<li> Lokal flytting<\/li>\n<li> Flytting ut av staten<\/li>\n<li> Langdistanseflytting<\/li>\n<li> Flytting mellom stater<\/li>\n<li> Flytting p\u00e5 tvers av landegrenser<\/li>\n<li> Program for sm\u00e5 flyttinger<\/li>\n<li> Pakking og utpakking<\/li>\n<li> Medf\u00f8lgende esker og pakkemateriell<\/li>\n<li> Kort- og langtidslagring tilgjengelig<\/li>\n<\/ul>\n<p><strong>Bedriftsflytting<\/strong><\/p>\n<ul>\n<li> Full service tilgjengelig<\/li>\n<li> Dedikert omplasseringskonsulent<\/li>\n<li> Flytting av datasystemer<\/li>\n<li> Prosjektledelse<\/li>\n<li> Kontor- og industriflytting<\/li>\n<li> Forvaltning\/lagring av eiendeler<\/li>\n<li> Nasjonal flytteadministrasjon<\/li>\n<li> MAC-tjenester<\/li>\n<li> Arkivforvaltning<\/li>\n<li> Flytting av utstyr<\/li>\n<li> Flytting av filer<\/li>\n<li> Flytting av laboratorier<\/li>\n<\/ul>\n<p><strong>Flytting av myndigheter og milit\u00e6re<\/strong><\/p>\n<p><strong>Presteskapet i bevegelse<\/strong><\/p>\n<h2>Stevens Worldwide Van Lines selskapsprofil<\/h2>\n<p>Frederick H. Stevens Jr. startet Stevens Worldwide Van Lines i 1905. Han brukte en hest og et vogntog til \u00e5 frakte bagasje fra <a href=\"https:\/\/moverdb.com\/nb\/moving-to-the-united-states\/moving-to-michigan\/\" data-internallinksmanager029f6b8e52c=\"414\" title=\"Flytter du til Michigan? 2023 Levekostnader og flyttetips\">Michigan<\/a> Central Passenger Depot i Saginaw. I dag har Stevens 125 agenter rundt om i verden. <a href=\"https:\/\/moverdb.com\/nb\/moving-to-the-united-states\/\" data-internallinksmanager029f6b8e52c=\"94\" title=\"Flytte til USA? 2023 Levekostnader og flyttetips\">De forente stater<\/a> og en omfattende internasjonal divisjon. Selskapet har fjerde og femte generasjon Stevens i ledende stillinger.<\/p>\n<p>Stevens Worldwide Van Lines flytter husholdninger, bedrifter, offentlig og milit\u00e6rt personell og geistlige i USA og rundt om i verden. Selskapet har iverksatt mange gr\u00f8nne initiativer for \u00e5 redusere sitt karbonavtrykk. Det st\u00f8tter ogs\u00e5 ulike veldedige organisasjoner b\u00e5de internasjonalt og lokalt.<\/p>\n<p>Stevens Worldwide Van Lines har f\u00f8lgende akkrediteringer og tilknytninger:<\/p>\n<ul>\n<li> ISO 9001<\/li>\n<li> <a href=\"https:\/\/moverdb.com\/nb\/fidi-faim\/\">FIDI<\/a><\/li>\n<li> <a href=\"https:\/\/moverdb.com\/nb\/fidi-faim\/\" data-internallinksmanager029f6b8e52c=\"16\" title=\"FIDI &amp; FAIM (FIDI-akkreditert internasjonal spedit\u00f8r) forklart\">FAIM<\/a><\/li>\n<li> <a href=\"https:\/\/moverdb.com\/nb\/iam\/\">International Association of Movers<\/a> (<a href=\"https:\/\/moverdb.com\/nb\/iam\/\" data-internallinksmanager029f6b8e52c=\"23\" title=\"International Association of Movers (IAM) Forklaret\">IAM<\/a>)<\/li>\n<li> <a href=\"https:\/\/moverdb.com\/nb\/lacma\/\">Latin-American and Caribbean International Movers Association<\/a> (<a href=\"https:\/\/moverdb.com\/nb\/lacma\/\" data-internallinksmanager029f6b8e52c=\"28\" title=\"Latinamerikanske og karibiske internasjonale flyttebyr\u00e5ers forening (LACMA)\">LACMA<\/a>)<\/li>\n<li> <a href=\"https:\/\/moverdb.com\/nb\/amsa\/\">American Moving and Storage Association<\/a> (<a href=\"https:\/\/moverdb.com\/nb\/amsa\/\" data-internallinksmanager029f6b8e52c=\"5\" title=\"American Moving &amp; Storage Association (AMSA) forklart\">AMSA<\/a>) - <a href=\"https:\/\/moverdb.com\/nb\/felgpromover\/\">ProMover<\/a><\/li>\n<li> BBB A+ BBB A+ BBB A+ BBB A+ BBB A+ BBB A+ BBB A<\/li>\n<\/ul>\n<h2>Stevens Worldwide Van Lines anmeldelser<\/h2>\n<p><strong>Positivt:<\/strong><\/p>\n<ul>\n<li> <em>\"Fra start til slutt var v\u00e5r flytteopplevelse med Stevens enest\u00e5ende!\"<\/em> - Martin via <a href=\"http:\/\/stevensworldwide.com\/testimonials\" target=\"_blank\" rel=\"noopener\">Kundeuttalelser fra Stevens<\/a><\/li>\n<li> \"<em>V\u00e5r erfaring med Stevens Worldwide var f\u00f8rsteklasses fra begynnelse til slutt.\" <\/em> - Michael via <a href=\"http:\/\/www.yelp.com\/biz\/stevens-worldwide-van-lines-saginaw-4?hrid=IQoARxOFSez8PQ9c5gUSmQ&#038;utm_campaign=www_review_share_popup&#038;utm_medium=copy_link&#038;utm_source=(direct)\" target=\"_blank\" rel=\"noopener\">Yelp<\/a><\/li>\n<li> \"<em>Erfaringene overgikk forventningene. Veldig viktig, salgstilbudet var helt i tr\u00e5d med den faktiske prisen. For det andre ble vi overveldet av pakkingen. Flyttebyr\u00e5et ba oss om \u00e5 fortelle dem om v\u00e5re behov dagen f\u00f8r, og de skaffet arbeidskraft til \u00e5 f\u00e5 alt gjort. \"<\/em> - Bill Counts via <a href=\"http:\/\/www.mymovingreviews.com\/movers\/stevens-van-lines-825#49902\" target=\"_blank\" rel=\"noopener\">MyMovingReviews.com<\/a><\/li>\n<li> \"<em>Veldig vennlig personale.\"<\/em> - En Google-bruker via <a href=\"http:\/\/reviews.birdeye.com\/stevens-worldwide-van-lines-951509696\" target=\"_blank\" rel=\"noopener\">BirdEye<\/a> <\/li>\n<\/ul>\n<p><strong>Nei:<\/strong><\/p>\n<ul>\n<li> <em>\"\u00c9n stjerne er til og med for mye for dem.\"<\/em> - Michael M via <a href=\"http:\/\/www.yelp.com\/biz\/stevens-worldwide-van-lines-saginaw-4?hrid=7erY_4bReACOHR_0idQdUQ&#038;utm_campaign=www_review_share_popup&#038;utm_medium=copy_link&#038;utm_source=(direct)\" target=\"_blank\" rel=\"noopener\">Yelp<\/a><\/li>\n<li> <em>\"Amat\u00f8rsj\u00e5f\u00f8r med 3 ubrukelige hjelpere brukte 14 timer p\u00e5 \u00e5 laste et hus med 2 soverom og kjeller.\"<\/em> - Steve via <a href=\"http:\/\/www.mymovingreviews.com\/movers\/stevens-van-lines-825#55538\" target=\"_blank\" rel=\"noopener\">MyMovingReviews.com<\/a> <\/li>\n<li> \"<em>Vi kunne ikke ha hatt en mer ubehagelig opplevelse.\"<\/em> - Brian Gibson via <a href=\"http:\/\/reviews.birdeye.com\/stevens-worldwide-van-lines-951509696\" target=\"_blank\" rel=\"noopener\">BirdEye<\/a> <\/li>\n<\/ul>\n<div itemprop=\"review\" itemscope itemtype=\"http:\/\/schema.org\/Review\">\n<span itemprop=\"author\" itemscope=\"\" itemtype=\"http:\/\/schema.org\/Organization\"><span itemprop=\"name\">MoverDB.com<\/span><\/span> Nettstedsgjennomgang for <span itemprop=\"itemreviewed\" itemscope=\"\" itemtype=\"http:\/\/schema.org\/Brand\"><span itemprop=\"name\">Stevens Worldwide Van Lines<\/span><\/span>:<\/p>\n<ol>\n<li> Tydelige kontaktopplysninger p\u00e5 nettstedet (inkludert telefonnummer): <strong>Ja<\/strong><\/li>\n<li> Lett \u00e5 f\u00e5 tak i <a href=\"https:\/\/moverdb.com\/nb\/sitater\/\">internasjonale flyttetilbud<\/a>? (skjema for foresp\u00f8rsel om prisoverslag p\u00e5 nett): <strong>Ja<\/strong><\/li>\n<li> Tydelig informasjon p\u00e5 nettstedet: <strong>Ja,<\/strong> god informasjon om hva du b\u00f8r gj\u00f8re f\u00f8r du flytter.<\/li>\n<li> Medlemskap i internasjonalt anerkjente flytteorganisasjoner: <strong>Ja<\/strong>, mange se ovenfor<\/li>\n<li> Liste over kunder og\/eller tidligere kundeuttalelser. <strong>Ja,<\/strong> Det er mange positive kundeanmeldelser og attester p\u00e5 nettstedet.<\/li>\n<\/ol>\n<div itemprop=\"reviewRating\" itemscope itemtype=\"http:\/\/schema.org\/Rating\"><meta itemprop=\"worstRating\" content = \"0\" \/><meta itemprop=\"bestRating\" content=\"5\" \/><meta itemprop=\"ratingValue\" content=\"4.5\"><\/div>\n<p><strong>Samlet poengsum: 4.5\/5<\/strong><br \/>\n<strong>Dato for gjennomgang:<\/strong> <span itemprop=\"datePublished\" content=\"2016-08-21\">21\/08\/2016<\/span>\n<\/div>\n<p>Les mer om <a href=\"https:\/\/moverdb.com\/nb\/flyttefirmaer\/\">internasjonale flyttebyr\u00e5er<\/a>, <a href=\"https:\/\/moverdb.com\/nb\/us-canada-movers\/\">Amerikanske flyttebyr\u00e5er<\/a> og v\u00e5r <a href=\"https:\/\/moverdb.com\/nb\/vurderinger\/\">gjennomgangsprosessen forklart<\/a>.<\/p>\n<p><strong>Nettsted:<\/strong> <a href=\"http:\/\/stevensworldwide.com\/\" target=\"_blank\" rel=\"noopener\">http:\/\/stevensworldwide.com<\/a><\/p>","protected":false},"excerpt":{"rendered":"<p>Stevens Worldwide Van Lines is based in Saginaw MI. The company offers its customers a wide range of services which are listed below. There also follows a company profile and reviews. International Moving Personal household moving DOD international moving GSA international moving Corporate moving Freight forwarding Full door to door service Stevens International relocation specialists [&hellip;]<\/p>\n","protected":false},"author":1,"featured_media":0,"parent":0,"menu_order":0,"comment_status":"closed","ping_status":"closed","template":"","meta":{"_genesis_hide_title":false,"_genesis_hide_breadcrumbs":false,"_genesis_hide_singular_image":false,"_genesis_hide_footer_widgets":false,"_genesis_custom_body_class":"","_genesis_custom_post_class":"","_genesis_layout":"","footnotes":""},"class_list":{"0":"post-1057","1":"page","2":"type-page","3":"status-publish","5":"entry"},"_links":{"self":[{"href":"https:\/\/moverdb.com\/nb\/wp-json\/wp\/v2\/pages\/1057","targetHints":{"allow":["GET"]}}],"collection":[{"href":"https:\/\/moverdb.com\/nb\/wp-json\/wp\/v2\/pages"}],"about":[{"href":"https:\/\/moverdb.com\/nb\/wp-json\/wp\/v2\/types\/page"}],"author":[{"embeddable":true,"href":"https:\/\/moverdb.com\/nb\/wp-json\/wp\/v2\/users\/1"}],"replies":[{"embeddable":true,"href":"https:\/\/moverdb.com\/nb\/wp-json\/wp\/v2\/comments?post=1057"}],"version-history":[{"count":7,"href":"https:\/\/moverdb.com\/nb\/wp-json\/wp\/v2\/pages\/1057\/revisions"}],"predecessor-version":[{"id":6241,"href":"https:\/\/moverdb.com\/nb\/wp-json\/wp\/v2\/pages\/1057\/revisions\/6241"}],"wp:attachment":[{"href":"https:\/\/moverdb.com\/nb\/wp-json\/wp\/v2\/media?parent=1057"}],"curies":[{"name":"wp","href":"https:\/\/api.w.org\/{rel}","templated":true}]}}