{"id":1042,"date":"2016-10-24T05:23:18","date_gmt":"2016-10-24T05:23:18","guid":{"rendered":"http:\/\/moverdb.com\/?page_id=1042"},"modified":"2026-01-08T14:48:06","modified_gmt":"2026-01-08T14:48:06","slug":"covan-verdensomspennende","status":"publish","type":"page","link":"https:\/\/moverdb.com\/nb\/covan-world-wide\/","title":{"rendered":"Covan verdensomspennende flytting: Internasjonale flytteanmeldelser"},"content":{"rendered":"<p>Covan Worldwide Moving tilbyr sine kunder et bredt spekter av tjenester. Disse er oppf\u00f8rt nedenfor, sammen med en selskapsprofil og anmeldelser.<\/p>\n<p><strong>Internasjonale flyttere<\/strong><\/p>\n<ul>\n<li> Gratis estimat i hjemmet<\/li>\n<li> Full-service pakking ELLER kun skj\u00f8r pakking<\/li>\n<li> Tilpassede kasser<\/li>\n<li> <a href=\"https:\/\/moverdb.com\/nb\/bil-transport-frakt\/\">Frakt av kj\u00f8ret\u00f8y<\/a> (som en del av en husholdningsflytting og\/eller uavhengig av en flytting)<\/li>\n<li> Piano Shipping (som en del av en flytting og\/eller uavhengig av en flytting)<\/li>\n<li> Gratis strekkinnpakning av m\u00f8bler; d\u00f8r\u00e5pning og gulvbeskyttelse<\/li>\n<li> Frakt med fly<\/li>\n<li> Tollklarering<\/li>\n<li> Destinasjonstjenester (demontering\/montering osv.)<\/li>\n<li> Online sporing av forsendelser<\/li>\n<li> Verdsettelse av forsikringsalternativer<\/li>\n<li> Langtids- eller korttidslagringstjenester<\/li>\n<\/ul>\n<p><strong>Bedriftsflytting<\/strong><\/p>\n<ul>\n<li> Gratis estimater i hjemmet<\/li>\n<li> Sp\u00f8rreunders\u00f8kelse f\u00f8r flytting<\/li>\n<li> Kontakt \u00e9n enkelt kilde<\/li>\n<li> Full service pakking ELLER bare delvis pakking<\/li>\n<li> Tilpassede kasser<\/li>\n<li> Utpakking\/utpakking<\/li>\n<li> Demontering\/montering av apparater - bestefarsklokker, treningsutstyr osv.<\/li>\n<li> Piano flytting (Merk: Dette kan ogs\u00e5 utf\u00f8res uavhengig av en husholdningsflytting)<\/li>\n<li> Flytting av kj\u00f8ret\u00f8y (Merk: Dette kan ogs\u00e5 utf\u00f8res uavhengig av en husholdningsflytting)<\/li>\n<li> Alternativer for langtids- eller korttidslagring<\/li>\n<li> Online sporing av forsendelser<\/li>\n<li> Flyttestyring<\/li>\n<li> Verdsettelse av forsikringsalternativer<\/li>\n<li> Hjelp til fortolling ved flytting til utlandet<\/li>\n<li> Destinasjonstjenester<\/li>\n<\/ul>\n<p><strong>Regjeringen og milit\u00e6ret<\/strong><\/p>\n<ul>\n<li> Gratis estimat i hjemmet<\/li>\n<li> Pakking med full service<\/li>\n<li> Salg av emballasjemateriell<\/li>\n<li> <a href=\"https:\/\/moverdb.com\/nb\/car-transport-shipping\/\" data-internallinksmanager029f6b8e52c=\"2\" title=\"2026 Internasjonal biltransport og tilbud p\u00e5 frakt av kj\u00f8ret\u00f8y\">Frakt av kj\u00f8ret\u00f8y<\/a><\/li>\n<li> Piano Shipping<\/li>\n<li> Langtids- eller korttidslagringstjenester<\/li>\n<li> Tredjepartstjenester (vi utf\u00f8rer alle typer montering \/ demontering - oppvaskmaskin, kj\u00f8leskap, lys, TV, stereoanlegg, malerier, senger, skap osv.)<\/li>\n<li> Online sporing av forsendelser over lange avstander<\/li>\n<li> Verdsettelse av forsikringsalternativer<\/li>\n<\/ul>\n<p><strong>Kommersielle flyttebyr\u00e5er<\/strong><\/p>\n<ul>\n<li> Industriell flytting<\/li>\n<li> Flytting av kontor<\/li>\n<li> Regjeringen i bevegelse<\/li>\n<li> Datamaskin\/elektronikk i bevegelse<\/li>\n<li> Bedriftsflytting - full service<\/li>\n<\/ul>\n<p><strong>Flytting innenlands<\/strong><\/p>\n<ul>\n<li> Tilbud og plan f\u00f8r flytting<\/li>\n<li> Pakking - full service, skj\u00f8re gjenstander eller selvpakking<\/li>\n<li> Lossing, utpakking og ordning av eiendeler<\/li>\n<li> Flytt en hvilken som helst gjenstand - piano, bil, b\u00e5t og mer<\/li>\n<\/ul>\n<h2>Covan Worldwide Moving Company Profil<\/h2>\n<p>Covan Worldwide Moving startet i 1914 i Hutchinson, KS under navnet Merchants Transfer and Storage. J.M. Coleman, grunnleggeren av selskapet, begynte med fire trekkvogner og \u00e5tte hester. I dag er det 50 kontorer og over 400 agenter over hele verden. <\/p>\n<p>Covan har over 200 driftsenheter mellom stater og 600 for lokale flyttinger. Selskapets m\u00e5l er \u00e5 v\u00e6re ledende innen internasjonale transporttjenester og \u00e5 oppn\u00e5 100% kundetilfredshet.<\/p>\n<p>Covan World-Wide Moving har f\u00f8lgende tilknytninger og akkrediteringer:<\/p>\n<ul>\n<li> <a href=\"https:\/\/moverdb.com\/nb\/amsa\/\">American Moving and Storage Association<\/a> (<a href=\"https:\/\/moverdb.com\/nb\/amsa\/\" data-internallinksmanager029f6b8e52c=\"5\" title=\"American Moving &amp; Storage Association (AMSA) forklart\">AMSA<\/a>)<\/li>\n<li> <a href=\"https:\/\/moverdb.com\/nb\/felgpromover\/\">ProMover<\/a><\/li>\n<li> <a href=\"https:\/\/moverdb.com\/nb\/iam\/\">International Association of Movers<\/a> (<a href=\"https:\/\/moverdb.com\/nb\/iam\/\" data-internallinksmanager029f6b8e52c=\"23\" title=\"International Association of Movers (IAM) Forklaret\">IAM<\/a>)<\/li>\n<li> <a href=\"https:\/\/moverdb.com\/nb\/felgpromover\/\">Registrert internasjonal flytter<\/a> (<a href=\"https:\/\/moverdb.com\/nb\/rim-promover\/\" data-internallinksmanager029f6b8e52c=\"76\" title=\"RIM International ProMover-sertifisering forklart\">RIM<\/a>)<\/li>\n<li> BBB Akkreditert<\/li>\n<\/ul>\n<p><strong>Covan verdensomspennende flytteanmeldelser<\/strong><\/p>\n<p><strong>Positivt:<\/strong><\/p>\n<ul>\n<li> <em>\"Vi fikk Covan til \u00e5 pakke varene v\u00e5re i Norfolk VA for \u00e5 bli sendt over hele verden til Guam. Jeg hadde h\u00f8rt skrekkhistorier om \u00e5 f\u00e5 flyttefolk til \u00e5 pakke gjenstander og f\u00e5 gjenstandene til \u00e5 komme \u00f8delagte og \/ eller savnet. Alle varene v\u00e5re ble gjort rede for og var i god stand, INGENTING var \u00f8delagt eller deformert p\u00e5 noen m\u00e5te!!!\"<\/em> - David S <a href=\"http:\/\/www.covan.com\/moving-reviews\/alabama-2519665061024629999\/\" target=\"_blank\" rel=\"noopener\">kundeuttalelse<\/a><\/li>\n<li> <em>\"Jeg kan ikke tro at jeg f\u00f8rst kommer til dette n\u00e5, men jeg ville bare dele noen positive bemerkninger om <a href=\"https:\/\/moverdb.com\/nb\/moving-companies\/\" data-internallinksmanager029f6b8e52c=\"79\" title=\"Topp 25 internasjonale flyttebyr\u00e5er p\u00e5 nettet\">flyttefirma<\/a> Covan Worldwide Moving. De var veldig respektfulle og gjorde pakkeprosessen smidig, og til og med morsom!\"<\/em> - Emily S via <a href=\"https:\/\/www.yelp.com\/biz\/covan-world-wide-moving-kapolei?hrid=ehsMVfnz3q1xKBP5KHJCxg&#038;utm_campaign=www_review_share_popup&#038;utm_medium=copy_link&#038;utm_source=(direct)\" target=\"_blank\" rel=\"noopener\">Yelp<\/a><\/li>\n<\/ul>\n<p><strong>Nei:<\/strong><\/p>\n<ul>\n<li> <em>\"Hvis det var mulig \u00e5 ikke gi noen stjerner, ville jeg gjort det. Jeg har aldri lagt igjen en d\u00e5rlig anmeldelse for noen fordi jeg ikke er en klager, men dette er uten tvil det verste PCS-trekket jeg noensinne har opplevd. Hvor skal jeg begynne?\"<\/em> - Lillian H. via <a href=\"https:\/\/www.yelp.com\/biz\/covan-world-wide-moving-kapolei?hrid=rRlVAPr2uu0AYHtD7q-oBw&#038;utm_campaign=www_review_share_popup&#038;utm_medium=copy_link&#038;utm_source=(direct)\" target=\"_blank\" rel=\"noopener\">Yelp<\/a>.\n<\/ul>\n<div itemprop=\"review\" itemscope itemtype=\"http:\/\/schema.org\/Review\">\n<span itemprop=\"author\" itemscope=\"\" itemtype=\"http:\/\/schema.org\/Organization\"><span itemprop=\"name\">MoverDB.com<\/span><\/span> Nettstedsgjennomgang for <span itemprop=\"itemreviewed\" itemscope=\"\" itemtype=\"http:\/\/schema.org\/Brand\"><span itemprop=\"name\">Covan Worldwide Moving<\/span><\/span>:<\/p>\n<ol>\n<li> Tydelige kontaktopplysninger p\u00e5 nettstedet (inkludert telefonnummer): <strong>Ja<\/strong><\/li>\n<li> Lett \u00e5 f\u00e5 tak i <a href=\"https:\/\/moverdb.com\/nb\/sitater\/\">internasjonale flyttetilbud<\/a>? (skjema for foresp\u00f8rsel om prisoverslag p\u00e5 nett): <strong>Ja<\/strong><\/li>\n<li> Tydelig informasjon p\u00e5 nettstedet: <strong>Ja<\/strong>Nettstedet gir kundene et godt inntrykk av hva de kan forvente av selskapet.<\/li>\n<li> Medlemskap i internasjonalt anerkjente flytteorganisasjoner: <strong>Ja<\/strong>, se ovenfor<\/li>\n<li> Liste over kunder og\/eller tidligere kundeuttalelser: <strong>Ja<\/strong>Det er mange positive kundeuttalelser p\u00e5 nettstedet, men anmeldelsene p\u00e5 resten av nettet virker for det meste negative.<\/li>\n<\/ol>\n<div itemprop=\"reviewRating\" itemscope itemtype=\"http:\/\/schema.org\/Rating\"><meta itemprop=\"worstRating\" content = \"0\" \/><meta itemprop=\"bestRating\" content=\"5\" \/><meta itemprop=\"ratingValue\" content=\"4\"><\/div>\n<p><strong>Samlet poengsum: 4\/5<\/strong><br \/>\n<strong>Dato for gjennomgang:<\/strong> <span itemprop=\"datePublished\" content=\"2016-10-24\">24\/10\/2016<\/span>\n<\/div>\n<p>Les mer om <a href=\"https:\/\/moverdb.com\/nb\/flyttefirmaer\/\">internasjonale flyttebyr\u00e5er<\/a>, <a href=\"https:\/\/moverdb.com\/nb\/us-canada-movers\/\">Amerikanske flyttebyr\u00e5er<\/a> og v\u00e5r <a href=\"https:\/\/moverdb.com\/nb\/vurderinger\/\">gjennomgangsprosessen<\/a>.<\/p>\n<p><strong>Nettsted:<\/strong> <a href=\"http:\/\/www.covan.com\" target=\"_blank\" rel=\"noopener\">http:\/\/www.covan.com<\/a><\/p>","protected":false},"excerpt":{"rendered":"<p>Covan Worldwide Moving offers its clients a wide range of services. These are listed below, together with a company profile and reviews. International Movers Free In-Home Estimate Full-Service Packing OR Fragile-Only Packing Custom Crating Vehicle Shipping (as part of a household move and\/or independently of one) Piano Shipping (as part of a household move and\/or [&hellip;]<\/p>\n","protected":false},"author":1,"featured_media":0,"parent":0,"menu_order":0,"comment_status":"closed","ping_status":"closed","template":"","meta":{"_genesis_hide_title":false,"_genesis_hide_breadcrumbs":false,"_genesis_hide_singular_image":false,"_genesis_hide_footer_widgets":false,"_genesis_custom_body_class":"","_genesis_custom_post_class":"","_genesis_layout":"","footnotes":""},"class_list":{"0":"post-1042","1":"page","2":"type-page","3":"status-publish","5":"entry"},"_links":{"self":[{"href":"https:\/\/moverdb.com\/nb\/wp-json\/wp\/v2\/pages\/1042","targetHints":{"allow":["GET"]}}],"collection":[{"href":"https:\/\/moverdb.com\/nb\/wp-json\/wp\/v2\/pages"}],"about":[{"href":"https:\/\/moverdb.com\/nb\/wp-json\/wp\/v2\/types\/page"}],"author":[{"embeddable":true,"href":"https:\/\/moverdb.com\/nb\/wp-json\/wp\/v2\/users\/1"}],"replies":[{"embeddable":true,"href":"https:\/\/moverdb.com\/nb\/wp-json\/wp\/v2\/comments?post=1042"}],"version-history":[{"count":5,"href":"https:\/\/moverdb.com\/nb\/wp-json\/wp\/v2\/pages\/1042\/revisions"}],"predecessor-version":[{"id":6197,"href":"https:\/\/moverdb.com\/nb\/wp-json\/wp\/v2\/pages\/1042\/revisions\/6197"}],"wp:attachment":[{"href":"https:\/\/moverdb.com\/nb\/wp-json\/wp\/v2\/media?parent=1042"}],"curies":[{"name":"wp","href":"https:\/\/api.w.org\/{rel}","templated":true}]}}