{"id":1041,"date":"2016-10-25T05:39:31","date_gmt":"2016-10-25T05:39:31","guid":{"rendered":"http:\/\/moverdb.com\/?page_id=1041"},"modified":"2026-01-08T14:47:33","modified_gmt":"2026-01-08T14:47:33","slug":"armstrong-relocation","status":"publish","type":"page","link":"https:\/\/moverdb.com\/nb\/armstrong-relocation\/","title":{"rendered":"Armstrong Relocation: Internasjonale flytteanmeldelser"},"content":{"rendered":"<p>Armstrong Relocation har en overflod av flyttetjenester som de tilbyr sine kunder. Disse er oppf\u00f8rt nedenfor sammen med en selskapsprofil og anmeldelser.<\/p>\n<p><strong>Internasjonale flyttetjenester<\/strong><\/p>\n<ul>\n<li> Planlegging f\u00f8r flytting<\/li>\n<li> Personlig flytteadministrasjon og skreddersydd flytteplanlegging<\/li>\n<li> Gratis flytteforberedelsespakke<\/li>\n<li> Full eller delvis pakking\/utpakking<\/li>\n<li> Kasser og spesialemballasje<\/li>\n<li> Beskyttelse av eiendom<\/li>\n<li> Luft-, sj\u00f8- og\/eller landtransport<\/li>\n<li> Eksport- eller importdokumentasjon<\/li>\n<li> <a href=\"https:\/\/moverdb.com\/nb\/speditor\/\">Spedisjon<\/a><\/li>\n<li> Tollklarering<\/li>\n<li> Destinasjonstjenester<\/li>\n<li> Sporing av flytting p\u00e5 nettet<\/li>\n<li> Verdsettelsesdekning<\/li>\n<li> H\u00e5ndtering av krav<\/li>\n<li> Korttids- og langtidslagring<\/li>\n<li> Fjerning av rusk<\/li>\n<\/ul>\n<p><strong>Internasjonale destinasjonstjenester<\/strong><\/p>\n<ul>\n<li> Orientering<\/li>\n<li> Konsultasjon f\u00f8r beslutning<\/li>\n<li> Sosial sikkerhet og f\u00f8rerkortassistanse<\/li>\n<li> Bistand til inng\u00e5else av leieavtaler<\/li>\n<li> Bistand til innflyttingsinspeksjon<\/li>\n<li> Forh\u00e5ndsvisning av program\/tilvenningsturn\u00e9<\/li>\n<li> Hjelp til kj\u00f8p av bolig<\/li>\n<li> Full service for \u00e5 finne bolig<\/li>\n<li> Ledsaget leie av turer<\/li>\n<li> Levekostnadsanalyse (COLA)<\/li>\n<li> Bistand til skoler<\/li>\n<li> Bistand til bosetting<\/li>\n<li> Avgangstjenester<\/li>\n<\/ul>\n<p><strong>Bedriftsbevegelser<\/strong><\/p>\n<ul>\n<li> Politikkr\u00e5dgivning og -utvikling<\/li>\n<li> H\u00e5ndtering av flytting av husholdningsvarer<\/li>\n<li> Gruppe i bevegelse<\/li>\n<li> Engangsbel\u00f8p<\/li>\n<li> Flytting av husholdningsvarer<\/li>\n<li> <a href=\"https:\/\/moverdb.com\/nb\/containertransport\/\">Containerfrakt med full service<\/a><\/li>\n<li> Tilpasset rapportering<\/li>\n<li> Sporing av flytting p\u00e5 nettet<\/li>\n<li> Verdsettelsesdekning<\/li>\n<li> H\u00e5ndtering av krav<\/li>\n<li> Korttids- og langtidslagring<\/li>\n<li> Kasser og spesialemballasje<\/li>\n<li> Conciergetjenester p\u00e5 lederniv\u00e5<\/li>\n<li> Rydding, iscenesettelse og organisering<\/li>\n<li> Tilkoblingstjenester for forsyningstjenester<\/li>\n<li> Valg av eiendomsmegler og markedsf\u00f8ringsplan for boligen<\/li>\n<li> Cash-back-refusjon ved salg og kj\u00f8p av bolig<\/li>\n<li> Gratis informasjonspakke om destinasjonen<\/li>\n<li> Midlertidig opphold<\/li>\n<li> St\u00f8tte til boligl\u00e5n<\/li>\n<\/ul>\n<p><strong>Flytting av boliger<\/strong><\/p>\n<ul>\n<li> Gratis estimat<\/li>\n<li> Flyttestyring og planlegging<\/li>\n<li> Dedikert flyttekoordinator<\/li>\n<li> Full eller delvis pakking\/utpakking<\/li>\n<li> Beskyttelse av eiendom<\/li>\n<li> Emballasjematerialer<\/li>\n<li> Flytting av husholdningsvarer<\/li>\n<li> Forsikringsdekning<\/li>\n<li> Lagring p\u00e5 kort\/lang sikt<\/li>\n<li> Kassetjenester<\/li>\n<li> Mulighet for full service ved flytting<\/li>\n<li> Tjeneste for tilkobling av verkt\u00f8y<\/li>\n<li> Planer for salg\/kj\u00f8p av fast eiendom med kontant tilbakebetaling<\/li>\n<li> Iscenesettelse og organisering<\/li>\n<\/ul>\n<p><strong>Flytting av anlegg<\/strong><\/p>\n<ul>\n<li> Kontor<\/li>\n<li> Industriell<\/li>\n<li> Helse- og omsorgstjenester<\/li>\n<li> Regjeringen<\/li>\n<\/ul>\n<h2>Armstrong Relocation Company Profile<\/h2>\n<p>Armstrong Transfer and Storage ble grunnlagt i 1922 og ble i 1957 kj\u00f8pt opp av svogerne Clyde Springer og Jim Watson, som startet virksomheten i Memphis, <a href=\"https:\/\/moverdb.com\/nb\/moving-to-the-united-states\/moving-to-tennessee\/\" data-internallinksmanager029f6b8e52c=\"406\" title=\"Flytter du til Tennessee? 2023 Levekostnader og flyttetips\">Tennessee<\/a> og kalte selskapet Armstrong Relocation. I dag er det fortsatt familiedrevet av tredje generasjon av disse to herrene. <\/p>\n<p>Armstrong Relocation er i dag den st\u00f8rste vareagenten for <a href=\"https:\/\/moverdb.com\/nb\/united-van-lines\/\">United Van Lines<\/a> og har 22 kontorer i <a href=\"https:\/\/moverdb.com\/nb\/moving-to-the-united-states\/\" data-internallinksmanager029f6b8e52c=\"94\" title=\"Flytte til USA? 2023 Levekostnader og flyttetips\">USA<\/a>i tillegg til en kjede av agenter over hele verden for \u00e5 h\u00e5ndtere sine internasjonale kunder. Armstrong Relocation har som m\u00e5l \u00e5 levere fremragende kvalitet og oppn\u00e5 kundetilfredshet.<\/p>\n<p>Armstrong Relocation har f\u00f8lgende tilknytninger og akkrediteringer:<\/p>\n<ul>\n<li> <a href=\"https:\/\/moverdb.com\/nb\/british-association-of-removers\/\">British Association of Removers<\/a> (<a href=\"https:\/\/moverdb.com\/nb\/british-association-of-removers\/\" data-internallinksmanager029f6b8e52c=\"9\" title=\"British Association of Removers (BAR) Forklart (p\u00e5 engelsk)\">BAR<\/a>)<\/li>\n<li> <a href=\"https:\/\/moverdb.com\/nb\/fidi-faim\/\">Federation of International Moving Companies<\/a> (<a href=\"https:\/\/moverdb.com\/nb\/fidi-faim\/\" data-internallinksmanager029f6b8e52c=\"16\" title=\"FIDI &amp; FAIM (FIDI-akkreditert internasjonal spedit\u00f8r) forklart\">FIDI<\/a>)<\/li>\n<li> Forum for ledelse av utstasjonerte<\/li>\n<li> Indirekte luftfartsselskap<\/li>\n<li> <a href=\"https:\/\/moverdb.com\/nb\/iata\/\">Den internasjonale lufttransportforeningen<\/a> (<a href=\"https:\/\/moverdb.com\/nb\/iata\/\" data-internallinksmanager029f6b8e52c=\"22\" title=\"Den internasjonale lufttransportorganisasjonen (IATA) Forklart\">IATA<\/a>)<\/li>\n<li> <a href=\"https:\/\/moverdb.com\/nb\/iam\/\">International Association of Movers<\/a> (<a href=\"https:\/\/moverdb.com\/nb\/iam\/\" data-internallinksmanager029f6b8e52c=\"23\" title=\"International Association of Movers (IAM) Forklaret\">IAM<\/a>)<\/li>\n<li> International Facility Management Association<\/li>\n<li> Den internasjonale standardiseringsorganisasjonen<\/li>\n<li> <a href=\"https:\/\/moverdb.com\/nb\/lacma\/\">Latin America &amp; Caribbean International Movers Association<\/a> (<a href=\"https:\/\/moverdb.com\/nb\/lacma\/\" data-internallinksmanager029f6b8e52c=\"28\" title=\"Latinamerikanske og karibiske internasjonale flyttebyr\u00e5ers forening (LACMA)\">LACMA<\/a>)<\/li>\n<li> Overseas Moving Network International (OMNI)<\/li>\n<li> Overseas Shippers Association (OSA) - Grunnlegger av organisasjonen<\/li>\n<li> Society for Human Resource Management<\/li>\n<li> USAs toll- og grensemyndigheter<\/li>\n<li> <a href=\"https:\/\/moverdb.com\/nb\/arbeidstaker-flytting-rad\/\">R\u00e5det for omplassering av ansatte p\u00e5 verdensbasis<\/a><\/li>\n<li> Smartway<\/li>\n<li> <a href=\"https:\/\/moverdb.com\/nb\/united-van-lines\/\">United Van Lines<\/a><\/li>\n<\/ul>\n<h2>Armstrong Relocation Reviews<\/h2>\n<p><strong>Positivt:<\/strong><\/p>\n<ul>\n<li> <em>\"Armstrong-teamet gjorde virkelig flyttingen til en behagelig opplevelse!\"<\/em> Kay T via <a href=\"https:\/\/www.yelp.com\/biz\/armstrong-relocation-carrollton-4?hrid=LJyHKGw95UdYmBHHZwyr5Q&#038;utm_campaign=www_review_share_popup&#038;utm_medium=copy_link&#038;utm_source=(direct)\" target=\"_blank\" rel=\"noopener\">Yelp<\/a><\/li>\n<li> <em>\"Jeg kan ikke tro hvor lett flyttingen min gikk. Det var enkelt, og jeg stresset ikke. Erin s\u00f8rget for at jeg hadde all informasjonen jeg trengte til enhver tid og ringte for \u00e5 sjekke inn ofte. Hvis jeg noen gang kommer i en situasjon der jeg m\u00e5 flytte igjen, vil jeg helt sikkert bruke Armstrong Relation for \u00e5 komme meg dit!\"<\/em> - Bfunte via <a href=\"http:\/\/www.mymovingreviews.com\/movers\/armstrong-relocation-2671#50688\" target=\"_blank\" rel=\"noopener\">MyMovingReviews.com<\/a> <\/li>\n<li> <em>\"Armstrong-teamet v\u00e5rt var enest\u00e5ende! De ga enest\u00e5ende kundeservice og var vennlige, hjelpsomme, velorganiserte, effektive og profesjonelle. De var det beste flytteteamet vi noen gang har hatt!\"<\/em> - M.M-kundeuttalelse fra Armstrong-nettstedet<\/li>\n<\/ul>\n<p><strong>Nei:<\/strong><\/p>\n<ul>\n<li> \"<em>Jeg skulle \u00f8nske jeg kunne gi dem null stjerner. Det var den verste opplevelsen i mitt liv.\"<\/em> Natalie M via <a href=\"https:\/\/www.yelp.com\/biz\/armstrong-relocation-carrollton-4?hrid=caooXxcr-ZmkltnMtL6R_g&#038;utm_campaign=www_review_share_popup&#038;utm_medium=copy_link&#038;utm_source=(direct)\" target=\"_blank\" rel=\"noopener\">Yelp<\/a><\/li>\n<li> <em>\"Jeg tror at for en lokal flytting kan Armstrong v\u00e6re et rimelig valg. Men for lengre flyttinger m\u00e5 de gj\u00f8re en bedre jobb med \u00e5 estimere leveringsvinduet og kommunisere med agenten p\u00e5 leveringssiden.\"<\/em> - via <a href=\"http:\/\/www.bbb.org\/chicago\/business-reviews\/movers\/armstrong-relocation-co-in-glendale-hts-il-12008868\/customer-reviews\" target=\"_blank\" rel=\"noopener\">BBB<\/a><\/li>\n<li> <em>\"Jeg er s\u00e5 sint p\u00e5 dem. De pakket ut alle tingene mine som jeg hadde p\u00e5 loftet. Det er greit, for jeg vil ikke at det skal bli \u00f8delagt. Men alt var blandet sammen.\"<\/em> - Mistie via <a href=\"https:\/\/www.facebook.com\/ArmstrongRelocationDallas\/reviews\/\" target=\"_blank\" rel=\"noopener\">Facebook<\/a><\/li>\n<\/ul>\n<div itemprop=\"review\" itemscope itemtype=\"http:\/\/schema.org\/Review\">\n<span itemprop=\"author\" itemscope=\"\" itemtype=\"http:\/\/schema.org\/Organization\"><span itemprop=\"name\">MoverDB.com<\/span><\/span> Nettstedsgjennomgang for <span itemprop=\"itemreviewed\" itemscope=\"\" itemtype=\"http:\/\/schema.org\/Brand\"><span itemprop=\"name\">Armstrong Relocation<\/span><\/span>:<\/p>\n<ol>\n<li> Tydelige kontaktopplysninger p\u00e5 nettstedet (inkludert telefonnummer): <strong>Ja<\/strong><\/li>\n<li> Lett \u00e5 f\u00e5 tak i <a href=\"https:\/\/moverdb.com\/nb\/sitater\/\">internasjonale flyttetilbud<\/a>? (skjema for foresp\u00f8rsel om prisoverslag p\u00e5 nett): <strong>Ja<\/strong><\/li>\n<li> Tydelig informasjon p\u00e5 nettstedet: <strong>Ja<\/strong>Nettstedet gir kundene et godt inntrykk av hva de kan forvente av selskapet.<\/li>\n<li> Medlemskap i internasjonalt anerkjente flytteorganisasjoner: <strong>Ja<\/strong>, mange, se ovenfor<\/li>\n<li> Liste over kunder og\/eller tidligere kundeuttalelser: <strong>Ja<\/strong>men disse finnes spredt rundt p\u00e5 nettstedet og ikke p\u00e5 en egen landingsside. Dessuten er vurderingene fra nettet litt blandede.<\/li>\n<\/ol>\n<div itemprop=\"reviewRating\" itemscope itemtype=\"http:\/\/schema.org\/Rating\"><meta itemprop=\"worstRating\" content = \"0\" \/><meta itemprop=\"bestRating\" content=\"5\" \/><meta itemprop=\"ratingValue\" content=\"4\"><\/div>\n<p><strong>Samlet poengsum: 4\/5<\/strong><br \/>\n<strong>Dato for gjennomgang:<\/strong> <span itemprop=\"datePublished\" content=\"2016-10-25\">25\/10\/2016<\/span>\n<\/div>\n<p>Les mer om <a href=\"https:\/\/moverdb.com\/nb\/flyttefirmaer\/\">internasjonale flyttebyr\u00e5er<\/a>, <a href=\"https:\/\/moverdb.com\/nb\/us-canada-movers\/\">Langdistanseflytting og flytting mellom delstater<\/a> og v\u00e5r <a href=\"https:\/\/moverdb.com\/nb\/vurderinger\/\">gjennomgangsprosessen<\/a>.<\/p>\n<p><strong>Nettsted:<\/strong> <a href=\"http:\/\/www.armstrongrelocation.com\" target=\"_blank\" rel=\"noopener\">http:\/\/www.armstrongrelocation.com<\/a><\/p>","protected":false},"excerpt":{"rendered":"<p>Armstrong Relocation has an abundance of moving services which it offers its customers. These are listed below together with a company profile and reviews. International Moving Services Pre-move planning Personal move management and custom-designed move planning Free move preparation packet Full or partial packing\/unpacking Crating and specialty packing Property protection Air, ocean and\/or land transportation [&hellip;]<\/p>\n","protected":false},"author":1,"featured_media":0,"parent":0,"menu_order":0,"comment_status":"closed","ping_status":"closed","template":"","meta":{"_genesis_hide_title":false,"_genesis_hide_breadcrumbs":false,"_genesis_hide_singular_image":false,"_genesis_hide_footer_widgets":false,"_genesis_custom_body_class":"","_genesis_custom_post_class":"","_genesis_layout":"","footnotes":""},"class_list":{"0":"post-1041","1":"page","2":"type-page","3":"status-publish","5":"entry"},"_links":{"self":[{"href":"https:\/\/moverdb.com\/nb\/wp-json\/wp\/v2\/pages\/1041","targetHints":{"allow":["GET"]}}],"collection":[{"href":"https:\/\/moverdb.com\/nb\/wp-json\/wp\/v2\/pages"}],"about":[{"href":"https:\/\/moverdb.com\/nb\/wp-json\/wp\/v2\/types\/page"}],"author":[{"embeddable":true,"href":"https:\/\/moverdb.com\/nb\/wp-json\/wp\/v2\/users\/1"}],"replies":[{"embeddable":true,"href":"https:\/\/moverdb.com\/nb\/wp-json\/wp\/v2\/comments?post=1041"}],"version-history":[{"count":3,"href":"https:\/\/moverdb.com\/nb\/wp-json\/wp\/v2\/pages\/1041\/revisions"}],"predecessor-version":[{"id":6174,"href":"https:\/\/moverdb.com\/nb\/wp-json\/wp\/v2\/pages\/1041\/revisions\/6174"}],"wp:attachment":[{"href":"https:\/\/moverdb.com\/nb\/wp-json\/wp\/v2\/media?parent=1041"}],"curies":[{"name":"wp","href":"https:\/\/api.w.org\/{rel}","templated":true}]}}