{"id":1040,"date":"2016-11-21T22:14:01","date_gmt":"2016-11-21T22:14:01","guid":{"rendered":"http:\/\/moverdb.com\/?page_id=1040"},"modified":"2026-01-08T14:40:11","modified_gmt":"2026-01-08T14:40:11","slug":"mccollisters-moving","status":"publish","type":"page","link":"https:\/\/moverdb.com\/nb\/mccollisters-moving\/","title":{"rendered":"McCollisters transportgruppe: Internasjonale flytteanmeldelser"},"content":{"rendered":"<p>McCollister's Transportation Group er en agent for UniGroup. Selskapet tilbyr sine kunder mange flyttetjenester som er oppf\u00f8rt nedenfor, sammen med en selskapsprofil og anmeldelser.<\/p>\n<p><strong>Internasjonale bevegelser<\/strong><\/p>\n<ul>\n<li> Dedikert logistikkoordinator<\/li>\n<li> D\u00f8r-til-d\u00f8r-tjeneste<\/li>\n<li> Full service<\/li>\n<li> Flytur med varebil<\/li>\n<li> Luft- og sj\u00f8frakt<\/li>\n<li> Kort- og langtidslagring<\/li>\n<\/ul>\n<p><strong>Kommersielle flyttinger<\/strong><\/p>\n<ul>\n<li> Flytting av kontor\/anlegg<\/li>\n<li> Flytting av datasentre og IT-tjenester<\/li>\n<li> Operasjoner i det indre rom<\/li>\n<li> Systemm\u00f8bler<\/li>\n<li> Kommersiell lagring<\/li>\n<li> Kort- og langtidslagring<\/li>\n<\/ul>\n<p><strong>Flytting av husholdninger<\/strong><\/p>\n<ul>\n<li> Flytting av boliger<\/li>\n<li> Milit\u00e6re trekk<\/li>\n<li> Gj\u00f8r-det-selv-bevegelser<\/li>\n<li> UPASS for studenter<\/li>\n<li> Flytting av bedrifter<\/li>\n<li> Full service<\/li>\n<li> D\u00f8r-til-d\u00f8r<\/li>\n<li> Kort- og langtidslagring<\/li>\n<\/ul>\n<p><strong>Spesialtransport<\/strong><\/p>\n<ul>\n<li> Flytting av medisinsk utstyr<\/li>\n<li> Frysetransport\/kryogentransport<\/li>\n<li> Kunst og antikviteter<\/li>\n<li> Fagmesser<\/li>\n<li> Solenergiindustrien<\/li>\n<li> Hvit hanske\/polstret varebil<\/li>\n<li> Klimakontrollert<\/li>\n<li> Milit\u00e6r transport<\/li>\n<li> Biltransport<\/li>\n<li> Underholdning<\/li>\n<\/ul>\n<h2>Selskapsprofil for McCollister's Transportation Group<\/h2>\n<p>McCollister's Transportation Group ble grunnlagt i 1945 av H. Daniel McCollister. McCollister's er et privat selskap og er agent for UniGroup Inc, som omfatter f\u00f8lgende selskaper <a href=\"https:\/\/moverdb.com\/nb\/united-van-lines\/\">United Van Lines<\/a> og <a href=\"https:\/\/moverdb.com\/nb\/mayflower-transitt\/\">Mayflower Transit<\/a>. <\/p>\n<p>Med hovedkontor i Burlington, <a href=\"https:\/\/moverdb.com\/nb\/moving-to-the-united-states\/moving-to-new-jersey\/\" data-internallinksmanager029f6b8e52c=\"417\" title=\"Flytter du til New Jersey? 2023 Levekostnader og flyttetips\">New Jersey<\/a>Selskapet har over 1 000 heltidsansatte og opererer over 1 000 kj\u00f8ret\u00f8yer og flytteutstyr.<\/p>\n<p>McCollister's har tre hoveddivisjoner - flytting av ansatte, kommersielle tjenester og logistikk av h\u00f8yverdiprodukter. Selskapet oppgir at suksessen skyldes <em>\"fleksible l\u00f8sninger, kvalitetsservice, sikkerhet, effektivitet og hurtighet.\"<\/em> <\/p>\n<p>McCollister's Transportation Group har f\u00f8lgende akkrediteringer og tilknytninger:<\/p>\n<ul>\n<li> <a href=\"https:\/\/moverdb.com\/nb\/iam\/\">International Association of Movers<\/a> (<a href=\"https:\/\/moverdb.com\/nb\/iam\/\" data-internallinksmanager029f6b8e52c=\"23\" title=\"International Association of Movers (IAM) Forklaret\">IAM<\/a>)<\/li>\n<li> <a href=\"https:\/\/moverdb.com\/nb\/amsa\/\">AMSA<\/a><\/li>\n<li> C-TPAT-sertifisert transport\u00f8r<\/li>\n<li> <a href=\"https:\/\/moverdb.com\/nb\/felgpromover\/\">Sertifisert ProMover<\/a><\/li>\n<li> <a href=\"https:\/\/moverdb.com\/nb\/arbeidstaker-flytting-rad\/\">R\u00e5det for flytting av ansatte<\/a><\/li>\n<li> <a href=\"https:\/\/moverdb.com\/nb\/moving-to-the-united-states\/\" data-internallinksmanager029f6b8e52c=\"94\" title=\"Flytte til USA? 2023 Levekostnader og flyttetips\">USA<\/a> Environmental Protection Agency - SmartWay<\/li>\n<li> New Jersey Warehouseman and Movers Association<\/li>\n<li> Better Business Bureau (BBB)<\/li>\n<\/ul>\n<h2>McCollisters transportgruppe vurderer<\/h2>\n<p><strong>Positivt:<\/strong><\/p>\n<ul>\n<li> <em>\"Alt i alt var jeg veldig forn\u00f8yd med opplevelsen, selv med de mindre problemene, m\u00e5ten problemene ble l\u00f8st p\u00e5 viser at de er et veldig profesjonelt selskap.\"<\/em> - Sherif via <a href=\"https:\/\/www.yelp.com\/biz\/mccollisters-transportation-group-burlington?hrid=DrSyWKiICkF8QIFDonWtLQ&#038;utm_campaign=www_review_share_popup&#038;utm_medium=copy_link&#038;utm_source=(direct)\" target=\"_blank\" rel=\"noopener\">Yelp<\/a>.<\/li>\n<li> <em>\"Flott opplevelse fra f\u00f8rste telefonsamtale til siste eske av lastebilen. Vil anbefale p\u00e5 det sterkeste!\"<\/em> - Sharon via <a href=\"https:\/\/www.facebook.com\/pg\/McCollisters\/reviews\/\" target=\"_blank\" rel=\"noopener\">Facebook<\/a><\/li>\n<\/ul>\n<p><strong>Nei:<\/strong><\/p>\n<ul>\n<li> <em>\"Denne anmeldelsen ville ha v\u00e6rt 5 stjerner, hadde det ikke v\u00e6rt for at noen i mannskapet deres stjal fra meg og familien min.\"<\/em> - Mike via <a href=\"https:\/\/www.bbb.org\/new-jersey\/business-reviews\/movers\/mccollister-s-transportation-in-burlington-nj-80001208\/reviews-and-complaints\" target=\"_blank\" rel=\"noopener\">BBB<\/a><\/li>\n<li> <em>\"Jeg skriver vanligvis ikke p\u00e5 dette nettstedet, men jeg hadde en forferdelig opplevelse med dette selskapet.\"<\/em> - BK via <a href=\"http:\/\/www.mymovingreviews.com\/movers\/mccollister-s-5188#48089\" target=\"_blank\" rel=\"noopener\">MyMovingReviews<\/a><\/li>\n<\/ul>\n<div itemprop=\"review\" itemscope itemtype=\"http:\/\/schema.org\/Review\">\n<span itemprop=\"author\" itemscope=\"\" itemtype=\"http:\/\/schema.org\/Organization\"><span itemprop=\"name\">MoverDB.com<\/span><\/span> Nettstedsgjennomgang for <span itemprop=\"itemreviewed\" itemscope=\"\" itemtype=\"http:\/\/schema.org\/Brand\"><span itemprop=\"name\">McCollisters transportgruppe<\/span><\/span>:<\/p>\n<ol>\n<li> Tydelige kontaktopplysninger p\u00e5 nettstedet (inkludert telefonnummer): <strong>Ja<\/strong><\/li>\n<li> Lett \u00e5 f\u00e5 tak i <a href=\"https:\/\/moverdb.com\/nb\/sitater\/\">internasjonale flyttetilbud<\/a>? (skjema for foresp\u00f8rsel om prisoverslag p\u00e5 nett): <strong>Ja<\/strong><\/li>\n<li> Tydelig informasjon p\u00e5 nettstedet: <strong>Noen<\/strong> Nettstedet inneholder ikke mye detaljert informasjon.<\/li>\n<li> Medlemskap i internasjonalt anerkjente flytteorganisasjoner: <strong>Ja<\/strong>se ovenfor.<\/li>\n<li> Liste over kunder og\/eller tidligere kundeuttalelser: <strong>Nei<\/strong>selv om de har en Facebook-side med noen anmeldelser. Vurderinger fra resten av nettet er noe blandet, men mer positive enn negative.<\/li>\n<\/ol>\n<div itemprop=\"reviewRating\" itemscope itemtype=\"http:\/\/schema.org\/Rating\"><meta itemprop=\"worstRating\" content = \"0\" \/><meta itemprop=\"bestRating\" content=\"5\" \/><meta itemprop=\"ratingValue\" content=\"3.5\"><\/div>\n<p><strong>Samlet poengsum: 3,5\/5<\/strong><br \/>\n<strong>Dato for gjennomgang:<\/strong> <span itemprop=\"datePublished\" content=\"2016-11-21\">21\/11\/2016<\/span>\n<\/div>\n<p>Les mer om <a href=\"https:\/\/moverdb.com\/nb\/flyttefirmaer\/\">de beste internasjonale flyttebyr\u00e5ene<\/a>, <a href=\"https:\/\/moverdb.com\/nb\/us-canada-movers\/\">Amerikanske flyttebyr\u00e5er<\/a> og v\u00e5r <a href=\"https:\/\/moverdb.com\/nb\/vurderinger\/\">gjennomgangsprosessen<\/a>.<\/p>\n<p><strong>Nettsted:<\/strong> <a href=\"https:\/\/www.mccollisters.com\/\" target=\"_blank\" rel=\"noopener\">https:\/\/www.mccollisters.com\/<\/a><\/p>","protected":false},"excerpt":{"rendered":"<p>McCollister&#8217;s Transportation Group is an agent of the UniGroup. The company offers its clients many moving services which are listed below, together with a company profile and reviews. International Moves Dedicated logistics coordinator Door-to-door service Full service Air ride van service Air and sea freight Short and long term storage Commercial Moves Office\/facility relocation Data [&hellip;]<\/p>\n","protected":false},"author":1,"featured_media":0,"parent":0,"menu_order":0,"comment_status":"closed","ping_status":"closed","template":"","meta":{"_genesis_hide_title":false,"_genesis_hide_breadcrumbs":false,"_genesis_hide_singular_image":false,"_genesis_hide_footer_widgets":false,"_genesis_custom_body_class":"","_genesis_custom_post_class":"","_genesis_layout":"","footnotes":""},"class_list":{"0":"post-1040","1":"page","2":"type-page","3":"status-publish","5":"entry"},"_links":{"self":[{"href":"https:\/\/moverdb.com\/nb\/wp-json\/wp\/v2\/pages\/1040","targetHints":{"allow":["GET"]}}],"collection":[{"href":"https:\/\/moverdb.com\/nb\/wp-json\/wp\/v2\/pages"}],"about":[{"href":"https:\/\/moverdb.com\/nb\/wp-json\/wp\/v2\/types\/page"}],"author":[{"embeddable":true,"href":"https:\/\/moverdb.com\/nb\/wp-json\/wp\/v2\/users\/1"}],"replies":[{"embeddable":true,"href":"https:\/\/moverdb.com\/nb\/wp-json\/wp\/v2\/comments?post=1040"}],"version-history":[{"count":7,"href":"https:\/\/moverdb.com\/nb\/wp-json\/wp\/v2\/pages\/1040\/revisions"}],"predecessor-version":[{"id":13175,"href":"https:\/\/moverdb.com\/nb\/wp-json\/wp\/v2\/pages\/1040\/revisions\/13175"}],"wp:attachment":[{"href":"https:\/\/moverdb.com\/nb\/wp-json\/wp\/v2\/media?parent=1040"}],"curies":[{"name":"wp","href":"https:\/\/api.w.org\/{rel}","templated":true}]}}