{"id":1039,"date":"2016-10-26T05:36:32","date_gmt":"2016-10-26T05:36:32","guid":{"rendered":"http:\/\/moverdb.com\/?page_id=1039"},"modified":"2026-01-08T15:30:40","modified_gmt":"2026-01-08T15:30:40","slug":"williams-moving-storage","status":"publish","type":"page","link":"https:\/\/moverdb.com\/nb\/williams-moving-storage\/","title":{"rendered":"Williams Moving &amp; Storage: Internasjonale flytteanmeldelser"},"content":{"rendered":"<p>Williams Moving &amp; Storage Ltd ligger i Lethbridge, <a href=\"https:\/\/moverdb.com\/nb\/moving-to-canada\/\" data-internallinksmanager029f6b8e52c=\"265\" title=\"Flytte til Canada? 2023 Levekostnader og tips om flytting\">Canada<\/a>. Selskapet tilbyr sine kunder en rekke flyttetjenester som er oppf\u00f8rt nedenfor, sammen med en firmaprofil og anmeldelser.<\/p>\n<p><strong>Internasjonale bevegelser<\/strong><\/p>\n<ul>\n<li> Flytt med tog, b\u00e5t eller fly<\/li>\n<li> Tildelt flytteansvarlig<\/li>\n<li> D\u00f8r-til-d\u00f8r-tjeneste over hele verden<\/li>\n<li> Pakking - full service, skj\u00f8re gjenstander eller selvpakking<\/li>\n<li> Pakking av forsyninger<\/li>\n<li> Tollklarering<\/li>\n<li> Utpakking - full service, skj\u00f8re gjenstander eller selvutpakking<\/li>\n<li> Langtids- og korttidslagring<\/li>\n<\/ul>\n<p><strong>Bedrifts- og kommersielle flyttinger<\/strong><\/p>\n<ul>\n<li> D\u00f8r-til-d\u00f8r<\/li>\n<li> Tildelt flytteansvarlig<\/li>\n<li> Utpekt mannskap for sensitivt materiale<\/li>\n<li> Utpekt installasjonsmannskap<\/li>\n<\/ul>\n<p><strong>Flytting av boliger<\/strong><\/p>\n<ul>\n<li> Full service tilgjengelig<\/li>\n<li> Tildelt flytteansvarlig<\/li>\n<li> Medf\u00f8lgende emballasjemateriell<\/li>\n<li> Emballasje - full service, skj\u00f8re gjenstander eller gj\u00f8r-det-selv<\/li>\n<li> Utpakking - full service, skj\u00f8re gjenstander eller gj\u00f8r-det-selv<\/li>\n<\/ul>\n<p><strong>Gj\u00f8r-det-selv-flyttinger<\/strong><\/p>\n<ul>\n<li> Leverte lastebiler og pakkemateriell<\/li>\n<li> 8 timer for \u00e5 pakke og laste<\/li>\n<li> Flyttet til depot<\/li>\n<li> P\u00e5 bestemmelsesstedet - 8 timer til lossing<\/li>\n<\/ul>\n<h2>Williams Moving &amp; Storage Company Profil<\/h2>\n<p><em><strong>V\u00e6r oppmerksom p\u00e5 at<\/strong> at Williams Moving &amp; Storage <a href=\"http:\/\/globalnews.ca\/news\/1787201\/after-86-years-williams-moving-and-storage-files-for-bankruptcy\/\" target=\"_blank\" rel=\"noopener\">gikk konkurs i 2015<\/a>. Williams Moving &amp; Storage (Cranbrook) Ltd. er imidlertid fortsatt i virksomhet og er profilert nedenfor.<\/em><\/p>\n<p>Williams Moving and Storage ble grunnlagt i 1929. De flytter privatpersoner og bedrifter b\u00e5de lokalt og internasjonalt. Selskapet har spesialisert seg p\u00e5 bedrifts- og n\u00e6ringslivs-, bolig- og <a href=\"https:\/\/moverdb.com\/nb\/containertransport\/\">internasjonale bevegelser<\/a>. <\/p>\n<p>En av de innovative tjenestene er gj\u00f8r-det-selv-flyttingen, som er ideell for kunder med et stramt budsjett. <\/p>\n<p>Williams Moving &amp; Storage har h\u00f8yt spesialisert flytteutstyr som de garanterer vil flytte eiendelene dine enkelt, raskt og uten \u00e5 skade dem.<\/p>\n<p>Williams Moving &amp; Storage har f\u00f8lgende akkrediteringer og tilknytninger:<\/p>\n<ul>\n<li> <a href=\"https:\/\/moverdb.com\/nb\/fidi-faim\/\">Federation of International Movers<\/a> (<a href=\"https:\/\/moverdb.com\/nb\/fidi-faim\/\" data-internallinksmanager029f6b8e52c=\"16\" title=\"FIDI &amp; FAIM (FIDI-akkreditert internasjonal spedit\u00f8r) forklart\">FIDI<\/a>)<\/li>\n<li> <a href=\"https:\/\/moverdb.com\/nb\/fidi-faim\/\">FIDI-akkrediterte internasjonale flyttebyr\u00e5er<\/a> (FAIM)<\/li>\n<li> <a href=\"https:\/\/moverdb.com\/nb\/iam\/\">International Association of Movers<\/a> (<a href=\"https:\/\/moverdb.com\/nb\/iam\/\" data-internallinksmanager029f6b8e52c=\"23\" title=\"International Association of Movers (IAM) Forklaret\">IAM<\/a>)<\/li>\n<li> Overseas Moving Network International (OMNI)<\/li>\n<li> Nettverket for hotell- og restaurantbransjen (NEWH)<\/li>\n<li> Nettverk for kommersiell relokalisering (CRN)<\/li>\n<li> <a href=\"https:\/\/moverdb.com\/nb\/united-van-lines\/\">United Van Lines<\/a> (Canada)<\/li>\n<\/ul>\n<h2>Williams Moving &amp; Storage Anmeldelser<\/h2>\n<p><strong>Positivt:<\/strong><\/p>\n<ul>\n<li> \"<em>Dette var et flott selskap \u00e5 ha med \u00e5 gj\u00f8re, fra start til slutt. Takstmannen var veldig profesjonell, og var veldig t\u00e5lmodig med \u00e5 svare p\u00e5 alle sp\u00f8rsm\u00e5lene mine. Alt gikk veldig greit p\u00e5 flyttedagen. Flyttefolkene var effektive og veldig forsiktige med eiendelene mine.\"<\/em> - Shairoz via <a href=\"https:\/\/homestars.com\/companies\/229930-williams-moving-and-storage\/reviews\/61856\" target=\"_blank\" rel=\"noopener\">HjemStjerner<\/a> <\/li>\n<\/ul>\n<p><strong>Nei:<\/strong><\/p>\n<ul>\n<li> <em>\"Williams Moving and Storage burde skamme seg. De dukker opp med l\u00f8sarbeidere som ikke bryr seg om din trygghet og ikke har lyst til \u00e5 jobbe.\"<\/em> - Julie B. via <a href=\"http:\/\/www.bbb.org\/calgary\/business-reviews\/movers\/williams-moving-and-storage-lethbridge-in-lethbridge-ab-36707\/customer-reviews\" target=\"_blank\" rel=\"noopener\">BBB<\/a><\/li>\n<\/ul>\n<div itemprop=\"review\" itemscope itemtype=\"http:\/\/schema.org\/Review\">\n<span itemprop=\"author\" itemscope=\"\" itemtype=\"http:\/\/schema.org\/Organization\"><span itemprop=\"name\">MoverDB.com<\/span><\/span> Nettstedsgjennomgang for <span itemprop=\"itemreviewed\" itemscope=\"\" itemtype=\"http:\/\/schema.org\/Brand\"><span itemprop=\"name\">Williams Moving &amp; Storage<\/span><\/span>:<\/p>\n<ol>\n<li> Tydelige kontaktopplysninger p\u00e5 nettstedet (inkludert telefonnummer): <strong>Ja<\/strong><\/li>\n<li> Lett \u00e5 f\u00e5 tak i <a href=\"https:\/\/moverdb.com\/nb\/sitater\/\">internasjonale flyttetilbud<\/a>? (skjema for foresp\u00f8rsel om prisoverslag p\u00e5 nett): <strong>Ja<\/strong><\/li>\n<li> Tydelig informasjon p\u00e5 nettstedet: <strong>Nei<\/strong>Nettstedet forteller deg sv\u00e6rt lite om selskapet eller tjenestene som tilbys.<\/li>\n<li> Medlemskap i internasjonalt anerkjente flytteorganisasjoner: <strong>Ja<\/strong>, mange, se ovenfor<\/li>\n<li> Liste over kunder og\/eller tidligere kundeuttalelser: <strong>Nei,<\/strong> og vurderingene fra nettet er ganske blandede.<\/li>\n<\/ol>\n<div itemprop=\"reviewRating\" itemscope itemtype=\"http:\/\/schema.org\/Rating\"><meta itemprop=\"worstRating\" content = \"0\" \/><meta itemprop=\"bestRating\" content=\"5\" \/><meta itemprop=\"ratingValue\" content=\"3\"><\/div>\n<p><strong>Samlet poengsum: 3\/5<\/strong><br \/>\n<strong>Dato for gjennomgang:<\/strong> <span itemprop=\"datePublished\" content=\"2016-10-26\">21\/08\/2016<\/span>\n<\/div>\n<p>Les mer om <a href=\"https:\/\/moverdb.com\/nb\/flyttefirmaer\/\">Topp flyttebyr\u00e5er<\/a>, <a href=\"https:\/\/moverdb.com\/nb\/us-canada-movers\/\">Kanadiske flyttebyr\u00e5er<\/a> og v\u00e5r <a href=\"https:\/\/moverdb.com\/nb\/vurderinger\/\">gjennomgangsprosessen<\/a>.<\/p>\n<p><strong>Nettsted:<\/strong> <a href=\"http:\/\/williamsmovingltd.com\/\" target=\"_blank\" rel=\"noopener\">http:\/\/williamsmovingltd.com\/<\/a><\/p>","protected":false},"excerpt":{"rendered":"<p>Williams Moving &#038; Storage Ltd is located in Lethbridge, Canada. The company offers its customers a range of moving services which are listed below, together with a company profile and reviews. International Moves Move by rail, ship or air Assigned move manager Door-to-door service worldwide Packing &#8211; full service, fragile items or self-pack Packing supplies [&hellip;]<\/p>\n","protected":false},"author":1,"featured_media":0,"parent":0,"menu_order":0,"comment_status":"closed","ping_status":"closed","template":"","meta":{"_genesis_hide_title":false,"_genesis_hide_breadcrumbs":false,"_genesis_hide_singular_image":false,"_genesis_hide_footer_widgets":false,"_genesis_custom_body_class":"","_genesis_custom_post_class":"","_genesis_layout":"","footnotes":""},"class_list":{"0":"post-1039","1":"page","2":"type-page","3":"status-publish","5":"entry"},"_links":{"self":[{"href":"https:\/\/moverdb.com\/nb\/wp-json\/wp\/v2\/pages\/1039","targetHints":{"allow":["GET"]}}],"collection":[{"href":"https:\/\/moverdb.com\/nb\/wp-json\/wp\/v2\/pages"}],"about":[{"href":"https:\/\/moverdb.com\/nb\/wp-json\/wp\/v2\/types\/page"}],"author":[{"embeddable":true,"href":"https:\/\/moverdb.com\/nb\/wp-json\/wp\/v2\/users\/1"}],"replies":[{"embeddable":true,"href":"https:\/\/moverdb.com\/nb\/wp-json\/wp\/v2\/comments?post=1039"}],"version-history":[{"count":4,"href":"https:\/\/moverdb.com\/nb\/wp-json\/wp\/v2\/pages\/1039\/revisions"}],"predecessor-version":[{"id":6252,"href":"https:\/\/moverdb.com\/nb\/wp-json\/wp\/v2\/pages\/1039\/revisions\/6252"}],"wp:attachment":[{"href":"https:\/\/moverdb.com\/nb\/wp-json\/wp\/v2\/media?parent=1039"}],"curies":[{"name":"wp","href":"https:\/\/api.w.org\/{rel}","templated":true}]}}