{"id":1038,"date":"2016-11-05T17:02:13","date_gmt":"2016-11-05T17:02:13","guid":{"rendered":"http:\/\/moverdb.com\/?page_id=1038"},"modified":"2026-01-08T15:20:27","modified_gmt":"2026-01-08T15:20:27","slug":"nasjonale-van-linjer","status":"publish","type":"page","link":"https:\/\/moverdb.com\/nb\/national-van-lines\/","title":{"rendered":"Nasjonale varebillinjer: Internasjonale flytteanmeldelser"},"content":{"rendered":"<p>National Van Lines tilbyr sine kunder et bredt spekter av flyttetjenester. Disse er oppf\u00f8rt nedenfor sammen med en selskapsprofil og anmeldelser.<\/p>\n<p><strong>Internasjonale bevegelser<\/strong><\/p>\n<ul>\n<li> Privatpersoner og bedrifter<\/li>\n<li> Dedikert flyttekoordinator<\/li>\n<li> R\u00e5dgivning om alle aspekter av flytteprosessen<\/li>\n<li> Veiledning om dokumentasjonskrav<\/li>\n<li> <a href=\"https:\/\/moverdb.com\/nb\/sitater\/\">Kostnadsoverslag fra d\u00f8r til d\u00f8r<\/a> for <a href=\"https:\/\/moverdb.com\/nb\/containertransport\/\">frakt til sj\u00f8s eller med fly<\/a><\/li>\n<li> Sporing for \u00e5 sikre at forsendelsen kommer trygt frem<\/li>\n<li> Koordinering av hvert trinn i flyttingen<\/li>\n<li> Bistand hvis det mot formodning skulle oppst\u00e5 en skade.<\/li>\n<\/ul>\n<p><strong>Spesialitetsbevegelser<\/strong><\/p>\n<ul>\n<li> Butikkinventar<\/li>\n<li> Elektronikk<\/li>\n<li> Fagmesser<\/li>\n<li> Spillutstyr<\/li>\n<li> Spilleautomater<\/li>\n<li> Biltransport<\/li>\n<li> Flytting av piano<\/li>\n<li> Kunst i bevegelse<\/li>\n<li> Flytting av bestefarsklokker og antikviteter<\/li>\n<li> Flytting av biljardbord<\/li>\n<\/ul>\n<p><strong>Bedriftsflytting<\/strong><\/p>\n<ul>\n<li> Internasjonalt og lokalt<\/li>\n<li> \u00c9n ansatt eller hele kontoret<\/li>\n<li> Flytting av datamaskiner og elektronikk<\/li>\n<li> Flytting av laboratorie- og medisinsk utstyr<\/li>\n<\/ul>\n<p><strong>Flytting av husholdninger<\/strong><\/p>\n<ul>\n<li> Lokale tiltak<\/li>\n<li> Langdistanseflyttinger<\/li>\n<li> Langrenn<\/li>\n<li> Mellomstatlig<\/li>\n<li> Intrastatlig<\/li>\n<li> Nasjonal<\/li>\n<li> D\u00f8r-til-d\u00f8r<\/li>\n<li> Fullt tjenestetilbud<\/li>\n<\/ul>\n<p><strong>Lagring<\/strong><\/p>\n<ul>\n<li> Lang og kort sikt<\/li>\n<li> Klimakontrollert<\/li>\n<li> Sikkerhet d\u00f8gnet rundt<\/li>\n<\/ul>\n<h2>National Van Lines Bedriftsprofil<\/h2>\n<p>Den n\u00e5v\u00e6rende administrerende direkt\u00f8ren i National Van Lines, Maureen Beal, er barnebarnet til grunnleggeren, F. J. McKee. McKee startet virksomheten i <a href=\"https:\/\/moverdb.com\/nb\/flytting-til-chicago\/\">Chicago<\/a> i 1901 med en vogn og en ponni for \u00e5 levere is og kull. <\/p>\n<p>Selskapet har blomstret siden den gang og forflytter n\u00e5 mennesker, selskaper og milit\u00e6rt personell lokalt og over hele verden. Det har over 400 agenter til \u00e5 bist\u00e5 i denne prosessen.<\/p>\n<p>Selskapets motto er \"Moving Your Memories\", som er en p\u00e5minnelse til b\u00e5de ansatte og kunder om at personlige eiendeler er dyrebare og alltid vil bli h\u00e5ndtert med forsiktighet.<\/p>\n<p>National Van Lines har f\u00f8lgende akkrediteringer og tilknytninger:<\/p>\n<ul>\n<li> <a href=\"https:\/\/moverdb.com\/nb\/felgpromover\/\">Sertifisert ProMover<\/a><\/li>\n<li> Better Business Bureau Accredited (BBB) (akkreditert av Better Business Bureau)<\/li>\n<li> Movers.com Verifisert flyttemann<\/li>\n<li> <a href=\"https:\/\/moverdb.com\/nb\/fidi-faim\/\">FIDI<\/a><\/li>\n<\/ul>\n<h2>Nasjonale vurderinger av varebilruter<\/h2>\n<p><strong>Positivt:<\/strong><\/p>\n<ul>\n<li> <em>\"Jeg var veldig forn\u00f8yd med henting og levering av m\u00f8blene mine. Dave var ogs\u00e5 veldig profesjonell og ga meg et rettferdig estimat.\"<\/em> - Bari via siden med bedriftsuttalelser<\/li>\n<li> <em>\"National Van Lines hentet i tide, leverte i tide, og ingenting gikk tapt eller ble \u00f8delagt.\"<\/em> - Gail via <a href=\"https:\/\/www.yelp.co.uk\/biz\/national-van-lines-broadview?hrid=xrO9qdjtpdZ-DKkGynhkBw&#038;utm_campaign=www_review_share_popup&#038;utm_medium=copy_link&#038;utm_source=(direct)\" target=\"_blank\" rel=\"noopener\">Yelp<\/a><\/li>\n<li> <em>\"Jeg har bare ett ord \u00e5 si. FANTASTISK!\"<\/em> - Lori via <a href=\"http:\/\/www.mymovingreviews.com\/movers\/national-van-lines-256#59528\" target=\"_blank\" rel=\"noopener\">MyMovingReviews.com<\/a><\/li>\n<\/ul>\n<p><strong>Nei:<\/strong><\/p>\n<ul>\n<li> <em>\"I l\u00f8pet av de siste 8 \u00e5rene har jeg flyttet 5-6 ganger, og jeg har aldri opplevd noe lignende.\"<\/em> - Cindy via <a href=\"https:\/\/www.consumeraffairs.com\/movers\/national.htm\" target=\"_blank\" rel=\"noopener\">Forbrukeranliggender<\/a><\/li>\n<li> <em>\"National Van Lines leverte ikke flyttegodset mitt p\u00e5 den datoen jeg ble fortalt av sj\u00e5f\u00f8ren. De sa at datoen sto p\u00e5 fakturaen min, men problemet var at jeg aldri mottok noen faktura. Ved levering manglet mer enn halvparten av varene mine.\"<\/em> - Franchon via <a href=\"http:\/\/www.bbb.org\/chicago\/business-reviews\/movers\/national-van-lines-inc-in-broadview-il-5114\/customer-reviews\" target=\"_blank\" rel=\"noopener\">BBB<\/a><\/li>\n<li> <em>\"V\u00e5r erfaring med National Van Lines var et mareritt. Representanten som signerte <a href=\"https:\/\/moverdb.com\/nb\/moving-to-the-united-states\/\" data-internallinksmanager029f6b8e52c=\"94\" title=\"Flytte til USA? 2023 Levekostnader og flyttetips\">oss<\/a> virket bare s\u00e5 profesjonell og effektiv da vi m\u00f8tte henne. Vi hadde aldri dr\u00f8mt om at vi skulle havne i et forferdelig rot.\"<\/em> - via <a href=\"http:\/\/moving-companies.credio.com\/l\/21\/National-Van-Lines\" target=\"_blank\" rel=\"noopener\">Credio<\/a><\/li>\n<\/ul>\n<div itemprop=\"review\" itemscope itemtype=\"http:\/\/schema.org\/Review\">\n<span itemprop=\"author\" itemscope=\"\" itemtype=\"http:\/\/schema.org\/Organization\"><span itemprop=\"name\">MoverDB.com<\/span><\/span> Nettstedsgjennomgang for <span itemprop=\"itemreviewed\" itemscope=\"\" itemtype=\"http:\/\/schema.org\/Brand\"><span itemprop=\"name\">Nasjonale varebilruter<\/span><\/span>:<\/p>\n<ol>\n<li> Tydelige kontaktopplysninger p\u00e5 nettstedet (inkludert telefonnummer): <strong>Ja<\/strong><\/li>\n<li> Lett \u00e5 f\u00e5 tak i <a href=\"https:\/\/moverdb.com\/nb\/sitater\/\">internasjonale flyttetilbud<\/a>? (skjema for foresp\u00f8rsel om prisoverslag p\u00e5 nett): <strong>Ja<\/strong><\/li>\n<li> Tydelig informasjon p\u00e5 nettstedet: <strong>Ja<\/strong> nettstedet beskriver tjenestene deres og tilbyr ogs\u00e5 nyttige veiledninger.<\/li>\n<li> Medlemskap i internasjonalt anerkjente flytteorganisasjoner: <strong>Ja<\/strong><\/li>\n<li> Liste over kunder og\/eller tidligere kundeuttalelser: <strong>Ja<\/strong> Det er positive kundeuttalelser p\u00e5 nettstedet, men noen f\u00e5 negative p\u00e5 resten av internett.<\/li>\n<\/ol>\n<div itemprop=\"reviewRating\" itemscope itemtype=\"http:\/\/schema.org\/Rating\"><meta itemprop=\"worstRating\" content = \"0\" \/><meta itemprop=\"bestRating\" content=\"5\" \/><meta itemprop=\"ratingValue\" content=\"4.5\"><\/div>\n<p><strong>Samlet poengsum: 4.5\/5<\/strong><br \/>\n<strong>Dato for gjennomgang:<\/strong> <span itemprop=\"datePublished\" content=\"2016-11-05\">05\/11\/2016<\/span>\n<\/div>\n<p>Les mer om <a href=\"https:\/\/moverdb.com\/nb\/flyttefirmaer\/\">de beste internasjonale flyttebyr\u00e5ene<\/a>, <a href=\"https:\/\/moverdb.com\/nb\/us-canada-movers\/\">Amerikanske flyttebyr\u00e5er<\/a> og v\u00e5r <a href=\"https:\/\/moverdb.com\/nb\/vurderinger\/\">gjennomgangsprosessen<\/a>.<\/p>\n<p><strong>Nettsted:<\/strong> <a href=\"http:\/\/www.nationalvanlines.com\/\" target=\"_blank\" rel=\"noopener\">http:\/\/www.nationalvanlines.com\/<\/a><\/p>","protected":false},"excerpt":{"rendered":"<p>National Van Lines offers its customers a wide range of moving services. These are listed below together with a company profile and reviews. International Moves Individual and corporate Dedicated move coordinator Counselling on all aspects of the moving process Guidance on documentation requirements Door-to-door cost estimates for shipping by ocean or air Tracking to ensure [&hellip;]<\/p>\n","protected":false},"author":1,"featured_media":0,"parent":0,"menu_order":0,"comment_status":"closed","ping_status":"closed","template":"","meta":{"_genesis_hide_title":false,"_genesis_hide_breadcrumbs":false,"_genesis_hide_singular_image":false,"_genesis_hide_footer_widgets":false,"_genesis_custom_body_class":"","_genesis_custom_post_class":"","_genesis_layout":"","footnotes":""},"class_list":{"0":"post-1038","1":"page","2":"type-page","3":"status-publish","5":"entry"},"_links":{"self":[{"href":"https:\/\/moverdb.com\/nb\/wp-json\/wp\/v2\/pages\/1038","targetHints":{"allow":["GET"]}}],"collection":[{"href":"https:\/\/moverdb.com\/nb\/wp-json\/wp\/v2\/pages"}],"about":[{"href":"https:\/\/moverdb.com\/nb\/wp-json\/wp\/v2\/types\/page"}],"author":[{"embeddable":true,"href":"https:\/\/moverdb.com\/nb\/wp-json\/wp\/v2\/users\/1"}],"replies":[{"embeddable":true,"href":"https:\/\/moverdb.com\/nb\/wp-json\/wp\/v2\/comments?post=1038"}],"version-history":[{"count":6,"href":"https:\/\/moverdb.com\/nb\/wp-json\/wp\/v2\/pages\/1038\/revisions"}],"predecessor-version":[{"id":6225,"href":"https:\/\/moverdb.com\/nb\/wp-json\/wp\/v2\/pages\/1038\/revisions\/6225"}],"wp:attachment":[{"href":"https:\/\/moverdb.com\/nb\/wp-json\/wp\/v2\/media?parent=1038"}],"curies":[{"name":"wp","href":"https:\/\/api.w.org\/{rel}","templated":true}]}}