{"id":1037,"date":"2016-11-21T06:45:07","date_gmt":"2016-11-21T06:45:07","guid":{"rendered":"http:\/\/moverdb.com\/?page_id=1037"},"modified":"2026-01-08T14:47:47","modified_gmt":"2026-01-08T14:47:47","slug":"berger-alliert","status":"publish","type":"page","link":"https:\/\/moverdb.com\/nb\/berger-allied\/","title":{"rendered":"Berger Allied (overf\u00f8ring og lagring): Internasjonale flytteanmeldelser"},"content":{"rendered":"<p>Berger Allied (offisielt Berger Transfer &amp; Storage) er basert i St. Paul, MN. Det tilbyr sine kunder en rekke flyttetjenester som er oppf\u00f8rt nedenfor, sammen med en firmaprofil og anmeldelser.<\/p>\n<p><strong>Internasjonal flytting<\/strong><\/p>\n<ul>\n<li> Forberedelse av flytting<\/li>\n<li> H\u00f8ring og sp\u00f8rreunders\u00f8kelse<\/li>\n<li> Dokumentasjon<\/li>\n<li> Sikkerhetshensyn<\/li>\n<li> Pakking og lasting<\/li>\n<li> Live laster varene dine direkte inn i en fraktcontainer.<\/li>\n<li> Tollklarering<\/li>\n<li> Levering og utpakking<\/li>\n<\/ul>\n<p><strong>Flytting av bolig<\/strong><\/p>\n<ul>\n<li> Planlegging av flytting<\/li>\n<li> Langdistanseflytting<\/li>\n<li> Pakking med full service<\/li>\n<li> Selvpakking<\/li>\n<li> <a href=\"https:\/\/moverdb.com\/nb\/bil-transport-frakt\/\">Kj\u00f8ret\u00f8y<\/a>, b\u00e5t- og motorsykkeltransport<\/li>\n<li> Montering\/demontering<\/li>\n<li> Koble til\/fra apparater<\/li>\n<li> Utpakking og fjerning av rusk<\/li>\n<li> Online sporing av forsendelser<\/li>\n<li> Flyttetjenester for eldre<\/li>\n<\/ul>\n<p><strong>Flyttetjenester for bedrifter<\/strong><\/p>\n<ul>\n<li> Flyttekonsulenter<\/li>\n<li> Flytteprogram tilpasset din bedrifts unike kultur, retningslinjer og budsjettm\u00e5l.<\/li>\n<li> Dedikerte flyttekoordinatorer <\/li>\n<\/ul>\n<p><strong>Kommersielle flyttetjenester<\/strong><\/p>\n<ul>\n<li> Flytting av kontor<\/li>\n<li> Lagring av dokumentasjon<\/li>\n<li> Lagring<\/li>\n<li> Spesialisert transport<\/li>\n<li> Forvaltning av eiendeler<\/li>\n<li> CAD-romplanlegging<\/li>\n<li> Prosjektledelse p\u00e5 stedet<\/li>\n<\/ul>\n<h2>Berger Allied Company Profile<\/h2>\n<p>Berger Transfer and Storage har v\u00e6rt i drift siden 1910. De jobber med privatpersoner, bedrifter og offentlige etater. De mener at deres st\u00f8rste styrke er fokus p\u00e5 kundeservice av h\u00f8y kvalitet.<\/p>\n<p>De har en fl\u00e5te p\u00e5 mer enn 600 varebiler og lastebiler og koordinerer rundt 24 000 familieflyttinger i \u00e5ret. De bidrar ogs\u00e5 til \u00e5 samle inn penger til United Way, Junior Achievements, Boy Scouts and Girl Scouts of America, March of Dimes, Special Olympics og Move For Hunger.<\/p>\n<p>Berger Transfer and Storage har f\u00f8lgende akkrediteringer og tilknytninger:<\/p>\n<ul>\n<li> <a href=\"https:\/\/moverdb.com\/nb\/amsa\/\">AMSA<\/a><\/li>\n<li> AHFA<\/li>\n<li> <a href=\"https:\/\/moverdb.com\/nb\/iam\/\">IAM<\/a><\/li>\n<li> ATA<\/li>\n<li> <a href=\"https:\/\/moverdb.com\/nb\/felgpromover\/\">Promover<\/a><\/li>\n<li> <a href=\"https:\/\/moverdb.com\/nb\/arbeidstaker-flytting-rad\/\">ERC p\u00e5 verdensbasis<\/a><\/li>\n<li> PSA<\/li>\n<li> Move for Hunger<\/li>\n<li> BBB-akkreditert virksomhet<\/li>\n<\/ul>\n<h2>Berger Allied (overf\u00f8ring og lagring) vurderinger<\/h2>\n<p><strong>Positivt:<\/strong><\/p>\n<ul>\n<li> <em>\"V\u00e5r langrennsflytteopplevelse med Berger Allied var s\u00e5 god som den kan bli!\"<\/em> - Paul M via <a href=\"https:\/\/www.yelp.com\/biz\/berger-allied-van-lines-austin?hrid=r3MbhX4j_6c1VOPPSbKe_g&#038;utm_campaign=www_review_share_popup&#038;utm_medium=copy_link&#038;utm_source=(direct)\" target=\"_blank\" rel=\"noopener\">Yelp<\/a> <\/li>\n<li> <em>\"Berger-teamet i Las Vegas er rett og slett fantastisk. Ikke bare er de kompetente og sympatiske, men kundeservicen deres er muligens den beste jeg noensinne har opplevd.\"<\/em> - Viki via <a href=\"https:\/\/www.facebook.com\/pg\/bergermoving\/reviews\/\" target=\"_blank\" rel=\"noopener\">Facebook<\/a><\/li>\n<li> <em>\"De kom i tide. Pakket alle m\u00f8blene inn i pads og tok seg ekstra tid til \u00e5 forsikre seg om at alt ble gjort riktig. De tok seg tid til \u00e5 forsikre seg om at ingen vegger ble skadet.\"<\/em> - Daniel via <a href=\"http:\/\/www.movingcompanyreviews.com\/MN\/St-Paul\/berger-transfer-storage-60973\" target=\"_blank\" rel=\"noopener\">MovingCompanyReviews.com<\/a><\/li>\n<\/ul>\n<p><strong>Nei:<\/strong><\/p>\n<ul>\n<li> <em>\"Etter anbefaling engasjerte jeg Berger for en flytting fra <a href=\"https:\/\/moverdb.com\/nb\/moving-to-the-united-states\/moving-to-minnesota\/\" data-internallinksmanager029f6b8e52c=\"443\" title=\"Flytter du til Minnesota? 2023 Levekostnader og flyttetips\">Minnesota<\/a> til <a href=\"https:\/\/moverdb.com\/nb\/moving-to-the-united-states\/moving-to-california\/\" data-internallinksmanager029f6b8e52c=\"330\" title=\"Flytter du til California? 2023 Levekostnader og flyttetips\">California<\/a>. Jeg hadde opps\u00f8kt andre selskaper og innhentet prisoverslag, men valgte dessverre Berger p\u00e5 grunn av personen som utfylte prisoverslaget.\"<\/em> - Via <a href=\"https:\/\/www.bbb.org\/minnesota\/business-reviews\/movers\/berger-transfer-storage-inc-in-saint-paul-mn-103\/reviews-and-complaints\" target=\"_blank\" rel=\"noopener\">BBB Wesbite<\/a><\/li>\n<li> <em>\"Den verste kundeservicen noensinne. Etter seks m\u00e5neder med feilfakturering og utallige e-poster og telefonsamtaler for \u00e5 pr\u00f8ve \u00e5 l\u00f8se problemet, fikk jeg beskjed om at varene mine skulle legges ut p\u00e5 auksjon.\"<\/em> - Kyle vi <a href=\"https:\/\/www.facebook.com\/pg\/bergermoving\/reviews\/\" target=\"_blank\" rel=\"noopener\">Facebook<\/a><\/li>\n<\/li> <\/li>.\n<li> <em>\"Berger Allied Van Lines gjorde den verste jobben med pakking, flytting og lagring for <a href=\"https:\/\/moverdb.com\/nb\/moving-to-the-united-states\/\" data-internallinksmanager029f6b8e52c=\"94\" title=\"Flytte til USA? 2023 Levekostnader og flyttetips\">oss<\/a>.\"<\/em> - Letty via <a href=\"https:\/\/www.yelp.com\/biz\/berger-allied-van-lines-austin?hrid=AMtotqlDmWIUelyZT7YKAw&#038;utm_campaign=www_review_share_popup&#038;utm_medium=copy_link&#038;utm_source=(direct)\" target=\"_blank\" rel=\"noopener\">Yelp<\/a><\/li>\n<\/ul>\n<div itemprop=\"review\" itemscope itemtype=\"http:\/\/schema.org\/Review\">\n<span itemprop=\"author\" itemscope=\"\" itemtype=\"http:\/\/schema.org\/Organization\"><span itemprop=\"name\">MoverDB.com<\/span><\/span> Nettstedsgjennomgang for <span itemprop=\"itemreviewed\" itemscope=\"\" itemtype=\"http:\/\/schema.org\/Brand\"><span itemprop=\"name\">Berger Allied<\/span><\/span>:<\/p>\n<ol>\n<li> Tydelige kontaktopplysninger p\u00e5 nettstedet (inkludert telefonnummer): <strong>Ja<\/strong><\/li>\n<li> Lett \u00e5 f\u00e5 tak i <a href=\"https:\/\/moverdb.com\/nb\/sitater\/\">internasjonale flyttetilbud<\/a>? (skjema for foresp\u00f8rsel om prisoverslag p\u00e5 nett): <strong>Ja<\/strong><\/li>\n<li> Tydelig informasjon p\u00e5 nettstedet: <strong>Delvis<\/strong>finnes det en god del generell informasjon om flytting, men ikke noe s\u00e6rlig spesifikt.<\/li>\n<li> Medlemskap i internasjonalt anerkjente flytteorganisasjoner: <strong>Ja<\/strong>, mange, se ovenfor<\/li>\n<li> Liste over kunder og\/eller tidligere kundeuttalelser: <strong>Nei<\/strong>, er det ingen attester p\u00e5 nettstedet, som vi kunne finne, og anmeldelser fra hele nettet er litt blandet. <\/li>\n<\/ol>\n<div itemprop=\"reviewRating\" itemscope itemtype=\"http:\/\/schema.org\/Rating\"><meta itemprop=\"worstRating\" content = \"0\" \/><meta itemprop=\"bestRating\" content=\"5\" \/><meta itemprop=\"ratingValue\" content=\"3.5\"><\/div>\n<p><strong>Samlet poengsum: 3,5\/5<\/strong><br \/>\n<strong>Dato for gjennomgang:<\/strong> <span itemprop=\"datePublished\" content=\"2016-11-21\">21\/11\/2016<\/span>\n<\/div>\n<p>Les mer om <a href=\"https:\/\/moverdb.com\/nb\/flyttefirmaer\/\">internasjonale flyttebyr\u00e5er<\/a>, <a href=\"https:\/\/moverdb.com\/nb\/us-canada-movers\/\">Amerikanske flyttebyr\u00e5er<\/a> og v\u00e5r <a href=\"https:\/\/moverdb.com\/nb\/vurderinger\/\">gjennomgangsprosessen<\/a>.<\/p>\n<p><strong>Nettsted:<\/strong> <a href=\"https:\/\/www.bergerallied.com\" target=\"_blank\" rel=\"noopener\">https:\/\/www.bergerallied.com<\/a><\/p>","protected":false},"excerpt":{"rendered":"<p>Berger Allied (officially Berger Transfer &#038; Storage) is based in St. Paul, MN. It offers its customers a range of moving services which are listed below, together with a company profile and reviews. International Moving Move Preparation Consultation and Survey Documentation Safety Considerations Packing and Loading Live loads your items directly into a shipping container [&hellip;]<\/p>\n","protected":false},"author":1,"featured_media":0,"parent":0,"menu_order":0,"comment_status":"closed","ping_status":"closed","template":"","meta":{"_genesis_hide_title":false,"_genesis_hide_breadcrumbs":false,"_genesis_hide_singular_image":false,"_genesis_hide_footer_widgets":false,"_genesis_custom_body_class":"","_genesis_custom_post_class":"","_genesis_layout":"","footnotes":""},"class_list":{"0":"post-1037","1":"page","2":"type-page","3":"status-publish","5":"entry"},"_links":{"self":[{"href":"https:\/\/moverdb.com\/nb\/wp-json\/wp\/v2\/pages\/1037","targetHints":{"allow":["GET"]}}],"collection":[{"href":"https:\/\/moverdb.com\/nb\/wp-json\/wp\/v2\/pages"}],"about":[{"href":"https:\/\/moverdb.com\/nb\/wp-json\/wp\/v2\/types\/page"}],"author":[{"embeddable":true,"href":"https:\/\/moverdb.com\/nb\/wp-json\/wp\/v2\/users\/1"}],"replies":[{"embeddable":true,"href":"https:\/\/moverdb.com\/nb\/wp-json\/wp\/v2\/comments?post=1037"}],"version-history":[{"count":6,"href":"https:\/\/moverdb.com\/nb\/wp-json\/wp\/v2\/pages\/1037\/revisions"}],"predecessor-version":[{"id":6183,"href":"https:\/\/moverdb.com\/nb\/wp-json\/wp\/v2\/pages\/1037\/revisions\/6183"}],"wp:attachment":[{"href":"https:\/\/moverdb.com\/nb\/wp-json\/wp\/v2\/media?parent=1037"}],"curies":[{"name":"wp","href":"https:\/\/api.w.org\/{rel}","templated":true}]}}