{"id":1036,"date":"2016-11-05T16:39:46","date_gmt":"2016-11-05T16:39:46","guid":{"rendered":"http:\/\/moverdb.com\/?page_id=1036"},"modified":"2026-01-08T14:47:46","modified_gmt":"2026-01-08T14:47:46","slug":"beltmann-flytting","status":"publish","type":"page","link":"https:\/\/moverdb.com\/nb\/beltmann-relocation\/","title":{"rendered":"Beltmann Relocation Group: Internasjonale flyttevurderinger"},"content":{"rendered":"<p>Beltmann Relocation Group tilbyr sine kunder en rekke flyttetjenester internasjonalt og lokalt. Disse tjenestene er oppf\u00f8rt nedenfor sammen med en firmaprofil og anmeldelser.<\/p>\n<p><strong>Internasjonale bevegelser<\/strong><\/p>\n<ul>\n<li> Internasjonale bedriftsflyttinger<\/li>\n<li> Individuelle trekk<\/li>\n<li> De forente nasjoner<\/li>\n<li> Bistand og veiledning i forbindelse med toll og innvandring<\/li>\n<li> Hjelp til flytting av kj\u00e6ledyr<\/li>\n<li> D\u00f8r-til-d\u00f8r<\/li>\n<li> Tildelt flytteleder<\/li>\n<li> Full service tilgjengelig<\/li>\n<li> Forsikring ordnet<\/li>\n<\/ul>\n<p><strong>Kontor- og industriflytninger<\/strong><\/p>\n<ul>\n<li> Lokal og langdistanse flytting av kontorer<\/li>\n<li> Flytting mellom avdelinger<\/li>\n<li> Flytting av datamaskiner og elektronikk<\/li>\n<li> Planlegging og utforming av rom<\/li>\n<li> Planleggingsm\u00f8ter f\u00f8r flytting<\/li>\n<li> Tilsyn p\u00e5 stedet<\/li>\n<li> Tjenester etter flytting<\/li>\n<li> Hjelp til industriell flytting<\/li>\n<li> Flytting med h\u00f8y sikkerhet<\/li>\n<li> Flytting av sensitiv informasjon<\/li>\n<li> Forsikring ordnet<\/li>\n<\/ul>\n<p><strong>Bedriftsflytting<\/strong><\/p>\n<ul>\n<li> Flyttetjenester for ledere p\u00e5 toppniv\u00e5<\/li>\n<li> Flytte leder <\/li>\n<li> D\u00f8r-til-d\u00f8r<\/li>\n<li> Pakking og utpakking<\/li>\n<li> Sporing av forsendelser<\/li>\n<li> Forsikring ordnet<\/li>\n<\/ul>\n<p><strong>Flytting av husholdninger<\/strong><\/p>\n<ul>\n<li> Lokale tiltak<\/li>\n<li> Langdistanseflyttinger<\/li>\n<li> D\u00f8r-til-d\u00f8r<\/li>\n<li> Pakking og utpakking<\/li>\n<li> Forsikring ordnet<\/li>\n<\/ul>\n<p><strong>Lagring<\/strong><\/p>\n<ul>\n<li> Lang eller kort sikt<\/li>\n<li> Oppvarmet lager <\/li>\n<li> Oppbevares i forseglet oppbevaringshvelv<\/li>\n<li> KAMERAOVERV\u00c5KING<\/li>\n<li> Beskyttelse mot brann og skadedyr<\/li>\n<\/ul>\n<h2>Beltmann Relocation Company Profil<\/h2>\n<p>Beltmann Group ble startet av Battina-familien i 1955 og er fortsatt familieeid og -drevet. Det er en av de st\u00f8rste og eldste agentene for <a href=\"https:\/\/moverdb.com\/nb\/north-american-van-lines\/\">Nordamerikanske varebilruter<\/a> og hovedkvarteret ligger i <a href=\"https:\/\/moverdb.com\/nb\/flytting-til-minneapolis\/\">Minneapolis<\/a>. <\/p>\n<p>Beltmann Group er stolt eier av en fl\u00e5te p\u00e5 over 700 flyttebiler av ulike typer og har 14 filialer.<\/p>\n<p>Beltmanns l\u00f8fte er \"V\u00e6r kunden\". Alle ansatte oppfordres til \u00e5 sette seg inn i kundenes situasjon og behandle dem slik de selv \u00f8nsker \u00e5 bli behandlet. Selskapet er en stolt st\u00f8ttespiller for Habitat for Humanity.<\/p>\n<p>Beltmann Relocation har f\u00f8lgende tilknytninger og akkrediteringer:<\/p>\n<ul>\n<li> <a href=\"https:\/\/moverdb.com\/nb\/felgpromover\/\">Registrert internasjonal flytter<\/a> (<a href=\"https:\/\/moverdb.com\/nb\/rim-promover\/\" data-internallinksmanager029f6b8e52c=\"76\" title=\"RIM International ProMover-sertifisering forklart\">RIM<\/a>)<\/li>\n<li> <a href=\"https:\/\/moverdb.com\/nb\/felgpromover\/\">ProMover<\/a><\/li>\n<li> <a href=\"https:\/\/moverdb.com\/nb\/amsa\/\">American Moving and Storage Association<\/a> (<a href=\"https:\/\/moverdb.com\/nb\/amsa\/\" data-internallinksmanager029f6b8e52c=\"5\" title=\"American Moving &amp; Storage Association (AMSA) forklart\">AMSA<\/a>)<\/li>\n<li> Vinner av den nordamerikanske kvalitetsprisen<\/li>\n<li> Better Business Bureau Accredited (BBB) (akkreditert av Better Business Bureau)<\/li>\n<\/ul>\n<p><strong>Beltmann Relocation Reviews<\/strong><\/p>\n<p><strong>Positivt:<\/strong><\/p>\n<ul>\n<li> <em>\"Alt gikk bra med flyttingen v\u00e5r. Sj\u00e5f\u00f8ren og mannskapet p\u00e5 begge sider jobbet godt.\"<\/em> - Craig via Beltmann vitnesbyrd-side<\/li>\n<li> <em>\"Vi har flyttet flere ganger i l\u00f8pet av \u00e5rene, og jeg m\u00e5 si at Beltman var uten tvil den beste. Omhyggeligheten de viste ved pakking og lasting av eiendelene v\u00e5re var bemerkelsesverdig.\"<\/em> - Abby via <a href=\"https:\/\/www.facebook.com\/pg\/BeltmannRelocation\/reviews\/\" target=\"_blank\" rel=\"noopener\">Facebook<\/a><\/li>\n<\/ul>\n<p><strong>Nei:<\/strong><\/p>\n<ul>\n<li> <em>\"Vi er ikke engang en tredjedel gjennom utpakkingen, og har allerede en liste p\u00e5 minst 15 gjenstander som er skadet eller \u00f8delagt. Noen esker har ting som bare er kastet inn, ikke pakket inn eller sikret.\"<\/em> Amy via <a href=\"https:\/\/www.facebook.com\/pg\/BeltmannRelocation\/reviews\/\" target=\"_blank\" rel=\"noopener\">Facebook<\/a><\/li>\n<li> <em>\"Gj\u00f8r deg selv en tjeneste. Ikke bruk dette selskapet. Slett nummeret deres, blokkere dem fra \u00e5 ringe deg. Sitat en del av prosessen (du vet hvor de pr\u00f8ver \u00e5 vinne virksomheten din) var flott. Plukk opp varer - tommelen opp. Levering av ting - store tommelen ned.\"<\/em> - Kim via <a href=\"https:\/\/www.yelp.com\/biz\/beltmann-relocation-group-glendale-heights?hrid=tJAoAv--s6WetooAeYOQew&#038;utm_campaign=www_review_share_popup&#038;utm_medium=copy_link&#038;utm_source=(direct)\" target=\"_blank\" rel=\"noopener\">Yelp<\/a><\/li>\n<\/ul>\n<div itemprop=\"review\" itemscope itemtype=\"http:\/\/schema.org\/Review\">\n<span itemprop=\"author\" itemscope=\"\" itemtype=\"http:\/\/schema.org\/Organization\"><span itemprop=\"name\">MoverDB.com<\/span><\/span> Nettstedsgjennomgang for <span itemprop=\"itemreviewed\" itemscope=\"\" itemtype=\"http:\/\/schema.org\/Brand\"><span itemprop=\"name\">Beltmann Relocation Group<\/span><\/span>:<\/p>\n<ol>\n<li> Tydelige kontaktopplysninger p\u00e5 nettstedet (inkludert telefonnummer): <strong>Ja<\/strong><\/li>\n<li> Lett \u00e5 f\u00e5 tak i <a href=\"https:\/\/moverdb.com\/nb\/sitater\/\">internasjonale flyttetilbud<\/a>? (skjema for foresp\u00f8rsel om prisoverslag p\u00e5 nett): <strong>Ja<\/strong><\/li>\n<li> Tydelig informasjon p\u00e5 nettstedet: <strong>Ja<\/strong>Nettstedet har nyttige ressurser for flytting, inkludert vanlige sp\u00f8rsm\u00e5l og tips.<\/li>\n<li> Medlemskap i internasjonalt anerkjente flytteorganisasjoner: <strong>Ja<\/strong>, mange, se ovenfor<\/li>\n<li> Liste over kunder og\/eller tidligere kundeuttalelser: <strong>Ja,<\/strong> det er positive uttalelser p\u00e5 nettstedet, men anmeldelser fra hele nettet er litt mer blandet.<\/li>\n<\/ol>\n<div itemprop=\"reviewRating\" itemscope itemtype=\"http:\/\/schema.org\/Rating\"><meta itemprop=\"worstRating\" content = \"0\" \/><meta itemprop=\"bestRating\" content=\"5\" \/><meta itemprop=\"ratingValue\" content=\"4.5\"><\/div>\n<p><strong>Samlet poengsum: 4.5\/5<\/strong><br \/>\n<strong>Dato for gjennomgang:<\/strong> <span itemprop=\"datePublished\" content=\"2016-11-05\">05\/11\/2016<\/span>\n<\/div>\n<p>Les mer om <a href=\"https:\/\/moverdb.com\/nb\/flyttefirmaer\/\">internasjonale flyttebyr\u00e5er<\/a>, <a href=\"https:\/\/moverdb.com\/nb\/us-canada-movers\/\">Amerikanske innenlandsflyttere<\/a> og v\u00e5r <a href=\"https:\/\/moverdb.com\/nb\/vurderinger\/\">gjennomgangsprosessen<\/a>.<\/p>\n<p><strong>Nettsted:<\/strong> <a href=\"http:\/\/www.beltmann.com\/\" target=\"_blank\" rel=\"noopener\">http:\/\/www.beltmann.com\/<\/a><\/p>","protected":false},"excerpt":{"rendered":"<p>The Beltmann Relocation Group offers its customers a variety of moving services internationally and locally. These services are listed below together with a company profile and reviews. International Moves International corporate moves Individual moves United Nations Assistance and guidance with customs and immigration Assistance with pet relocation Door-to-door Move manager allocated Full service available Insurance [&hellip;]<\/p>\n","protected":false},"author":1,"featured_media":0,"parent":0,"menu_order":0,"comment_status":"closed","ping_status":"closed","template":"","meta":{"_genesis_hide_title":false,"_genesis_hide_breadcrumbs":false,"_genesis_hide_singular_image":false,"_genesis_hide_footer_widgets":false,"_genesis_custom_body_class":"","_genesis_custom_post_class":"","_genesis_layout":"","footnotes":""},"class_list":{"0":"post-1036","1":"page","2":"type-page","3":"status-publish","5":"entry"},"_links":{"self":[{"href":"https:\/\/moverdb.com\/nb\/wp-json\/wp\/v2\/pages\/1036","targetHints":{"allow":["GET"]}}],"collection":[{"href":"https:\/\/moverdb.com\/nb\/wp-json\/wp\/v2\/pages"}],"about":[{"href":"https:\/\/moverdb.com\/nb\/wp-json\/wp\/v2\/types\/page"}],"author":[{"embeddable":true,"href":"https:\/\/moverdb.com\/nb\/wp-json\/wp\/v2\/users\/1"}],"replies":[{"embeddable":true,"href":"https:\/\/moverdb.com\/nb\/wp-json\/wp\/v2\/comments?post=1036"}],"version-history":[{"count":6,"href":"https:\/\/moverdb.com\/nb\/wp-json\/wp\/v2\/pages\/1036\/revisions"}],"predecessor-version":[{"id":6182,"href":"https:\/\/moverdb.com\/nb\/wp-json\/wp\/v2\/pages\/1036\/revisions\/6182"}],"wp:attachment":[{"href":"https:\/\/moverdb.com\/nb\/wp-json\/wp\/v2\/media?parent=1036"}],"curies":[{"name":"wp","href":"https:\/\/api.w.org\/{rel}","templated":true}]}}