{"id":1034,"date":"2017-01-10T06:29:27","date_gmt":"2017-01-10T06:29:27","guid":{"rendered":"http:\/\/moverdb.com\/?page_id=1034"},"modified":"2026-01-08T13:18:31","modified_gmt":"2026-01-08T13:18:31","slug":"hilldrup-moving-storage","status":"publish","type":"page","link":"https:\/\/moverdb.com\/nb\/hilldrup-moving-storage\/","title":{"rendered":"Hilldrup Flytting &amp; Oppbevaring: Internasjonale flytteanmeldelser"},"content":{"rendered":"<p>Hilldrup Moving and Storage er basert i Stafford VA. Selskapet tilbyr sine kunder en rekke tjenester som er oppf\u00f8rt nedenfor, sammen med en firmaprofil og anmeldelser.<\/p>\n<p><strong>Internasjonale flyttetjenester<\/strong><\/p>\n<p>Hjelp til flytting<\/p>\n<ul>\n<li> R\u00e5dgivning om menneskelige ressurser og strategisk planlegging<\/li>\n<li> Bistand til markedsf\u00f8ring<\/li>\n<li> Boligsalgsprogram<\/li>\n<li> Administrasjon av utgifter<\/li>\n<li> Midlertidig boform<\/li>\n<li> Internasjonale oppdragstjenester<\/li>\n<li> Destinasjons- og bosettingstjenester<\/li>\n<li> Programmer for flytteadministrasjon<\/li>\n<li> Hensyn til kompensasjon, skatt og l\u00f8nn<\/li>\n<li> Tilpasset rapportering<\/li>\n<li> Administrasjon av engangsbel\u00f8p<\/li>\n<\/ul>\n<p>Flyttestyring<\/p>\n<ul>\n<li> Dedikert r\u00e5dgiver for internasjonal flytting<\/li>\n<li> Administrere all land- og sj\u00f8-\/lufttransport<\/li>\n<li> Hjelp med pass, visum og toll<\/li>\n<\/ul>\n<p>Lagringskapasitet<\/p>\n<ul>\n<li> Langtids- og korttidslagring<\/li>\n<li> Ubegrenset tilgang til lagringslagre over hele verden<\/li>\n<li> Sikkerhet d\u00f8gnet rundt<\/li>\n<li> Sprinkleranlegg og brannslukkingssystemer<\/li>\n<li> Forsvarsdepartementet sertifisert<\/li>\n<li> 200 000 kvadratmeter med klimakontrollert lagring tilgjengelig<\/li>\n<li> Biler, b\u00e5ter og bobiler<\/li>\n<li> Vedlikehold for kj\u00f8ret\u00f8y i langtidslagring.<\/li>\n<\/ul>\n<p><strong>Bedriftsflytting - internasjonalt og lokalt<\/strong><\/p>\n<p>Avgangstjenester<\/p>\n<ul>\n<li> Hjelp til markedsf\u00f8ring i hjemmet<\/li>\n<li> Eiendomsforvaltning<\/li>\n<li> Forsendelse av husholdningsvarer<\/li>\n<li> Reiseassistanse<\/li>\n<\/ul>\n<p>Destinasjonstjenester<\/p>\n<ul>\n<li> Destinasjonsorientering<\/li>\n<li> Hjelp til \u00e5 finne hjem<\/li>\n<li> Bistand til boligl\u00e5n<\/li>\n<li> Midlertidige boliger<\/li>\n<li> Bistand til utleie<\/li>\n<li> Overgangshjelp for familier<\/li>\n<\/ul>\n<p>Globalt oppdrag<\/p>\n<ul>\n<li> Omr\u00e5deorientering<\/li>\n<li> Midlertidig opphold<\/li>\n<li> Spr\u00e5koppl\u00e6ring<\/li>\n<li> Visum- og innvandringstjenester<\/li>\n<li> Forvaltning av leieforhold<\/li>\n<li> Kostnadsanslag<\/li>\n<li> Hjem Finne<\/li>\n<li> Bosetting i tjenester<\/li>\n<li> Tverrkulturell oppl\u00e6ring<\/li>\n<li> S\u00f8kehjelp for skole og utdanning<\/li>\n<li> St\u00f8tteprogrammer for ektefelle\/partner<\/li>\n<\/ul>\n<p><strong>Regjeringen og milit\u00e6ret<\/strong><\/p>\n<ul>\n<li> CHAMP<\/li>\n<li> DOD Flytting av husholdning<\/li>\n<li> Full f\u00f8deral forsyningsplan for flytting<\/li>\n<li> F\u00f8deral forsyningsplan for flytting av kontorer<\/li>\n<\/ul>\n<p><strong>Flyttetjenester for boliger<\/strong><\/p>\n<ul>\n<li> D\u00f8r-til-d\u00f8r<\/li>\n<li> Full service tilgjengelig<\/li>\n<li> Langtids- og korttidslagring tilgjengelig<\/li>\n<li> Pakking og utpakking<\/li>\n<li> Forsikring ordnet<\/li>\n<li> Biltransport<\/li>\n<\/ul>\n<p><strong>Kommersielle flyttetjenester<\/strong><\/p>\n<ul>\n<li> H\u00e5ndtering av flytting over hele verden<\/li>\n<li> Landsomfattende flytting av kontorer<\/li>\n<li> Campus-milj\u00f8er<\/li>\n<li> Budsjett\/kostnadsanalyse<\/li>\n<li> Installasjon<\/li>\n<li> Omkonfigurering<\/li>\n<li> Forvaltning av eiendeler<\/li>\n<li> Lagring<\/li>\n<li> Frakobling\/tilkobling av IT<\/li>\n<li> Analyse av tilpassede designbehov for IT<\/li>\n<li> Nettbasert avvikling<\/li>\n<\/ul>\n<h2>Hilldrup Moving &amp; Storage Company Profil<\/h2>\n<p>R. G. Hilldrup startet selskapet som n\u00e5 er Hilldrup Moving and Storage Company i 1903. P\u00e5 1940-tallet ble selskapet solgt til en av de ansatte - C B McDaniel. I 1964 inngikk Hilldrup et samarbeid med <a href=\"https:\/\/moverdb.com\/nb\/united-van-lines\/\">United Van Lines<\/a> som gjorde det mulig for selskapet \u00e5 utvide sine tjenester betraktelig. Selskapet tilbyr n\u00e5 lokale, nasjonale og internasjonale flyttinger til privatpersoner og bedriftskunder, i tillegg til omfattende lagerfasiliteter. <\/p>\n<p>Hilldrup drives n\u00e5 av tredje generasjon McDaniel's, og selskapet har stor tro p\u00e5 familiens styrke. Det er denne holdningen de overf\u00f8rer til kundene sine. Hilldrup liker \u00e5 gi tilbake og st\u00f8tter mange veldedige organisasjoner i lokalsamfunnet.<\/p>\n<p>Hilldrup Flytting og Oppbevaring har f\u00f8lgende akkrediteringer og tilknytninger:<\/p>\n<ul>\n<li> <a href=\"https:\/\/moverdb.com\/nb\/amsa\/\">American Moving and Storage Association<\/a> (<a href=\"https:\/\/moverdb.com\/nb\/amsa\/\" data-internallinksmanager029f6b8e52c=\"5\" title=\"American Moving &amp; Storage Association (AMSA) forklart\">AMSA<\/a>)<\/li>\n<li> <a href=\"https:\/\/moverdb.com\/nb\/felgpromover\/\">AMSAs sertifisering som registrert internasjonal spedit\u00f8r (RIM)<\/a><\/li>\n<li> American Trucking Association (ATA)<\/li>\n<li> Better Business Bureau for alle filialer<\/li>\n<li> Senter for forvaltning av internasjonale oppdrag (CIAM)<\/li>\n<li> Program for sentralisert styring av husholdningstrafikk (CHAMP)<\/li>\n<li> Betegnelser for sertifisert relokaliseringsekspert (CRP)<\/li>\n<li> CoreNet Global<\/li>\n<li> <a href=\"https:\/\/moverdb.com\/nb\/arbeidstaker-flytting-rad\/\">R\u00e5det for flytting av ansatte<\/a> (<a href=\"https:\/\/moverdb.com\/nb\/employee-relocation-council\/\" data-internallinksmanager029f6b8e52c=\"83\" title=\"Worldwide Employee Relocation Council (ERC) Forklaret\">ERC<\/a>)<\/li>\n<li> Den f\u00f8derale sj\u00f8fartskommisjonen<\/li>\n<li> <a href=\"https:\/\/moverdb.com\/nb\/fidi-faim\/\">F\u00e9d\u00e9ration Internationale des D\u00e9m\u00e9nageurs Internationaux \/ Sammenslutningen av internasjonale flyttefirmaer<\/a> (<a href=\"https:\/\/moverdb.com\/nb\/fidi-faim\/\" data-internallinksmanager029f6b8e52c=\"16\" title=\"FIDI &amp; FAIM (FIDI-akkreditert internasjonal spedit\u00f8r) forklart\">FIDI<\/a>)<\/li>\n<li> FIDI FAIM\/ISO-sertifisering<\/li>\n<li> Betegnelser for global mobilitetsspesialist (GMS)<\/li>\n<li> <a href=\"https:\/\/moverdb.com\/nb\/hgfaa\/\">Foreningen for spedit\u00f8rer av husholdningsvarer<\/a> (HHGFA)<\/li>\n<li> <a href=\"https:\/\/moverdb.com\/nb\/iata\/\">Den internasjonale lufttransportforeningen<\/a> (<a href=\"https:\/\/moverdb.com\/nb\/iata\/\" data-internallinksmanager029f6b8e52c=\"22\" title=\"Den internasjonale lufttransportorganisasjonen (IATA) Forklart\">IATA<\/a>)<\/li>\n<li> <a href=\"https:\/\/moverdb.com\/nb\/iam\/\">International Association of Movers<\/a> (<a href=\"https:\/\/moverdb.com\/nb\/iam\/\" data-internallinksmanager029f6b8e52c=\"23\" title=\"International Association of Movers (IAM) Forklaret\">IAM<\/a>)<\/li>\n<li> International Facilities Management Association (IFMA)<\/li>\n<li> ISO 9001:2000-sertifisering<\/li>\n<li> <a href=\"https:\/\/moverdb.com\/nb\/lacma\/\">Latinamerikanske og karibiske flyttebyr\u00e5er<\/a> (<a href=\"https:\/\/moverdb.com\/nb\/lacma\/\" data-internallinksmanager029f6b8e52c=\"28\" title=\"Latinamerikanske og karibiske internasjonale flyttebyr\u00e5ers forening (LACMA)\">LACMA<\/a>)<\/li>\n<li> Professional Employee Relocation Council International (PERC International) (Internasjonalt r\u00e5d for flytting av profesjonelle arbeidstakere)<\/li>\n<li> <a href=\"https:\/\/moverdb.com\/nb\/felgpromover\/\">ProMover<\/a><\/li>\n<li> UniGroup verdensomspennende sertifisert internasjonal spedisjonsagent<\/li>\n<li> UniGroup Worldwide UTS Agent Forwarder<\/li>\n<\/ul>\n<h2>Hilldrup Moving &amp; Storage Anmeldelser<\/h2>\n<p><strong>Positivt:<\/strong><\/p>\n<ul>\n<li> <em>\"De flyttet alt, og de gjorde en flott jobb.  Back office var ogs\u00e5 veldig flinke til \u00e5 svare p\u00e5 sp\u00f8rsm\u00e5l og s\u00f8rge for at vi visste alt om flyttingen.\"<\/em> - Michael S. via <a href=\"https:\/\/www.yelp.co.uk\/biz\/hilldrup-moving-and-storage-stafford?hrid=hESxKCc7GvTBdlp-kN4udw&#038;utm_campaign=www_review_share_popup&#038;utm_medium=copy_link&#038;utm_source=(direct)\" target=\"_blank\" rel=\"noopener\">Yelp<\/a>.<\/li>\n<li> <em>\"Vi kunne ikke v\u00e6rt mer forn\u00f8yd med dette selskapet, fra estimatet til den endelige leveransen var de punktlige, profesjonelle, h\u00f8flige og veldig vennlige.\"<\/em> - Yarbs via <a href=\"https:\/\/www.bbb.org\/richmond\/business-reviews\/movers\/hilldrup-moving-storage-in-stafford-va-37026248\/reviews-and-complaints\" target=\"_blank\" rel=\"noopener\">BBB<\/a><\/li>\n<\/ul>\n<p><strong>Nei:<\/strong><\/p>\n<ul>\n<li> <em>\"Disse gutta er forferdelige. Jeg vet at n\u00e5r du f\u00e5r profesjonelle flyttefolk, forventer du at noen ting blir \u00f8delagt, det er bare en del av prosessen. Problemet er at vi fant ting som var \u00f8delagt p\u00e5 grunn av virkelig dumme feil.\"<\/em> - Nick T. via <a href=\"https:\/\/www.yelp.co.uk\/biz\/hilldrup-moving-and-storage-stafford?hrid=tgu5ZfofrNJ6h_HXaIX9PQ&#038;utm_campaign=www_review_share_popup&#038;utm_medium=copy_link&#038;utm_source=(direct)\" target=\"_blank\" rel=\"noopener\">Yelp<\/a><\/li>\n<li> <em>\"S\u00e5 sj\u00e5f\u00f8ren som kom fra Hilldrup hadde ingen erfaring med lossing og tar med seg ting til h\u00f8yhus. Dette er veldig d\u00e5rlig og s\u00e5 uprofesjonelt.\"<\/em> - Sharad via <a href=\"https:\/\/www.mymovingreviews.com\/movers\/hilldrup-3657\" target=\"_blank\" rel=\"noopener\">MyMoingReviews.com<\/a><\/li>\n<\/ul>\n<div itemprop=\"review\" itemscope itemtype=\"http:\/\/schema.org\/Review\">\n<span itemprop=\"author\" itemscope=\"\" itemtype=\"http:\/\/schema.org\/Organization\"><span itemprop=\"name\">MoverDB.com<\/span><\/span> Nettstedsgjennomgang for <span itemprop=\"itemreviewed\" itemscope=\"\" itemtype=\"http:\/\/schema.org\/Brand\"><span itemprop=\"name\">Hilldrup Flytting &amp; Oppbevaring<\/span><\/span>:<\/p>\n<ol>\n<li> Tydelige kontaktopplysninger p\u00e5 nettstedet (inkludert telefonnummer): <strong>Ja<\/strong><\/li>\n<li> Lett \u00e5 f\u00e5 tak i <a href=\"https:\/\/moverdb.com\/nb\/sitater\/\">internasjonale flyttetilbud<\/a>? (skjema for foresp\u00f8rsel om prisoverslag p\u00e5 nett): <strong>Ja<\/strong><\/li>\n<li> Tydelig informasjon p\u00e5 nettstedet: <strong>Ja,<\/strong> Nettstedet er godt utformet og skisserer tydelig produktene og tjenestene som tilbys.<\/li>\n<li> Medlemskap i internasjonalt anerkjente flytteorganisasjoner: <strong>Ja<\/strong>, mange, se ovenfor<\/li>\n<li> Liste over kunder og\/eller tidligere kundeuttalelser. <strong>Ja,<\/strong> Selv om de lister opp sine priser og tilknytninger p\u00e5 nettstedet sitt, kunne vi ikke finne en liste over kundeuttalelser. De har imidlertid generelt lagt ut anmeldelser fra hele nettet.<\/li>\n<\/ol>\n<div itemprop=\"reviewRating\" itemscope itemtype=\"http:\/\/schema.org\/Rating\"><meta itemprop=\"worstRating\" content = \"0\" \/><meta itemprop=\"bestRating\" content=\"5\" \/><meta itemprop=\"ratingValue\" content=\"4.5\"><\/div>\n<p><strong>Samlet poengsum: 4.5\/5<\/strong><br \/>\n<strong>Dato for gjennomgang:<\/strong> <span itemprop=\"datePublished\" content=\"2017-01-10\">10\/01\/2017<\/span>\n<\/div>\n<p>Les mer om <a href=\"https:\/\/moverdb.com\/nb\/flyttefirmaer\/\">internasjonale flyttebyr\u00e5er<\/a>, <a href=\"https:\/\/moverdb.com\/nb\/us-canada-movers\/\">innenlandske flyttebyr\u00e5er<\/a> og v\u00e5r <a href=\"https:\/\/moverdb.com\/nb\/vurderinger\/\">gjennomgangsprosessen forklart<\/a>.<\/p>\n<p><strong>Nettsted:<\/strong> <a href=\"https:\/\/www.hilldrup.com\/\" target=\"_blank\" rel=\"noopener\">https:\/\/www.hilldrup.com\/<\/a><\/p>","protected":false},"excerpt":{"rendered":"<p>Hilldrup Moving and Storage is based in Stafford VA. The company offers its client a variety of services which are listed below, together with a company profile and reviews. International Moving Services Relocation Assistance Human Resource Consulting and Strategic Planning Marketing Assistance Home Sales Program Expense Administration Temporary Living Arrangement International Assignment Services Destination and [&hellip;]<\/p>\n","protected":false},"author":1,"featured_media":0,"parent":0,"menu_order":0,"comment_status":"closed","ping_status":"closed","template":"","meta":{"_genesis_hide_title":false,"_genesis_hide_breadcrumbs":false,"_genesis_hide_singular_image":false,"_genesis_hide_footer_widgets":false,"_genesis_custom_body_class":"","_genesis_custom_post_class":"","_genesis_layout":"","footnotes":""},"class_list":{"0":"post-1034","1":"page","2":"type-page","3":"status-publish","5":"entry"},"_links":{"self":[{"href":"https:\/\/moverdb.com\/nb\/wp-json\/wp\/v2\/pages\/1034","targetHints":{"allow":["GET"]}}],"collection":[{"href":"https:\/\/moverdb.com\/nb\/wp-json\/wp\/v2\/pages"}],"about":[{"href":"https:\/\/moverdb.com\/nb\/wp-json\/wp\/v2\/types\/page"}],"author":[{"embeddable":true,"href":"https:\/\/moverdb.com\/nb\/wp-json\/wp\/v2\/users\/1"}],"replies":[{"embeddable":true,"href":"https:\/\/moverdb.com\/nb\/wp-json\/wp\/v2\/comments?post=1034"}],"version-history":[{"count":3,"href":"https:\/\/moverdb.com\/nb\/wp-json\/wp\/v2\/pages\/1034\/revisions"}],"predecessor-version":[{"id":6220,"href":"https:\/\/moverdb.com\/nb\/wp-json\/wp\/v2\/pages\/1034\/revisions\/6220"}],"wp:attachment":[{"href":"https:\/\/moverdb.com\/nb\/wp-json\/wp\/v2\/media?parent=1034"}],"curies":[{"name":"wp","href":"https:\/\/api.w.org\/{rel}","templated":true}]}}