{"id":1032,"date":"2016-11-24T06:36:56","date_gmt":"2016-11-24T06:36:56","guid":{"rendered":"http:\/\/moverdb.com\/?page_id=1032"},"modified":"2026-05-15T14:55:51","modified_gmt":"2026-05-15T14:55:51","slug":"coleman-worldwide-moving","status":"publish","type":"page","link":"https:\/\/moverdb.com\/nb\/coleman-worldwide-moving\/","title":{"rendered":"Coleman Worldwide Moving: Internasjonale flytteanmeldelser"},"content":{"rendered":"<p>Coleman Worldwide Moving ogs\u00e5 kjent som Coleman American Moving Services &amp; Coleman Allied tilbyr mange internasjonale flyttetjenester. Disse er oppf\u00f8rt nedenfor, sammen med en selskapsprofil og anmeldelser.<\/p>\n<p><strong>Internasjonale flyttere<\/strong><\/p>\n<ul>\n<li> Full service pakking<\/li>\n<li> Personlig flyttekoordinator<\/li>\n<li> Tilpassede kasser<\/li>\n<li> <a href=\"https:\/\/moverdb.com\/nb\/bil-transport-frakt\/\">Frakt av kj\u00f8ret\u00f8y<\/a><\/li>\n<li> Online sporing av forsendelser<\/li>\n<li> Langtids- og korttidslagring<\/li>\n<li> Utpakking<\/li>\n<li> Fjerning av rusk<\/li>\n<\/ul>\n<p><strong>Bedriftsflytting<\/strong><\/p>\n<ul>\n<li> Full service pakking<\/li>\n<li> Personlig flyttekoordinator<\/li>\n<li> Fra \u00e9n ansatt til hele staben<\/li>\n<li> Utpakking<\/li>\n<li> <a href=\"https:\/\/moverdb.com\/nb\/car-transport-shipping\/\" data-internallinksmanager029f6b8e52c=\"2\" title=\"2026 Internasjonal biltransport og tilbud p\u00e5 frakt av kj\u00f8ret\u00f8y\">Frakt av kj\u00f8ret\u00f8y<\/a><\/li>\n<li> Utpakking og fjerning av rusk<\/li>\n<li> Online sporing av forsendelser<\/li>\n<\/ul>\n<p><strong>Kommersielle flyttebyr\u00e5er<\/strong><\/p>\n<ul>\n<li> Industriell flytting<\/li>\n<li> Regjeringen i bevegelse<\/li>\n<li> Flytting av kontor<\/li>\n<li> Flytting av datamaskiner og elektronikk<\/li>\n<li> Bedriftsflytting<\/li>\n<\/ul>\n<p><strong>Offentlige og milit\u00e6re flyttebyr\u00e5er<\/strong><\/p>\n<ul>\n<li> Personlig flyttekoordinator<\/li>\n<li> Full service pakking<\/li>\n<li> F\u00f8lg strenge bevegelsesprotokoller<\/li>\n<\/ul>\n<p><strong>Flytting av husholdninger<\/strong><\/p>\n<ul>\n<li> Personlig flyttekoordinator<\/li>\n<li> Jobber i alle st\u00f8rrelser<\/li>\n<li> Fullt tjenestetilbud<\/li>\n<li> Pakking og utpakking<\/li>\n<li> Kort- og langtidslagring<\/li>\n<\/ul>\n<h2>Coleman Worldwide Moving Company Profil<\/h2>\n<p>Coleman Worldwide Moving har eksistert siden 1914 og er n\u00e5 en del av Coleman World Group. Det begynte med 8 hester og to vogner, n\u00e5 konsentrerer selskapet seg om internasjonale, langdistanse, lokale og landsdekkende flyttinger for enkeltpersoner og selskaper.<\/p>\n<p>Det er ogs\u00e5 kjent som Coleman American Moving Services og er en del av <a href=\"https:\/\/moverdb.com\/nb\/allierte-van-linjer\/\">Allied Moving<\/a> konsernets tilknyttede selskaper.<\/p>\n<p>Coleman har over 50 selskapseide kontorer i Europa. <a href=\"https:\/\/moverdb.com\/nb\/moving-to-the-united-states\/\" data-internallinksmanager029f6b8e52c=\"94\" title=\"Flytte til USA? 2023 Levekostnader og flyttetips\">USA<\/a> og mer enn 400 agenter i 175 land over hele verden. Det er et familieeid selskap som er fast bestemt p\u00e5 \u00e5 yte samme service som grunnleggerne gjorde i 1914. <\/p>\n<p>Coleman Worldwide Moving har f\u00f8lgende akkrediteringer og tilknytninger:<\/p>\n<ul>\n<li> <a href=\"https:\/\/moverdb.com\/nb\/felgpromover\/\">ProMover<\/a><\/li>\n<li> <a href=\"https:\/\/moverdb.com\/nb\/amsa\/\">AMSA<\/a><\/li>\n<li> BBB akkreditert<\/li>\n<li> Vinner av Allied Quality Award<\/li>\n<li> Move For Hunger<\/li>\n<\/ul>\n<p><strong>Coleman verdensomspennende flytteanmeldelser<\/strong><\/p>\n<p><strong>Positivt:<\/strong><\/p>\n<ul>\n<li> <em>\"Flott service ... Enkel ... Stressfri flytting. Forutsatt n\u00f8yaktig flytteestimat. Profesjonelt personale hele veien. Fra estimat til levering. Profesjonell og vennlig henting, transport og levering. Takk s\u00e5 mye.\"<\/em>  - Anthony via <a href=\"http:\/\/www.colemanallied.com\/moving-reviews\/\" target=\"_blank\" rel=\"noopener\">selskapets nettsted<\/a><\/li>\n<li> <em>\"Min 90 \u00e5r gamle far og jeg kunne ikke v\u00e6rt mer forn\u00f8yd med Coleman Worldwide Moving.\"<\/em> - Tori via <a href=\"https:\/\/www.yelp.com\/biz\/coleman-american-moving-services-san-diego?hrid=Ofenf__KAOD4xnvo73xHNw&#038;utm_campaign=www_review_share_popup&#038;utm_medium=copy_link&#038;utm_source=(direct)\" target=\"_blank\" rel=\"noopener\">Yelp<\/a> (for Coleman American Moving Services)<\/li>\n<li> <em>\"Jeg har v\u00e6rt i flyttebransjen, men dette var f\u00f8rste gang jeg var kunde. Gutta som ble sendt for \u00e5 laste var h\u00f8flige, veloppdragne og hardtarbeidende. Akkurat den typen karer jeg selv ville ha ansatt hvis jeg var p\u00e5 utkikk etter lokal hjelp.\"<\/em> - Donna via <a href=\"https:\/\/www.facebook.com\/pg\/colemanallied\/reviews\/\" target=\"_blank\" rel=\"noopener\">Facebook-side<\/a><\/li>\n<li> <em>\"Jeg har alltid hatt gode erfaringer med \u00e5 flytte med Allied, men denne flyttingen overgikk langt de andre. Det var virkelig en stressfri flytting for meg.\"<\/em> - Marlena via <a href=\"http:\/\/www.mymovingreviews.com\/movers\/coleman-worldwide-moving-3905#59102\" target=\"_blank\" rel=\"noopener\">MyMovingReviews<\/a><\/li>\n<\/ul>\n<p><strong>Nei:<\/strong><\/p>\n<ul>\n<li> <em>\"V\u00e5r erfaring med at Coleman\/Allied Worldwide h\u00e5ndterte flyttingen v\u00e5r p\u00e5 tvers av delstatene (<a href=\"https:\/\/moverdb.com\/nb\/moving-to-the-united-states\/moving-to-alabama\/\" data-internallinksmanager029f6b8e52c=\"448\" title=\"Flytter du til Alabama? 2024 Levekostnader og flyttetips\">Alabama<\/a> til <a href=\"https:\/\/moverdb.com\/nb\/moving-to-the-united-states\/moving-to-north-carolina\/\" data-internallinksmanager029f6b8e52c=\"411\" title=\"Flytte til North Carolina? 2023 levekostnader og flyttetips\">Nord-Carolina<\/a>) var full av problemer.\"<\/em> - Sarah via <a href=\"https:\/\/www.bbb.org\/csal\/business-reviews\/movers\/coleman-worldwide-moving-in-midland-city-al-4001673\/reviews-and-complaints\" target=\"_blank\" rel=\"noopener\">BBB<\/a><\/li>\n<li> <em>\"Jeg har ikke en gang skrapt i overflaten med denne opplevelsen. Det er s\u00e5 mye mer \u00e5 fortelle, men jeg ville i det minste f\u00e5 sagt det verste av det verste.\"<\/em> - Kristin via <a href=\"https:\/\/www.consumeraffairs.com\/movers\/allied_van_lines.htm\" target=\"_blank\" rel=\"noopener\">Forbrukersaker<\/a><\/li>\n<li> <em>\"IKKE BRUK DETTE <a href=\"https:\/\/moverdb.com\/nb\/moving-companies\/\" data-internallinksmanager029f6b8e52c=\"79\" title=\"Topp 25 internasjonale flyttebyr\u00e5er p\u00e5 nettet\">FLYTTING AV VIRKSOMHET<\/a>.  De insisterte p\u00e5 \u00e5 flytte oss inn under en tropisk storm i St Pete etter en sv\u00e6rt forsinket start i <a href=\"https:\/\/moverdb.com\/nb\/moving-to-atlanta\/\">Atlanta<\/a>.\"<\/em> - Becky via <a href=\"https:\/\/www.yelp.com\/biz\/coleman-worldwide-moving-fairburn\" target=\"_blank\" rel=\"noopener\">Yelp<\/a><\/li>\n<li> <em>\"Milit\u00e6ret m\u00e5 fjerne dette selskapet som transport\u00f8r. Jeg har personlig opplevd problemer med dette selskapet, fra pakking av huset mitt til levering og kvitteringer.\"<\/em> - Shawni via <a href=\"https:\/\/www.facebook.com\/pg\/colemanallied\/reviews\/\" target=\"_blank\" rel=\"noopener\">Facebook-side<\/a><\/li>\n<\/ul>\n<div itemprop=\"review\" itemscope itemtype=\"http:\/\/schema.org\/Review\">\n<span itemprop=\"author\" itemscope=\"\" itemtype=\"http:\/\/schema.org\/Organization\"><span itemprop=\"name\">MoverDB.com<\/span><\/span> Nettstedsgjennomgang for <span itemprop=\"itemreviewed\" itemscope=\"\" itemtype=\"http:\/\/schema.org\/Brand\"><span itemprop=\"name\">Coleman Worldwide Moving<\/span><\/span>:<\/p>\n<ol>\n<li> Tydelige kontaktopplysninger p\u00e5 nettstedet (inkludert telefonnummer): <strong>Ja<\/strong><\/li>\n<li> Lett \u00e5 f\u00e5 tak i <a href=\"https:\/\/moverdb.com\/nb\/sitater\/\">internasjonale flyttetilbud<\/a>? (skjema for foresp\u00f8rsel om prisoverslag p\u00e5 nett): <strong>Ja<\/strong><\/li>\n<li> Tydelig informasjon p\u00e5 nettstedet: <strong>Noen<\/strong>, mens det ikke finnes mye informasjon om tjenestene deres utover det.<\/li>\n<li> Medlemskap i internasjonalt anerkjente flytteorganisasjoner: <strong>Ja<\/strong>, men ikke s\u00e5 mange som mange andre flyttebyr\u00e5er.<\/li>\n<li> Liste over kunder og\/eller tidligere kundeuttalelser: <strong>Ja<\/strong>Det er mange positive kundeuttalelser p\u00e5 nettstedet, selv om vurderingene fra resten av nettet er litt mer blandede.<\/li>\n<\/ol>\n<div itemprop=\"reviewRating\" itemscope itemtype=\"http:\/\/schema.org\/Rating\"><meta itemprop=\"worstRating\" content = \"0\" \/><meta itemprop=\"bestRating\" content=\"5\" \/><meta itemprop=\"ratingValue\" content=\"4\"><\/div>\n<p><strong>Samlet poengsum: 4\/5<\/strong><br \/>\n<strong>Dato for gjennomgang:<\/strong> <span itemprop=\"datePublished\" content=\"2016-11-24\">24\/11\/2016<\/span>\n<\/div>\n<p>Les mer om <a href=\"https:\/\/moverdb.com\/nb\/flyttefirmaer\/\">de beste internasjonale flyttebyr\u00e5ene<\/a>, <a href=\"https:\/\/moverdb.com\/nb\/us-canada-movers\/\">flyttebyr\u00e5er i USA<\/a> og v\u00e5r <a href=\"https:\/\/moverdb.com\/nb\/vurderinger\/\">gjennomgangsprosessen<\/a>.<\/p>\n<p><strong>Nettsted:<\/strong> <a href=\"http:\/\/www.colemanallied.com\/\" target=\"_blank\" rel=\"noopener\">http:\/\/www.colemanallied.com\/<\/a><\/p>","protected":false},"excerpt":{"rendered":"<p>Coleman Worldwide Moving also known as Coleman American Moving Services &#038; Coleman Allied offers many international moving services. These are listed below, together with a company profile and reviews. International Movers Full service packing Personal move coordinator Custom crating Vehicle shipping On line shipment tracking Long and short term storage Unpacking Debris removal Corporate Relocation [&hellip;]<\/p>\n","protected":false},"author":1,"featured_media":0,"parent":0,"menu_order":0,"comment_status":"closed","ping_status":"closed","template":"","meta":{"_genesis_hide_title":false,"_genesis_hide_breadcrumbs":false,"_genesis_hide_singular_image":false,"_genesis_hide_footer_widgets":false,"_genesis_custom_body_class":"","_genesis_custom_post_class":"","_genesis_layout":"","footnotes":""},"class_list":{"0":"post-1032","1":"page","2":"type-page","3":"status-publish","5":"entry"},"_links":{"self":[{"href":"https:\/\/moverdb.com\/nb\/wp-json\/wp\/v2\/pages\/1032","targetHints":{"allow":["GET"]}}],"collection":[{"href":"https:\/\/moverdb.com\/nb\/wp-json\/wp\/v2\/pages"}],"about":[{"href":"https:\/\/moverdb.com\/nb\/wp-json\/wp\/v2\/types\/page"}],"author":[{"embeddable":true,"href":"https:\/\/moverdb.com\/nb\/wp-json\/wp\/v2\/users\/1"}],"replies":[{"embeddable":true,"href":"https:\/\/moverdb.com\/nb\/wp-json\/wp\/v2\/comments?post=1032"}],"version-history":[{"count":5,"href":"https:\/\/moverdb.com\/nb\/wp-json\/wp\/v2\/pages\/1032\/revisions"}],"predecessor-version":[{"id":6193,"href":"https:\/\/moverdb.com\/nb\/wp-json\/wp\/v2\/pages\/1032\/revisions\/6193"}],"wp:attachment":[{"href":"https:\/\/moverdb.com\/nb\/wp-json\/wp\/v2\/media?parent=1032"}],"curies":[{"name":"wp","href":"https:\/\/api.w.org\/{rel}","templated":true}]}}