{"id":10257,"date":"2023-06-22T15:34:17","date_gmt":"2023-06-22T15:34:17","guid":{"rendered":"https:\/\/moverdb.com\/?page_id=10257"},"modified":"2026-01-08T15:29:05","modified_gmt":"2026-01-08T15:29:05","slug":"moving-companies-vietnam","status":"publish","type":"page","link":"https:\/\/moverdb.com\/nb\/moving-companies\/moving-companies-vietnam\/","title":{"rendered":"De 5 beste internasjonale flyttebyr\u00e5ene i Vietnam"},"content":{"rendered":"<p>Tenker du p\u00e5 \u00e5 flytte til, fra eller innenfor <a href=\"https:\/\/moverdb.com\/nb\/moving-to-vietnam\/\" data-internallinksmanager029f6b8e52c=\"390\" title=\"Flytter du til Vietnam? 2023 Levekostnader og flyttetips\">Vietnam<\/a>? \u00c5 f\u00e5 en <a href=\"https:\/\/moverdb.com\/nb\/moving-companies\/\" data-internallinksmanager029f6b8e52c=\"79\" title=\"Topp 25 internasjonale flyttebyr\u00e5er p\u00e5 nettet\">flyttefirma<\/a> som kan hjelpe deg med \u00e5 pakke eiendelene dine, ordne transport og h\u00e5ndtere tollprosedyrer. Nedenfor har vi satt sammen en liste over Vietnam-baserte <a href=\"https:\/\/moverdb.com\/nb\/international-removals\/\" data-internallinksmanager029f6b8e52c=\"27\" title=\"De 36 beste internasjonale flyttebyr\u00e5ene i Storbritannia\">flyttebyr\u00e5er<\/a> som er medlemmer av <a href=\"https:\/\/moverdb.com\/nb\/iam\/\" data-internallinksmanager029f6b8e52c=\"23\" title=\"International Association of Movers (IAM) Forklaret\">International Association of Movers<\/a> (IAM) og\/eller <a href=\"https:\/\/moverdb.com\/nb\/fidi-faim\/\" data-internallinksmanager029f6b8e52c=\"16\" title=\"FIDI &amp; FAIM (FIDI-akkreditert internasjonal spedit\u00f8r) forklart\">FIDI<\/a> Accredited International Mover (FAIM) som kan hjelpe deg med flyttingen.<\/p>\n<div id=\"ez-toc-container\" class=\"ez-toc-v2_0_82_2 ez-toc-wrap-left counter-hierarchy ez-toc-counter ez-toc-transparent ez-toc-container-direction\">\n<div class=\"ez-toc-title-container\">\n<p class=\"ez-toc-title\" style=\"cursor:inherit\">Seksjoner<\/p>\n<span class=\"ez-toc-title-toggle\"><a href=\"#\" class=\"ez-toc-pull-right ez-toc-btn ez-toc-btn-xs ez-toc-btn-default ez-toc-toggle\" aria-label=\"Bytt innholdsfortegnelse\"><span class=\"ez-toc-js-icon-con\"><span class=\"\"><span class=\"eztoc-hide\" style=\"display:none;\">Toggle<\/span><span class=\"ez-toc-icon-toggle-span\"><svg style=\"fill: #999;color:#999\" xmlns=\"http:\/\/www.w3.org\/2000\/svg\" class=\"list-377408\" width=\"20px\" height=\"20px\" viewbox=\"0 0 24 24\" fill=\"none\"><path d=\"M6 6H4v2h2V6zm14 0H8v2h12V6zM4 11h2v2H4v-2zm16 0H8v2h12v-2zM4 16h2v2H4v-2zm16 0H8v2h12v-2z\" fill=\"currentColor\"><\/path><\/svg><svg style=\"fill: #999;color:#999\" class=\"arrow-unsorted-368013\" xmlns=\"http:\/\/www.w3.org\/2000\/svg\" width=\"10px\" height=\"10px\" viewbox=\"0 0 24 24\" version=\"1.2\" baseprofile=\"tiny\"><path d=\"M18.2 9.3l-6.2-6.3-6.2 6.3c-.2.2-.3.4-.3.7s.1.5.3.7c.2.2.4.3.7.3h11c.3 0 .5-.1.7-.3.2-.2.3-.5.3-.7s-.1-.5-.3-.7zM5.8 14.7l6.2 6.3 6.2-6.3c.2-.2.3-.5.3-.7s-.1-.5-.3-.7c-.2-.2-.4-.3-.7-.3h-11c-.3 0-.5.1-.7.3-.2.2-.3.5-.3.7s.1.5.3.7z\"\/><\/svg><\/span><\/span><\/span><\/a><\/span><\/div>\n<nav><ul class='ez-toc-list ez-toc-list-level-1 eztoc-toggle-hide-by-default' ><li class='ez-toc-page-1 ez-toc-heading-level-2'><a class=\"ez-toc-link ez-toc-heading-1\" href=\"https:\/\/moverdb.com\/nb\/moving-companies\/moving-companies-vietnam\/#1_EVo_Moves\" >1. EVo Moves<\/a><\/li><li class='ez-toc-page-1 ez-toc-heading-level-2'><a class=\"ez-toc-link ez-toc-heading-2\" href=\"https:\/\/moverdb.com\/nb\/moving-companies\/moving-companies-vietnam\/#2_Prime_Relocations_Asia\" >2. Prime Relocations Asia<\/a><\/li><li class='ez-toc-page-1 ez-toc-heading-level-2'><a class=\"ez-toc-link ez-toc-heading-3\" href=\"https:\/\/moverdb.com\/nb\/moving-companies\/moving-companies-vietnam\/#3_Logical_Moves\" >3. Logiske bevegelser<\/a><\/li><li class='ez-toc-page-1 ez-toc-heading-level-2'><a class=\"ez-toc-link ez-toc-heading-4\" href=\"https:\/\/moverdb.com\/nb\/moving-companies\/moving-companies-vietnam\/#4_Santa_Fe_Relocation\" >4. Flytting til Santa Fe<\/a><\/li><li class='ez-toc-page-1 ez-toc-heading-level-2'><a class=\"ez-toc-link ez-toc-heading-5\" href=\"https:\/\/moverdb.com\/nb\/moving-companies\/moving-companies-vietnam\/#5_Saigon_Van\" >5. Saigon Van<\/a><\/li><li class='ez-toc-page-1 ez-toc-heading-level-2'><a class=\"ez-toc-link ez-toc-heading-6\" href=\"https:\/\/moverdb.com\/nb\/moving-companies\/moving-companies-vietnam\/#Other_Useful_Guides_to_Vietnam\" >Andre nyttige guider til Vietnam<\/a><\/li><\/ul><\/nav><\/div>\n<h2><span class=\"ez-toc-section\" id=\"1_EVo_Moves\"><\/span><strong>1. EVo Moves<\/strong><span class=\"ez-toc-section-end\"><\/span><\/h2>\n<p><img loading=\"lazy\" decoding=\"async\" class=\"alignnone size-full wp-image-10115\" src=\"https:\/\/moverdb.com\/wp-content\/uploads\/EVo-Moves-international-moving-company.png\" alt=\"EVo Moves internasjonalt flyttebyr\u00e5\" width=\"1440\" height=\"683\" data-wp-pid=\"10115\" srcset=\"https:\/\/moverdb.com\/wp-content\/uploads\/EVo-Moves-international-moving-company.png 1440w, https:\/\/moverdb.com\/wp-content\/uploads\/EVo-Moves-international-moving-company-300x142.png 300w, https:\/\/moverdb.com\/wp-content\/uploads\/EVo-Moves-international-moving-company-1024x486.png 1024w, https:\/\/moverdb.com\/wp-content\/uploads\/EVo-Moves-international-moving-company-18x9.png 18w, https:\/\/moverdb.com\/wp-content\/uploads\/EVo-Moves-international-moving-company-600x285.png 600w\" sizes=\"auto, (max-width: 1440px) 100vw, 1440px\" \/><\/p>\n<ul>\n<li>Nasjonale tiltak<\/li>\n<li>Internasjonale flyttinger<\/li>\n<li>Flytting av husholdninger<\/li>\n<li>Flytting av kontorer<\/li>\n<li>D\u00f8r-til-d\u00f8r-tjeneste<\/li>\n<li>Eksportpakking<\/li>\n<li>Tollklarering<\/li>\n<li>Transport av kj\u00e6ledyr<\/li>\n<li>Forsikring<\/li>\n<li>Kort- og langtidslagring<\/li>\n<\/ul>\n<p>EVo Moves er et internasjonalt flyttebyr\u00e5 med base i Ho Chi Minh-byen. De er medlem av IAM og har fire \u00e5rs erfaring, noe som betyr at de har tilgang til et internasjonalt nettverk av flyttebyr\u00e5er som kan hjelpe dem.<\/p>\n<p>EVo Moves tilbyr en gratis unders\u00f8kelse f\u00f8r flytting for \u00e5 kartlegge flyttebehovene i Vietnam, og de gir et pristilbud fra d\u00f8r til d\u00f8r. De tilbyr en pakketjeneste som oppfyller internasjonale standarder og kvalitetskrav for \u00e5 beskytte gjenstandene dine under transport. De ordner internasjonal transport til sj\u00f8s eller med fly, komplett med sj\u00f8forsikring og tollklarering. De tilbyr ogs\u00e5 transport av kj\u00e6ledyr, desinfisering og lagring.<\/p>\n<p>Nettsted: <a href=\"http:\/\/www.evomoves.com\" target=\"_blank\" rel=\"noopener\">http:\/\/www.evomoves.com<\/a><\/p>\n<h2><span class=\"ez-toc-section\" id=\"2_Prime_Relocations_Asia\"><\/span><strong>2. Prime Relocations Asia<\/strong><span class=\"ez-toc-section-end\"><\/span><\/h2>\n<p><img loading=\"lazy\" decoding=\"async\" class=\"alignnone size-full wp-image-10170\" src=\"https:\/\/moverdb.com\/wp-content\/uploads\/Prime-Relocations-Asia-international-moving-company.png\" alt=\"Prime Relocations Asia internasjonalt flyttebyr\u00e5\" width=\"1440\" height=\"680\" data-wp-pid=\"10170\" srcset=\"https:\/\/moverdb.com\/wp-content\/uploads\/Prime-Relocations-Asia-international-moving-company.png 1440w, https:\/\/moverdb.com\/wp-content\/uploads\/Prime-Relocations-Asia-international-moving-company-300x142.png 300w, https:\/\/moverdb.com\/wp-content\/uploads\/Prime-Relocations-Asia-international-moving-company-1024x484.png 1024w, https:\/\/moverdb.com\/wp-content\/uploads\/Prime-Relocations-Asia-international-moving-company-18x9.png 18w, https:\/\/moverdb.com\/wp-content\/uploads\/Prime-Relocations-Asia-international-moving-company-600x283.png 600w\" sizes=\"auto, (max-width: 1440px) 100vw, 1440px\" \/><\/p>\n<ul>\n<li>Lokale og nasjonale flyttinger<\/li>\n<li>Internasjonale flyttinger<\/li>\n<li>Flytting av husholdninger<\/li>\n<li>Flytting av virksomheter<\/li>\n<li>D\u00f8r-til-d\u00f8r-tjeneste<\/li>\n<li>Komplett flyttepakke<\/li>\n<li>Flytting av kj\u00e6ledyr og kj\u00f8ret\u00f8y<\/li>\n<li>H\u00e5ndverkertjeneste<\/li>\n<li>Forsikring<\/li>\n<li>Anlegg for kort- og langtidslagring<\/li>\n<\/ul>\n<p>Prime Relocations Asia er et internasjonalt flyttebyr\u00e5 med kontorer i Hanoi og Ho Chi Minh-byen i Vietnam, samt kontorer i Laos og <a href=\"https:\/\/moverdb.com\/nb\/moving-to-cambodia\/\" data-internallinksmanager029f6b8e52c=\"340\" title=\"Flytter du til Kambodsja? 2023 Levekostnader og flyttetips\">Kambodsja<\/a>. De har et nettverk av foretrukne samarbeidspartnere og tilknyttede selskaper som leverer utenlandsflyttinger og h\u00e5ndterer tollbestemmelser. De er medlem av IAM og har 15 \u00e5rs erfaring.<\/p>\n<p>Prime Relocations Asia tilbyr ett enkelt kontaktpunkt for \u00e5 administrere flyttingen, som kan omfatte flytting av bolig eller bedrift, kj\u00e6ledyr og kj\u00f8ret\u00f8y, komplett med omfattende transportforsikring. Prime Relocation Asia tilbyr ogs\u00e5 tilleggstjenester som h\u00e5ndverkertjenester, betjent service, rengj\u00f8ring, hjelp til \u00e5 finne bolig, orientering, avreise og ankomst.<\/p>\n<p>Nettsted: <a href=\"http:\/\/www.primerelo.asia\" target=\"_blank\" rel=\"noopener\">http:\/\/www.primerelo.asia<\/a><\/p>\n<h2><span class=\"ez-toc-section\" id=\"3_Logical_Moves\"><\/span><strong>3. Logiske bevegelser<\/strong><span class=\"ez-toc-section-end\"><\/span><\/h2>\n<p><img loading=\"lazy\" decoding=\"async\" class=\"alignnone size-full wp-image-10149\" src=\"https:\/\/moverdb.com\/wp-content\/uploads\/Logical-Moves-international-moving-company.png\" alt=\"Logical Moves internasjonalt flyttebyr\u00e5\" width=\"1440\" height=\"670\" data-wp-pid=\"10149\" srcset=\"https:\/\/moverdb.com\/wp-content\/uploads\/Logical-Moves-international-moving-company.png 1440w, https:\/\/moverdb.com\/wp-content\/uploads\/Logical-Moves-international-moving-company-300x140.png 300w, https:\/\/moverdb.com\/wp-content\/uploads\/Logical-Moves-international-moving-company-1024x476.png 1024w, https:\/\/moverdb.com\/wp-content\/uploads\/Logical-Moves-international-moving-company-18x8.png 18w, https:\/\/moverdb.com\/wp-content\/uploads\/Logical-Moves-international-moving-company-600x279.png 600w\" sizes=\"auto, (max-width: 1440px) 100vw, 1440px\" \/><\/p>\n<ul>\n<li>Lokale tiltak<\/li>\n<li>Internasjonale flyttinger<\/li>\n<li>Flytting av husholdninger<\/li>\n<li>Bedriftsbevegelser<\/li>\n<li>Flyttetjenester<\/li>\n<li>Pakketjeneste<\/li>\n<li>Tollklarering<\/li>\n<li>Avreise- og bosettingstjenester<\/li>\n<li>Flytting av kj\u00e6ledyr<\/li>\n<li>Sikker lagring<\/li>\n<\/ul>\n<p>Logical Moves er et uavhengig internasjonalt flyttebyr\u00e5 som ble grunnlagt i 2005 og holder til i Ho Chi Minh-byen. De har et globalt nettverk og lokale ressurser som gj\u00f8r dem i stand til \u00e5 levere tjenester av h\u00f8y kvalitet for lokale og internasjonale flyttinger. De er medlem av IAM og har 18 \u00e5rs erfaring.<\/p>\n<p>Logical Moves tilbyr en konsultasjon f\u00f8r flytting og en gjennomgang av hjemmet for \u00e5 kartlegge flyttebehovene dine. De tilbyr pakkeservice for \u00e5 sikre trygg levering av eiendelene dine og s\u00f8rger for beskyttelse av forsendelsen og fortolling, og ved ankomst pakker de ut. De tilbyr tilleggstjenester som visum- og immigrasjonsst\u00f8tte, bolig- og skoles\u00f8k, avreisest\u00f8tte, altmuligmannstjeneste og bosettingstjenester.<\/p>\n<p>Nettsted: <a href=\"http:\/\/www.logicalmoves.net\" target=\"_blank\" rel=\"noopener\">http:\/\/www.logicalmoves.net<\/a><\/p>\n<h2><span class=\"ez-toc-section\" id=\"4_Santa_Fe_Relocation\"><\/span><strong>4. Flytting til Santa Fe<\/strong><span class=\"ez-toc-section-end\"><\/span><\/h2>\n<p><img loading=\"lazy\" decoding=\"async\" class=\"alignnone size-full wp-image-10181\" src=\"https:\/\/moverdb.com\/wp-content\/uploads\/Santa-Fe-Relocations-Vietnam-international-moving-company.png\" alt=\"Santa Fe Relocations Vietnam internasjonalt flyttebyr\u00e5\" width=\"1440\" height=\"681\" data-wp-pid=\"10181\" srcset=\"https:\/\/moverdb.com\/wp-content\/uploads\/Santa-Fe-Relocations-Vietnam-international-moving-company.png 1440w, https:\/\/moverdb.com\/wp-content\/uploads\/Santa-Fe-Relocations-Vietnam-international-moving-company-300x142.png 300w, https:\/\/moverdb.com\/wp-content\/uploads\/Santa-Fe-Relocations-Vietnam-international-moving-company-1024x484.png 1024w, https:\/\/moverdb.com\/wp-content\/uploads\/Santa-Fe-Relocations-Vietnam-international-moving-company-18x9.png 18w, https:\/\/moverdb.com\/wp-content\/uploads\/Santa-Fe-Relocations-Vietnam-international-moving-company-600x284.png 600w\" sizes=\"auto, (max-width: 1440px) 100vw, 1440px\" \/><\/p>\n<ul>\n<li>Lokale og nasjonale omplasseringer<\/li>\n<li>Internasjonale flyttinger<\/li>\n<li>Flytting av husholdninger<\/li>\n<li>Flytting av bedrifter<\/li>\n<li>D\u00f8r-til-d\u00f8r-tjeneste<\/li>\n<li>Spesialisert pakking<\/li>\n<li>Tollklarering<\/li>\n<li>Visum og innvandring<\/li>\n<li>Destinasjonstjenester<\/li>\n<li>Sikker lagring<\/li>\n<\/ul>\n<p>Santa Fe Relocation er et internasjonalt flytte- og relokaliseringsselskap med over 130 \u00e5rs erfaring og 64 kontorer i 38 land, inkludert Hanoi og Ho Chi Minh-byen i Vietnam. De er medlem av IAM med 17 \u00e5rs erfaring og er akkreditert av FIDI.<\/p>\n<p>Santa Fe Relocation tilbyr d\u00f8r-til-d\u00f8r-flytting med et profesjonelt team som hjelper deg gjennom hele flyttingen. De tilbyr en spesialisert pakketjeneste for \u00e5 beskytte eiendelene dine under flyttingen, men tilbyr ogs\u00e5 omfattende planer for beskyttelse av forsendelsen. De tilbyr ogs\u00e5 visum- og immigrasjonstjenester, boligs\u00f8k og andre tjenester p\u00e5 destinasjonen.<\/p>\n<p>Nettsted: <a href=\"https:\/\/www.santaferelo.com\/en\/contact\/our-offices\/vietnam-ho-chi-minh\/\" target=\"_blank\" rel=\"noopener\">https:\/\/www.santaferelo.com\/en\/contact\/our-offices\/vietnam-ho-chi-minh\/<\/a><\/p>\n<h2><span class=\"ez-toc-section\" id=\"5_Saigon_Van\"><\/span><strong>5. Saigon Van<\/strong><span class=\"ez-toc-section-end\"><\/span><\/h2>\n<p><img loading=\"lazy\" decoding=\"async\" class=\"alignnone size-full wp-image-10258\" src=\"https:\/\/moverdb.com\/wp-content\/uploads\/Saigon-Van-international-moving-company.png\" alt=\"Saigon Van internasjonalt flyttebyr\u00e5\" width=\"1440\" height=\"700\" data-wp-pid=\"10258\" srcset=\"https:\/\/moverdb.com\/wp-content\/uploads\/Saigon-Van-international-moving-company.png 1440w, https:\/\/moverdb.com\/wp-content\/uploads\/Saigon-Van-international-moving-company-300x146.png 300w, https:\/\/moverdb.com\/wp-content\/uploads\/Saigon-Van-international-moving-company-1024x498.png 1024w, https:\/\/moverdb.com\/wp-content\/uploads\/Saigon-Van-international-moving-company-18x9.png 18w, https:\/\/moverdb.com\/wp-content\/uploads\/Saigon-Van-international-moving-company-600x292.png 600w\" sizes=\"auto, (max-width: 1440px) 100vw, 1440px\" \/><\/p>\n<ul>\n<li>Lokale og nasjonale tiltak<\/li>\n<li>Internasjonale flyttinger<\/li>\n<li>Flytting av husholdninger<\/li>\n<li>Flytting av kontorer<\/li>\n<li>Pakketjeneste<\/li>\n<li>Tollklarering<\/li>\n<li>Flytting av kj\u00e6ledyr<\/li>\n<li>H\u00e5ndverkertjeneste<\/li>\n<li>Forsikring<\/li>\n<li>Lagring<\/li>\n<\/ul>\n<p>Saigon Van er et internasjonalt flyttebyr\u00e5 som ble etablert i 1990 og har base i Ho Chi Minh-byen med en filial i Ha Noi. De samarbeider med internasjonale kolleger for \u00e5 kunne levere tjenester utenfor Vietnam. De er medlem av IAM med 33 \u00e5rs erfaring og er akkreditert av FIDI.<\/p>\n<p>Saigon Van tilbyr lokale, nasjonale og internasjonale flytte- og relokaliseringstjenester som starter med en kartlegging f\u00f8r flytting. De stiller med et erfarent pakkemannskap som pakker inn og beskytter eiendelene dine. De ordner transport med fortolling og forsikring. Flyttetjenestene inkluderer visum, skoleinnskrivning, altmuligmannstjenester, rengj\u00f8ring og lagring.<\/p>\n<p>Nettsted: <a href=\"http:\/\/www.saigonvan.com\/\" target=\"_blank\" rel=\"noopener\">http:\/\/www.saigonvan.com\/<\/a><\/p>\n<h2><span class=\"ez-toc-section\" id=\"Other_Useful_Guides_to_Vietnam\"><\/span>Andre nyttige guider til Vietnam<span class=\"ez-toc-section-end\"><\/span><\/h2>\n<ul>\n<li> <a href=\"https:\/\/moverdb.com\/nb\/containertransport\/vietnam\/\">2024 Fraktpriser for containerfrakt til og fra Vietnam<\/a><\/li>\n<li> <a href=\"https:\/\/moverdb.com\/nb\/moving-to-vietnam\/\">Flytter du til Vietnam? 2023 Levekostnader og flyttetips<\/a><\/li>\n<li> <a href=\"https:\/\/moverdb.com\/nb\/moving-to-vietnam\/best-places-to-live-vietnam\/\">De 12 beste stedene \u00e5 bo i Vietnam<\/a><\/li>\n<\/ul>","protected":false},"excerpt":{"rendered":"<p>Are you thinking of moving to, from or within Vietnam? Getting a moving company to assist you can help ease the process as they can pack your effects, arrange transportation and manage customs procedures. Below we have compiled a list of Vietnam based removal companies that are members of the International Association of Movers (IAM) [&hellip;]<\/p>\n","protected":false},"author":4,"featured_media":10115,"parent":190,"menu_order":0,"comment_status":"closed","ping_status":"closed","template":"","meta":{"_genesis_hide_title":false,"_genesis_hide_breadcrumbs":false,"_genesis_hide_singular_image":false,"_genesis_hide_footer_widgets":false,"_genesis_custom_body_class":"","_genesis_custom_post_class":"","_genesis_layout":"","footnotes":""},"class_list":{"0":"post-10257","1":"page","2":"type-page","3":"status-publish","4":"has-post-thumbnail","6":"entry"},"_links":{"self":[{"href":"https:\/\/moverdb.com\/nb\/wp-json\/wp\/v2\/pages\/10257","targetHints":{"allow":["GET"]}}],"collection":[{"href":"https:\/\/moverdb.com\/nb\/wp-json\/wp\/v2\/pages"}],"about":[{"href":"https:\/\/moverdb.com\/nb\/wp-json\/wp\/v2\/types\/page"}],"author":[{"embeddable":true,"href":"https:\/\/moverdb.com\/nb\/wp-json\/wp\/v2\/users\/4"}],"replies":[{"embeddable":true,"href":"https:\/\/moverdb.com\/nb\/wp-json\/wp\/v2\/comments?post=10257"}],"version-history":[{"count":3,"href":"https:\/\/moverdb.com\/nb\/wp-json\/wp\/v2\/pages\/10257\/revisions"}],"predecessor-version":[{"id":16500,"href":"https:\/\/moverdb.com\/nb\/wp-json\/wp\/v2\/pages\/10257\/revisions\/16500"}],"up":[{"embeddable":true,"href":"https:\/\/moverdb.com\/nb\/wp-json\/wp\/v2\/pages\/190"}],"wp:featuredmedia":[{"embeddable":true,"href":"https:\/\/moverdb.com\/nb\/wp-json\/wp\/v2\/media\/10115"}],"wp:attachment":[{"href":"https:\/\/moverdb.com\/nb\/wp-json\/wp\/v2\/media?parent=10257"}],"curies":[{"name":"wp","href":"https:\/\/api.w.org\/{rel}","templated":true}]}}