{"id":10249,"date":"2023-06-22T15:38:39","date_gmt":"2023-06-22T15:38:39","guid":{"rendered":"https:\/\/moverdb.com\/?page_id=10249"},"modified":"2026-01-08T15:24:29","modified_gmt":"2026-01-08T15:24:29","slug":"moving-companies-uruguay","status":"publish","type":"page","link":"https:\/\/moverdb.com\/nb\/moving-companies\/moving-companies-uruguay\/","title":{"rendered":"De 3 beste internasjonale flyttebyr\u00e5ene i Uruguay"},"content":{"rendered":"<p>Flytting av bolig eller bedrift kan v\u00e6re en hektisk og stressende tid med mye \u00e5 gj\u00f8re og ordne. Det er her en <a href=\"https:\/\/moverdb.com\/nb\/moving-companies\/\" data-internallinksmanager029f6b8e52c=\"79\" title=\"Topp 25 internasjonale flyttebyr\u00e5er p\u00e5 nettet\">flyttefirma<\/a> kan hjelpe deg ved \u00e5 ta p\u00e5 seg mange av oppgavene som pakking, transport og tollh\u00e5ndtering ved flytting mellom land. Nedenfor har vi satt sammen en liste over Uruguay-baserte <a href=\"https:\/\/moverdb.com\/nb\/international-removals\/\" data-internallinksmanager029f6b8e52c=\"27\" title=\"De 36 beste internasjonale flyttebyr\u00e5ene i Storbritannia\">flyttebyr\u00e5er<\/a> som er medlemmer av <a href=\"https:\/\/moverdb.com\/nb\/iam\/\" data-internallinksmanager029f6b8e52c=\"23\" title=\"International Association of Movers (IAM) Forklaret\">International Association of Movers<\/a> (IAM) og\/eller <a href=\"https:\/\/moverdb.com\/nb\/fidi-faim\/\" data-internallinksmanager029f6b8e52c=\"16\" title=\"FIDI &amp; FAIM (FIDI-akkreditert internasjonal spedit\u00f8r) forklart\">FIDI<\/a> Accredited International Mover (FAIM) som kan hjelpe deg med flyttingen.<\/p>\n<h2><strong>1. AB Flytting<\/strong><\/h2>\n<p><img loading=\"lazy\" decoding=\"async\" class=\"alignnone size-full wp-image-10064\" src=\"https:\/\/moverdb.com\/wp-content\/uploads\/AB-Moving-international-moving-company.png\" alt=\"AB Moving internasjonalt flyttebyr\u00e5\" width=\"1440\" height=\"679\" data-wp-pid=\"10064\" srcset=\"https:\/\/moverdb.com\/wp-content\/uploads\/AB-Moving-international-moving-company.png 1440w, https:\/\/moverdb.com\/wp-content\/uploads\/AB-Moving-international-moving-company-300x141.png 300w, https:\/\/moverdb.com\/wp-content\/uploads\/AB-Moving-international-moving-company-1024x483.png 1024w, https:\/\/moverdb.com\/wp-content\/uploads\/AB-Moving-international-moving-company-18x8.png 18w, https:\/\/moverdb.com\/wp-content\/uploads\/AB-Moving-international-moving-company-600x283.png 600w\" sizes=\"auto, (max-width: 1440px) 100vw, 1440px\" \/><\/p>\n<ul>\n<li>Nasjonale tiltak<\/li>\n<li>Internasjonale flyttinger<\/li>\n<li>Flytting av husholdninger<\/li>\n<li>Virksomheten flytter<\/li>\n<li>Flyttetjenester<\/li>\n<li>Profesjonell emballasje<\/li>\n<li>Luft-, sj\u00f8- og landtransport<\/li>\n<li>H\u00e5ndtering av kunst<\/li>\n<li>Flytting av kj\u00e6ledyr<\/li>\n<li>Sikker lagring<\/li>\n<\/ul>\n<p>AB Moving er et internasjonalt flytte- og relokaliseringsselskap med mer enn 25 \u00e5rs erfaring og base i Montevideo. De har et agentnettverk over hele verden som gj\u00f8r at de kan levere flyttinger hvor som helst i verden. De er medlem av IAM og har 15 \u00e5rs erfaring.<\/p>\n<p>AB Moving tilbyr personlig tilpassede tjenester som er skreddersydd etter dine behov, og tilbyr en d\u00f8r-til-d\u00f8r-tjeneste. De tilbyr en profesjonell emballasjetjeneste som bruker materialer av h\u00f8y kvalitet og skreddersydde treskjeletter for \u00e5 beskytte gjenstandene dine. De ordner transport med fly, b\u00e5t eller bil med all n\u00f8dvendig dokumentasjon.<\/p>\n<p>Nettsted: <a href=\"http:\/\/www.ab.com.uy\" target=\"_blank\" rel=\"noopener\">http:\/\/www.ab.com.uy<\/a><\/p>\n<h2><strong>2. Autogiro<\/strong><\/h2>\n<p><img loading=\"lazy\" decoding=\"async\" class=\"alignnone size-full wp-image-10085\" src=\"https:\/\/moverdb.com\/wp-content\/uploads\/Autogiro-international-moving-company.png\" alt=\"Autogiro internasjonalt flyttebyr\u00e5\" width=\"1440\" height=\"682\" data-wp-pid=\"10085\" srcset=\"https:\/\/moverdb.com\/wp-content\/uploads\/Autogiro-international-moving-company.png 1440w, https:\/\/moverdb.com\/wp-content\/uploads\/Autogiro-international-moving-company-300x142.png 300w, https:\/\/moverdb.com\/wp-content\/uploads\/Autogiro-international-moving-company-1024x485.png 1024w, https:\/\/moverdb.com\/wp-content\/uploads\/Autogiro-international-moving-company-18x9.png 18w, https:\/\/moverdb.com\/wp-content\/uploads\/Autogiro-international-moving-company-600x284.png 600w\" sizes=\"auto, (max-width: 1440px) 100vw, 1440px\" \/><\/p>\n<ul>\n<li>Nasjonale tiltak<\/li>\n<li>Internasjonale flyttinger<\/li>\n<li>Flytting av boliger<\/li>\n<li>Flytting av selskaper<\/li>\n<li>Flyttetjenester<\/li>\n<li>Pakketjeneste<\/li>\n<li>Transportordninger<\/li>\n<li>H\u00e5ndtering av kunstverk<\/li>\n<li>Transport av kj\u00e6ledyr<\/li>\n<li>Sikker lagring<\/li>\n<\/ul>\n<p>Autogiro er et flytte- og godstransportselskap som ble grunnlagt i 1925 og har base i Montevideo. De har knyttet til seg agenter over hele verden som leverer i henhold til h\u00f8ye standarder for \u00e5 hjelpe dem med \u00e5 tilby internasjonale tjenester. De er medlem av IAM med 98 \u00e5rs fartstid og er akkreditert av FIDI.<\/p>\n<p>Autogiro vil f\u00f8rst estimere flyttevolumet og gi et tilbud p\u00e5 en d\u00f8r-til-d\u00f8r-flytting med tollr\u00e5dgivning. De pakker og beskytter eiendelene dine i MDF-skuffer og oppfyller internasjonale standarder for skj\u00f8re gjenstander. De laster det inn i en container eller trekasser og transporterer det til bestemmelsesstedet, og lager en inventarliste.<\/p>\n<p>Nettsted: <a href=\"http:\/\/www.autogiro.com.uy\" target=\"_blank\" rel=\"noopener\">http:\/\/www.autogiro.com.uy<\/a><\/p>\n<h2><strong>3. Uruvan<\/strong><\/h2>\n<p><img loading=\"lazy\" decoding=\"async\" class=\"alignnone size-full wp-image-10251\" src=\"https:\/\/moverdb.com\/wp-content\/uploads\/Uruvan-international-moving-company-1.png\" alt=\"Uruvan internasjonalt flyttebyr\u00e5\" width=\"1440\" height=\"709\" data-wp-pid=\"10251\" srcset=\"https:\/\/moverdb.com\/wp-content\/uploads\/Uruvan-international-moving-company-1.png 1440w, https:\/\/moverdb.com\/wp-content\/uploads\/Uruvan-international-moving-company-1-300x148.png 300w, https:\/\/moverdb.com\/wp-content\/uploads\/Uruvan-international-moving-company-1-1024x504.png 1024w, https:\/\/moverdb.com\/wp-content\/uploads\/Uruvan-international-moving-company-1-18x9.png 18w, https:\/\/moverdb.com\/wp-content\/uploads\/Uruvan-international-moving-company-1-600x295.png 600w\" sizes=\"auto, (max-width: 1440px) 100vw, 1440px\" \/><\/p>\n<ul>\n<li>Nasjonale flyttinger<\/li>\n<li>Internasjonale flyttinger<\/li>\n<li>Flytting av husholdninger<\/li>\n<li>Flytting av selskaper<\/li>\n<li>Flyttetjenester<\/li>\n<li>Pakketjeneste<\/li>\n<li>Tollklarering<\/li>\n<li>Kunsttransport<\/li>\n<li>Transport av kj\u00e6ledyr<\/li>\n<li>Lagringsanlegg<\/li>\n<\/ul>\n<p>Uruvan er et nasjonalt og internasjonalt flyttebyr\u00e5 som tilbyr spedisjons- og lagringstjenester. Selskapet ble etablert i 1982 og har base i Montevideo med kontor i Punta del Etse. De samarbeider med agenturer over hele verden for \u00e5 tilby tjenester i Uruguay og internasjonalt. De har v\u00e6rt medlem av IAM i 41 \u00e5r og er akkreditert av FIDI.<\/p>\n<p>Uruvan tilbyr d\u00f8r-til-d\u00f8r-flyttetjenester som starter med en befaring i hjemmet for \u00e5 vurdere behovene dine og gi et tilbud. Deretter koordinerer de flyttingen og ordner med transport, pakking og fortolling. Det profesjonelle flytteteamet pakker tingene dine med egnet innpakningsmateriale for \u00e5 beskytte dem under transporten til det nye hjemmet.<\/p>\n<p>Nettsted: <a href=\"http:\/\/www.uruvan.com.uy\" target=\"_blank\" rel=\"noopener\">http:\/\/www.uruvan.com.uy<\/a><\/p>","protected":false},"excerpt":{"rendered":"<p>Moving home or your business can be a hectic and stressful time with a lot to do and arrange. This is where a moving company can help you by taking on many of the tasks such as packing, arranging transportation and handling customs arrangements for inter-country moves. Below we have compiled a list of Uruguay [&hellip;]<\/p>\n","protected":false},"author":4,"featured_media":10064,"parent":190,"menu_order":0,"comment_status":"closed","ping_status":"closed","template":"","meta":{"_genesis_hide_title":false,"_genesis_hide_breadcrumbs":false,"_genesis_hide_singular_image":false,"_genesis_hide_footer_widgets":false,"_genesis_custom_body_class":"","_genesis_custom_post_class":"","_genesis_layout":"","footnotes":""},"class_list":{"0":"post-10249","1":"page","2":"type-page","3":"status-publish","4":"has-post-thumbnail","6":"entry"},"_links":{"self":[{"href":"https:\/\/moverdb.com\/nb\/wp-json\/wp\/v2\/pages\/10249","targetHints":{"allow":["GET"]}}],"collection":[{"href":"https:\/\/moverdb.com\/nb\/wp-json\/wp\/v2\/pages"}],"about":[{"href":"https:\/\/moverdb.com\/nb\/wp-json\/wp\/v2\/types\/page"}],"author":[{"embeddable":true,"href":"https:\/\/moverdb.com\/nb\/wp-json\/wp\/v2\/users\/4"}],"replies":[{"embeddable":true,"href":"https:\/\/moverdb.com\/nb\/wp-json\/wp\/v2\/comments?post=10249"}],"version-history":[{"count":1,"href":"https:\/\/moverdb.com\/nb\/wp-json\/wp\/v2\/pages\/10249\/revisions"}],"predecessor-version":[{"id":10252,"href":"https:\/\/moverdb.com\/nb\/wp-json\/wp\/v2\/pages\/10249\/revisions\/10252"}],"up":[{"embeddable":true,"href":"https:\/\/moverdb.com\/nb\/wp-json\/wp\/v2\/pages\/190"}],"wp:featuredmedia":[{"embeddable":true,"href":"https:\/\/moverdb.com\/nb\/wp-json\/wp\/v2\/media\/10064"}],"wp:attachment":[{"href":"https:\/\/moverdb.com\/nb\/wp-json\/wp\/v2\/media?parent=10249"}],"curies":[{"name":"wp","href":"https:\/\/api.w.org\/{rel}","templated":true}]}}