{"id":10215,"date":"2023-06-22T15:54:43","date_gmt":"2023-06-22T15:54:43","guid":{"rendered":"https:\/\/moverdb.com\/?page_id=10215"},"modified":"2026-01-08T15:29:29","modified_gmt":"2026-01-08T15:29:29","slug":"moving-companies-sri-lanka","status":"publish","type":"page","link":"https:\/\/moverdb.com\/nb\/moving-companies\/moving-companies-sri-lanka\/","title":{"rendered":"De 7 beste internasjonale flyttebyr\u00e5ene p\u00e5 Sri Lanka"},"content":{"rendered":"<p>Har du planer om \u00e5 flytte? Da kan det v\u00e6re lurt \u00e5 f\u00e5 hjelp av en flyttebyr\u00e5. <a href=\"https:\/\/moverdb.com\/nb\/moving-companies\/\" data-internallinksmanager029f6b8e52c=\"79\" title=\"Topp 25 internasjonale flyttebyr\u00e5er p\u00e5 nettet\">flyttefirma<\/a> da de kan hjelpe deg med pakking, transport og tollh\u00e5ndtering n\u00e5r du flytter til utlandet. Nedenfor har vi satt sammen en liste over Sri Lanka-baserte <a href=\"https:\/\/moverdb.com\/nb\/international-removals\/\" data-internallinksmanager029f6b8e52c=\"27\" title=\"De 36 beste internasjonale flyttebyr\u00e5ene i Storbritannia\">flyttebyr\u00e5er<\/a> som er medlemmer av <a href=\"https:\/\/moverdb.com\/nb\/iam\/\" data-internallinksmanager029f6b8e52c=\"23\" title=\"International Association of Movers (IAM) Forklaret\">International Association of Movers<\/a> (IAM) og\/eller <a href=\"https:\/\/moverdb.com\/nb\/fidi-faim\/\" data-internallinksmanager029f6b8e52c=\"16\" title=\"FIDI &amp; FAIM (FIDI-akkreditert internasjonal spedit\u00f8r) forklart\">FIDI<\/a> Accredited International Mover (FAIM) som kan hjelpe deg med flyttingen.<\/p>\n<div id=\"ez-toc-container\" class=\"ez-toc-v2_0_82_2 ez-toc-wrap-left counter-hierarchy ez-toc-counter ez-toc-transparent ez-toc-container-direction\">\n<div class=\"ez-toc-title-container\">\n<p class=\"ez-toc-title\" style=\"cursor:inherit\">Seksjoner<\/p>\n<span class=\"ez-toc-title-toggle\"><a href=\"#\" class=\"ez-toc-pull-right ez-toc-btn ez-toc-btn-xs ez-toc-btn-default ez-toc-toggle\" aria-label=\"Bytt innholdsfortegnelse\"><span class=\"ez-toc-js-icon-con\"><span class=\"\"><span class=\"eztoc-hide\" style=\"display:none;\">Toggle<\/span><span class=\"ez-toc-icon-toggle-span\"><svg style=\"fill: #999;color:#999\" xmlns=\"http:\/\/www.w3.org\/2000\/svg\" class=\"list-377408\" width=\"20px\" height=\"20px\" viewbox=\"0 0 24 24\" fill=\"none\"><path d=\"M6 6H4v2h2V6zm14 0H8v2h12V6zM4 11h2v2H4v-2zm16 0H8v2h12v-2zM4 16h2v2H4v-2zm16 0H8v2h12v-2z\" fill=\"currentColor\"><\/path><\/svg><svg style=\"fill: #999;color:#999\" class=\"arrow-unsorted-368013\" xmlns=\"http:\/\/www.w3.org\/2000\/svg\" width=\"10px\" height=\"10px\" viewbox=\"0 0 24 24\" version=\"1.2\" baseprofile=\"tiny\"><path d=\"M18.2 9.3l-6.2-6.3-6.2 6.3c-.2.2-.3.4-.3.7s.1.5.3.7c.2.2.4.3.7.3h11c.3 0 .5-.1.7-.3.2-.2.3-.5.3-.7s-.1-.5-.3-.7zM5.8 14.7l6.2 6.3 6.2-6.3c.2-.2.3-.5.3-.7s-.1-.5-.3-.7c-.2-.2-.4-.3-.7-.3h-11c-.3 0-.5.1-.7.3-.2.2-.3.5-.3.7s.1.5.3.7z\"\/><\/svg><\/span><\/span><\/span><\/a><\/span><\/div>\n<nav><ul class='ez-toc-list ez-toc-list-level-1 eztoc-toggle-hide-by-default' ><li class='ez-toc-page-1 ez-toc-heading-level-2'><a class=\"ez-toc-link ez-toc-heading-1\" href=\"https:\/\/moverdb.com\/nb\/moving-companies\/moving-companies-sri-lanka\/#1_Aitken_Spence\" >1. Aitken Spence<\/a><\/li><li class='ez-toc-page-1 ez-toc-heading-level-2'><a class=\"ez-toc-link ez-toc-heading-2\" href=\"https:\/\/moverdb.com\/nb\/moving-companies\/moving-companies-sri-lanka\/#2_Asian_Movers\" >2. Asiatiske flyttemaskiner<\/a><\/li><li class='ez-toc-page-1 ez-toc-heading-level-2'><a class=\"ez-toc-link ez-toc-heading-3\" href=\"https:\/\/moverdb.com\/nb\/moving-companies\/moving-companies-sri-lanka\/#3_Don_Carolis_Sons\" >3. Don Carolis &amp; S\u00f8nner<\/a><\/li><li class='ez-toc-page-1 ez-toc-heading-level-2'><a class=\"ez-toc-link ez-toc-heading-4\" href=\"https:\/\/moverdb.com\/nb\/moving-companies\/moving-companies-sri-lanka\/#4_Horizon_Relocations\" >4. Flytting av horisonten<\/a><\/li><li class='ez-toc-page-1 ez-toc-heading-level-2'><a class=\"ez-toc-link ez-toc-heading-5\" href=\"https:\/\/moverdb.com\/nb\/moving-companies\/moving-companies-sri-lanka\/#5_Trans_World_Movers\" >5. Trans World Movers<\/a><\/li><li class='ez-toc-page-1 ez-toc-heading-level-2'><a class=\"ez-toc-link ez-toc-heading-6\" href=\"https:\/\/moverdb.com\/nb\/moving-companies\/moving-companies-sri-lanka\/#6_Trans-Global_Relocations\" >6. Globale omplasseringer<\/a><\/li><li class='ez-toc-page-1 ez-toc-heading-level-2'><a class=\"ez-toc-link ez-toc-heading-7\" href=\"https:\/\/moverdb.com\/nb\/moving-companies\/moving-companies-sri-lanka\/#7_Worldwide_Movers\" >7. Flyttefirmaer over hele verden<\/a><\/li><\/ul><\/nav><\/div>\n<h2><span class=\"ez-toc-section\" id=\"1_Aitken_Spence\"><\/span><strong>1. Aitken Spence<\/strong><span class=\"ez-toc-section-end\"><\/span><\/h2>\n<p><img loading=\"lazy\" decoding=\"async\" class=\"alignnone size-full wp-image-10071\" src=\"https:\/\/moverdb.com\/wp-content\/uploads\/Aitken-Spence-international-moving-company.png\" alt=\"Aitken Spence internasjonalt flyttebyr\u00e5\" width=\"1440\" height=\"676\" data-wp-pid=\"10071\" srcset=\"https:\/\/moverdb.com\/wp-content\/uploads\/Aitken-Spence-international-moving-company.png 1440w, https:\/\/moverdb.com\/wp-content\/uploads\/Aitken-Spence-international-moving-company-300x141.png 300w, https:\/\/moverdb.com\/wp-content\/uploads\/Aitken-Spence-international-moving-company-1024x481.png 1024w, https:\/\/moverdb.com\/wp-content\/uploads\/Aitken-Spence-international-moving-company-18x8.png 18w, https:\/\/moverdb.com\/wp-content\/uploads\/Aitken-Spence-international-moving-company-600x282.png 600w\" sizes=\"auto, (max-width: 1440px) 100vw, 1440px\" \/><\/p>\n<ul>\n<li>Nasjonale tiltak<\/li>\n<li>Internasjonale flyttinger<\/li>\n<li>Flytting av husholdninger<\/li>\n<li>Selskapets logistikk<\/li>\n<li>Utstillingstjenester<\/li>\n<li>End-to-end-l\u00f8sninger<\/li>\n<li>Luft-, sj\u00f8- og landtransport<\/li>\n<li>Tollklarering<\/li>\n<li>Flytting av kj\u00e6ledyr<\/li>\n<li>Lagringsanlegg<\/li>\n<\/ul>\n<p>Aitken Spence er en multisektorbedrift som har v\u00e6rt i drift siden 1868 med tilstedev\u00e6relse i \u00e5tte land, inkludert Colombo p\u00e5 Sri Lanka. Spedisjonsvirksomheten omfatter flytting og relokalisering. De benytter egne avdelingskontorer og et globalt nettverk av handels- og logistikkselskaper som st\u00f8tte. De har v\u00e6rt medlem av IAM i 44 \u00e5r.<\/p>\n<p>Aitken Spence tilbyr integrerte helhetsl\u00f8sninger med sin globale tilstedev\u00e6relse. De tilbyr problemfrie flytte- og relokaliseringstjenester for huseiere som flytter hvor som helst i verden. De kan flytte eiendelene dine og kj\u00e6ledyrene dine til ditt nye hjem. De ordner transport med tollklarering.<\/p>\n<p>Nettsted: <a href=\"http:\/\/www.acecargo.lk\" target=\"_blank\" rel=\"noopener\">http:\/\/www.acecargo.lk<\/a><\/p>\n<h2><span class=\"ez-toc-section\" id=\"2_Asian_Movers\"><\/span><strong>2. Asiatiske flyttemaskiner<\/strong><span class=\"ez-toc-section-end\"><\/span><\/h2>\n<p><img loading=\"lazy\" decoding=\"async\" class=\"alignnone size-full wp-image-10079\" src=\"https:\/\/moverdb.com\/wp-content\/uploads\/Asian-Movers-international-moving-company.png\" alt=\"Asian Movers internasjonalt flyttebyr\u00e5\" width=\"1440\" height=\"681\" data-wp-pid=\"10079\" srcset=\"https:\/\/moverdb.com\/wp-content\/uploads\/Asian-Movers-international-moving-company.png 1440w, https:\/\/moverdb.com\/wp-content\/uploads\/Asian-Movers-international-moving-company-300x142.png 300w, https:\/\/moverdb.com\/wp-content\/uploads\/Asian-Movers-international-moving-company-1024x484.png 1024w, https:\/\/moverdb.com\/wp-content\/uploads\/Asian-Movers-international-moving-company-18x9.png 18w, https:\/\/moverdb.com\/wp-content\/uploads\/Asian-Movers-international-moving-company-600x284.png 600w\" sizes=\"auto, (max-width: 1440px) 100vw, 1440px\" \/><\/p>\n<ul>\n<li>Lokale og nasjonale tiltak<\/li>\n<li>Internasjonale flyttinger<\/li>\n<li>Flytting av husholdninger<\/li>\n<li>Flytting av bedrifter og kontorer<\/li>\n<li>D\u00f8r-til-d\u00f8r-tjeneste<\/li>\n<li>Pakketjeneste<\/li>\n<li>Vei-, sj\u00f8- og lufttransport<\/li>\n<li>Tollklarering<\/li>\n<li>Forsikring<\/li>\n<li>Lagringsl\u00f8sninger<\/li>\n<\/ul>\n<p>Asian Movers er et selskap som tilbyr skreddersydde flyttel\u00f8sninger, grunnlagt p\u00e5 Sri Lanka og i <a href=\"https:\/\/moverdb.com\/nb\/moving-to-the-maldives\/\" data-internallinksmanager029f6b8e52c=\"387\" title=\"Flytter du til Maldivene? 2023 Levekostnader og flyttetips\">Maldivene<\/a> i 2013. De har en global rekkevidde for sine tjenester gjennom medlemskap i internasjonale flytteforeninger. De har v\u00e6rt medlem av IAM i 10 \u00e5r.<\/p>\n<p>Asian Movers tilbyr en skreddersydd flyttetjeneste, enten du trenger en komplett flyttetjeneste eller bare en lastebil og flyttefolk. D\u00f8r-til-d\u00f8r-tjenesten kan omfatte sikker pakking av alle eiendelene dine og utarbeidelse av en inventarliste, lasting, transport til bestemmelsesstedet og lossing. De hjelper deg med frakt- og fortollingsdokumentasjon samt forsikring.<\/p>\n<p>Nettsted: <a href=\"http:\/\/www.asianmovers.com\/\" target=\"_blank\" rel=\"noopener\">http:\/\/www.asianmovers.com\/<\/a><\/p>\n<h2><span class=\"ez-toc-section\" id=\"3_Don_Carolis_Sons\"><\/span><strong>3. Don Carolis &amp; S\u00f8nner<\/strong><span class=\"ez-toc-section-end\"><\/span><\/h2>\n<p><em><img loading=\"lazy\" decoding=\"async\" class=\"alignnone size-full wp-image-10102\" src=\"https:\/\/moverdb.com\/wp-content\/uploads\/Don-Carolis-Sons-international-moving-company.png\" alt=\"Don Carolis &amp; Sons internasjonalt flyttebyr\u00e5\" width=\"1440\" height=\"679\" data-wp-pid=\"10102\" srcset=\"https:\/\/moverdb.com\/wp-content\/uploads\/Don-Carolis-Sons-international-moving-company.png 1440w, https:\/\/moverdb.com\/wp-content\/uploads\/Don-Carolis-Sons-international-moving-company-300x141.png 300w, https:\/\/moverdb.com\/wp-content\/uploads\/Don-Carolis-Sons-international-moving-company-1024x483.png 1024w, https:\/\/moverdb.com\/wp-content\/uploads\/Don-Carolis-Sons-international-moving-company-18x8.png 18w, https:\/\/moverdb.com\/wp-content\/uploads\/Don-Carolis-Sons-international-moving-company-600x283.png 600w\" sizes=\"auto, (max-width: 1440px) 100vw, 1440px\" \/><\/em><\/p>\n<ul>\n<li>Nasjonale tiltak<\/li>\n<li>Internasjonale flyttinger<\/li>\n<li>Flytting av husholdninger<\/li>\n<li>Organisatoriske endringer<\/li>\n<li>Skreddersydd tjeneste<\/li>\n<li>Flytte koordinator<\/li>\n<li>Pakketjeneste<\/li>\n<li>Transportordninger<\/li>\n<li>Alternativer for utpakking<\/li>\n<li>Fullverdig beskyttelse<\/li>\n<\/ul>\n<p>Don Carolis &amp; Sons er en m\u00f8belprodusent, -forhandler og -eksport\u00f8r som har v\u00e6rt i drift i over 150 \u00e5r og holder til i Colombo. De er medlem av IAM, noe som gir dem tilgang til et internasjonalt nettverk av flyttebyr\u00e5er som kan hjelpe dem med internasjonale flyttinger.<\/p>\n<p>Don Carolis &amp; Sons tilbyr en skreddersydd pakketjeneste som er tilpasset dine behov n\u00e5r det gjelder tidsplan, budsjett og eiendeler, samt en flyttekoordinator som st\u00f8tter deg gjennom hele flyttingen. De tar seg av eiendelene dine, inkludert lasting, transport og lossing, p\u00e5 alle sine planer. Flytteplanene inkluderer utpakking, delvis utpakking og plassering av m\u00f8bler, og fullstendig utpakking.<\/p>\n<p>Nettsted: <a href=\"http:\/\/www.doncarolis.com\" target=\"_blank\" rel=\"noopener\">http:\/\/www.doncarolis.com<\/a><\/p>\n<h2><span class=\"ez-toc-section\" id=\"4_Horizon_Relocations\"><\/span><strong>4. Flytting av horisonten<\/strong><span class=\"ez-toc-section-end\"><\/span><\/h2>\n<p><img loading=\"lazy\" decoding=\"async\" class=\"alignnone size-full wp-image-10136\" src=\"https:\/\/moverdb.com\/wp-content\/uploads\/Horizon-Relocations-international-moving-company.png\" alt=\"Horizon Relocations internasjonalt flyttebyr\u00e5\" width=\"1440\" height=\"626\" data-wp-pid=\"10136\" srcset=\"https:\/\/moverdb.com\/wp-content\/uploads\/Horizon-Relocations-international-moving-company.png 1440w, https:\/\/moverdb.com\/wp-content\/uploads\/Horizon-Relocations-international-moving-company-300x130.png 300w, https:\/\/moverdb.com\/wp-content\/uploads\/Horizon-Relocations-international-moving-company-1024x445.png 1024w, https:\/\/moverdb.com\/wp-content\/uploads\/Horizon-Relocations-international-moving-company-18x8.png 18w, https:\/\/moverdb.com\/wp-content\/uploads\/Horizon-Relocations-international-moving-company-600x261.png 600w\" sizes=\"auto, (max-width: 1440px) 100vw, 1440px\" \/><\/p>\n<ul>\n<li>Lokale og nasjonale tiltak<\/li>\n<li>Internasjonale flyttinger<\/li>\n<li>Flytting av husholdninger<\/li>\n<li>Levering av personlige eiendeler<\/li>\n<li>D\u00f8r-til-d\u00f8r-tjeneste<\/li>\n<li>Emballasje<\/li>\n<li>Fraktordninger<\/li>\n<li>Tollklarering<\/li>\n<li>Forsikring<\/li>\n<li>Lagringsanlegg<\/li>\n<\/ul>\n<p>Horizon Relocations er et nasjonalt og internasjonalt flytte- og relokaliseringsselskap med base i Colombo. De er medlem av IAM, noe som gir dem tilgang til et internasjonalt nettverk av flytteagenter som kan hjelpe dem med \u00e5 tilby internasjonale tjenester.<\/p>\n<p>Horizon Relocations tilbyr d\u00f8r-til-d\u00f8r-flytting av innbo og l\u00f8s\u00f8re lokalt, nasjonalt og internasjonalt. De tilbyr tjenester for b\u00e5de sm\u00e5 og store mengder gjenstander, inkludert emballering og innpakning for \u00e5 beskytte gjenstandene under transport, slik at de kommer trygt frem. De ordner transport av eiendelene dine med transport eller frakt til bestemmelsesstedet med tollklarering.<\/p>\n<p>Nettsted: <a href=\"http:\/\/www.horizonrelocations.lk\" target=\"_blank\" rel=\"noopener\">http:\/\/www.horizonrelocations.lk<\/a><\/p>\n<h2><span class=\"ez-toc-section\" id=\"5_Trans_World_Movers\"><\/span><strong>5. Trans World Movers<\/strong><span class=\"ez-toc-section-end\"><\/span><\/h2>\n<p><img loading=\"lazy\" decoding=\"async\" class=\"alignnone size-full wp-image-10196\" src=\"https:\/\/moverdb.com\/wp-content\/uploads\/Trans-World-Movers-international-moving-company.png\" alt=\"Trans World Movers internasjonalt flyttebyr\u00e5\" width=\"1440\" height=\"675\" data-wp-pid=\"10196\" srcset=\"https:\/\/moverdb.com\/wp-content\/uploads\/Trans-World-Movers-international-moving-company.png 1440w, https:\/\/moverdb.com\/wp-content\/uploads\/Trans-World-Movers-international-moving-company-300x141.png 300w, https:\/\/moverdb.com\/wp-content\/uploads\/Trans-World-Movers-international-moving-company-1024x480.png 1024w, https:\/\/moverdb.com\/wp-content\/uploads\/Trans-World-Movers-international-moving-company-18x8.png 18w, https:\/\/moverdb.com\/wp-content\/uploads\/Trans-World-Movers-international-moving-company-600x281.png 600w\" sizes=\"auto, (max-width: 1440px) 100vw, 1440px\" \/><\/p>\n<ul>\n<li>Lokale tiltak<\/li>\n<li>Internasjonale flyttinger<\/li>\n<li>Flytting av husholdninger<\/li>\n<li>Bedriftsbevegelser<\/li>\n<li>D\u00f8r-til-d\u00f8r-l\u00f8sninger<\/li>\n<li>Pakketjeneste<\/li>\n<li>Luft-, sj\u00f8- og veitransport<\/li>\n<li>Tollklarering<\/li>\n<li>Transport av kj\u00f8ret\u00f8y og kj\u00e6ledyr<\/li>\n<li>Lagringsanlegg<\/li>\n<\/ul>\n<p>Trans World Movers er et flyttebyr\u00e5 som ble grunnlagt i 1973 med base i Colombo, og som tilbyr tjenester til privatpersoner, diplomater og bedrifter. De har et etablert nettverk av representanter og agenter over hele verden som hjelper dem med internasjonale flyttinger. De er medlem av IAM og har 50 \u00e5rs erfaring.<\/p>\n<p>Trans World Movers tilbyr d\u00f8r-til-d\u00f8r-flytting lokalt og internasjonalt. De tilbyr en pakketjeneste som oppfyller internasjonale standarder for \u00e5 beskytte gjenstandene under transport. De ordner transport av eiendelene dine p\u00e5 vei, i luften og til sj\u00f8s med tollklarering. De tilbyr tilleggstjenester som inkluderer h\u00e5ndtering av kj\u00e6ledyr, <a href=\"https:\/\/moverdb.com\/nb\/car-transport-shipping\/\" data-internallinksmanager029f6b8e52c=\"2\" title=\"2026 Internasjonal biltransport og tilbud p\u00e5 frakt av kj\u00f8ret\u00f8y\">frakt av kj\u00f8ret\u00f8y<\/a> og lagringsl\u00f8sninger.<\/p>\n<p>Nettsted: <a href=\"http:\/\/www.transworldmovers.com\" target=\"_blank\" rel=\"noopener\">http:\/\/www.transworldmovers.com<\/a><\/p>\n<h2><span class=\"ez-toc-section\" id=\"6_Trans-Global_Relocations\"><\/span><strong>6. Globale omplasseringer<\/strong><span class=\"ez-toc-section-end\"><\/span><\/h2>\n<p><img loading=\"lazy\" decoding=\"async\" class=\"alignnone size-full wp-image-10197\" src=\"https:\/\/moverdb.com\/wp-content\/uploads\/Trans-Global-Relocations-international-moving-company.png\" alt=\"Trans-Global Relocations - internasjonalt flyttebyr\u00e5\" width=\"1440\" height=\"681\" data-wp-pid=\"10197\" srcset=\"https:\/\/moverdb.com\/wp-content\/uploads\/Trans-Global-Relocations-international-moving-company.png 1440w, https:\/\/moverdb.com\/wp-content\/uploads\/Trans-Global-Relocations-international-moving-company-300x142.png 300w, https:\/\/moverdb.com\/wp-content\/uploads\/Trans-Global-Relocations-international-moving-company-1024x484.png 1024w, https:\/\/moverdb.com\/wp-content\/uploads\/Trans-Global-Relocations-international-moving-company-18x9.png 18w, https:\/\/moverdb.com\/wp-content\/uploads\/Trans-Global-Relocations-international-moving-company-600x284.png 600w\" sizes=\"auto, (max-width: 1440px) 100vw, 1440px\" \/><\/p>\n<ul>\n<li>Lokale og nasjonale tiltak<\/li>\n<li>Internasjonale flyttinger<\/li>\n<li>Flytting av husholdninger<\/li>\n<li>D\u00f8r-til-d\u00f8r-tjeneste<\/li>\n<li>Profesjonell pakking<\/li>\n<li>Sj\u00f8- og lufttransporter<\/li>\n<li>Tollklarering<\/li>\n<li>Flytting av kj\u00e6ledyr<\/li>\n<li>H\u00e5ndtering av biler<\/li>\n<li>Sikker lagring<\/li>\n<\/ul>\n<p>Trans-Global Relocations er et flytte- og relokaliseringsselskap med base i Colombo. De er medlem av IAM, noe som gir dem et internasjonalt nettverk av flytteagenter som jobber med flyttinger til utlandet.<\/p>\n<p>Trans-Global Relocations tilbyr en hjemmebesiktigelse for \u00e5 vurdere flyttebehovene dine, og de utarbeider en flytteplan basert p\u00e5 dine behov, inkludert r\u00e5d om hvordan du kan forberede deg og velge den mest kostnadseffektive m\u00e5ten \u00e5 flytte p\u00e5. De tilbyr en d\u00f8r-til-d\u00f8r-tjeneste som inkluderer profesjonell pakking av eiendelene dine for \u00e5 sikre at de fraktes trygt internasjonalt med b\u00e5t eller fly, komplett med tollklarering. De tilbyr ogs\u00e5 tilleggstjenester som omfatter flytting av kj\u00e6ledyr, bilh\u00e5ndtering og lagring.<\/p>\n<p>Nettsted: <a href=\"http:\/\/www.t-grelo.com\" target=\"_blank\" rel=\"noopener\">http:\/\/www.t-grelo.com<\/a><\/p>\n<h2><span class=\"ez-toc-section\" id=\"7_Worldwide_Movers\"><\/span><strong>7. Flyttefirmaer over hele verden<\/strong><span class=\"ez-toc-section-end\"><\/span><\/h2>\n<p><img loading=\"lazy\" decoding=\"async\" class=\"alignnone size-full wp-image-10209\" src=\"https:\/\/moverdb.com\/wp-content\/uploads\/Worldwide-Movers-international-moving-company.png\" alt=\"Worldwide Movers internasjonalt flyttebyr\u00e5\" width=\"1440\" height=\"674\" data-wp-pid=\"10209\" srcset=\"https:\/\/moverdb.com\/wp-content\/uploads\/Worldwide-Movers-international-moving-company.png 1440w, https:\/\/moverdb.com\/wp-content\/uploads\/Worldwide-Movers-international-moving-company-300x140.png 300w, https:\/\/moverdb.com\/wp-content\/uploads\/Worldwide-Movers-international-moving-company-1024x479.png 1024w, https:\/\/moverdb.com\/wp-content\/uploads\/Worldwide-Movers-international-moving-company-18x8.png 18w, https:\/\/moverdb.com\/wp-content\/uploads\/Worldwide-Movers-international-moving-company-600x281.png 600w\" sizes=\"auto, (max-width: 1440px) 100vw, 1440px\" \/><\/p>\n<ul>\n<li>Nasjonale tiltak<\/li>\n<li>Internasjonale flyttinger<\/li>\n<li>Flytting av husholdninger<\/li>\n<li>Flyttetjenester<\/li>\n<li>D\u00f8r-til-d\u00f8r eller d\u00f8r-til<a href=\"https:\/\/moverdb.com\/nb\/top-49-container-ports\/\" data-internallinksmanager029f6b8e52c=\"80\" title=\"De 49 st\u00f8rste og travleste containerhavnene i 2025\">port<\/a> tjeneste<\/li>\n<li>Pakketjeneste<\/li>\n<li>Transport til lands, i luften eller til sj\u00f8s<\/li>\n<li>Tollmegling<\/li>\n<li>H\u00e5ndtering av kj\u00e6ledyr<\/li>\n<li>Transport av kj\u00f8ret\u00f8y<\/li>\n<\/ul>\n<p>Worldwide Movers er et pakke- og flyttebyr\u00e5 som ble etablert i 2009 og holder til i Colombo. De har v\u00e6rt medlem av IAM i 15 \u00e5r og er ogs\u00e5 medlem av Asian Relocation Association, og disse medlemskapene gj\u00f8r det mulig for dem \u00e5 tilby flyttetjenester hvor som helst i verden.<\/p>\n<p>Worldwide Movers tilbyr d\u00f8r-til-d\u00f8r- eller d\u00f8r-til-havn-flytting nasjonalt og internasjonalt. De tilbyr en pakketjeneste som omfatter sikker pakking av gjenstander, demontering og montering av m\u00f8bler og inventar. De kan ogs\u00e5 hjelpe deg med \u00e5 flytte kj\u00f8ret\u00f8y og kj\u00e6ledyr. De tilbyr flyttetjenester som inkluderer bolig- og skoles\u00f8k, orientering, omvisning i omr\u00e5det og rengj\u00f8ringstjenester.<\/p>\n<p>Nettsted: <a href=\"https:\/\/w-movers.com\/\" target=\"_blank\" rel=\"noopener\">https:\/\/w-movers.com\/<\/a><\/p>","protected":false},"excerpt":{"rendered":"<p>Are you planning on moving? Then you may want to enlist the services of a moving company as they can assist you with packing, transportation and handling customs when moving abroad. Below we have compiled a list of Sri Lanka based removal companies that are members of the International Association of Movers (IAM) and\/or FIDI [&hellip;]<\/p>\n","protected":false},"author":4,"featured_media":10071,"parent":190,"menu_order":0,"comment_status":"closed","ping_status":"closed","template":"","meta":{"_genesis_hide_title":false,"_genesis_hide_breadcrumbs":false,"_genesis_hide_singular_image":false,"_genesis_hide_footer_widgets":false,"_genesis_custom_body_class":"","_genesis_custom_post_class":"","_genesis_layout":"","footnotes":""},"class_list":{"0":"post-10215","1":"page","2":"type-page","3":"status-publish","4":"has-post-thumbnail","6":"entry"},"_links":{"self":[{"href":"https:\/\/moverdb.com\/nb\/wp-json\/wp\/v2\/pages\/10215","targetHints":{"allow":["GET"]}}],"collection":[{"href":"https:\/\/moverdb.com\/nb\/wp-json\/wp\/v2\/pages"}],"about":[{"href":"https:\/\/moverdb.com\/nb\/wp-json\/wp\/v2\/types\/page"}],"author":[{"embeddable":true,"href":"https:\/\/moverdb.com\/nb\/wp-json\/wp\/v2\/users\/4"}],"replies":[{"embeddable":true,"href":"https:\/\/moverdb.com\/nb\/wp-json\/wp\/v2\/comments?post=10215"}],"version-history":[{"count":1,"href":"https:\/\/moverdb.com\/nb\/wp-json\/wp\/v2\/pages\/10215\/revisions"}],"predecessor-version":[{"id":10216,"href":"https:\/\/moverdb.com\/nb\/wp-json\/wp\/v2\/pages\/10215\/revisions\/10216"}],"up":[{"embeddable":true,"href":"https:\/\/moverdb.com\/nb\/wp-json\/wp\/v2\/pages\/190"}],"wp:featuredmedia":[{"embeddable":true,"href":"https:\/\/moverdb.com\/nb\/wp-json\/wp\/v2\/media\/10071"}],"wp:attachment":[{"href":"https:\/\/moverdb.com\/nb\/wp-json\/wp\/v2\/media?parent=10215"}],"curies":[{"name":"wp","href":"https:\/\/api.w.org\/{rel}","templated":true}]}}