{"id":988,"date":"2017-02-24T08:48:27","date_gmt":"2017-02-24T08:48:27","guid":{"rendered":"http:\/\/moverdb.com\/?page_id=988"},"modified":"2026-01-08T14:40:00","modified_gmt":"2026-01-08T14:40:00","slug":"salu-parcelaji","status":"publish","type":"page","link":"https:\/\/moverdb.com\/lv\/island-movers\/","title":{"rendered":"Island Movers - Starptautiskie P\u0101rv\u0101k\u0161an\u0101s Atsauksmes"},"content":{"rendered":"<p>Island Movers atrodas Honolulu un pied\u0101v\u0101 saviem klientiem virkni p\u0101rcel\u0161an\u0101s pakalpojumu, kas ir uzskait\u012bti zem\u0101k, kop\u0101 ar uz\u0146\u0113muma profilu un atsauksm\u0113m. <\/p>\n<p><strong>Starptautisk\u0101s p\u0101rcel\u0161an\u0101s - <a href=\"https:\/\/moverdb.com\/lv\/moving-to-the-united-states\/\" data-internallinksmanager029f6b8e52c=\"94\" title=\"P\u0101rce\u013caties uz Amerikas Savienotaj\u0101m Valst\u012bm? 2022 Dz\u012bves izmaksas un p\u0101rcel\u0161an\u0101s padomi\">ASV<\/a> un pasaule<\/strong><\/p>\n<ul>\n<li> Person\u012bgais p\u0101rcel\u0161an\u0101s koordinators<\/li>\n<li> Pakalpojums no durv\u012bm l\u012bdz durv\u012bm<\/li>\n<li> Pa\u0161pakojums vai pilns iepako\u0161anas pakalpojums<\/li>\n<li> Nodro\u0161in\u0101tas kartona kastes<\/li>\n<li> Izpako\u0161anas pakalpojums<\/li>\n<li> J\u016bras un gaisa kravu p\u0101rvad\u0101jumi<\/li>\n<li> Pal\u012bdz\u012bba muitas jom\u0101<\/li>\n<li> Apdro\u0161in\u0101\u0161ana organiz\u0113ta<\/li>\n<\/ul>\n<p><strong>Person\u012bgie p\u0101rvietot\u0101ji<\/strong><\/p>\n<ul>\n<li> Taj\u0101 pa\u0161\u0101 sal\u0101 - izmaksas atkar\u012bb\u0101 no laika<\/li>\n<li> Uz citu salu - izmaksas atkar\u012bb\u0101 no svara<\/li>\n<li> Glob\u0101li<\/li>\n<li> Pa\u0161pakojums vai pilns iepako\u0161anas pakalpojums<\/li>\n<li> Nodro\u0161in\u0101tas kartona kastes<\/li>\n<li> Izpako\u0161anas pakalpojums<\/li>\n<li> Pieejama ilgtermi\u0146a un \u012bstermi\u0146a uzglab\u0101\u0161ana<\/li>\n<li> Pieejama p\u0101rn\u0113s\u0101jama uzglab\u0101\u0161ana<\/li>\n<\/ul>\n<p><strong>Uz\u0146\u0113m\u0113jdarb\u012bbas p\u0101rcel\u0161an\u0101s<\/strong><\/p>\n<ul>\n<li> Mazas vai lielas kust\u012bbas<\/li>\n<li> Ieteicams iepakot savus dokumentus<\/li>\n<li> Pieejama ilgtermi\u0146a un \u012bstermi\u0146a uzglab\u0101\u0161ana<\/li>\n<li> Pieejama p\u0101rn\u0113s\u0101jama uzglab\u0101\u0161ana<\/li>\n<li> M\u0113be\u013cu demont\u0101\u017ea un atk\u0101rtota mont\u0101\u017ea<\/li>\n<\/ul>\n<p><strong>Citi pakalpojumi<\/strong><\/p>\n<ul>\n<li> Uzglab\u0101\u0161anas telpas un noliktavas<\/li>\n<li> Autop\u0101rvad\u0101jumu un kravu p\u0101rvad\u0101\u0161anas pakalpojumi<\/li>\n<li> Konsolid\u0113ti kravu p\u0101rvad\u0101jumi starp sal\u0101m<\/li>\n<li> Noliktavu un izplat\u012b\u0161anas pakalpojumi<\/li>\n<li> ASV muitas un lauksaimniec\u012bbas centr\u0101l\u0101 p\u0101rbaudes stacija<\/li>\n<li> Viesn\u012bcas renov\u0101cija <\/li>\n<li> Pieg\u0101des uz m\u0101j\u0101m l\u012bgumpakalpojumi<\/li>\n<li> Starptautisko konferen\u010du pakalpojumi<\/li>\n<li> Pro-File Record Systems<\/li>\n<li> Kurjeru un bru\u0146uma\u0161\u012bnu pakalpojumi<\/li>\n<li> Konteineru uzglab\u0101\u0161ana un p\u0101rdo\u0161ana<\/li>\n<\/ul>\n<h2>Island Movers Uz\u0146\u0113muma profils<\/h2>\n<p>Island Movers Inc ir \u0123imenes uz\u0146\u0113mums, kas darbojas <a href=\"https:\/\/moverdb.com\/lv\/moving-to-the-united-states\/moving-to-hawaii\/\" data-internallinksmanager029f6b8e52c=\"403\" title=\"P\u0101rcel\u0161an\u0101s uz Havaju sal\u0101m? 2023 Dz\u012bves izmaksas un p\u0101rcel\u0161an\u0101s padomi\">Havaju salas<\/a> kas tika uzs\u0101kta 1958. gad\u0101. Se\u0161desmitajos gados uz\u0146\u0113mumu p\u0101r\u0146\u0113ma Donalds Takaki, un kop\u0161 t\u0101 laika tas joproj\u0101m ir \u0123imenes \u012bpa\u0161um\u0101. Tas ir lepns Havaju salu uz\u0146\u0113mums ar sp\u0113c\u012bg\u0101m sait\u0113m ar kontinent\u0101lo da\u013cu un starptautiski. Island Movers ir viens no 250 lab\u0101kajiem Havaju salu \u0161tata uz\u0146\u0113mumiem. Tas ir liel\u0101kais da\u017e\u0101do transporta pakalpojumu uz\u0146\u0113mums re\u0123ion\u0101. <\/p>\n<p>Island Movers specializ\u0113jas visp\u0101r\u0113j\u0101 autotransport\u0101, m\u0101jas p\u0101rv\u0101k\u0161an\u0101s (gan viet\u0113j\u0101, gan starptautisk\u0101 m\u0113rog\u0101) un pieg\u0101d\u0113 uz m\u0101j\u0101m. Island Movers ir Hawktree International Group da\u013ca, un taj\u0101 str\u0101d\u0101 vair\u0101k nek\u0101 250 darbinieku. Liel\u0101k\u0101 da\u013ca Island Movers uz\u0146\u0113m\u0113jdarb\u012bbas ir saist\u012bta ar uz\u0146\u0113mumiem, tostarp darbinieku p\u0101rvieto\u0161anu starptautisk\u0101 m\u0113rog\u0101. Starptautiskie p\u0101rv\u0101k\u0161an\u0101s darbi tiek organiz\u0113ti, izmantojot glob\u0101l\u0101s partner\u012bbas. <\/p>\n<p>Island Movers Inc ir \u0161\u0101das akredit\u0101cijas un pieder\u012bbas:<\/p>\n<ul>\n<li> Panamerikas Starptautisko P\u0101rvad\u0101t\u0101ju asoci\u0101cija (PAIMA)<\/li>\n<li> <a href=\"https:\/\/moverdb.com\/lv\/esmu\/\">Starptautisko P\u0101rv\u0101c\u0113ju asoci\u0101cija<\/a> (<a href=\"https:\/\/moverdb.com\/lv\/iam\/\" data-internallinksmanager029f6b8e52c=\"23\" title=\"Starptautisk\u0101s P\u0101rv\u0101c\u0113ju asoci\u0101cijas (IAM) skaidrojumi\">IAM<\/a>)<\/li>\n<li> <a href=\"https:\/\/moverdb.com\/lv\/amsa\/\">Amerikas P\u0101rv\u0101c\u0113ju un uzglab\u0101\u0161anas asoci\u0101cija<\/a> (<a href=\"https:\/\/moverdb.com\/lv\/amsa\/\" data-internallinksmanager029f6b8e52c=\"5\" title=\"Amerikas P\u0101rv\u0101k\u0161an\u0101s un uzglab\u0101\u0161anas asoci\u0101cijas (AMSA) skaidrojums\">AMSA<\/a>)<\/li>\n<li> Better Business Bureau (BBB)<\/li>\n<\/ul>\n<h2>Island Movers Atsauksmes<\/h2>\n<p><strong>Pozit\u012bvi:<\/strong><\/p>\n<ul>\n<li> <em>\"M\u016bsu neticamais stress un satraukums par m\u016bsu transpacifisko p\u0101rcel\u0161anos tika mazin\u0101ts, tikl\u012bdz Island Movers p\u0101r\u0146\u0113ma m\u016bsu p\u0101rcel\u0161anos, pal\u012bdzot p\u0101rraudz\u012bt kontinent\u0101lo <a href=\"https:\/\/moverdb.com\/lv\/moving-companies\/\" data-internallinksmanager029f6b8e52c=\"79\" title=\"Top 25 Starptautiskie p\u0101rcel\u0161an\u0101s uz\u0146\u0113mumi tie\u0161saist\u0113\">P\u0101rvieto\u0161an\u0101s uz\u0146\u0113mums<\/a> k\u0101 ar\u012b sniedzot mums labus padomus, kompetenci, sirsn\u012bgu klientu apkalpo\u0161anu un savlaic\u012bgumu. Esmu pat\u012bkami p\u0101rsteigts ne tikai par Island Movers profesionalit\u0101ti un uzticam\u012bbu, bet ar\u012b par visu Island Movers darbinieku, kuri pal\u012bdz\u0113ja mums p\u0101rcelties, silto aloha garu!\"<\/em> - D\u017eekija <a href=\"http:\/\/www.islandmovers.com\/personal-moves\/customer-testimonials\/\" target=\"_blank\" rel=\"noopener\">klienta atsauksme<\/a><\/li>\n<li> <em>\"Patiesi izcils serviss!  Es esmu tik laim\u012bgs, ka esmu devies ar Havaju salu lab\u0101kajiem!\"<\/em> - Gifford caur <a href=\"https:\/\/www.yelp.com\/biz\/island-movers-inc-honolulu-4?hrid=Ew3UirYLCqyK2kHDFhwl1A&#038;utm_campaign=www_review_share_popup&#038;utm_medium=copy_link&#038;utm_source=(direct)\" target=\"_blank\" rel=\"noopener\">Yelp<\/a><\/li>\n<\/ul>\n<p><strong>Negat\u012bvs:<\/strong><\/p>\n<ul>\n<li> <em>\"Es nedom\u0101ju, ka es k\u0101dreiz tos izsauk\u0161u, lai mani nog\u0101d\u0101tu vai p\u0101rvietotu, bet kopum\u0101 pieredze bija ok.\"<\/em> - Angela, izmantojot <a href=\"https:\/\/www.yelp.com\/biz\/island-movers-inc-honolulu-4?hrid=TFkdEA1IDuuzBJ-Psl0q_w&#038;utm_campaign=www_review_share_popup&#038;utm_medium=copy_link&#038;utm_source=(direct)\" target=\"_blank\" rel=\"noopener\">Yelp<\/a><\/li>\n<\/ul>\n<div itemprop=\"review\" itemscope itemtype=\"http:\/\/schema.org\/Review\">\n<span itemprop=\"author\" itemscope=\"\" itemtype=\"http:\/\/schema.org\/Organization\"><span itemprop=\"name\">MoverDB.com<\/span><\/span> Tie\u0161saistes vietnes p\u0101rskats par <span itemprop=\"itemreviewed\" itemscope=\"\" itemtype=\"http:\/\/schema.org\/Brand\"><span itemprop=\"name\">Island Movers<\/span><\/span>:<\/p>\n<ol>\n<li> Skaidra kontaktinform\u0101cija t\u012bmek\u013ca vietn\u0113 (tostarp t\u0101lru\u0146a numurs): <strong>J\u0101<\/strong><\/li>\n<li> Viegli ieg\u016bt <a href=\"https:\/\/moverdb.com\/lv\/citati\/\">p\u0101rvietojas cit\u0101ti<\/a>? (Tie\u0161saistes t\u0101mes piepras\u012bjuma veidlapa): <strong>J\u0101<\/strong><\/li>\n<li> Skaidra inform\u0101cija t\u012bmek\u013ca vietn\u0113: <strong>J\u0101,<\/strong> t\u012bmek\u013ca vietn\u0113 ir uzskait\u012bti to pied\u0101v\u0101tie pakalpojumi, bet nav s\u012bk\u0101k aprakst\u012bti.<\/li>\n<li> Dal\u012bba starptautiski atz\u012bt\u0101s kust\u012bbu organiz\u0101cij\u0101s: <strong>J\u0101<\/strong>, (sk. iepriek\u0161)<\/li>\n<li> Klientu saraksts un\/vai iepriek\u0161\u0113jo klientu atsauksmes: <strong>J\u0101,<\/strong> lai gan tikai da\u017eas no t\u0101m uzvar\u0113ja t\u012bmek\u013ca vietn\u0113. Atsauksmes no interneta kopum\u0101 ir pozit\u012bvas.<\/li>\n<\/ol>\n<div itemprop=\"reviewRating\" itemscope itemtype=\"http:\/\/schema.org\/Rating\"><meta itemprop=\"worstRating\" content = \"0\" \/><meta itemprop=\"bestRating\" content=\"5\" \/><meta itemprop=\"ratingValue\" content=\"4.5\"><\/div>\n<p><strong>Kop\u0113jais v\u0113rt\u0113jums: 4,5\/5<\/strong><br \/>\n<strong>P\u0101rskata datums:<\/strong> <span itemprop=\"datePublished\" content=\"2017-02-24\">24\/02\/2017<\/span>\n<\/div>\n<p>Las\u012bt vair\u0101k par <a href=\"https:\/\/moverdb.com\/lv\/parvietojas-uznemumi\/\">starptautiskie p\u0101rvietot\u0101ji<\/a> un m\u016bsu <a href=\"https:\/\/moverdb.com\/lv\/atsauksmes\/\">p\u0101rskat\u012b\u0161anas process<\/a>.<\/p>\n<p><strong>T\u012bmek\u013ca vietne:<\/strong> <a href=\"http:\/\/www.islandmovers.com\/\" target=\"_blank\" rel=\"noopener\">http:\/\/www.islandmovers.com\/<\/a><\/p>","protected":false},"excerpt":{"rendered":"<p>Island Movers is based in Honolulu and offers its customers a range of moving services which are list below, together with a company profile and reviews. International Moves &#8211; US and the World Personal move coordinator Door to door service Self-packing or full packing service Cartons provided Unpacking service Sea freight and air freight Assistance [&hellip;]<\/p>\n","protected":false},"author":1,"featured_media":0,"parent":0,"menu_order":0,"comment_status":"closed","ping_status":"closed","template":"","meta":{"_genesis_hide_title":false,"_genesis_hide_breadcrumbs":false,"_genesis_hide_singular_image":false,"_genesis_hide_footer_widgets":false,"_genesis_custom_body_class":"","_genesis_custom_post_class":"","_genesis_layout":"","footnotes":""},"class_list":{"0":"post-988","1":"page","2":"type-page","3":"status-publish","5":"entry"},"_links":{"self":[{"href":"https:\/\/moverdb.com\/lv\/wp-json\/wp\/v2\/pages\/988","targetHints":{"allow":["GET"]}}],"collection":[{"href":"https:\/\/moverdb.com\/lv\/wp-json\/wp\/v2\/pages"}],"about":[{"href":"https:\/\/moverdb.com\/lv\/wp-json\/wp\/v2\/types\/page"}],"author":[{"embeddable":true,"href":"https:\/\/moverdb.com\/lv\/wp-json\/wp\/v2\/users\/1"}],"replies":[{"embeddable":true,"href":"https:\/\/moverdb.com\/lv\/wp-json\/wp\/v2\/comments?post=988"}],"version-history":[{"count":4,"href":"https:\/\/moverdb.com\/lv\/wp-json\/wp\/v2\/pages\/988\/revisions"}],"predecessor-version":[{"id":13166,"href":"https:\/\/moverdb.com\/lv\/wp-json\/wp\/v2\/pages\/988\/revisions\/13166"}],"wp:attachment":[{"href":"https:\/\/moverdb.com\/lv\/wp-json\/wp\/v2\/media?parent=988"}],"curies":[{"name":"wp","href":"https:\/\/api.w.org\/{rel}","templated":true}]}}