{"id":955,"date":"2016-07-24T19:52:53","date_gmt":"2016-07-24T19:52:53","guid":{"rendered":"http:\/\/moverdb.com\/?page_id=955"},"modified":"2026-01-08T15:21:02","modified_gmt":"2026-01-08T15:21:02","slug":"us-kanada-parvietotaji","status":"publish","type":"page","link":"https:\/\/moverdb.com\/lv\/us-canada-movers\/","title":{"rendered":"Top 100 Iek\u0161zemes &amp; Starptautiskie Movers ASV &amp; Kan\u0101da"},"content":{"rendered":"<p>Turpm\u0101k atrad\u012bsiet sarakstu ar 100 liel\u0101kajiem viet\u0113jiem un <a href=\"https:\/\/moverdb.com\/lv\/parvietojas-uznemumi\/\">starptautiskie p\u0101rvieto\u0161an\u0101s uz\u0146\u0113mumi<\/a> the <a href=\"https:\/\/moverdb.com\/lv\/moving-to-the-united-states\/\" data-internallinksmanager029f6b8e52c=\"94\" title=\"P\u0101rce\u013caties uz Amerikas Savienotaj\u0101m Valst\u012bm? 2022 Dz\u012bves izmaksas un p\u0101rcel\u0161an\u0101s padomi\">Amerikas Savienot\u0101s Valstis<\/a> un <a href=\"https:\/\/moverdb.com\/lv\/moving-to-canada\/\" data-internallinksmanager029f6b8e52c=\"265\" title=\"P\u0101rcel\u0161an\u0101s uz Kan\u0101du? 2023 Dz\u012bves izmaksas un p\u0101rcel\u0161an\u0101s padomi\">Kan\u0101da<\/a> pamatojoties uz re\u0123istr\u0113to kravas automobi\u013cu skaitu to autopark\u0101. <\/p>\n<p>Viens no \u0161iem uz\u0146\u0113mumiem, visticam\u0101k, b\u016bs \u012bstais j\u016bsu starptautiskajai, t\u0101lsatiksmes un\/vai starpvalstu p\u0101rcel\u0161an\u0101s oper\u0101cijai.<\/p>\n<p><img loading=\"lazy\" decoding=\"async\" width=\"720\" height=\"480\" src=\"https:\/\/moverdb.com\/wp-content\/uploads\/Moving-truck.jpeg\" alt=\"P\u0101rcel\u0161an\u0101s kravas automa\u0161\u012bna\" class=\"aligncenter size-full wp-image-1083\" srcset=\"https:\/\/moverdb.com\/wp-content\/uploads\/Moving-truck.jpeg 720w, https:\/\/moverdb.com\/wp-content\/uploads\/Moving-truck-300x200.jpeg 300w, https:\/\/moverdb.com\/wp-content\/uploads\/Moving-truck-600x400.jpeg 600w\" sizes=\"auto, (max-width: 720px) 100vw, 720px\" \/><\/p>\n<p>Dati ir ieg\u016bti no <a href=\"http:\/\/www.movingcompanyreviews.com\/100-largest-moving-companies-of-the-us-and-canada\" target=\"_blank\" rel=\"noopener\">MovingCompanyReviews.com<\/a> kur\u0101 nor\u0101d\u012bts jaun\u0101kais autoparka lielums un katra uz\u0146\u0113muma galven\u0101 m\u012btne.<\/p>\n<p>T\u0101l\u0101k varat iepaz\u012bties ar katra uz\u0146\u0113muma profiliem: <\/p>\n<ol>\n<li> <a href=\"https:\/\/moverdb.com\/lv\/united-van-lines\/\"><strong>United Van Lines<\/strong><\/a> - Pied\u0101v\u0101 gan iek\u0161zemes, gan starptautiskus p\u0101rv\u0101k\u0161an\u0101s pakalpojumus Amerikas Savienotaj\u0101s Valst\u012bs un Kan\u0101d\u0101, k\u0101 ar\u012b starptautiskus p\u0101rv\u0101k\u0161an\u0101s pakalpojumus vis\u0101 pasaul\u0113.<\/li>\n<li> <a href=\"https:\/\/moverdb.com\/lv\/u-pack-moving\/\"><strong>U-Pack Moving<\/strong><\/a> - ABF U-Pack Moving saviem klientiem pied\u0101v\u0101 da\u017e\u0101dus pakalpojumus, kas saist\u012bti ar p\u0101rvieto\u0161anu, pa\u0161iem iepakojot un izpakojot ASV, Kan\u0101d\u0101 un Puertoriko. <\/li>\n<li> <a href=\"https:\/\/moverdb.com\/lv\/atlas-van-lines-international\/\"><strong>Atlas Van Lines<\/strong><\/a> - Pied\u0101v\u0101 iek\u0161zemes p\u0101rv\u0101k\u0161an\u0101s pakalpojumus ar z\u012bmolu Atlas Van Lines un starptautiskos p\u0101rv\u0101k\u0161an\u0101s pakalpojumus ar z\u012bmolu Atlas Van Lines International. Abi uz\u0146\u0113mumi pieder Atlas World Group.<\/li>\n<li> <a href=\"https:\/\/moverdb.com\/lv\/mayflower-transit\/\"><strong>Mayflower Transit<\/strong><\/a> - Mayflower Transit pied\u0101v\u0101 pla\u0161u pakalpojumu kl\u0101stu, s\u0101kot no p\u0101rcel\u0161an\u0101s un uzglab\u0101\u0161anas, ko veicat pa\u0161i, l\u012bdz pat individu\u0101li piel\u0101gotiem piln\u012bgiem starptautiskiem pakalpojumiem. <\/li>\n<li> <a href=\"https:\/\/moverdb.com\/lv\/allied-van-lines\/\"><strong>Allied Van Lines<\/strong><\/a> - Allied Van Lines Inc atrodas Fort Vein\u0101, IN, un uz\u0146\u0113mums saviem klientiem pied\u0101v\u0101 da\u017e\u0101dus pakalpojumus, tostarp s\u016bt\u012bjumu izseko\u0161anu 24 stundas diennakt\u012b, 7 dienas ned\u0113\u013c\u0101, pal\u012bdz\u012bbu muito\u0161an\u0101, angliski run\u0101jo\u0161u person\u0101lu abos p\u0101rcel\u0161an\u0101s galos un iepakojuma materi\u0101lu izve\u0161anu.<\/li>\n<li> <a href=\"https:\/\/moverdb.com\/lv\/north-american-van-lines\/\"><strong>North American Van Lines<\/strong><\/a> - North American Van Lines pied\u0101v\u0101 saviem klientiem pakalpojumus starptautiskiem, korporat\u012bviem un iek\u0161zemes p\u0101rvad\u0101jumiem.<\/li>\n<li> <a href=\"https:\/\/moverdb.com\/lv\/wheaton\/\"><strong>Wheaton World Wide Moving<\/strong><\/a> - Wheaton World Wide Moving (agr\u0101k Wheaton Van Lines) saviem klientiem pied\u0101v\u0101 pla\u0161u pakalpojumu kl\u0101stu, s\u0101kot no starptautiskiem p\u0101rv\u0101k\u0161an\u0101s pas\u0101kumiem l\u012bdz viet\u0113jiem p\u0101rv\u0101k\u0161an\u0101s pas\u0101kumiem.<\/li>\n<li> <a href=\"https:\/\/moverdb.com\/lv\/bekins-van-lines\/\"><strong>Bekins Van Lines<\/strong><\/a> - Bekins Van Lines atrodas Indianapolis\u0101, IN. Vi\u0146i saviem klientiem pied\u0101v\u0101 da\u017e\u0101dus p\u0101rcel\u0161an\u0101s pakalpojumus, tostarp starptautisku p\u0101rcel\u0161anos un augstas v\u0113rt\u012bbas p\u0101rcel\u0161anos.<\/li>\n<li> <a href=\"https:\/\/moverdb.com\/lv\/graebel-van-lines\/\"><strong>Graebel Van Lines<\/strong><\/a> - Graebel Van Lines galven\u0101 m\u012btne atrodas Auror\u0101, CO, un t\u0101s klientu vid\u016b ir Fortune 500 uz\u0146\u0113mumi un DEA, FIB, IRS un CDC.<\/li>\n<li> <a href=\"https:\/\/moverdb.com\/lv\/arpin-van-lines\/\"><strong>Arpin Van Lines<\/strong><\/a> - Uz\u0146\u0113mums Arpin Van Lines atrodas Vest Vorvik\u0101, RI, un tas veic milit\u0101ro un m\u0101jsaimniec\u012bbas p\u0101rv\u0101k\u0161anos gan viet\u0113j\u0101, gan starptautisk\u0101 m\u0113rog\u0101. Vi\u0146i pied\u0101v\u0101 ar\u012b uzglab\u0101\u0161anas pakalpojumus, piem\u0113ram, uzglab\u0101\u0161anu ar klimata kontroli un uzglab\u0101\u0161anu konteineros.<\/li>\n<li> <a href=\"https:\/\/moverdb.com\/lv\/stevens-worldwide-van-lines\/\">Stevens Worldwide Van Lines<\/a> - Stevens Worldwide Van Lines atrodas Saginaw MI un pied\u0101v\u0101 viet\u0113jos, \u0101rzemju, t\u0101lsatiksmes un starptautiskos p\u0101rvad\u0101jumus m\u0101jsaimniec\u012bb\u0101m, uz\u0146\u0113mumiem, milit\u0101rperson\u0101m un gar\u012bdzniec\u012bbai.<\/li>\n<li> <a href=\"https:\/\/moverdb.com\/lv\/amj-campbell-van-lines\/\">AMJ Campbell Van Lines<\/a> - AMJ Campbell Van Lines atrodas <a href=\"https:\/\/moverdb.com\/lv\/parcelsanas-uz-toronto\/\">Toronto<\/a>, Kan\u0101da, un ir viens no Kan\u0101das liel\u0101kajiem <a href=\"https:\/\/moverdb.com\/lv\/moving-companies\/\" data-internallinksmanager029f6b8e52c=\"79\" title=\"Top 25 Starptautiskie p\u0101rcel\u0161an\u0101s uz\u0146\u0113mumi tie\u0161saist\u0113\">P\u0101rvieto\u0161an\u0101s uz\u0146\u0113mumi<\/a> gan viet\u0113jiem, gan starptautiskiem p\u0101rv\u0101k\u0161an\u0101s pakalpojumiem.<\/li>\n<li> <a href=\"https:\/\/moverdb.com\/lv\/suddath\/\">Suddath<\/a> - Uz\u0146\u0113mumu grupa, kas pied\u0101v\u0101 da\u017e\u0101dus iek\u0161zemes un starptautiskus p\u0101rcel\u0161an\u0101s pakalpojumus, tostarp dz\u012bvojamo m\u0101ju, uz\u0146\u0113mumu un vald\u012bbas p\u0101rcel\u0161an\u0101s pakalpojumus.<\/li>\n<li> <a href=\"https:\/\/moverdb.com\/lv\/covan-world-wide\/\">Covan WorldWide Moving<\/a> - Covan ir vair\u0101k nek\u0101 200 starpvalstu operat\u012bvo vien\u012bbu un 600 viet\u0113jo p\u0101rvad\u0101jumu vien\u012bbu. T\u0101s misija ir b\u016bt l\u012bderim starptautisko p\u0101rvad\u0101jumu pakalpojumu jom\u0101.<\/li>\n<li> <a href=\"https:\/\/moverdb.com\/lv\/armstrong-relocation\/\">Armstronga p\u0101rvieto\u0161ana<\/a> - \u0160odien Armstrong Relocation ir liel\u0101kais United Van Lines pre\u010du a\u0123ents, un tam ir 22 biroji ASV.<\/li>\n<li> <a href=\"https:\/\/moverdb.com\/lv\/williams-moving-storage\/\">Williams Moving &amp; Storage<\/a> - Williams Moving and Storage ir Kan\u0101das p\u0101rvieto\u0161an\u0101s uz\u0146\u0113mums, kas p\u0101rvieto priv\u0101tpersonas un uz\u0146\u0113mumus gan viet\u0113j\u0101, gan starptautisk\u0101 m\u0113rog\u0101.<\/li>\n<li> <a href=\"https:\/\/moverdb.com\/lv\/beltmann-relocation\/\">Beltmann Relocation Group<\/a> - Uz\u0146\u0113mumu 1955. gad\u0101 dibin\u0101ja Battina \u0123imene, un tas joproj\u0101m pieder \u0123imenei. Tas ir viens no liel\u0101kajiem un vec\u0101kajiem North American Van Lines a\u0123entiem.<\/li>\n<li> <a href=\"https:\/\/moverdb.com\/lv\/national-van-lines\/\">National Van Lines<\/a> - Uz\u0146\u0113muma dev\u012bze ir \"P\u0101rvietojam j\u016bsu atmi\u0146as\", kas gan darbiniekiem, gan klientiem atg\u0101dina, ka person\u012bg\u0101s mantas ir v\u0113rt\u012bgas un ar t\u0101m vienm\u0113r tiks r\u016bp\u012bgi apieties.<\/li>\n<li> <a href=\"https:\/\/moverdb.com\/lv\/berger-allied\/\">Berger Allied (p\u0101rve\u0161ana un uzglab\u0101\u0161ana)<\/a> - Berger Transfer and Storage darbojas kop\u0161 1910. gada. Uz\u0146\u0113mums sadarbojas ar priv\u0101tperson\u0101m, uz\u0146\u0113mumiem un valsts iest\u0101d\u0113m. <\/li>\n<li> Lawrence Transportation Systems<\/li>\n<li> <a href=\"https:\/\/moverdb.com\/lv\/mccollisters-parvaksanas\/\">McCollister's Transportation Group<\/a> - McCollister's ir priv\u0101ts uz\u0146\u0113mums, un tas ir UniGroup Inc., kur\u0101 ietilpst United Van Lines un Mayflower Transit, p\u0101rst\u0101vis. (skat\u012bt iepriek\u0161)<\/li>\n<li> <a href=\"https:\/\/moverdb.com\/lv\/coleman-parvietosana-visa-pasaule\/\">Coleman Worldwide Moving<\/a> - Coleman Worldwide Moving, kas paz\u012bstams ar\u012b k\u0101 Coleman American Moving Services &amp; Coleman Allied, pied\u0101v\u0101 gan iek\u0161zemes ASV, gan starptautiskus p\u0101rv\u0101k\u0161an\u0101s pakalpojumus.<\/li>\n<li> <a href=\"https:\/\/moverdb.com\/lv\/hilldrup-moving-storage\/\">Hilldrup Moving &amp; Storage<\/a> - Pied\u0101v\u0101 t\u0101dus pakalpojumus k\u0101 p\u0101rcel\u0161an\u0101s pal\u012bdz\u012bba, p\u0101rcel\u0161an\u0101s vad\u012bba, uzglab\u0101\u0161ana, izbrauk\u0161anas pakalpojumi, galam\u0113r\u0137a pakalpojumi un citi.<\/li>\n<li> <a href=\"https:\/\/moverdb.com\/lv\/american-red-ball-transit\/\">Amerik\u0101\u0146u sarkan\u0101 bumba Transit Company<\/a> - S\u0113\u017e Indianapolis\u0101 un koncentr\u0113jas uz iek\u0161zemes pakalpojumiem ASV.<\/li>\n<li> New World Van Lines<\/li>\n<li> Palmer Moving &amp; Storage<\/li>\n<li> Mergenthaler transf\u0113rs un uzglab\u0101\u0161ana<\/li>\n<li> Scobey Moving and Storage LTD<\/li>\n<li> Corrigan Moving Systems<\/li>\n<li> Tri Star Freight System<\/li>\n<li> Studenti, kas cie\u0161 badu<\/li>\n<li> A-1 Freeman P\u0101rv\u0101k\u0161an\u0101s uz\u0146\u0113mumi<\/li>\n<li> Daryl Flood P\u0101rcel\u0161an\u0101s un lo\u0123istika<\/li>\n<li> JK Moving &amp; Storage<\/li>\n<li> Ace P\u0101rcel\u0161an\u0101s sist\u0113mas<\/li>\n<li> Ford uzglab\u0101\u0161anas un p\u0101rcel\u0161an\u0101s uz\u0146\u0113mums<\/li>\n<li> Budd Van Lines<\/li>\n<li> Lidma\u0161\u012bnu p\u0101rvieto\u0161ana un uzglab\u0101\u0161ana<\/li>\n<li> Maigais gigants P\u0101rv\u0101k\u0161an\u0101s uz\u0146\u0113mums<\/li>\n<li> <a href=\"https:\/\/moverdb.com\/lv\/salu-parcelaji\/\">Island Movers<\/a> - Pied\u0101v\u0101 p\u0101rcel\u0161an\u0101s pakalpojumus uz Havaju sal\u0101m un no t\u0101m gan no Amerikas Savienotaj\u0101m Valst\u012bm, gan starptautiski.<\/li>\n<li> Mesa Moving &amp; Storage<\/li>\n<li> Amerik\u0101\u0146u starptautiskie p\u0101rvietot\u0101ji<\/li>\n<li> Amerik\u0101\u0146u Movers<\/li>\n<li> Arnoff Moving &amp; Storage,<\/li>\n<li> Fidelity Moving &amp; Storage Company<\/li>\n<li> Lile starptautiskie uz\u0146\u0113mumi<\/li>\n<li> Carlyle Van Lines<\/li>\n<li> Pareizais p\u0101rvietot\u0101js<\/li>\n<li> Andrews Van Lines<\/li>\n<li> Sherwood Van Lines<\/li>\n<li> Bisson Moving &amp; Storage<\/li>\n<li> Bohren's Moving &amp; Storage,<\/li>\n<li> Select Van &amp; Storage<\/li>\n<li> Brodvejas ekspresis<\/li>\n<li> FlatRate Moving<\/li>\n<li> Smith Dray Line &amp; Storage<\/li>\n<li> Sourdough Express<\/li>\n<li> South Hills Movers<\/li>\n<li> Fisher North American<\/li>\n<li> Interstate Van Lines\/Interstate Worldwide<\/li>\n<li> Ward North American<\/li>\n<li> East <a href=\"https:\/\/moverdb.com\/lv\/moving-to-the-united-states\/moving-to-tennessee\/\" data-internallinksmanager029f6b8e52c=\"406\" title=\"P\u0101rcel\u0161an\u0101s uz Tenesi? 2023 Dz\u012bves izmaksas un p\u0101rcel\u0161an\u0101s padomi\">Tenes\u012b<\/a> P\u0101rv\u0101k\u0161an\u0101s\/ Divi v\u012bri un kravas automa\u0161\u012bna<\/li>\n<li> Imlach Group<\/li>\n<li> Air Van Moving<\/li>\n<li> Legacy Transporta pakalpojumi<\/li>\n<li> Tippet-Richardson<\/li>\n<li> P\u0101rcel\u0161an\u0101s sist\u0113mas Atlantic<\/li>\n<li> Carey Moving &amp; Storage<\/li>\n<li> Arnolda pasaules klases p\u0101rcel\u0161an\u0101s<\/li>\n<li> Viljams B. Meijers<\/li>\n<li> Horizon Moving Systems<\/li>\n<li> Parks Moving &amp; Storage<\/li>\n<li> Highland Moving &amp; Storage<\/li>\n<li> Delancey Street Moving &amp; Transports<\/li>\n<li> Armstronga p\u0101rvieto\u0161ana<\/li>\n<li> Feder\u0101lie uz\u0146\u0113mumi<\/li>\n<li> Hoyt's Moving &amp; Storage<\/li>\n<li> Johnson uzglab\u0101\u0161ana un p\u0101rvieto\u0161ana<\/li>\n<li> Nor-Cal P\u0101rv\u0101k\u0161an\u0101s pakalpojumi<\/li>\n<li> <a href=\"https:\/\/moverdb.com\/lv\/royal-hawaiian-movers\/\">Royal Hawaiian Movers<\/a> - Royal Hawaiian Movers ir da\u013ca no DeWitt uz\u0146\u0113mumu grupas, kas saviem klientiem pied\u0101v\u0101 da\u017e\u0101dus viet\u0113jos, starp salu, cietzemes un starptautiskos p\u0101rv\u0101k\u0161an\u0101s pakalpojumus.<\/li>\n<li> Centr\u0101lais furgons un glab\u0101tuve,<\/li>\n<li> <a href=\"https:\/\/moverdb.com\/lv\/vainagu-parvietosana\/\">Crown Moving Co<\/a> - Tagad sl\u0113gts, atrodas <a href=\"https:\/\/moverdb.com\/lv\/moving-to-seattle\/\" data-internallinksmanager029f6b8e52c=\"65\" title=\"P\u0101rcel\u0161an\u0101s uz Sietlu? 2022 Dz\u012bves izmaksas un p\u0101rcel\u0161an\u0101s padomi\">Sietla<\/a>.<\/li>\n<li> Fry-Wagner Moving and Storage Co<\/li>\n<li> B. Von <a href=\"https:\/\/moverdb.com\/lv\/moving-to-france\/moving-to-paris\/\" data-internallinksmanager029f6b8e52c=\"407\" title=\"P\u0101rcel\u0161an\u0101s uz Par\u012bzi? 2023 Dz\u012bves izmaksas un p\u0101rcel\u0161an\u0101s padomi\">Par\u012bze<\/a> P\u0101rcel\u0161an\u0101s un uzglab\u0101\u0161ana<\/li>\n<li> O'Braiena p\u0101rvieto\u0161ana un uzglab\u0101\u0161ana<\/li>\n<li> Piqua Transfer &amp; Storage Company<\/li>\n<li> Joyce Van Lines,<\/li>\n<li> Plycon Transportation Group<\/li>\n<li> AAA Moving &amp; Storage<\/li>\n<li> Aaction Moving &amp; Storage<\/li>\n<li> Alero P\u0101rv\u0101k\u0161an\u0101s un uzglab\u0101\u0161ana<\/li>\n<li> DMS P\u0101rvieto\u0161an\u0101s sist\u0113mas<\/li>\n<li> George Moving &amp; Storage<\/li>\n<li> Glen Ellyn Storage Corporation<\/li>\n<li> Piepho P\u0101rv\u0101k\u0161an\u0101s un uzglab\u0101\u0161ana<\/li>\n<li> Eagle Van Lines<\/li>\n<li> Roadrunner Moving and Storage<\/li>\n<li> Lint Van Lines<\/li>\n<li> Klus\u0101 oke\u0101na transf\u0113rs<\/li>\n<li> Paxton Van Lines<\/li>\n<\/ol>","protected":false},"excerpt":{"rendered":"<p>Below you will find a list of the top 100 largest domestic and international moving companies the United States and Canada based on the number of registered trucks in their fleet. One of these companies is likely to be the right one for your international, long distance and\/or interstate move. The data comes from MovingCompanyReviews.com [&hellip;]<\/p>\n","protected":false},"author":1,"featured_media":1083,"parent":0,"menu_order":0,"comment_status":"closed","ping_status":"closed","template":"","meta":{"_genesis_hide_title":false,"_genesis_hide_breadcrumbs":false,"_genesis_hide_singular_image":false,"_genesis_hide_footer_widgets":false,"_genesis_custom_body_class":"","_genesis_custom_post_class":"","_genesis_layout":"","footnotes":""},"class_list":{"0":"post-955","1":"page","2":"type-page","3":"status-publish","4":"has-post-thumbnail","6":"entry"},"_links":{"self":[{"href":"https:\/\/moverdb.com\/lv\/wp-json\/wp\/v2\/pages\/955","targetHints":{"allow":["GET"]}}],"collection":[{"href":"https:\/\/moverdb.com\/lv\/wp-json\/wp\/v2\/pages"}],"about":[{"href":"https:\/\/moverdb.com\/lv\/wp-json\/wp\/v2\/types\/page"}],"author":[{"embeddable":true,"href":"https:\/\/moverdb.com\/lv\/wp-json\/wp\/v2\/users\/1"}],"replies":[{"embeddable":true,"href":"https:\/\/moverdb.com\/lv\/wp-json\/wp\/v2\/comments?post=955"}],"version-history":[{"count":40,"href":"https:\/\/moverdb.com\/lv\/wp-json\/wp\/v2\/pages\/955\/revisions"}],"predecessor-version":[{"id":6247,"href":"https:\/\/moverdb.com\/lv\/wp-json\/wp\/v2\/pages\/955\/revisions\/6247"}],"wp:featuredmedia":[{"embeddable":true,"href":"https:\/\/moverdb.com\/lv\/wp-json\/wp\/v2\/media\/1083"}],"wp:attachment":[{"href":"https:\/\/moverdb.com\/lv\/wp-json\/wp\/v2\/media?parent=955"}],"curies":[{"name":"wp","href":"https:\/\/api.w.org\/{rel}","templated":true}]}}