{"id":9525,"date":"2023-06-08T12:37:11","date_gmt":"2023-06-08T12:37:11","guid":{"rendered":"https:\/\/moverdb.com\/?page_id=9525"},"modified":"2026-01-08T15:24:26","modified_gmt":"2026-01-08T15:24:26","slug":"moving-companies-slovenia","status":"publish","type":"page","link":"https:\/\/moverdb.com\/lv\/moving-companies\/moving-companies-slovenia\/","title":{"rendered":"3 lab\u0101kie starptautisk\u0101s p\u0101rcel\u0161an\u0101s uz\u0146\u0113mumi Slov\u0113nij\u0101"},"content":{"rendered":"<p>P\u0101rv\u0101k\u0161an\u0101s var b\u016bt stresa pilns laiks, kad ir j\u0101r\u016bp\u0113jas par daudz\u0101m liet\u0101m, jo \u012bpa\u0161i, ja p\u0101rce\u013caties uz \u0101rzem\u0113m. Ja pl\u0101nojat p\u0101rcelties uz vai no <a href=\"https:\/\/moverdb.com\/lv\/moving-to-slovenia\/\" data-internallinksmanager029f6b8e52c=\"392\" title=\"P\u0101rcel\u0161an\u0101s uz Slov\u0113niju? 2023 Dz\u012bves izmaksas un p\u0101rcel\u0161an\u0101s padomi\">Slov\u0113nija<\/a> tad, izmantojot pakalpojumus <a href=\"https:\/\/moverdb.com\/lv\/moving-companies\/\" data-internallinksmanager029f6b8e52c=\"79\" title=\"Top 25 Starptautiskie p\u0101rcel\u0161an\u0101s uz\u0146\u0113mumi tie\u0161saist\u0113\">P\u0101rvieto\u0161an\u0101s uz\u0146\u0113mums<\/a> var pal\u012bdz\u0113t atvieglot slodzi. Zem\u0101k m\u0113s esam apkopoju\u0161i Slov\u0113nij\u0101 b\u0101z\u0113tu <a href=\"https:\/\/moverdb.com\/lv\/international-removals\/\" data-internallinksmanager029f6b8e52c=\"27\" title=\"36 Lab\u0101kie starptautisko p\u0101rvad\u0101jumu uz\u0146\u0113mumi Apvienotaj\u0101 Karalist\u0113\">p\u0101rv\u0101k\u0161an\u0101s uz\u0146\u0113mumi<\/a> kas ir <a href=\"https:\/\/moverdb.com\/lv\/iam\/\" data-internallinksmanager029f6b8e52c=\"23\" title=\"Starptautisk\u0101s P\u0101rv\u0101c\u0113ju asoci\u0101cijas (IAM) skaidrojumi\">Starptautisk\u0101 P\u0101rv\u0101c\u0113ju asoci\u0101cija<\/a> (IAM) un\/vai <a href=\"https:\/\/moverdb.com\/lv\/fidi-faim\/\" data-internallinksmanager029f6b8e52c=\"16\" title=\"FIDI un FAIM (FIDI akredit\u0113tais starptautiskais p\u0101rvietot\u0101js) skaidrojums\">FIDI<\/a> Akredit\u0113ti starptautiskie p\u0101rv\u0101c\u0113ji (FAIM), kas var\u0113tu jums pal\u012bdz\u0113t p\u0101rcelties.<\/p>\n<h2><strong>1. DB Schenker<\/strong><\/h2>\n<p><img loading=\"lazy\" decoding=\"async\" class=\"alignnone size-full wp-image-9351\" src=\"https:\/\/moverdb.com\/wp-content\/uploads\/DB-Schenker-Slovenvia-international-moving-company.png\" alt=\"DB Schenker Slovenvia starptautiskais p\u0101rvad\u0101jumu uz\u0146\u0113mums\" width=\"1440\" height=\"673\" data-wp-pid=\"9351\" srcset=\"https:\/\/moverdb.com\/wp-content\/uploads\/DB-Schenker-Slovenvia-international-moving-company.png 1440w, https:\/\/moverdb.com\/wp-content\/uploads\/DB-Schenker-Slovenvia-international-moving-company-300x140.png 300w, https:\/\/moverdb.com\/wp-content\/uploads\/DB-Schenker-Slovenvia-international-moving-company-1024x479.png 1024w, https:\/\/moverdb.com\/wp-content\/uploads\/DB-Schenker-Slovenvia-international-moving-company-18x8.png 18w, https:\/\/moverdb.com\/wp-content\/uploads\/DB-Schenker-Slovenvia-international-moving-company-600x280.png 600w\" sizes=\"auto, (max-width: 1440px) 100vw, 1440px\" \/><\/p>\n<ul>\n<li>Valsts p\u0101rcel\u0161an\u0101s<\/li>\n<li>Starptautiskie p\u0101rvadi<\/li>\n<li>M\u0101jsaimniec\u012bbas p\u0101rv\u0101k\u0161an\u0101s<\/li>\n<li>Uz\u0146\u0113muma p\u0101rcel\u0161an\u0101s<\/li>\n<li>Piel\u0101gota iepako\u0161ana<\/li>\n<li>Sauszemes, dzelzce\u013ca, gaisa un j\u016bras kravu p\u0101rvad\u0101jumi<\/li>\n<li>Muito\u0161ana<\/li>\n<li>M\u0101kslas darbu apstr\u0101de<\/li>\n<li>Specializ\u0113tais autoparks un apr\u012bkojums<\/li>\n<li>Uzglab\u0101\u0161anas iek\u0101rtas<\/li>\n<\/ul>\n<p>DB Schenker ir glob\u0101ls lo\u0123istikas pakalpojumu sniedz\u0113js, kam ir aptuveni 1850 fili\u0101\u013cu vis\u0101 pasaul\u0113 un kas darbojas kop\u0161 1872. gada. <a href=\"https:\/\/moverdb.com\/lv\/moving-to-austria\/\" data-internallinksmanager029f6b8e52c=\"343\" title=\"P\u0101rcel\u0161an\u0101s uz Austriju? 2023 Dz\u012bves izmaksas un p\u0101rcel\u0161an\u0101s padomi\">Austrija<\/a>. Vi\u0146iem ir vair\u0101kas atra\u0161an\u0101s vietas Slov\u0113nij\u0101, tostarp \u013bub\u013can\u0101, Maribor\u0101, Koper\u0101, Brnik\u0101 un Skofja Loka. Vi\u0146i ir IAM biedri.<\/p>\n<p>DB Schenker pied\u0101v\u0101 p\u0101rcel\u0161an\u0101s un p\u0101rvieto\u0161anas pakalpojumus Slov\u0113nij\u0101, uz Slov\u0113niju un no t\u0101s. To pakalpojumi ietver profesion\u0101lu iepako\u0161anas pakalpojumu ar \u012bpa\u0161i piel\u0101gotu un videi draudz\u012bgu iepakojumu. Uz\u0146\u0113mumam ir savs autoparks ar gaisa balstiek\u0101rtu p\u0101rcel\u0161an\u0101s transportl\u012bdzek\u013ciem un pace\u013cam\u0101m platform\u0101m, lai p\u0101rvietotu j\u016bsu mantas. P\u0101rcel\u0161an\u0101s pl\u0101niem vi\u0146i organiz\u0113 p\u0101rvad\u0101jumus pa sauszemi, dzelzce\u013cu, gaisu un j\u016bru ar muitas formalit\u0101t\u0113m.<\/p>\n<p>T\u012bmek\u013ca vietne: <a href=\"https:\/\/www.dbschenker.com\/si-en\/products\/removals\" target=\"_blank\" rel=\"noopener\">https:\/\/www.dbschenker.com\/si-en\/products\/removals<\/a><\/p>\n<h2><strong>2. P\u0101rvieto\u0161ana Ltd<\/strong><\/h2>\n<p><img loading=\"lazy\" decoding=\"async\" class=\"alignnone size-full wp-image-9417\" src=\"https:\/\/moverdb.com\/wp-content\/uploads\/Relocations-Ltd-international-moving-company.png\" alt=\"Relocations Ltd starptautisks p\u0101rvietojas uz\u0146\u0113mums\" width=\"1440\" height=\"673\" data-wp-pid=\"9417\" srcset=\"https:\/\/moverdb.com\/wp-content\/uploads\/Relocations-Ltd-international-moving-company.png 1440w, https:\/\/moverdb.com\/wp-content\/uploads\/Relocations-Ltd-international-moving-company-300x140.png 300w, https:\/\/moverdb.com\/wp-content\/uploads\/Relocations-Ltd-international-moving-company-1024x479.png 1024w, https:\/\/moverdb.com\/wp-content\/uploads\/Relocations-Ltd-international-moving-company-18x8.png 18w, https:\/\/moverdb.com\/wp-content\/uploads\/Relocations-Ltd-international-moving-company-600x280.png 600w\" sizes=\"auto, (max-width: 1440px) 100vw, 1440px\" \/><\/p>\n<ul>\n<li>Valsts p\u0101rcel\u0161an\u0101s<\/li>\n<li>Starptautiskie p\u0101rvadi<\/li>\n<li>M\u0101jsaimniec\u012bbas p\u0101rv\u0101k\u0161an\u0101s<\/li>\n<li>Uz\u0146\u0113mumu p\u0101rvieto\u0161an\u0101s<\/li>\n<li>Kvalitat\u012bva iepako\u0161ana<\/li>\n<li>Transporta pas\u0101kumi<\/li>\n<li>Muito\u0161ana<\/li>\n<li>Transportl\u012bdzek\u013cu transport\u0113\u0161ana<\/li>\n<li>Imigr\u0101cijas pakalpojumi<\/li>\n<li>Uzglab\u0101\u0161anas iek\u0101rtas<\/li>\n<\/ul>\n<p>Relocations Ltd ir 2006. gad\u0101 dibin\u0101ts p\u0101rcel\u0161an\u0101s uz\u0146\u0113mums, kas atrodas \u013bub\u013can\u0101. Uz\u0146\u0113mumam ir p\u0101rcel\u0161an\u0101s profesion\u0101\u013cu komanda Slov\u0113nij\u0101, un tas izmanto p\u0101rbaud\u012btus partnerus \u0101rzem\u0113s, kas sniedz neatkar\u012bgus p\u0101rcel\u0161an\u0101s vad\u012bbas koordin\u0113\u0161anas pakalpojumus. Uz\u0146\u0113mums ir IAM biedrs.<\/p>\n<p>Relocations Ltd pied\u0101v\u0101 viet\u0113j\u0101s pal\u012bdz\u012bbas vai pilna p\u0101rcel\u0161an\u0101s pakalpojuma izv\u0113li, lai veiktu p\u0101rcel\u0161anos Slov\u0113nij\u0101, uz Slov\u0113niju vai no t\u0101s. Vi\u0146i sniedz pakalpojumus m\u0101jsaimniec\u012bb\u0101m un uz\u0146\u0113mumiem, tostarp transportl\u012bdzek\u013cu transport\u0113\u0161anu un imigr\u0101cijas pakalpojumus. Vi\u0146i organiz\u0113s j\u016bsu mantu transport\u0113\u0161anu ar muito\u0161anu. Vi\u0146i pied\u0101v\u0101 papildu pakalpojumus, tostarp iek\u0101rto\u0161an\u0101s pakalpojumus, izbrauk\u0161anas pakalpojumus, m\u0101jok\u013ca un skolas mekl\u0113\u0161anu, orient\u0101ciju, kult\u016bras apm\u0101c\u012bbu un pal\u012bgstr\u0101dnieku pakalpojumus.<\/p>\n<p>T\u012bmek\u013ca vietne: <a href=\"http:\/\/www.relocations.si\" target=\"_blank\" rel=\"noopener\">http:\/\/www.relocations.si<\/a><\/p>\n<h2><strong>3. Vatovec<\/strong><\/h2>\n<p><img loading=\"lazy\" decoding=\"async\" class=\"alignnone size-full wp-image-9443\" src=\"https:\/\/moverdb.com\/wp-content\/uploads\/Vatovec-international-moving-company.png\" alt=\"Vatovec starptautiskais p\u0101rvieto\u0161an\u0101s uz\u0146\u0113mums\" width=\"1440\" height=\"680\" data-wp-pid=\"9443\" srcset=\"https:\/\/moverdb.com\/wp-content\/uploads\/Vatovec-international-moving-company.png 1440w, https:\/\/moverdb.com\/wp-content\/uploads\/Vatovec-international-moving-company-300x142.png 300w, https:\/\/moverdb.com\/wp-content\/uploads\/Vatovec-international-moving-company-1024x484.png 1024w, https:\/\/moverdb.com\/wp-content\/uploads\/Vatovec-international-moving-company-18x9.png 18w, https:\/\/moverdb.com\/wp-content\/uploads\/Vatovec-international-moving-company-600x283.png 600w\" sizes=\"auto, (max-width: 1440px) 100vw, 1440px\" \/><\/p>\n<ul>\n<li>Valsts p\u0101rcel\u0161an\u0101s<\/li>\n<li>Starptautisk\u0101s p\u0101rvieto\u0161anas<\/li>\n<li>M\u0101jsaimniec\u012bbas p\u0101rvieto\u0161ana<\/li>\n<li>Biroju p\u0101rvieto\u0161ana<\/li>\n<li>Profesion\u0101ls iepako\u0161anas pakalpojums<\/li>\n<li>Sauszemes, gaisa un j\u016bras transports<\/li>\n<li>Muitas formalit\u0101tes<\/li>\n<li>Kust\u012bgi m\u0101kslas objekti<\/li>\n<li>Mazo dz\u012bvnieku p\u0101rvad\u0101\u0161ana<\/li>\n<li>Uzglab\u0101\u0161anas iek\u0101rtas<\/li>\n<\/ul>\n<p>Vatovec ir 1998. gad\u0101 dibin\u0101ts p\u0101rcel\u0161an\u0101s uz\u0146\u0113mums, kas atrodas \u013bub\u013can\u0101. Uz\u0146\u0113mumam ir kvalitat\u012bvu starptautisko partneru t\u012bkls vis\u0101 pasaul\u0113, kas pal\u012bdz veikt starptautisko p\u0101rcel\u0161anos. Uz\u0146\u0113mums ir IAM biedrs ar 25 gadu darba st\u0101\u017eu un ir akredit\u0113ts FIDI.<\/p>\n<p>Vatovec pied\u0101v\u0101 p\u0101rcel\u0161an\u0101s un p\u0101rv\u0101k\u0161an\u0101s pakalpojumus Slov\u0113nij\u0101, uz Slov\u0113niju un no t\u0101s. Vi\u0146i sniedz profesion\u0101lus iepako\u0161anas pakalpojumus, kas nodro\u0161in\u0101s, ka j\u016bsu mantas tiek dro\u0161i iepakotas un nog\u0101d\u0101tas galam\u0113r\u0137\u012b pa sauszemi, gaisu vai j\u016bru, nok\u0101rtojot muitas formalit\u0101tes. P\u0101rcel\u0161an\u0101s pakalpojumi ietver uztur\u0113\u0161an\u0101s un darba at\u013cauju izsnieg\u0161anu, m\u0101jok\u013ca un skolas mekl\u0113\u0161anu, orient\u0113\u0161anos, remontstr\u0101dnieku un amatnieku mekl\u0113\u0161anu.<\/p>\n<p>T\u012bmek\u013ca vietne: <a href=\"http:\/\/www.vatovec.si\" target=\"_blank\" rel=\"noopener\">http:\/\/www.vatovec.si<\/a><\/p>","protected":false},"excerpt":{"rendered":"<p>Moving can be a stressful time with a lot of things to arrange especially if you are moving overseas. If you are planning a move within, to or from Slovenia then employing the services of a moving company can help lighten the load. Below we have compiled a list of Slovenia based removal companies that [&hellip;]<\/p>\n","protected":false},"author":4,"featured_media":9351,"parent":190,"menu_order":0,"comment_status":"closed","ping_status":"closed","template":"","meta":{"_genesis_hide_title":false,"_genesis_hide_breadcrumbs":false,"_genesis_hide_singular_image":false,"_genesis_hide_footer_widgets":false,"_genesis_custom_body_class":"","_genesis_custom_post_class":"","_genesis_layout":"","footnotes":""},"class_list":{"0":"post-9525","1":"page","2":"type-page","3":"status-publish","4":"has-post-thumbnail","6":"entry"},"_links":{"self":[{"href":"https:\/\/moverdb.com\/lv\/wp-json\/wp\/v2\/pages\/9525","targetHints":{"allow":["GET"]}}],"collection":[{"href":"https:\/\/moverdb.com\/lv\/wp-json\/wp\/v2\/pages"}],"about":[{"href":"https:\/\/moverdb.com\/lv\/wp-json\/wp\/v2\/types\/page"}],"author":[{"embeddable":true,"href":"https:\/\/moverdb.com\/lv\/wp-json\/wp\/v2\/users\/4"}],"replies":[{"embeddable":true,"href":"https:\/\/moverdb.com\/lv\/wp-json\/wp\/v2\/comments?post=9525"}],"version-history":[{"count":1,"href":"https:\/\/moverdb.com\/lv\/wp-json\/wp\/v2\/pages\/9525\/revisions"}],"predecessor-version":[{"id":9526,"href":"https:\/\/moverdb.com\/lv\/wp-json\/wp\/v2\/pages\/9525\/revisions\/9526"}],"up":[{"embeddable":true,"href":"https:\/\/moverdb.com\/lv\/wp-json\/wp\/v2\/pages\/190"}],"wp:featuredmedia":[{"embeddable":true,"href":"https:\/\/moverdb.com\/lv\/wp-json\/wp\/v2\/media\/9351"}],"wp:attachment":[{"href":"https:\/\/moverdb.com\/lv\/wp-json\/wp\/v2\/media?parent=9525"}],"curies":[{"name":"wp","href":"https:\/\/api.w.org\/{rel}","templated":true}]}}