{"id":9523,"date":"2023-06-08T12:38:02","date_gmt":"2023-06-08T12:38:02","guid":{"rendered":"https:\/\/moverdb.com\/?page_id=9523"},"modified":"2026-01-08T15:30:15","modified_gmt":"2026-01-08T15:30:15","slug":"moving-companies-slovakia","status":"publish","type":"page","link":"https:\/\/moverdb.com\/lv\/moving-companies\/moving-companies-slovakia\/","title":{"rendered":"Lab\u0101kie starptautisk\u0101s p\u0101rcel\u0161an\u0101s uz\u0146\u0113mumi Slov\u0101kij\u0101"},"content":{"rendered":"<p>Vai dom\u0101jat par m\u0101jok\u013ca vai uz\u0146\u0113muma p\u0101rvieto\u0161anu uz vai no Latvijas? <a href=\"https:\/\/moverdb.com\/lv\/moving-to-slovakia\/\" data-internallinksmanager029f6b8e52c=\"338\" title=\"P\u0101rcel\u0161an\u0101s uz Slov\u0101kiju? 2023 Dz\u012bves izmaksas un p\u0101rcel\u0161an\u0101s padomi\">Slov\u0101kija<\/a>? Ja t\u0101, tad, iesp\u0113jams, v\u0113laties izmantot p\u0101rv\u0101k\u0161an\u0101s a\u0123enta pakalpojumus, lai samazin\u0101tu ar p\u0101rv\u0101k\u0161anos saist\u012bto darbu un stresu. Zem\u0101k m\u0113s esam apkopoju\u0161i Slov\u0101kijas <a href=\"https:\/\/moverdb.com\/lv\/international-removals\/\" data-internallinksmanager029f6b8e52c=\"27\" title=\"36 Lab\u0101kie starptautisko p\u0101rvad\u0101jumu uz\u0146\u0113mumi Apvienotaj\u0101 Karalist\u0113\">p\u0101rv\u0101k\u0161an\u0101s uz\u0146\u0113mumi<\/a> kas ir <a href=\"https:\/\/moverdb.com\/lv\/iam\/\" data-internallinksmanager029f6b8e52c=\"23\" title=\"Starptautisk\u0101s P\u0101rv\u0101c\u0113ju asoci\u0101cijas (IAM) skaidrojumi\">Starptautisk\u0101 P\u0101rv\u0101c\u0113ju asoci\u0101cija<\/a> (IAM) un\/vai <a href=\"https:\/\/moverdb.com\/lv\/fidi-faim\/\" data-internallinksmanager029f6b8e52c=\"16\" title=\"FIDI un FAIM (FIDI akredit\u0113tais starptautiskais p\u0101rvietot\u0101js) skaidrojums\">FIDI<\/a> Akredit\u0113ti starptautiskie p\u0101rv\u0101c\u0113ji (FAIM), kas var\u0113tu jums pal\u012bdz\u0113t p\u0101rcelties.<\/p>\n<h2><strong>Santa Fe p\u0101rvieto\u0161ana<\/strong><\/h2>\n<p><img loading=\"lazy\" decoding=\"async\" class=\"alignnone size-full wp-image-9422\" src=\"https:\/\/moverdb.com\/wp-content\/uploads\/Santa-Fe-Relocation-Slovakia-international-moving-company.png\" alt=\"Santa Fe P\u0101rcel\u0161an\u0101s Slov\u0101kija starptautisks p\u0101rcel\u0161an\u0101s uz\u0146\u0113mums\" width=\"1440\" height=\"677\" data-wp-pid=\"9422\" srcset=\"https:\/\/moverdb.com\/wp-content\/uploads\/Santa-Fe-Relocation-Slovakia-international-moving-company.png 1440w, https:\/\/moverdb.com\/wp-content\/uploads\/Santa-Fe-Relocation-Slovakia-international-moving-company-300x141.png 300w, https:\/\/moverdb.com\/wp-content\/uploads\/Santa-Fe-Relocation-Slovakia-international-moving-company-1024x481.png 1024w, https:\/\/moverdb.com\/wp-content\/uploads\/Santa-Fe-Relocation-Slovakia-international-moving-company-18x8.png 18w, https:\/\/moverdb.com\/wp-content\/uploads\/Santa-Fe-Relocation-Slovakia-international-moving-company-600x282.png 600w\" sizes=\"auto, (max-width: 1440px) 100vw, 1440px\" \/><\/p>\n<ul>\n<li>Valsts p\u0101rcel\u0161an\u0101s<\/li>\n<li>Starptautisk\u0101s p\u0101rvieto\u0161anas<\/li>\n<li>M\u0101jsaimniec\u012bbas p\u0101rvieto\u0161ana<\/li>\n<li>Uz\u0146\u0113mumu p\u0101rvieto\u0161ana<\/li>\n<li>Iepako\u0161anas pakalpojums<\/li>\n<li>Gaisa, j\u016bras un autotransports<\/li>\n<li>Muito\u0161ana<\/li>\n<li>M\u0101jdz\u012bvnieku p\u0101rvieto\u0161ana<\/li>\n<li>V\u012bza un imigr\u0101cija<\/li>\n<li>\u012astermi\u0146a un ilgtermi\u0146a uzglab\u0101\u0161ana<\/li>\n<\/ul>\n<p>Santa Fe Relocation ir starptautisks p\u0101rcel\u0161an\u0101s uz\u0146\u0113mums, kam ir 64 biroji 38 valst\u012bs. Savu Slov\u0101kijas biroju Bratislav\u0101 tas atv\u0113ra 2002. gad\u0101. Uz\u0146\u0113mums ir IAM biedrs ar 21 gadu darba st\u0101\u017eu un ir akredit\u0113ts FIDI.<\/p>\n<p>Santa Fe Relocation pied\u0101v\u0101 iesp\u0113ju veikt apsekojumu m\u0101j\u0101s vai videoapsekojumu un konsult\u0101ciju pirms p\u0101rcel\u0161an\u0101s, lai noskaidrotu j\u016bsu vajadz\u012bbas. Vi\u0146i nodro\u0161ina j\u016bsu priek\u0161metu un m\u0113be\u013cu iepako\u0161anas pakalpojumus un organiz\u0113 gaisa, j\u016bras vai autotransporta transportu ar muito\u0161anu.  Vi\u0146i pied\u0101v\u0101 da\u017e\u0101dus papildpakalpojumus, tostarp s\u016bt\u012bjumu aizsardz\u012bbu, uzglab\u0101\u0161anu, m\u0101jok\u013ca un skolas mekl\u0113\u0161anu, iek\u0101rto\u0161an\u0101s pakalpojumus, atbalstu izbrauk\u0161anai, m\u0101jdz\u012bvnieku p\u0101rvieto\u0161anu, <a href=\"https:\/\/moverdb.com\/lv\/car-transport-shipping\/\" data-internallinksmanager029f6b8e52c=\"2\" title=\"2026 Starptautiskais autotransports un transportl\u012bdzek\u013cu p\u0101rvad\u0101\u0161anas cit\u0101ti\">transportl\u012bdzek\u013cu p\u0101rvad\u0101jumi<\/a>, k\u0101 ar\u012b pal\u012bdz\u012bbu v\u012bzu un imigr\u0101cijas jaut\u0101jumos.<\/p>\n<p>T\u012bmek\u013ca vietne: <a href=\"https:\/\/www.santaferelo.com\/en\/contact\/our-offices\/slovakia-bratislava\/\" target=\"_blank\" rel=\"noopener\">https:\/\/www.santaferelo.com\/en\/contact\/our-offices\/slovakia-bratislava\/<\/a><\/p>\n<h2>Citi noder\u012bgi ce\u013cve\u017ei uz Slov\u0101kiju<\/h2>\n<ul>\n<li> <a href=\"https:\/\/moverdb.com\/lv\/moving-to-slovakia\/moving-to-slovakia-from-the-uk\/\">P\u0101rcel\u0161an\u0101s uz Slov\u0101kiju no Apvienot\u0101s Karalistes<\/a><\/li>\n<li> <a href=\"https:\/\/moverdb.com\/lv\/moving-to-slovakia\/\">P\u0101rcel\u0161an\u0101s uz Slov\u0101kiju? 2024 Dz\u012bves izmaksas un p\u0101rcel\u0161an\u0101s padomi<\/a><\/li>\n<\/ul>","protected":false},"excerpt":{"rendered":"<p>Are you thinking of moving home or your business within, to or from Slovakia? If you are then you may want to enlist the services of a moving agent to reduce the work involved and the stress. Below we have compiled a list of Slovakian removal companies that are members of the International Association of [&hellip;]<\/p>\n","protected":false},"author":4,"featured_media":9422,"parent":190,"menu_order":0,"comment_status":"closed","ping_status":"closed","template":"","meta":{"_genesis_hide_title":false,"_genesis_hide_breadcrumbs":false,"_genesis_hide_singular_image":false,"_genesis_hide_footer_widgets":false,"_genesis_custom_body_class":"","_genesis_custom_post_class":"","_genesis_layout":"","footnotes":""},"class_list":{"0":"post-9523","1":"page","2":"type-page","3":"status-publish","4":"has-post-thumbnail","6":"entry"},"_links":{"self":[{"href":"https:\/\/moverdb.com\/lv\/wp-json\/wp\/v2\/pages\/9523","targetHints":{"allow":["GET"]}}],"collection":[{"href":"https:\/\/moverdb.com\/lv\/wp-json\/wp\/v2\/pages"}],"about":[{"href":"https:\/\/moverdb.com\/lv\/wp-json\/wp\/v2\/types\/page"}],"author":[{"embeddable":true,"href":"https:\/\/moverdb.com\/lv\/wp-json\/wp\/v2\/users\/4"}],"replies":[{"embeddable":true,"href":"https:\/\/moverdb.com\/lv\/wp-json\/wp\/v2\/comments?post=9523"}],"version-history":[{"count":3,"href":"https:\/\/moverdb.com\/lv\/wp-json\/wp\/v2\/pages\/9523\/revisions"}],"predecessor-version":[{"id":17867,"href":"https:\/\/moverdb.com\/lv\/wp-json\/wp\/v2\/pages\/9523\/revisions\/17867"}],"up":[{"embeddable":true,"href":"https:\/\/moverdb.com\/lv\/wp-json\/wp\/v2\/pages\/190"}],"wp:featuredmedia":[{"embeddable":true,"href":"https:\/\/moverdb.com\/lv\/wp-json\/wp\/v2\/media\/9422"}],"wp:attachment":[{"href":"https:\/\/moverdb.com\/lv\/wp-json\/wp\/v2\/media?parent=9523"}],"curies":[{"name":"wp","href":"https:\/\/api.w.org\/{rel}","templated":true}]}}