{"id":9508,"date":"2023-06-08T12:43:53","date_gmt":"2023-06-08T12:43:53","guid":{"rendered":"https:\/\/moverdb.com\/?page_id=9508"},"modified":"2026-01-08T15:30:14","modified_gmt":"2026-01-08T15:30:14","slug":"moving-companies-puerto-rico","status":"publish","type":"page","link":"https:\/\/moverdb.com\/lv\/moving-companies\/moving-companies-puerto-rico\/","title":{"rendered":"Lab\u0101kie starptautisk\u0101s p\u0101rcel\u0161an\u0101s uz\u0146\u0113mumi Puertoriko"},"content":{"rendered":"<p>Kad j\u016bs p\u0101rvietojaties, ir tik daudz kas j\u0101organiz\u0113, t\u0101p\u0113c tik daudzi cilv\u0113ki izmanto pakalpojumus. <a href=\"https:\/\/moverdb.com\/lv\/moving-companies\/\" data-internallinksmanager029f6b8e52c=\"79\" title=\"Top 25 Starptautiskie p\u0101rcel\u0161an\u0101s uz\u0146\u0113mumi tie\u0161saist\u0113\">P\u0101rvieto\u0161an\u0101s uz\u0146\u0113mums<\/a> lai mazin\u0101tu ar p\u0101rcel\u0161anos saist\u012bto stresu. Zem\u0101k m\u0113s esam apkopoju\u0161i Puerto Riko b\u0101z\u0113tu <a href=\"https:\/\/moverdb.com\/lv\/international-removals\/\" data-internallinksmanager029f6b8e52c=\"27\" title=\"36 Lab\u0101kie starptautisko p\u0101rvad\u0101jumu uz\u0146\u0113mumi Apvienotaj\u0101 Karalist\u0113\">p\u0101rv\u0101k\u0161an\u0101s uz\u0146\u0113mumi<\/a> kas ir <a href=\"https:\/\/moverdb.com\/lv\/iam\/\" data-internallinksmanager029f6b8e52c=\"23\" title=\"Starptautisk\u0101s P\u0101rv\u0101c\u0113ju asoci\u0101cijas (IAM) skaidrojumi\">Starptautisk\u0101 P\u0101rv\u0101c\u0113ju asoci\u0101cija<\/a> (IAM) un\/vai <a href=\"https:\/\/moverdb.com\/lv\/fidi-faim\/\" data-internallinksmanager029f6b8e52c=\"16\" title=\"FIDI un FAIM (FIDI akredit\u0113tais starptautiskais p\u0101rvietot\u0101js) skaidrojums\">FIDI<\/a> Akredit\u0113ti starptautiskie p\u0101rv\u0101c\u0113ji (FAIM), kas var pal\u012bdz\u0113t jums p\u0101rcelties.<\/p>\n<h2><strong>La Rosa del Monte<\/strong><\/h2>\n<p><img loading=\"lazy\" decoding=\"async\" class=\"alignnone size-full wp-image-9392\" src=\"https:\/\/moverdb.com\/wp-content\/uploads\/La-Rosa-del-Monte-international-moving-company.png\" alt=\"La Rosa del Monte starptautiskais p\u0101rvietojas uz\u0146\u0113mums\" width=\"1440\" height=\"684\" data-wp-pid=\"9392\" srcset=\"https:\/\/moverdb.com\/wp-content\/uploads\/La-Rosa-del-Monte-international-moving-company.png 1440w, https:\/\/moverdb.com\/wp-content\/uploads\/La-Rosa-del-Monte-international-moving-company-300x143.png 300w, https:\/\/moverdb.com\/wp-content\/uploads\/La-Rosa-del-Monte-international-moving-company-1024x486.png 1024w, https:\/\/moverdb.com\/wp-content\/uploads\/La-Rosa-del-Monte-international-moving-company-18x9.png 18w, https:\/\/moverdb.com\/wp-content\/uploads\/La-Rosa-del-Monte-international-moving-company-600x285.png 600w\" sizes=\"auto, (max-width: 1440px) 100vw, 1440px\" \/><\/p>\n<ul>\n<li>Viet\u0113jie un viet\u0113jie p\u0101rvadi<\/li>\n<li>Starptautiskie p\u0101rvadi<\/li>\n<li>P\u0101rv\u0101k\u0161an\u0101s uz dz\u012bvojam\u0101m telp\u0101m<\/li>\n<li>Komerci\u0101lie p\u0101rvadi<\/li>\n<li>Pakalpojums \"no durv\u012bm l\u012bdz durv\u012bm<\/li>\n<li>Iepako\u0161anas pakalpojums<\/li>\n<li>Sauszemes, j\u016bras un gaisa transports<\/li>\n<li>T\u0113lot\u0101jm\u0101kslas apstr\u0101de<\/li>\n<li><a href=\"https:\/\/moverdb.com\/lv\/car-transport-shipping\/\" data-internallinksmanager029f6b8e52c=\"2\" title=\"2026 Starptautiskais autotransports un transportl\u012bdzek\u013cu p\u0101rvad\u0101\u0161anas cit\u0101ti\">Transportl\u012bdzek\u013cu nos\u016bt\u012b\u0161ana<\/a><\/li>\n<li>Uzglab\u0101\u0161anas iek\u0101rtas<\/li>\n<\/ul>\n<p>La Rosa del Monte ir starptautisks p\u0101rvieto\u0161an\u0101s uz\u0146\u0113mums ar 50 gadu v\u0113sturi un birojiem vis\u0101 Amerik\u0101, k\u0101 ar\u012b Toa Baja Puertoriko un Puertoriko. <a href=\"https:\/\/moverdb.com\/lv\/moving-companies\/moving-companies-dominican-republic\/\" data-internallinksmanager029f6b8e52c=\"216\" title=\"6 Lab\u0101kie starptautisk\u0101s p\u0101rcel\u0161an\u0101s uz\u0146\u0113mumi Dominik\u0101nas Republik\u0101\">Dominik\u0101nas Republika<\/a>. Vi\u0146i str\u0101d\u0101 saska\u0146\u0101 ar augstiem standartiem un sadarbojas ar citiem a\u0123entiem vis\u0101 pasaul\u0113, kas str\u0101d\u0101 saska\u0146\u0101 ar l\u012bdz\u012bgiem standartiem, lai sniegtu pakalpojumus starptautisk\u0101 m\u0113rog\u0101. Vi\u0146i ir IAM biedri ar 52 gadu darba st\u0101\u017eu un ir akredit\u0113ti FIDI.<\/p>\n<p>La Rosa del Monte pied\u0101v\u0101 individualiz\u0113tu p\u0101rcel\u0161an\u0101s pakalpojumu no durv\u012bm l\u012bdz durv\u012bm vai no durv\u012bm l\u012bdz durv\u012bm.<a href=\"https:\/\/moverdb.com\/lv\/top-49-container-ports\/\" data-internallinksmanager029f6b8e52c=\"80\" title=\"49 liel\u0101kie un noslogot\u0101kie konteineru ostas 2025. gad\u0101\">osta<\/a> vai otr\u0101di. Vi\u0146i pied\u0101v\u0101 iepako\u0161anas pakalpojumus, ko nodro\u0161ina profesion\u0101li un pieredz\u0113ju\u0161i darbinieki, kuri dro\u0161i iesai\u0146os j\u016bsu mantas transport\u0113\u0161anai pa sauszemi, gaisu vai j\u016bru.<\/p>\n<p>T\u012bmek\u013ca vietne: <a href=\"http:\/\/www.larosadelmonte.com\/\" target=\"_blank\" rel=\"noopener\">http:\/\/www.larosadelmonte.com\/<\/a><\/p>","protected":false},"excerpt":{"rendered":"<p>When you are moving there is so much to organise which is why so many people engage the services of a moving company to reduce the stress of moving. Below we have compiled a list of Puerto Rico based removal companies that are members of the International Association of Movers (IAM) and\/or FIDI Accredited International [&hellip;]<\/p>\n","protected":false},"author":4,"featured_media":9392,"parent":190,"menu_order":0,"comment_status":"closed","ping_status":"closed","template":"","meta":{"_genesis_hide_title":false,"_genesis_hide_breadcrumbs":false,"_genesis_hide_singular_image":false,"_genesis_hide_footer_widgets":false,"_genesis_custom_body_class":"","_genesis_custom_post_class":"","_genesis_layout":"","footnotes":""},"class_list":{"0":"post-9508","1":"page","2":"type-page","3":"status-publish","4":"has-post-thumbnail","6":"entry"},"_links":{"self":[{"href":"https:\/\/moverdb.com\/lv\/wp-json\/wp\/v2\/pages\/9508","targetHints":{"allow":["GET"]}}],"collection":[{"href":"https:\/\/moverdb.com\/lv\/wp-json\/wp\/v2\/pages"}],"about":[{"href":"https:\/\/moverdb.com\/lv\/wp-json\/wp\/v2\/types\/page"}],"author":[{"embeddable":true,"href":"https:\/\/moverdb.com\/lv\/wp-json\/wp\/v2\/users\/4"}],"replies":[{"embeddable":true,"href":"https:\/\/moverdb.com\/lv\/wp-json\/wp\/v2\/comments?post=9508"}],"version-history":[{"count":1,"href":"https:\/\/moverdb.com\/lv\/wp-json\/wp\/v2\/pages\/9508\/revisions"}],"predecessor-version":[{"id":9509,"href":"https:\/\/moverdb.com\/lv\/wp-json\/wp\/v2\/pages\/9508\/revisions\/9509"}],"up":[{"embeddable":true,"href":"https:\/\/moverdb.com\/lv\/wp-json\/wp\/v2\/pages\/190"}],"wp:featuredmedia":[{"embeddable":true,"href":"https:\/\/moverdb.com\/lv\/wp-json\/wp\/v2\/media\/9392"}],"wp:attachment":[{"href":"https:\/\/moverdb.com\/lv\/wp-json\/wp\/v2\/media?parent=9508"}],"curies":[{"name":"wp","href":"https:\/\/api.w.org\/{rel}","templated":true}]}}