{"id":944,"date":"2016-09-04T13:58:08","date_gmt":"2016-09-04T13:58:08","guid":{"rendered":"http:\/\/moverdb.com\/?page_id=944"},"modified":"2026-01-08T14:48:19","modified_gmt":"2026-01-08T14:48:19","slug":"parmerigi-starptautiskie-parvietotaji","status":"publish","type":"page","link":"https:\/\/moverdb.com\/lv\/excess-international-movers\/","title":{"rendered":"P\u0101rm\u0113r\u012bgi starptautiskie p\u0101rvietot\u0101ji: Atsauksmes par starptautisko p\u0101rcel\u0161anos"},"content":{"rendered":"<p>Excess International Movers pied\u0101v\u0101 korporat\u012bvajiem klientiem, priv\u0101tperson\u0101m un \u0123imen\u0113m pla\u0161u pakalpojumu kl\u0101stu, kas uzskait\u012bti turpm\u0101k. Turpat ir ar\u012b uz\u0146\u0113muma profils un atsauksmes.<\/p>\n<p><strong><a href=\"https:\/\/moverdb.com\/lv\/international-removals\/\" data-internallinksmanager029f6b8e52c=\"27\" title=\"36 Lab\u0101kie starptautisko p\u0101rvad\u0101jumu uz\u0146\u0113mumi Apvienotaj\u0101 Karalist\u0113\">Starptautiskie p\u0101rv\u0101k\u0161an\u0101s darbi<\/a><\/strong><\/p>\n<ul>\n<li> Gaisa, j\u016bras vai autotransports<\/li>\n<li> Pakalpojums no durv\u012bm l\u012bdz durv\u012bm<\/li>\n<li> Specializ\u0113ts pakalpojums starptautiskai p\u0101rvieto\u0161anai<\/li>\n<li> P\u0101rv\u0101k\u0161an\u0101s koordinators, kas organiz\u0113 p\u0101rv\u0101k\u0161anos no s\u0101kuma l\u012bdz beig\u0101m un atbild uz visiem jaut\u0101jumiem.<\/li>\n<li> Packers un p\u0101rvietot\u0101ji, lai iepakotu mantu lab\u0101kajos nozares apstiprin\u0101tajos iepakojuma materi\u0101los - ar\u012b Excess International Movers pied\u0101v\u0101<\/li>\n<li> P\u0101rv\u0101k\u0161anas darbi, kas iekrauti <a href=\"https:\/\/moverdb.com\/lv\/konteineru-parvadajumi\/\">ku\u0123o\u0161anas konteiners<\/a> vai iekrau\u0161anai gaisa ku\u0123os<\/li>\n<li> Pre\u010du muito\u0161ana, pieg\u0101de un izkrau\u0161ana j\u016bsu jaunaj\u0101s m\u0101j\u0101s, biroj\u0101, viesn\u012bc\u0101 vai cit\u0101 galapunkt\u0101 - vai nodro\u0161in\u0101\u0161ana, lai t\u0101s var\u0113tu sa\u0146emt izv\u0113l\u0113taj\u0101 lidost\u0101.<\/li>\n<li> Starptautisk\u0101s p\u0101rcel\u0161an\u0101s nodevas, muito\u0161anas un termin\u0101la nodevas<\/li>\n<\/ul>\n<p><strong>P\u0101rv\u0101k\u0161an\u0101s Eirop\u0101<\/strong><\/p>\n<ul>\n<li> Pakalpojums no durv\u012bm l\u012bdz durv\u012bm<\/li>\n<li> Specializ\u0113ts tie\u0161ais pakalpojums. J\u016bsu mantas tiek iepakotas j\u016bsu m\u0101j\u0101s, iekrautas un transport\u0113tas tie\u0161i uz j\u016bsu jaunaj\u0101m m\u0101j\u0101m Eirop\u0101. J\u016bs izv\u0113laties pieg\u0101des datumu atbilsto\u0161i sav\u0101m vajadz\u012bb\u0101m. <\/li>\n<li> Dal\u012bta slodze. Piem\u0113rots, ja v\u0113laties p\u0101rvietot preces maz\u0101kos s\u016bt\u012bjumos, kad laika grafiks nav tik svar\u012bgs. Lai gan klientiem joproj\u0101m tiek pied\u0101v\u0101ts fiks\u0113ts sav\u0101k\u0161anas datums, pirms sav\u0101k\u0161anas jums tiek nodro\u0161in\u0101ts pieg\u0101des laika logs, un pieg\u0101des datums tiek apstiprin\u0101ts p\u0113c tam, kad ir pabeigts dal\u012bt\u0101s kravas grafiks.<\/li>\n<li> \u012apa\u0161s p\u0101rcel\u0161an\u0101s koordinators, kas atbild uz jaut\u0101jumiem un organiz\u0113 ES p\u0101rcel\u0161anos no s\u0101kuma l\u012bdz beig\u0101m.<\/li>\n<li> Eiropas p\u0101rv\u0101k\u0161an\u0101s pakalpojumi, tostarp profesion\u0101ls iepako\u0161anas pakalpojums, izmantojot nozar\u0113 apstiprin\u0101tus iepako\u0161anas materi\u0101lus, lai nodro\u0161in\u0101tu j\u016bsu mantu dro\u0161\u012bbu p\u0101rvad\u0101\u0161anas laik\u0101.<\/li>\n<li> P\u0101rv\u0101k\u0161an\u0101s pakalpojumi, kas tiek sav\u0101kti, pieg\u0101d\u0101ti un p\u0113c tam izpakoti j\u016bsu jaunaj\u0101 m\u0101jokl\u012b, visu saturu izvietojot atbilsto\u0161i pras\u012bb\u0101m.<\/li>\n<\/ul>\n<p><strong>Uzglab\u0101\u0161anas pakalpojumi<\/strong><\/p>\n<ul>\n<li> 24 stundu apsardze<\/li>\n<li> Par piek\u013cuvi prec\u0113m ir j\u0101pazi\u0146o, un par to var b\u016bt j\u0101maks\u0101 papildu maksa.<\/li>\n<li> Atlaides studentu uzglab\u0101\u0161anai<\/li>\n<li> Uzglab\u0101\u0161ana konteineros<\/li>\n<\/ul>\n<p><strong>Pakalpojumi studentiem<\/strong><\/p>\n<ul>\n<li> \u012apa\u0161as atlaides mini p\u0101rce\u013cas<\/li>\n<li> \u012apa\u0161a 5 kastu uzglab\u0101\u0161anas iesp\u0113ja ar atlaidi<\/li>\n<li> Students <a href=\"https:\/\/moverdb.com\/lv\/kugniecibas-uznemumi\/\">starptautiska ku\u0123o\u0161ana<\/a><\/li>\n<\/ul>\n<p><strong>Papildu pakalpojumi<\/strong><\/p>\n<ul>\n<li> Bag\u0101\u017eas nos\u016bt\u012b\u0161ana<\/li>\n<li> Nepavad\u012bta bag\u0101\u017ea<\/li>\n<li> P\u0101rm\u0113r\u012bga bag\u0101\u017ea<\/li>\n<li> <a href=\"https:\/\/moverdb.com\/lv\/auto-transporta-nosutisana\/\">Transportl\u012bdzek\u013cu nos\u016bt\u012b\u0161ana<\/a><\/li>\n<li> Uz\u0146\u0113mumu p\u0101rvieto\u0161ana<\/li>\n<li> T\u0113lot\u0101jm\u0101kslas s\u016bt\u012bjumi<\/li>\n<li> Imports<\/li>\n<\/ul>\n<h2>Excess International Movers Uz\u0146\u0113muma profils<\/h2>\n<p>Excess International Movers darbojas jau vair\u0101k nek\u0101 30 gadus un ik gadu apstr\u0101d\u0101 vair\u0101k nek\u0101 50 000 s\u016bt\u012bjumu gan starptautisk\u0101, gan viet\u0113j\u0101 m\u0113rog\u0101. Vi\u0146i apgalvo, ka var veikt jebkura lieluma p\u0101rcel\u0161anos un to paveiks jebkur\u0101 sapr\u0101t\u012bg\u0101 termi\u0146\u0101. Excess International Movers apgalvo, ka veic p\u0101rvad\u0101jumus uz vair\u0101k nek\u0101 25 000 galam\u0113r\u0137u vis\u0101 pasaul\u0113.<\/p>\n<p>Uz\u0146\u0113mums nodro\u0161ina visus ar p\u0101rcel\u0161anos uz \u0101rzem\u0113m saist\u012btos aspektus, s\u0101kot no s\u0101kotn\u0113j\u0101 pied\u0101v\u0101juma un beidzot ar iek\u0101rto\u0161an\u0101s pakalpojumiem galam\u0113r\u0137a valst\u012b. Uz\u0146\u0113mums pied\u0101v\u0101 p\u0101rvad\u0101\u0161anas risin\u0101jumus priv\u0101tperson\u0101m, \u0123imen\u0113m un uz\u0146\u0113mumiem, tostarp daudziem iev\u0113rojamiem \"blue chip\" uz\u0146\u0113mumiem.<\/p>\n<p>Starptautisko P\u0101rvieto\u0161anas uz\u0146\u0113mumu akredit\u0101cija un pieder\u012bba:<\/p>\n<ul>\n<li> <a href=\"https:\/\/moverdb.com\/lv\/britu-iznemeju-asociacija\/\">Lielbrit\u0101nijas P\u0101rv\u0101c\u0113ju asoci\u0101cija<\/a> (<a href=\"https:\/\/moverdb.com\/lv\/british-association-of-removers\/\" data-internallinksmanager029f6b8e52c=\"9\" title=\"Lielbrit\u0101nijas P\u0101rv\u0101c\u0113ju asoci\u0101cijas (BAR) skaidrojumi\">BAR<\/a>)<\/li>\n<li> <a href=\"https:\/\/moverdb.com\/lv\/fidi-faim\/\">Starptautisk\u0101 m\u0113be\u013cu p\u0101rv\u0101c\u0113ju feder\u0101cija<\/a> (<a href=\"https:\/\/moverdb.com\/lv\/fidi-faim\/\" data-internallinksmanager029f6b8e52c=\"16\" title=\"FIDI un FAIM (FIDI akredit\u0113tais starptautiskais p\u0101rvietot\u0101js) skaidrojums\">FIDI<\/a>)<\/li>\n<li> <a href=\"https:\/\/moverdb.com\/lv\/hgfaa\/\">Amerikas M\u0101jsaimniec\u012bbas pre\u010du ekspeditoru asoci\u0101cija<\/a> (HHGFAA)<\/li>\n<li> <a href=\"https:\/\/moverdb.com\/lv\/fidi-faim\/\">FAIM Plus<\/a><\/li>\n<li> <a href=\"https:\/\/moverdb.com\/lv\/mtc\/\">P\u0101rvietot\u0101ji Trading Club<\/a> (<a href=\"https:\/\/moverdb.com\/lv\/mtc\/\" data-internallinksmanager029f6b8e52c=\"30\" title=\"Movers Trading Club (MTC) Paskaidrots\">MTC<\/a>)<\/li>\n<li> Port\u0101ls <a href=\"https:\/\/moverdb.com\/lv\/esmu\/\">Starptautisk\u0101 P\u0101rv\u0101c\u0113ju asoci\u0101cija<\/a> (<a href=\"https:\/\/moverdb.com\/lv\/iam\/\" data-internallinksmanager029f6b8e52c=\"23\" title=\"Starptautisk\u0101s P\u0101rv\u0101c\u0113ju asoci\u0101cijas (IAM) skaidrojumi\">IAM<\/a>)<\/li>\n<li> ISO 9001<\/li>\n<\/ul>\n<h2>Excess International Movers Atsauksmes<\/h2>\n<p><strong>Pozit\u012bvs<\/strong><\/p>\n<ul>\n<li> <em>\"Jau no pa\u0161a s\u0101kuma bija prieks sadarboties ar Excess Internationl Movers. Vi\u0146i pied\u0101v\u0101 \u013coti sapr\u0101t\u012bgas cenas un pal\u012bdz jums p\u0101rvietoties vis\u0101 proces\u0101. S\u016bt\u012bjumu sav\u0101k\u0161ana un pieg\u0101de bija nevainojama, un es nevar\u0113tu b\u016bt apmierin\u0101ts ar \u0161o pakalpojumu. \u013boti iesaku.\"<\/em> - Sophie Hay kundze, izmantojot <a href=\"http:\/\/www.excess-international.com\/reviews\" target=\"_blank\" rel=\"noopener\">uz\u0146\u0113muma p\u0101rskata lapa<\/a><\/li>\n<li> <em>\"Lielisks pakalpojums no cit\u0101ta l\u012bdz ku\u0123im. M\u0113s \u013coti iesak\u0101m \u0161o uz\u0146\u0113mumu.\"<\/em> - Lisa, izmantojot <a href=\"https:\/\/uk.trustpilot.com\/reviews\/57bc88a00000ff00097f3cfc\" target=\"_blank\" rel=\"noopener\">Trustpilot<\/a>.<\/li>\n<li> <em>\"M\u0113s nesen p\u0101rc\u0113l\u0101mies no <a href=\"https:\/\/moverdb.com\/lv\/moving-to-the-uk\/\" data-internallinksmanager029f6b8e52c=\"93\" title=\"P\u0101rce\u013caties uz Apvienoto Karalisti? 2022 Dz\u012bves izmaksas un p\u0101rcel\u0161an\u0101s padomi\">APVIENOT\u0100 KARALISTE<\/a> uz <a href=\"https:\/\/moverdb.com\/lv\/moving-to-canada\/\" data-internallinksmanager029f6b8e52c=\"265\" title=\"P\u0101rcel\u0161an\u0101s uz Kan\u0101du? 2023 Dz\u012bves izmaksas un p\u0101rcel\u0161an\u0101s padomi\">Kan\u0101da<\/a>, un Excess International nodro\u0161in\u0101ja, ka viss process norit\u0113ja \u013coti bez s\u0101p\u0113m. Cenu pied\u0101v\u0101jums bija diezgan prec\u012bzs (gal\u012bg\u0101s izmaksas paties\u012bb\u0101 bija nedaudz maz\u0101kas par s\u0101kotn\u0113jo cenu, kas bija labi - nebija nepat\u012bkamu p\u0101rsteigumu p\u0113d\u0113j\u0101 br\u012bd\u012b), pakot\u0101ji paveica lielisku darbu, un Atila ar prieku atbild\u0113ja uz visiem m\u016bsu jaut\u0101jumiem.\"<\/em> - izmantojot <a href=\"http:\/\/www.reviewcentre.com\/Removal-Companies\/Excess-International-Movers-www-excess-international-com-review_2391382\" target=\"_blank\" rel=\"noopener\">P\u0101rskata centrs<\/a><\/li>\n<li> <em>\"V\u012bri, kas ierad\u0101s p\u0101rvietot un iepakot m\u0101jsaimniec\u012bbas, bija absol\u016bti #1 - pirm\u0101s klases ar visu, cent\u012bgi str\u0101d\u0101ja un bija \u013coti piekl\u0101j\u012bgi.\"<\/em> - Antons caur <a href=\"http:\/\/www.shipping-international.com\/companies\/excess-international-movers.html\" target=\"_blank\" rel=\"noopener\">Shipping-International.com<\/a><\/li>\n<\/ul>\n<p><strong>Negat\u012bvs<\/strong><\/p>\n<ul>\n<li> <em>\"P\u0113c vair\u0101ku pied\u0101v\u0101jumu sa\u0146em\u0161anas mums \u0161\u0137ita, ka esam pie\u0146\u0113mu\u0161i labu l\u0113mumu, ta\u010du diem\u017e\u0113l viss neizdev\u0101s t\u0101, k\u0101 cer\u0113ts.\"<\/em> - Lee\/Mrs Alexandria via <a href=\"https:\/\/uk.trustpilot.com\/reviews\/57b38afd0000ff00097cab0e\" target=\"_blank\" rel=\"noopener\">Trustpilot<\/a><\/li>\n<li> <em>\"Mums joproj\u0101m ir probl\u0113ma ar EIM, kas rad\u0101s gada s\u0101kum\u0101 (2015. gad\u0101), kad m\u016bsu konteiners ierad\u0101s NZ no Apvienot\u0101s Karalistes. EIM darbinieki Apvienotaj\u0101 Karalist\u0113 aizl\u012bm\u0113ja caurumu konteinera jumt\u0101 ar savu iepako\u0161anas lentu.\"<\/em> - Robert Snijders via <a href=\"http:\/\/www.removalreviews.co.uk\/movingreviews\/move-from-uk-to-nz-10229\" target=\"_blank\" rel=\"noopener\">P\u0101rcel\u0161an\u0101s atsauksmes<\/a><\/li>\n<li> <em>\"Pat\u0113tisks pakalpojums un nav pien\u0101c\u012bgas sazi\u0146as. Es visp\u0101r neiesaku izmantot \u0161os pui\u0161us. Mana mijiedarb\u012bba ir bijusi \u013coti neapmierino\u0161a un neapmierino\u0161a.\"<\/em> - izmantojot <a href=\"http:\/\/www.reviewcentre.com\/Removal-Companies\/Excess-International-Movers-www-excess-international-com-review_3918175\" target=\"_blank\" rel=\"noopener\">P\u0101rskata centrs<\/a><\/li>\n<li> <em>\"Absol\u016bti briesm\u012bgs uz\u0146\u0113mums, ar kuru j\u0101tiek gal\u0101, tas bija k\u0101 sarunas ar par\u0101du piedzin\u0113ju, run\u0101jot ar vi\u0146iem pa t\u0101lruni.\" -<br \/>\nWill B. via <a href=\"https:\/\/www.yelp.co.uk\/biz\/excess-international-movers-london-2?hrid=gh9RC6mlebc__fP5wR0Q8g&#038;utm_campaign=www_review_share_popup&#038;utm_medium=copy_link&#038;utm_source=(direct)\" target=\"_blank\" rel=\"noopener\">Yelp<\/a><\/em><\/li>\n<\/ul>\n<div itemprop=\"review\" itemscope itemtype=\"http:\/\/schema.org\/Review\">\n<span itemprop=\"author\" itemscope=\"\" itemtype=\"http:\/\/schema.org\/Organization\"><span itemprop=\"name\">MoverDB.com<\/span><\/span> Tie\u0161saistes vietnes p\u0101rskats par <span itemprop=\"itemreviewed\" itemscope=\"\" itemtype=\"http:\/\/schema.org\/Brand\"><span itemprop=\"name\">P\u0101rpalikuma starptautiskie p\u0101rvietot\u0101ji<\/span><\/span>:<\/p>\n<ol>\n<li> Skaidra kontaktinform\u0101cija t\u012bmek\u013ca vietn\u0113 (tostarp t\u0101lru\u0146a numurs): <strong>J\u0101<\/strong><\/li>\n<li> Viegli ieg\u016bt <a href=\"https:\/\/moverdb.com\/lv\/citati\/\">starptautiskie p\u0101rv\u0101k\u0161an\u0101s cit\u0101ti<\/a>? (Tie\u0161saistes t\u0101mes piepras\u012bjuma veidlapa): <strong>J\u0101<\/strong><\/li>\n<li> Skaidra inform\u0101cija t\u012bmek\u013ca vietn\u0113: <strong>J\u0101,<\/strong> Inform\u0101cija t\u012bmek\u013ca vietn\u0113 ir diezgan detaliz\u0113ta un sniedz potenci\u0101lajiem klientiem labu priek\u0161statu par to, kas tiek pied\u0101v\u0101ts.<\/li>\n<li> Dal\u012bba starptautiski atz\u012bt\u0101s kust\u012bbu organiz\u0101cij\u0101s: <strong>J\u0101<\/strong>skat\u012bt iepriek\u0161.<\/li>\n<li> Klientu saraksts un\/vai iepriek\u0161\u0113jo klientu atsauksmes: <strong>J\u0101,<\/strong> Vi\u0146u t\u012bmek\u013ca vietn\u0113 ir daudz pozit\u012bvu klientu atsauksmju, lai gan citviet atsauksmes ir nedaudz vair\u0101k jauktas.<\/li>\n<\/ol>\n<div itemprop=\"reviewRating\" itemscope itemtype=\"http:\/\/schema.org\/Rating\"><meta itemprop=\"worstRating\" content = \"0\" \/><meta itemprop=\"bestRating\" content=\"5\" \/><meta itemprop=\"ratingValue\" content=\"4\"><\/div>\n<p><strong>Kop\u0113jais v\u0113rt\u0113jums: 4\/5<\/strong><br \/>\n<strong>P\u0101rskata datums:<\/strong> <span itemprop=\"datePublished\" content=\"2016-09-04\">04\/09\/2016<\/span>\n<\/div>\n<p>Uzzini vair\u0101k par <a href=\"https:\/\/moverdb.com\/lv\/starptautiskie-parvaksanas-darbi\/\">starptautisk\u0101 p\u0101rcel\u0161an\u0101s<\/a> un m\u016bsu <a href=\"https:\/\/moverdb.com\/lv\/atsauksmes\/\">p\u0101rskat\u012b\u0161anas process<\/a>.<\/p>\n<p><strong>T\u012bmek\u013ca vietne:<\/strong> <a href=\"http:\/\/www.excess-international.com\/\" target=\"_blank\" rel=\"noopener\">http:\/\/www.excess-international.com<\/a><\/p>","protected":false},"excerpt":{"rendered":"<p>Excess International Movers offer corporate clients, individuals and families a wide range of services which are listed below. There also follows a company profile and reviews. International Removals Air, sea or road Door to door service Dedicated service for international relocations A move co-ordinator to organise removals from start to finish and answer any queries [&hellip;]<\/p>\n","protected":false},"author":1,"featured_media":0,"parent":0,"menu_order":0,"comment_status":"closed","ping_status":"closed","template":"","meta":{"_genesis_hide_title":false,"_genesis_hide_breadcrumbs":false,"_genesis_hide_singular_image":false,"_genesis_hide_footer_widgets":false,"_genesis_custom_body_class":"","_genesis_custom_post_class":"","_genesis_layout":"","footnotes":""},"class_list":{"0":"post-944","1":"page","2":"type-page","3":"status-publish","5":"entry"},"_links":{"self":[{"href":"https:\/\/moverdb.com\/lv\/wp-json\/wp\/v2\/pages\/944","targetHints":{"allow":["GET"]}}],"collection":[{"href":"https:\/\/moverdb.com\/lv\/wp-json\/wp\/v2\/pages"}],"about":[{"href":"https:\/\/moverdb.com\/lv\/wp-json\/wp\/v2\/types\/page"}],"author":[{"embeddable":true,"href":"https:\/\/moverdb.com\/lv\/wp-json\/wp\/v2\/users\/1"}],"replies":[{"embeddable":true,"href":"https:\/\/moverdb.com\/lv\/wp-json\/wp\/v2\/comments?post=944"}],"version-history":[{"count":8,"href":"https:\/\/moverdb.com\/lv\/wp-json\/wp\/v2\/pages\/944\/revisions"}],"predecessor-version":[{"id":6207,"href":"https:\/\/moverdb.com\/lv\/wp-json\/wp\/v2\/pages\/944\/revisions\/6207"}],"wp:attachment":[{"href":"https:\/\/moverdb.com\/lv\/wp-json\/wp\/v2\/media?parent=944"}],"curies":[{"name":"wp","href":"https:\/\/api.w.org\/{rel}","templated":true}]}}