{"id":943,"date":"2016-09-03T18:19:36","date_gmt":"2016-09-03T18:19:36","guid":{"rendered":"http:\/\/moverdb.com\/?page_id=943"},"modified":"2026-01-08T15:20:36","modified_gmt":"2026-01-08T15:20:36","slug":"robinsons","status":"publish","type":"page","link":"https:\/\/moverdb.com\/lv\/robinsons\/","title":{"rendered":"Robinsons P\u0101rcel\u0161an\u0101s: P\u0101rcel\u0161an\u0101s un p\u0101rv\u0101k\u0161an\u0101s starptautiski Atsauksmes"},"content":{"rendered":"<p>Robinsons Relocation ir starptautiska <a href=\"https:\/\/moverdb.com\/lv\/international-removals\/\" data-internallinksmanager029f6b8e52c=\"27\" title=\"36 Lab\u0101kie starptautisko p\u0101rvad\u0101jumu uz\u0146\u0113mumi Apvienotaj\u0101 Karalist\u0113\">p\u0101rcel\u0161an\u0101s uz\u0146\u0113mums<\/a> kas saviem klientiem pied\u0101v\u0101 daudzus pakalpojumus, lai pal\u012bdz\u0113tu vi\u0146iem p\u0101rcelties uz \u0101rzem\u0113m. Turpm\u0101k ir uzskait\u012bti pakalpojumi, k\u0101 ar\u012b uz\u0146\u0113muma profils un atsauksmes.<\/p>\n<p><strong>Starptautiskie p\u0101rv\u0101k\u0161an\u0101s darbi<\/strong><\/p>\n<ul>\n<li> Specializ\u0113ts p\u0101rcel\u0161an\u0101s vad\u012bt\u0101js<\/li>\n<li> No durv\u012bm l\u012bdz durv\u012bm<\/li>\n<li> Pa\u0161iepakojums vai profesion\u0101la iepako\u0161ana<\/li>\n<li> Gaisa vai j\u016bras kravu p\u0101rvad\u0101jumi <a href=\"https:\/\/moverdb.com\/lv\/konteineru-parvadajumi\/\">starptautiskie konteineru p\u0101rvad\u0101jumi<\/a><\/li>\n<li> pilnas un da\u013c\u0113jas slodzes iesp\u0113jas<\/li>\n<li> Izpako\u0161ana un atk\u0101rtota mont\u0101\u017ea<\/li>\n<li> Muitas pal\u012bdz\u012bba<\/li>\n<li> Apdro\u0161in\u0101\u0161ana organiz\u0113ta<\/li>\n<li> Automa\u0161\u012bnu s\u016bt\u012bjums<\/li>\n<li> M\u0101jdz\u012bvnieku s\u016bt\u012bjums<\/li>\n<li> T\u0113lot\u0101jm\u0101kslas un senlietu s\u016bt\u012bjumi<\/li>\n<li> Uz\u0146\u0113m\u0113jdarb\u012bbas p\u0101rvieto\u0161ana<\/li>\n<\/ul>\n<p><strong>P\u0101rcel\u0161an\u0101s pakalpojumi<\/strong><\/p>\n<ul>\n<li> Orient\u0101cija uz teritoriju<\/li>\n<li> Mekl\u0113\u0161ana m\u0101j\u0101s<\/li>\n<li> Skolas mekl\u0113\u0161ana<\/li>\n<li> Iek\u0101rto\u0161an\u0101s pakalpojumi<\/li>\n<li> Past\u0101v\u012bgs atbalsts un \u012bres p\u0101rvald\u012bba<\/li>\n<li> Izbrauk\u0161anas pakalpojumi<\/li>\n<li> V\u012bza un imigr\u0101cija<\/li>\n<li> Starpkult\u016bru un valodas<\/li>\n<li> Laul\u0101to atbalsts<\/li>\n<\/ul>\n<p><strong>Uzglab\u0101\u0161ana<\/strong><\/p>\n<ul>\n<li> Ilgtermi\u0146a un \u012bstermi\u0146a<\/li>\n<li> M\u0113be\u013cu uzglab\u0101\u0161ana<\/li>\n<li> Transportl\u012bdzek\u013cu glab\u0101\u0161ana<\/li>\n<li> Komerci\u0101l\u0101 uzglab\u0101\u0161ana<\/li>\n<li> Dokumentu glab\u0101\u0161ana<\/li>\n<li> 8 fili\u0101les, no kur\u0101m izv\u0113l\u0113ties<\/li>\n<li> Profesion\u0101li iepakots<\/li>\n<li> Apdro\u0161in\u0101\u0161ana autom\u0101tiska<\/li>\n<li> 24 stundu videonov\u0113ro\u0161ana<\/li>\n<\/ul>\n<p><strong><a href=\"https:\/\/moverdb.com\/lv\/moving-to-the-uk\/\" data-internallinksmanager029f6b8e52c=\"93\" title=\"P\u0101rce\u013caties uz Apvienoto Karalisti? 2022 Dz\u012bves izmaksas un p\u0101rcel\u0161an\u0101s padomi\">APVIENOT\u0100 KARALISTE<\/a> M\u0101ju p\u0101rv\u0101k\u0161ana<\/strong><\/p>\n<ul>\n<li> No durv\u012bm l\u012bdz durv\u012bm<\/li>\n<li> Piln\u012bgs serviss<\/li>\n<li> Uz\u0146\u0113m\u0113jdarb\u012bbas p\u0101rvieto\u0161ana<\/li>\n<\/ul>\n<h2>Robinsons Relocation Uz\u0146\u0113muma profils<\/h2>\n<p>Uz\u0146\u0113mumu Robinsons 1895. gad\u0101 dibin\u0101ja Alfr\u0113ds Robinsons, un t\u0101 darb\u012bba s\u0101k\u0101s ar og\u013cu p\u0101rkrau\u0161anu. Konkurence bija liela, t\u0101p\u0113c Alfr\u0113ds Robinsons nol\u0113ma p\u0101riet uz p\u0101rkrau\u0161anas biznesu. <\/p>\n<p>60. gados, s\u0101koties masveida emigr\u0101cijai uz \u0101rzem\u0113m, uz\u0146\u0113mums s\u0101ka nodarboties ar starptautiskajiem p\u0101rv\u0101k\u0161an\u0101s p\u0101rvad\u0101jumiem. <a href=\"https:\/\/moverdb.com\/lv\/moving-to-australia\/living-in-australia\/\" data-internallinksmanager029f6b8e52c=\"240\" title=\"21 nosl\u0113pums par dz\u012bvi Austr\u0101lij\u0101, kas j\u0101zina pirms p\u0101rcel\u0161an\u0101s\">Austr\u0101lija<\/a>. Alfr\u0113da Robinsona mazd\u0113ls \u0161odien ir uz\u0146\u0113muma priek\u0161s\u0113d\u0113t\u0101js.<\/p>\n<p>Robinsons ir viens no pieciem liel\u0101kajiem person\u012bgo pre\u010du eksport\u0113t\u0101jiem Apvienotaj\u0101 Karalist\u0113. Uz\u0146\u0113muma m\u0113r\u0137is ir sniegt saviem klientiem - gan priv\u0101tperson\u0101m, gan uz\u0146\u0113mumiem - individu\u0101li izstr\u0101d\u0101tu pl\u0101nu, lai nodro\u0161in\u0101tu, ka vi\u0146u p\u0101rcel\u0161an\u0101s ir bez piep\u016bles un sl\u0113pt\u0101m izmaks\u0101m. <\/p>\n<p>Uz\u0146\u0113mumam ir se\u0161as \u012bpa\u0161i b\u016bv\u0113tas noliktavas liel\u0101kajos Apvienot\u0101s Karalistes centros. Uz\u0146\u0113mumam ir ar\u012b 60 transportl\u012bdzek\u013cu autoparks un vair\u0101k nek\u0101 150 augsti kvalific\u0113tu darbinieku.<\/p>\n<p>Robinsona fili\u0101\u013cu un akredit\u0101ciju saraksts:<\/p>\n<ul>\n<li> <a href=\"https:\/\/moverdb.com\/lv\/britu-iznemeju-asociacija\/\">Lielbrit\u0101nijas P\u0101rv\u0101c\u0113ju asoci\u0101cija<\/a> (<a href=\"https:\/\/moverdb.com\/lv\/british-association-of-removers\/\" data-internallinksmanager029f6b8e52c=\"9\" title=\"Lielbrit\u0101nijas P\u0101rv\u0101c\u0113ju asoci\u0101cijas (BAR) skaidrojumi\">BAR<\/a>)<\/li>\n<li> <a href=\"https:\/\/moverdb.com\/lv\/bars-arvalstis\/\">Lielbrit\u0101nijas P\u0101rv\u0101c\u0113ju asoci\u0101cija \u0101rzem\u0113s<\/a><\/li>\n<li> Lielbrit\u0101nijas Starptautisko kravu p\u0101rvad\u0101jumu asoci\u0101cija (BIFA)<\/li>\n<li> Pasaules nodro\u0161in\u0101jums<\/li>\n<li> <a href=\"https:\/\/moverdb.com\/lv\/fidi-faim\/\">Starptautisk\u0101 Starptautisko m\u0113be\u013cu p\u0101rc\u0113l\u0101ju feder\u0101cija<\/a> (<a href=\"https:\/\/moverdb.com\/lv\/fidi-faim\/\" data-internallinksmanager029f6b8e52c=\"16\" title=\"FIDI un FAIM (FIDI akredit\u0113tais starptautiskais p\u0101rvietot\u0101js) skaidrojums\">FIDI<\/a>)<\/li>\n<li> Overseas Moving Network Incorporated (OMNI)<\/li>\n<li> FAIM Plus<\/li>\n<li> <a href=\"https:\/\/moverdb.com\/lv\/eiro\/\">EuRA<\/a><\/li>\n<li> ISO 9901:2008<\/li>\n<li> ISO 14001 :2004<\/li>\n<li> M\u0101kslas un senlietu tirgot\u0101ju asoci\u0101cija (LAPADA)<\/li>\n<li> Lielbrit\u0101nijas m\u0113be\u013cu ra\u017eot\u0101ji (BFM)<\/li>\n<\/ul>\n<h2>Robinsons P\u0101rcel\u0161an\u0101s Atsauksmes<\/h2>\n<p><strong>Pozit\u012bvi:<\/strong><\/p>\n<ul>\n<li> <em>\"Robinsons bija \u013coti paciet\u012bgi ar m\u016bsu da\u017ek\u0101rt \"sare\u017e\u0123\u012bto\" ce\u013cojumu l\u012bdz faktiskajam p\u0101rcel\u0161an\u0101s datumam, labpr\u0101t saska\u0146ojot ar mani. Biroja darbinieki bija izpal\u012bdz\u012bgi, atsauc\u012bgi un draudz\u012bgi. Kad pien\u0101ca diena, pui\u0161i, kas ierad\u0101s, lai sapakotu m\u0101ju. <a href=\"https:\/\/moverdb.com\/lv\/moving-to-the-united-states\/\" data-internallinksmanager029f6b8e52c=\"94\" title=\"P\u0101rce\u013caties uz Amerikas Savienotaj\u0101m Valst\u012bm? 2022 Dz\u012bves izmaksas un p\u0101rcel\u0161an\u0101s padomi\">mums<\/a> bija draudz\u012bgi, profesion\u0101li, bet, pats galvenais, apzin\u012bgi.\"<\/em> - Charlie K Brisker via <a href=\"https:\/\/uk.trustpilot.com\/reviews\/57c6b04b0000ff000982140f\" target=\"_blank\" rel=\"noopener\">Trustpilot<\/a><\/li>\n<li> <em>\"Mums bija lieliska pieredze ar Robinsons, un t\u0101p\u0113c es biju diezgan p\u0101rsteigts, kad es redz\u0113ju agr\u0101ku p\u0101rskatu par pret\u0113jo. M\u0113s esam vair\u0101kk\u0101rt p\u0101rc\u0113lu\u0161ies uz da\u017e\u0101d\u0101m pasaules mal\u0101m un kop\u0161 90. gadu, kad pirmo reizi izmantoj\u0101m Robinsons pakalpojumus, katru reizi esam uztic\u0113ju\u0161ies Robinsons.\"<\/em> - Aiden Roberts via <a href=\"http:\/\/www.removalreviews.co.uk\/movingreviews\/really-great-service-thank-you-robinsons-6974\" target=\"_blank\" rel=\"noopener\">P\u0101rcel\u0161an\u0101s atsauksmes<\/a> <\/li>\n<\/ul>\n<p><strong>Negat\u012bvs:<\/strong><\/p>\n<ul>\n<li> <em>\"Pirmie divi atbrauku\u0161ie pui\u0161i bija fantastiski. P\u0113c tam ierad\u0101s v\u0113l tr\u012bs! Iesl\u0113dza savus mobilos telefonus m\u016bsu kontaktligzd\u0101s, lai atska\u0146otu m\u016bziku!!! Maz\u0101ku priek\u0161metu iepako\u0161ana bija lieliska! Neviena l\u016bzuma! Tom\u0113r r\u016bpju un cie\u0146as tr\u016bkums pret liel\u0101kiem priek\u0161metiem bija \u0161ok\u0113jo\u0161s! \"<\/em> - Sharon karte, izmantojot <a href=\"https:\/\/www.trustpilot.com\/users\/55ed817e0000ff0001d9df65\" target=\"_blank\" rel=\"noopener\">Trustpilot<\/a> <\/li>\n<li> \"<em>P\u0113c izp\u0113tes es dom\u0101ju, ka esmu izv\u0113l\u0113jies cien\u012bjamu uz\u0146\u0113mumu, kas veiks manu starptautisko p\u0101rcel\u0161anos. Es nevar\u0113ju k\u013c\u016bd\u012bties vair\u0101k.\" <\/em>\u0112riks, izmantojot <a href=\"http:\/\/www.removalreviews.co.uk\/movingreviews\/absolute-disgrace-2741\" target=\"_blank\" rel=\"noopener\">P\u0101rcel\u0161an\u0101s atsauksmes<\/a> <\/li>\n<\/ul>\n<div itemprop=\"review\" itemscope itemtype=\"http:\/\/schema.org\/Review\">\n<span itemprop=\"author\" itemscope=\"\" itemtype=\"http:\/\/schema.org\/Organization\"><span itemprop=\"name\">MoverDB.com<\/span><\/span> Tie\u0161saistes vietnes p\u0101rskats par <span itemprop=\"itemreviewed\" itemscope=\"\" itemtype=\"http:\/\/schema.org\/Brand\"><span itemprop=\"name\">Robinsons P\u0101rcel\u0161an\u0101s<\/span><\/span>:<\/p>\n<ol>\n<li> Skaidra kontaktinform\u0101cija t\u012bmek\u013ca vietn\u0113 (tostarp t\u0101lru\u0146a numurs): <strong>J\u0101<\/strong><\/li>\n<li> Viegli ieg\u016bt <a href=\"https:\/\/moverdb.com\/lv\/citati\/\">starptautiskie p\u0101rv\u0101k\u0161an\u0101s cit\u0101ti<\/a>? (Tie\u0161saistes t\u0101mes piepras\u012bjuma veidlapa): <strong>J\u0101<\/strong><\/li>\n<li> Skaidra inform\u0101cija t\u012bmek\u013ca vietn\u0113: <strong>J\u0101,<\/strong> daudz inform\u0101cijas par visiem pied\u0101v\u0101tajiem pakalpojumiem.<\/li>\n<li> Dal\u012bba starptautiski atz\u012bt\u0101s kust\u012bbu organiz\u0101cij\u0101s: <strong>J\u0101<\/strong>, daudzus skat\u012bt iepriek\u0161.<\/li>\n<li> Klientu saraksts un\/vai iepriek\u0161\u0113jo klientu atsauksmes: <strong>J\u0101,<\/strong> bet ne sav\u0101 t\u012bmek\u013ca vietn\u0113, t\u0101 viet\u0101 klienti atst\u0101j atsauksmes par TrustPilot, kur vi\u0146iem ir \u013coti pozit\u012bvs v\u0113rt\u0113jums.<\/li>\n<\/ol>\n<div itemprop=\"reviewRating\" itemscope itemtype=\"http:\/\/schema.org\/Rating\"><meta itemprop=\"worstRating\" content = \"0\" \/><meta itemprop=\"bestRating\" content=\"5\" \/><meta itemprop=\"ratingValue\" content=\"5\"><\/div>\n<p><strong>Kop\u0113jais v\u0113rt\u0113jums: 5\/5<\/strong><br \/>\n<strong>P\u0101rskata datums:<\/strong> <span itemprop=\"datePublished\" content=\"2016-09-03\">03\/09\/2016<\/span>\n<\/div>\n<p>Uzzini vair\u0101k par <a href=\"https:\/\/moverdb.com\/lv\/starptautiskie-parvaksanas-darbi\/\">starptautiskie p\u0101rcel\u0161an\u0101s uz\u0146\u0113mumi<\/a> un m\u016bsu <a href=\"https:\/\/moverdb.com\/lv\/atsauksmes\/\">p\u0101rskat\u012b\u0161anas process<\/a>.<\/p>\n<p><strong>T\u012bmek\u013ca vietne:<\/strong> <a href=\"http:\/\/www.robinsonsrelo.com\" target=\"_blank\" rel=\"noopener\">http:\/\/www.robinsonsrelo.com<\/a><\/p>","protected":false},"excerpt":{"rendered":"<p>Robinsons Relocation are an international removal company which offer their clients many services to assist them in relocating abroad. The services are listed below together with a company profile and reviews. International Removals Dedicated move manager Door to door Self-packing or professionally packed Air freight or sea freight international container shipping full load and part [&hellip;]<\/p>\n","protected":false},"author":1,"featured_media":0,"parent":0,"menu_order":0,"comment_status":"closed","ping_status":"closed","template":"","meta":{"_genesis_hide_title":false,"_genesis_hide_breadcrumbs":false,"_genesis_hide_singular_image":false,"_genesis_hide_footer_widgets":false,"_genesis_custom_body_class":"","_genesis_custom_post_class":"","_genesis_layout":"","footnotes":""},"class_list":{"0":"post-943","1":"page","2":"type-page","3":"status-publish","5":"entry"},"_links":{"self":[{"href":"https:\/\/moverdb.com\/lv\/wp-json\/wp\/v2\/pages\/943","targetHints":{"allow":["GET"]}}],"collection":[{"href":"https:\/\/moverdb.com\/lv\/wp-json\/wp\/v2\/pages"}],"about":[{"href":"https:\/\/moverdb.com\/lv\/wp-json\/wp\/v2\/types\/page"}],"author":[{"embeddable":true,"href":"https:\/\/moverdb.com\/lv\/wp-json\/wp\/v2\/users\/1"}],"replies":[{"embeddable":true,"href":"https:\/\/moverdb.com\/lv\/wp-json\/wp\/v2\/comments?post=943"}],"version-history":[{"count":5,"href":"https:\/\/moverdb.com\/lv\/wp-json\/wp\/v2\/pages\/943\/revisions"}],"predecessor-version":[{"id":6233,"href":"https:\/\/moverdb.com\/lv\/wp-json\/wp\/v2\/pages\/943\/revisions\/6233"}],"wp:attachment":[{"href":"https:\/\/moverdb.com\/lv\/wp-json\/wp\/v2\/media?parent=943"}],"curies":[{"name":"wp","href":"https:\/\/api.w.org\/{rel}","templated":true}]}}