{"id":942,"date":"2016-09-04T17:22:17","date_gmt":"2016-09-04T17:22:17","guid":{"rendered":"http:\/\/moverdb.com\/?page_id=942"},"modified":"2026-01-08T14:47:57","modified_gmt":"2026-01-08T14:47:57","slug":"city-moving-storage","status":"publish","type":"page","link":"https:\/\/moverdb.com\/lv\/city-moving-storage\/","title":{"rendered":"City Moving and Storage: Starptautiskie p\u0101rv\u0101k\u0161an\u0101s pakalpojumi Atsauksmes"},"content":{"rendered":"<p>City Moving and Storage pied\u0101v\u0101 gan \u0101rzemju, gan viet\u0113j\u0101s p\u0101rcel\u0161an\u0101s pakalpojumus gan biznesa, gan priv\u0101tajiem klientiem. Turpm\u0101k ir sniegts \u0161o pakalpojumu saraksts, k\u0101 ar\u012b uz\u0146\u0113muma profils un atsauksmes.<\/p>\n<p><strong>Piez\u012bme:<\/strong> City Moving and Storage, nevajadz\u0113tu jaukt ar City Removals, kas ir atsevi\u0161\u0137s uz\u0146\u0113mums, kas ar\u012b maldino\u0161i pied\u0101v\u0101 <a href=\"https:\/\/moverdb.com\/lv\/starptautiskie-parvaksanas-darbi\/\">starptautisk\u0101 p\u0101rcel\u0161an\u0101s<\/a>.<\/p>\n<p><strong>P\u0101rcel\u0161an\u0101s pakalpojumi<\/strong><\/p>\n<ul>\n<li> Izpako\u0161ana un gru\u017eu izve\u0161ana Pilns iepako\u0161anas pakalpojums<\/li>\n<li> Senlietu un m\u0101kslas priek\u0161metu iesai\u0146o\u0161ana<\/li>\n<li> Oke\u0101na kravu p\u0101rvad\u0101jumi ar LCL (maz\u0101k nek\u0101 konteinera krava) vai FCL (pilna konteinera krava). <a href=\"https:\/\/moverdb.com\/lv\/konteineru-parvadajumi\/\">konteineru p\u0101rvad\u0101jumi<\/a>.<\/li>\n<li> Ikned\u0113\u013cas izve\u0161anas kravas automa\u0161\u012bnu pakalpojumi uz Eiropu<\/li>\n<li> Muito\u0161ana un formalit\u0101tes<\/li>\n<li> Izpako\u0161ana un gru\u017eu izve\u0161ana<\/li>\n<\/ul>\n<p><strong>Uzglab\u0101\u0161anas pakalpojumi<\/strong><\/p>\n<ul>\n<li> Konteineru iekrau\u0161ana<\/li>\n<li> Iepako\u0161anas konteineri<\/li>\n<li> Konteineru bl\u012bv\u0113\u0161ana<\/li>\n<li> Konteineru novieto\u0161ana<\/li>\n<\/ul>\n<h2>City Moving and Storage Uz\u0146\u0113muma profils<\/h2>\n<p>City Moving and Storage ir priv\u0101ts uz\u0146\u0113mums ar ierobe\u017eotu atbild\u012bbu, kas savu darb\u012bbu uzs\u0101ka 1986. gad\u0101. T\u0101s galvenais birojs atrodas <a href=\"https:\/\/moverdb.com\/lv\/moving-to-london\/\">Londona<\/a> ar glob\u0101liem biznesa partneriem vis\u0101 pasaul\u0113. Uz\u0146\u0113mums veic personisko un biznesa s\u016bt\u012bjumu p\u0101rvad\u0101jumus vis\u0101 pasaul\u0113 un lepojas ar profesion\u0101lu, labi apm\u0101c\u012btu person\u0101lu, kas seko l\u012bdzi procesam no durv\u012bm l\u012bdz durv\u012bm.<\/p>\n<p>Uz\u0146\u0113mums specializ\u0113jas senlietu, m\u0101kslas darbu, klavieru un automa\u0161\u012bnu p\u0101rvad\u0101jumos pa visu pasauli. Uz\u0146\u0113mumam ir specializ\u0113ta noda\u013ca Skandin\u0101vij\u0101, kas katru ned\u0113\u013cu izbrauc no Londonas. Klienti tiek piln\u012bb\u0101 inform\u0113ti par saviem s\u016bt\u012bjumiem, sa\u0146emot pazi\u0146ojumus katr\u0101 ce\u013cojuma posm\u0101. <\/p>\n<p>City Moving and Storage ir akredit\u0101cijas no:<\/p>\n<ul>\n<li> <a href=\"https:\/\/moverdb.com\/lv\/britu-iznemeju-asociacija\/\">Lielbrit\u0101nijas P\u0101rv\u0101c\u0113ju asoci\u0101cija<\/a> (<a href=\"https:\/\/moverdb.com\/lv\/british-association-of-removers\/\" data-internallinksmanager029f6b8e52c=\"9\" title=\"Lielbrit\u0101nijas P\u0101rv\u0101c\u0113ju asoci\u0101cijas (BAR) skaidrojumi\">BAR<\/a>)<\/li>\n<li> <a href=\"https:\/\/moverdb.com\/lv\/fidi-faim\/\">Starptautisko P\u0101rv\u0101c\u0113ju feder\u0101cija<\/a> (<a href=\"https:\/\/moverdb.com\/lv\/fidi-faim\/\" data-internallinksmanager029f6b8e52c=\"16\" title=\"FIDI un FAIM (FIDI akredit\u0113tais starptautiskais p\u0101rvietot\u0101js) skaidrojums\">FIDI<\/a>)<\/li>\n<li> Kvalit\u0101tes nodro\u0161in\u0101\u0161anas pakalpojuma standarts - BS EN 12522<\/li>\n<\/ul>\n<p><strong>City Moving and Storage Atsauksmes<\/strong><\/p>\n<p>M\u0113s nevar\u0113j\u0101m atrast pozit\u012bvas vai negat\u012bvas atsauksmes tie\u0161saist\u0113 par City Moving and Storage.<\/p>\n<div itemprop=\"review\" itemscope itemtype=\"http:\/\/schema.org\/Review\">\n<span itemprop=\"author\" itemscope=\"\" itemtype=\"http:\/\/schema.org\/Organization\"><span itemprop=\"name\">MoverDB.com<\/span><\/span> Tie\u0161saistes vietnes p\u0101rskats par <span itemprop=\"itemreviewed\" itemscope=\"\" itemtype=\"http:\/\/schema.org\/Brand\"><span itemprop=\"name\">City Moving and Storage<\/span><\/span>:<\/p>\n<ol>\n<li> Skaidra kontaktinform\u0101cija t\u012bmek\u013ca vietn\u0113 (tostarp t\u0101lru\u0146a numurs): <strong>J\u0101<\/strong><\/li>\n<li> Viegli ieg\u016bt <a href=\"https:\/\/moverdb.com\/lv\/citati\/\">starptautiskie p\u0101rvietojas cit\u0101ti<\/a>? (Tie\u0161saistes t\u0101mes piepras\u012bjuma veidlapa): <strong>Pamati<\/strong>, vi\u0146u m\u0101jaslap\u0101 ir kontaktforma, bet nav nor\u0101d\u012bts, vai vi\u0146i pied\u0101v\u0101 cit\u0101tus.<\/li>\n<li> Skaidra inform\u0101cija t\u012bmek\u013ca vietn\u0113: <strong>N\u0113,<\/strong> T\u012bmek\u013ca vietne tika izveidota 2008. gad\u0101, un taj\u0101 ir \u013coti maz inform\u0101cijas par uz\u0146\u0113mumu un t\u0101 pied\u0101v\u0101to pied\u0101v\u0101jumu.<\/li>\n<li> Dal\u012bba starptautiski atz\u012bt\u0101s kust\u012bbu organiz\u0101cij\u0101s: <strong>J\u0101<\/strong>skat\u012bt iepriek\u0161.<\/li>\n<li> Klientu saraksts un\/vai iepriek\u0161\u0113jo klientu atsauksmes: <strong>N\u0113,<\/strong> Ar\u012b \u0161aj\u0101 gad\u012bjum\u0101 t\u012bmek\u013ca vietnes saturs ir minim\u0101ls, un taj\u0101 nav klientu atsauksmju vai klientu sarakstu, turkl\u0101t \u0161\u0137iet, ka tie\u0161saist\u0113 nav nek\u0101du atsauksmju.<\/li>\n<\/ol>\n<div itemprop=\"reviewRating\" itemscope itemtype=\"http:\/\/schema.org\/Rating\"><meta itemprop=\"worstRating\" content = \"0\" \/><meta itemprop=\"bestRating\" content=\"5\" \/><meta itemprop=\"ratingValue\" content=\"2.5\"><\/div>\n<p><strong>Kop\u0113jais v\u0113rt\u0113jums: 2,5\/5<\/strong><br \/>\n<strong>P\u0101rskata datums:<\/strong> <span itemprop=\"datePublished\" content=\"2016-09-04\">04\/09\/2016<\/span>\n<\/div>\n<p>Vair\u0101k par <a href=\"https:\/\/moverdb.com\/lv\/parvietojas-uznemumi\/\">starptautiskie p\u0101rvieto\u0161an\u0101s uz\u0146\u0113mumi<\/a> un m\u016bsu <a href=\"https:\/\/moverdb.com\/lv\/atsauksmes\/\">p\u0101rskat\u012b\u0161anas process<\/a>.<\/p>\n<p><strong>T\u012bmek\u013ca vietne:<\/strong> <a href=\"http:\/\/www.citymoving.co.uk\" target=\"_blank\" rel=\"noopener\">http:\/\/www.citymoving.co.uk<\/a><\/p>","protected":false},"excerpt":{"rendered":"<p>City Moving and Storage offer both overseas and local moves to both business and private clients. There follows a list of these services, together with a company profile and reviews. Note: City Moving and Storage, should not be confused with City Removals, which is a separate company that also confusingly offers international removals. Moving Services [&hellip;]<\/p>\n","protected":false},"author":1,"featured_media":0,"parent":0,"menu_order":0,"comment_status":"closed","ping_status":"closed","template":"","meta":{"_genesis_hide_title":false,"_genesis_hide_breadcrumbs":false,"_genesis_hide_singular_image":false,"_genesis_hide_footer_widgets":false,"_genesis_custom_body_class":"","_genesis_custom_post_class":"","_genesis_layout":"","footnotes":""},"class_list":{"0":"post-942","1":"page","2":"type-page","3":"status-publish","5":"entry"},"_links":{"self":[{"href":"https:\/\/moverdb.com\/lv\/wp-json\/wp\/v2\/pages\/942","targetHints":{"allow":["GET"]}}],"collection":[{"href":"https:\/\/moverdb.com\/lv\/wp-json\/wp\/v2\/pages"}],"about":[{"href":"https:\/\/moverdb.com\/lv\/wp-json\/wp\/v2\/types\/page"}],"author":[{"embeddable":true,"href":"https:\/\/moverdb.com\/lv\/wp-json\/wp\/v2\/users\/1"}],"replies":[{"embeddable":true,"href":"https:\/\/moverdb.com\/lv\/wp-json\/wp\/v2\/comments?post=942"}],"version-history":[{"count":5,"href":"https:\/\/moverdb.com\/lv\/wp-json\/wp\/v2\/pages\/942\/revisions"}],"predecessor-version":[{"id":6191,"href":"https:\/\/moverdb.com\/lv\/wp-json\/wp\/v2\/pages\/942\/revisions\/6191"}],"wp:attachment":[{"href":"https:\/\/moverdb.com\/lv\/wp-json\/wp\/v2\/media?parent=942"}],"curies":[{"name":"wp","href":"https:\/\/api.w.org\/{rel}","templated":true}]}}