{"id":941,"date":"2016-07-25T11:02:02","date_gmt":"2016-07-25T11:02:02","guid":{"rendered":"http:\/\/moverdb.com\/?page_id=941"},"modified":"2026-01-08T15:30:36","modified_gmt":"2026-01-08T15:30:36","slug":"united-van-lines","status":"publish","type":"page","link":"https:\/\/moverdb.com\/lv\/united-van-lines\/","title":{"rendered":"United Van Lines: Starptautiskie p\u0101rcel\u0161an\u0101s pakalpojumi un atsauksmes"},"content":{"rendered":"<p>United Van Lines saviem klientiem pied\u0101v\u0101 daudzus p\u0101rcel\u0161an\u0101s pakalpojumus gan starptautisk\u0101 m\u0113rog\u0101, gan ar\u012b Latvijas teritorij\u0101. <a href=\"https:\/\/moverdb.com\/lv\/moving-to-the-united-states\/\" data-internallinksmanager029f6b8e52c=\"94\" title=\"P\u0101rce\u013caties uz Amerikas Savienotaj\u0101m Valst\u012bm? 2022 Dz\u012bves izmaksas un p\u0101rcel\u0161an\u0101s padomi\">ASV<\/a>. Zem\u0101k ir \u0161o pakalpojumu saraksts, k\u0101 ar\u012b uz\u0146\u0113muma profils un atsauksmes.<\/p>\n<p><strong>Starptautisk\u0101s p\u0101rcel\u0161an\u0101s<\/strong><\/p>\n<ul>\n<li> P\u0101rcel\u0161an\u0101s pl\u0101no\u0161ana un sagatavo\u0161ana<\/li>\n<li> Vajadz\u012bbu nov\u0113rt\u0113jums un apl\u0113ses<\/li>\n<li> Galam\u0113r\u0137a priek\u0161skat\u012bjuma ce\u013cojums<\/li>\n<li> Valodu apm\u0101c\u012bba un kult\u016bras orient\u0101cija<\/li>\n<li> P\u0101rvieto\u0161anas p\u0101rvald\u012bba<\/li>\n<li> Pl\u0101no\u0161anas pakalpojumi<\/li>\n<li> Starptautiskais tranz\u012bts<\/li>\n<li> Izseko\u0161ana un pieg\u0101de<\/li>\n<li> Iek\u0101rto\u0161an\u0101s pakalpojumi - bankas, \u0101rsti u. c.<\/li>\n<li> V\u012bzu un imigr\u0101cijas pakalpojumi<\/li>\n<li> Uz\u0146\u0113mumu imigr\u0101cijas procesi<\/li>\n<li> Atsevi\u0161\u0137i imigr\u0101cijas procesi<\/li>\n<li> Pal\u012bdz\u012bba m\u0101jok\u013ca jom\u0101 - pagaidu vai past\u0101v\u012bga<\/li>\n<li> M\u0101ju mekl\u0113\u0161anas pakalpojumi<\/li>\n<li> Pagaidu izmitin\u0101\u0161ana<\/li>\n<li> \u012apa\u0161uma un \u012bres p\u0101rvald\u012bba<\/li>\n<li> Pal\u012bdz\u012bba \u0123imenes p\u0101rvieto\u0161anai<\/li>\n<li> V\u012bzu un pasu izsnieg\u0161anas process<\/li>\n<li> Partnera\/laul\u0101t\u0101 atbalsts<\/li>\n<li> Pal\u012bdz\u012bba skol\u0101m<\/li>\n<li> Kult\u016bras un valodas apm\u0101c\u012bba<\/li>\n<li> M\u0101jdz\u012bvnieku p\u0101rvieto\u0161ana<\/li>\n<li> Apdro\u0161in\u0101\u0161ana<\/li>\n<\/ul>\n<p><strong>P\u0101rvieto\u0161an\u0101s ar United<\/strong><\/p>\n<ul>\n<li> Viet\u0113jie p\u0101rvadi<\/li>\n<li> Starptautiskie p\u0101rvadi<\/li>\n<li> P\u0101rvieto\u0161an\u0101s lielos att\u0101lumos<\/li>\n<li> Uz\u0146\u0113mumu p\u0101rvieto\u0161an\u0101s<\/li>\n<li> Milit\u0101rie un vald\u012bbas so\u013ci<\/li>\n<li> P\u0101rvieto\u0161an\u0101s automobi\u013cu nozar\u0113<\/li>\n<\/ul>\n<p><strong>Iepako\u0161ana un uzglab\u0101\u0161ana<\/strong><\/p>\n<ul>\n<li> Pa\u0161pako\u0161an\u0101s<\/li>\n<li> Piel\u0101gota iepako\u0161ana<\/li>\n<li> Pilna servisa iepako\u0161ana<\/li>\n<li> Izpako sevi<\/li>\n<li> Piel\u0101gota izpako\u0161ana<\/li>\n<li> Pabeigt izkrau\u0161anu<\/li>\n<li> 90 dienu tranz\u012bta uzglab\u0101\u0161ana<\/li>\n<li> Seifu glab\u0101\u0161ana<\/li>\n<li> \u012aslaic\u012bga un ilgsto\u0161a uzglab\u0101\u0161ana un uzglab\u0101\u0161ana noliktav\u0101<\/li>\n<\/ul>\n<h2>United Van Lines Uz\u0146\u0113muma profils<\/h2>\n<p>United Van Lines tika atv\u0113rta 1928. gad\u0101 k\u0101 Return Loads Service Kl\u012bvlend\u0101, <a href=\"https:\/\/moverdb.com\/lv\/moving-to-the-united-states\/moving-to-ohio\/\" data-internallinksmanager029f6b8e52c=\"409\" title=\"P\u0101rcel\u0161an\u0101s uz Ohaio? 2023 Dz\u012bves izmaksas un p\u0101rcel\u0161an\u0101s padomi\">Ohaio<\/a>. Uz\u0146\u0113mums ir k\u013cuvis sp\u0113c\u012bg\u0101ks un papla\u0161in\u0101jies, aptverot starptautisko tirgu. T\u0101 1995. gad\u0101 uz\u0146\u0113mums pirmo reizi guva miljardus dol\u0101ru lielus ie\u0146\u0113mumus. <\/p>\n<p>United Van Lines ir #1 p\u0101rv\u0101c\u0113ju tirgus da\u013c\u0101 valst\u012b.<\/p>\n<p>United ir 340 viet\u0113jie a\u0123enti vis\u0101 valst\u012b, kas nodro\u0161ina p\u0101rvieto\u0161anas un uzglab\u0101\u0161anas pakalpojumus. Starptautiskajiem p\u0101rv\u0101k\u0161an\u0101s darbiem uz\u0146\u0113mums izmanto vair\u0101k nek\u0101 1000 profesion\u0101lu a\u0123entu 128 valst\u012bs.<\/p>\n<p>United Van Lines ir \u0161\u0101das akredit\u0101cijas un pieder\u012bbas:<\/p>\n<ul>\n<li> <a href=\"https:\/\/moverdb.com\/lv\/amsa\/\">Amerikas P\u0101rv\u0101k\u0161an\u0101s un uzglab\u0101\u0161anas asoci\u0101cija<\/a> (<a href=\"https:\/\/moverdb.com\/lv\/amsa\/\" data-internallinksmanager029f6b8e52c=\"5\" title=\"Amerikas P\u0101rv\u0101k\u0161an\u0101s un uzglab\u0101\u0161anas asoci\u0101cijas (AMSA) skaidrojums\">AMSA<\/a>)<\/li>\n<li> <a href=\"https:\/\/moverdb.com\/lv\/ritenu-novirzitajs\/\">ProMover<\/a> (AMSA)<\/li>\n<li> Nacion\u0101l\u0101 kvalit\u0101tes nodro\u0161in\u0101\u0161ana ASV ISO 9001 2008<\/li>\n<li> <a href=\"https:\/\/moverdb.com\/lv\/kanadas-parvaceju-asociacija\/\">Kan\u0101das P\u0101rv\u0101c\u0113ju asoci\u0101cija<\/a> (<a href=\"https:\/\/moverdb.com\/lv\/canadian-association-of-movers\/\" data-internallinksmanager029f6b8e52c=\"11\" title=\"Kan\u0101das P\u0101rv\u0101c\u0113ju asoci\u0101cijas (CAM) skaidrojums\">CAM<\/a>)<\/li>\n<\/ul>\n<h2>United Van Lines atsauksmes<\/h2>\n<p><strong>Pozit\u012bvi:<\/strong><\/p>\n<ul>\n<li> \"<em>United Van Lines un vi\u0146u viet\u0113jie partneri bija br\u012bni\u0161\u0137\u012bgi.\"<\/em> - J\u016blija, izmantojot <a href=\"http:\/\/www.yelp.com\/user_details?userid=nPUhNLstAOJEWjHLAb1rpA\" target=\"_blank\" rel=\"noopener\">Yelp<\/a><\/li>\n<li> \"<em>Ja j\u016bs p\u0101rce\u013caties uz Omahu, jums ir pien\u0101kums izmantot \u0161o uz\u0146\u0113mumu.\"<\/em> - Dean S via <a href=\"http:\/\/www.movingcompanyreviews.com\/MO\/Fenton\/united-van-lines-llc-61144\" target=\"_blank\" rel=\"noopener\">MovingCompanyReviews.com<\/a><\/li>\n<\/ul>\n<p><strong>Negat\u012bvs:<\/strong><\/p>\n<ul>\n<li> \"<em>Briesm\u012bga klientu apkalpo\u0161ana.\"<\/em> - Ally via <a href=\"http:\/\/www.yelp.com\/user_details?userid=ab4N7Z9Che1cq3g-QrONUw\" target=\"_blank\" rel=\"noopener\">Yelp<\/a> <\/li>\n<li> \"<em>Ko\u0161s murgs. M\u0113s sadarboj\u0101mies ar D\u017eonu Silvernailu no Corrigan United, lai p\u0101rvietotu m\u016bsu \u0123imeni no <a href=\"https:\/\/moverdb.com\/lv\/moving-to-the-united-states\/moving-to-colorado\/\" data-internallinksmanager029f6b8e52c=\"399\" title=\"P\u0101rcel\u0161an\u0101s uz Kolor\u0101do? 2023 Dz\u012bves izmaksas un p\u0101rcel\u0161an\u0101s padomi\">Kolor\u0101do<\/a> uz <a href=\"https:\/\/moverdb.com\/lv\/moving-to-the-united-states\/moving-to-california\/\" data-internallinksmanager029f6b8e52c=\"330\" title=\"P\u0101rcel\u0161an\u0101s uz Kaliforniju? 2023 Dz\u012bves izmaksas un p\u0101rcel\u0161an\u0101s padomi\">Kalifornija<\/a> 2014. gada j\u016bnij\u0101.\"<\/em> - Gaea M via <a href=\"http:\/\/www.movingcompanyreviews.com\/MO\/Fenton\/united-van-lines-llc-61144\" target=\"_blank\" rel=\"noopener\">MovingCompanyReviews.com<\/a><\/li>\n<\/ul>\n<div itemprop=\"review\" itemscope itemtype=\"http:\/\/schema.org\/Review\">\n<span itemprop=\"author\" itemscope=\"\" itemtype=\"http:\/\/schema.org\/Organization\"><span itemprop=\"name\">MoverDB.com<\/span><\/span> Tie\u0161saistes vietnes p\u0101rskats par <span itemprop=\"itemreviewed\" itemscope=\"\" itemtype=\"http:\/\/schema.org\/Brand\"><span itemprop=\"name\">United Van Lines<\/span><\/span>:<\/p>\n<ol>\n<li> Skaidra kontaktinform\u0101cija t\u012bmek\u013ca vietn\u0113 (tostarp t\u0101lru\u0146a numurs): <strong>J\u0101<\/strong><\/li>\n<li> Viegli ieg\u016bt <a href=\"https:\/\/moverdb.com\/lv\/citati\/\">starptautiskie p\u0101rvietojas cit\u0101ti<\/a>? (Tie\u0161saistes t\u0101mes piepras\u012bjuma veidlapa): <strong>J\u0101<\/strong><\/li>\n<li> Skaidra inform\u0101cija t\u012bmek\u013ca vietn\u0113: <strong>J\u0101.<\/strong> T\u012bmek\u013ca vietn\u0113 ir skaidri izkl\u0101st\u012bti visi uz\u0146\u0113muma pied\u0101v\u0101tie pakalpojumi.<\/li>\n<li> Dal\u012bba starptautiski atz\u012bt\u0101s kust\u012bbu organiz\u0101cij\u0101s: <strong>J\u0101<\/strong>, (sk. iepriek\u0161)<\/li>\n<li> Klientu saraksts un\/vai iepriek\u0161\u0113jo klientu atsauksmes. <strong>J\u0101,<\/strong> Uz\u0146\u0113mums Burke Inc. ir veicis neatkar\u012bgu uz\u0146\u0113muma klientu apmierin\u0101t\u012bbas lapu rev\u012bziju, un, pamatojoties uz t\u0101m, uz\u0146\u0113muma klientu apmierin\u0101t\u012bbas l\u012bmenis ir 4,22 no 5.<\/li>\n<\/ol>\n<div itemprop=\"reviewRating\" itemscope itemtype=\"http:\/\/schema.org\/Rating\"><meta itemprop=\"worstRating\" content = \"0\" \/><meta itemprop=\"bestRating\" content=\"5\" \/><meta itemprop=\"ratingValue\" content=\"5\"><\/div>\n<p><strong>Kop\u0113jais v\u0113rt\u0113jums: 5\/5<\/strong><br \/>\n<strong>P\u0101rskata datums:<\/strong> <span itemprop=\"datePublished\" content=\"2016-07-25\">25\/07\/2016<\/span>\n<\/div>\n<p>Las\u012bt vair\u0101k par <a href=\"https:\/\/moverdb.com\/lv\/parvietojas-uznemumi\/\">starptautiskie p\u0101rvieto\u0161an\u0101s uz\u0146\u0113mumi<\/a>, <a href=\"https:\/\/moverdb.com\/lv\/us-kanada-parvietotaji\/\">iek\u0161zemes p\u0101rv\u0101k\u0161an\u0101s uz\u0146\u0113mumi<\/a> un m\u016bsu <a href=\"https:\/\/moverdb.com\/lv\/atsauksmes\/\">izskaidrots p\u0101rskat\u012b\u0161anas process<\/a>.<\/p>\n<p><strong>T\u012bmek\u013ca vietnes:<\/strong> ASV: <a href=\"http:\/\/www.unitedvanlines.com\/\" target=\"_blank\" rel=\"noopener\">http:\/\/www.unitedvanlines.com\/<\/a>; <a href=\"https:\/\/moverdb.com\/lv\/moving-to-canada\/\" data-internallinksmanager029f6b8e52c=\"265\" title=\"P\u0101rcel\u0161an\u0101s uz Kan\u0101du? 2023 Dz\u012bves izmaksas un p\u0101rcel\u0161an\u0101s padomi\">Kan\u0101da<\/a>: <a href=\"http:\/\/www.uvl.ca\/\" target=\"_blank\" rel=\"noopener\">http:\/\/www.uvl.ca\/<\/a> <\/p>","protected":false},"excerpt":{"rendered":"<p>United Van Lines offers its clients many moving services both international and within the US. Below is a list of these services, plus a company profile and reviews. International Moves Move planning and preparation Needs assessment and estimate Destination preview trip Language training and cultural orientation Move management Planning services International transit Tracking and delivery [&hellip;]<\/p>\n","protected":false},"author":1,"featured_media":0,"parent":0,"menu_order":0,"comment_status":"closed","ping_status":"closed","template":"","meta":{"_genesis_hide_title":false,"_genesis_hide_breadcrumbs":false,"_genesis_hide_singular_image":false,"_genesis_hide_footer_widgets":false,"_genesis_custom_body_class":"","_genesis_custom_post_class":"","_genesis_layout":"","footnotes":""},"class_list":{"0":"post-941","1":"page","2":"type-page","3":"status-publish","5":"entry"},"_links":{"self":[{"href":"https:\/\/moverdb.com\/lv\/wp-json\/wp\/v2\/pages\/941","targetHints":{"allow":["GET"]}}],"collection":[{"href":"https:\/\/moverdb.com\/lv\/wp-json\/wp\/v2\/pages"}],"about":[{"href":"https:\/\/moverdb.com\/lv\/wp-json\/wp\/v2\/types\/page"}],"author":[{"embeddable":true,"href":"https:\/\/moverdb.com\/lv\/wp-json\/wp\/v2\/users\/1"}],"replies":[{"embeddable":true,"href":"https:\/\/moverdb.com\/lv\/wp-json\/wp\/v2\/comments?post=941"}],"version-history":[{"count":10,"href":"https:\/\/moverdb.com\/lv\/wp-json\/wp\/v2\/pages\/941\/revisions"}],"predecessor-version":[{"id":6249,"href":"https:\/\/moverdb.com\/lv\/wp-json\/wp\/v2\/pages\/941\/revisions\/6249"}],"wp:attachment":[{"href":"https:\/\/moverdb.com\/lv\/wp-json\/wp\/v2\/media?parent=941"}],"curies":[{"name":"wp","href":"https:\/\/api.w.org\/{rel}","templated":true}]}}