{"id":940,"date":"2016-09-04T19:16:26","date_gmt":"2016-09-04T19:16:26","guid":{"rendered":"http:\/\/moverdb.com\/?page_id=940"},"modified":"2026-01-08T14:47:53","modified_gmt":"2026-01-08T14:47:53","slug":"btr-international","status":"publish","type":"page","link":"https:\/\/moverdb.com\/lv\/btr-international\/","title":{"rendered":"BTR International: Darbasp\u0113ka mobilit\u0101te: P\u0101rcel\u0161an\u0101s un p\u0101rv\u0101k\u0161an\u0101s Atsauksmes"},"content":{"rendered":"<p>BTR International pied\u0101v\u0101 korporat\u012bvaj\u0101m organiz\u0101cij\u0101m daudzus pakalpojumus, lai t\u0101s var\u0113tu p\u0101rcelt savus darbiniekus vai uz\u0146\u0113mumu uz \u0101rzem\u0113m.<\/p>\n<p><strong>Starptautiskie p\u0101rcel\u0161an\u0101s pakalpojumi<\/strong><\/p>\n<ul type=\"circle\">\n<li class=\"m_7262227758002368167MsoListParagraph\"><b>Konsult\u0101ciju pakalpojumi<\/b><u><\/u><u><\/u>\n<ul type=\"square\">\n<li class=\"m_7262227758002368167MsoListParagraph\">Politikas izstr\u0101de un izstr\u0101de<u><\/u><u><\/u><\/li>\n<li class=\"m_7262227758002368167MsoListParagraph\">Sal\u012bdzino\u0161\u0101 nov\u0113rt\u0113\u0161ana<u><\/u><u><\/u><\/li>\n<li class=\"m_7262227758002368167MsoListParagraph\">Konsult\u0113\u0161ana<u><\/u><u><\/u><\/li>\n<\/ul>\n<\/li>\n<li class=\"m_7262227758002368167MsoListParagraph\"><b>Iepriek\u0161\u0113ja uzdevuma pakalpojumi<u><\/u><u><\/u><\/b>\n<ul type=\"square\">\n<li class=\"m_7262227758002368167MsoListParagraph\">Pre-Assignment Konsult\u0101cijas<u><\/u><u><\/u><\/li>\n<li class=\"m_7262227758002368167MsoListParagraph\">Atl\u012bdz\u012bbas pl\u0101no\u0161ana<u><\/u><u><\/u><\/li>\n<li class=\"m_7262227758002368167MsoListParagraph\">Uzdevuma izmaksu prognozes<u><\/u><u><\/u><\/li>\n<li class=\"m_7262227758002368167MsoListParagraph\">Uzdevuma v\u0113stules sagatavo\u0161ana<u><\/u><u><\/u><\/li>\n<li class=\"m_7262227758002368167MsoListParagraph\">Nodok\u013cu pl\u0101no\u0161ana un strat\u0113\u0123ija<u><\/u><u><\/u><\/li>\n<li class=\"m_7262227758002368167MsoListParagraph\">S\u0101kotn\u0113j\u0101s kompens\u0101cijas apr\u0113\u0137in\u0101\u0161anas darblapas apr\u0113\u0137ins<u><\/u><u><\/u><\/li>\n<li class=\"m_7262227758002368167MsoListParagraph\">V\u012bzu\/imigr\u0101cijas koordin\u0101cija<u><\/u><u><\/u><\/li>\n<li class=\"m_7262227758002368167MsoListParagraph\">Dz\u012bves d\u0101rdz\u012bbas pabalsta p\u0101rskats<u><\/u><u><\/u><\/li>\n<li class=\"m_7262227758002368167MsoListParagraph\">Kult\u016bras un valodas apm\u0101c\u012bba<u><\/u><u><\/u><\/li>\n<li class=\"m_7262227758002368167MsoListParagraph\">Izgl\u012bt\u012bbas konsult\u0101cijas un izvieto\u0161ana<u><\/u><u><\/u><\/li>\n<li class=\"m_7262227758002368167MsoListParagraph\">Home M\u0101rketinga pal\u012bdz\u012bba<u><\/u><u><\/u><\/li>\n<\/ul>\n<\/li>\n<li class=\"m_7262227758002368167MsoListParagraph\"><b>Izdevumu p\u0101rvald\u012bba<\/b><u><\/u><u><\/u>\n<ul type=\"square\">\n<li class=\"m_7262227758002368167MsoListParagraph\">Izdevumu audits un izmaksa<u><\/u><u><\/u><\/li>\n<li class=\"m_7262227758002368167MsoListParagraph\">Tie\u0161ais izdevumu maks\u0101jums<u><\/u><u><\/u><\/li>\n<li class=\"m_7262227758002368167MsoListParagraph\">Detaliz\u0113ta saska\u0146o\u0161ana un p\u0101rskatu snieg\u0161ana<u><\/u><u><\/u><\/li>\n<li class=\"m_7262227758002368167MsoListParagraph\">Glob\u0101l\u0101s mobilit\u0101tes politikas atbilst\u012bba<u><\/u><u><\/u><\/li>\n<li class=\"m_7262227758002368167MsoListParagraph\">Iz\u0146\u0113mums politikas izmaksu zi\u0146o\u0161anai<u><\/u><u><\/u><\/li>\n<\/ul>\n<\/li>\n<li class=\"m_7262227758002368167MsoListParagraph\"><b>P\u0101rvieto\u0161anas p\u0101rvald\u012bba<\/b><u><\/u><u><\/u>\n<ul type=\"square\">\n<li class=\"m_7262227758002368167MsoListParagraph\">Grupas p\u0101rvieto\u0161anas p\u0101rvald\u012bba<u><\/u><u><\/u><\/li>\n<li class=\"m_7262227758002368167MsoListParagraph\">Vienreiz\u0113js risin\u0101jums<u><\/u><u><\/u><\/li>\n<li class=\"m_7262227758002368167MsoListParagraph\">Uzglab\u0101\u0161anas pakalpojumi<u><\/u><u><\/u><\/li>\n<li class=\"m_7262227758002368167MsoListParagraph\">Glob\u0101l\u0101s mobilit\u0101tes programma<u><\/u><u><\/u><\/li>\n<li class=\"m_7262227758002368167MsoListParagraph\">Starptautiskie kravu p\u0101rvad\u0101jumi<u><\/u><u><\/u><\/li>\n<li class=\"m_7262227758002368167MsoListParagraph\">Apdro\u0161in\u0101\u0161anas programma<u><\/u><u><\/u><\/li>\n<li class=\"m_7262227758002368167MsoListParagraph\">VIP pakalpojumi<u><\/u><u><\/u><\/li>\n<li class=\"m_7262227758002368167MsoListParagraph\">Invent\u0101ra p\u0101rvald\u012bba<u><\/u><u><\/u><\/li>\n<li class=\"m_7262227758002368167MsoListParagraph\">Komerci\u0101l\u0101 p\u0101rvieto\u0161ana<u><\/u><u><\/u><\/li>\n<li class=\"m_7262227758002368167MsoListParagraph\">M\u0101jdz\u012bvnieku p\u0101rvieto\u0161anas pakalpojumi<u><\/u><u><\/u><\/li>\n<\/ul>\n<\/li>\n<li class=\"m_7262227758002368167MsoListParagraph\"><b>Galam\u0113r\u0137a pakalpojumi<\/b><u><\/u><u><\/u>\n<ul type=\"square\">\n<li class=\"m_7262227758002368167MsoListParagraph\">M\u0101jas mekl\u0113\u0161ana Pal\u012bdz\u012bba<u><\/u><u><\/u><\/li>\n<li class=\"m_7262227758002368167MsoListParagraph\">Nomas mekl\u0113\u0161anas pal\u012bdz\u012bba<u><\/u><u><\/u><\/li>\n<li class=\"m_7262227758002368167MsoListParagraph\">Pal\u012bdz\u012bba skolu mekl\u0113\u0161an\u0101<u><\/u><u><\/u><\/li>\n<li class=\"m_7262227758002368167MsoListParagraph\">Pagaidu dz\u012bvo\u0161ana<u><\/u><u><\/u><\/li>\n<li class=\"m_7262227758002368167MsoListParagraph\">Karjeras konsult\u0101cijas laul\u0101tajiem<u><\/u><u><\/u><\/li>\n<li class=\"m_7262227758002368167MsoListParagraph\">\u012ares p\u0101rvald\u012bba<u><\/u><u><\/u><\/li>\n<li class=\"m_7262227758002368167MsoListParagraph\">\u012apa\u0161uma p\u0101rvald\u012bba<u><\/u><u><\/u><\/li>\n<li class=\"m_7262227758002368167MsoListParagraph\">Iek\u0101rto\u0161an\u0101s pakalpojumi<u><\/u><u><\/u><\/li>\n<\/ul>\n<\/li>\n<li class=\"m_7262227758002368167MsoListParagraph\"><b>Zi\u0146o\u0161anas pakalpojumi<\/b><u><\/u><u><\/u>\n<ul type=\"square\">\n<li class=\"m_7262227758002368167MsoListParagraph\">P\u0113c pas\u016bt\u012bjuma izstr\u0101d\u0101ti uzdevuma zi\u0146ojumi<u><\/u><u><\/u><\/li>\n<li class=\"m_7262227758002368167MsoListParagraph\">Izmaksu p\u0101rvald\u012bba un finan\u0161u gada beigu nodok\u013ci<u><\/u><u><\/u><\/li>\n<li class=\"m_7262227758002368167MsoListParagraph\">Iz\u0146\u0113mums politikas izseko\u0161an\u0101<u><\/u><u><\/u><\/li>\n<li class=\"m_7262227758002368167MsoListParagraph\">Biznesa ce\u013cot\u0101ju izseko\u0161ana un p\u0101rskatu snieg\u0161ana<u><\/u><u><\/u><\/li>\n<li class=\"m_7262227758002368167MsoListParagraph\">Ceturk\u0161\u0146a un gada beigu klientu p\u0101rskati<\/li>\n<\/ul>\n<\/li>\n<\/ul>\n<h2>BTR International uz\u0146\u0113muma profils<\/h2>\n<p>BTR International ir godalgota starptautiska p\u0101rcel\u0161an\u0101s vad\u012bbas komp\u0101nija ar vair\u0101k nek\u0101 35 gadu pieredzi darbasp\u0113ka mobilit\u0101tes jom\u0101. BTR International m\u0113r\u0137is ir atslogot uz\u0146\u0113muma person\u0101la noda\u013cu, organiz\u0113jot p\u0113c iesp\u0113jas liel\u0101ku p\u0101rcel\u0161an\u0101s da\u013cu un sniedzot atbalstu gan uz\u0146\u0113mumam, gan darbiniekiem, kas p\u0101rce\u013cas.<\/p>\n<p>BTR 2019. gad\u0101 ieg\u0101d\u0101j\u0101s Writer Corporation, glob\u0101la organiz\u0101cija ar vair\u0101k nek\u0101 60 gadu pieredzi p\u0101rcel\u0161an\u0101s nozar\u0113. Sadarb\u012bba ir nostiprin\u0101jusi to glob\u0101lo t\u012bklu un pakalpojumu kvalit\u0101ti.<\/p>\n<p>\u0160eit ir BTR International akredit\u0101ciju un asoci\u0101ciju saraksts:<\/p>\n<ul>\n<li><a href=\"https:\/\/moverdb.com\/lv\/britu-iznemeju-asociacija\/\">Lielbrit\u0101nijas P\u0101rv\u0101c\u0113ju asoci\u0101cija<\/a> (<a href=\"https:\/\/moverdb.com\/lv\/british-association-of-removers\/\" data-internallinksmanager029f6b8e52c=\"9\" title=\"Lielbrit\u0101nijas P\u0101rv\u0101c\u0113ju asoci\u0101cijas (BAR) skaidrojumi\">BAR<\/a>)<\/li>\n<li><a href=\"https:\/\/moverdb.com\/lv\/bars-arvalstis\/\">Lielbrit\u0101nijas P\u0101rv\u0101c\u0113ju asoci\u0101cija \u0101rzem\u0113s<\/a><\/li>\n<li><a href=\"https:\/\/moverdb.com\/lv\/fidi-faim\/\">Starptautisko P\u0101rv\u0101c\u0113ju feder\u0101cija<\/a> (<a href=\"https:\/\/moverdb.com\/lv\/fidi-faim\/\" data-internallinksmanager029f6b8e52c=\"16\" title=\"FIDI un FAIM (FIDI akredit\u0113tais starptautiskais p\u0101rvietot\u0101js) skaidrojums\">FIDI<\/a>)<\/li>\n<li><a href=\"https:\/\/moverdb.com\/lv\/fidi-faim\/\">FAIM Plus<\/a><\/li>\n<li><a href=\"https:\/\/moverdb.com\/lv\/esmu\/\">Starptautisk\u0101 P\u0101rv\u0101c\u0113ju asoci\u0101cija<\/a> (<a href=\"https:\/\/moverdb.com\/lv\/iam\/\" data-internallinksmanager029f6b8e52c=\"23\" title=\"Starptautisk\u0101s P\u0101rv\u0101c\u0113ju asoci\u0101cijas (IAM) skaidrojumi\">IAM<\/a>)<\/li>\n<li><a href=\"https:\/\/moverdb.com\/lv\/fedemac\/\">FEDEMAC<\/a><\/li>\n<li><a href=\"https:\/\/moverdb.com\/lv\/lacma\/\">LACMA<\/a><\/li>\n<li><a href=\"https:\/\/moverdb.com\/lv\/mtc\/\">P\u0101rvietot\u0101ji Trading Club<\/a> (<a href=\"https:\/\/moverdb.com\/lv\/mtc\/\" data-internallinksmanager029f6b8e52c=\"30\" title=\"Movers Trading Club (MTC) Paskaidrots\">MTC<\/a>)<\/li>\n<li><a href=\"https:\/\/moverdb.com\/lv\/darbinieku-parcelsanas-padome\/\">ERC vis\u0101 pasaul\u0113<\/a><\/li>\n<li><a href=\"https:\/\/moverdb.com\/lv\/association-relocation-professionals\/\">P\u0101rcel\u0161an\u0101s profesion\u0101\u013cu asoci\u0101cija<\/a> (<a href=\"https:\/\/moverdb.com\/lv\/association-relocation-professionals\/\" data-internallinksmanager029f6b8e52c=\"6\" title=\"P\u0101rcel\u0161an\u0101s profesion\u0101\u013cu asoci\u0101cijas (ARP) skaidrojumi\">ARP<\/a>)<\/li>\n<li><a href=\"https:\/\/moverdb.com\/lv\/eiro\/\">Eiropas P\u0101rcel\u0161an\u0101s asoci\u0101cija<\/a> (<a href=\"https:\/\/moverdb.com\/lv\/eura\/\" data-internallinksmanager029f6b8e52c=\"13\" title=\"Eiropas P\u0101rcel\u0161an\u0101s asoci\u0101cijas (EuRA) skaidrojumi\">EuRA<\/a>)<\/li>\n<li>Ekspatriantu vad\u012bbas forums<\/li>\n<li>ISO 9001<\/li>\n<li>ISO 14001<\/li>\n<\/ul>\n<p><strong>BTR International Atsauksmes<\/strong><\/p>\n<p>Uz\u0146\u0113mums ahs vair\u0101kas pozit\u012bvas atsauksmes <a href=\"https:\/\/www.google.com\/search?q=btr+international&#038;rlz=1C1GCEU_en-GBGB955GB973&#038;oq=btr+international&#038;aqs=chrome.0.0i355i512j46i175i199i512j69i59l3j69i60l3.8906j0j7&#038;sourceid=chrome&#038;ie=UTF-8#lrd=0x48764eb31a41d6d7:0xb3d5c304f795d7ad,1,,,\" target=\"_blank\" rel=\"noopener\">J\u016bs varat apskat\u012bt \u0161eit<\/a>.<\/p>\n<p><strong>Pozit\u012bvs<\/strong><\/p>\n<p><em>\"Lab\u0101ku pieredzi ar m\u016bsu starptautisko p\u0101rv\u0101k\u0161anos ar BTR nevar\u0113tu v\u0113l\u0113ties. P\u0101rcel\u0161an\u0101s profesion\u0101\u013ci ab\u0101s pus\u0113s bija r\u016bp\u012bgi, pat\u012bkami un augsti kvalific\u0113ti. Visi priek\u0161meti tika r\u016bp\u012bgi iepakoti, uzglab\u0101ti un izpakoti\/uzst\u0101d\u012bti galam\u0113r\u0137\u012b saska\u0146\u0101 ar sol\u012bto grafiku. M\u016bsu p\u0101rcel\u0161an\u0101s koordinatore S\u0101ra bija \u0101rk\u0101rt\u012bgi akt\u012bva, atsauc\u012bga un r\u016bp\u012bga. Liels ieteikums!\"<\/em> - Tina Cachules<\/p>\n<p><em>\"M\u0113s esam izmantoju\u0161i \u0161o uz\u0146\u0113mumu abu m\u016bsu m\u0101ju p\u0101rv\u0101k\u0161an\u0101s laik\u0101. Esam atzinu\u0161i, ka vi\u0146u pakalpojumi ir lieliski. Konkur\u0113tsp\u0113j\u012bgas cenas abas reizes. Vi\u0146u klientu apkalpo\u0161anas dienests ir \u013coti pieejams, un vi\u0146u p\u0101rv\u0101k\u0161an\u0101s brig\u0101des ir \u013coti elast\u012bgas un efekt\u012bvas. Es bez vilcin\u0101\u0161an\u0101s iesaku BTR.\"<\/em> - Geoff White<\/p>\n<p><em>\"T\u0101 k\u0101 mana p\u0101rcel\u0161an\u0101s bija diezgan \u012bs\u0101 laik\u0101 un konkr\u0113tos datumos, es nevar\u0113ju to rezerv\u0113t ar BTR. Ta\u010du a\u0123ents bija \u013coti izpal\u012bdz\u012bgs un pilns ar inform\u0101ciju un padomiem. Noteikti izmanto\u0161u ar\u012b turpm\u0101k.\"<\/em> - Rachael<\/p>\n<p><strong>Negat\u012bvs:<\/strong><\/p>\n<ul>\n<li><em>\"Mums bija laba pirm\u0101 pieredze ar BTR k\u0101 m\u016bsu m\u0101jsaimniec\u012bbas pre\u010du s\u016bt\u012bjuma pieg\u0101des a\u0123entu no <a href=\"https:\/\/moverdb.com\/lv\/moving-to-the-united-states\/\" data-internallinksmanager029f6b8e52c=\"94\" title=\"P\u0101rce\u013caties uz Amerikas Savienotaj\u0101m Valst\u012bm? 2022 Dz\u012bves izmaksas un p\u0101rcel\u0161an\u0101s padomi\">ASV<\/a> 2011. gada maij\u0101, bet 2012. gada decembr\u012b, kad veic\u0101m viet\u0113jo p\u0101rv\u0101k\u0161anos, tie bija murgs.\"<\/em> - Tim Emrich via <a href=\"http:\/\/www.removalreviews.co.uk\/movingreviews\/avoid-these-movers-1874\" target=\"_blank\" rel=\"noopener\">P\u0101rcel\u0161an\u0101s atsauksmes<\/a><\/li>\n<\/ul>\n<div>\n<p>MoverDB.com tie\u0161saistes vietnes apskats par BTR International:<\/p>\n<ol>\n<li>Skaidra kontaktinform\u0101cija t\u012bmek\u013ca vietn\u0113 (tostarp t\u0101lru\u0146a numurs): <strong>J\u0101<\/strong><\/li>\n<li>Viegli ieg\u016bt <a href=\"https:\/\/moverdb.com\/lv\/citati\/\">starptautiskie p\u0101rv\u0101k\u0161an\u0101s cit\u0101ti<\/a>? (Tie\u0161saistes t\u0101mes piepras\u012bjuma veidlapa): <strong>J\u0101<\/strong><\/li>\n<li>Skaidra inform\u0101cija t\u012bmek\u013ca vietn\u0113: <strong>Da\u017ei,<\/strong> T\u012bmek\u013ca vietn\u0113 nav daudz detaliz\u0113tas inform\u0101cijas, un taj\u0101 ir nedaudz gr\u016bti orient\u0113ties, ta\u010du pamatinform\u0101cija ir sniegta skaidri.<\/li>\n<li>Dal\u012bba starptautiski atz\u012bt\u0101s kust\u012bbu organiz\u0101cij\u0101s: <strong>J\u0101<\/strong>skat\u012bt iepriek\u0161.<\/li>\n<li>Klientu saraksts un\/vai iepriek\u0161\u0113jo klientu atsauksmes: <strong>J\u0101,<\/strong> T\u012bmek\u013ca vietn\u0113 ir sniegtas atsauksmes<\/li>\n<\/ol>\n<div>&nbsp;<\/div>\n<p><strong>Kop\u0113jais v\u0113rt\u0113jums: 4,5\/5<\/strong><br \/>\n<strong>P\u0101rskata datums:<\/strong>03\/04\/2023<\/p>\n<\/div>\n<p>Vair\u0101k par <a href=\"https:\/\/moverdb.com\/lv\/starptautiskie-parvaksanas-darbi\/\">starptautiskie p\u0101rcel\u0161an\u0101s uz\u0146\u0113mumi<\/a> un m\u016bsu <a href=\"https:\/\/moverdb.com\/lv\/atsauksmes\/\">p\u0101rskat\u012b\u0161anas process<\/a>.<\/p>\n<p><strong>T\u012bmek\u013ca vietne:<\/strong> <a href=\"https:\/\/www.btrinternational.com\/\" target=\"_blank\" rel=\"noopener\">https:\/\/www.btrinternational.com\/<\/a><\/p>","protected":false},"excerpt":{"rendered":"<p>BTR International offers the corporate world many services in order for them to relocate their staff or their business abroad. International Moving Services Consulting Services Policy Design &amp; Development Benchmarking Counselling Pre-Assignment Services Pre-Assignment Counselling Compensation Planning Assignment Cost Projections Assignment Letter Preparation Tax Planning &amp; Strategy Initial Compensation Worksheet Calculation Visa\/Immigration Co-ordination Cost Of [&hellip;]<\/p>\n","protected":false},"author":1,"featured_media":0,"parent":0,"menu_order":0,"comment_status":"closed","ping_status":"closed","template":"","meta":{"_genesis_hide_title":false,"_genesis_hide_breadcrumbs":false,"_genesis_hide_singular_image":false,"_genesis_hide_footer_widgets":false,"_genesis_custom_body_class":"","_genesis_custom_post_class":"","_genesis_layout":"","footnotes":""},"class_list":{"0":"post-940","1":"page","2":"type-page","3":"status-publish","5":"entry"},"_links":{"self":[{"href":"https:\/\/moverdb.com\/lv\/wp-json\/wp\/v2\/pages\/940","targetHints":{"allow":["GET"]}}],"collection":[{"href":"https:\/\/moverdb.com\/lv\/wp-json\/wp\/v2\/pages"}],"about":[{"href":"https:\/\/moverdb.com\/lv\/wp-json\/wp\/v2\/types\/page"}],"author":[{"embeddable":true,"href":"https:\/\/moverdb.com\/lv\/wp-json\/wp\/v2\/users\/1"}],"replies":[{"embeddable":true,"href":"https:\/\/moverdb.com\/lv\/wp-json\/wp\/v2\/comments?post=940"}],"version-history":[{"count":8,"href":"https:\/\/moverdb.com\/lv\/wp-json\/wp\/v2\/pages\/940\/revisions"}],"predecessor-version":[{"id":8598,"href":"https:\/\/moverdb.com\/lv\/wp-json\/wp\/v2\/pages\/940\/revisions\/8598"}],"wp:attachment":[{"href":"https:\/\/moverdb.com\/lv\/wp-json\/wp\/v2\/media?parent=940"}],"curies":[{"name":"wp","href":"https:\/\/api.w.org\/{rel}","templated":true}]}}