{"id":939,"date":"2016-09-23T06:49:42","date_gmt":"2016-09-23T06:49:42","guid":{"rendered":"http:\/\/moverdb.com\/?page_id=939"},"modified":"2026-01-08T13:18:21","modified_gmt":"2026-01-08T13:18:21","slug":"gerson-relocation","status":"publish","type":"page","link":"https:\/\/moverdb.com\/lv\/gerson-relocation\/","title":{"rendered":"Gersona p\u0101rcel\u0161an\u0101s: P\u0101rv\u0101k\u0161an\u0101s un p\u0101rcel\u0161an\u0101s starptautiski Atsauksmes"},"content":{"rendered":"<p>Gerson Relocation pied\u0101v\u0101 saviem klientiem da\u017e\u0101dus pakalpojumus neatkar\u012bgi no t\u0101, vai vi\u0146i p\u0101rce\u013cas uz \u0101rzem\u0113m vai uz vietas. Pied\u0101v\u0101to pakalpojumu sarakstam seko uz\u0146\u0113muma profils un atsauksmes.<\/p>\n<p><strong>Korporat\u012bvie pakalpojumi\/atbalsts<\/strong><\/p>\n<ul>\n<li> \u012apa\u0161s p\u0101rcel\u0161an\u0101s vad\u012bt\u0101js, kas koordin\u0113 p\u0101rcel\u0161anos<\/li>\n<li> Profesion\u0101la aptauja<\/li>\n<li> Iepakojums<\/li>\n<li> <a href=\"https:\/\/moverdb.com\/lv\/konteineru-parvadajumi\/\">J\u016bras, gaisa vai autotransporta p\u0101rvad\u0101jumi<\/a><\/li>\n<li> Izpako\u0161ana, ja nepiecie\u0161ams<\/li>\n<li> Iepako\u0161anas materi\u0101lu nov\u0101k\u0161ana otrreiz\u0113jai p\u0101rstr\u0101dei<\/li>\n<li> Ja nepiecie\u0161ams, uzglab\u0101\u0161ana<\/li>\n<li> Apdro\u0161in\u0101\u0161ana<\/li>\n<\/ul>\n<p><strong>Individu\u0101li p\u0101rcel\u0161an\u0101s risin\u0101jumi<\/strong><\/p>\n<ul>\n<li> Inform\u0101cijas paketes<\/li>\n<li> Kult\u016bras apm\u0101c\u012bba<\/li>\n<li> Orient\u0113\u0161an\u0101s\/apskates viz\u012btes<\/li>\n<li> Izgl\u012bt\u012bbas konsult\u0101cijas<\/li>\n<li> Pagaidu izmitin\u0101\u0161ana<\/li>\n<li> Mekl\u0113\u0161ana m\u0101j\u0101s<\/li>\n<li> Sarunas par nomu<\/li>\n<li> Iebrauk\u0161ana\/izbrauk\u0161ana no \u012bpa\u0161umiem<\/li>\n<li> M\u0113be\u013cu noma<\/li>\n<li> Iek\u0101rto\u0161an\u0101s<\/li>\n<li> Partneru pal\u012bdz\u012bba<\/li>\n<li> Valodu apm\u0101c\u012bba<\/li>\n<\/ul>\n<p><strong>Priv\u0101t\u0101 p\u0101rvieto\u0161ana<\/strong><\/p>\n<ul>\n<li> Specializ\u0113ts p\u0101rcel\u0161an\u0101s vad\u012bt\u0101js<\/li>\n<li> Aptauja<\/li>\n<li> Profesion\u0101la iepako\u0161ana<\/li>\n<li> Mantu p\u0101rvad\u0101\u0161ana pa j\u016bru, gaisu vai autoce\u013ciem.<\/li>\n<li> Muito\u0161ana<\/li>\n<li> Mantu izkrau\u0161ana<\/li>\n<li> Iepakojuma materi\u0101lu p\u0101rstr\u0101de<\/li>\n<li> Uzglab\u0101\u0161ana, ja nepiecie\u0161ams<\/li>\n<li> Apdro\u0161in\u0101\u0161ana organiz\u0113ta<\/li>\n<\/ul>\n<p><strong>Uzglab\u0101\u0161anas pakalpojumi<\/strong><\/p>\n<ul>\n<li> Pilns uzglab\u0101\u0161anas pakalpojums<\/li>\n<li> Pa\u0161glab\u0101\u0161an\u0101s<\/li>\n<li> Skol\u0113nu kr\u0101tuve<\/li>\n<li> Komerci\u0101l\u0101 uzglab\u0101\u0161ana<\/li>\n<li> \u012astermi\u0146a vai ilgtermi\u0146a<\/li>\n<li> 24 stundu videonov\u0113ro\u0161ana<\/li>\n<\/ul>\n<h2>Gerson Relocation Uz\u0146\u0113muma profils<\/h2>\n<p>Uz\u0146\u0113mums Gerson Relocation tika dibin\u0101ts 1961. gad\u0101, un t\u0101 m\u0113r\u0137is ir sniegt saviem klientiem \u013coti personaliz\u0113tus pakalpojumus, ko nevar atrast cit\u0101s organiz\u0101cij\u0101s. Uz\u0146\u0113mums to pan\u0101k, pateicoties stingrai kvalit\u0101tes kontrolei un profesion\u0101liem, labi apm\u0101c\u012btiem darbiniekiem, no kuriem da\u017ei uz\u0146\u0113mum\u0101 str\u0101d\u0101 jau vair\u0101kus gadu desmitus.<\/p>\n<p>Gerson Relocation ir ar\u012b ap\u0146\u0113musies savu uz\u0146\u0113m\u0113jdarb\u012bbu vad\u012bt t\u012bri un videi draudz\u012bgi. Uz\u0146\u0113mums atbalsta tr\u012bs labdar\u012bbas organiz\u0101cijas un pie\u0161\u0137ir saviem darbiniekiem divas dienas apmaks\u0101ta atva\u013cin\u0101juma, lai vi\u0146i ar\u012b var\u0113tu sniegt savu ieguld\u012bjumu \u0161ajos pas\u0101kumos.<\/p>\n<p>\u0160odien Gerson Relocation ir uz\u0146\u0113muma meitas uz\u0146\u0113mums <a href=\"https:\/\/moverdb.com\/lv\/abels-removals\/\">Abels P\u0101rcel\u0161an\u0101s pakalpojumi<\/a> Ltd, kas ir \u013coti veiksm\u012bgs \u0123imenes \u012bpa\u0161um\u0101 eso\u0161s un vad\u012bts uz\u0146\u0113mums, kam 1988. gad\u0101 tika pie\u0161\u0137irts Karalisk\u0101s Karalienes ordenis. Pamatojoties uz klientiem izs\u016bt\u012btaj\u0101m aptaujas anket\u0101m, 2015. un 2016. gad\u0101 uz\u0146\u0113mums ir ieguvis 98% klientu apmierin\u0101t\u012bbas nov\u0113rt\u0113jumu.<\/p>\n<p>Gerson Relocation akredit\u0101cijas un pieder\u012bbas: <\/p>\n<ul>\n<li> <a href=\"https:\/\/moverdb.com\/lv\/britu-iznemeju-asociacija\/\">Lielbrit\u0101nijas P\u0101rv\u0101c\u0113ju asoci\u0101cija<\/a> (<a href=\"https:\/\/moverdb.com\/lv\/british-association-of-removers\/\" data-internallinksmanager029f6b8e52c=\"9\" title=\"Lielbrit\u0101nijas P\u0101rv\u0101c\u0113ju asoci\u0101cijas (BAR) skaidrojumi\">BAR<\/a>)<\/li>\n<li> <a href=\"https:\/\/moverdb.com\/lv\/harmony-relocation-network\/\">Harmonijas p\u0101rvieto\u0161anas t\u012bkls<\/a> (<a href=\"https:\/\/moverdb.com\/lv\/harmony-relocation-network\/\" data-internallinksmanager029f6b8e52c=\"20\" title=\"Harmonijas p\u0101rvieto\u0161anas t\u012bkla (HRN) skaidrojums\">HRN<\/a>)<\/li>\n<li> <a href=\"https:\/\/moverdb.com\/lv\/eiro\/\">Eiropas P\u0101rcel\u0161an\u0101s asoci\u0101cija<\/a> (<a href=\"https:\/\/moverdb.com\/lv\/eura\/\" data-internallinksmanager029f6b8e52c=\"13\" title=\"Eiropas P\u0101rcel\u0161an\u0101s asoci\u0101cijas (EuRA) skaidrojumi\">EuRA<\/a>)<\/li>\n<li> <a href=\"https:\/\/moverdb.com\/lv\/fidi-faim\/\">FIDI<\/a><\/li>\n<li> <a href=\"https:\/\/moverdb.com\/lv\/fidi-faim\/\" data-internallinksmanager029f6b8e52c=\"16\" title=\"FIDI un FAIM (FIDI akredit\u0113tais starptautiskais p\u0101rvietot\u0101js) skaidrojums\">FAIM<\/a><\/li>\n<li> <a href=\"https:\/\/moverdb.com\/lv\/mtc\/\">P\u0101rvietot\u0101ji Trading Club<\/a> (<a href=\"https:\/\/moverdb.com\/lv\/mtc\/\" data-internallinksmanager029f6b8e52c=\"30\" title=\"Movers Trading Club (MTC) Paskaidrots\">MTC<\/a>)<\/li>\n<\/ul>\n<h2>Gerson Relocation Atsauksmes<\/h2>\n<p><strong>Pozit\u012bvs<\/strong><\/p>\n<ul>\n<li>  \"<em>M\u0113s nevar\u0113j\u0101m l\u016bgt lab\u0101ku servisu no m\u016bsu p\u0101rcel\u0161an\u0101s komandas.\"<\/em> - K. L. kundze, izmantojot <a href=\"http:\/\/www.gersonrelocation.com\/voice-of-the-customer\/\" target=\"_blank\" rel=\"noopener\">Laim\u012bgu klientu lapa<\/a> <\/li>\n<\/ul>\n<p><strong>Negat\u012bvs<\/strong><\/p>\n<p>Mums neizdev\u0101s atrast negat\u012bvas atsauksmes par Gerson Relocation tie\u0161saist\u0113.<\/p>\n<div itemprop=\"review\" itemscope itemtype=\"http:\/\/schema.org\/Review\">\n<span itemprop=\"author\" itemscope=\"\" itemtype=\"http:\/\/schema.org\/Organization\"><span itemprop=\"name\">MoverDB.com<\/span><\/span> Tie\u0161saistes vietnes p\u0101rskats par <span itemprop=\"itemreviewed\" itemscope=\"\" itemtype=\"http:\/\/schema.org\/Brand\"><span itemprop=\"name\">Gersona p\u0101rcel\u0161an\u0101s<\/span><\/span>:<\/p>\n<ol>\n<li> Skaidra kontaktinform\u0101cija t\u012bmek\u013ca vietn\u0113 (tostarp t\u0101lru\u0146a numurs): <strong>J\u0101<\/strong><\/li>\n<li> Viegli ieg\u016bt <a href=\"https:\/\/moverdb.com\/lv\/citati\/\">starptautiskie p\u0101rv\u0101k\u0161an\u0101s cit\u0101ti<\/a>? (Tie\u0161saistes t\u0101mes piepras\u012bjuma veidlapa): <strong>J\u0101<\/strong><\/li>\n<li> Skaidra inform\u0101cija t\u012bmek\u013ca vietn\u0113: <strong>J\u0101,<\/strong> T\u012bmek\u013ca vietne ir diezgan s\u012bki izstr\u0101d\u0101ta, sniedzot potenci\u0101lajiem klientiem labu priek\u0161statu par gaid\u0101majiem pakalpojumiem.<\/li>\n<li> Dal\u012bba starptautiski atz\u012bt\u0101s kust\u012bbas organiz\u0101cij\u0101s: <strong>J\u0101<\/strong><\/li>\n<li> Klientu saraksts un\/vai iepriek\u0161\u0113jo klientu atsauksmes: <strong>J\u0101<\/strong>, t\u012bmek\u013ca vietn\u0113 ir daudz pozit\u012bvu klientu atsauksmju.<\/li>\n<\/ol>\n<div itemprop=\"reviewRating\" itemscope itemtype=\"http:\/\/schema.org\/Rating\"><meta itemprop=\"worstRating\" content = \"0\" \/><meta itemprop=\"bestRating\" content=\"5\" \/><meta itemprop=\"ratingValue\" content=\"5\"><\/div>\n<p><strong>Kop\u0113jais v\u0113rt\u0113jums: 5\/5<\/strong><br \/>\n<strong>P\u0101rskata datums:<\/strong> <span itemprop=\"datePublished\" content=\"2016-09-23\">23\/09\/16<\/span>\n<\/div>\n<p>Vair\u0101k par <a href=\"https:\/\/moverdb.com\/lv\/starptautiskie-parvaksanas-darbi\/\">starptautisk\u0101 p\u0101rcel\u0161an\u0101s<\/a> un m\u016bsu <a href=\"https:\/\/moverdb.com\/lv\/atsauksmes\/\">izskaidrots p\u0101rskat\u012b\u0161anas process<\/a>.<\/p>\n<p><strong>T\u012bmek\u013ca vietne:<\/strong> <a href=\"http:\/\/www.gersonrelocation.com\" target=\"_blank\" rel=\"noopener\">http:\/\/www.gersonrelocation.com<\/a><\/p>","protected":false},"excerpt":{"rendered":"<p>Gerson Relocation offer their clients a variety of services, whether they are relocating abroad or locally. A company profile and reviews follow the list of services on offer. Corporate Services\/Support Dedicated move manager to coordinate the move Professional survey Packing Shipping by sea, air or road Unpacking if required Clear away packing material for recycling [&hellip;]<\/p>\n","protected":false},"author":1,"featured_media":0,"parent":0,"menu_order":0,"comment_status":"closed","ping_status":"closed","template":"","meta":{"_genesis_hide_title":false,"_genesis_hide_breadcrumbs":false,"_genesis_hide_singular_image":false,"_genesis_hide_footer_widgets":false,"_genesis_custom_body_class":"","_genesis_custom_post_class":"","_genesis_layout":"","footnotes":""},"class_list":{"0":"post-939","1":"page","2":"type-page","3":"status-publish","5":"entry"},"_links":{"self":[{"href":"https:\/\/moverdb.com\/lv\/wp-json\/wp\/v2\/pages\/939","targetHints":{"allow":["GET"]}}],"collection":[{"href":"https:\/\/moverdb.com\/lv\/wp-json\/wp\/v2\/pages"}],"about":[{"href":"https:\/\/moverdb.com\/lv\/wp-json\/wp\/v2\/types\/page"}],"author":[{"embeddable":true,"href":"https:\/\/moverdb.com\/lv\/wp-json\/wp\/v2\/users\/1"}],"replies":[{"embeddable":true,"href":"https:\/\/moverdb.com\/lv\/wp-json\/wp\/v2\/comments?post=939"}],"version-history":[{"count":3,"href":"https:\/\/moverdb.com\/lv\/wp-json\/wp\/v2\/pages\/939\/revisions"}],"predecessor-version":[{"id":6214,"href":"https:\/\/moverdb.com\/lv\/wp-json\/wp\/v2\/pages\/939\/revisions\/6214"}],"wp:attachment":[{"href":"https:\/\/moverdb.com\/lv\/wp-json\/wp\/v2\/media?parent=939"}],"curies":[{"name":"wp","href":"https:\/\/api.w.org\/{rel}","templated":true}]}}