{"id":927,"date":"2016-09-23T21:57:09","date_gmt":"2016-09-23T21:57:09","guid":{"rendered":"http:\/\/moverdb.com\/?page_id=927"},"modified":"2026-01-08T13:19:00","modified_gmt":"2026-01-08T13:19:00","slug":"imove-international","status":"publish","type":"page","link":"https:\/\/moverdb.com\/lv\/imove-international\/","title":{"rendered":"IMove International: P\u0101rcel\u0161an\u0101s un p\u0101rv\u0101k\u0161an\u0101s Atsauksmes"},"content":{"rendered":"<p>IMove International atrodas Surrej\u0101. Tas saviem klientiem pied\u0101v\u0101 virkni pakalpojumu, lai pal\u012bdz\u0113tu vi\u0146iem p\u0101rcelties uz \u0101rzem\u0113m. Tie ir uzskait\u012bti turpm\u0101k kop\u0101 ar uz\u0146\u0113muma profilu un atsauksm\u0113m.<\/p>\n<p><strong><a href=\"https:\/\/moverdb.com\/lv\/international-removals\/\" data-internallinksmanager029f6b8e52c=\"27\" title=\"36 Lab\u0101kie starptautisko p\u0101rvad\u0101jumu uz\u0146\u0113mumi Apvienotaj\u0101 Karalist\u0113\">Starptautiskie p\u0101rv\u0101k\u0161an\u0101s darbi<\/a><\/strong><\/p>\n<ul>\n<li> Person\u012bgais p\u0101rcel\u0161an\u0101s koordinators<\/li>\n<li> No durv\u012bm l\u012bdz durv\u012bm<\/li>\n<li> Durvis uz <a href=\"https:\/\/moverdb.com\/lv\/top-49-container-ports\/\" data-internallinksmanager029f6b8e52c=\"80\" title=\"49 liel\u0101kie un noslogot\u0101kie konteineru ostas 2025. gad\u0101\">osta<\/a><\/li>\n<li> Gaisa, j\u016bras vai autotransports<\/li>\n<li> Uz\u0146\u0113mumu p\u0101rvieto\u0161ana<\/li>\n<li> <a href=\"https:\/\/moverdb.com\/lv\/auto-transporta-nosutisana\/\">Meh\u0101niskie transportl\u012bdzek\u013ci<\/a><\/li>\n<li> Pilns iepako\u0161anas pakalpojums<\/li>\n<li> Pa\u0161pako\u0161an\u0101s<\/li>\n<li> Trausls iepakojums<\/li>\n<li> Bezmaksas kartona k\u0101rbu, l\u012bmlentes un iepakojuma pieg\u0101de<\/li>\n<li> Izpako\u0161anas pakalpojums<\/li>\n<li> Ilgtermi\u0146a un \u012bstermi\u0146a uzglab\u0101\u0161ana <\/li>\n<li> <a href=\"https:\/\/moverdb.com\/lv\/konteineru-parvadajumi\/\">Konteineru p\u0101rvad\u0101jumi<\/a><\/li>\n<li> P\u0101rm\u0113r\u012bga bag\u0101\u017eas p\u0101rvad\u0101\u0161ana<\/li>\n<li> Nodro\u0161in\u0101\u0161ana<\/li>\n<li> Pal\u012bdz\u012bba muitas un dokument\u0101cijas k\u0101rto\u0161an\u0101<\/li>\n<\/ul>\n<p><strong>Citi pakalpojumi<\/strong><\/p>\n<ul>\n<li> Ilgtermi\u0146a un \u012bstermi\u0146a uzglab\u0101\u0161ana<\/li>\n<li> Studentu nos\u016bt\u012b\u0161ana un uzglab\u0101\u0161ana<\/li>\n<li> <a href=\"https:\/\/moverdb.com\/lv\/car-transport-shipping\/\" data-internallinksmanager029f6b8e52c=\"2\" title=\"2026 Starptautiskais autotransports un transportl\u012bdzek\u013cu p\u0101rvad\u0101\u0161anas cit\u0101ti\">Automa\u0161\u012bnu p\u0101rvad\u0101jumi<\/a><\/li>\n<li> Koplieto\u0161anas konteiners<\/li>\n<li> Eksporta iepako\u0161anas pakalpojums<\/li>\n<li> Iesai\u0146o\u0161ana un kastu izgatavo\u0161ana<\/li>\n<\/ul>\n<h2>IMove International Uz\u0146\u0113muma profils<\/h2>\n<p>IMove International ir jauns, priv\u0101ts uz\u0146\u0113mums, kas dibin\u0101ts 2011. gada maij\u0101. Tas ir specializ\u0113jies <a href=\"https:\/\/moverdb.com\/lv\/starptautiskie-parvaksanas-darbi\/\">starptautisk\u0101 p\u0101rcel\u0161an\u0101s<\/a>, ku\u0123niec\u012bbas un p\u0101rcel\u0161an\u0101s uz\u0146\u0113mums. <\/p>\n<p>IMove organiz\u0113 p\u0101rcel\u0161anos \u0123imen\u0113m, korporat\u012bvajiem klientiem un priv\u0101tperson\u0101m no <a href=\"https:\/\/moverdb.com\/lv\/moving-to-the-uk\/\" data-internallinksmanager029f6b8e52c=\"93\" title=\"P\u0101rce\u013caties uz Apvienoto Karalisti? 2022 Dz\u012bves izmaksas un p\u0101rcel\u0161an\u0101s padomi\">APVIENOT\u0100 KARALISTE<\/a> uz liel\u0101ko da\u013cu galam\u0113r\u0137u vis\u0101 pasaul\u0113.<\/p>\n<p>IMove nos\u016bta visu, s\u0101kot ar maz\u0101ko s\u016bt\u012bjumu un beidzot ar m\u0101jsaimniec\u012bbas m\u0113bel\u0113m. Uz\u0146\u0113mums katram klientam nodro\u0161ina person\u012bgu p\u0101rcel\u0161an\u0101s koordinatoru, kas ir kontaktpersona visa p\u0101rcel\u0161an\u0101s procesa laik\u0101.<\/p>\n<p>IMove International ir \u0161\u0101das akredit\u0101cijas un pieder\u012bbas:<\/p>\n<ul>\n<li> ISO 9001<\/li>\n<\/ul>\n<h2>IMove International Atsauksmes<\/h2>\n<p><strong>Pozit\u012bvi:<\/strong><\/p>\n<ul>\n<li> <em>\"Viss norit\u0113ja raiti un efekt\u012bvi. Es noteikti ieteiktu \u0161o uz\u0146\u0113mumu, jo tas sniedz pakalpojumus un nodro\u0161ina izdev\u012bgu cenas un kvalit\u0101tes attiec\u012bbu.\"<\/em> - H Fowler caur <a href=\"http:\/\/www.imoveintl.com\/testimonials.htm\" target=\"_blank\" rel=\"noopener\">Klientu atsauksmju lapa<\/a><\/li>\n<li> \"<em>V\u0113los apsveikt IMove par punktualit\u0101ti, operativit\u0101ti un profesionalit\u0101ti, ar k\u0101du tika veikta mana p\u0101rcel\u0161an\u0101s no Orlando. <a href=\"https:\/\/moverdb.com\/lv\/moving-to-the-united-states\/moving-to-florida\/\" data-internallinksmanager029f6b8e52c=\"331\" title=\"P\u0101rcel\u0161an\u0101s uz Floridu? 2023 Dz\u012bves izmaksas un p\u0101rcel\u0161an\u0101s padomi\">Florida<\/a> uz Kentu, tika veikta.<\/em> - Anete <a href=\"http:\/\/www.removalreviews.co.uk\/movers\/imove-international-191#11473\" target=\"_blank\" rel=\"noopener\">RemovalReviews.com<\/a> <\/li>\n<li> \"<em>Piln\u012bgi iesaku \u0161o uz\u0146\u0113mumu - \u013coti sapr\u0101t\u012bgas izmaksas, \u013coti \u0101tra p\u0101rvieto\u0161an\u0101s un lielisks serviss\"<\/em> - Johatans caur <a href=\"http:\/\/www.reviews.co.uk\/company-reviews\/store\/imove-international-removals-ltd\" target=\"_blank\" rel=\"noopener\">Reviews.co.uk<\/a> <\/li>\n<\/ul>\n<p><strong>Negat\u012bvs<\/strong><\/p>\n<ul>\n<li> \"<em>Lai gan pieg\u0101des laiks no <a href=\"https:\/\/moverdb.com\/lv\/moving-to-london\/\">Londona<\/a> uz <a href=\"https:\/\/moverdb.com\/lv\/moving-to-switzerland\/\" data-internallinksmanager029f6b8e52c=\"327\" title=\"P\u0101rcel\u0161an\u0101s uz \u0160veici? 2023 Dz\u012bves izmaksas un p\u0101rcel\u0161an\u0101s padomi\">\u0160veice<\/a> bija \u0101trs, es stingri attur\u0113tu ikvienu no \u0161\u012b uz\u0146\u0113muma izmanto\u0161anas, jo viens no v\u0113rt\u012bg\u0101kajiem priek\u0161metiem nekad netika pieg\u0101d\u0101ts un \"pazuda\". Nebija nek\u0101da patiesa p\u0101rsteiguma, satraukuma vai atvaino\u0161an\u0101s par \u0161\u012b priek\u0161meta pazu\u0161anu.\"<\/em> - Laurensa kundze, izmantojot <a href=\"http:\/\/www.removalreviews.co.uk\/movingreviews\/stolen-item-1264\" target=\"_blank\" rel=\"noopener\">RemovalReviews.co.uk<\/a> <\/li>\n<li> \"<em>M\u016bsu s\u016bt\u012bjumi tika sav\u0101kti atbilsto\u0161i sav\u0101k\u0161anas datumam (02.11.2015.), kas bija lieliski, ta\u010du tagad ir marts, un m\u0113s joproj\u0101m neesam sa\u0146\u0113mu\u0161i savas kastes.\"<\/em> - Samanta caur <a href=\"http:\/\/www.reviews.co.uk\/company-reviews\/store\/imove-international-removals-ltd\" target=\"_blank\" rel=\"noopener\">Reviews.co.uk<\/a> <\/li>\n<\/ul>\n<div itemprop=\"review\" itemscope itemtype=\"http:\/\/schema.org\/Review\">\n<span itemprop=\"author\" itemscope=\"\" itemtype=\"http:\/\/schema.org\/Organization\"><span itemprop=\"name\">MoverDB.com<\/span><\/span> Tie\u0161saistes vietnes p\u0101rskats par <span itemprop=\"itemreviewed\" itemscope=\"\" itemtype=\"http:\/\/schema.org\/Brand\"><span itemprop=\"name\">IMove International<\/span><\/span>:<\/p>\n<ol>\n<li> Skaidra kontaktinform\u0101cija t\u012bmek\u013ca vietn\u0113 (tostarp t\u0101lru\u0146a numurs): <strong>J\u0101<\/strong><\/li>\n<li> Viegli ieg\u016bt <a href=\"https:\/\/moverdb.com\/lv\/citati\/\">starptautiskie p\u0101rv\u0101k\u0161an\u0101s cit\u0101ti<\/a>? (Tie\u0161saistes t\u0101mes piepras\u012bjuma veidlapa): <strong>J\u0101<\/strong><\/li>\n<li> Skaidra inform\u0101cija t\u012bmek\u013ca vietn\u0113: <strong>J\u0101<\/strong>, \u0160aj\u0101 t\u012bmek\u013ca vietn\u0113 ir daudz inform\u0101cijas par p\u0101rcel\u0161anos uz da\u017e\u0101d\u0101m pasaules valst\u012bm, tostarp par nepiecie\u0161amajiem dokumentiem.<\/li>\n<li> Dal\u012bba starptautiski atz\u012bt\u0101s kust\u012bbas organiz\u0101cij\u0101s: <strong>Da\u013c\u0113js<\/strong>, lai gan tie ir re\u0123istr\u0113ti ISO, \u0161\u0137iet, ka tiem tr\u016bkst citas akredit\u0101cijas.<\/li>\n<li> Klientu saraksts un\/vai iepriek\u0161\u0113jo klientu atsauksmes: <strong>J\u0101,<\/strong> Vietn\u0113 ir daudz pozit\u012bvu klientu atsauksmju.<\/li>\n<\/ol>\n<div itemprop=\"reviewRating\" itemscope itemtype=\"http:\/\/schema.org\/Rating\"><meta itemprop=\"worstRating\" content = \"0\" \/><meta itemprop=\"bestRating\" content=\"5\" \/><meta itemprop=\"ratingValue\" content=\"4\"><\/div>\n<p><strong>Kop\u0113jais v\u0113rt\u0113jums: 4\/5<\/strong><br \/>\n<strong>P\u0101rskata datums:<\/strong> <span itemprop=\"datePublished\" content=\"2016-09-23\">23\/09\/16<\/span>\n<\/div>\n<p>Las\u012bt vair\u0101k par <a href=\"https:\/\/moverdb.com\/lv\/starptautiskie-parvaksanas-darbi\/\">p\u0101rcel\u0161an\u0101s uz\u0146\u0113mumi<\/a> un m\u016bsu <a href=\"https:\/\/moverdb.com\/lv\/atsauksmes\/\">p\u0101rskat\u012b\u0161anas process<\/a>.<\/p>\n<p><strong>T\u012bmek\u013ca vietne:<\/strong> <a href=\"http:\/\/www.imoveintl.com\/\" target=\"_blank\" rel=\"noopener\">http:\/\/www.imoveintl.com\/<\/a><\/p>","protected":false},"excerpt":{"rendered":"<p>IMove International is based in Surrey. It offers its customers a range of services to assist with their move abroad. These are listed below, together with a company profile and reviews. International Removals Personal move coordinator Door to door Door to port Air, sea or road Company relocations Motor vehicles Full packing service Self-packing Fragile [&hellip;]<\/p>\n","protected":false},"author":1,"featured_media":0,"parent":0,"menu_order":0,"comment_status":"closed","ping_status":"closed","template":"","meta":{"_genesis_hide_title":false,"_genesis_hide_breadcrumbs":false,"_genesis_hide_singular_image":false,"_genesis_hide_footer_widgets":false,"_genesis_custom_body_class":"","_genesis_custom_post_class":"","_genesis_layout":"","footnotes":""},"class_list":{"0":"post-927","1":"page","2":"type-page","3":"status-publish","5":"entry"},"_links":{"self":[{"href":"https:\/\/moverdb.com\/lv\/wp-json\/wp\/v2\/pages\/927","targetHints":{"allow":["GET"]}}],"collection":[{"href":"https:\/\/moverdb.com\/lv\/wp-json\/wp\/v2\/pages"}],"about":[{"href":"https:\/\/moverdb.com\/lv\/wp-json\/wp\/v2\/types\/page"}],"author":[{"embeddable":true,"href":"https:\/\/moverdb.com\/lv\/wp-json\/wp\/v2\/users\/1"}],"replies":[{"embeddable":true,"href":"https:\/\/moverdb.com\/lv\/wp-json\/wp\/v2\/comments?post=927"}],"version-history":[{"count":6,"href":"https:\/\/moverdb.com\/lv\/wp-json\/wp\/v2\/pages\/927\/revisions"}],"predecessor-version":[{"id":13160,"href":"https:\/\/moverdb.com\/lv\/wp-json\/wp\/v2\/pages\/927\/revisions\/13160"}],"wp:attachment":[{"href":"https:\/\/moverdb.com\/lv\/wp-json\/wp\/v2\/media?parent=927"}],"curies":[{"name":"wp","href":"https:\/\/api.w.org\/{rel}","templated":true}]}}