{"id":926,"date":"2017-07-04T15:15:07","date_gmt":"2017-07-04T15:15:07","guid":{"rendered":"http:\/\/moverdb.com\/?page_id=926"},"modified":"2026-01-08T14:47:30","modified_gmt":"2026-01-08T14:47:30","slug":"american-red-ball-transit","status":"publish","type":"page","link":"https:\/\/moverdb.com\/lv\/american-red-ball-transit\/","title":{"rendered":"Amerik\u0101\u0146u sarkan\u0101 bumba Tranz\u012bts: Starptautisk\u0101s p\u0101rvieto\u0161an\u0101s Atsauksmes"},"content":{"rendered":"<p>American Red Ball Transit saviem klientiem pied\u0101v\u0101 daudzus iek\u0161zemes pakalpojumus. <a href=\"https:\/\/moverdb.com\/lv\/moving-to-the-united-states\/\" data-internallinksmanager029f6b8e52c=\"94\" title=\"P\u0101rce\u013caties uz Amerikas Savienotaj\u0101m Valst\u012bm? 2022 Dz\u012bves izmaksas un p\u0101rcel\u0161an\u0101s padomi\">ASV<\/a>tie ir uzskait\u012bti turpm\u0101k, pievienojot uz\u0146\u0113muma profilu un atsauksmes.<\/p>\n<p><strong>Uz\u0146\u0113mumu p\u0101rvieto\u0161ana<\/strong><\/p>\n<ul>\n<li> Individualiz\u0113ts p\u0101rvieto\u0161anas pl\u0101ns<\/li>\n<li> Pal\u012bdz\u012bba person\u0101la un biroju p\u0101rvieto\u0161an\u0101<\/li>\n<li> Pilns iepako\u0161anas pakalpojums<\/li>\n<li> M\u0113be\u013cu demont\u0101\u017ea un atk\u0101rtota mont\u0101\u017ea<\/li>\n<li> IT p\u0101rcel\u0161an\u0101s<\/li>\n<li> Izpako\u0161anas pakalpojums<\/li>\n<li> Ilgtermi\u0146a un \u012bstermi\u0146a uzglab\u0101\u0161ana<\/li>\n<\/ul>\n<p><strong>Iek\u0161zemes p\u0101rv\u0101k\u0161an\u0101s<\/strong><\/p>\n<ul>\n<li> Interakt\u012bvais p\u0101rvietojamais kalend\u0101rs<\/li>\n<li> No durv\u012bm l\u012bdz durv\u012bm<\/li>\n<li> Pilns iepako\u0161anas pakalpojums, trausli priek\u0161meti vai pa\u0161u sp\u0113kiem veikts iepako\u0161anas pakalpojums<\/li>\n<li> M\u0113be\u013cu demont\u0101\u017ea un atk\u0101rtota mont\u0101\u017ea.<\/li>\n<li> Pieejama apdro\u0161in\u0101\u0161ana<\/li>\n<li> Pied\u0101v\u0101tais izpako\u0161anas pakalpojums<\/li>\n<li> Pieejama ilgtermi\u0146a un \u012bstermi\u0146a uzglab\u0101\u0161ana<\/li>\n<\/ul>\n<h2>American Red Ball Transit Uz\u0146\u0113muma profils<\/h2>\n<p>American Red Ball Transit, kas dibin\u0101ts 1919. gad\u0101, ir vec\u0101kais starp\u0161tata <a href=\"https:\/\/moverdb.com\/lv\/international-removals\/\" data-internallinksmanager029f6b8e52c=\"27\" title=\"36 Lab\u0101kie starptautisko p\u0101rvad\u0101jumu uz\u0146\u0113mumi Apvienotaj\u0101 Karalist\u0113\">p\u0101rcel\u0161an\u0101s uz\u0146\u0113mums<\/a> ASV un atrodas Indianapol\u0113. Uz\u0146\u0113mums ir slavens ar sav\u0101m zin\u0101\u0161an\u0101m milit\u0101ro p\u0101rcel\u0161anos jom\u0101, un ir veicis daudzas p\u0101rcel\u0161an\u0101s jau Otr\u0101 pasaules kara laik\u0101. American Red Ball Transit 1996. gad\u0101 tika p\u0101rdots uz\u0146\u0113mumam <a href=\"https:\/\/moverdb.com\/lv\/atlas-van-lines-international\/\">Atlas World Group<\/a>. \u0160\u012b grupa katru gadu p\u0101rvieto vair\u0101k nek\u0101 13 000 milit\u0101ro dienestu \u0123ime\u0146u.<\/p>\n<p>2001. gad\u0101 American Red Ball Transit, kas ir American Red Ball International viet\u0113jais meitasuz\u0146\u0113mums, tika p\u0101rdots t\u0101 vad\u012bbai. American Red Ball International turpina veikt starptautisko uz\u0146\u0113m\u0113jdarb\u012bbu.<\/p>\n<p>American Red Ball Transit ir \u0161\u0101das fili\u0101les un akredit\u0101cijas:<\/p>\n<ul>\n<li> Better Business Bureau (BBB)<\/li>\n<li> <a href=\"https:\/\/moverdb.com\/lv\/amsa\/\">Amerikas P\u0101rv\u0101k\u0161an\u0101s un uzglab\u0101\u0161anas asoci\u0101cija<\/a> (<a href=\"https:\/\/moverdb.com\/lv\/amsa\/\" data-internallinksmanager029f6b8e52c=\"5\" title=\"Amerikas P\u0101rv\u0101k\u0161an\u0101s un uzglab\u0101\u0161anas asoci\u0101cijas (AMSA) skaidrojums\">AMSA<\/a>)<\/li>\n<li> <a href=\"https:\/\/moverdb.com\/lv\/ritenu-novirzitajs\/\">ProMover<\/a><\/li>\n<\/ul>\n<h2>American Red Ball Transit Company Atsauksmes<\/h2>\n<p><strong>Pozit\u012bvi:<\/strong><\/p>\n<ul>\n<li> <em>\"American Red Ball ir viens no m\u016bsu lab\u0101kajiem partneriem, kvalitat\u012bva organiz\u0101cija ar kvalitat\u012bviem cilv\u0113kiem. \u013boti iesak\u0101m.\"<\/em> - D\u017eons caur <a href=\"https:\/\/www.yelp.co.uk\/biz\/american-red-ball-transit-company-indianapolis?hrid=mQPsd2n9lj4MbWXdnRerwA&#038;utm_campaign=www_review_share_popup&#038;utm_medium=copy_link&#038;utm_source=(direct)\" target=\"_blank\" rel=\"noopener\">Yelp<\/a><\/li>\n<\/ul>\n<p><strong>Negat\u012bvs:<\/strong><\/p>\n<ul>\n<li> <em>\"Man bija absol\u016bti briesm\u012bga pieredze ar \u0161o uz\u0146\u0113mumu.\"<\/em> - R.R. via <a href=\"https:\/\/www.bbb.org\/indy\/business-reviews\/movers\/american-red-ball-transit-company-inc-in-indianapolis-in-753\/reviews-and-complaints?section=reviews&#038;reviewtype=negative\" target=\"_blank\" rel=\"noopener\">BBB.org<\/a><\/li>\n<\/ul>\n<div itemprop=\"review\" itemscope itemtype=\"http:\/\/schema.org\/Review\">\n<span itemprop=\"author\" itemscope=\"\" itemtype=\"http:\/\/schema.org\/Organization\"><span itemprop=\"name\">MoverDB.com<\/span><\/span> Tie\u0161saistes vietnes p\u0101rskats par <span itemprop=\"itemreviewed\" itemscope=\"\" itemtype=\"http:\/\/schema.org\/Brand\"><span itemprop=\"name\">Amerik\u0101\u0146u sarkan\u0101 bumba Transit<\/span><\/span>:<\/p>\n<ol>\n<li> Skaidra kontaktinform\u0101cija t\u012bmek\u013ca vietn\u0113 (tostarp t\u0101lru\u0146a numurs): <strong>J\u0101<\/strong><\/li>\n<li> Viegli ieg\u016bt <a href=\"https:\/\/moverdb.com\/lv\/citati\/\">starptautiskie p\u0101rvietojas cit\u0101ti<\/a>? (Tie\u0161saistes t\u0101mes piepras\u012bjuma veidlapa): <strong>J\u0101<\/strong><\/li>\n<li> Skaidra inform\u0101cija t\u012bmek\u013ca vietn\u0113: <strong>Ierobe\u017eots,<\/strong> T\u012bmek\u013ca vietn\u0113 ir \u013coti maz inform\u0101cijas.<\/li>\n<li> Dal\u012bba starptautiski atz\u012bt\u0101s kust\u012bbu organiz\u0101cij\u0101s: <strong>J\u0101<\/strong><\/li>\n<li> Klientu saraksts un\/vai iepriek\u0161\u0113jo klientu atsauksmes: <strong>N\u0113<\/strong>, un tie\u0161saistes atsauksmes ir da\u017e\u0101das.<\/li>\n<\/ol>\n<div itemprop=\"reviewRating\" itemscope itemtype=\"http:\/\/schema.org\/Rating\"><meta itemprop=\"worstRating\" content = \"0\" \/><meta itemprop=\"bestRating\" content=\"5\" \/><meta itemprop=\"ratingValue\" content=\"3\"><\/div>\n<p><strong>Kop\u0113jais v\u0113rt\u0113jums: 3\/5<\/strong><br \/>\n<strong>P\u0101rskata datums:<\/strong> <span itemprop=\"datePublished\" content=\"2017-07-04\">04\/07\/2016<\/span>\n<\/div>\n<p>Las\u012bt vair\u0101k par <a href=\"https:\/\/moverdb.com\/lv\/parvietojas-uznemumi\/\">starptautiskie p\u0101rvieto\u0161an\u0101s uz\u0146\u0113mumi<\/a>, <a href=\"https:\/\/moverdb.com\/lv\/us-kanada-parvietotaji\/\">ASV iek\u0161zemes p\u0101rvietot\u0101ji<\/a> un uzziniet vair\u0101k par m\u016bsu <a href=\"https:\/\/moverdb.com\/lv\/atsauksmes\/\">p\u0101rskat\u012b\u0161anas process<\/a>.<\/p>\n<p><strong>T\u012bmek\u013ca vietne:<\/strong> <a href=\"http:\/\/www.redball.com\/\" target=\"_blank\" rel=\"noopener\">http:\/\/www.redball.com\/<\/a><\/p>","protected":false},"excerpt":{"rendered":"<p>American Red Ball Transit offers its customers many domestic services within the US, these are listed below, together with a company profile and reviews. Corporate Relocation Personalised relocation plan Assistance with personnel and office moves Full packing service Disassembly and reassembly of furniture IT moving Unpacking service Long and short term storage Domestic Moves Interactive [&hellip;]<\/p>\n","protected":false},"author":1,"featured_media":0,"parent":0,"menu_order":0,"comment_status":"closed","ping_status":"closed","template":"","meta":{"_genesis_hide_title":false,"_genesis_hide_breadcrumbs":false,"_genesis_hide_singular_image":false,"_genesis_hide_footer_widgets":false,"_genesis_custom_body_class":"","_genesis_custom_post_class":"","_genesis_layout":"","footnotes":""},"class_list":{"0":"post-926","1":"page","2":"type-page","3":"status-publish","5":"entry"},"_links":{"self":[{"href":"https:\/\/moverdb.com\/lv\/wp-json\/wp\/v2\/pages\/926","targetHints":{"allow":["GET"]}}],"collection":[{"href":"https:\/\/moverdb.com\/lv\/wp-json\/wp\/v2\/pages"}],"about":[{"href":"https:\/\/moverdb.com\/lv\/wp-json\/wp\/v2\/types\/page"}],"author":[{"embeddable":true,"href":"https:\/\/moverdb.com\/lv\/wp-json\/wp\/v2\/users\/1"}],"replies":[{"embeddable":true,"href":"https:\/\/moverdb.com\/lv\/wp-json\/wp\/v2\/comments?post=926"}],"version-history":[{"count":4,"href":"https:\/\/moverdb.com\/lv\/wp-json\/wp\/v2\/pages\/926\/revisions"}],"predecessor-version":[{"id":6171,"href":"https:\/\/moverdb.com\/lv\/wp-json\/wp\/v2\/pages\/926\/revisions\/6171"}],"wp:attachment":[{"href":"https:\/\/moverdb.com\/lv\/wp-json\/wp\/v2\/media?parent=926"}],"curies":[{"name":"wp","href":"https:\/\/api.w.org\/{rel}","templated":true}]}}