{"id":925,"date":"2016-09-27T05:35:52","date_gmt":"2016-09-27T05:35:52","guid":{"rendered":"http:\/\/moverdb.com\/?page_id=925"},"modified":"2026-01-08T14:40:05","modified_gmt":"2026-01-08T14:40:05","slug":"lopa-removals","status":"publish","type":"page","link":"https:\/\/moverdb.com\/lv\/lopa-removals\/","title":{"rendered":"Lopa Removals: P\u0101rv\u0101k\u0161an\u0101s starptautiskie p\u0101rv\u0101k\u0161an\u0101s Atsauksmes"},"content":{"rendered":"<p>Uz\u0146\u0113mums Lopa Removals atrodas Romford\u0101 un pied\u0101v\u0101 saviem klientiem virkni pakalpojumu, kas uzskait\u012bti zem\u0101k, k\u0101 ar\u012b uz\u0146\u0113muma profilu un atsauksmes.<\/p>\n<p><strong>Eiropas un starptautiskie so\u013ci<\/strong><\/p>\n<ul>\n<li> Specializ\u0113ts p\u0101rcel\u0161an\u0101s vad\u012bt\u0101js<\/li>\n<li> Pilna m\u0101jas p\u0101rv\u0101k\u0161an\u0101s pabeigta 2-5 dienu laik\u0101<\/li>\n<li> Apdro\u0161in\u0101\u0161ana organiz\u0113ta<\/li>\n<li> GPS transportl\u012bdzek\u013cu izseko\u0161ana<\/li>\n<li> Pilna iepako\u0161ana, trausla iepako\u0161ana vai veiciet to pa\u0161i<\/li>\n<li> Bezmaksas kastes un iepakojuma materi\u0101li<\/li>\n<li> Garantija bez boj\u0101jumiem<\/li>\n<li> Crating<\/li>\n<li> \u0100r\u0113jie pac\u0113l\u0101ji t\u0101diem priek\u0161metiem k\u0101 klavieres<\/li>\n<li> Da\u013c\u0113jas un pilnas slodzes<\/li>\n<li> Izpako\u0161anas pakalpojums<\/li>\n<li> \u012astermi\u0146a un ilgtermi\u0146a uzglab\u0101\u0161ana<\/li>\n<\/ul>\n<p><strong>Uzglab\u0101\u0161ana<\/strong><\/p>\n<ul>\n<li> \u012astermi\u0146a un ilgtermi\u0146a<\/li>\n<li> Dro\u0161s un sl\u0113gts<\/li>\n<li> Apdro\u0161in\u0101ts<\/li>\n<li> Profesion\u0101li sakrautas<\/li>\n<li> No boj\u0101jumiem un net\u012brumiem pien\u0101c\u012bgi aizsarg\u0101tas mantas<\/li>\n<\/ul>\n<p><strong>Speci\u0101listu p\u0101rvieto\u0161an\u0101s<\/strong><\/p>\n<ul>\n<li> M\u0101kslas galerijas<\/li>\n<li> Izst\u0101des<\/li>\n<\/ul>\n<h2>Lopa Removals Uz\u0146\u0113muma profils<\/h2>\n<p>Lopa Removals specializ\u0113jas starptautiskajos p\u0101rv\u0101k\u0161an\u0101s darbos un jo \u012bpa\u0161i p\u0101rv\u0101k\u0161an\u0101s darbos Eirop\u0101. Uz\u0146\u0113mums atrodas Romford\u0101. Tas ir jauns uz\u0146\u0113mums, kura galvenais m\u0113r\u0137is ir uzlabot eso\u0161os p\u0101rv\u0101k\u0161an\u0101s pakalpojumus starp Eiropas valst\u012bm. <\/p>\n<p>Tam ir gar\u0161 saraksts ar iev\u0113rojamiem apmierin\u0101tiem klientiem. Lopa Removals pied\u0101v\u0101 augsta l\u012bme\u0146a klientu apkalpo\u0161anu gan pirms, gan p\u0101rv\u0101k\u0161an\u0101s laik\u0101, gan p\u0113c t\u0101s. Pateicoties pozit\u012bvaj\u0101m klientu atsauksm\u0113m, uz\u0146\u0113mums pa\u0161laik koncentr\u0113jas uz p\u0101rv\u0101k\u0161anos starp <a href=\"https:\/\/moverdb.com\/lv\/moving-to-london\/\">Londona<\/a>, <a href=\"https:\/\/moverdb.com\/lv\/moving-to-france\/moving-to-paris\/\" data-internallinksmanager029f6b8e52c=\"407\" title=\"P\u0101rcel\u0161an\u0101s uz Par\u012bzi? 2023 Dz\u012bves izmaksas un p\u0101rcel\u0161an\u0101s padomi\">Par\u012bze<\/a> un Brisel\u0113 un padar\u012bt \u0161os produktus par lab\u0101kajiem tirg\u016b.<\/p>\n<p>Lopa Removals ir \u0161\u0101das akredit\u0101cijas un pieder\u012bbas:<\/p>\n<ul>\n<li> Kvalit\u0101tes standarts ISO 9001<\/li>\n<li> <a href=\"https:\/\/moverdb.com\/lv\/britu-iznemeju-asociacija\/\">Lielbrit\u0101nijas P\u0101rv\u0101c\u0113ju asoci\u0101cija<\/a> (<a href=\"https:\/\/moverdb.com\/lv\/british-association-of-removers\/\" data-internallinksmanager029f6b8e52c=\"9\" title=\"Lielbrit\u0101nijas P\u0101rv\u0101c\u0113ju asoci\u0101cijas (BAR) skaidrojumi\">BAR<\/a>)<\/li>\n<\/ul>\n<h2>Lopa P\u0101rv\u0101k\u0161an\u0101s atsauksmes<\/h2>\n<p><strong>Pozit\u012bvi:<\/strong><\/p>\n<ul>\n<li> \"Lopa p\u0101rv\u0101k\u0161an\u0101s pakalpojumi bija \u013coti labi un padar\u012bja m\u016bsu p\u0101rv\u0101k\u0161anos no Londonas uz Par\u012bzi gludu un bez stresa.\" - S. Gerber, izmantojot <a href=\"https:\/\/uk.trustpilot.com\/reviews\/57b199dc0000ff00097bf54d\" target=\"_blank\" rel=\"noopener\">Trustpilot<\/a><\/li>\n<\/ul>\n<p><strong>Negat\u012bvs:<\/strong><\/p>\n<ul>\n<li> \"<em>Es p\u0101rc\u0113los no <a href=\"https:\/\/moverdb.com\/lv\/moving-to-belgium\/\" data-internallinksmanager029f6b8e52c=\"323\" title=\"P\u0101rcel\u0161an\u0101s uz Be\u013c\u0123iju? 2023 Dz\u012bves izmaksas un p\u0101rcel\u0161an\u0101s padomi\">Be\u013c\u0123ija<\/a> un bija satraukti atrast \u0161os pui\u0161us, par sapr\u0101t\u012bgu cenu, \u013coti labas atsauksmes \u0161eit un reklam\u0113ti k\u0101 \u0123imenes \u012bpa\u0161um\u0101 un \u013coti saproto\u0161i. Man vajadz\u0113ja zin\u0101t lab\u0101k.\"<\/em> Andrejs caur <a href=\"https:\/\/uk.trustpilot.com\/reviews\/53ce415d0000640002999120\" target=\"_blank\" rel=\"noopener\">Trustpilot<\/a> <\/li>\n<\/ul>\n<div itemprop=\"review\" itemscope itemtype=\"http:\/\/schema.org\/Review\">\n<span itemprop=\"author\" itemscope=\"\" itemtype=\"http:\/\/schema.org\/Organization\"><span itemprop=\"name\">MoverDB.com<\/span><\/span> Tie\u0161saistes vietnes p\u0101rskats par <span itemprop=\"itemreviewed\" itemscope=\"\" itemtype=\"http:\/\/schema.org\/Brand\"><span itemprop=\"name\">Lopa P\u0101rv\u0101k\u0161an\u0101s pakalpojumi<\/span><\/span>:<\/p>\n<ol>\n<li> Skaidra kontaktinform\u0101cija t\u012bmek\u013ca vietn\u0113 (tostarp t\u0101lru\u0146a numurs): <strong>J\u0101<\/strong><\/li>\n<li> Viegli ieg\u016bt <a href=\"https:\/\/moverdb.com\/lv\/citati\/\">p\u0101rv\u0101k\u0161an\u0101s cit\u0101ti<\/a>? (Tie\u0161saistes t\u0101mes piepras\u012bjuma veidlapa): <strong>J\u0101<\/strong><\/li>\n<li> Skaidra inform\u0101cija t\u012bmek\u013ca vietn\u0113: <strong>Da\u017ei,<\/strong> ta\u010du kopum\u0101 t\u012bmek\u013ca vietn\u0113 ir sal\u012bdzino\u0161i maz inform\u0101cijas.<\/li>\n<li> Dal\u012bba starptautiski atz\u012bt\u0101s kust\u012bbas organiz\u0101cij\u0101s: <strong>J\u0101<\/strong><\/li>\n<li> Klientu saraksts un\/vai iepriek\u0161\u0113jo klientu atsauksmes: <strong>Da\u013c\u0113js,<\/strong> kam\u0113r nav izmitin\u0101ti uz vietas, vi\u0146iem ir pozit\u012bvs v\u0113rt\u0113jums Trustpilot.<\/li>\n<\/ol>\n<div itemprop=\"reviewRating\" itemscope itemtype=\"http:\/\/schema.org\/Rating\"><meta itemprop=\"worstRating\" content = \"0\" \/><meta itemprop=\"bestRating\" content=\"5\" \/><meta itemprop=\"ratingValue\" content=\"4\"><\/div>\n<p><strong>Kop\u0113jais v\u0113rt\u0113jums: 4\/5<\/strong><br \/>\n<strong>P\u0101rskata datums:<\/strong> <span itemprop=\"datePublished\" content=\"2016-09-27\">27\/08\/16<\/span>\n<\/div>\n<p>Las\u012bt vair\u0101k par <a href=\"https:\/\/moverdb.com\/lv\/starptautiskie-parvaksanas-darbi\/\">starptautisk\u0101 p\u0101rcel\u0161an\u0101s<\/a> un m\u016bsu <a href=\"https:\/\/moverdb.com\/lv\/atsauksmes\/\">p\u0101rskat\u012b\u0161anas process<\/a>.<\/p>\n<p><strong>T\u012bmek\u013ca vietne:<\/strong> <a href=\"http:\/\/new.loparemovals.com\/\" target=\"_blank\" rel=\"noopener\">http:\/\/new.loparemovals.com\/<\/a><\/p>","protected":false},"excerpt":{"rendered":"<p>Lopa Removals is based in Romford and offers its customers a range of services which are listed below, together with a company profile and reviews. European and International Moves Dedicated move manager Full house moves complete in 2-5 days Insurance arranged GPS vehicle tracking Full packing, fragile packing or do it yourself Free boxes and [&hellip;]<\/p>\n","protected":false},"author":1,"featured_media":0,"parent":0,"menu_order":0,"comment_status":"closed","ping_status":"closed","template":"","meta":{"_genesis_hide_title":false,"_genesis_hide_breadcrumbs":false,"_genesis_hide_singular_image":false,"_genesis_hide_footer_widgets":false,"_genesis_custom_body_class":"","_genesis_custom_post_class":"","_genesis_layout":"","footnotes":""},"class_list":{"0":"post-925","1":"page","2":"type-page","3":"status-publish","5":"entry"},"_links":{"self":[{"href":"https:\/\/moverdb.com\/lv\/wp-json\/wp\/v2\/pages\/925","targetHints":{"allow":["GET"]}}],"collection":[{"href":"https:\/\/moverdb.com\/lv\/wp-json\/wp\/v2\/pages"}],"about":[{"href":"https:\/\/moverdb.com\/lv\/wp-json\/wp\/v2\/types\/page"}],"author":[{"embeddable":true,"href":"https:\/\/moverdb.com\/lv\/wp-json\/wp\/v2\/users\/1"}],"replies":[{"embeddable":true,"href":"https:\/\/moverdb.com\/lv\/wp-json\/wp\/v2\/comments?post=925"}],"version-history":[{"count":7,"href":"https:\/\/moverdb.com\/lv\/wp-json\/wp\/v2\/pages\/925\/revisions"}],"predecessor-version":[{"id":13171,"href":"https:\/\/moverdb.com\/lv\/wp-json\/wp\/v2\/pages\/925\/revisions\/13171"}],"wp:attachment":[{"href":"https:\/\/moverdb.com\/lv\/wp-json\/wp\/v2\/media?parent=925"}],"curies":[{"name":"wp","href":"https:\/\/api.w.org\/{rel}","templated":true}]}}