{"id":923,"date":"2016-08-25T14:59:50","date_gmt":"2016-08-25T14:59:50","guid":{"rendered":"http:\/\/moverdb.com\/?page_id=923"},"modified":"2026-01-08T14:40:15","modified_gmt":"2026-01-08T14:40:15","slug":"movecorp","status":"publish","type":"page","link":"https:\/\/moverdb.com\/lv\/movecorp\/","title":{"rendered":"Movecorp: P\u0101rv\u0101k\u0161an\u0101s un p\u0101rcel\u0161an\u0101s starptautiski Atsauksmes"},"content":{"rendered":"<p>Movecorp atrodas West Midlands un pied\u0101v\u0101 saviem klientiem da\u017e\u0101dus <a href=\"https:\/\/moverdb.com\/lv\/international-removals\/\" data-internallinksmanager029f6b8e52c=\"27\" title=\"36 Lab\u0101kie starptautisko p\u0101rvad\u0101jumu uz\u0146\u0113mumi Apvienotaj\u0101 Karalist\u0113\">starptautisk\u0101 p\u0101rcel\u0161an\u0101s<\/a> pakalpojumi, kas uzskait\u012bti turpm\u0101k, k\u0101 ar\u012b uz\u0146\u0113muma profils un atsauksmes.<\/p>\n<p><strong>Starptautiskie p\u0101rv\u0101k\u0161an\u0101s darbi<\/strong><\/p>\n<ul>\n<li> Specializ\u0113ts p\u0101rcel\u0161an\u0101s koordinators<\/li>\n<li> No durv\u012bm l\u012bdz durv\u012bm<\/li>\n<li> Iepako\u0161ana - pilns pakalpojums, trausli priek\u0161meti vai veiciet to pa\u0161i<\/li>\n<li> Pieg\u0101d\u0101tie iepakojuma materi\u0101li<\/li>\n<li> Pal\u012bdz\u012bba dokumentu k\u0101rto\u0161an\u0101<\/li>\n<li> Da\u013c\u0113jas kravas p\u0101rvad\u0101jumi - koplieto\u0161anas konteiners<\/li>\n<li> Specializ\u0113ts <a href=\"https:\/\/moverdb.com\/lv\/konteineru-parvadajumi\/\">starptautiskie konteineru p\u0101rvad\u0101jumi<\/a><\/li>\n<li> Bezmaksas glab\u0101\u0161ana l\u012bdz vienam m\u0113nesim<\/li>\n<li> Izpako\u0161ana<\/li>\n<li> Apdro\u0161in\u0101\u0161ana organiz\u0113ta<\/li>\n<li> Darbinieku p\u0101rvieto\u0161anas pakalpojums<\/li>\n<\/ul>\n<p><strong>P\u0101rv\u0101k\u0161an\u0101s Eirop\u0101<\/strong><\/p>\n<ul>\n<li> Pakalpojums no durv\u012bm l\u012bdz durv\u012bm<\/li>\n<li> Specializ\u0113ts p\u0101rcel\u0161an\u0101s koordinators<\/li>\n<li> Pieejams pilns iepako\u0161anas pakalpojums<\/li>\n<li> Pieg\u0101d\u0101tie iepakojuma materi\u0101li<\/li>\n<li> Pal\u012bdz\u012bba dokumentu k\u0101rto\u0161an\u0101<\/li>\n<li> Da\u013c\u0113jas kravas p\u0101rvad\u0101jumi (LCL)<\/li>\n<li> Specializ\u0113ts ku\u0123o\u0161anas konteiners<\/li>\n<li> Bezmaksas glab\u0101\u0161ana l\u012bdz vienam m\u0113nesim<\/li>\n<li> Pieejams pilns izpako\u0161anas pakalpojums<\/li>\n<li> Apdro\u0161in\u0101\u0161ana organiz\u0113ta<\/li>\n<\/ul>\n<p><strong>M\u0101ju p\u0101rv\u0101k\u0161ana<\/strong><\/p>\n<ul>\n<li> Pakalpojums no durv\u012bm l\u012bdz durv\u012bm<\/li>\n<li> Pilns iesai\u0146o\u0161anas un iepako\u0161anas pakalpojums <\/li>\n<li> Uzglab\u0101\u0161ana - pirmais m\u0113nesis bez maksas<\/li>\n<li> Apdro\u0161in\u0101\u0161ana organiz\u0113ta<\/li>\n<li> Da\u013c\u0113ja iekrau\u0161ana (LCL)<\/li>\n<li> Pilna slodze (FCL)<\/li>\n<li> Izpako\u0161anas pakalpojums pieg\u0101des br\u012bd\u012b<\/li>\n<\/ul>\n<h2>Movecorp Uz\u0146\u0113muma profils<\/h2>\n<p>Movecorp ir <a href=\"https:\/\/moverdb.com\/lv\/moving-to-the-uk\/\" data-internallinksmanager029f6b8e52c=\"93\" title=\"P\u0101rce\u013caties uz Apvienoto Karalisti? 2022 Dz\u012bves izmaksas un p\u0101rcel\u0161an\u0101s padomi\">APVIENOT\u0100 KARALISTE<\/a> p\u0101rcel\u0161an\u0101s uz\u0146\u0113mums, kas specializ\u0113jas starptautiskaj\u0101 un Eiropas p\u0101rcel\u0161an\u0101s jom\u0101. Uz\u0146\u0113muma galvenais birojs atrodas Vestmidlend\u0101 (West Midlands), kas \u013cauj uz\u0146\u0113mumam apkalpot visu Apvienoto Karalisti. <\/p>\n<p>Movecorp katru ned\u0113\u013cas dienu p\u0101rvieto cilv\u0113kus Apvienotaj\u0101 Karalist\u0113 un veic ikned\u0113\u013cas pieg\u0101des uz visiem liel\u0101kajiem Eiropas galam\u0113r\u0137iem.<\/p>\n<p>Movecorp sniedz personaliz\u0113tu pakalpojumu visiem saviem klientiem un inform\u0113 vi\u0146us par katru veikto soli. Vi\u0146i lepojas ar savu draudz\u012bgo un efekt\u012bvo pieeju katrai p\u0101rcel\u0161an\u0101s reizei, ko vi\u0146i veic.<\/p>\n<p>Movecorp ir \u0161\u0101das fili\u0101les un akredit\u0101cijas:<\/p>\n<ul>\n<li> <a href=\"https:\/\/moverdb.com\/lv\/esmu\/\">Starptautisk\u0101 P\u0101rv\u0101c\u0113ju asoci\u0101cija<\/a> (<a href=\"https:\/\/moverdb.com\/lv\/iam\/\" data-internallinksmanager029f6b8e52c=\"23\" title=\"Starptautisk\u0101s P\u0101rv\u0101c\u0113ju asoci\u0101cijas (IAM) skaidrojumi\">IAM<\/a>)<\/li>\n<li> <a href=\"https:\/\/moverdb.com\/lv\/rios\/\">P\u0101rv\u0101k\u0161an\u0101s nozares ombuda sh\u0113ma<\/a><\/li>\n<li> <a href=\"https:\/\/moverdb.com\/lv\/fedemac\/\">Eiropas P\u0101rv\u0101c\u0113ju feder\u0101cija<\/a> (<a href=\"https:\/\/moverdb.com\/lv\/fedemac\/\" data-internallinksmanager029f6b8e52c=\"15\" title=\"Eiropas P\u0101rv\u0101c\u0113ju asoci\u0101cijas feder\u0101cijas (FEDEMAC) skaidrojums\">FEDEMAC<\/a>)<\/li>\n<li> <a href=\"https:\/\/moverdb.com\/lv\/kravu-parvadajumu-transporta-asociacija\/\">Kravu p\u0101rvad\u0101jumu asoci\u0101cija<\/a> (<a href=\"https:\/\/moverdb.com\/lv\/freight-transport-association\/\" data-internallinksmanager029f6b8e52c=\"18\" title=\"Kravu p\u0101rvad\u0101jumu asoci\u0101cijas (FTA) skaidrojumi\">FTA<\/a>)<\/li>\n<li> <a href=\"https:\/\/moverdb.com\/lv\/mtc\/\">P\u0101rvietot\u0101ji Trading Club<\/a> (<a href=\"https:\/\/moverdb.com\/lv\/mtc\/\" data-internallinksmanager029f6b8e52c=\"30\" title=\"Movers Trading Club (MTC) Paskaidrots\">MTC<\/a>)<\/li>\n<li> <a href=\"https:\/\/moverdb.com\/lv\/eurovan-movers\/\">Eurovan<\/a><\/li>\n<li> <a href=\"https:\/\/moverdb.com\/lv\/ngrs\/\">P\u0101rv\u0101c\u0113ju un glab\u0101t\u0101ju nacion\u0101l\u0101 \u0123ilde<\/a> (<a href=\"https:\/\/moverdb.com\/lv\/ngrs\/\" data-internallinksmanager029f6b8e52c=\"74\" title=\"Nacion\u0101l\u0101s p\u0101rv\u0101c\u0113ju un glab\u0101t\u0101ju \u0123ildes (NGRS) skaidrojums\">NGRS<\/a>)<\/li>\n<li> Kur\u0161? Trusted Trader<\/li>\n<li> Kvalit\u0101tes pakalpojumu standarti - BS 8564<\/li>\n<li> CHAS<\/li>\n<\/ul>\n<h2>MoveCorp Atsauksmes<\/h2>\n<p><strong>Pozit\u012bvi:<\/strong><\/p>\n<ul>\n<li> <em>\"\u013boti iesak\u0101m Movecorp. Sa\u0146emtais serviss bija izcils un draudz\u012bgs.\"<\/em> - Ella Dennett, izmantojot Movecorp <a href=\"http:\/\/www.movecorp.co.uk\/reviews\/\" target=\"_blank\" rel=\"noopener\">atsauksmju un klientu zi\u0146ojumu lapa<\/a>.<\/li>\n<li> <em>\"\u013boti efekt\u012bvi, viss bija lieliski iepakots un ierad\u0101s lab\u0101 st\u0101vokl\u012b,\"<\/em> - Stans, izmantojot <a href=\"https:\/\/www.trustpilot.com\/reviews\/579606ae0000ff00097414e9\" target=\"_blank\" rel=\"noopener\">TrustPilot<\/a> <\/li>\n<li> <em>\"M\u016bsu pieredze bija lieliska. M\u016bsu p\u0101rcel\u0161an\u0101s koordinatore Emma bija \u013coti izpal\u012bdz\u012bga, un vi\u0146a laic\u012bgi atbild\u0113ja uz m\u016bsu jaut\u0101jumiem. Liels paldies par vi\u0146as pal\u012bdz\u012bbu!\"<\/em> Andrea via <a href=\"http:\/\/www.removalreviews.co.uk\/movingreviews\/great-service-11241\" target=\"_blank\" rel=\"noopener\">P\u0101rcel\u0161an\u0101s atsauksmes<\/a><\/li>\n<li> <em>\"Movecorp m\u0101jas lap\u0101 ir viegli orient\u0113ties un atrast noder\u012bgu inform\u0101ciju, lai pal\u012bdz\u0113tu man organiz\u0113t manu p\u0101rcel\u0161anos.\"<\/em> - LisaM1983 via <a href=\"http:\/\/www.reviewcentre.com\/Removal-Companies\/MoveCorp-International-Removals-www-movecorp-co-uk-review_2305958\" target=\"_blank\" rel=\"noopener\">P\u0101rskata centrs<\/a><\/li>\n<li> <em>\"Movecorp komanda bija fantastiska no s\u0101kuma l\u012bdz beig\u0101m.\"<\/em> - izmantojot <a href=\"http:\/\/www.referenceline.com\/removers_removals-in-walsall-movecorpcouk-21956#GOTO178308\" target=\"_blank\" rel=\"noopener\">Atsauces l\u012bnija<\/a><\/li>\n<\/ul>\n<p><strong>Negat\u012bvs:<\/strong><\/p>\n<ul>\n<li> <em>\"Mana p\u0101rcel\u0161an\u0101s saturs ir vi\u0146u r\u012bc\u012bb\u0101 jau vair\u0101k nek\u0101 tr\u012bs m\u0113ne\u0161us, un tikai pag\u0101ju\u0161aj\u0101 ned\u0113\u013c\u0101 tas tika izvests no Apvienot\u0101s Karalistes.\"\"<\/em> - \u010caks caur <a href=\"https:\/\/www.trustpilot.com\/reviews\/55f4a26f0000ff000907c3df\" target=\"_blank\" rel=\"noopener\">TrustPilot<\/a><\/li>\n<li> <em>\"Lai gan es redz\u0113ju da\u017eas labas atsauksmes tie\u0161saist\u0113, mana pieredze diem\u017e\u0113l bija diezgan slikta.\"<\/em> - St\u012bvens D\u017eonsons caur <a href=\"http:\/\/www.removalreviews.co.uk\/movingreviews\/use-at-own-risk-11126\" target=\"_blank\" rel=\"noopener\">P\u0101rcel\u0161an\u0101s atsauksmes<\/a> <\/li>\n<li> <em>\"Slikt\u0101k\u0101 p\u0101rv\u0101k\u0161an\u0101s pieredze - saj\u016bta, ka esat apkr\u0101pts un apkr\u0101pts\"<\/em> - MayVisR42 via <a href=\"http:\/\/www.reviewcentre.com\/Removal-Companies\/MoveCorp-International-Removals-www-movecorp-co-uk-review_3464277\" target=\"_blank\" rel=\"noopener\">P\u0101rskata centrs<\/a> <\/li>\n<\/ul>\n<div itemprop=\"review\" itemscope itemtype=\"http:\/\/schema.org\/Review\">\n<span itemprop=\"author\" itemscope=\"\" itemtype=\"http:\/\/schema.org\/Organization\"><span itemprop=\"name\">MoverDB.com<\/span><\/span> Tie\u0161saistes vietnes p\u0101rskats par <span itemprop=\"itemreviewed\" itemscope=\"\" itemtype=\"http:\/\/schema.org\/Brand\"><span itemprop=\"name\">MoveCorp<\/span><\/span>:<\/p>\n<ol>\n<li> Skaidra kontaktinform\u0101cija t\u012bmek\u013ca vietn\u0113 (tostarp t\u0101lru\u0146a numurs)? <strong>J\u0101<\/strong><\/li>\n<li> Viegli ieg\u016bt <a href=\"https:\/\/moverdb.com\/lv\/citati\/\">starptautiskie p\u0101rv\u0101k\u0161an\u0101s cit\u0101ti<\/a>? (Tie\u0161saistes t\u0101mes piepras\u012bjuma veidlapa): <strong>J\u0101<\/strong><\/li>\n<li> Skaidra inform\u0101cija t\u012bmek\u013ca vietn\u0113: <strong>N\u0113,<\/strong> T\u012bmek\u013ca vietn\u0113 ir \u013coti maz inform\u0101cijas par to, k\u0101 sa\u0146emt pied\u0101v\u0101jumu un apkalpotajiem galam\u0113r\u0137iem.<\/li>\n<li> Dal\u012bba starptautiski atz\u012bt\u0101s kust\u012bbu organiz\u0101cij\u0101s: <strong>J\u0101,<\/strong> daudzi - skat\u012bt iepriek\u0161<\/li>\n<li> Klientu saraksts un\/vai iepriek\u0161\u0113jo klientu atsauksmes: <strong>J\u0101,<\/strong> vietn\u0113 ir daudz pozit\u012bvu klientu atsauksmju.<\/li>\n<\/ol>\n<div itemprop=\"reviewRating\" itemscope itemtype=\"http:\/\/schema.org\/Rating\"><meta itemprop=\"worstRating\" content = \"0\" \/><meta itemprop=\"bestRating\" content=\"5\" \/><meta itemprop=\"ratingValue\" content=\"4.5\"><\/div>\n<p><strong>Kop\u0113jais v\u0113rt\u0113jums: 4,5\/5<\/strong><br \/>\n<strong>P\u0101rskata datums:<\/strong> <span itemprop=\"datePublished\" content=\"2016-08-25\">25\/08\/2016<\/span>\n<\/div>\n<p>Uzziniet vair\u0101k par <a href=\"https:\/\/moverdb.com\/lv\/starptautiskie-parvaksanas-darbi\/\">starptautisk\u0101 p\u0101rcel\u0161an\u0101s<\/a> un m\u016bsu <a href=\"https:\/\/moverdb.com\/lv\/atsauksmes\/\">p\u0101rskat\u012b\u0161anas process<\/a>.<\/p>\n<p><strong>T\u012bmek\u013ca vietne:<\/strong> <a href=\"http:\/\/www.movecorp.co.uk\" target=\"_blank\" rel=\"noopener\">http:\/\/www.movecorp.co.uk<\/a><\/p>","protected":false},"excerpt":{"rendered":"<p>Movecorp is based in the West Midlands and offers its customers various international removals services which are listed below, together with a company profile and reviews. International Removals Dedicated move coordinator Door to door Packing &#8211; full service, fragile items or do it yourself Packing materials supplied Assistance with paperwork Part load shipping &#8211; shared [&hellip;]<\/p>\n","protected":false},"author":1,"featured_media":0,"parent":0,"menu_order":0,"comment_status":"closed","ping_status":"closed","template":"","meta":{"_genesis_hide_title":false,"_genesis_hide_breadcrumbs":false,"_genesis_hide_singular_image":false,"_genesis_hide_footer_widgets":false,"_genesis_custom_body_class":"","_genesis_custom_post_class":"","_genesis_layout":"","footnotes":""},"class_list":{"0":"post-923","1":"page","2":"type-page","3":"status-publish","5":"entry"},"_links":{"self":[{"href":"https:\/\/moverdb.com\/lv\/wp-json\/wp\/v2\/pages\/923","targetHints":{"allow":["GET"]}}],"collection":[{"href":"https:\/\/moverdb.com\/lv\/wp-json\/wp\/v2\/pages"}],"about":[{"href":"https:\/\/moverdb.com\/lv\/wp-json\/wp\/v2\/types\/page"}],"author":[{"embeddable":true,"href":"https:\/\/moverdb.com\/lv\/wp-json\/wp\/v2\/users\/1"}],"replies":[{"embeddable":true,"href":"https:\/\/moverdb.com\/lv\/wp-json\/wp\/v2\/comments?post=923"}],"version-history":[{"count":8,"href":"https:\/\/moverdb.com\/lv\/wp-json\/wp\/v2\/pages\/923\/revisions"}],"predecessor-version":[{"id":13179,"href":"https:\/\/moverdb.com\/lv\/wp-json\/wp\/v2\/pages\/923\/revisions\/13179"}],"wp:attachment":[{"href":"https:\/\/moverdb.com\/lv\/wp-json\/wp\/v2\/media?parent=923"}],"curies":[{"name":"wp","href":"https:\/\/api.w.org\/{rel}","templated":true}]}}