{"id":921,"date":"2016-08-29T20:53:00","date_gmt":"2016-08-29T20:53:00","guid":{"rendered":"http:\/\/moverdb.com\/?page_id=921"},"modified":"2026-01-08T15:20:42","modified_gmt":"2026-01-08T15:20:42","slug":"simpsons-removals","status":"publish","type":"page","link":"https:\/\/moverdb.com\/lv\/simpsons-removals\/","title":{"rendered":"Simpsons P\u0101rv\u0101k\u0161an\u0101s un uzglab\u0101\u0161ana: P\u0101rv\u0101k\u0161an\u0101s starptautiskie apskati"},"content":{"rendered":"<p>Simpsons Removals and Storage Ltd atrodas Kent\u0101 un saviem klientiem pied\u0101v\u0101 pla\u0161u <a href=\"https:\/\/moverdb.com\/lv\/international-removals\/\" data-internallinksmanager029f6b8e52c=\"27\" title=\"36 Lab\u0101kie starptautisko p\u0101rvad\u0101jumu uz\u0146\u0113mumi Apvienotaj\u0101 Karalist\u0113\">starptautisk\u0101 p\u0101rcel\u0161an\u0101s<\/a> turpm\u0101k uzskait\u012btie pakalpojumi. Turpat ir ar\u012b uz\u0146\u0113muma profils un atsauksmes.<\/p>\n<p><strong>Starptautiskie p\u0101rv\u0101k\u0161an\u0101s darbi<\/strong><\/p>\n<ul>\n<li> No durv\u012bm l\u012bdz durv\u012bm vai no lidostas l\u012bdz galam\u0113r\u0137im<\/li>\n<li> Pilna servisa pakalpojumi, trauslu priek\u0161metu vai pa\u0161izgatavota iepako\u0161ana<\/li>\n<li> Iesp\u0113jams pieg\u0101d\u0101t iesai\u0146ojuma materi\u0101lus<\/li>\n<li> Aviop\u0101rvad\u0101jumi vai j\u016bras p\u0101rvad\u0101jumi - <a href=\"https:\/\/moverdb.com\/lv\/konteineru-parvadajumi\/\">starptautiskie konteineru p\u0101rvad\u0101jumi<\/a><\/li>\n<li> Papildu bag\u0101\u017ea neliel\u0101m krav\u0101m<\/li>\n<li> Apdro\u0161in\u0101\u0161ana organiz\u0113ta<\/li>\n<li> Termin\u0101la apstr\u0101de\/<a href=\"https:\/\/moverdb.com\/lv\/top-49-container-ports\/\" data-internallinksmanager029f6b8e52c=\"80\" title=\"49 liel\u0101kie un noslogot\u0101kie konteineru ostas 2025. gad\u0101\">osta<\/a> maksas<\/li>\n<li> Muito\u0161ana<\/li>\n<li> Pieg\u0101de un izpako\u0161ana<\/li>\n<li> Atkritumu aizv\u0101k\u0161ana<\/li>\n<li> Amatnieku pakalpojumi<\/li>\n<li> Kalpot\u0101jas pakalpojumi<\/li>\n<\/ul>\n<p><strong>Iepako\u0161anas materi\u0101li<\/strong><\/p>\n<ul>\n<li> Da\u017e\u0101du izm\u0113ru iepakojuma k\u0101rbas<\/li>\n<li> Pakarin\u0101m\u0101s skapju kastes<\/li>\n<li> Iepako\u0161anas lente<\/li>\n<li> Iepako\u0161anas pap\u012brs<\/li>\n<li> Pap\u012bra segas<\/li>\n<li> Auduma tranz\u012bta segas<\/li>\n<li> Matra\u010du maisi<\/li>\n<li> Arh\u012bva kastes<\/li>\n<li> P\u0113c piepras\u012bjuma ir pieejamas p\u0113c pas\u016bt\u012bjuma izgatavotas koka rede\u013cu kastes, par to j\u0101pazi\u0146o 7 dienas iepriek\u0161.<\/li>\n<\/ul>\n<p><strong>P\u0101rvieto\u0161an\u0101s Eirop\u0101<\/strong><\/p>\n<ul>\n<li> Gaisa, j\u016bras vai autotransports<\/li>\n<li> Specializ\u0113tais slodzes pakalpojums<\/li>\n<li> Pieejamas da\u013c\u0113jas slodzes<\/li>\n<li> Pieejams pakalpojums no durv\u012bm l\u012bdz durv\u012bm<\/li>\n<li> Pilna servisa pakalpojumi, trauslu priek\u0161metu vai pa\u0161izgatavota iepako\u0161ana<\/li>\n<li> Iesp\u0113jams pieg\u0101d\u0101t iesai\u0146ojuma materi\u0101lus<\/li>\n<li> Apdro\u0161in\u0101\u0161ana organiz\u0113ta<\/li>\n<li> Izpako\u0161anas pakalpojums pieejams<\/li>\n<li> Atkritumu izve\u0161ana<\/li>\n<\/ul>\n<p><strong><a href=\"https:\/\/moverdb.com\/lv\/moving-to-the-uk\/\" data-internallinksmanager029f6b8e52c=\"93\" title=\"P\u0101rce\u013caties uz Apvienoto Karalisti? 2022 Dz\u012bves izmaksas un p\u0101rcel\u0161an\u0101s padomi\">APVIENOT\u0100 KARALISTE<\/a> P\u0101rv\u0101k\u0161an\u0101s<\/strong><\/p>\n<ul>\n<li> No durv\u012bm l\u012bdz durv\u012bm<\/li>\n<li> Person\u012bg\u0101 p\u0101rv\u0101k\u0161an\u0101s<\/li>\n<li> Uz\u0146\u0113mumu p\u0101rv\u0101k\u0161an\u0101s<\/li>\n<li> Pilna servisa pakalpojumi, trauslu priek\u0161metu vai pa\u0161izgatavota iepako\u0161ana<\/li>\n<li> Iesp\u0113jams pieg\u0101d\u0101t iesai\u0146ojuma materi\u0101lus<\/li>\n<li> Apdro\u0161in\u0101\u0161ana organiz\u0113ta<\/li>\n<li> Izpako\u0161anas pakalpojums pieejams<\/li>\n<li> Atkritumu izve\u0161ana<\/li>\n<\/ul>\n<p><strong>Uz\u0146\u0113mumu p\u0101rcel\u0161an\u0101s<\/strong><\/p>\n<ul>\n<li> Biroja p\u0101rvieto\u0161ana<\/li>\n<li> Uz\u0146\u0113mumu p\u0101rvieto\u0161an\u0101s vis\u0101 pasaul\u0113<\/li>\n<li> Ekskluz\u012bva m\u0101jas p\u0101rvieto\u0161ana vis\u0101 pasaul\u0113<\/li>\n<li> IT p\u0101rvieto\u0161anas risin\u0101jumi<\/li>\n<li> R\u016bpn\u012bcu un laboratoriju izve\u0161ana<\/li>\n<li> Biroja m\u0113be\u013cu mazumtirdzniec\u012bba<\/li>\n<\/ul>\n<p><strong>Uzglab\u0101\u0161ana<\/strong><\/p>\n<ul>\n<li> Pa\u0161glab\u0101\u0161an\u0101s<\/li>\n<li> M\u0101jsaimniec\u012bbas kr\u0101tuve<\/li>\n<li> Arh\u012bva glab\u0101\u0161ana<\/li>\n<li> \u0100r\u0113j\u0101 kr\u0101tuve<\/li>\n<li> 24 STUNDAS DIENNAKT\u012a, 7 DIENAS NED\u0112\u013b\u0100, 7 DIENAS NED\u0112\u013b\u0100, 7 DIENAS NED\u0112\u013b\u0100, 7 DIENAS NED\u0112\u013b\u0100<\/li>\n<\/ul>\n<h2>Simpsons P\u0101rv\u0101k\u0161an\u0101s un uzglab\u0101\u0161ana<\/h2>\n<p>SIA Simpsons Removals and Storage Ltd 1979. gad\u0101 dibin\u0101ja Barijs Simpsons. \u0160odien \u0161is Kent\u0101 b\u0101z\u0113tais p\u0101rcel\u0161an\u0101s uz\u0146\u0113mums joproj\u0101m pieder \u0123imenei, un to vada Barija Simpsona d\u0113ls un meita. <\/p>\n<p>Uz\u0146\u0113muma m\u0113r\u0137is ir pied\u0101v\u0101t profesion\u0101lus un efekt\u012bvus pakalpojumus individu\u0101liem, korporat\u012bviem un tirdzniec\u012bbas klientiem, kuri p\u0101rce\u013cas uz vietas vai starptautiski. <\/p>\n<p>Simpsons autopark\u0101 ir 20 transportl\u012bdzek\u013ci, kas atbilst jebkuras p\u0101rcel\u0161an\u0101s vajadz\u012bb\u0101m. Vi\u0146u r\u012bc\u012bb\u0101 ir ar\u012b 100 000 kvadr\u0101tp\u0113du liela noliktavas noliktavas plat\u012bba un v\u0113l 20 000 kvadr\u0101tp\u0113du plat\u012bba, ko var izmantot konteineru uzglab\u0101\u0161anai. <\/p>\n<p>Uz\u0146\u0113mumam ir 36 gadu pieredze p\u0101rcel\u0161an\u0101s biznes\u0101, un tas j\u016btas gatavs veikt jebkuru p\u0101rcel\u0161anos, neatkar\u012bgi no t\u0101, cik liela vai maza t\u0101 ir, jebkur\u0101 pasaules viet\u0101.<\/p>\n<p>Simpsons Removals and Storage ir \u0161\u0101das akredit\u0101cijas un pieder\u012bbas:<\/p>\n<ul>\n<li> <a href=\"https:\/\/moverdb.com\/lv\/britu-iznemeju-asociacija\/\">Lielbrit\u0101nijas P\u0101rv\u0101c\u0113ju asoci\u0101cija<\/a> (<a href=\"https:\/\/moverdb.com\/lv\/british-association-of-removers\/\" data-internallinksmanager029f6b8e52c=\"9\" title=\"Lielbrit\u0101nijas P\u0101rv\u0101c\u0113ju asoci\u0101cijas (BAR) skaidrojumi\">BAR<\/a>)<\/li>\n<li> <a href=\"https:\/\/moverdb.com\/lv\/bars-arvalstis\/\">Lielbrit\u0101nijas P\u0101rv\u0101c\u0113ju asoci\u0101cija - P\u0101rv\u0101c\u0113js no \u0101rzem\u0113m<\/a><\/li>\n<li> Lielbrit\u0101nijas P\u0101rv\u0101c\u0113ju asoci\u0101cija - Komerci\u0101lo p\u0101rvad\u0101jumu grupa<\/li>\n<li> <a href=\"https:\/\/moverdb.com\/lv\/esmu\/\">Starptautisk\u0101 P\u0101rv\u0101c\u0113ju asoci\u0101cija<\/a> - <a href=\"https:\/\/moverdb.com\/lv\/iam\/\" data-internallinksmanager029f6b8e52c=\"23\" title=\"Starptautisk\u0101s P\u0101rv\u0101c\u0113ju asoci\u0101cijas (IAM) skaidrojumi\">IAM<\/a><\/li>\n<li> <a href=\"https:\/\/moverdb.com\/lv\/fedemac\/\">Eiropas P\u0101rv\u0101c\u0113ju feder\u0101cija<\/a> - <a href=\"https:\/\/moverdb.com\/lv\/fedemac\/\" data-internallinksmanager029f6b8e52c=\"15\" title=\"Eiropas P\u0101rv\u0101c\u0113ju asoci\u0101cijas feder\u0101cijas (FEDEMAC) skaidrojums\">FEDEMAC<\/a><\/li>\n<li> Kvalit\u0101tes nodro\u0161in\u0101\u0161anas pakalpojuma standarts BS8564<\/li>\n<li> Kvalit\u0101tes nodro\u0161in\u0101\u0161anas pakalpojuma standarts BS8522 - Komerci\u0101l\u0101 p\u0101rvieto\u0161ana<\/li>\n<li> M\u0101kslas un antikvari\u0101tu tirgot\u0101ju asoci\u0101cija - LAPADA<\/li>\n<li> Movers Traders Club (<a href=\"https:\/\/moverdb.com\/lv\/mtc\/\" data-internallinksmanager029f6b8e52c=\"30\" title=\"Movers Trading Club (MTC) Paskaidrots\">MTC<\/a>)<\/li>\n<\/ul>\n<h2>Simpsons P\u0101rv\u0101k\u0161an\u0101s un uzglab\u0101\u0161ana Atsauksmes<\/h2>\n<p><strong>Pozit\u012bvi:<\/strong><\/p>\n<ul>\n<li> <em>\"Es tikai grib\u0113ju pateikt, ka biju \u013coti apmierin\u0101ts ar Simpsons sniegto pakalpojumu, vakar pieg\u0101d\u0101jot manus d\u0101rgumus! Visa manu mantu p\u0101rvieto\u0161ana no <a href=\"https:\/\/moverdb.com\/lv\/moving-to-canada\/\" data-internallinksmanager029f6b8e52c=\"265\" title=\"P\u0101rcel\u0161an\u0101s uz Kan\u0101du? 2023 Dz\u012bves izmaksas un p\u0101rcel\u0161an\u0101s padomi\">Kan\u0101da<\/a> uz Apvienoto Karalisti ir bijis lielisks.\"<\/em> - Jane via<a href=\"http:\/\/www.simpsons-uk.com\/testimonials\" target=\"_blank\" rel=\"noopener\"> Simpsonu atsauksme<\/a><\/li>\n<li> <em>\"P\u0113c tam, kad m\u0113s zaud\u0113j\u0101m savu slotu ar s\u0101kotn\u0113jo p\u0101rcel\u0161an\u0101s uz\u0146\u0113mumu, m\u0113s mekl\u0113j\u0101m citu. Simpsons bija visuzman\u012bg\u0101kie un nos\u016bt\u012bja \u012bpa\u0161nieku, lai redz\u0113tu <a href=\"https:\/\/moverdb.com\/lv\/moving-to-the-united-states\/\" data-internallinksmanager029f6b8e52c=\"94\" title=\"P\u0101rce\u013caties uz Amerikas Savienotaj\u0101m Valst\u012bm? 2022 Dz\u012bves izmaksas un p\u0101rcel\u0161an\u0101s padomi\">mums<\/a> un cenu par darbu.\"<\/em> - Dana, izmantojot <a href=\"http:\/\/www.removalreviews.co.uk\/movingreviews\/surprisingly-good-2361\" target=\"_blank\" rel=\"noopener\">P\u0101rcel\u0161an\u0101s atsauksmes<\/a><\/li>\n<li> <em>\"\u013boti profesion\u0101ls un \u013coti draudz\u012bgs person\u0101ls, kas pal\u012bdz.\"<\/em> - Eros caur <a href=\"https:\/\/www.reallymoving.com\/international-removals\/directory\/216\/simpsons-removals-limited\" target=\"_blank\" rel=\"noopener\">ReallyMoving.com<\/a><\/li>\n<li> <em>\"Es biju \u013coti apmierin\u0101ts ar visu procesu. Darbinieki bija draudz\u012bgi un izpal\u012bdz\u012bgi, un visu laiku mani labi inform\u0113ja par s\u016bt\u012bjuma statusu.\"<\/em> - K Pryce via <a href=\"http:\/\/www.reviewcentre.com\/Removal-Companies\/Simpsons-Removals-and-Storage-Ltd-www-simpsons-uk-com-review_2646331\" target=\"_blank\" rel=\"noopener\">P\u0101rskata centrs<\/a> <\/li>\n<\/ul>\n<p><strong>Negat\u012bvs:<\/strong><\/p>\n<ul>\n<li> \"<em>Nekad, es atk\u0101rtoju NEKAD, neizmantojiet Simpsons no\u0146em\u0161anas.\"<\/em> - R\u016bta caur <a href=\"http:\/\/www.removalreviews.co.uk\/movingreviews\/poor-delivery-men-and-customer-service-2658\" target=\"_blank\" rel=\"noopener\">P\u0101rcel\u0161an\u0101s atsauksmes<\/a> <\/li>\n<li> \"<em>Uz\u0146\u0113mums neveica b\u016bvdarbus un nodeva l\u012bgumu citam uz\u0146\u0113mumam.\"<\/em> - Mistral, izmantojot <a href=\"https:\/\/www.reallymoving.com\/international-removals\/directory\/216\/simpsons-removals-limited\" target=\"_blank\" rel=\"noopener\">ReallyMoving.com<\/a> <\/li>\n<li> <em>\"\u0160is uz\u0146\u0113mums ir apkaunojums.\"<\/em> - izmantojot <a href=\"http:\/\/www.reviewcentre.com\/Removal-Companies\/Simpsons-Removals-and-Storage-Ltd-www-simpsons-uk-com-review_4006517\" target=\"_blank\" rel=\"noopener\">P\u0101rskata centrs<\/a> <\/li>\n<\/ul>\n<div itemprop=\"review\" itemscope itemtype=\"http:\/\/schema.org\/Review\">\n<span itemprop=\"author\" itemscope=\"\" itemtype=\"http:\/\/schema.org\/Organization\"><span itemprop=\"name\">MoverDB.com<\/span><\/span> Tie\u0161saistes vietnes p\u0101rskats par <span itemprop=\"itemreviewed\" itemscope=\"\" itemtype=\"http:\/\/schema.org\/Brand\"><span itemprop=\"name\">Simpsons P\u0101rv\u0101k\u0161an\u0101s un uzglab\u0101\u0161ana<\/span><\/span>:<\/p>\n<ol>\n<li> Skaidra kontaktinform\u0101cija t\u012bmek\u013ca vietn\u0113 (tostarp t\u0101lru\u0146a numurs): <strong>J\u0101<\/strong><\/li>\n<li> Viegli ieg\u016bt <a href=\"https:\/\/moverdb.com\/lv\/citati\/\">starptautiskie p\u0101rv\u0101k\u0161an\u0101s cit\u0101ti<\/a>? (Tie\u0161saistes t\u0101mes piepras\u012bjuma veidlapa): <strong>J\u0101<\/strong><\/li>\n<li> Skaidra inform\u0101cija t\u012bmek\u013ca vietn\u0113: <strong>J\u0101<\/strong>, kontaktinform\u0101ciju un pamatinform\u0101ciju, kas sniegta tie\u0161saist\u0113.<\/li>\n<li> Dal\u012bba starptautiski atz\u012bt\u0101s kust\u012bbu organiz\u0101cij\u0101s: <strong>J\u0101<\/strong>skat\u012bt iepriek\u0161.<\/li>\n<li> Klientu saraksts un\/vai iepriek\u0161\u0113jo klientu atsauksmes: <strong>J\u0101<\/strong>vietn\u0113 ir pozit\u012bvas klientu atsauksmes.<\/li>\n<\/ol>\n<div itemprop=\"reviewRating\" itemscope itemtype=\"http:\/\/schema.org\/Rating\"><meta itemprop=\"worstRating\" content = \"0\" \/><meta itemprop=\"bestRating\" content=\"5\" \/><meta itemprop=\"ratingValue\" content=\"4.5\"><\/div>\n<p><strong>Kop\u0113jais v\u0113rt\u0113jums: 4,5\/5<\/strong><br \/>\n<strong>P\u0101rskata datums:<\/strong> <span itemprop=\"datePublished\" content=\"2016-08-29\">29\/08\/2016<\/span>\n<\/div>\n<p>Vair\u0101k par <a href=\"https:\/\/moverdb.com\/lv\/starptautiskie-parvaksanas-darbi\/\">starptautisk\u0101 p\u0101rcel\u0161an\u0101s<\/a> un m\u016bsu <a href=\"https:\/\/moverdb.com\/lv\/atsauksmes\/\">p\u0101rskat\u012b\u0161anas process<\/a>.<\/p>\n<p><strong>T\u012bmek\u013ca vietne:<\/strong> <a href=\"http:\/\/www.simpsons-uk.com\/\" target=\"_blank\" rel=\"noopener\">http:\/\/www.simpsons-uk.com<\/a><\/p>","protected":false},"excerpt":{"rendered":"<p>Simpsons Removals and Storage Ltd is based in Kent and offers its customers a range of international removals services which are listed below. There also follows a company profile and reviews. International Removals Door to door or airport at destination Full service, fragile items or do-it-yourself packing Packing materials can be provided Air freight or [&hellip;]<\/p>\n","protected":false},"author":1,"featured_media":0,"parent":0,"menu_order":0,"comment_status":"closed","ping_status":"closed","template":"","meta":{"_genesis_hide_title":false,"_genesis_hide_breadcrumbs":false,"_genesis_hide_singular_image":false,"_genesis_hide_footer_widgets":false,"_genesis_custom_body_class":"","_genesis_custom_post_class":"","_genesis_layout":"","footnotes":""},"class_list":{"0":"post-921","1":"page","2":"type-page","3":"status-publish","5":"entry"},"_links":{"self":[{"href":"https:\/\/moverdb.com\/lv\/wp-json\/wp\/v2\/pages\/921","targetHints":{"allow":["GET"]}}],"collection":[{"href":"https:\/\/moverdb.com\/lv\/wp-json\/wp\/v2\/pages"}],"about":[{"href":"https:\/\/moverdb.com\/lv\/wp-json\/wp\/v2\/types\/page"}],"author":[{"embeddable":true,"href":"https:\/\/moverdb.com\/lv\/wp-json\/wp\/v2\/users\/1"}],"replies":[{"embeddable":true,"href":"https:\/\/moverdb.com\/lv\/wp-json\/wp\/v2\/comments?post=921"}],"version-history":[{"count":5,"href":"https:\/\/moverdb.com\/lv\/wp-json\/wp\/v2\/pages\/921\/revisions"}],"predecessor-version":[{"id":6238,"href":"https:\/\/moverdb.com\/lv\/wp-json\/wp\/v2\/pages\/921\/revisions\/6238"}],"wp:attachment":[{"href":"https:\/\/moverdb.com\/lv\/wp-json\/wp\/v2\/media?parent=921"}],"curies":[{"name":"wp","href":"https:\/\/api.w.org\/{rel}","templated":true}]}}