{"id":920,"date":"2016-09-03T16:04:22","date_gmt":"2016-09-03T16:04:22","guid":{"rendered":"http:\/\/moverdb.com\/?page_id=920"},"modified":"2026-01-08T14:47:54","modified_gmt":"2026-01-08T14:47:54","slug":"burke-bros","status":"publish","type":"page","link":"https:\/\/moverdb.com\/lv\/burke-bros\/","title":{"rendered":"Burke Bros Moving Group: Starptautiskie p\u0101rv\u0101k\u0161an\u0101s pakalpojumi Atsauksmes"},"content":{"rendered":"<p>Burke Bros ir vispasaules p\u0101rv\u0101c\u0113ji, uzglab\u0101t\u0101ji, s\u016bt\u012bt\u0101ji un glob\u0101l\u0101s p\u0101rcel\u0161an\u0101s eksperti. Turpm\u0101k uzskait\u012bti vi\u0146u pied\u0101v\u0101tie pakalpojumi, kam seko uz\u0146\u0113muma profils un da\u017e\u0101das atsauksmes.<\/p>\n<p><strong>Uz\u0146\u0113mumu un priv\u0101tpersonu <a href=\"https:\/\/moverdb.com\/lv\/international-removals\/\" data-internallinksmanager029f6b8e52c=\"27\" title=\"36 Lab\u0101kie starptautisko p\u0101rvad\u0101jumu uz\u0146\u0113mumi Apvienotaj\u0101 Karalist\u0113\">Starptautiskie p\u0101rv\u0101k\u0161an\u0101s darbi<\/a><\/strong><\/p>\n<ul>\n<li> Specializ\u0113ta korporat\u012bv\u0101 komanda<\/li>\n<li> Visaptvero\u0161s pakalpojums no durv\u012bm l\u012bdz durv\u012bm<\/li>\n<li> Bezmaksas p\u0101rcel\u0161an\u0101s apsekojums<\/li>\n<li> cien\u012bjamu p\u0101rvieto\u0161anas ekspertu t\u012bkls vis\u0101 pasaul\u0113<\/li>\n<li> Specializ\u0113ta eksporta iepako\u0161anas komanda<\/li>\n<li> Starptautisk\u0101s karant\u012bnas konsult\u0101cijas<\/li>\n<li> Starptautisk\u0101 muitas un akc\u012bzes inform\u0101cija<\/li>\n<li> <a href=\"https:\/\/moverdb.com\/lv\/moving-to-the-uk\/\" data-internallinksmanager029f6b8e52c=\"93\" title=\"P\u0101rce\u013caties uz Apvienoto Karalisti? 2022 Dz\u012bves izmaksas un p\u0101rcel\u0161an\u0101s padomi\">APVIENOT\u0100 KARALISTE<\/a> uzglab\u0101\u0161ana - pirms nos\u016bt\u012b\u0161anas<\/li>\n<li> Apdro\u0161in\u0101\u0161ana organiz\u0113ta<\/li>\n<li> Muito\u0161anas pal\u012bdz\u012bba<\/li>\n<\/ul>\n<p><strong>P\u0101rvieto\u0161an\u0101s Eirop\u0101<\/strong><\/p>\n<ul>\n<li> Visaptvero\u0161s pakalpojums no durv\u012bm l\u012bdz durv\u012bm<\/li>\n<li> Specializ\u0113ta iepako\u0161anas komanda<\/li>\n<li> Apdro\u0161in\u0101\u0161ana organiz\u0113ta<\/li>\n<li> Ikned\u0113\u013cas reisi<\/li>\n<li> Pal\u012bdz\u012bba muitas un akc\u012bzes jom\u0101, ja piem\u0113rojams<\/li>\n<\/ul>\n<p><strong>P\u0101rv\u0101k\u0161an\u0101s m\u0101j\u0101s Apvienotaj\u0101 Karalist\u0113 - uz\u0146\u0113mumu un priv\u0101tpersonu p\u0101rv\u0101k\u0161an\u0101s<\/strong><\/p>\n<ul>\n<li> Konsultanta person\u012bgais apmekl\u0113jums<\/li>\n<li> Projektu vad\u012bbas pakalpojumi uz\u0146\u0113mumiem<\/li>\n<li> Visaptvero\u0161s pakalpojums no durv\u012bm l\u012bdz durv\u012bm<\/li>\n<li> Specializ\u0113ta iepako\u0161anas komanda<\/li>\n<li> Apdro\u0161in\u0101\u0161ana organiz\u0113ta<\/li>\n<li> Specializ\u0113ts iepakojums<\/li>\n<li> Biroja kastu noma<\/li>\n<\/ul>\n<p><strong>Uzglab\u0101\u0161ana<\/strong><\/p>\n<ul>\n<li> Pa\u0161glab\u0101\u0161ana - Wolverhampton <\/li>\n<li> Neierobe\u017eota piek\u013cuve darba laik\u0101<\/li>\n<li> Var ieg\u0101d\u0101ties da\u017e\u0101das kastes<\/li>\n<li> 24 stundu videonov\u0113ro\u0161ana<\/li>\n<li> Dokumentu un arh\u012bvu glab\u0101\u0161ana<\/li>\n<\/ul>\n<p><strong>\u012apa\u0161ie pakalpojumi p\u0101rcel\u0161an\u0101s laik\u0101<\/strong><\/p>\n<ul>\n<li> Dokumentu smalcin\u0101\u0161ana<\/li>\n<li> Dokumentu glab\u0101\u0161ana<\/li>\n<li> Veco m\u0113be\u013cu un IT apr\u012bkojuma p\u0101rstr\u0101de<\/li>\n<li> Datorsist\u0113mu demont\u0101\u017ea un iestat\u012b\u0161ana<\/li>\n<li> Speci\u0101li iepakojuma materi\u0101li IT iek\u0101rt\u0101m<\/li>\n<\/ul>\n<h2>Burke Bros Moving Group Uz\u0146\u0113muma profils<\/h2>\n<p>Uz\u0146\u0113mums Burke Bros tika dibin\u0101ts 1982. gad\u0101, un \u0161aj\u0101 laik\u0101 ir p\u0101rvietojis vair\u0101k nek\u0101 49 000 klientu. Vi\u0146i ir pavad\u012bju\u0161i gandr\u012bz pusmiljonu stundu iepako\u0161anas, p\u0101rcel\u0161an\u0101s un izpako\u0161anas darbos. Uz\u0146\u0113mums atrodas Anglijas centr\u0101laj\u0101 da\u013c\u0101, un tam ir septi\u0146i biroji un 52 000 kvadr\u0101tmetru liela dro\u0161a noliktava.<\/p>\n<p>Burke Bros ir \u0123imenes uz\u0146\u0113mums, ko vada br\u0101\u013ci Burke, Garijs un Kriss. Daudzi no darbiniekiem pie vi\u0146iem str\u0101d\u0101 jau vair\u0101k nek\u0101 20 gadus. Uz\u0146\u0113mums lepojas ar r\u016bp\u012bgu pieeju katram p\u0101rv\u0101k\u0161an\u0101s gad\u012bjumam.<\/p>\n<p>Za\u013cie jaut\u0101jumi ir liela uz\u0146\u0113muma darb\u012bbas da\u013ca, un Burke Bros ir ieviesu\u0161i p\u0101rstr\u0101di un atkritumu apsaimnieko\u0161anu, lai samazin\u0101tu klientu oglek\u013ca dioks\u012bda emisiju.<\/p>\n<p>Burke Bros fili\u0101les un akredit\u0101cijas:<\/p>\n<ul>\n<li> <a href=\"https:\/\/moverdb.com\/lv\/britu-iznemeju-asociacija\/\">Lielbrit\u0101nijas P\u0101rv\u0101c\u0113ju asoci\u0101cija<\/a> (<a href=\"https:\/\/moverdb.com\/lv\/british-association-of-removers\/\" data-internallinksmanager029f6b8e52c=\"9\" title=\"Lielbrit\u0101nijas P\u0101rv\u0101c\u0113ju asoci\u0101cijas (BAR) skaidrojumi\">BAR<\/a>)<\/li>\n<li> <a href=\"https:\/\/moverdb.com\/lv\/fidi-faim\/\">Starptautisk\u0101 starptautisko d\u012bleru feder\u0101cija (F\u00e9d\u00e9ration Internationale des D\u00e9m\u00e9nageurs Internationaux)<\/a> (<a href=\"https:\/\/moverdb.com\/lv\/fidi-faim\/\" data-internallinksmanager029f6b8e52c=\"16\" title=\"FIDI un FAIM (FIDI akredit\u0113tais starptautiskais p\u0101rvietot\u0101js) skaidrojums\">FIDI<\/a>)<\/li>\n<li> <a href=\"https:\/\/moverdb.com\/lv\/esmu\/\">Starptautisk\u0101 P\u0101rv\u0101c\u0113ju asoci\u0101cija<\/a> (<a href=\"https:\/\/moverdb.com\/lv\/iam\/\" data-internallinksmanager029f6b8e52c=\"23\" title=\"Starptautisk\u0101s P\u0101rv\u0101c\u0113ju asoci\u0101cijas (IAM) skaidrojumi\">IAM<\/a>)<\/li>\n<li> Panamerikas Starptautisko P\u0101rvad\u0101t\u0101ju asoci\u0101cija (PAIMA)<\/li>\n<li> Port\u0101ls <a href=\"https:\/\/moverdb.com\/lv\/bars-arvalstis\/\">Lielbrit\u0101nijas P\u0101rv\u0101k\u0161an\u0101s asoci\u0101cija Overseas<\/a><\/li>\n<li> BS5750<\/li>\n<li> TSI<\/li>\n<\/ul>\n<p><strong>Burke Bros Atsauksmes<\/strong><\/p>\n<p><strong>Pozit\u012bvs<\/strong><\/p>\n<ul>\n<li> <em>\"M\u0113s v\u0113l\u0113j\u0101mies pateikties par br\u012bni\u0161\u0137\u012bgo pakalpojumu, ko tikko piedz\u012bvoj\u0101m, p\u0101rce\u013coties no Anglijas uz Latviju. <a href=\"https:\/\/moverdb.com\/lv\/moving-to-france\/\" data-internallinksmanager029f6b8e52c=\"315\" title=\"P\u0101rcel\u0161an\u0101s uz Franciju? 2023 Dz\u012bves izmaksas un p\u0101rcel\u0161an\u0101s padomi\">Francija<\/a>. M\u0113s nevar\u0113j\u0101m v\u0113l\u0113ties lab\u0101ku pui\u0161u komplektu, lai iepakotu kravu un izkrautu par <a href=\"https:\/\/moverdb.com\/lv\/moving-to-the-united-states\/\" data-internallinksmanager029f6b8e52c=\"94\" title=\"P\u0101rce\u013caties uz Amerikas Savienotaj\u0101m Valst\u012bm? 2022 Dz\u012bves izmaksas un p\u0101rcel\u0161an\u0101s padomi\">mums<\/a>.\"<\/em> - Sue &amp; David caur Burke Bros <a href=\"http:\/\/burkebros.co.uk\/about_us\/testimonials\/\" target=\"_blank\" rel=\"noopener\">atsauksmju lapa<\/a><\/li>\n<li> <em>\"M\u0113s izmantoj\u0101m Burke Bros, lai p\u0101rceltu m\u016bs no Apvienot\u0101s Karalistes uz Dordognu Francij\u0101, nevis t\u0101p\u0113c, ka vi\u0146i bija sapr\u0101t\u012bgi ar sav\u0101m maks\u0101m, bet gan t\u0101p\u0113c, ka vi\u0146i profesion\u0101li veica darbu no s\u0101kuma l\u012bdz beig\u0101m.\"<\/em> - Malkolms, izmantojot <a href=\"https:\/\/www.yell.com\/biz\/burke-bros-worldwide-moving-group-wolverhampton-900810900\/\" target=\"_blank\" rel=\"noopener\">Kliedziet<\/a><\/li>\n<\/ul>\n<p><strong>Negat\u012bvs <\/strong><\/p>\n<ul>\n<li> <em>Slikt\u0101k\u0101 p\u0101rcel\u0161an\u0101s pieredze 35 gadu laik\u0101 (8 p\u0101rv\u0101k\u0161an\u0101s reizes)<\/em> - D Neal kungs, izmantojot <a href=\"http:\/\/www.removalreviews.co.uk\/movingreviews\/appalling-12193\" target=\"_blank\" rel=\"noopener\">P\u0101rcel\u0161an\u0101s atsauksmes<\/a><\/li>\n<li> \"Net\u0113r\u0113jiet savu naudu.\" - Thibit via <a href=\"https:\/\/www.yell.com\/biz\/burke-bros-worldwide-moving-group-wolverhampton-900810900\/\" target=\"_blank\" rel=\"noopener\">Kliedziet<\/a><\/li>\n<\/li>\n<\/ul>\n<div itemprop=\"review\" itemscope itemtype=\"http:\/\/schema.org\/Review\">\n<span itemprop=\"author\" itemscope=\"\" itemtype=\"http:\/\/schema.org\/Organization\"><span itemprop=\"name\">MoverDB.com<\/span><\/span> Tie\u0161saistes vietnes p\u0101rskats par <span itemprop=\"itemreviewed\" itemscope=\"\" itemtype=\"http:\/\/schema.org\/Brand\"><span itemprop=\"name\">Burke Bros Moving Group<\/span><\/span>:<\/p>\n<ol>\n<li> Skaidra kontaktinform\u0101cija t\u012bmek\u013ca vietn\u0113 (tostarp t\u0101lru\u0146a numurs): <strong>J\u0101<\/strong><\/li>\n<li> Viegli ieg\u016bt <a href=\"https:\/\/moverdb.com\/lv\/citati\/\">starptautiskie p\u0101rv\u0101k\u0161an\u0101s cit\u0101ti<\/a>? (Tie\u0161saistes t\u0101mes piepras\u012bjuma veidlapa): <strong>J\u0101<\/strong><\/li>\n<li> Skaidra inform\u0101cija t\u012bmek\u013ca vietn\u0113: <strong>J\u0101,<\/strong> tostarp ce\u013cve\u017ei pa da\u017e\u0101d\u0101m valst\u012bm, kur\u0101s tie darbojas.<\/li>\n<li> Dal\u012bba starptautiski atz\u012bt\u0101s kust\u012bbu organiz\u0101cij\u0101s: <strong>J\u0101<\/strong>skat\u012bt iepriek\u0161.<\/li>\n<li> Klientu saraksts un\/vai iepriek\u0161\u0113jo klientu atsauksmes: <strong>Da\u017ei,<\/strong> vi\u0146u t\u012bmek\u013ca vietn\u0113 ir atlas\u012bti vair\u0101ki ieteikumi un kopum\u0101 pozit\u012bvas atsauksmes cit\u0101s t\u012bmek\u013ca vietn\u0113s.<\/li>\n<\/ol>\n<div itemprop=\"reviewRating\" itemscope itemtype=\"http:\/\/schema.org\/Rating\"><meta itemprop=\"worstRating\" content = \"0\" \/><meta itemprop=\"bestRating\" content=\"5\" \/><meta itemprop=\"ratingValue\" content=\"4.5\"><\/div>\n<p><strong>Kop\u0113jais v\u0113rt\u0113jums: 4,5\/5<\/strong><br \/>\n<strong>P\u0101rskata datums:<\/strong> <span itemprop=\"datePublished\" content=\"2016-09-03\">03\/09\/2016<\/span>\n<\/div>\n<p>Las\u012bt vair\u0101k par <a href=\"https:\/\/moverdb.com\/lv\/starptautiskie-parvaksanas-darbi\/\">starptautisk\u0101 p\u0101rcel\u0161an\u0101s<\/a> un m\u016bsu <a href=\"https:\/\/moverdb.com\/lv\/atsauksmes\/\">p\u0101rskat\u012b\u0161anas process.<\/a>.<\/p>\n<p><strong>T\u012bmek\u013ca vietne:<\/strong> <a href=\"http:\/\/burkebros.co.uk\/\" target=\"_blank\" rel=\"noopener\">http:\/\/burkebros.co.uk<\/a><\/p>","protected":false},"excerpt":{"rendered":"<p>Burke Bros are worldwide movers, storers, shippers and global relocation experts. Listed below are the services they offer, followed by a company profile and various reviews. Corporate and Personal International Removals Dedicated corporate team Comprehensive door to door service Free moving survey Network of reputable relocation experts world wide Dedicated export packing team International quarantine [&hellip;]<\/p>\n","protected":false},"author":1,"featured_media":0,"parent":0,"menu_order":0,"comment_status":"closed","ping_status":"closed","template":"","meta":{"_genesis_hide_title":false,"_genesis_hide_breadcrumbs":false,"_genesis_hide_singular_image":false,"_genesis_hide_footer_widgets":false,"_genesis_custom_body_class":"","_genesis_custom_post_class":"","_genesis_layout":"","footnotes":""},"class_list":{"0":"post-920","1":"page","2":"type-page","3":"status-publish","5":"entry"},"_links":{"self":[{"href":"https:\/\/moverdb.com\/lv\/wp-json\/wp\/v2\/pages\/920","targetHints":{"allow":["GET"]}}],"collection":[{"href":"https:\/\/moverdb.com\/lv\/wp-json\/wp\/v2\/pages"}],"about":[{"href":"https:\/\/moverdb.com\/lv\/wp-json\/wp\/v2\/types\/page"}],"author":[{"embeddable":true,"href":"https:\/\/moverdb.com\/lv\/wp-json\/wp\/v2\/users\/1"}],"replies":[{"embeddable":true,"href":"https:\/\/moverdb.com\/lv\/wp-json\/wp\/v2\/comments?post=920"}],"version-history":[{"count":5,"href":"https:\/\/moverdb.com\/lv\/wp-json\/wp\/v2\/pages\/920\/revisions"}],"predecessor-version":[{"id":6189,"href":"https:\/\/moverdb.com\/lv\/wp-json\/wp\/v2\/pages\/920\/revisions\/6189"}],"wp:attachment":[{"href":"https:\/\/moverdb.com\/lv\/wp-json\/wp\/v2\/media?parent=920"}],"curies":[{"name":"wp","href":"https:\/\/api.w.org\/{rel}","templated":true}]}}