{"id":908,"date":"2016-10-12T05:28:52","date_gmt":"2016-10-12T05:28:52","guid":{"rendered":"http:\/\/moverdb.com\/?page_id=908"},"modified":"2026-01-08T14:47:34","modified_gmt":"2026-01-08T14:47:34","slug":"arpin-international","status":"publish","type":"page","link":"https:\/\/moverdb.com\/lv\/arpin-international\/","title":{"rendered":"Arpin International: P\u0101rcel\u0161an\u0101s un p\u0101rv\u0101k\u0161an\u0101s Atsauksmes"},"content":{"rendered":"<p>Arpin International ir glob\u0101la <a href=\"https:\/\/moverdb.com\/lv\/international-removals\/\" data-internallinksmanager029f6b8e52c=\"27\" title=\"36 Lab\u0101kie starptautisko p\u0101rvad\u0101jumu uz\u0146\u0113mumi Apvienotaj\u0101 Karalist\u0113\">p\u0101rcel\u0161an\u0101s uz\u0146\u0113mums<\/a> un ar daudziem turpm\u0101k uzskait\u012btajiem pakalpojumiem. Izlasiet ar\u012b vi\u0146u uz\u0146\u0113muma profilu un atsauksmes. L\u016bdzu, \u0146emiet v\u0113r\u0101, ka t\u0101 ir American International fili\u0101le <a href=\"https:\/\/moverdb.com\/lv\/moving-companies\/\" data-internallinksmanager029f6b8e52c=\"79\" title=\"Top 25 Starptautiskie p\u0101rcel\u0161an\u0101s uz\u0146\u0113mumi tie\u0161saist\u0113\">P\u0101rvieto\u0161an\u0101s uz\u0146\u0113mums<\/a> <a href=\"https:\/\/moverdb.com\/lv\/arpin-van-lines\/\">Arpin Van Lines<\/a>.<\/p>\n<p><strong>Starptautisk\u0101s p\u0101rcel\u0161an\u0101s<\/strong><\/p>\n<ul>\n<li> Pakalpojums no durv\u012bm l\u012bdz durv\u012bm<\/li>\n<li> Iepako\u0161ana un izpako\u0161ana<\/li>\n<li> Specializ\u0113ts starptautisko p\u0101rcel\u0161an\u0101s koordinators (IMC)<\/li>\n<li> IMC vienm\u0113r pieejams pa t\u0101lruni, faksu vai e-pastu.<\/li>\n<li> IMC ir visi <a href=\"https:\/\/moverdb.com\/lv\/fidi-faim\/\" data-internallinksmanager029f6b8e52c=\"16\" title=\"FIDI un FAIM (FIDI akredit\u0113tais starptautiskais p\u0101rvietot\u0101js) skaidrojums\">FIDI<\/a> apm\u0101c\u012bti<\/li>\n<li> ArpinTRAC \u013cauj klientiem izsekot s\u016bt\u012bjumam 24\/7<\/li>\n<li> Uz\u0146\u0113mumu, priv\u0101t\u0101, vald\u012bbas un milit\u0101r\u0101 sektora p\u0101rvieto\u0161an\u0101s<\/li>\n<li> Muito\u0161ana<\/li>\n<li> M\u0101jdz\u012bvnieku p\u0101rvieto\u0161ana<\/li>\n<li> Autotransports<\/li>\n<li> Pal\u012bdz\u012bba m\u0101jok\u013ca mekl\u0113\u0161an\u0101<\/li>\n<li> Pal\u012bdz\u012bba skol\u0101m<\/li>\n<li> Medic\u012bnisk\u0101 pal\u012bdz\u012bba<\/li>\n<\/ul>\n<p><strong>Uzglab\u0101\u0161ana<\/strong><\/p>\n<ul>\n<li> Ilgtermi\u0146a vai \u012bstermi\u0146a uzglab\u0101\u0161ana vis\u0101 pasaul\u0113<\/li>\n<li> Videonov\u0113ro\u0161ana<\/li>\n<\/ul>\n<h2>Arpin International Uz\u0146\u0113muma profils<\/h2>\n<p>Arpin International ir da\u013ca no Arpin International grupas, kas dibin\u0101ta 1900. gad\u0101. \u0160odienas izpilddirektors P\u012bters Arpins ir jau ceturt\u0101s paaudzes uz\u0146\u0113muma vad\u012bt\u0101js. Arpin International tika dibin\u0101ta 1989. gad\u0101, un t\u0101s galven\u0101 m\u012btne atrodas <a href=\"https:\/\/moverdb.com\/lv\/moving-to-the-united-states\/moving-to-rhode-island\/\" data-internallinksmanager029f6b8e52c=\"450\" title=\"P\u0101rce\u013caties uz Rodailendu? 2024 Dz\u012bves izmaksas un p\u0101rcel\u0161an\u0101s padomi\">Rodailenda<\/a>, <a href=\"https:\/\/moverdb.com\/lv\/moving-to-the-united-states\/\" data-internallinksmanager029f6b8e52c=\"94\" title=\"P\u0101rce\u013caties uz Amerikas Savienotaj\u0101m Valst\u012bm? 2022 Dz\u012bves izmaksas un p\u0101rcel\u0161an\u0101s padomi\">ASV<\/a>. <\/p>\n<p>Uz\u0146\u0113mumam ir 385 p\u0101rst\u0101vji ASV un biroji EMEA un APAC valst\u012bs. Uz\u0146\u0113muma augst\u0101k\u0101 l\u012bme\u0146a vad\u012bbai ir vair\u0101k nek\u0101 25 gadu pieredze cilv\u0113ku p\u0101rvieto\u0161an\u0101 vis\u0101 pasaul\u0113.<\/p>\n<p>Arpin International v\u012bzija ir sniegt saviem klientiem vislab\u0101ko pakalpojumu un cenas kombin\u0101ciju. Daudzi no uz\u0146\u0113muma darbiniekiem ir biju\u0161i emigranti, t\u0101p\u0113c saprot, ar k\u0101diem izaicin\u0101jumiem saskaras \u0123imenes, p\u0101rce\u013coties uz citu valsti. <\/p>\n<p>Arpin International darbinieki cen\u0161as p\u0101rcel\u0161anos padar\u012bt p\u0113c iesp\u0113jas nes\u0101p\u012bg\u0101ku, r\u016bp\u0113joties par maz\u0101m un liel\u0101m probl\u0113m\u0101m, kas var rasties.<\/p>\n<p>Uz\u0146\u0113mums ir izveidojis Ilgtsp\u0113jas komiteju, lai \"veidotu za\u013c\u0101ku n\u0101kotni\" n\u0101kamaj\u0101m paaudz\u0113m. Uz\u0146\u0113mums v\u0113las atdot viet\u0113j\u0101m kopien\u0101m, nozarei un pasaulei daudz vair\u0101k, nek\u0101 pats ir pa\u0146\u0113mis.<\/p>\n<p>Uz\u0146\u0113mumam Arpin International ir \u0161\u0101das akredit\u0101cijas un pieder\u012bbas:<\/p>\n<ul>\n<li> <a href=\"https:\/\/moverdb.com\/lv\/fidi-faim\/\">FIDI<\/a><\/li>\n<li> <a href=\"https:\/\/moverdb.com\/lv\/fidi-faim\/\">FAIM<\/a><\/li>\n<li> <a href=\"https:\/\/moverdb.com\/lv\/britu-iznemeju-asociacija\/\">Lielbrit\u0101nijas P\u0101rv\u0101k\u0161an\u0101s asoci\u0101cija<\/a> (<a href=\"https:\/\/moverdb.com\/lv\/british-association-of-removers\/\" data-internallinksmanager029f6b8e52c=\"9\" title=\"Lielbrit\u0101nijas P\u0101rv\u0101c\u0113ju asoci\u0101cijas (BAR) skaidrojumi\">BAR<\/a>)<\/li>\n<li> <a href=\"https:\/\/moverdb.com\/lv\/esmu\/\">Starptautisko P\u0101rv\u0101c\u0113ju asoci\u0101cija<\/a> (IMA)<\/li>\n<li> Muitas un tirdzniec\u012bbas partner\u012bba pret terorismu<\/li>\n<li> <a href=\"https:\/\/moverdb.com\/lv\/lacma\/\">LACMA<\/a><\/li>\n<li> <a href=\"https:\/\/moverdb.com\/lv\/darbinieku-parcelsanas-padome\/\">ERC vis\u0101 pasaul\u0113<\/a><\/li>\n<li> <a href=\"https:\/\/moverdb.com\/lv\/eiro\/\">EuRA<\/a><\/li>\n<\/ul>\n<h2>Arpin International Atsauksmes<\/h2>\n<p><em>Lai gan tie\u0161saist\u0113 nav atsauksmju par Arpin International, varat izlas\u012bt <a href=\"https:\/\/moverdb.com\/lv\/arpin-van-lines\/\">atsauksmes par Arpin Van Lines \u0161eit<\/a>.<\/em><\/p>\n<div itemprop=\"review\" itemscope itemtype=\"http:\/\/schema.org\/Review\">\n<span itemprop=\"author\" itemscope=\"\" itemtype=\"http:\/\/schema.org\/Organization\"><span itemprop=\"name\">MoverDB.com<\/span><\/span> Tie\u0161saistes vietnes p\u0101rskats par <span itemprop=\"itemreviewed\" itemscope=\"\" itemtype=\"http:\/\/schema.org\/Brand\"><span itemprop=\"name\">Arpin International<\/span><\/span>:<\/p>\n<ol>\n<li> Skaidra kontaktinform\u0101cija t\u012bmek\u013ca vietn\u0113 (tostarp t\u0101lru\u0146a numurs): <strong>J\u0101<\/strong><\/li>\n<li> Viegli ieg\u016bt <a href=\"https:\/\/moverdb.com\/lv\/citati\/\">starptautiskie p\u0101rv\u0101k\u0161an\u0101s cit\u0101ti<\/a>? (Tie\u0161saistes t\u0101mes piepras\u012bjuma veidlapa): <strong>N\u0113<\/strong><\/li>\n<li> Skaidra inform\u0101cija t\u012bmek\u013ca vietn\u0113: <strong>Ne glu\u017ei<\/strong>, t\u012bmek\u013ca vietne ir l\u0113na un satur maz inform\u0101cijas.<\/li>\n<li> Dal\u012bba starptautiski atz\u012bt\u0101s kust\u012bbu organiz\u0101cij\u0101s: <strong>J\u0101<\/strong><\/li>\n<li> Klientu saraksts un\/vai iepriek\u0161\u0113jo klientu atsauksmes: <strong>N\u0113,<\/strong> un m\u0113s nevar\u0113j\u0101m atrast atsauksmes tie\u0161saist\u0113.<\/li>\n<\/ol>\n<div itemprop=\"reviewRating\" itemscope itemtype=\"http:\/\/schema.org\/Rating\"><meta itemprop=\"worstRating\" content = \"0\" \/><meta itemprop=\"bestRating\" content=\"5\" \/><meta itemprop=\"ratingValue\" content=\"4\"><\/div>\n<p><strong>Kop\u0113jais v\u0113rt\u0113jums: 4\/5<\/strong> - <em>L\u016bdzu, \u0146emiet v\u0113r\u0101, ka \u0161is v\u0113rt\u0113jums atspogu\u013co Arpin Van Lines, jo ir p\u0101r\u0101k maz inform\u0101cijas, lai var\u0113tu atsevi\u0161\u0137i nov\u0113rt\u0113t Arpin International. <\/em><br \/>\n<strong>P\u0101rskata datums:<\/strong> <span itemprop=\"datePublished\" content=\"2016-10-12\">12\/10\/16<\/span>\n<\/div>\n<p>Las\u012bt vair\u0101k par <a href=\"https:\/\/moverdb.com\/lv\/parvietojas-uznemumi\/\" target=\"_blank\" rel=\"noopener\">starptautiskie p\u0101rvieto\u0161an\u0101s uz\u0146\u0113mumi<\/a>, <a href=\"https:\/\/moverdb.com\/lv\/starptautiskie-parvaksanas-darbi\/\">p\u0101rcel\u0161an\u0101s uz\u0146\u0113mumi<\/a> un m\u016bsu <a href=\"https:\/\/moverdb.com\/lv\/atsauksmes\/\">p\u0101rskat\u012b\u0161anas process<\/a>.<\/p>\n<p><strong>T\u012bmek\u013ca vietne:<\/strong> <a href=\"http:\/\/www.arpinintl.com\/\" target=\"_blank\" rel=\"noopener\">http:\/\/www.arpinintl.com\/<\/a><\/p>","protected":false},"excerpt":{"rendered":"<p>Arpin International is a global removals company and with many services which are listed below. Also read their company profile and reviews. Please note that it&#8217;s the international branch of American moving company Arpin Van Lines. International Moves Door to door service Packing and unpacking Dedicated International Move Coordinator (IMC) IMC available by telephone, fax [&hellip;]<\/p>\n","protected":false},"author":1,"featured_media":0,"parent":0,"menu_order":0,"comment_status":"closed","ping_status":"closed","template":"","meta":{"_genesis_hide_title":false,"_genesis_hide_breadcrumbs":false,"_genesis_hide_singular_image":false,"_genesis_hide_footer_widgets":false,"_genesis_custom_body_class":"","_genesis_custom_post_class":"","_genesis_layout":"","footnotes":""},"class_list":{"0":"post-908","1":"page","2":"type-page","3":"status-publish","5":"entry"},"_links":{"self":[{"href":"https:\/\/moverdb.com\/lv\/wp-json\/wp\/v2\/pages\/908","targetHints":{"allow":["GET"]}}],"collection":[{"href":"https:\/\/moverdb.com\/lv\/wp-json\/wp\/v2\/pages"}],"about":[{"href":"https:\/\/moverdb.com\/lv\/wp-json\/wp\/v2\/types\/page"}],"author":[{"embeddable":true,"href":"https:\/\/moverdb.com\/lv\/wp-json\/wp\/v2\/users\/1"}],"replies":[{"embeddable":true,"href":"https:\/\/moverdb.com\/lv\/wp-json\/wp\/v2\/comments?post=908"}],"version-history":[{"count":4,"href":"https:\/\/moverdb.com\/lv\/wp-json\/wp\/v2\/pages\/908\/revisions"}],"predecessor-version":[{"id":6175,"href":"https:\/\/moverdb.com\/lv\/wp-json\/wp\/v2\/pages\/908\/revisions\/6175"}],"wp:attachment":[{"href":"https:\/\/moverdb.com\/lv\/wp-json\/wp\/v2\/media?parent=908"}],"curies":[{"name":"wp","href":"https:\/\/api.w.org\/{rel}","templated":true}]}}