{"id":906,"date":"2018-01-30T05:37:29","date_gmt":"2018-01-30T05:37:29","guid":{"rendered":"http:\/\/moverdb.com\/?page_id=906"},"modified":"2026-01-08T14:48:24","modified_gmt":"2026-01-08T14:48:24","slug":"lapsa-kustibas","status":"publish","type":"page","link":"https:\/\/moverdb.com\/lv\/fox-moving\/","title":{"rendered":"Fox Moving &amp; Storage: Starptautiskie p\u0101rv\u0101k\u0161an\u0101s pakalpojumi Atsauksmes"},"content":{"rendered":"<p>Fox Moving &amp; Storage atrodas Kembr\u0101n\u0101, Vels\u0101. Zem\u0101k atrad\u012bsiet vi\u0146u starptautisko un viet\u0113jo pakalpojumu sarakstu, k\u0101 ar\u012b uz\u0146\u0113muma profilu un atsauksmes.<\/p>\n<p><strong>P\u0101rvieto\u0161an\u0101s starptautisk\u0101 m\u0113rog\u0101 - uz\u0146\u0113mumu un priv\u0101tpersonu<\/strong><\/p>\n<ul>\n<li> Person\u012bgais <a href=\"https:\/\/moverdb.com\/lv\/international-removals\/\" data-internallinksmanager029f6b8e52c=\"27\" title=\"36 Lab\u0101kie starptautisko p\u0101rvad\u0101jumu uz\u0146\u0113mumi Apvienotaj\u0101 Karalist\u0113\">starptautisk\u0101 p\u0101rcel\u0161an\u0101s<\/a> a\u0123ents<\/li>\n<li> Visaptvero\u0161s pied\u0101v\u0101jums, p\u0101rvieto\u0161an\u0101s grafiks un laika grafiks<\/li>\n<li> Ekspertu komanda iepako\u0161anas jom\u0101<\/li>\n<li> Nodro\u0161ina muitas un akc\u012bzes dokument\u0101ciju<\/li>\n<li> Viet\u0113jie a\u0123enti, kas sniedz pal\u012bdz\u012bbu galam\u0113r\u0137a valst\u012b<\/li>\n<\/ul>\n<p><strong>P\u0101rcel\u0161an\u0101s uz Eiropu - uz\u0146\u0113mumu un priv\u0101tpersonu<\/strong><\/p>\n<ul>\n<li> Person\u012bg\u0101 Eiropas p\u0101rv\u0101k\u0161an\u0101s komanda<\/li>\n<li> Visaptvero\u0161s pied\u0101v\u0101jums un p\u0101rvieto\u0161an\u0101s grafiks<\/li>\n<li> Ekspertu komanda iepako\u0161anas jom\u0101<\/li>\n<li> Pie\u0146emtas nelielas kravas <\/li>\n<li> Pieg\u0101des uz kontinent\u0101lo Eiropu ar autotransportu<\/li>\n<li> Pieg\u0101des uz piekrastes sal\u0101m ar pr\u0101mi vai j\u016bras konteineriem<\/li>\n<li> Pieg\u0101des uz Austrumeiropu ar j\u016bras konteineriem un\/vai autotransportu<\/li>\n<li> Importa un muitas inform\u0101cija, ja piem\u0113rojams<\/li>\n<\/ul>\n<p><strong>Starptautisko un viet\u0113jo komerci\u0101lo un biroja telpu p\u0101rcel\u0161anas speci\u0101listi<\/strong><\/p>\n<ul>\n<li> Tiek nor\u012bkots vec\u0101kais komercp\u0101rst\u0101vis<\/li>\n<li> Detaliz\u0113ts pied\u0101v\u0101jums un darba grafiks<\/li>\n<li> M\u0113r\u0137tiec\u012bgi izstr\u0101d\u0101tas kastes dokumentu un s\u012bku priek\u0161metu izve\u0161anai<\/li>\n<li> Pilns kastu (aizz\u012bmogotu un ar v\u0101ku), iepakojuma materi\u0101lu, rati\u0146u, aizsargp\u0101rsegu un rati\u0146u kl\u0101sts.<\/li>\n<li> Piln\u012bb\u0101 aizsarg\u0101ts IT apr\u012bkojums<\/li>\n<li> IT darbinieki, kas ir gatavi izjaukt un atkal salikt datorus.<\/li>\n<li> Arh\u012bva un dokumentu glab\u0101tuve<\/li>\n<li> Rakst\u0101mgaldu, darbstaciju un plauktu demont\u0101\u017ea un atk\u0101rtota uzst\u0101d\u012b\u0161ana<\/li>\n<li> Piln\u012bgs ku\u0123niec\u012bbas pakalpojums vis\u0101 pasaul\u0113 un Eirop\u0101, k\u0101 ar\u012b IT un sakaru pakalpojumi.<\/li>\n<\/ul>\n<p><strong>P\u0101rvieto\u0161an\u0101s <a href=\"https:\/\/moverdb.com\/lv\/moving-to-the-uk\/\" data-internallinksmanager029f6b8e52c=\"93\" title=\"P\u0101rce\u013caties uz Apvienoto Karalisti? 2022 Dz\u012bves izmaksas un p\u0101rcel\u0161an\u0101s padomi\">APVIENOT\u0100 KARALISTE<\/a><\/strong><\/p>\n<ul>\n<li> Pie\u0161\u0137irts person\u012bgais Apvienot\u0101s Karalistes p\u0101rcel\u0161an\u0101s a\u0123ents<\/li>\n<li> Sniegts detaliz\u0113ts rakstisks pied\u0101v\u0101jums<\/li>\n<li> Pakalpojums no durv\u012bm l\u012bdz durv\u012bm<\/li>\n<li> Eksperti iepako\u0161anas speci\u0101listi<\/li>\n<li> Iesp\u0113jams pieg\u0101d\u0101t iesai\u0146ojuma materi\u0101lus<\/li>\n<li> Apdro\u0161in\u0101\u0161ana organiz\u0113ta<\/li>\n<li> Sak\u0101rtota uzglab\u0101\u0161ana<\/li>\n<\/ul>\n<p><strong>Uzglab\u0101\u0161anas risin\u0101jumi<\/strong><\/p>\n<ul>\n<li> Uz\u0146\u0113mumu, komerci\u0101l\u0101s un priv\u0101t\u0101s pa\u0161glab\u0101\u0161anas vien\u012bbas<\/li>\n<li> Konteineru glab\u0101\u0161ana<\/li>\n<li> Studentu kr\u0101tuve<\/li>\n<li> Biznesa kr\u0101tuve<\/li>\n<li> Arh\u012bva glab\u0101\u0161ana<\/li>\n<li> 24 stundu videonov\u0113ro\u0161ana<\/li>\n<li> Piek\u013cuve darba laik\u0101<\/li>\n<\/ul>\n<p>Tie ir ar\u012b <a href=\"https:\/\/moverdb.com\/lv\/atlas-van-lines-international\/\" rel=\"noopener\" target=\"_blank\">Atlas Van Lines<\/a> a\u0123ents Apvienotaj\u0101 Karalist\u0113.<\/p>\n<h2>Fox Moving &amp; Storage<\/h2>\n<p>Uz\u0146\u0113mumu Fox Moving &amp; Storage 1971. gad\u0101 dibin\u0101ja Rojs Fokss. Vi\u0146a \u0123imene nodarboj\u0101s ar p\u0101rvieto\u0161anas un uzglab\u0101\u0161anas biznesu jau kop\u0161 20. gadsimta 20. gadiem. Kop\u0161 dibin\u0101\u0161anas uz\u0146\u0113mums ir izaudzis no neliela \u0123imenes uz\u0146\u0113muma, kas apkalpoja Dienvidvelsu, l\u012bdz uz\u0146\u0113mumam, kas tagad apmierina starptautisku un viet\u0113jo korporat\u012bvo un priv\u0101to klientu vajadz\u012bbas. Tagad uz\u0146\u0113mumu vada Roja Foksa d\u0113ls un divi mazd\u0113li. <\/p>\n<p>Fox Moving &amp; Storage ap\u0146emas veikt savu uz\u0146\u0113m\u0113jdarb\u012bbu t\u0101, lai izr\u0101d\u012btu cie\u0146u videi, saviem darbiniekiem un, pats galvenais, saviem klientiem. Uz\u0146\u0113mums ap\u0146emas ar\u012b nodro\u0161in\u0101t dro\u0161u un efekt\u012bvu darba vidi, kas b\u016bs izdev\u012bga ne tikai darbiniekiem, bet ar\u012b klientiem.<\/p>\n<p>Fox Moving fili\u0101les un akredit\u0101cijas:<\/p>\n<ul>\n<li> <a href=\"https:\/\/moverdb.com\/lv\/britu-iznemeju-asociacija\/\">Lielbrit\u0101nijas P\u0101rv\u0101c\u0113ju asoci\u0101cija<\/a> (<a href=\"https:\/\/moverdb.com\/lv\/british-association-of-removers\/\" data-internallinksmanager029f6b8e52c=\"9\" title=\"Lielbrit\u0101nijas P\u0101rv\u0101c\u0113ju asoci\u0101cijas (BAR) skaidrojumi\">BAR<\/a>)<\/li>\n<li> Tirdzniec\u012bbas standartu instit\u016bts (TSI)<\/li>\n<li> <a href=\"https:\/\/moverdb.com\/lv\/bars-arvalstis\/\">Lielbrit\u0101nijas P\u0101rv\u0101c\u0113ju asoci\u0101cijas aizj\u016bras grupa<\/a><\/li>\n<li> <a href=\"https:\/\/moverdb.com\/lv\/fidi-faim\/\">Starptautisk\u0101 starptautisko d\u012bleru feder\u0101cija (F\u00e9d\u00e9ration Internationale des D\u00e9m\u00e9nageurs Internationaux)<\/a> (<a href=\"https:\/\/moverdb.com\/lv\/fidi-faim\/\" data-internallinksmanager029f6b8e52c=\"16\" title=\"FIDI un FAIM (FIDI akredit\u0113tais starptautiskais p\u0101rvietot\u0101js) skaidrojums\">FIDI<\/a>)<\/li>\n<li> <a href=\"https:\/\/moverdb.com\/lv\/fidi-faim\/\">FIDI akredit\u0113ts starptautiskais mobilo p\u0101rvad\u0101jumu uz\u0146\u0113mums<\/a> (FAIM)<\/li>\n<li> Kvalit\u0101tes nodro\u0161in\u0101\u0161anas pakalpojuma standarts - Komerci\u0101l\u0101 p\u0101rcel\u0161an\u0101s<\/li>\n<li> Kvalit\u0101tes nodro\u0161in\u0101\u0161anas pakalpojumu standarts - Kvalit\u0101tes vad\u012bbas sist\u0113mas<\/li>\n<li> Kvalit\u0101tes nodro\u0161in\u0101\u0161anas pakalpojuma standarts - Vides p\u0101rvald\u012bbas sist\u0113mas<\/li>\n<\/ul>\n<h2>Fox Moving &amp; Storage Atsauksmes<\/h2>\n<p><strong>Pozit\u012bvs<\/strong><\/p>\n<ul>\n<li> <em>\"Draudz\u012bga un efekt\u012bva p\u0101rv\u0101k\u0161an\u0101s komanda.\"<\/em> - Hamer kungs, izmantojot <a href=\"http:\/\/www.fox-moving.com\/reviews\/\" target=\"_blank\" rel=\"noopener\">Fox Moving atsauksmes lapa<\/a><\/li>\n<li> <em>\"Lielisks, profesion\u0101ls un piekl\u0101j\u012bgs serviss. Nav nek\u0101du s\u016bdz\u012bbu; viss norit\u0113ja saska\u0146\u0101 ar efekt\u012bvu pl\u0101nu. Foxes nav \"visl\u0113t\u0101kie\", bet j\u016bs sa\u0146emat to, par ko maks\u0101jat - kvalit\u0101ti!\"<\/em> - Patr\u012bcija, izmantojot <a href=\"http:\/\/ww2.feefo.com\/en-us\/reviews\/fox-moving\/571f3e07498e08d16aafb163\/customer-review-top-notch-service\" target=\"_blank\" rel=\"noopener\">Feefo<\/a><\/li>\n<li> <em>\"Fox man sniedza nevainojamu servisu - no s\u0101kotn\u0113j\u0101 piepras\u012bjuma l\u012bdz pat projekta pabeig\u0161anai. \u012apa\u0161s paldies j\u0101saka ar\u012b maniem p\u0101rv\u0101c\u0113jiem \u0161aj\u0101 dien\u0101.\"<\/em> - Beverlija, izmantojot <a href=\"http:\/\/trustedtraders.which.co.uk\/businesses\/fox-moving-storage-cwmbran\/\" target=\"_blank\" rel=\"noopener\">Uzticamie tirgot\u0101ji<\/a><\/li>\n<li> <em>\"M\u0113s esam p\u0101rc\u0113lu\u0161ies uz citu valsti 6 reizes tikpat daudzu gadu laik\u0101. P\u0113d\u0113jo reizi p\u0101rc\u0113l\u0101mies no V\u012bnes uz <a href=\"https:\/\/moverdb.com\/lv\/moving-to-london\/\">Londona<\/a> un tas bija lab\u0101kais p\u0101rv\u0101k\u0161an\u0101s solis, k\u0101du jebkad esam piedz\u012bvoju\u0161i, un m\u0113s nevaram pateikties Fox.\"<\/em> - S\u0101ra, izmantojot Facebook.<\/li>\n<\/ul>\n<p><strong>Negat\u012bvs<\/strong><\/p>\n<ul>\n<li> <em>\"M\u0113s ar sievu bij\u0101m \u0161ok\u0113ti par to, cik slikts bija sa\u0146emtais pakalpojums. Apkalpe bija nev\u0113r\u012bga pret m\u016bsu mant\u0101m, neko nedar\u012bja, lai pasarg\u0101tu no briesm\u012bgajiem laikapst\u0101k\u013ciem attiec\u012bgaj\u0101s dien\u0101s.\"<\/em> - Entonijs, izmantojot  <a href=\"http:\/\/ww2.feefo.com\/en-us\/reviews\/fox-moving\/571f3e07498e08d16aafb1a9\/customer-review-a-shockingly-bad-service\" target=\"_blank\" rel=\"noopener\">Feefo<\/a><\/li>\n<li> <em>\"P\u0101rv\u0101c\u0113ji ir nodar\u012bju\u0161i daudz boj\u0101jumu prec\u0113m. Maz uzman\u012bbas. Visur atst\u0101tas mantas, tostarp \u0101rpus\u0113 atst\u0101tas mantas.\"<\/em> - Pols, izmantojot <a href=\"http:\/\/trustedtraders.which.co.uk\/businesses\/fox-moving-storage-cwmbran\/\" target=\"_blank\" rel=\"noopener\">Uzticamie tirgot\u0101ji<\/a><\/li>\n<li> <em>\"\u0160ok\u0113jo\u0161s uz\u0146\u0113mums. P\u0101rv\u0101k\u0161an\u0101s v\u012bri visu dienu str\u012bd\u0113j\u0101s, str\u012bd\u0113j\u0101s un lam\u0101j\u0101s viens ar otru, padarot visu jau t\u0101 stresa pilno p\u0101rv\u0101k\u0161anos par murgiem.\"<\/em> - Maiks, izmantojot <a href=\"https:\/\/www.yell.com\/biz\/fox-moving-and-storage-ltd-cwmbran-6113370\/\" target=\"_blank\" rel=\"noopener\">Kliedziet<\/a><\/li>\n<\/ul>\n<div itemprop=\"review\" itemscope itemtype=\"http:\/\/schema.org\/Review\">\n<span itemprop=\"author\" itemscope=\"\" itemtype=\"http:\/\/schema.org\/Organization\"><span itemprop=\"name\">MoverDB.com<\/span><\/span> Tie\u0161saistes vietnes p\u0101rskats par <span itemprop=\"itemreviewed\" itemscope=\"\" itemtype=\"http:\/\/schema.org\/Brand\"><span itemprop=\"name\">Fox Moving &amp; Storage<\/span><\/span>:<\/p>\n<ol>\n<li> Skaidra kontaktinform\u0101cija t\u012bmek\u013ca vietn\u0113 (tostarp t\u0101lru\u0146a numurs): <strong>J\u0101<\/strong><\/li>\n<li> Viegli ieg\u016bt <a href=\"https:\/\/moverdb.com\/lv\/citati\/\">starptautiskie p\u0101rv\u0101k\u0161an\u0101s cit\u0101ti<\/a>? (Tie\u0161saistes t\u0101mes piepras\u012bjuma veidlapa): <strong>J\u0101<\/strong><\/li>\n<li> Skaidra inform\u0101cija t\u012bmek\u013ca vietn\u0113: <strong>J\u0101<\/strong>, M\u0101jaslap\u0101 ir daudz noder\u012bgas inform\u0101cijas, un taj\u0101 ir informat\u012bvs emu\u0101rs.<\/li>\n<li> Dal\u012bba starptautiski atz\u012bt\u0101s kust\u012bbu organiz\u0101cij\u0101s: <strong>J\u0101<\/strong>, skat\u012bt iepriek\u0161<\/li>\n<li> Klientu saraksts un\/vai iepriek\u0161\u0113jo klientu atsauksmes: <strong>J\u0101<\/strong>, Vietn\u0113 ir lapa, kas velt\u012bta klientu atsauksm\u0113m, un atsauksmes no interneta kopum\u0101 ir \u013coti pozit\u012bvas, un ir tikai da\u017eas negat\u012bvas atsauksmes.<\/li>\n<\/ol>\n<div itemprop=\"reviewRating\" itemscope itemtype=\"http:\/\/schema.org\/Rating\"><meta itemprop=\"worstRating\" content = \"0\" \/><meta itemprop=\"bestRating\" content=\"5\" \/><meta itemprop=\"ratingValue\" content=\"5\"><\/div>\n<p><strong>Kop\u0113jais v\u0113rt\u0113jums: 5\/5<\/strong><br \/>\n<strong>P\u0101rskata datums:<\/strong> <span itemprop=\"datePublished\" content=\"2018-01-30\">30\/01\/18<\/span>\n<\/div>\n<p>Las\u012bt vair\u0101k par <a href=\"https:\/\/moverdb.com\/lv\/starptautiskie-parvaksanas-darbi\/\">starptautisk\u0101 p\u0101rcel\u0161an\u0101s<\/a> un m\u016bsu <a href=\"https:\/\/moverdb.com\/lv\/atsauksmes\/\">p\u0101rskat\u012b\u0161anas process<\/a>.<\/p>\n<p><strong>T\u012bmek\u013ca vietne:<\/strong> <a href=\"http:\/\/www.fox-moving.com\/\" target=\"_blank\" rel=\"noopener\">http:\/\/www.fox-moving.com\/<\/a><\/p>","protected":false},"excerpt":{"rendered":"<p>Fox Moving &#038; Storage is based in Cwmbran, Wales. Below you will find a list of their services both internationally and locally, together with a company profile and reviews. Moving Internationally &#8211; Corporate and Individual Personal international removals agent Comprehensive quotation, moving schedule and timescale Expert packing team Provides customs and excise documentation Local agents [&hellip;]<\/p>\n","protected":false},"author":1,"featured_media":0,"parent":0,"menu_order":0,"comment_status":"closed","ping_status":"closed","template":"","meta":{"_genesis_hide_title":false,"_genesis_hide_breadcrumbs":false,"_genesis_hide_singular_image":false,"_genesis_hide_footer_widgets":false,"_genesis_custom_body_class":"","_genesis_custom_post_class":"","_genesis_layout":"","footnotes":""},"class_list":{"0":"post-906","1":"page","2":"type-page","3":"status-publish","5":"entry"},"_links":{"self":[{"href":"https:\/\/moverdb.com\/lv\/wp-json\/wp\/v2\/pages\/906","targetHints":{"allow":["GET"]}}],"collection":[{"href":"https:\/\/moverdb.com\/lv\/wp-json\/wp\/v2\/pages"}],"about":[{"href":"https:\/\/moverdb.com\/lv\/wp-json\/wp\/v2\/types\/page"}],"author":[{"embeddable":true,"href":"https:\/\/moverdb.com\/lv\/wp-json\/wp\/v2\/users\/1"}],"replies":[{"embeddable":true,"href":"https:\/\/moverdb.com\/lv\/wp-json\/wp\/v2\/comments?post=906"}],"version-history":[{"count":9,"href":"https:\/\/moverdb.com\/lv\/wp-json\/wp\/v2\/pages\/906\/revisions"}],"predecessor-version":[{"id":6211,"href":"https:\/\/moverdb.com\/lv\/wp-json\/wp\/v2\/pages\/906\/revisions\/6211"}],"wp:attachment":[{"href":"https:\/\/moverdb.com\/lv\/wp-json\/wp\/v2\/media?parent=906"}],"curies":[{"name":"wp","href":"https:\/\/api.w.org\/{rel}","templated":true}]}}