{"id":895,"date":"2016-10-11T05:16:54","date_gmt":"2016-10-11T05:16:54","guid":{"rendered":"http:\/\/moverdb.com\/?page_id=895"},"modified":"2026-01-08T14:48:03","modified_gmt":"2026-01-08T14:48:03","slug":"konstantins-kustigs","status":"publish","type":"page","link":"https:\/\/moverdb.com\/lv\/constantine-moving\/","title":{"rendered":"Constantine Moving: Starptautiskie p\u0101rv\u0101k\u0161an\u0101s darbi Atsauksmes"},"content":{"rendered":"<p>Constantine Moving pakalpojumi ir uzskait\u012bti zem\u0101k, kam seko uz\u0146\u0113muma profils un atsauksmes.<\/p>\n<p><strong>Starptautisk\u0101 m\u0101jas p\u0101rv\u0101k\u0161an\u0101s<\/strong><\/p>\n<ul>\n<li> Tik\u0161an\u0101s pirms p\u0101rcel\u0161an\u0101s<\/li>\n<li> Bezmaksas pied\u0101v\u0101jums, p\u0101rvieto\u0161an\u0101s pl\u0101ns un grafiks<\/li>\n<li> \u013boti pieredz\u0113jusi, profesion\u0101li apm\u0101c\u012bta iepako\u0161anas komanda<\/li>\n<li> Pieejama uzglab\u0101\u0161ana<\/li>\n<li> J\u016bras s\u016bt\u012bjums<\/li>\n<li> Aviop\u0101rvad\u0101jumi<\/li>\n<li> Autotransports<\/li>\n<li> Muito\u0161ana<\/li>\n<li> Pieg\u0101de uz jauno m\u0101jvietu<\/li>\n<li> M\u0113be\u013cu izpako\u0161ana un salik\u0161ana<\/li>\n<li> Visa iepakojuma no\u0146em\u0161ana otrreiz\u0113jai p\u0101rstr\u0101dei<\/li>\n<\/ul>\n<p><strong>Fine Art Moving<\/strong><\/p>\n<ul>\n<li> Dizains un auduma futr\u0101\u013ci jebkura izm\u0113ra priek\u0161metiem<\/li>\n<li> Specializ\u0113ts projekta koordinators<\/li>\n<li> Specializ\u0113tie iepako\u0161anas materi\u0101li<\/li>\n<li> Profesion\u0101li apm\u0101c\u012bti un pieredz\u0113ju\u0161i iepako\u0161anas tehni\u0137i<\/li>\n<li> Autotransports, gaisa vai j\u016bras transports<\/li>\n<li> Uzst\u0101diet visu, s\u0101kot no maziem, smalkiem priek\u0161metiem l\u012bdz lieliem muzeja ekspon\u0101tiem.<\/li>\n<li> tehni\u0137i p\u0101rn\u0113s\u0101 p\u0101rvieto\u0161an\u0101s apr\u012bkojumu, piem\u0113ram, sastatnes, k\u0101pnes u. c.<\/li>\n<li> Uzglab\u0101\u0161ana mitruma kontrol\u0113t\u0101 vid\u0113 ar 24 stundu videonov\u0113ro\u0161anu.<\/li>\n<li> Muzeja dekant\u0101ti<\/li>\n<li> Galerijas instal\u0101cijas<\/li>\n<li> Visas kolekcijas p\u0101rvieto\u0161ana<\/li>\n<\/ul>\n<p><strong>Uzglab\u0101\u0161ana<\/strong><\/p>\n<ul>\n<li> Uzglab\u0101\u0161anas telpas, kas aizsarg\u0101tas ar pla\u0161iem dro\u0161\u012bbas pas\u0101kumiem<\/li>\n<li> Mitruma kontrol\u0113ta vide uzglab\u0101to d\u0101rgumu aizsardz\u012bbai<\/li>\n<\/ul>\n<p><strong>Papildu pakalpojumi<\/strong><\/p>\n<ul>\n<li> <a href=\"https:\/\/moverdb.com\/lv\/car-transport-shipping\/\" data-internallinksmanager029f6b8e52c=\"2\" title=\"2026 Starptautiskais autotransports un transportl\u012bdzek\u013cu p\u0101rvad\u0101\u0161anas cit\u0101ti\">Automa\u0161\u012bnu p\u0101rvad\u0101jumi<\/a> &amp; Uzglab\u0101\u0161ana<\/li>\n<li> M\u0101jdz\u012bvnieku p\u0101rvad\u0101\u0161ana<\/li>\n<li> Meistars (specializ\u0113tu m\u0113be\u013cu, apr\u012bkojuma u. c. demont\u0101\u017ea un atk\u0101rtota mont\u0101\u017ea).<\/li>\n<li> Bil\u017eu piekarin\u0101\u0161ana\/ m\u0101kslas instal\u0113\u0161ana<\/li>\n<li> \u012apa\u0161s iesai\u0146ojums (trausliem vai v\u0113rt\u012bgiem priek\u0161metiem).<\/li>\n<li> M\u0101jas uzkop\u0161ana<\/li>\n<li> Maid Service (ve\u013cas mazg\u0101\u0161ana, novieto\u0161ana <a href=\"https:\/\/moverdb.com\/lv\/moving-to-china\/\" data-internallinksmanager029f6b8e52c=\"357\" title=\"P\u0101rcel\u0161an\u0101s uz \u0136\u012bnu? 2023 Dz\u012bves izmaksas un p\u0101rcel\u0161an\u0101s padomi\">\u0136\u012bna<\/a>, stikla izstr\u0101d\u0101jumi, ap\u0123\u0113rbs u. c.)<\/li>\n<li> Elektri\u0137is vai santehni\u0137is<\/li>\n<li> Satel\u012bta TV antenas atvieno\u0161ana un atk\u0101rtota uzst\u0101d\u012b\u0161ana<\/li>\n<li> Specializ\u0113ta \"dro\u0161a\" iz\u0146em\u0161ana<\/li>\n<li> Logu un durvju r\u0101mju no\u0146em\u0161ana un atk\u0101rtota uzst\u0101d\u012b\u0161ana<\/li>\n<li> \u0100r\u0113jais lifts (specializ\u0113ts pac\u0113l\u0101js), lai nok\u013c\u016btu rezidenc\u0113 caur aug\u0161\u0113jiem st\u0101viem<\/li>\n<li> M\u0113be\u013cu noma<\/li>\n<li> M\u0113be\u013cu restaur\u0101cija un remonts<\/li>\n<\/ul>\n<h2>Constantine P\u0101rcel\u0161an\u0101s uz\u0146\u0113muma profils<\/h2>\n<p>Constantine uz\u0146\u0113mumu grupas pirms\u0101kumi mekl\u0113jami 19. gadsimta vid\u016b, kad D\u017eozefs Konstant\u012bns un citi \u0123imenes locek\u013ci ieg\u0101d\u0101j\u0101s uz\u0146\u0113mumu, kam pieder\u0113ja buru ku\u0123i. L\u012bdz laikam, kad tvaiks p\u0101rsp\u0113ja buras, Constantine grupa bija izv\u0113rsusies tikt\u0101l, ka k\u013cuva par vienu no liel\u0101kajiem ku\u0123u \u012bpa\u0161niekiem pasaul\u0113. <a href=\"https:\/\/moverdb.com\/lv\/moving-to-the-uk\/\" data-internallinksmanager029f6b8e52c=\"93\" title=\"P\u0101rce\u013caties uz Apvienoto Karalisti? 2022 Dz\u012bves izmaksas un p\u0101rcel\u0161an\u0101s padomi\">APVIENOT\u0100 KARALISTE<\/a>.<\/p>\n<p>Pirmais un Otrais pasaules kar\u0161 diem\u017e\u0113l aiz\u0146\u0113ma vi\u0146u ku\u0123us, t\u0101p\u0113c grupa piev\u0113rs\u0101s ce\u013co\u0161anai, <a href=\"https:\/\/moverdb.com\/lv\/kravas-ekspeditors\/\">kravu p\u0101rvad\u0101jumi<\/a> un invest\u012bcijas nekustamaj\u0101 \u012bpa\u0161um\u0101. \u0160odien Constantine Moving koncentr\u0113jas uz cilv\u0113ku un m\u0101kslas darbu p\u0101rvieto\u0161anu vis\u0101 pasaul\u0113. Vi\u0146i lepojas ar to, ka vi\u0146iem ir Karaliskais iec\u0113luma orderis, kas apliecina vi\u0146u pakalpojumus karalienei Elizabetei II.<\/p>\n<p>Constantine Moving fili\u0101les un akredit\u0101cijas:<\/p>\n<ul>\n<li> <a href=\"https:\/\/moverdb.com\/lv\/britu-iznemeju-asociacija\/\">Lielbrit\u0101nijas P\u0101rv\u0101c\u0113ju asoci\u0101cija<\/a> (<a href=\"https:\/\/moverdb.com\/lv\/british-association-of-removers\/\" data-internallinksmanager029f6b8e52c=\"9\" title=\"Lielbrit\u0101nijas P\u0101rv\u0101c\u0113ju asoci\u0101cijas (BAR) skaidrojumi\">BAR<\/a>)<\/li>\n<li> <a href=\"https:\/\/moverdb.com\/lv\/fidi-faim\/\">FIDI<\/a><\/li>\n<li> <a href=\"https:\/\/moverdb.com\/lv\/fidi-faim\/\">FAIM<\/a><\/li>\n<li> Tirdzniec\u012bbas standartu instit\u016bts (TSI)<\/li>\n<li> <a href=\"https:\/\/moverdb.com\/lv\/esmu\/\">Starptautisk\u0101 P\u0101rv\u0101c\u0113ju asoci\u0101cija<\/a> (<a href=\"https:\/\/moverdb.com\/lv\/iam\/\" data-internallinksmanager029f6b8e52c=\"23\" title=\"Starptautisk\u0101s P\u0101rv\u0101c\u0113ju asoci\u0101cijas (IAM) skaidrojumi\">IAM<\/a>)<\/li>\n<li> Starptautisk\u0101 m\u0101kslas p\u0101rvad\u0101t\u0101ju tik\u0161an\u0101s (ARTIM)<\/li>\n<li> P\u0113c iecel\u0161anas pie Vi\u0146as Majest\u0101tes karalienes<\/li>\n<\/ul>\n<h2>Constantine Moving Atsauksmes<\/h2>\n<p><em>Pa\u0161laik nav pozit\u012bvu vai negat\u012bvu atsauksmju par Constantine Moving tie\u0161saist\u0113.<\/em><\/p>\n<div itemprop=\"review\" itemscope itemtype=\"http:\/\/schema.org\/Review\">\n<span itemprop=\"author\" itemscope=\"\" itemtype=\"http:\/\/schema.org\/Organization\"><span itemprop=\"name\">MoverDB.com<\/span><\/span> Tie\u0161saistes vietnes p\u0101rskats par <span itemprop=\"itemreviewed\" itemscope=\"\" itemtype=\"http:\/\/schema.org\/Brand\"><span itemprop=\"name\">Constantine Moving<\/span><\/span>:<\/p>\n<ol>\n<li> Skaidra kontaktinform\u0101cija t\u012bmek\u013ca vietn\u0113 (tostarp t\u0101lru\u0146a numurs): <strong>J\u0101<\/strong><\/li>\n<li> Viegli ieg\u016bt <a href=\"https:\/\/moverdb.com\/lv\/citati\/\">starptautiskie p\u0101rv\u0101k\u0161an\u0101s cit\u0101ti<\/a>? (Tie\u0161saistes t\u0101mes piepras\u012bjuma veidlapa): <strong>N\u0113<\/strong><\/li>\n<li> Skaidra inform\u0101cija t\u012bmek\u013ca vietn\u0113: <strong>Da\u017ei,<\/strong> T\u012bmek\u013ca vietn\u0113 nav daudz detaliz\u0113tas inform\u0101cijas. T\u0101 tiek sniegta pl\u0101no\u0161anas posm\u0101.<\/li>\n<li> Dal\u012bba starptautiski atz\u012bt\u0101s kust\u012bbu organiz\u0101cij\u0101s: <strong>J\u0101<\/strong>skat\u012bt iepriek\u0161.<\/li>\n<li> Klientu saraksts un\/vai iepriek\u0161\u0113jo klientu atsauksmes: <strong>N\u0113<\/strong>, lai gan vi\u0146u klientu vid\u016b ir ar\u012b karaliene Elizabete II un karalisk\u0101 \u0123imene.<\/li>\n<\/ol>\n<div itemprop=\"reviewRating\" itemscope itemtype=\"http:\/\/schema.org\/Rating\"><meta itemprop=\"worstRating\" content = \"0\" \/><meta itemprop=\"bestRating\" content=\"5\" \/><meta itemprop=\"ratingValue\" content=\"4\"><\/div>\n<p><strong>Kop\u0113jais v\u0113rt\u0113jums: 4\/5<\/strong><br \/>\n<strong>P\u0101rskata datums:<\/strong> <span itemprop=\"datePublished\" content=\"2016-10-11\">11\/10\/16<\/span>\n<\/div>\n<p>Uzziniet vair\u0101k par <a href=\"https:\/\/moverdb.com\/lv\/starptautiskie-parvaksanas-darbi\/\">Starptautisk\u0101s p\u0101rcel\u0161an\u0101s uz\u0146\u0113mumi<\/a> un m\u016bsu <a href=\"https:\/\/moverdb.com\/lv\/atsauksmes\/\">p\u0101rskat\u012b\u0161anas process<\/a>.<\/p>\n<p><strong>T\u012bmek\u013ca vietne:<\/strong> <a href=\"http:\/\/www.constantinemoving.com\/\" target=\"_blank\" rel=\"noopener\">http:\/\/www.constantinemoving.com\/<\/a><\/p>","protected":false},"excerpt":{"rendered":"<p>The services of Constantine Moving are listed below, following by a company profile and reviews. International Home Moving Pre-move appointment Free quote, move plan and timetable Highly experienced professionally trained packing crew Storage available Sea shipment Air shipment Road transportation Customs clearance Delivery to new home Unpacking and reassembling of furniture Removal of all packing [&hellip;]<\/p>\n","protected":false},"author":1,"featured_media":0,"parent":0,"menu_order":0,"comment_status":"closed","ping_status":"closed","template":"","meta":{"_genesis_hide_title":false,"_genesis_hide_breadcrumbs":false,"_genesis_hide_singular_image":false,"_genesis_hide_footer_widgets":false,"_genesis_custom_body_class":"","_genesis_custom_post_class":"","_genesis_layout":"","footnotes":""},"class_list":{"0":"post-895","1":"page","2":"type-page","3":"status-publish","5":"entry"},"_links":{"self":[{"href":"https:\/\/moverdb.com\/lv\/wp-json\/wp\/v2\/pages\/895","targetHints":{"allow":["GET"]}}],"collection":[{"href":"https:\/\/moverdb.com\/lv\/wp-json\/wp\/v2\/pages"}],"about":[{"href":"https:\/\/moverdb.com\/lv\/wp-json\/wp\/v2\/types\/page"}],"author":[{"embeddable":true,"href":"https:\/\/moverdb.com\/lv\/wp-json\/wp\/v2\/users\/1"}],"replies":[{"embeddable":true,"href":"https:\/\/moverdb.com\/lv\/wp-json\/wp\/v2\/comments?post=895"}],"version-history":[{"count":3,"href":"https:\/\/moverdb.com\/lv\/wp-json\/wp\/v2\/pages\/895\/revisions"}],"predecessor-version":[{"id":6195,"href":"https:\/\/moverdb.com\/lv\/wp-json\/wp\/v2\/pages\/895\/revisions\/6195"}],"wp:attachment":[{"href":"https:\/\/moverdb.com\/lv\/wp-json\/wp\/v2\/media?parent=895"}],"curies":[{"name":"wp","href":"https:\/\/api.w.org\/{rel}","templated":true}]}}