{"id":893,"date":"2016-09-28T05:29:53","date_gmt":"2016-09-28T05:29:53","guid":{"rendered":"http:\/\/moverdb.com\/?page_id=893"},"modified":"2026-01-08T14:40:01","modified_gmt":"2026-01-08T14:40:01","slug":"john-mason","status":"publish","type":"page","link":"https:\/\/moverdb.com\/lv\/john-mason\/","title":{"rendered":"John Mason International Movers: P\u0101rv\u0101k\u0161an\u0101s atsauksmes"},"content":{"rendered":"<p>John Mason International Movers pied\u0101v\u0101 klientiem da\u017e\u0101dus p\u0101rcel\u0161an\u0101s pakalpojumus, kas uzskait\u012bti zem\u0101k. Turpat ir ar\u012b uz\u0146\u0113muma profils un atsauksmes.<\/p>\n<p><strong><a href=\"https:\/\/moverdb.com\/lv\/container-shipping\/\" data-internallinksmanager029f6b8e52c=\"3\" title=\"Starptautisko konteineru p\u0101rvad\u0101jumu tarifu diagramma: Apr\u012blis 2026\">Starptautisk\u0101 pieg\u0101de<\/a> Pakalpojumi - uz un no <a href=\"https:\/\/moverdb.com\/lv\/moving-to-the-uk\/\" data-internallinksmanager029f6b8e52c=\"93\" title=\"P\u0101rce\u013caties uz Apvienoto Karalisti? 2022 Dz\u012bves izmaksas un p\u0101rcel\u0161an\u0101s padomi\">APVIENOT\u0100 KARALISTE<\/a><\/strong><\/p>\n<ul>\n<li> Pakalpojums no durv\u012bm l\u012bdz durv\u012bm<\/li>\n<li> Specializ\u0113ts p\u0101rcel\u0161an\u0101s vad\u012bt\u0101js<\/li>\n<li> Profesion\u0101la eksporta iepako\u0161ana m\u0101j\u0101s<\/li>\n<li> Nos\u016bt\u012b\u0161ana pa gaisu vai j\u016bru<\/li>\n<li> <a href=\"https:\/\/moverdb.com\/lv\/konteineru-parvadajumi\/\">Pilna konteinera iel\u0101de vai koplieto\u0161anas konteiners<\/a><\/li>\n<li> Atsevi\u0161\u0137u vien\u012bbu bag\u0101\u017eas p\u0101rvad\u0101\u0161ana<\/li>\n<li> Profesion\u0101lu a\u0123entu t\u012bkls vis\u0101 pasaul\u0113<\/li>\n<li> Muito\u0161ana<\/li>\n<li> Pieg\u0101de un izpako\u0161ana jaunaj\u0101 m\u0101jokl\u012b<\/li>\n<li> Uzglab\u0101\u0161ana izcelsmes un galam\u0113r\u0137a viet\u0101<\/li>\n<li> Visu risku j\u016bras apdro\u0161in\u0101\u0161ana<\/li>\n<li> M\u0101jkalpot\u0101ju un apkop\u0113ju pakalpojumi<\/li>\n<\/ul>\n<p><strong>Starptautiskie p\u0101rvieto\u0161anas pakalpojumi<\/strong><\/p>\n<ul>\n<li> Pal\u012bdz\u012bba m\u0101jas p\u0101rdo\u0161an\u0101<\/li>\n<li> Izbrauk\u0161anas pakalpojums - visu nesak\u0101rtoto jaut\u0101jumu, piem\u0113ram, s\u012bku remontu un uzkop\u0161anas, sak\u0101rto\u0161ana.<\/li>\n<li> P\u0101rvieto\u0161anas p\u0101rvald\u012bba<\/li>\n<li> Orient\u0113\u0161an\u0101s ekskursijas - tostarp \u012bpa\u0161uma un skolu apskate<\/li>\n<li> Kult\u016bras un valodas apm\u0101c\u012bba<\/li>\n<li> Iek\u0101rto\u0161an\u0101s - bankas kontu atv\u0113r\u0161ana, re\u0123istr\u0101cija pie \u0101rsta un zob\u0101rsta un neskait\u0101mi citi dz\u012bves atvieglo\u0161anas uzdevumi.<\/li>\n<li> M\u0101jdz\u012bvnieku p\u0101rvieto\u0161ana<\/li>\n<\/ul>\n<p><strong>Pieg\u0101de un p\u0101rcel\u0161an\u0101s Eirop\u0101<\/strong><\/p>\n<ul>\n<li> M\u0113r\u0137tiec\u012bgi veidots Eiropas transportl\u012bdzek\u013cu parks<\/li>\n<li> \u012apa\u0161i p\u0101rcel\u0161an\u0101s vad\u012bt\u0101ji<\/li>\n<li> Pakalpojums no durv\u012bm l\u012bdz durv\u012bm<\/li>\n<li> Specializ\u0113tais pakalpojums - transportl\u012bdzekl\u012b tiks p\u0101rvad\u0101tas vienas personas\/uz\u0146\u0113muma preces.<\/li>\n<li> Da\u013c\u0113jas noslodzes pakalpojums<\/li>\n<li> Iesp\u0113ja iepakot - iepakots \u012bpa\u0161nieka, profesion\u0101li iepakoti izv\u0113l\u0113ti priek\u0161meti, profesion\u0101li iepakots pilns iepakojums<\/li>\n<li> Pal\u012bdz\u012bba muitas un akc\u012bzes jom\u0101, ja piem\u0113rojams<\/li>\n<li> Uzglab\u0101\u0161ana <\/li>\n<li> Apdro\u0161in\u0101\u0161ana<\/li>\n<li> Var organiz\u0113t aviop\u0101rvad\u0101jumus<\/li>\n<\/ul>\n<p><strong>Tirdzniec\u012bbas ku\u0123niec\u012bbas pakalpojumi<\/strong><\/p>\n<ul>\n<li> Gaisa kravu p\u0101rvad\u0101jumi<\/li>\n<li> FCL<\/li>\n<li> LCL<\/li>\n<li> Groupage<\/li>\n<li> Eiropas autotransporta pakalpojumi<\/li>\n<\/ul>\n<p><strong>Uzglab\u0101\u0161anas pakalpojumi<\/strong><\/p>\n<ul>\n<li> Arh\u012bva glab\u0101\u0161ana<\/li>\n<li> Laivu uzglab\u0101\u0161ana<\/li>\n<li> Autofurgonu uzglab\u0101\u0161ana<\/li>\n<li> Komerci\u0101l\u0101 uzglab\u0101\u0161ana<\/li>\n<li> M\u0101jsaimniec\u012bbas kr\u0101tuve<\/li>\n<li> Motociklu glab\u0101\u0161ana<\/li>\n<li> Pa\u0161glab\u0101\u0161an\u0101s<\/li>\n<li> Studentu kr\u0101tuve<\/li>\n<li> Transportl\u012bdzek\u013cu glab\u0101\u0161ana<\/li>\n<\/ul>\n<h2>John Mason International Movers Uz\u0146\u0113muma profils<\/h2>\n<p>John Mason International Movers 1884. gad\u0101 dibin\u0101ja Mary Mason. Vi\u0146ai pievienoj\u0101s d\u0113ls D\u017eons Meisons 1887. gad\u0101, kad vi\u0146u galven\u0101 nodarbo\u0161an\u0101s bija og\u013cu p\u0101rvad\u0101\u0161ana. D\u017eons Meisons 1890. gad\u0101 p\u0101r\u0146\u0113ma uz\u0146\u0113m\u0113jdarb\u012bbu no savas m\u0101tes un uzs\u0101ka visp\u0101r\u0113ju kravu p\u0101rvad\u0101\u0161anu un p\u0101rkrau\u0161anu. <a href=\"https:\/\/moverdb.com\/lv\/moving-companies\/\" data-internallinksmanager029f6b8e52c=\"79\" title=\"Top 25 Starptautiskie p\u0101rcel\u0161an\u0101s uz\u0146\u0113mumi tie\u0161saist\u0113\">P\u0101rvieto\u0161an\u0101s uz\u0146\u0113mums<\/a>. Uz\u0146\u0113mums turpin\u0101ja papla\u0161in\u0101ties un uzplaukt, un 1955. gad\u0101 tas s\u0101ka sniegt ikdienas p\u0101rcel\u0161an\u0101s pakalpojumus uz... <a href=\"https:\/\/moverdb.com\/lv\/moving-to-ireland\/\" data-internallinksmanager029f6b8e52c=\"320\" title=\"P\u0101rcel\u0161an\u0101s uz \u012ariju? 2023 Dz\u012bves izmaksas un p\u0101rcel\u0161an\u0101s padomi\">\u012arija<\/a>. <\/p>\n<p>John Mason ir turpin\u0101jis augt un tagad ik gadu veic vid\u0113ji 8000 p\u0101rcel\u0161an\u0101s darbu vis\u0101 pasaul\u0113. \u0160\u012b \u0123imenes vad\u012bt\u0101 uz\u0146\u0113muma pamat\u0101 ir starptautiskie p\u0101rv\u0101k\u0161an\u0101s darbi, uz\u0146\u0113mumu un komerci\u0101lie p\u0101rv\u0101k\u0161an\u0101s darbi, k\u0101 ar\u012b m\u0101jsaimniec\u012bbu p\u0101rv\u0101k\u0161an\u0101s un uzglab\u0101\u0161ana. Uz\u0146\u0113muma v\u012bzija ir nodro\u0161in\u0101t piln\u012bgi elast\u012bgus p\u0101rcel\u0161an\u0101s pakalpojumus, uzsvaru liekot uz \u0123imenes v\u0113rt\u012bb\u0101m un godpr\u0101t\u012bbu.<\/p>\n<p>D\u017eona Meisona fili\u0101les un akredit\u0101cijas:<\/p>\n<ul>\n<li> <a href=\"https:\/\/moverdb.com\/lv\/britu-iznemeju-asociacija\/\">Lielbrit\u0101nijas P\u0101rv\u0101c\u0113ju asoci\u0101cija<\/a> (<a href=\"https:\/\/moverdb.com\/lv\/british-association-of-removers\/\" data-internallinksmanager029f6b8e52c=\"9\" title=\"Lielbrit\u0101nijas P\u0101rv\u0101c\u0113ju asoci\u0101cijas (BAR) skaidrojumi\">BAR<\/a>)<\/li>\n<li> <a href=\"https:\/\/moverdb.com\/lv\/bars-arvalstis\/\">Lielbrit\u0101nijas P\u0101rv\u0101c\u0113ju asoci\u0101cija P\u0101rv\u0101c\u0113js no \u0101rzem\u0113m<\/a><\/li>\n<li> Overseas Moving Network International (OMNI)<\/li>\n<li> <a href=\"https:\/\/moverdb.com\/lv\/fidi-faim\/\">Starptautisk\u0101 Starptautisko P\u0101rv\u0101c\u0113ju feder\u0101cija<\/a> (<a href=\"https:\/\/moverdb.com\/lv\/fidi-faim\/\" data-internallinksmanager029f6b8e52c=\"16\" title=\"FIDI un FAIM (FIDI akredit\u0113tais starptautiskais p\u0101rvietot\u0101js) skaidrojums\">FIDI<\/a>)<\/li>\n<li> <a href=\"https:\/\/moverdb.com\/lv\/fidi-faim\/\">FAIM<\/a><\/li>\n<li> <a href=\"https:\/\/moverdb.com\/lv\/mtc\/\">P\u0101rvietot\u0101ji Trading Club<\/a> (<a href=\"https:\/\/moverdb.com\/lv\/mtc\/\" data-internallinksmanager029f6b8e52c=\"30\" title=\"Movers Trading Club (MTC) Paskaidrots\">MTC<\/a>)<\/li>\n<li> Tirdzniec\u012bbas standartu instit\u016bts<\/li>\n<li> <a href=\"https:\/\/moverdb.com\/lv\/lacma\/\">Lat\u012b\u0146amerikas un Kar\u012bbu j\u016bras re\u0123iona valstu Starptautisko p\u0101rv\u0101c\u0113ju asoci\u0101cija<\/a> (<a href=\"https:\/\/moverdb.com\/lv\/lacma\/\" data-internallinksmanager029f6b8e52c=\"28\" title=\"Lat\u012b\u0146amerikas un Kar\u012bbu j\u016bras re\u0123iona valstu Starptautisko P\u0101rv\u0101c\u0113ju asoci\u0101cija (LACMA)\">LACMA<\/a>)<\/li>\n<\/ul>\n<h2>John Mason International Movers Atsauksmes<\/h2>\n<p><strong>Pozit\u012bvs<\/strong><\/p>\n<ul>\n<li> <em>\"Visa mana pieredze ar John Mason's ir bijusi \u013coti laba, s\u0101kot ar Tonija apseko\u0161anu un beidzot ar \u0161odienu, kad konteiners tiek iepakots, es noteikti ieteiktu John Mason sniegt p\u0101rcel\u0161an\u0101s pakalpojumus.\"<\/em> - M.H. South Shields no <a href=\"http:\/\/www.johnmason.com\/about-us\/\" target=\"_blank\" rel=\"noopener\">D\u017eona Masona t\u012bmek\u013ca vietne<\/a>.<\/li>\n<li> <em>\"Es uzskatu, ka John Masons komanda ir izcila. S\u0101kot ar m\u0101jas apmekl\u0113jumu, bie\u017eiem atjaunin\u0101jumiem, p\u0101rv\u0101k\u0161an\u0101s v\u012briem - viss bija fantastiski.\"<\/em> - Jaclyn via <a href=\"https:\/\/www.facebook.com\/johnmasoninternational\/reviews\/\" target=\"_blank\" rel=\"noopener\">Facebook p\u0101rskats<\/a><\/li>\n<li><em>\"M\u0113s to pa\u0161u dar\u012bj\u0101m pirms 3 m\u0113ne\u0161iem, izmantojot John Masons starptautiskos p\u0101rvietot\u0101jus. Vi\u0146i veica ar\u012b iepako\u0161anu un izpako\u0161anu. Es nevaru vi\u0146us ieteikt, neviena lieta netika salauzta vai pazaud\u0113ta.\"<\/em> - izmantojot <a href=\"http:\/\/www.mumsnet.com\/Talk\/living_overseas\/1535416-Shipping-to-Australia\" target=\"_blank\" rel=\"noopener\">Mumsnet<\/a><\/li>\n<\/ul>\n<p><strong>Negat\u012bvs<\/strong><\/p>\n<p>Tikai <strong>6%<\/strong> Trustpilot ir 1 vai 2 zvaigznes, sal\u012bdzinot ar <strong>93%<\/strong> kas ir 4 vai 5 zvaigznes. J\u016bs varat izlas\u012bt visas \u0161\u012bs atsauksmes <a href=\"https:\/\/uk.trustpilot.com\/review\/www.johnmason.com\" rel=\"noopener\" target=\"_blank\">\u0161eit<\/a>.  <\/p>\n<div itemprop=\"review\" itemscope itemtype=\"http:\/\/schema.org\/Review\">\n<span itemprop=\"author\" itemscope=\"\" itemtype=\"http:\/\/schema.org\/Organization\"><span itemprop=\"name\">MoverDB.com<\/span><\/span> Tie\u0161saistes vietnes p\u0101rskats par <span itemprop=\"itemreviewed\" itemscope=\"\" itemtype=\"http:\/\/schema.org\/Brand\"><span itemprop=\"name\">John Mason International Movers<\/span><\/span>:<\/p>\n<ol>\n<li> Skaidra kontaktinform\u0101cija t\u012bmek\u013ca vietn\u0113 (tostarp t\u0101lru\u0146a numurs): <strong>J\u0101<\/strong><\/li>\n<li> Viegli ieg\u016bt <a href=\"https:\/\/moverdb.com\/lv\/citati\/\">starptautiskie p\u0101rv\u0101k\u0161an\u0101s cit\u0101ti<\/a>? (Tie\u0161saistes t\u0101mes piepras\u012bjuma veidlapa): <strong>J\u0101<\/strong><\/li>\n<li> Skaidra inform\u0101cija t\u012bmek\u013ca vietn\u0113: <strong>J\u0101,<\/strong> T\u012bmek\u013ca vietne ir diezgan izsme\u013co\u0161a, tom\u0113r p\u0113c piepras\u012bjuma tiks sniegta s\u012bk\u0101ka inform\u0101cija.<\/li>\n<li> Dal\u012bba starptautiski atz\u012bt\u0101s kust\u012bbas organiz\u0101cij\u0101s: <strong>J\u0101<\/strong>skat\u012bt iepriek\u0161.<\/li>\n<li> Klientu saraksts un\/vai iepriek\u0161\u0113jo klientu atsauksmes: <strong>Da\u017ei,<\/strong> katras lapas apak\u0161\u0101 ir klientu atsauksmes, ta\u010du t\u0101m nav velt\u012btas speci\u0101las lapas. Turkl\u0101t, lai gan tie\u0161saist\u0113 ir p\u0101rsvar\u0101 pozit\u012bvas atsauksmes, ir ar\u012b da\u017eas negat\u012bvas.<\/li>\n<\/ol>\n<div itemprop=\"reviewRating\" itemscope itemtype=\"http:\/\/schema.org\/Rating\"><meta itemprop=\"worstRating\" content = \"0\" \/><meta itemprop=\"bestRating\" content=\"5\" \/><meta itemprop=\"ratingValue\" content=\"4\"><\/div>\n<p><strong>Kop\u0113jais v\u0113rt\u0113jums: 4\/5<\/strong><br \/>\n<strong>P\u0101rskata datums:<\/strong> <span itemprop=\"datePublished\" content=\"2019-01-18\">18\/01\/2019<\/span>\n<\/div>\n<p>Las\u012bt vair\u0101k par <a href=\"https:\/\/moverdb.com\/lv\/starptautiskie-parvaksanas-darbi\/\">Starptautisk\u0101s p\u0101rcel\u0161an\u0101s uz\u0146\u0113mumi<\/a> un m\u016bsu <a href=\"https:\/\/moverdb.com\/lv\/atsauksmes\/\">p\u0101rskat\u012b\u0161anas process<\/a>.<\/p>\n<p><strong>T\u012bmek\u013ca vietne:<\/strong> <a href=\"http:\/\/www.johnmason.com\/\" target=\"_blank\" rel=\"noopener\">http:\/\/www.johnmason.com\/<\/a><\/p>","protected":false},"excerpt":{"rendered":"<p>John Mason International Movers offers clients various removal services which are listed below. There also follows a company profile and reviews. International Shipping Services &#8211; To and From the UK Door to door service Dedicated move manager Professional export packing at home Shipping by air or sea Full container load or shared container Baggage service [&hellip;]<\/p>\n","protected":false},"author":1,"featured_media":0,"parent":0,"menu_order":0,"comment_status":"closed","ping_status":"closed","template":"","meta":{"_genesis_hide_title":false,"_genesis_hide_breadcrumbs":false,"_genesis_hide_singular_image":false,"_genesis_hide_footer_widgets":false,"_genesis_custom_body_class":"","_genesis_custom_post_class":"","_genesis_layout":"","footnotes":""},"class_list":{"0":"post-893","1":"page","2":"type-page","3":"status-publish","5":"entry"},"_links":{"self":[{"href":"https:\/\/moverdb.com\/lv\/wp-json\/wp\/v2\/pages\/893","targetHints":{"allow":["GET"]}}],"collection":[{"href":"https:\/\/moverdb.com\/lv\/wp-json\/wp\/v2\/pages"}],"about":[{"href":"https:\/\/moverdb.com\/lv\/wp-json\/wp\/v2\/types\/page"}],"author":[{"embeddable":true,"href":"https:\/\/moverdb.com\/lv\/wp-json\/wp\/v2\/users\/1"}],"replies":[{"embeddable":true,"href":"https:\/\/moverdb.com\/lv\/wp-json\/wp\/v2\/comments?post=893"}],"version-history":[{"count":8,"href":"https:\/\/moverdb.com\/lv\/wp-json\/wp\/v2\/pages\/893\/revisions"}],"predecessor-version":[{"id":13168,"href":"https:\/\/moverdb.com\/lv\/wp-json\/wp\/v2\/pages\/893\/revisions\/13168"}],"wp:attachment":[{"href":"https:\/\/moverdb.com\/lv\/wp-json\/wp\/v2\/media?parent=893"}],"curies":[{"name":"wp","href":"https:\/\/api.w.org\/{rel}","templated":true}]}}