{"id":892,"date":"2016-10-03T05:36:50","date_gmt":"2016-10-03T05:36:50","guid":{"rendered":"http:\/\/moverdb.com\/?page_id=892"},"modified":"2026-01-08T14:48:20","modified_gmt":"2026-01-08T14:48:20","slug":"fn-removals","status":"publish","type":"page","link":"https:\/\/moverdb.com\/lv\/fn-removals\/","title":{"rendered":"F&amp;N Worldwide Removals: P\u0101rv\u0101k\u0161an\u0101s atsauksmes par starptautisko p\u0101rv\u0101k\u0161anos"},"content":{"rendered":"<p>Zem\u0101k ir uzskait\u012bti F&amp;N Worldwide Removals pakalpojumi, k\u0101 ar\u012b uz\u0146\u0113muma profils un atsauksmes.<\/p>\n<p><strong>Starptautiskie un Eiropas p\u0101rv\u0101k\u0161an\u0101s pakalpojumi<\/strong><\/p>\n<ul>\n<li> Pakalpojums no durv\u012bm l\u012bdz durv\u012bm<\/li>\n<li> Ekspertu iepako\u0161ana<\/li>\n<li> P\u0113c pas\u016bt\u012bjuma izgatavotas kastes, ja nepiecie\u0161ams<\/li>\n<li> Ja nepiecie\u0161ams, uzglab\u0101\u0161ana<\/li>\n<li> organiz\u0113t sauszemes, j\u016bras vai gaisa transportu<\/li>\n<li> Sak\u0101rtot <a href=\"https:\/\/moverdb.com\/lv\/auto-transporta-nosutisana\/\">transportl\u012bdzek\u013cu nos\u016bt\u012b\u0161ana<\/a><\/li>\n<li> Izpako\u0161ana p\u0113c iera\u0161an\u0101s galam\u0113r\u0137\u012b<\/li>\n<li> Eksperti, kas pieejami <a href=\"https:\/\/moverdb.com\/lv\/moving-to-the-uk\/\" data-internallinksmanager029f6b8e52c=\"93\" title=\"P\u0101rce\u013caties uz Apvienoto Karalisti? 2022 Dz\u012bves izmaksas un p\u0101rcel\u0161an\u0101s padomi\">APVIENOT\u0100 KARALISTE<\/a> un galam\u0113r\u0137a valsts<\/li>\n<li> Darbs ar muitas un ku\u0123niec\u012bbas uz\u0146\u0113mumiem<\/li>\n<li> Organiz\u0113ta apdro\u0161in\u0101\u0161ana<\/li>\n<li> Organiz\u0113t transportu no galam\u0113r\u0137a <a href=\"https:\/\/moverdb.com\/lv\/top-49-container-ports\/\" data-internallinksmanager029f6b8e52c=\"80\" title=\"49 liel\u0101kie un noslogot\u0101kie konteineru ostas 2025. gad\u0101\">osta<\/a><\/li>\n<\/ul>\n<p><strong>Starptautisk\u0101 uz\u0146\u0113mumu p\u0101rvieto\u0161ana<\/strong><\/p>\n<ul>\n<li> Apsekojuma apmekl\u0113jums, lai apspriestu lo\u0123istiku<\/li>\n<li> Pakalpojums no durv\u012bm l\u012bdz durv\u012bm<\/li>\n<li> Profesion\u0101la iepako\u0161ana un izpako\u0161ana<\/li>\n<li> <a href=\"https:\/\/moverdb.com\/lv\/car-transport-shipping\/\" data-internallinksmanager029f6b8e52c=\"2\" title=\"2026 Starptautiskais autotransports un transportl\u012bdzek\u013cu p\u0101rvad\u0101\u0161anas cit\u0101ti\">Transportl\u012bdzek\u013cu nos\u016bt\u012b\u0161ana<\/a><\/li>\n<li> IT pakalpojumi datoru t\u012bklu demont\u0101\u017eai un atk\u0101rtotai mont\u0101\u017eai<\/li>\n<li> Organiz\u0113t darbinieku mekl\u0113\u0161anu skol\u0101s un m\u0101j\u0101s<\/li>\n<li> M\u0113be\u013cu noma<\/li>\n<li> Ekspatriantu kluba pas\u0101kumi<\/li>\n<li> Kult\u016bras aklimatiz\u0101cijas san\u0101ksmes<\/li>\n<li> Darbs ar muitu un <a href=\"https:\/\/moverdb.com\/lv\/kugniecibas-uznemumi\/\">ku\u0123niec\u012bbas uz\u0146\u0113mumi<\/a><\/li>\n<li> Apdro\u0161in\u0101\u0161ana organiz\u0113ta<\/li>\n<li> Transports no galam\u0113r\u0137a ostas<\/li>\n<\/ul>\n<p><strong>P\u0101rv\u0101k\u0161an\u0101s Apvienotaj\u0101 Karalist\u0113<\/strong><\/p>\n<ul>\n<li> 25 m\u016bsdien\u012bgi p\u0101rvietojamie transportl\u012bdzek\u013ci<\/li>\n<li> Pakalpojums no durv\u012bm l\u012bdz durv\u012bm<\/li>\n<li> Profesion\u0101la iepako\u0161ana un izpako\u0161ana, ja nepiecie\u0161ams<\/li>\n<li> Pieejamas kastes un iepako\u0161anas materi\u0101li<\/li>\n<li> Ja nepiecie\u0161ams, uzglab\u0101\u0161ana<\/li>\n<li> Apdro\u0161in\u0101\u0161anas organiz\u0113\u0161ana<\/li>\n<\/ul>\n<p><strong>Uzglab\u0101\u0161ana<\/strong><\/p>\n<ul>\n<li> Pa\u0161glab\u0101\u0161ana ar 24 stundu piek\u013cuvi un videonov\u0113ro\u0161anu<\/li>\n<li> Dokumentu un arh\u012bvu glab\u0101\u0161ana<\/li>\n<li> Ilgtermi\u0146a uzglab\u0101\u0161ana konteineros<\/li>\n<\/ul>\n<h2>F&amp;N Worldwide Removals Uz\u0146\u0113muma profils<\/h2>\n<p>Komp\u0101nija F&amp;N Worldwide Removals savu darb\u012bbu uzs\u0101ka 1980. gad\u0101 Berl\u012bn\u0113, bet dr\u012bz p\u0113c tam p\u0101rc\u0113l\u0101s uz Angliju. S\u0101kotn\u0113ji F&amp;N p\u0101rveda milit\u0101r\u0101s preces un pak\u0101peniski ien\u0101ca Apvienot\u0101s Karalistes p\u0101rvad\u0101jumu tirg\u016b. Uz\u0146\u0113mums papla\u0161in\u0101j\u0101s, iek\u013caujot priv\u0101tos un tirdzniec\u012bbas p\u0101rv\u0101k\u0161an\u0101s darbus Eirop\u0101. Uz\u0146\u0113mums turpin\u0101ja augt, ievie\u0161ot pa\u0161glab\u0101\u0161anas telpas, biroju p\u0101rvieto\u0161anu un import\u0113\u0161anas noda\u013cu.<\/p>\n<p>F&amp;N Worldwide Removals tagad p\u0101rvieto cilv\u0113kus, uz\u0146\u0113mumus un preces vis\u0101 pasaul\u0113. Uz\u0146\u0113mumam ir stingra ap\u0146em\u0161an\u0101s r\u016bp\u0113ties par vidi, \u012bstenojot daudzas videi draudz\u012bgas iniciat\u012bvas. Uz\u0146\u0113mums ir p\u0101rliecin\u0101ts par izcilu klientu apkalpo\u0161anu un apmierin\u0101t\u012bbu.<\/p>\n<p>F&amp;N Worldwide Removals Saist\u012bbas un akredit\u0101cijas:<\/p>\n<ul>\n<li> <a href=\"https:\/\/moverdb.com\/lv\/britu-iznemeju-asociacija\/\">Lielbrit\u0101nijas P\u0101rv\u0101c\u0113ju asoci\u0101cija<\/a> (<a href=\"https:\/\/moverdb.com\/lv\/british-association-of-removers\/\" data-internallinksmanager029f6b8e52c=\"9\" title=\"Lielbrit\u0101nijas P\u0101rv\u0101c\u0113ju asoci\u0101cijas (BAR) skaidrojumi\">BAR<\/a>)<\/li>\n<li> <a href=\"https:\/\/moverdb.com\/lv\/fidi-faim\/\">FIDI<\/a><\/li>\n<li> <a href=\"https:\/\/moverdb.com\/lv\/fidi-faim\/\">FAIM<\/a><\/li>\n<li> <a href=\"https:\/\/moverdb.com\/lv\/esmu\/\">Starptautisk\u0101 P\u0101rv\u0101c\u0113ju asoci\u0101cija<\/a> (<a href=\"https:\/\/moverdb.com\/lv\/iam\/\" data-internallinksmanager029f6b8e52c=\"23\" title=\"Starptautisk\u0101s P\u0101rv\u0101c\u0113ju asoci\u0101cijas (IAM) skaidrojumi\">IAM<\/a>)<\/li>\n<li> <a href=\"https:\/\/moverdb.com\/lv\/fedemac\/\">Eiropas P\u0101rv\u0101c\u0113ju feder\u0101cija<\/a> (<a href=\"https:\/\/moverdb.com\/lv\/fedemac\/\" data-internallinksmanager029f6b8e52c=\"15\" title=\"Eiropas P\u0101rv\u0101c\u0113ju asoci\u0101cijas feder\u0101cijas (FEDEMAC) skaidrojums\">FEDEMAC<\/a>)<\/li>\n<li> Eurovan<\/li>\n<li> Tirdzniec\u012bbas standartu instit\u016bts<\/li>\n<li> <a href=\"https:\/\/moverdb.com\/lv\/hgfaa\/\">Amerikas M\u0101jsaimniec\u012bbas pre\u010du ekspeditoru asoci\u0101cija<\/a> (HHGFAA)<\/li>\n<li> Kvalit\u0101tes nodro\u0161in\u0101\u0161anas pakalpojuma standarts - M\u0101jsaimniec\u012bbas m\u0113be\u013cu p\u0101rve\u0161ana<\/li>\n<\/ul>\n<p><strong>F&amp;N Worldwide Removals Atsauksmes<\/strong><\/p>\n<p><strong>Pozit\u012bvs<\/strong><\/p>\n<ul>\n<li> <em>\"Vienk\u0101r\u0161i v\u0113los pateikt, k\u0101du pirm\u0101s klases darbu j\u016bs veic\u0101t par <a href=\"https:\/\/moverdb.com\/lv\/moving-to-the-united-states\/\" data-internallinksmanager029f6b8e52c=\"94\" title=\"P\u0101rce\u013caties uz Amerikas Savienotaj\u0101m Valst\u012bm? 2022 Dz\u012bves izmaksas un p\u0101rcel\u0161an\u0101s padomi\">mums<\/a> no s\u0101kuma l\u012bdz beig\u0101m. L\u016bdzu, paldies visiem iesaist\u012btajiem...\"<\/em> - Peter Hollingsworth via <a href=\"http:\/\/www.fnworldwide.com\/testimonials\/\" target=\"_blank\" rel=\"noopener\">klientu atsauksmju lapa<\/a><\/li>\n<li> <em>\"Esmu mekl\u0113jis <a href=\"https:\/\/moverdb.com\/lv\/international-removals\/\" data-internallinksmanager029f6b8e52c=\"27\" title=\"36 Lab\u0101kie starptautisko p\u0101rvad\u0101jumu uz\u0146\u0113mumi Apvienotaj\u0101 Karalist\u0113\">p\u0101rcel\u0161an\u0101s uz\u0146\u0113mums<\/a> ko es var\u0113tu izmantot darbam, kas man ir gaid\u0101ms, un es atradu FN Worldwide Logistics Ltd. Vi\u0146u t\u012bmek\u013ca vietne ir lieliska, un es noteikti apsveru iesp\u0113ju tos izmantot gaid\u0101maj\u0101 p\u0101rcel\u0161an\u0101s reiz\u0113. Mani \u013coti p\u0101rsteidza ar\u012b vi\u0146u \u0101tr\u0101 atbilde uz manu e-pastu.\"<\/em> - izmantojot <a href=\"http:\/\/removal-company-reviews.com\/view-removal-company-review.php?c=F+N%20Worldwide%20Logistics%20Ltd&#038;id=532\" target=\"_blank\" rel=\"noopener\">Removal-Company-Reviews.com<\/a><\/li>\n<\/ul>\n<p><strong>Negat\u012bvs<\/strong><\/p>\n<ul>\n<li> <em>\"F&amp;N no manis pa\u0146\u0113ma maks\u0101jumu par starptautisku p\u0101rcel\u0161anos no Apvienot\u0101s Karalistes uz <a href=\"https:\/\/moverdb.com\/lv\/moving-to-bermuda\/\" data-internallinksmanager029f6b8e52c=\"421\" title=\"P\u0101rcel\u0161an\u0101s uz Bermudu sal\u0101m? 2023 Dz\u012bves izmaksas un p\u0101rcel\u0161an\u0101s padomi\">Bermudu salas<\/a>. Uz\u0146\u0113mums, kur\u0101 es str\u0101d\u0101ju, net\u012b\u0161\u0101m ar\u012b samaks\u0101ja. F&amp;N vair\u0101kk\u0101rt atzina savu vainu un sol\u012bja naudu atmaks\u0101t. Vi\u0146i to nedar\u012bja.\"<\/em> - izmantojot <a href=\"http:\/\/removal-company-reviews.com\/view-removal-company-review.php?c=F+N%20Worldwide%20Logistics%20Ltd&#038;id=532\" target=\"_blank\" rel=\"noopener\">Removal-Company-Reviews.com<\/a>\n<\/ul>\n<div itemprop=\"review\" itemscope itemtype=\"http:\/\/schema.org\/Review\">\n<span itemprop=\"author\" itemscope=\"\" itemtype=\"http:\/\/schema.org\/Organization\"><span itemprop=\"name\">MoverDB.com<\/span><\/span> Tie\u0161saistes vietnes p\u0101rskats par <span itemprop=\"itemreviewed\" itemscope=\"\" itemtype=\"http:\/\/schema.org\/Brand\"><span itemprop=\"name\">F&amp;N Worldwide Removals<\/span><\/span>:<\/p>\n<ol>\n<li> Skaidra kontaktinform\u0101cija t\u012bmek\u013ca vietn\u0113 (tostarp t\u0101lru\u0146a numurs): <strong>J\u0101<\/strong><\/li>\n<li> Viegli ieg\u016bt <a href=\"https:\/\/moverdb.com\/lv\/citati\/\">starptautiskie p\u0101rv\u0101k\u0161an\u0101s cit\u0101ti<\/a>? (Tie\u0161saistes t\u0101mes piepras\u012bjuma veidlapa): <strong>J\u0101<\/strong><\/li>\n<li> Skaidra inform\u0101cija t\u012bmek\u013ca vietn\u0113: <strong>Da\u017ei<\/strong>, T\u012bmek\u013ca vietn\u0113 nav daudz detaliz\u0113tas inform\u0101cijas.<\/li>\n<li> Dal\u012bba starptautiski atz\u012bt\u0101s kust\u012bbu organiz\u0101cij\u0101s: <strong>J\u0101<\/strong>, skat\u012bt iepriek\u0161<\/li>\n<li> Klientu saraksts un\/vai iepriek\u0161\u0113jo klientu atsauksmes: <strong>Da\u017ei<\/strong> Vietn\u0113 ir klientu atsauksmes, bet ir maz atsauksmju citur tie\u0161saist\u0113.<\/li>\n<\/ol>\n<div itemprop=\"reviewRating\" itemscope itemtype=\"http:\/\/schema.org\/Rating\"><meta itemprop=\"worstRating\" content = \"0\" \/><meta itemprop=\"bestRating\" content=\"5\" \/><meta itemprop=\"ratingValue\" content=\"4\"><\/div>\n<p><strong>Kop\u0113jais v\u0113rt\u0113jums: 4\/5<\/strong><br \/>\n<strong>P\u0101rskata datums:<\/strong> <span itemprop=\"datePublished\" content=\"2016-10-03\">03\/10\/16<\/span>\n<\/div>\n<p>Las\u012bt vair\u0101k par <a href=\"https:\/\/moverdb.com\/lv\/starptautiskie-parvaksanas-darbi\/\">starptautisk\u0101 p\u0101rcel\u0161an\u0101s<\/a> un m\u016bsu <a href=\"https:\/\/moverdb.com\/lv\/atsauksmes\/\">P\u0101rcel\u0161an\u0101s p\u0101rskat\u012b\u0161anas process<\/a>.<\/p>\n<p><strong>T\u012bmek\u013ca vietne:<\/strong> <a href=\"http:\/\/www.fnworldwide.com\" target=\"_blank\" rel=\"noopener\">http:\/\/www.fnworldwide.com<\/a><\/p>","protected":false},"excerpt":{"rendered":"<p>F&#038;N Worldwide Removals services are listed below, together with their company profile and reviews. International and European Removals Door to door service Expert packing Custom made crates if applicable Storage if needed Organise transport by land, sea or air Arrange shipping of vehicles Unpacking on arrival at destination Experts available in the UK and country [&hellip;]<\/p>\n","protected":false},"author":1,"featured_media":0,"parent":0,"menu_order":0,"comment_status":"closed","ping_status":"closed","template":"","meta":{"_genesis_hide_title":false,"_genesis_hide_breadcrumbs":false,"_genesis_hide_singular_image":false,"_genesis_hide_footer_widgets":false,"_genesis_custom_body_class":"","_genesis_custom_post_class":"","_genesis_layout":"","footnotes":""},"class_list":{"0":"post-892","1":"page","2":"type-page","3":"status-publish","5":"entry"},"_links":{"self":[{"href":"https:\/\/moverdb.com\/lv\/wp-json\/wp\/v2\/pages\/892","targetHints":{"allow":["GET"]}}],"collection":[{"href":"https:\/\/moverdb.com\/lv\/wp-json\/wp\/v2\/pages"}],"about":[{"href":"https:\/\/moverdb.com\/lv\/wp-json\/wp\/v2\/types\/page"}],"author":[{"embeddable":true,"href":"https:\/\/moverdb.com\/lv\/wp-json\/wp\/v2\/users\/1"}],"replies":[{"embeddable":true,"href":"https:\/\/moverdb.com\/lv\/wp-json\/wp\/v2\/comments?post=892"}],"version-history":[{"count":5,"href":"https:\/\/moverdb.com\/lv\/wp-json\/wp\/v2\/pages\/892\/revisions"}],"predecessor-version":[{"id":6208,"href":"https:\/\/moverdb.com\/lv\/wp-json\/wp\/v2\/pages\/892\/revisions\/6208"}],"wp:attachment":[{"href":"https:\/\/moverdb.com\/lv\/wp-json\/wp\/v2\/media?parent=892"}],"curies":[{"name":"wp","href":"https:\/\/api.w.org\/{rel}","templated":true}]}}