{"id":8914,"date":"2023-04-27T14:27:27","date_gmt":"2023-04-27T14:27:27","guid":{"rendered":"https:\/\/moverdb.com\/?page_id=8914"},"modified":"2026-01-08T15:24:51","modified_gmt":"2026-01-08T15:24:51","slug":"moving-companies-poland","status":"publish","type":"page","link":"https:\/\/moverdb.com\/lv\/moving-companies\/moving-companies-poland\/","title":{"rendered":"4 lab\u0101kie starptautisk\u0101s p\u0101rcel\u0161an\u0101s uz\u0146\u0113mumi Polij\u0101"},"content":{"rendered":"<p>Ja p\u0101rvietojat m\u0101ju vai uz\u0146\u0113mumu, iesp\u0113jams, v\u0113laties izmantot uz\u0146\u0113muma <a href=\"https:\/\/moverdb.com\/lv\/moving-companies\/\" data-internallinksmanager029f6b8e52c=\"79\" title=\"Top 25 Starptautiskie p\u0101rcel\u0161an\u0101s uz\u0146\u0113mumi tie\u0161saist\u0113\">P\u0101rvieto\u0161an\u0101s uz\u0146\u0113mums<\/a> lai mazin\u0101tu stresu un darba slodzi. Ja j\u016bs p\u0101rce\u013caties uz vai no <a href=\"https:\/\/moverdb.com\/lv\/moving-to-poland\/\" data-internallinksmanager029f6b8e52c=\"378\" title=\"P\u0101rcel\u0161an\u0101s uz Poliju? 2023 Dz\u012bves izmaksas un p\u0101rcel\u0161an\u0101s padomi\">Polija<\/a>, tad t\u0101l\u0101k nor\u0101d\u012btais po\u013cu <a href=\"https:\/\/moverdb.com\/lv\/international-removals\/\" data-internallinksmanager029f6b8e52c=\"27\" title=\"36 Lab\u0101kie starptautisko p\u0101rvad\u0101jumu uz\u0146\u0113mumi Apvienotaj\u0101 Karalist\u0113\">p\u0101rv\u0101k\u0161an\u0101s uz\u0146\u0113mumi<\/a> kas ir <a href=\"https:\/\/moverdb.com\/lv\/iam\/\" data-internallinksmanager029f6b8e52c=\"23\" title=\"Starptautisk\u0101s P\u0101rv\u0101c\u0113ju asoci\u0101cijas (IAM) skaidrojumi\">Starptautisk\u0101 P\u0101rv\u0101c\u0113ju asoci\u0101cija<\/a> (IAM) un\/vai <a href=\"https:\/\/moverdb.com\/lv\/fidi-faim\/\" data-internallinksmanager029f6b8e52c=\"16\" title=\"FIDI un FAIM (FIDI akredit\u0113tais starptautiskais p\u0101rvietot\u0101js) skaidrojums\">FIDI<\/a> Akredit\u0113tie starptautiskie p\u0101rv\u0101k\u0161an\u0101s pakalpojumi (FAIM) var pal\u012bdz\u0113t jums p\u0101rcelties.<\/p>\n<div id=\"ez-toc-container\" class=\"ez-toc-v2_0_82_2 ez-toc-wrap-left counter-hierarchy ez-toc-counter ez-toc-transparent ez-toc-container-direction\">\n<div class=\"ez-toc-title-container\">\n<p class=\"ez-toc-title\" style=\"cursor:inherit\">Sada\u013cas<\/p>\n<span class=\"ez-toc-title-toggle\"><a href=\"#\" class=\"ez-toc-pull-right ez-toc-btn ez-toc-btn-xs ez-toc-btn-default ez-toc-toggle\" aria-label=\"P\u0101rsl\u0113gt satura tabulu\"><span class=\"ez-toc-js-icon-con\"><span class=\"\"><span class=\"eztoc-hide\" style=\"display:none;\">P\u0101rsl\u0113gt<\/span><span class=\"ez-toc-icon-toggle-span\"><svg style=\"fill: #999;color:#999\" xmlns=\"http:\/\/www.w3.org\/2000\/svg\" class=\"list-377408\" width=\"20px\" height=\"20px\" viewbox=\"0 0 24 24\" fill=\"none\"><path d=\"M6 6H4v2h2V6zm14 0H8v2h12V6zM4 11h2v2H4v-2zm16 0H8v2h12v-2zM4 16h2v2H4v-2zm16 0H8v2h12v-2z\" fill=\"currentColor\"><\/path><\/svg><svg style=\"fill: #999;color:#999\" class=\"arrow-unsorted-368013\" xmlns=\"http:\/\/www.w3.org\/2000\/svg\" width=\"10px\" height=\"10px\" viewbox=\"0 0 24 24\" version=\"1.2\" baseprofile=\"tiny\"><path d=\"M18.2 9.3l-6.2-6.3-6.2 6.3c-.2.2-.3.4-.3.7s.1.5.3.7c.2.2.4.3.7.3h11c.3 0 .5-.1.7-.3.2-.2.3-.5.3-.7s-.1-.5-.3-.7zM5.8 14.7l6.2 6.3 6.2-6.3c.2-.2.3-.5.3-.7s-.1-.5-.3-.7c-.2-.2-.4-.3-.7-.3h-11c-.3 0-.5.1-.7.3-.2.2-.3.5-.3.7s.1.5.3.7z\"\/><\/svg><\/span><\/span><\/span><\/a><\/span><\/div>\n<nav><ul class='ez-toc-list ez-toc-list-level-1 eztoc-toggle-hide-by-default' ><li class='ez-toc-page-1 ez-toc-heading-level-2'><a class=\"ez-toc-link ez-toc-heading-1\" href=\"https:\/\/moverdb.com\/lv\/moving-companies\/moving-companies-poland\/#1_AGS_Group\" >1. AGS grupa<\/a><\/li><li class='ez-toc-page-1 ez-toc-heading-level-2'><a class=\"ez-toc-link ez-toc-heading-2\" href=\"https:\/\/moverdb.com\/lv\/moving-companies\/moving-companies-poland\/#2_MK_Relocation\" >2. MK p\u0101rvieto\u0161ana<\/a><\/li><li class='ez-toc-page-1 ez-toc-heading-level-2'><a class=\"ez-toc-link ez-toc-heading-3\" href=\"https:\/\/moverdb.com\/lv\/moving-companies\/moving-companies-poland\/#3_Santa_Fe_Relocation\" >3. Santa Fe p\u0101rvieto\u0161ana<\/a><\/li><li class='ez-toc-page-1 ez-toc-heading-level-2'><a class=\"ez-toc-link ez-toc-heading-4\" href=\"https:\/\/moverdb.com\/lv\/moving-companies\/moving-companies-poland\/#4_Universal_Express_Worldwide_Movers\" >4. Universal Express Worldwide Movers<\/a><\/li><li class='ez-toc-page-1 ez-toc-heading-level-2'><a class=\"ez-toc-link ez-toc-heading-5\" href=\"https:\/\/moverdb.com\/lv\/moving-companies\/moving-companies-poland\/#Other_Useful_Guides_to_Poland\" >Citi noder\u012bgi ce\u013cve\u017ei uz Poliju<\/a><\/li><\/ul><\/nav><\/div>\n<h2><span class=\"ez-toc-section\" id=\"1_AGS_Group\"><\/span><strong>1. AGS grupa<\/strong><span class=\"ez-toc-section-end\"><\/span><\/h2>\n<p><img loading=\"lazy\" decoding=\"async\" class=\"alignnone size-full wp-image-8915\" src=\"https:\/\/moverdb.com\/wp-content\/uploads\/AGS-Global-Solutions-Poland-international-moving-company.png\" alt=\"AGS Global Solutions Polija starptautisks p\u0101rvieto\u0161an\u0101s uz\u0146\u0113mums\" width=\"1440\" height=\"710\" data-wp-pid=\"8915\" srcset=\"https:\/\/moverdb.com\/wp-content\/uploads\/AGS-Global-Solutions-Poland-international-moving-company.png 1440w, https:\/\/moverdb.com\/wp-content\/uploads\/AGS-Global-Solutions-Poland-international-moving-company-300x148.png 300w, https:\/\/moverdb.com\/wp-content\/uploads\/AGS-Global-Solutions-Poland-international-moving-company-1024x505.png 1024w, https:\/\/moverdb.com\/wp-content\/uploads\/AGS-Global-Solutions-Poland-international-moving-company-18x9.png 18w, https:\/\/moverdb.com\/wp-content\/uploads\/AGS-Global-Solutions-Poland-international-moving-company-600x296.png 600w\" sizes=\"auto, (max-width: 1440px) 100vw, 1440px\" \/><\/p>\n<ul>\n<li>Valsts p\u0101rcel\u0161an\u0101s<\/li>\n<li>Starptautiskie p\u0101rvadi<\/li>\n<li>P\u0101rv\u0101k\u0161an\u0101s uz dz\u012bvojam\u0101m telp\u0101m<\/li>\n<li>Uz\u0146\u0113m\u0113jdarb\u012bbas virzieni<\/li>\n<li>Iepako\u0161anas pakalpojums<\/li>\n<li>Sauszemes, j\u016bras un gaisa transports<\/li>\n<li>Izseko\u0161ana tie\u0161saist\u0113<\/li>\n<li>M\u0101kslas apstr\u0101de<\/li>\n<li>Transportl\u012bdzek\u013ca nodo\u0161ana<\/li>\n<li>Dro\u0161a uzglab\u0101\u0161ana<\/li>\n<\/ul>\n<p>AGS Group ir starptautisks p\u0101rcel\u0161an\u0101s un p\u0101rv\u0101k\u0161an\u0101s uz\u0146\u0113mums, kas darbojas kop\u0161 1974. gada, ar 146 birojiem 97 pasaules valst\u012bs, tostarp Var\u0161av\u0101, Polij\u0101, kas tika dibin\u0101ta 1992. gad\u0101. Uz\u0146\u0113mums ir akredit\u0113ts FIDI.<\/p>\n<p>AGS Group pied\u0101v\u0101 m\u0101jok\u013ca p\u0101rbaudi un individu\u0101lu pied\u0101v\u0101jumu, kas balst\u012bts uz j\u016bsu vajadz\u012bb\u0101m. Vi\u0146i ir izstr\u0101d\u0101ju\u0161i inovat\u012bvus iepako\u0161anas materi\u0101lus un metodes, kas aizsarg\u0101 j\u016bsu mantas un ir ar\u012b videi draudz\u012bgas. Vi\u0146i organiz\u0113 transport\u0113\u0161anu pa sauszemi, gaisu vai j\u016bru, un j\u016bs varat sekot l\u012bdzi t\u0101s norisei tie\u0161saist\u0113. Vi\u0146i pied\u0101v\u0101 papildu pakalpojumus, kas ietver m\u0101kslas priek\u0161metu apstr\u0101di, transportl\u012bdzek\u013cu p\u0101rve\u0161anu un dro\u0161u uzglab\u0101\u0161anu.<\/p>\n<p>T\u012bmek\u013ca vietne: <a href=\"https:\/\/www.ags-globalsolutions.com\/\" target=\"_blank\" rel=\"noopener\">https:\/\/www.ags-globalsolutions.com\/<\/a><\/p>\n<h2><span class=\"ez-toc-section\" id=\"2_MK_Relocation\"><\/span><strong>2. MK p\u0101rvieto\u0161ana<\/strong><span class=\"ez-toc-section-end\"><\/span><\/h2>\n<p><img loading=\"lazy\" decoding=\"async\" class=\"alignnone size-full wp-image-8825\" src=\"https:\/\/moverdb.com\/wp-content\/uploads\/MK-Relocations-international-moving-company.png\" alt=\"MK Relocations starptautiskais p\u0101rvieto\u0161anas uz\u0146\u0113mums\" width=\"1440\" height=\"679\" data-wp-pid=\"8825\" srcset=\"https:\/\/moverdb.com\/wp-content\/uploads\/MK-Relocations-international-moving-company.png 1440w, https:\/\/moverdb.com\/wp-content\/uploads\/MK-Relocations-international-moving-company-300x141.png 300w, https:\/\/moverdb.com\/wp-content\/uploads\/MK-Relocations-international-moving-company-1024x483.png 1024w, https:\/\/moverdb.com\/wp-content\/uploads\/MK-Relocations-international-moving-company-18x8.png 18w, https:\/\/moverdb.com\/wp-content\/uploads\/MK-Relocations-international-moving-company-600x283.png 600w\" sizes=\"auto, (max-width: 1440px) 100vw, 1440px\" \/><\/p>\n<ul>\n<li>Valsts p\u0101rcel\u0161an\u0101s<\/li>\n<li>Starptautiskie p\u0101rvadi<\/li>\n<li>M\u0101jsaimniec\u012bbas p\u0101rv\u0101k\u0161an\u0101s<\/li>\n<li>Biroju un noliktavu p\u0101rvieto\u0161ana<\/li>\n<li>Pakalpojums \"no durv\u012bm l\u012bdz durv\u012bm<\/li>\n<li>Iepako\u0161anas pakalpojums<\/li>\n<li>Transport\u0113\u0161anas organiz\u0113\u0161ana<\/li>\n<li>Muito\u0161ana<\/li>\n<li>Apdro\u0161in\u0101\u0161ana<\/li>\n<li>Uzglab\u0101\u0161anas iek\u0101rtas<\/li>\n<\/ul>\n<p>MK Relocation ir p\u0101rcel\u0161an\u0101s un p\u0101rcel\u0161an\u0101s speci\u0101lists Var\u0161av\u0101. Vi\u0146i pied\u0101v\u0101 p\u0101rcel\u0161an\u0101s pakalpojumus Polij\u0101, uz Poliju un no t\u0101s. Vi\u0146i ir akredit\u0113ti FIDI, kas tiem nodro\u0161ina piek\u013cuvi starptautiskam p\u0101rcel\u0161an\u0101s a\u0123entu t\u012bklam, kas sniedz atbalstu.<\/p>\n<p>MK Relocation nodro\u0161ina individu\u0101lu tik\u0161anos, lai apspriestu j\u016bsu vajadz\u012bbas, un pied\u0101v\u0101 pakalpojumus no durv\u012bm l\u012bdz durv\u012bm. Vi\u0146i sniedz iepako\u0161anas pakalpojumus, lai aizsarg\u0101tu j\u016bsu mantas, kas ietver da\u017e\u0101dus iepako\u0161anas materi\u0101lus, piem\u0113ram, speci\u0101las kastes, iesai\u0146ojumus, v\u0101kus, plastmasas iepakojumus un mitruma absorb\u0113t\u0101jus. Vi\u0146i pied\u0101v\u0101 papildu pakalpojumus, kas ietver m\u0101jdz\u012bvnieku p\u0101rvad\u0101\u0161anu, senlietu un m\u0101kslas priek\u0161metu p\u0101rkrau\u0161anu un uzglab\u0101\u0161anu.<\/p>\n<p>T\u012bmek\u013ca vietne: <a href=\"https:\/\/www.mkrelocation.pl\/\" target=\"_blank\" rel=\"noopener\">https:\/\/www.mkrelocation.pl\/<\/a><\/p>\n<h2><span class=\"ez-toc-section\" id=\"3_Santa_Fe_Relocation\"><\/span><strong>3. Santa Fe p\u0101rvieto\u0161ana<\/strong><span class=\"ez-toc-section-end\"><\/span><\/h2>\n<p><img loading=\"lazy\" decoding=\"async\" class=\"alignnone size-full wp-image-8851\" src=\"https:\/\/moverdb.com\/wp-content\/uploads\/Santa-Fe-Relocation-Poland-international-moving-company.png\" alt=\"Santa Fe P\u0101rcel\u0161an\u0101s Polija starptautisks p\u0101rcel\u0161an\u0101s uz\u0146\u0113mums\" width=\"1440\" height=\"679\" data-wp-pid=\"8851\" srcset=\"https:\/\/moverdb.com\/wp-content\/uploads\/Santa-Fe-Relocation-Poland-international-moving-company.png 1440w, https:\/\/moverdb.com\/wp-content\/uploads\/Santa-Fe-Relocation-Poland-international-moving-company-300x141.png 300w, https:\/\/moverdb.com\/wp-content\/uploads\/Santa-Fe-Relocation-Poland-international-moving-company-1024x483.png 1024w, https:\/\/moverdb.com\/wp-content\/uploads\/Santa-Fe-Relocation-Poland-international-moving-company-18x8.png 18w, https:\/\/moverdb.com\/wp-content\/uploads\/Santa-Fe-Relocation-Poland-international-moving-company-600x283.png 600w\" sizes=\"auto, (max-width: 1440px) 100vw, 1440px\" \/><\/p>\n<ul>\n<li>Viet\u0113jie un viet\u0113jie p\u0101rvadi<\/li>\n<li>Starptautiskie p\u0101rvadi<\/li>\n<li>M\u0101jsaimniec\u012bbas p\u0101rv\u0101k\u0161an\u0101s<\/li>\n<li>Biroju p\u0101rcel\u0161an\u0101s<\/li>\n<li>P\u0101rcel\u0161an\u0101s pakalpojumi<\/li>\n<li>Iepako\u0161anas pakalpojums<\/li>\n<li>Gaisa, j\u016bras un sauszemes transports<\/li>\n<li>Muito\u0161ana<\/li>\n<li>M\u0101jdz\u012bvnieku un transportl\u012bdzek\u013cu transport\u0113\u0161ana<\/li>\n<li>Uzglab\u0101\u0161anas iek\u0101rtas<\/li>\n<\/ul>\n<p>Santa Fe Relocation ir starptautisks p\u0101rcel\u0161an\u0101s un p\u0101rcel\u0161an\u0101s uz\u0146\u0113mums, kam ir 64 biroji 38 valst\u012bs, tostarp 1991. gad\u0101 atv\u0113rtais birojs Var\u0161av\u0101. Uz\u0146\u0113mums ir IAM biedrs ar 32 gadu darba st\u0101\u017eu un ir akredit\u0113ts FIDI.<\/p>\n<p>Santa Fe Relocation pied\u0101v\u0101 konsult\u0101cijas pirms p\u0101rcel\u0161an\u0101s un m\u0101jas vai video apsekojumu, lai nov\u0113rt\u0113tu j\u016bsu vajadz\u012bbas. Vi\u0146i sniedz pilnu j\u016bsu mantu iepako\u0161anas pakalpojumu, lai t\u0101s dro\u0161i transport\u0113tu pa gaisu, j\u016bru un sauszemi, veicot muito\u0161anu. P\u0101rcel\u0161an\u0101s pakalpojumi ietver m\u0101jok\u013ca un skolas mekl\u0113\u0161anu, iek\u0101rto\u0161an\u0101s pakalpojumus, izbrauk\u0161anas atbalstu, v\u012bzu un imigr\u0101cijas atbalstu. Vi\u0146i pied\u0101v\u0101 ar\u012b <a href=\"https:\/\/moverdb.com\/lv\/car-transport-shipping\/\" data-internallinksmanager029f6b8e52c=\"2\" title=\"2026 Starptautiskais autotransports un transportl\u012bdzek\u013cu p\u0101rvad\u0101\u0161anas cit\u0101ti\">transportl\u012bdzek\u013cu p\u0101rvad\u0101jumi<\/a> un m\u0101jdz\u012bvnieku p\u0101rvieto\u0161ana.<\/p>\n<p>T\u012bmek\u013ca vietne: <a href=\"https:\/\/www.santaferelo.com\/en\/contact\/our-offices\/poland-warsaw\/\" target=\"_blank\" rel=\"noopener\">https:\/\/www.santaferelo.com\/en\/contact\/our-offices\/poland-warsaw\/<\/a><\/p>\n<h2><span class=\"ez-toc-section\" id=\"4_Universal_Express_Worldwide_Movers\"><\/span><strong>4. Universal Express Worldwide Movers<\/strong><span class=\"ez-toc-section-end\"><\/span><\/h2>\n<p><img loading=\"lazy\" decoding=\"async\" class=\"alignnone size-full wp-image-8868\" src=\"https:\/\/moverdb.com\/wp-content\/uploads\/Universal-Express-Worldwide-Movers-international-moving-company.png\" alt=\"Universal Express Worldwide Movers starptautisks p\u0101rvietojas uz\u0146\u0113mums\" width=\"1440\" height=\"679\" data-wp-pid=\"8868\" srcset=\"https:\/\/moverdb.com\/wp-content\/uploads\/Universal-Express-Worldwide-Movers-international-moving-company.png 1440w, https:\/\/moverdb.com\/wp-content\/uploads\/Universal-Express-Worldwide-Movers-international-moving-company-300x141.png 300w, https:\/\/moverdb.com\/wp-content\/uploads\/Universal-Express-Worldwide-Movers-international-moving-company-1024x483.png 1024w, https:\/\/moverdb.com\/wp-content\/uploads\/Universal-Express-Worldwide-Movers-international-moving-company-18x8.png 18w, https:\/\/moverdb.com\/wp-content\/uploads\/Universal-Express-Worldwide-Movers-international-moving-company-600x283.png 600w\" sizes=\"auto, (max-width: 1440px) 100vw, 1440px\" \/><\/p>\n<ul>\n<li>P\u0101rvieto\u0161an\u0101s vis\u0101 valst\u012b<\/li>\n<li>Starptautiskie p\u0101rvadi<\/li>\n<li>P\u0101rv\u0101k\u0161an\u0101s uz dz\u012bvojam\u0101m telp\u0101m<\/li>\n<li>Biroju un r\u016bpnieciskie p\u0101rv\u0101k\u0161an\u0101s darbi<\/li>\n<li>Pakalpojums \"no durv\u012bm l\u012bdz durv\u012bm<\/li>\n<li>Iepako\u0161anas pakalpojums<\/li>\n<li>Sauszemes, gaisa un j\u016bras transports<\/li>\n<li>Muito\u0161ana<\/li>\n<li>Apdro\u0161in\u0101\u0161ana<\/li>\n<li>Uzglab\u0101\u0161anas iek\u0101rtas<\/li>\n<\/ul>\n<p>Universal Express Worldwide Movers ir p\u0101rcel\u0161an\u0101s un p\u0101rv\u0101k\u0161an\u0101s uz\u0146\u0113mums, kam ir fili\u0101les Krakov\u0101, Vroclav\u0101, Pozna\u0146\u0101 un Gdi\u0146\u0101. Uz\u0146\u0113mumam ir starptautisks p\u0101rcel\u0161an\u0101s a\u0123entu t\u012bkls, kas pal\u012bdz veikt p\u0101rcel\u0161anos vis\u0101 pasaul\u0113. Uz\u0146\u0113mums ir IAM biedrs ar 33 gadu darba st\u0101\u017eu un ir akredit\u0113ts FIDI.<\/p>\n<p>Universal Express Worldwide Movers pied\u0101v\u0101 pirmsp\u0101rv\u0101k\u0161an\u0101s apsekojumu, lai apspriestu j\u016bsu p\u0101rv\u0101k\u0161anos un piel\u0101gotu p\u0101rv\u0101k\u0161an\u0101s pl\u0101nu. P\u0101rv\u0101k\u0161an\u0101s vad\u012bt\u0101js pal\u012bdz\u0113s jums ar \"no durv\u012bm l\u012bdz durv\u012bm\" pakalpojumu, kas ietver j\u016bsu mantu dro\u0161u iesai\u0146o\u0161anu transport\u0113\u0161anai. Vi\u0146i organiz\u0113s j\u016bsu mantu transport\u0113\u0161anu pa sauszemi, gaisu vai j\u016bru ar muito\u0161anu un sniegs konsult\u0101cijas par apdro\u0161in\u0101\u0161anu.<\/p>\n<p>T\u012bmek\u013ca vietne: <a href=\"http:\/\/www.uer.pl\/\" target=\"_blank\" rel=\"noopener\">http:\/\/www.uer.pl\/<\/a><\/p>\n<h2><span class=\"ez-toc-section\" id=\"Other_Useful_Guides_to_Poland\"><\/span>Citi noder\u012bgi ce\u013cve\u017ei uz Poliju<span class=\"ez-toc-section-end\"><\/span><\/h2>\n<ul>\n<li> <a href=\"https:\/\/moverdb.com\/lv\/konteineru-parvadajumi\/polija\/\">2024 J\u016bras kravu p\u0101rvad\u0101jumu konteineru p\u0101rvad\u0101jumu cenas uz un no Polijas<\/a><\/li>\n<li> <a href=\"https:\/\/moverdb.com\/lv\/labakie-starptautiskie-naudas-parvedumu-pakalpojumi\/money-transfer-companies-poland\/\">10 lab\u0101kie naudas p\u0101rvedumu uz\u0146\u0113mumi Polij\u0101<\/a><\/li>\n<li> <a href=\"https:\/\/moverdb.com\/lv\/moving-to-poland\/\">P\u0101rcel\u0161an\u0101s uz Poliju? 2023 Dz\u012bves izmaksas un p\u0101rcel\u0161an\u0101s padomi<\/a><\/li>\n<li> <a href=\"https:\/\/moverdb.com\/lv\/moving-to-poland\/best-places-to-live-poland\/\">12 Lab\u0101k\u0101s vietas dz\u012bvo\u0161anai Polij\u0101<\/a><\/li>\n<li> <a href=\"https:\/\/moverdb.com\/lv\/moving-to-poland\/living-in-poland\/\">21 nosl\u0113pums par dz\u012bvi Polij\u0101, kas j\u0101zina pirms p\u0101rcel\u0161an\u0101s<\/a><\/li>\n<li> <a href=\"https:\/\/moverdb.com\/lv\/moving-to-poland\/moving-to-poland-from-the-uk\/\">P\u0101rcel\u0161an\u0101s uz Poliju no Apvienot\u0101s Karalistes<\/a><\/li>\n<\/ul>","protected":false},"excerpt":{"rendered":"<p>If you are moving home or business, you may want to employ the services of a moving company to reduce the stress and workload involved. If you are moving within, to or from Poland, then the below Polish removal companies that are members of the International Association of Movers (IAM) and\/or FIDI Accredited International Mover [&hellip;]<\/p>\n","protected":false},"author":4,"featured_media":0,"parent":190,"menu_order":0,"comment_status":"closed","ping_status":"closed","template":"","meta":{"_genesis_hide_title":false,"_genesis_hide_breadcrumbs":false,"_genesis_hide_singular_image":false,"_genesis_hide_footer_widgets":false,"_genesis_custom_body_class":"","_genesis_custom_post_class":"","_genesis_layout":"","footnotes":""},"class_list":{"0":"post-8914","1":"page","2":"type-page","3":"status-publish","5":"entry","6":"has-post-thumbnail"},"_links":{"self":[{"href":"https:\/\/moverdb.com\/lv\/wp-json\/wp\/v2\/pages\/8914","targetHints":{"allow":["GET"]}}],"collection":[{"href":"https:\/\/moverdb.com\/lv\/wp-json\/wp\/v2\/pages"}],"about":[{"href":"https:\/\/moverdb.com\/lv\/wp-json\/wp\/v2\/types\/page"}],"author":[{"embeddable":true,"href":"https:\/\/moverdb.com\/lv\/wp-json\/wp\/v2\/users\/4"}],"replies":[{"embeddable":true,"href":"https:\/\/moverdb.com\/lv\/wp-json\/wp\/v2\/comments?post=8914"}],"version-history":[{"count":5,"href":"https:\/\/moverdb.com\/lv\/wp-json\/wp\/v2\/pages\/8914\/revisions"}],"predecessor-version":[{"id":17127,"href":"https:\/\/moverdb.com\/lv\/wp-json\/wp\/v2\/pages\/8914\/revisions\/17127"}],"up":[{"embeddable":true,"href":"https:\/\/moverdb.com\/lv\/wp-json\/wp\/v2\/pages\/190"}],"wp:attachment":[{"href":"https:\/\/moverdb.com\/lv\/wp-json\/wp\/v2\/media?parent=8914"}],"curies":[{"name":"wp","href":"https:\/\/api.w.org\/{rel}","templated":true}]}}