{"id":891,"date":"2016-09-03T21:06:56","date_gmt":"2016-09-03T21:06:56","guid":{"rendered":"http:\/\/moverdb.com\/?page_id=891"},"modified":"2026-01-08T14:47:50","modified_gmt":"2026-01-08T14:47:50","slug":"bournes","status":"publish","type":"page","link":"https:\/\/moverdb.com\/lv\/bournes\/","title":{"rendered":"Bournes kust\u012bbas: P\u0101rcel\u0161an\u0101s un p\u0101rv\u0101k\u0161an\u0101s starptautiskie p\u0101rv\u0101k\u0161an\u0101s pakalpojumi Atsauksmes"},"content":{"rendered":"<p>Bournes saviem klientiem pied\u0101v\u0101 <a href=\"https:\/\/moverdb.com\/lv\/international-removals\/\" data-internallinksmanager029f6b8e52c=\"27\" title=\"36 Lab\u0101kie starptautisko p\u0101rvad\u0101jumu uz\u0146\u0113mumi Apvienotaj\u0101 Karalist\u0113\">starptautisk\u0101 p\u0101rcel\u0161an\u0101s<\/a> t\u0101l\u0101k uzskait\u012btie pakalpojumi, kas saist\u012bti ar p\u0101rcel\u0161anos uz \u0101rzem\u0113m. Turpat ir ar\u012b uz\u0146\u0113muma profils un atsauksmes.<\/p>\n<p><strong>Starptautisk\u0101 p\u0101rcel\u0161an\u0101s<\/strong><\/p>\n<ul>\n<li> Pilns iepako\u0161anas pakalpojums<\/li>\n<li> Da\u013cu iepako\u0161anas pakalpojums<\/li>\n<li> Pa\u0161pako\u0161an\u0101s<\/li>\n<li> \u012apa\u0161as kop\u0161anas m\u0113be\u013cu eksporta iesai\u0146ojums<\/li>\n<li> Pal\u012bdz\u012bba dokument\u0101cijas sagatavo\u0161an\u0101<\/li>\n<li> Kolekcija<\/li>\n<li> Transports ar ku\u0123i - <a href=\"https:\/\/moverdb.com\/lv\/konteineru-parvadajumi\/\">Pilnu konteineru p\u0101rvad\u0101jumi<\/a>, da\u013c\u0113ja iekrau\u0161ana, koka konteiners<\/li>\n<li> Gaisa kravu p\u0101rvad\u0101jumi<\/li>\n<li> M\u0101jdz\u012bvnieku p\u0101rvieto\u0161ana<\/li>\n<li> <a href=\"https:\/\/moverdb.com\/lv\/auto-transporta-nosutisana\/\">Transportl\u012bdzek\u013ca p\u0101rvieto\u0161ana<\/a><\/li>\n<li> Kalpot\u0101jas pakalpojumi<\/li>\n<li> Meistara pakalpojumi<\/li>\n<li> Apdro\u0161in\u0101\u0161ana organiz\u0113ta<\/li>\n<\/ul>\n<p><strong>P\u0101rcel\u0161an\u0101s pal\u012bdz\u012bba<\/strong><\/p>\n<ul>\n<li> Pl\u0101no\u0161ana pirms izbrauk\u0161anas ietver vajadz\u012bbu nov\u0113rt\u0113jumu (skolas u.c.).<\/li>\n<li> Starpkult\u016bru apm\u0101c\u012bba<\/li>\n<li> Apskates programma<\/li>\n<li> M\u0101jok\u013ca mekl\u0113\u0161anas un orient\u0113\u0161an\u0101s pakalpojums<\/li>\n<li> Skolas mekl\u0113\u0161ana<\/li>\n<li> Iek\u0101rto\u0161an\u0101s dienest\u0101<\/li>\n<li> Uz\u0146\u0113m\u0113jdarb\u012bbas prakse<\/li>\n<li> Repatri\u0101cijas pal\u012bdz\u012bba<\/li>\n<\/ul>\n<p><strong>Komerci\u0101lie p\u0101rv\u0101k\u0161an\u0101s<\/strong><\/p>\n<ul>\n<li> Projektu vad\u012bba<\/li>\n<li> Pl\u0101no\u0161ana pirms p\u0101rcel\u0161an\u0101s<\/li>\n<li> Iepako\u0161anas un izpako\u0161anas pakalpojumi<\/li>\n<li> Noliktavas<\/li>\n<li> Transports vis\u0101 pasaul\u0113<\/li>\n<li> Pieg\u0101de iek\u0161pus\u0113<\/li>\n<li> Uzst\u0101d\u012b\u0161ana un mont\u0101\u017ea<\/li>\n<li> Revers\u0101 lo\u0123istika un likvid\u0101cija<\/li>\n<\/ul>\n<p><strong>Uzglab\u0101\u0161ana<\/strong><\/p>\n<ul>\n<li> Vair\u0101k nek\u0101 1200 atra\u0161an\u0101s vietu 6 kontinentos<\/li>\n<li> Ilgtermi\u0146a un \u012bstermi\u0146a<\/li>\n<li> Videonov\u0113ro\u0161ana 24\/7 vai apsardzes komandas<\/li>\n<li> Visas dro\u0161\u0101s atra\u0161an\u0101s vietas<\/li>\n<\/ul>\n<h2>Bournes Uz\u0146\u0113muma profils<\/h2>\n<p>Uz\u0146\u0113mumu \"Bournes\" 1875. gad\u0101 dibin\u0101ja Tomass Borns (Thomas Bourne) k\u0101 visp\u0101r\u0113ju kravu p\u0101rvad\u0101jumu uz\u0146\u0113mumu, kas pieg\u0101d\u0101ja preces un ogles. P\u0113c Otr\u0101 pasaules kara uz\u0146\u0113mums papla\u0161in\u0101ja savu darb\u012bbu un s\u0101ka nodarboties ar kravu p\u0101rve\u0161anu un uzglab\u0101\u0161anu. Se\u0161desmitajos un septi\u0146desmitajos gados uz\u0146\u0113mums iev\u0113rojami att\u012bst\u012bj\u0101s, p\u0101rp\u0113rkot maz\u0101kus uz\u0146\u0113mumus un b\u016bv\u0113jot \u012bpa\u0161as noliktavas.<\/p>\n<p>1993. gad\u0101 Borni s\u0101ka p\u0101rcelties uz Eiropu, un 2001. gad\u0101 vi\u0146i s\u0101ka <a href=\"https:\/\/moverdb.com\/lv\/parvietojas-uznemumi\/\">P\u0101rvieto\u0161an\u0101s starptautisk\u0101 m\u0113rog\u0101<\/a>. Tagad vi\u0146i var\u0113ja p\u0101rvietot cilv\u0113kus un uz\u0146\u0113mumus uz 1500 viet\u0101m vair\u0101k nek\u0101 120 valst\u012bs.<\/p>\n<p>Uz\u0146\u0113mumu joproj\u0101m vada piekt\u0101 Bornu paaudze, kuras \u0123imenes un biznesa v\u0113rt\u012bbas ir god\u012bgums, integrit\u0101te un p\u0101rredzam\u012bba. Bournes ir uztic\u012bgi, labi apm\u0101c\u012bti darbinieki, kas sadarbojas ar simtiem glob\u0101lo p\u0101rcel\u0161an\u0101s un p\u0101rv\u0101k\u0161an\u0101s ekspertu vis\u0101 pasaul\u0113.<\/p>\n<p>Bournes ir \u0161\u0101das akredit\u0101cijas un pieder\u012bbas:<\/p>\n<ul>\n<li> <a href=\"https:\/\/moverdb.com\/lv\/harmony-relocation-network\/\">Harmonijas p\u0101rvieto\u0161anas t\u012bkls<\/a><\/li>\n<li> Britu standarta ISO 9001:2008 p\u0101rcel\u0161an\u0101s uz\u0146\u0113mums<\/li>\n<li> <a href=\"https:\/\/moverdb.com\/lv\/britu-iznemeju-asociacija\/\">Lielbrit\u0101nijas P\u0101rv\u0101c\u0113ju asoci\u0101cija<\/a> (<a href=\"https:\/\/moverdb.com\/lv\/british-association-of-removers\/\" data-internallinksmanager029f6b8e52c=\"9\" title=\"Lielbrit\u0101nijas P\u0101rv\u0101c\u0113ju asoci\u0101cijas (BAR) skaidrojumi\">BAR<\/a>)<\/li>\n<li> <a href=\"https:\/\/moverdb.com\/lv\/bars-arvalstis\/\">Lielbrit\u0101nijas P\u0101rv\u0101c\u0113ju asoci\u0101cijas aizj\u016bras grupa<\/a><\/li>\n<li> Kur\u0161? Trusted Trader<\/li>\n<li> <a href=\"https:\/\/moverdb.com\/lv\/fidi-faim\/\">FIDI<\/a><\/li>\n<li> <a href=\"https:\/\/moverdb.com\/lv\/fidi-faim\/\" data-internallinksmanager029f6b8e52c=\"16\" title=\"FIDI un FAIM (FIDI akredit\u0113tais starptautiskais p\u0101rvietot\u0101js) skaidrojums\">FAIM<\/a><\/li>\n<li> Port\u0101ls <a href=\"https:\/\/moverdb.com\/lv\/esmu\/\">Starptautisk\u0101 P\u0101rv\u0101c\u0113ju asoci\u0101cija<\/a> (<a href=\"https:\/\/moverdb.com\/lv\/iam\/\" data-internallinksmanager029f6b8e52c=\"23\" title=\"Starptautisk\u0101s P\u0101rv\u0101c\u0113ju asoci\u0101cijas (IAM) skaidrojumi\">IAM<\/a>)<\/li>\n<li> <a href=\"https:\/\/moverdb.com\/lv\/eiro\/\">Eiropas P\u0101rcel\u0161an\u0101s asoci\u0101cija<\/a> (<a href=\"https:\/\/moverdb.com\/lv\/eura\/\" data-internallinksmanager029f6b8e52c=\"13\" title=\"Eiropas P\u0101rcel\u0161an\u0101s asoci\u0101cijas (EuRA) skaidrojumi\">EuRA<\/a>)<\/li>\n<li> <a href=\"https:\/\/moverdb.com\/lv\/mtc\/\">P\u0101rvietot\u0101ji Trading Club<\/a> (<a href=\"https:\/\/moverdb.com\/lv\/mtc\/\" data-internallinksmanager029f6b8e52c=\"30\" title=\"Movers Trading Club (MTC) Paskaidrots\">MTC<\/a>)<\/li>\n<\/ul>\n<h2>Bournes Moves Atsauksmes<\/h2>\n<p><strong>Pozit\u012bvs<\/strong><\/p>\n<ul>\n<li> <em>\"Bournes bija p\u0101rsteidzo\u0161i, s\u0101kot no s\u0101kotn\u0113j\u0101 nov\u0113rt\u0113juma par to, ko man vajadz\u0113tu un ko nevajadz\u0113tu s\u016bt\u012bt uz <a href=\"https:\/\/moverdb.com\/lv\/moving-to-australia\/living-in-australia\/\" data-internallinksmanager029f6b8e52c=\"240\" title=\"21 nosl\u0113pums par dz\u012bvi Austr\u0101lij\u0101, kas j\u0101zina pirms p\u0101rcel\u0161an\u0101s\">Austr\u0101lija<\/a>, iepako\u0161anu un izpako\u0161anu Austr\u0101lij\u0101. Pakalpojums padar\u012bja p\u0101rcel\u0161anos tik bezstresainu, cik vien \u0161\u0101da p\u0101rcel\u0161an\u0101s var b\u016bt, un es nevaru vi\u0146us neiesaka.\"<\/em> - izmantojot <a href=\"http:\/\/bournesmoves.com\/international-removals\/international-customer-reviews.htm\" target=\"_blank\" rel=\"noopener\">Bournes atsauksmju lapa<\/a><\/li>\n<li> <em>\"\u0100trs pakalpojums ar konkur\u0113tsp\u0113j\u012bg\u0101m cen\u0101m. Komanda bija \u013coti piekl\u0101j\u012bga un izpal\u012bdz\u012bga, un labi p\u0101rvald\u012bja izmai\u0146as m\u016bsu darbu izpildes termi\u0146os. Uz nakti viegli tika nodro\u0161in\u0101ta papildu uzglab\u0101\u0161ana, lai m\u0113s var\u0113tu izt\u012br\u012bt jauno \u012bpa\u0161umu pirms p\u0101rv\u0101k\u0161an\u0101s. Visaptvero\u0161i labs pakalpojums.\"<\/em> - izmantojot <a href=\"https:\/\/www.trustedmover.org\/questionnaire\/4587\" target=\"_blank\" rel=\"noopener\">BAR p\u0101rskata lapa<\/a><\/li>\n<li> <em>\"Lielisks pakalpojums, s\u0101kot no zino\u0161a un p\u0101rliecino\u0161a pied\u0101v\u0101juma l\u012bdz izpal\u012bdz\u012bgai un draudz\u012bgai komandai, kas pal\u012bdz\u0113ja <a href=\"https:\/\/moverdb.com\/lv\/moving-to-the-united-states\/\" data-internallinksmanager029f6b8e52c=\"94\" title=\"P\u0101rce\u013caties uz Amerikas Savienotaj\u0101m Valst\u012bm? 2022 Dz\u012bves izmaksas un p\u0101rcel\u0161an\u0101s padomi\">mums<\/a> ar p\u0101rcel\u0161anos\".<\/em> - Susanna via <a href=\"http:\/\/trustedtraders.which.co.uk\/businesses\/bournes-moves\/#reviews\" target=\"_blank\" rel=\"noopener\">Kur\u0161?<\/a><\/li>\n<li> <em>\"Es biju \u013coti apmierin\u0101ts. \u012apa\u0161i tad, kad mans s\u016bt\u012bjums dro\u0161i ierad\u0101s pie manis m\u0101j\u0101s. <a href=\"https:\/\/moverdb.com\/lv\/moving-to-the-uk\/\" data-internallinksmanager029f6b8e52c=\"93\" title=\"P\u0101rce\u013caties uz Apvienoto Karalisti? 2022 Dz\u012bves izmaksas un p\u0101rcel\u0161an\u0101s padomi\">APVIENOT\u0100 KARALISTE<\/a> jo apkalpe bija \u013coti piekl\u0101j\u012bga un \u013coti izpal\u012bdz\u012bga.\"<\/em> - S\u016bzena caur <a href=\"https:\/\/www.facebook.com\/BournesRemovals\/reviews\/\" target=\"_blank\" rel=\"noopener\">Facebook<\/a><\/li>\n<\/ul>\n<p><strong>Negat\u012bvs<\/strong><\/p>\n<ul>\n<li> \"Mums bija nelaime izv\u0113l\u0113ties Bournes, kas bija m\u016bsu pirm\u0101 p\u0101rcel\u0161an\u0101s 19 gadu laik\u0101, t\u0101p\u0113c tas bija liels notikums visai \u0123imenei. L\u016bdzu, esiet \u013coti uzman\u012bgi, izv\u0113loties \u0161o uz\u0146\u0113mumu.\" - Ali, izmantojot <a href=\"http:\/\/www.removalreviews.co.uk\/movingreviews\/miserable-move-12090\" target=\"_blank\" rel=\"noopener\">P\u0101rcel\u0161an\u0101s atsauksmes<\/a><\/li>\n<\/ul>\n<div itemprop=\"review\" itemscope itemtype=\"http:\/\/schema.org\/Review\">\n<span itemprop=\"author\" itemscope=\"\" itemtype=\"http:\/\/schema.org\/Organization\"><span itemprop=\"name\">MoverDB.com<\/span><\/span> Tie\u0161saistes vietnes p\u0101rskats par <span itemprop=\"itemreviewed\" itemscope=\"\" itemtype=\"http:\/\/schema.org\/Brand\"><span itemprop=\"name\">Bournes kustas<\/span><\/span>:<\/p>\n<ol>\n<li> Skaidra kontaktinform\u0101cija t\u012bmek\u013ca vietn\u0113 (tostarp t\u0101lru\u0146a numurs): <strong>J\u0101<\/strong><\/li>\n<li> Viegli ieg\u016bt <a href=\"https:\/\/moverdb.com\/lv\/citati\/\">starptautiskie p\u0101rv\u0101k\u0161an\u0101s cit\u0101ti<\/a>? (Tie\u0161saistes t\u0101mes piepras\u012bjuma veidlapa): <strong>J\u0101<\/strong><\/li>\n<li> Skaidra inform\u0101cija t\u012bmek\u013ca vietn\u0113: <strong>J\u0101,<\/strong> T\u012bmek\u013ca vietn\u0113 ir diezgan daudz noder\u012bgas inform\u0101cijas.<\/li>\n<li> Dal\u012bba starptautiski atz\u012bt\u0101s kust\u012bbu organiz\u0101cij\u0101s: <strong>J\u0101<\/strong>skat\u012bt iepriek\u0161.<\/li>\n<li> Klientu saraksts un\/vai iepriek\u0161\u0113jo klientu atsauksmes: <strong>Da\u017ei,<\/strong> t\u012bmek\u013ca vietn\u0113 ir klientu atsauksmes, bet t\u0101s nav visviegl\u0101k atrast, kas ir d\u012bvaini, jo t\u0101s ir \u013coti pozit\u012bvas.<\/li>\n<\/ol>\n<div itemprop=\"reviewRating\" itemscope itemtype=\"http:\/\/schema.org\/Rating\"><meta itemprop=\"worstRating\" content = \"0\" \/><meta itemprop=\"bestRating\" content=\"5\" \/><meta itemprop=\"ratingValue\" content=\"4.5\"><\/div>\n<p><strong>Kop\u0113jais v\u0113rt\u0113jums: 4,5\/5<\/strong><br \/>\n<strong>P\u0101rskata datums:<\/strong> <span itemprop=\"datePublished\" content=\"2016-09-03\">03\/09\/2016<\/span>\n<\/div>\n<p>Lasiet par citiem <a href=\"https:\/\/moverdb.com\/lv\/starptautiskie-parvaksanas-darbi\/\">p\u0101rcel\u0161an\u0101s uz\u0146\u0113mumi<\/a> un vair\u0101k par m\u016bsu <a href=\"https:\/\/moverdb.com\/lv\/atsauksmes\/\">p\u0101rskat\u012b\u0161anas process<\/a>.<\/p>\n<p><strong>T\u012bmek\u013ca vietne:<\/strong> <a href=\"http:\/\/bournesmoves.com\" target=\"_blank\" rel=\"noopener\">http:\/\/bournesmoves.com<\/a><\/p>","protected":false},"excerpt":{"rendered":"<p>Bournes offers its clients a selection of international removals services for moving overseas which are listed below. There also follows a company profile and reviews. International Moving Full packing service Part packing service Self-packing Special care furniture export wrapping Assistance with documentation Collection Transport by ship &#8211; full container shipping, part load, wooden container Airfreight [&hellip;]<\/p>\n","protected":false},"author":1,"featured_media":0,"parent":0,"menu_order":0,"comment_status":"closed","ping_status":"closed","template":"","meta":{"_genesis_hide_title":false,"_genesis_hide_breadcrumbs":false,"_genesis_hide_singular_image":false,"_genesis_hide_footer_widgets":false,"_genesis_custom_body_class":"","_genesis_custom_post_class":"","_genesis_layout":"","footnotes":""},"class_list":{"0":"post-891","1":"page","2":"type-page","3":"status-publish","5":"entry"},"_links":{"self":[{"href":"https:\/\/moverdb.com\/lv\/wp-json\/wp\/v2\/pages\/891","targetHints":{"allow":["GET"]}}],"collection":[{"href":"https:\/\/moverdb.com\/lv\/wp-json\/wp\/v2\/pages"}],"about":[{"href":"https:\/\/moverdb.com\/lv\/wp-json\/wp\/v2\/types\/page"}],"author":[{"embeddable":true,"href":"https:\/\/moverdb.com\/lv\/wp-json\/wp\/v2\/users\/1"}],"replies":[{"embeddable":true,"href":"https:\/\/moverdb.com\/lv\/wp-json\/wp\/v2\/comments?post=891"}],"version-history":[{"count":6,"href":"https:\/\/moverdb.com\/lv\/wp-json\/wp\/v2\/pages\/891\/revisions"}],"predecessor-version":[{"id":6185,"href":"https:\/\/moverdb.com\/lv\/wp-json\/wp\/v2\/pages\/891\/revisions\/6185"}],"wp:attachment":[{"href":"https:\/\/moverdb.com\/lv\/wp-json\/wp\/v2\/media?parent=891"}],"curies":[{"name":"wp","href":"https:\/\/api.w.org\/{rel}","templated":true}]}}