{"id":8908,"date":"2023-04-27T14:29:46","date_gmt":"2023-04-27T14:29:46","guid":{"rendered":"https:\/\/moverdb.com\/?page_id=8908"},"modified":"2026-01-08T15:29:02","modified_gmt":"2026-01-08T15:29:02","slug":"moving-companies-panama","status":"publish","type":"page","link":"https:\/\/moverdb.com\/lv\/moving-companies\/moving-companies-panama\/","title":{"rendered":"5 lab\u0101kie starptautisk\u0101s p\u0101rcel\u0161an\u0101s uz\u0146\u0113mumi Panam\u0101"},"content":{"rendered":"<p>Vai j\u016bs p\u0101rce\u013caties uz m\u0101j\u0101m vai birojiem, uz vai no <a href=\"https:\/\/moverdb.com\/lv\/moving-to-panama\/\" data-internallinksmanager029f6b8e52c=\"432\" title=\"P\u0101rcel\u0161an\u0101s uz Panamu? 2023 Dz\u012bves izmaksas un p\u0101rcel\u0161an\u0101s padomi\">Panama<\/a>? Tad, iesp\u0113jams, v\u0113laties izmantot pakalpojumu, ko sniedz <a href=\"https:\/\/moverdb.com\/lv\/moving-companies\/\" data-internallinksmanager029f6b8e52c=\"79\" title=\"Top 25 Starptautiskie p\u0101rcel\u0161an\u0101s uz\u0146\u0113mumi tie\u0161saist\u0113\">P\u0101rvieto\u0161an\u0101s uz\u0146\u0113mums<\/a> lai pal\u012bdz\u0113tu jums ar iepako\u0161anu, transporta organiz\u0113\u0161anu un dokument\u0101cijas k\u0101rto\u0161anu starptautiskiem p\u0101rcel\u0161an\u0101s pas\u0101kumiem. Zem\u0101k m\u0113s esam apkopoju\u0161i sarakstu ar Panam\u0101 b\u0101z\u0113t\u0101m <a href=\"https:\/\/moverdb.com\/lv\/international-removals\/\" data-internallinksmanager029f6b8e52c=\"27\" title=\"36 Lab\u0101kie starptautisko p\u0101rvad\u0101jumu uz\u0146\u0113mumi Apvienotaj\u0101 Karalist\u0113\">p\u0101rv\u0101k\u0161an\u0101s uz\u0146\u0113mumi<\/a> kas ir <a href=\"https:\/\/moverdb.com\/lv\/iam\/\" data-internallinksmanager029f6b8e52c=\"23\" title=\"Starptautisk\u0101s P\u0101rv\u0101c\u0113ju asoci\u0101cijas (IAM) skaidrojumi\">Starptautisk\u0101 P\u0101rv\u0101c\u0113ju asoci\u0101cija<\/a> (IAM) un\/vai <a href=\"https:\/\/moverdb.com\/lv\/fidi-faim\/\" data-internallinksmanager029f6b8e52c=\"16\" title=\"FIDI un FAIM (FIDI akredit\u0113tais starptautiskais p\u0101rvietot\u0101js) skaidrojums\">FIDI<\/a> Akredit\u0113ti starptautiskie p\u0101rv\u0101c\u0113ji (FAIM), kas var\u0113tu jums pal\u012bdz\u0113t p\u0101rcelties.<\/p>\n<div id=\"ez-toc-container\" class=\"ez-toc-v2_0_82_2 ez-toc-wrap-left counter-hierarchy ez-toc-counter ez-toc-transparent ez-toc-container-direction\">\n<div class=\"ez-toc-title-container\">\n<p class=\"ez-toc-title\" style=\"cursor:inherit\">Sada\u013cas<\/p>\n<span class=\"ez-toc-title-toggle\"><a href=\"#\" class=\"ez-toc-pull-right ez-toc-btn ez-toc-btn-xs ez-toc-btn-default ez-toc-toggle\" aria-label=\"P\u0101rsl\u0113gt satura tabulu\"><span class=\"ez-toc-js-icon-con\"><span class=\"\"><span class=\"eztoc-hide\" style=\"display:none;\">P\u0101rsl\u0113gt<\/span><span class=\"ez-toc-icon-toggle-span\"><svg style=\"fill: #999;color:#999\" xmlns=\"http:\/\/www.w3.org\/2000\/svg\" class=\"list-377408\" width=\"20px\" height=\"20px\" viewbox=\"0 0 24 24\" fill=\"none\"><path d=\"M6 6H4v2h2V6zm14 0H8v2h12V6zM4 11h2v2H4v-2zm16 0H8v2h12v-2zM4 16h2v2H4v-2zm16 0H8v2h12v-2z\" fill=\"currentColor\"><\/path><\/svg><svg style=\"fill: #999;color:#999\" class=\"arrow-unsorted-368013\" xmlns=\"http:\/\/www.w3.org\/2000\/svg\" width=\"10px\" height=\"10px\" viewbox=\"0 0 24 24\" version=\"1.2\" baseprofile=\"tiny\"><path d=\"M18.2 9.3l-6.2-6.3-6.2 6.3c-.2.2-.3.4-.3.7s.1.5.3.7c.2.2.4.3.7.3h11c.3 0 .5-.1.7-.3.2-.2.3-.5.3-.7s-.1-.5-.3-.7zM5.8 14.7l6.2 6.3 6.2-6.3c.2-.2.3-.5.3-.7s-.1-.5-.3-.7c-.2-.2-.4-.3-.7-.3h-11c-.3 0-.5.1-.7.3-.2.2-.3.5-.3.7s.1.5.3.7z\"\/><\/svg><\/span><\/span><\/span><\/a><\/span><\/div>\n<nav><ul class='ez-toc-list ez-toc-list-level-1 eztoc-toggle-hide-by-default' ><li class='ez-toc-page-1 ez-toc-heading-level-2'><a class=\"ez-toc-link ez-toc-heading-1\" href=\"https:\/\/moverdb.com\/lv\/moving-companies\/moving-companies-panama\/#1_Canal_Movers_Logistics\" >1. Kan\u0101lu p\u0101rvietot\u0101ji un lo\u0123istika<\/a><\/li><li class='ez-toc-page-1 ez-toc-heading-level-2'><a class=\"ez-toc-link ez-toc-heading-2\" href=\"https:\/\/moverdb.com\/lv\/moving-companies\/moving-companies-panama\/#2_Logisfashion\" >2. Logisfashion<\/a><\/li><li class='ez-toc-page-1 ez-toc-heading-level-2'><a class=\"ez-toc-link ez-toc-heading-3\" href=\"https:\/\/moverdb.com\/lv\/moving-companies\/moving-companies-panama\/#3_Mudanzas_Express\" >3. Mudanzas Express<\/a><\/li><li class='ez-toc-page-1 ez-toc-heading-level-2'><a class=\"ez-toc-link ez-toc-heading-4\" href=\"https:\/\/moverdb.com\/lv\/moving-companies\/moving-companies-panama\/#4_Panama_Moving_Solutions\" >4. P\u0101rvieto\u0161an\u0101s risin\u0101jumi Panam\u0101<\/a><\/li><li class='ez-toc-page-1 ez-toc-heading-level-2'><a class=\"ez-toc-link ez-toc-heading-5\" href=\"https:\/\/moverdb.com\/lv\/moving-companies\/moving-companies-panama\/#5_Panama_Packing_Storage\" >5. Iepako\u0161ana un uzglab\u0101\u0161ana Panam\u0101<\/a><\/li><\/ul><\/nav><\/div>\n<h2><span class=\"ez-toc-section\" id=\"1_Canal_Movers_Logistics\"><\/span><strong>1. Kan\u0101lu p\u0101rvietot\u0101ji un lo\u0123istika<\/strong><span class=\"ez-toc-section-end\"><\/span><\/h2>\n<p><img loading=\"lazy\" decoding=\"async\" class=\"alignnone size-full wp-image-8770\" src=\"https:\/\/moverdb.com\/wp-content\/uploads\/Canal-Movers-Logistics-international-moving-company.png\" alt=\"Canal Movers &amp; Lo\u0123istika starptautisks p\u0101rvietojas uz\u0146\u0113mums\" width=\"1440\" height=\"679\" data-wp-pid=\"8770\" srcset=\"https:\/\/moverdb.com\/wp-content\/uploads\/Canal-Movers-Logistics-international-moving-company.png 1440w, https:\/\/moverdb.com\/wp-content\/uploads\/Canal-Movers-Logistics-international-moving-company-300x141.png 300w, https:\/\/moverdb.com\/wp-content\/uploads\/Canal-Movers-Logistics-international-moving-company-1024x483.png 1024w, https:\/\/moverdb.com\/wp-content\/uploads\/Canal-Movers-Logistics-international-moving-company-18x8.png 18w, https:\/\/moverdb.com\/wp-content\/uploads\/Canal-Movers-Logistics-international-moving-company-600x283.png 600w\" sizes=\"auto, (max-width: 1440px) 100vw, 1440px\" \/><\/p>\n<ul>\n<li>Viet\u0113jie un viet\u0113jie p\u0101rvadi<\/li>\n<li>Starptautisk\u0101 p\u0101rcel\u0161an\u0101s<\/li>\n<li>M\u0101jsaimniec\u012bbas p\u0101rv\u0101k\u0161an\u0101s<\/li>\n<li>Biroju p\u0101rcel\u0161an\u0101s<\/li>\n<li>Individualiz\u0113ti pakalpojumi<\/li>\n<li>Profesion\u0101ls iepako\u0161anas pakalpojums<\/li>\n<li>M\u0101kslas darbu apstr\u0101de<\/li>\n<li>Transportl\u012bdzek\u013cu un m\u0101jdz\u012bvnieku transport\u0113\u0161ana<\/li>\n<li>Apdro\u0161in\u0101\u0161ana<\/li>\n<li>Uzglab\u0101\u0161anas iek\u0101rtas<\/li>\n<\/ul>\n<p>Canal Movers &amp; Logistics ir p\u0101rcel\u0161an\u0101s un lo\u0123istikas uz\u0146\u0113mums, kas apkalpo starptautiskus uz\u0146\u0113mumus un priv\u0101tpersonas. Uz\u0146\u0113mums sadarbojas ar glob\u0101lu lo\u0123istikas un p\u0101rcel\u0161an\u0101s a\u0123entu t\u012bklu. Uz\u0146\u0113mums ir IAM biedrs ar 22 gadu darba st\u0101\u017eu un ir akredit\u0113ts FIDI.<\/p>\n<p>Canal Movers &amp; Logistics pied\u0101v\u0101 p\u0101rcel\u0161an\u0101s koordinatoru, kas pal\u012bdz\u0113s jums p\u0101rcelties gan viet\u0113j\u0101, gan valsts, gan starptautisk\u0101 m\u0113rog\u0101, neatkar\u012bgi no t\u0101, vai j\u016bs p\u0101rce\u013cat savu m\u0101ju vai uz\u0146\u0113mumu. Vi\u0146i pied\u0101v\u0101 profesion\u0101lu iepako\u0161anas pakalpojumu, lai aizsarg\u0101tu j\u016bsu mantas p\u0101rvad\u0101\u0161anas laik\u0101, un nodro\u0161ina apdro\u0161in\u0101\u0161anu. Vi\u0146i pied\u0101v\u0101 ar\u012b papildu pakalpojumus, kas ietver m\u0113be\u013cu nomu, automa\u0161\u012bnu, motociklu un laivu p\u0101rvad\u0101\u0161anu, m\u0101jdz\u012bvnieku p\u0101rvad\u0101\u0161anu un m\u0101kslas darbu p\u0101rve\u0161anu.<\/p>\n<p>T\u012bmek\u013ca vietne: <a href=\"http:\/\/www.canalmovers.com\" target=\"_blank\" rel=\"noopener\">http:\/\/www.canalmovers.com<\/a><\/p>\n<h2><span class=\"ez-toc-section\" id=\"2_Logisfashion\"><\/span><strong>2. Logisfashion<\/strong><span class=\"ez-toc-section-end\"><\/span><\/h2>\n<p><img loading=\"lazy\" decoding=\"async\" class=\"alignnone size-full wp-image-8822\" src=\"https:\/\/moverdb.com\/wp-content\/uploads\/Logisfashion-international-moving-company.png\" alt=\"Logisfashion starptautiskais p\u0101rvieto\u0161an\u0101s uz\u0146\u0113mums\" width=\"1440\" height=\"680\" data-wp-pid=\"8822\" srcset=\"https:\/\/moverdb.com\/wp-content\/uploads\/Logisfashion-international-moving-company.png 1440w, https:\/\/moverdb.com\/wp-content\/uploads\/Logisfashion-international-moving-company-300x142.png 300w, https:\/\/moverdb.com\/wp-content\/uploads\/Logisfashion-international-moving-company-1024x484.png 1024w, https:\/\/moverdb.com\/wp-content\/uploads\/Logisfashion-international-moving-company-18x9.png 18w, https:\/\/moverdb.com\/wp-content\/uploads\/Logisfashion-international-moving-company-600x283.png 600w\" sizes=\"auto, (max-width: 1440px) 100vw, 1440px\" \/><\/p>\n<ul>\n<li>Valsts transports<\/li>\n<li>Starptautiskie p\u0101rvad\u0101jumi<\/li>\n<li>Priv\u0101tais transports<\/li>\n<li>Komerci\u0101lie p\u0101rvad\u0101jumi<\/li>\n<li>Individu\u0101li piel\u0101gots pakalpojums no durv\u012bm l\u012bdz durv\u012bm<\/li>\n<li>Da\u017e\u0101di pieg\u0101des izm\u0113ri<\/li>\n<li>Gaisa, j\u016bras un sauszemes transports<\/li>\n<li>Muitas atbalsts<\/li>\n<li>Apdro\u0161in\u0101\u0161ana<\/li>\n<li>Uzglab\u0101\u0161anas iek\u0101rtas<\/li>\n<\/ul>\n<p>Logisfashion ir starptautisks lo\u0123istikas uz\u0146\u0113mums, kas dibin\u0101ts 1997. gad\u0101, ar fili\u0101l\u0113m devi\u0146\u0101s pasaules valst\u012bs un biroju Panam\u0101. Uz\u0146\u0113mums ir IAM biedrs ar 42 gadu darb\u012bbas st\u0101\u017eu, kas tam nodro\u0161ina piek\u013cuvi starptautiskajam p\u0101rvad\u0101jumu a\u0123entu t\u012bklam.<\/p>\n<p>Logisfashion pied\u0101v\u0101 starptautiskos p\u0101rvad\u0101jumus pa gaisu, j\u016bru un sauszemi, kas ietver pilnu konteineru kravas un maz\u0101k nek\u0101 konteineru kravas. Tie sniedz piel\u0101gotus pakalpojumus no durv\u012bm l\u012bdz durv\u012bm, nodro\u0161ina s\u016bt\u012bjumu izsekojam\u012bbu, muito\u0161anu un pre\u010du apdro\u0161in\u0101\u0161anu. Vi\u0146i pied\u0101v\u0101 ar\u012b noliktavas un uzglab\u0101\u0161anas telpas, lai atbalst\u012btu izplat\u012b\u0161anas un importa vai eksporta darb\u012bbas.<\/p>\n<p>T\u012bmek\u013ca vietne: <a href=\"http:\/\/www.logisfashion.com\" target=\"_blank\" rel=\"noopener\">http:\/\/www.logisfashion.com<\/a><\/p>\n<h2><span class=\"ez-toc-section\" id=\"3_Mudanzas_Express\"><\/span><strong>3. Mudanzas Express<\/strong><span class=\"ez-toc-section-end\"><\/span><\/h2>\n<p><img loading=\"lazy\" decoding=\"async\" class=\"alignnone size-full wp-image-8833\" src=\"https:\/\/moverdb.com\/wp-content\/uploads\/Mudanzas-Express-international-moving-company.png\" alt=\"Mudanzas Express starptautiskais p\u0101rvieto\u0161an\u0101s uz\u0146\u0113mums\" width=\"1440\" height=\"686\" data-wp-pid=\"8833\" srcset=\"https:\/\/moverdb.com\/wp-content\/uploads\/Mudanzas-Express-international-moving-company.png 1440w, https:\/\/moverdb.com\/wp-content\/uploads\/Mudanzas-Express-international-moving-company-300x143.png 300w, https:\/\/moverdb.com\/wp-content\/uploads\/Mudanzas-Express-international-moving-company-1024x488.png 1024w, https:\/\/moverdb.com\/wp-content\/uploads\/Mudanzas-Express-international-moving-company-18x9.png 18w, https:\/\/moverdb.com\/wp-content\/uploads\/Mudanzas-Express-international-moving-company-600x286.png 600w\" sizes=\"auto, (max-width: 1440px) 100vw, 1440px\" \/><\/p>\n<ul>\n<li>Viet\u0113jie p\u0101rvadi<\/li>\n<li>Starptautiskie p\u0101rvadi<\/li>\n<li>M\u0101jsaimniec\u012bbas p\u0101rv\u0101k\u0161an\u0101s<\/li>\n<li>Komerci\u0101lo un biroju p\u0101rvieto\u0161ana<\/li>\n<li>Pakalpojums \"no durv\u012bm l\u012bdz durv\u012bm<\/li>\n<li>P\u0101rraudz\u012bts p\u0101rvald\u012bbas process<\/li>\n<li>Iepako\u0161anas pakalpojums<\/li>\n<li>Gaisa un j\u016bras transports<\/li>\n<li>Muitas starpniec\u012bba<\/li>\n<li>Autotransports<\/li>\n<\/ul>\n<p>Mudanzas Express ir starptautisks p\u0101rcel\u0161an\u0101s uz\u0146\u0113mums, kas atrodas Tocumen\u0101 un kam ir vair\u0101k nek\u0101 12 gadu pieredze. Uz\u0146\u0113mums ir IAM biedrs ar 15 gadu darba st\u0101\u017eu, un tas nodro\u0161ina to ar starptautisku p\u0101rcel\u0161an\u0101s a\u0123entu t\u012bklu, kas sniedz pakalpojumus ar\u012b \u0101rpus Panamas.<\/p>\n<p>Mudanzas Express pied\u0101v\u0101 p\u0101rcel\u0161an\u0101s pakalpojumus tiem, kas p\u0101rce\u013cas uz Panamu vai no Panamas, un sniedz pakalpojumus no durv\u012bm l\u012bdz durv\u012bm. Vi\u0146i sniedz iepako\u0161anas pakalpojumus, lai aizsarg\u0101tu j\u016bsu mantas p\u0101rvad\u0101\u0161anas laik\u0101, izjauc un samont\u0113 m\u0113beles, k\u0101 ar\u012b apstr\u0101d\u0101 trauslus priek\u0161metus un klavieres.  Vi\u0146i organiz\u0113 transport\u0113\u0161anu un p\u0101rvalda procesu, ieskaitot muitas starpniec\u012bbu.<\/p>\n<p>T\u012bmek\u013ca vietne: <a href=\"http:\/\/www.mudanzasexpresspanama.com\" target=\"_blank\" rel=\"noopener\">http:\/\/www.mudanzasexpresspanama.com<\/a><\/p>\n<h2><span class=\"ez-toc-section\" id=\"4_Panama_Moving_Solutions\"><\/span><strong>4. P\u0101rvieto\u0161an\u0101s risin\u0101jumi Panam\u0101<\/strong><span class=\"ez-toc-section-end\"><\/span><\/h2>\n<p><img loading=\"lazy\" decoding=\"async\" class=\"alignnone size-full wp-image-8843\" src=\"https:\/\/moverdb.com\/wp-content\/uploads\/Panama-Moving-Solutions-international-moving-company.png\" alt=\"Panama Moving Solutions starptautisks p\u0101rvietojas uz\u0146\u0113mums\" width=\"1440\" height=\"681\" data-wp-pid=\"8843\" srcset=\"https:\/\/moverdb.com\/wp-content\/uploads\/Panama-Moving-Solutions-international-moving-company.png 1440w, https:\/\/moverdb.com\/wp-content\/uploads\/Panama-Moving-Solutions-international-moving-company-300x142.png 300w, https:\/\/moverdb.com\/wp-content\/uploads\/Panama-Moving-Solutions-international-moving-company-1024x484.png 1024w, https:\/\/moverdb.com\/wp-content\/uploads\/Panama-Moving-Solutions-international-moving-company-18x9.png 18w, https:\/\/moverdb.com\/wp-content\/uploads\/Panama-Moving-Solutions-international-moving-company-600x284.png 600w\" sizes=\"auto, (max-width: 1440px) 100vw, 1440px\" \/><\/p>\n<ul>\n<li>Viet\u0113jie un viet\u0113jie p\u0101rv\u0101k\u0161an\u0101s darbi<\/li>\n<li>Starptautisk\u0101 p\u0101rcel\u0161an\u0101s<\/li>\n<li>M\u0101jsaimniec\u012bbas p\u0101rv\u0101k\u0161an\u0101s<\/li>\n<li>Uz\u0146\u0113mumu izve\u0161ana<\/li>\n<li>\"no durv\u012bm l\u012bdz durv\u012bm\" un \"no durv\u012bm l\u012bdz durv\u012bm<a href=\"https:\/\/moverdb.com\/lv\/top-49-container-ports\/\" data-internallinksmanager029f6b8e52c=\"80\" title=\"49 liel\u0101kie un noslogot\u0101kie konteineru ostas 2025. gad\u0101\">osta<\/a> pakalpojumi<\/li>\n<li>Iepako\u0161anas pakalpojumi<\/li>\n<li>Transport\u0113\u0161anas organiz\u0113\u0161ana<\/li>\n<li>M\u0101jdz\u012bvnieku p\u0101rvad\u0101\u0161ana<\/li>\n<li>Transportl\u012bdzek\u013cu transport\u0113\u0161ana<\/li>\n<li>Uzglab\u0101\u0161anas iek\u0101rtas<\/li>\n<\/ul>\n<p>Panama Moving Solutions pied\u0101v\u0101 starptautisku p\u0101rcel\u0161anos un kravu p\u0101rvad\u0101jumus ar vair\u0101k nek\u0101 20 gadu pieredzi un atrodas Panam\u0101. Vi\u0146i sadarbojas ar starptautiski atz\u012btiem p\u0101rv\u0101k\u0161an\u0101s a\u0123entiem, lai sniegtu atbalstu pakalpojumu snieg\u0161an\u0101, un ir IAM biedrs ar se\u0161u gadu darba st\u0101\u017eu.<\/p>\n<p>Panama Moving Solutions pied\u0101v\u0101 piel\u0101gotus p\u0101rcel\u0161an\u0101s pakalpojumus Panam\u0101, uz Panamu un no Panamas, kas var b\u016bt \"no durv\u012bm l\u012bdz durv\u012bm\" vai \"no durv\u012bm l\u012bdz ostai\". Vi\u0146i sniedz iepako\u0161anas pakalpojumus, izmantojot lab\u0101kos iepakojuma produktus un jaun\u0101k\u0101s iepako\u0161anas metodes, lai samazin\u0101tu boj\u0101jumus un mitrumu. Vi\u0146i pied\u0101v\u0101 papildu pakalpojumus, kas ietver m\u0101jdz\u012bvnieku un transportl\u012bdzek\u013cu p\u0101rvad\u0101\u0161anu un uzglab\u0101\u0161anu.<\/p>\n<p>T\u012bmek\u013ca vietne: <a href=\"http:\/\/www.pmovings.com\" target=\"_blank\" rel=\"noopener\">http:\/\/www.pmovings.com<\/a><\/p>\n<h2><span class=\"ez-toc-section\" id=\"5_Panama_Packing_Storage\"><\/span><strong>5. Iepako\u0161ana un uzglab\u0101\u0161ana Panam\u0101<\/strong><span class=\"ez-toc-section-end\"><\/span><\/h2>\n<p><img loading=\"lazy\" decoding=\"async\" class=\"alignnone size-full wp-image-8844\" src=\"https:\/\/moverdb.com\/wp-content\/uploads\/Panama-Packing-Storage-international-moving-company.png\" alt=\"Panama Packing &amp; Storage starptautisks p\u0101rvietojas uz\u0146\u0113mums\" width=\"1440\" height=\"682\" data-wp-pid=\"8844\" srcset=\"https:\/\/moverdb.com\/wp-content\/uploads\/Panama-Packing-Storage-international-moving-company.png 1440w, https:\/\/moverdb.com\/wp-content\/uploads\/Panama-Packing-Storage-international-moving-company-300x142.png 300w, https:\/\/moverdb.com\/wp-content\/uploads\/Panama-Packing-Storage-international-moving-company-1024x485.png 1024w, https:\/\/moverdb.com\/wp-content\/uploads\/Panama-Packing-Storage-international-moving-company-18x9.png 18w, https:\/\/moverdb.com\/wp-content\/uploads\/Panama-Packing-Storage-international-moving-company-600x284.png 600w\" sizes=\"auto, (max-width: 1440px) 100vw, 1440px\" \/><\/p>\n<ul>\n<li>Viet\u0113jie p\u0101rvadi<\/li>\n<li>Starptautiskie p\u0101rvadi<\/li>\n<li>M\u0101jsaimniec\u012bbas p\u0101rv\u0101k\u0161an\u0101s<\/li>\n<li>Biroju pakalpojumi<\/li>\n<li>\"no durv\u012bm l\u012bdz durv\u012bm\" vai \"no durv\u012bm l\u012bdz ostai\" pakalpojumi<\/li>\n<li>Iepako\u0161anas pakalpojums<\/li>\n<li>Autotransports, j\u016bras un gaisa transports<\/li>\n<li>Importa un eksporta atbalsts<\/li>\n<li>M\u0101kslas apstr\u0101de<\/li>\n<li>\u012asas un garas uzglab\u0101\u0161anas iesp\u0113jas<\/li>\n<\/ul>\n<p>Panama Packing &amp; Storage ir Lat\u012b\u0146amerikas p\u0101rcel\u0161an\u0101s uz\u0146\u0113mums, kas dibin\u0101ts 1971. gad\u0101 un atrodas Panam\u0101. Uz\u0146\u0113mumam ir glob\u0101ls p\u0101rcel\u0161an\u0101s a\u0123entu t\u012bkls, kas var sniegt pakalpojumus \u0101rpus t\u0101 darb\u012bbas teritorijas. Uz\u0146\u0113mums ir IAM biedrs un ir akredit\u0113ts FIDI.<\/p>\n<p>Panama Packing &amp; Storage pied\u0101v\u0101 starptautisku p\u0101rcel\u0161anos un viet\u0113ju p\u0101rcel\u0161anos, kas ietver ar\u012b m\u0101kslas priek\u0161metu apstr\u0101des pakalpojumus. Vi\u0146i sniedz iepako\u0161anas un izpako\u0161anas pakalpojumus, kas ietver trauslu priek\u0161metu iesai\u0146o\u0161anu un iesai\u0146o\u0161anu. Vi\u0146i pied\u0101v\u0101 dro\u0161as uzglab\u0101\u0161anas telpas, kas ir piem\u0113rotas \u012bstermi\u0146a vai ilgtermi\u0146a risin\u0101jumiem.<\/p>\n<p>T\u012bmek\u013ca vietne: <a href=\"http:\/\/www.panamapacking.com\" target=\"_blank\" rel=\"noopener\">http:\/\/www.panamapacking.com<\/a><\/p>","protected":false},"excerpt":{"rendered":"<p>Are you moving home or office within, to or from Panama? Then you may want to employ the services of a moving company to assist you with packing, organising transportation and arrangement of documentation for international moves. Below we have compiled a list of Panama based removal companies that are members of the International Association [&hellip;]<\/p>\n","protected":false},"author":4,"featured_media":0,"parent":190,"menu_order":0,"comment_status":"closed","ping_status":"closed","template":"","meta":{"_genesis_hide_title":false,"_genesis_hide_breadcrumbs":false,"_genesis_hide_singular_image":false,"_genesis_hide_footer_widgets":false,"_genesis_custom_body_class":"","_genesis_custom_post_class":"","_genesis_layout":"","footnotes":""},"class_list":{"0":"post-8908","1":"page","2":"type-page","3":"status-publish","5":"entry","6":"has-post-thumbnail"},"_links":{"self":[{"href":"https:\/\/moverdb.com\/lv\/wp-json\/wp\/v2\/pages\/8908","targetHints":{"allow":["GET"]}}],"collection":[{"href":"https:\/\/moverdb.com\/lv\/wp-json\/wp\/v2\/pages"}],"about":[{"href":"https:\/\/moverdb.com\/lv\/wp-json\/wp\/v2\/types\/page"}],"author":[{"embeddable":true,"href":"https:\/\/moverdb.com\/lv\/wp-json\/wp\/v2\/users\/4"}],"replies":[{"embeddable":true,"href":"https:\/\/moverdb.com\/lv\/wp-json\/wp\/v2\/comments?post=8908"}],"version-history":[{"count":1,"href":"https:\/\/moverdb.com\/lv\/wp-json\/wp\/v2\/pages\/8908\/revisions"}],"predecessor-version":[{"id":8909,"href":"https:\/\/moverdb.com\/lv\/wp-json\/wp\/v2\/pages\/8908\/revisions\/8909"}],"up":[{"embeddable":true,"href":"https:\/\/moverdb.com\/lv\/wp-json\/wp\/v2\/pages\/190"}],"wp:attachment":[{"href":"https:\/\/moverdb.com\/lv\/wp-json\/wp\/v2\/media?parent=8908"}],"curies":[{"name":"wp","href":"https:\/\/api.w.org\/{rel}","templated":true}]}}