{"id":8906,"date":"2023-04-27T14:30:32","date_gmt":"2023-04-27T14:30:32","guid":{"rendered":"https:\/\/moverdb.com\/?page_id=8906"},"modified":"2026-01-08T15:24:24","modified_gmt":"2026-01-08T15:24:24","slug":"moving-companies-paraguay","status":"publish","type":"page","link":"https:\/\/moverdb.com\/lv\/moving-companies\/moving-companies-paraguay\/","title":{"rendered":"3 lab\u0101kie starptautisk\u0101s p\u0101rcel\u0161an\u0101s uz\u0146\u0113mumi Paragvaj\u0101"},"content":{"rendered":"<p>Vai pl\u0101nojat p\u0101rcelties uz Paragvaju vai no t\u0101s? Ja jums ir nepiecie\u0161ama pal\u012bdz\u012bba ar iepako\u0161anu un p\u0101rcel\u0161an\u0101s organiz\u0113\u0161anu, jo \u012bpa\u0161i, ja j\u016bs p\u0101rce\u013caties uz citu valsti un jums ir j\u0101aizpilda importa\/eksporta dokumenti. Zem\u0101k m\u0113s esam apkopoju\u0161i sarakstu ar Paragvaj\u0101 b\u0101z\u0113tiem <a href=\"https:\/\/moverdb.com\/lv\/international-removals\/\" data-internallinksmanager029f6b8e52c=\"27\" title=\"36 Lab\u0101kie starptautisko p\u0101rvad\u0101jumu uz\u0146\u0113mumi Apvienotaj\u0101 Karalist\u0113\">p\u0101rv\u0101k\u0161an\u0101s uz\u0146\u0113mumi<\/a> kas ir <a href=\"https:\/\/moverdb.com\/lv\/iam\/\" data-internallinksmanager029f6b8e52c=\"23\" title=\"Starptautisk\u0101s P\u0101rv\u0101c\u0113ju asoci\u0101cijas (IAM) skaidrojumi\">Starptautisk\u0101 P\u0101rv\u0101c\u0113ju asoci\u0101cija<\/a> (IAM) un\/vai <a href=\"https:\/\/moverdb.com\/lv\/fidi-faim\/\" data-internallinksmanager029f6b8e52c=\"16\" title=\"FIDI un FAIM (FIDI akredit\u0113tais starptautiskais p\u0101rvietot\u0101js) skaidrojums\">FIDI<\/a> Akredit\u0113ti starptautiskie p\u0101rv\u0101c\u0113ji (FAIM), kas var\u0113tu jums pal\u012bdz\u0113t p\u0101rcelties.<\/p>\n<h2><strong>1. Servimex<\/strong><\/h2>\n<p><img loading=\"lazy\" decoding=\"async\" class=\"alignnone size-full wp-image-8856\" src=\"https:\/\/moverdb.com\/wp-content\/uploads\/Servimex-international-moving-company.png\" alt=\"Servimex starptautiskais p\u0101rvieto\u0161an\u0101s uz\u0146\u0113mums\" width=\"1440\" height=\"674\" data-wp-pid=\"8856\" srcset=\"https:\/\/moverdb.com\/wp-content\/uploads\/Servimex-international-moving-company.png 1440w, https:\/\/moverdb.com\/wp-content\/uploads\/Servimex-international-moving-company-300x140.png 300w, https:\/\/moverdb.com\/wp-content\/uploads\/Servimex-international-moving-company-1024x479.png 1024w, https:\/\/moverdb.com\/wp-content\/uploads\/Servimex-international-moving-company-18x8.png 18w, https:\/\/moverdb.com\/wp-content\/uploads\/Servimex-international-moving-company-600x281.png 600w\" sizes=\"auto, (max-width: 1440px) 100vw, 1440px\" \/><\/p>\n<ul>\n<li>Viet\u0113jie valsts p\u0101rv\u0101k\u0161an\u0101s darbi<\/li>\n<li>Starptautisk\u0101 p\u0101rcel\u0161an\u0101s<\/li>\n<li>Dz\u012bvojamo telpu p\u0101rve\u0161ana<\/li>\n<li>Biroju p\u0101rcel\u0161an\u0101s<\/li>\n<li>\"no durv\u012bm l\u012bdz durv\u012bm\" pakalpojumi<\/li>\n<li>Iepako\u0161anas pakalpojums<\/li>\n<li>Autotransports, j\u016bras un gaisa transports<\/li>\n<li>Muito\u0161ana<\/li>\n<li>Apdro\u0161in\u0101\u0161ana<\/li>\n<li>Uzglab\u0101\u0161anas iek\u0101rtas<\/li>\n<\/ul>\n<p>Servimex ir <a href=\"https:\/\/moverdb.com\/lv\/moving-companies\/\" data-internallinksmanager029f6b8e52c=\"79\" title=\"Top 25 Starptautiskie p\u0101rcel\u0161an\u0101s uz\u0146\u0113mumi tie\u0161saist\u0113\">P\u0101rvieto\u0161an\u0101s uz\u0146\u0113mums<\/a> kas dibin\u0101ta 1979. gad\u0101 un atrodas Asunsjon\u0101. Uz\u0146\u0113mums ir IAM biedrs ar 44 gadu darba st\u0101\u017eu un ir akredit\u0113ts FIDI, kas nodro\u0161ina piek\u013cuvi starptautiskam p\u0101rcel\u0161an\u0101s a\u0123entu t\u012bklam.<\/p>\n<p>Servimex sniedz m\u0101jsaimniec\u012bbas priek\u0161metu un m\u0101kslas darbu iepako\u0161anas pakalpojumus, kas tiks iepakoti r\u016bpniecisk\u0101 iepakojum\u0101, lai tos aizsarg\u0101tu p\u0101rvad\u0101\u0161anas laik\u0101. Vi\u0146i pied\u0101v\u0101 multimod\u0101lus transporta risin\u0101jumus, tostarp autotransporta, j\u016bras un gaisa transporta risin\u0101jumus, izmantojot konteinerus, un pal\u012bdz\u0113s veikt eksporta un importa muito\u0161anu. Vi\u0146i pied\u0101v\u0101 p\u0101rcel\u0161an\u0101s pakalpojumus, tostarp imigr\u0101cijas, orient\u0101cijas, iek\u0101rto\u0161an\u0101s, m\u0101jok\u013ca un skolas mekl\u0113\u0161anas un izbrauk\u0161anas pal\u012bdz\u012bbu.<\/p>\n<p>T\u012bmek\u013ca vietne: <a href=\"http:\/\/www.servimex.com.py\" target=\"_blank\" rel=\"noopener\">http:\/\/www.servimex.com.py<\/a><\/p>\n<h2><strong>2. Benkovics<\/strong><\/h2>\n<p><img loading=\"lazy\" decoding=\"async\" class=\"alignnone size-full wp-image-8766\" src=\"https:\/\/moverdb.com\/wp-content\/uploads\/Benkovics-international-moving-company.png\" alt=\"Benkovics starptautiskais p\u0101rvieto\u0161an\u0101s uz\u0146\u0113mums\" width=\"1440\" height=\"679\" data-wp-pid=\"8766\" srcset=\"https:\/\/moverdb.com\/wp-content\/uploads\/Benkovics-international-moving-company.png 1440w, https:\/\/moverdb.com\/wp-content\/uploads\/Benkovics-international-moving-company-300x141.png 300w, https:\/\/moverdb.com\/wp-content\/uploads\/Benkovics-international-moving-company-1024x483.png 1024w, https:\/\/moverdb.com\/wp-content\/uploads\/Benkovics-international-moving-company-18x8.png 18w, https:\/\/moverdb.com\/wp-content\/uploads\/Benkovics-international-moving-company-600x283.png 600w\" sizes=\"auto, (max-width: 1440px) 100vw, 1440px\" \/><\/p>\n<ul>\n<li>Valsts p\u0101rv\u0101k\u0161an\u0101s<\/li>\n<li>Starptautisk\u0101 p\u0101rcel\u0161an\u0101s<\/li>\n<li>M\u0101jsaimniec\u012bbas p\u0101rv\u0101k\u0161an\u0101s<\/li>\n<li>Apsekojums pirms p\u0101rcel\u0161an\u0101s<\/li>\n<li>P\u0101rvieto\u0161anas nor\u0101d\u012bjumi<\/li>\n<li>Iepako\u0161anas pakalpojums<\/li>\n<li>Sauszemes, gaisa un j\u016bras transports<\/li>\n<li>Eksporta muito\u0161ana<\/li>\n<li>Apdro\u0161in\u0101\u0161ana<\/li>\n<li>\u012astermi\u0146a un ilgtermi\u0146a uzglab\u0101\u0161ana<\/li>\n<\/ul>\n<p>Benkovics ir p\u0101rcel\u0161an\u0101s uz\u0146\u0113mums, kas atrodas Asunsjon\u0101. Vi\u0146i sadarbojas ar starptautiski akredit\u0113tiem p\u0101rcel\u0161an\u0101s a\u0123entiem vis\u0101 pasaul\u0113, lai sniegtu savus pakalpojumus starptautisk\u0101 m\u0113rog\u0101. Uz\u0146\u0113mums ir IAM biedrs ar 64 gadu darba st\u0101\u017eu.<\/p>\n<p>Benkovics pied\u0101v\u0101 pirmsp\u0101rv\u0101k\u0161an\u0101s apsekojumu, lai nov\u0113rt\u0113tu j\u016bsu p\u0101rv\u0101k\u0161an\u0101s pras\u012bbu apjomu un sniegtu jums t\u0101mi. Vi\u0146i sniedz iepako\u0161anas pakalpojumus, izmantojot lab\u0101k\u0101s kvalit\u0101tes iepakojuma materi\u0101lus, tostarp koka karkasus un iztur\u012bgas kastes, lai aizsarg\u0101tu j\u016bsu mantas. Vi\u0146u lo\u0123istikas eksperti organiz\u0113s transport\u0113\u0161anu pa autoce\u013ciem, gaisu vai j\u016bru un pal\u012bdz\u0113s veikt eksporta muito\u0161anu. Ierodoties galam\u0113r\u0137\u012b, vi\u0146i izsai\u0146os un aizved\u012bs visus atkritumus.<\/p>\n<p>T\u012bmek\u013ca vietne: <a href=\"http:\/\/www.benkovics.com.py\" target=\"_blank\" rel=\"noopener\">http:\/\/www.benkovics.com.py<\/a><\/p>\n<h2><strong>3. Asuncion Vanpack<\/strong><\/h2>\n<p><img loading=\"lazy\" decoding=\"async\" class=\"alignnone size-full wp-image-8761\" src=\"https:\/\/moverdb.com\/wp-content\/uploads\/Asuncion-Vanpack-international-moving-company.png\" alt=\"Asuncion Vanpack starptautiskais p\u0101rcel\u0161an\u0101s uz\u0146\u0113mums\" width=\"1440\" height=\"677\" data-wp-pid=\"8761\" srcset=\"https:\/\/moverdb.com\/wp-content\/uploads\/Asuncion-Vanpack-international-moving-company.png 1440w, https:\/\/moverdb.com\/wp-content\/uploads\/Asuncion-Vanpack-international-moving-company-300x141.png 300w, https:\/\/moverdb.com\/wp-content\/uploads\/Asuncion-Vanpack-international-moving-company-1024x481.png 1024w, https:\/\/moverdb.com\/wp-content\/uploads\/Asuncion-Vanpack-international-moving-company-18x8.png 18w, https:\/\/moverdb.com\/wp-content\/uploads\/Asuncion-Vanpack-international-moving-company-600x282.png 600w\" sizes=\"auto, (max-width: 1440px) 100vw, 1440px\" \/><\/p>\n<ul>\n<li>Valsts p\u0101rcel\u0161an\u0101s<\/li>\n<li>Starptautiskie p\u0101rvadi<\/li>\n<li>M\u0101jsaimniec\u012bbas p\u0101rv\u0101k\u0161an\u0101s<\/li>\n<li>Apsekojums m\u0101j\u0101s<\/li>\n<li>Iepako\u0161anas pakalpojums<\/li>\n<li>Specializ\u0113ts iepakojums<\/li>\n<li>Transport\u0113\u0161anas organiz\u0113\u0161ana<\/li>\n<li>Apdro\u0161in\u0101\u0161ana<\/li>\n<li>Failu p\u0101rvald\u012bba<\/li>\n<li>Uzglab\u0101\u0161anas iek\u0101rtas<\/li>\n<\/ul>\n<p>Asunsionas Vanpack ir transporta un lo\u0123istikas uz\u0146\u0113mums ar vair\u0101k nek\u0101 30 gadu pieredzi, kas atrodas Asunsion\u0101. Uz\u0146\u0113mums ir IAM biedrs ar 35 gadu darba st\u0101\u017eu, kas tam nodro\u0161ina piek\u013cuvi starptautiskam p\u0101rvad\u0101jumu a\u0123entu t\u012bklam, kas sniedz atbalstu \u0101rpus Paragvajas.<\/p>\n<p>Asuncion Vanpack veic apsekojumu, lai noskaidrotu j\u016bsu p\u0101rcel\u0161an\u0101s apjomu un ieteiktu lab\u0101kos variantus un sagatavotu cenu pied\u0101v\u0101jumu. Vi\u0146i pied\u0101v\u0101 iepako\u0161anas pakalpojumus, kas nodro\u0161ina lab\u0101kos iepakojuma materi\u0101lus, lai aizsarg\u0101tu j\u016bsu priek\u0161metus p\u0101rvad\u0101\u0161anas laik\u0101, un izmanto \u012bpa\u0161u iepakojuma dizainu katram priek\u0161metam, k\u0101 ar\u012b nodro\u0161ina galdniec\u012bbas pakalpojumus speci\u0101listu vajadz\u012bb\u0101m.<\/p>\n<p>T\u012bmek\u013ca vietne: <a href=\"http:\/\/www.asuncionvanpack.com\" target=\"_blank\" rel=\"noopener\">http:\/\/www.asuncionvanpack.com<\/a><\/p>","protected":false},"excerpt":{"rendered":"<p>Are you planning a move within, to or from Paraguay? If you need help with packing and organising your move especially if you are moving countries and need to complete import\/export paperwork. Below we have compiled a list of Paraguay based removal companies that are members of the International Association of Movers (IAM) and\/or FIDI [&hellip;]<\/p>\n","protected":false},"author":4,"featured_media":0,"parent":190,"menu_order":0,"comment_status":"closed","ping_status":"closed","template":"","meta":{"_genesis_hide_title":false,"_genesis_hide_breadcrumbs":false,"_genesis_hide_singular_image":false,"_genesis_hide_footer_widgets":false,"_genesis_custom_body_class":"","_genesis_custom_post_class":"","_genesis_layout":"","footnotes":""},"class_list":{"0":"post-8906","1":"page","2":"type-page","3":"status-publish","5":"entry","6":"has-post-thumbnail"},"_links":{"self":[{"href":"https:\/\/moverdb.com\/lv\/wp-json\/wp\/v2\/pages\/8906","targetHints":{"allow":["GET"]}}],"collection":[{"href":"https:\/\/moverdb.com\/lv\/wp-json\/wp\/v2\/pages"}],"about":[{"href":"https:\/\/moverdb.com\/lv\/wp-json\/wp\/v2\/types\/page"}],"author":[{"embeddable":true,"href":"https:\/\/moverdb.com\/lv\/wp-json\/wp\/v2\/users\/4"}],"replies":[{"embeddable":true,"href":"https:\/\/moverdb.com\/lv\/wp-json\/wp\/v2\/comments?post=8906"}],"version-history":[{"count":1,"href":"https:\/\/moverdb.com\/lv\/wp-json\/wp\/v2\/pages\/8906\/revisions"}],"predecessor-version":[{"id":8907,"href":"https:\/\/moverdb.com\/lv\/wp-json\/wp\/v2\/pages\/8906\/revisions\/8907"}],"up":[{"embeddable":true,"href":"https:\/\/moverdb.com\/lv\/wp-json\/wp\/v2\/pages\/190"}],"wp:attachment":[{"href":"https:\/\/moverdb.com\/lv\/wp-json\/wp\/v2\/media?parent=8906"}],"curies":[{"name":"wp","href":"https:\/\/api.w.org\/{rel}","templated":true}]}}