{"id":890,"date":"2016-08-29T10:10:27","date_gmt":"2016-08-29T10:10:27","guid":{"rendered":"http:\/\/moverdb.com\/?page_id=890"},"modified":"2026-01-08T15:20:31","modified_gmt":"2026-01-08T15:20:31","slug":"pearson","status":"publish","type":"page","link":"https:\/\/moverdb.com\/lv\/pearson\/","title":{"rendered":"Pearson Home P\u0101rv\u0101k\u0161an\u0101s: Starptautiskie p\u0101rv\u0101k\u0161an\u0101s darbi Atsauksmes"},"content":{"rendered":"<p>Pearson Home Moving ir p\u0101rcel\u0161an\u0101s un p\u0101rv\u0101k\u0161an\u0101s uz\u0146\u0113mums, kas saviem klientiem pied\u0101v\u0101 \u0161\u0101dus pakalpojumus. Pakalpojumu sarakstam seko uz\u0146\u0113muma profils un atsauksmes.<\/p>\n<p><strong>Starptautiskie m\u0101jas p\u0101rcel\u0161an\u0101s pakalpojumi<\/strong><\/p>\n<ul>\n<li> Specializ\u0113ts p\u0101rcel\u0161an\u0101s vad\u012bt\u0101js<\/li>\n<li> Pakalpojums no durv\u012bm l\u012bdz durv\u012bm<\/li>\n<li> Specializ\u0113tais transportl\u012bdzek\u013cu parks<\/li>\n<li> Profesion\u0101li iepakot\u0101ji - demont\u0101\u017ea un iepako\u0161ana<\/li>\n<li> Iepakojuma materi\u0101li suppled<\/li>\n<li> <a href=\"https:\/\/moverdb.com\/lv\/konteineru-parvadajumi\/\">Gaisa vai j\u016bras kravu p\u0101rvad\u0101jumi<\/a><\/li>\n<li> Muitas pal\u012bdz\u012bba<\/li>\n<li> Izpako\u0161ana un salik\u0161ana<\/li>\n<li> M\u0101jdz\u012bvnieku p\u0101rvieto\u0161ana<\/li>\n<li> <a href=\"https:\/\/moverdb.com\/lv\/auto-transporta-nosutisana\/\">Transportl\u012bdzek\u013ca p\u0101rvieto\u0161ana<\/a><\/li>\n<li> Uzkop\u0161anas pakalpojumi<\/li>\n<li> Apdro\u0161in\u0101\u0161ana organiz\u0113ta<\/li>\n<li> Pieejama uzglab\u0101\u0161ana<\/li>\n<\/ul>\n<h2>Pearson Home P\u0101rv\u0101k\u0161an\u0101s uz\u0146\u0113muma profils<\/h2>\n<p>Pearson Home Moving 1917. gad\u0101 dibin\u0101ja Edvards P\u012brsons (Edward Pearson), un l\u012bdz \u0161im uz\u0146\u0113mums ir veicis vair\u0101k nek\u0101 250 000 veiksm\u012bgu p\u0101rv\u0101k\u0161anos visos kontinentos, pat Antarkt\u012bd\u0101. Edvarda P\u0113rsona m\u0113r\u0137is bija k\u013c\u016bt par lab\u0101ko... <a href=\"https:\/\/moverdb.com\/lv\/international-removals\/\" data-internallinksmanager029f6b8e52c=\"27\" title=\"36 Lab\u0101kie starptautisko p\u0101rvad\u0101jumu uz\u0146\u0113mumi Apvienotaj\u0101 Karalist\u0113\">p\u0101rcel\u0161an\u0101s uz\u0146\u0113mums<\/a> uz\u0146\u0113m\u0113jdarb\u012bb\u0101.<\/p>\n<p>Uz\u0146\u0113mums apgalvo, ka p\u0113d\u0113jo 100 gadu laik\u0101 ir izveidojis vienu no lab\u0101kajiem glob\u0101lajiem p\u0101rcel\u0161an\u0101s profesion\u0101\u013cu t\u012bkliem pasaul\u0113. Pearson Home Moving priek\u0161pl\u0101n\u0101 izvirza savus klientus neatkar\u012bgi no t\u0101, cik maza ir p\u0101rcel\u0161an\u0101s.<\/p>\n<p>Pearson Home Moving vides politik\u0101 ietilpst videi draudz\u012bgu produktu izmanto\u0161ana un otrreiz\u0113ja p\u0101rstr\u0101de, kur vien iesp\u0113jams, k\u0101 ar\u012b vienm\u0113r cen\u0161as izmantot piln\u012bb\u0101 piekrautus transportl\u012bdzek\u013cus, lai samazin\u0101tu oglek\u013ca dioks\u012bda emisiju.<\/p>\n<p>Vi\u0146iem ir \u0161\u0101das akredit\u0101cijas un pieder\u012bbas:<\/p>\n<ul>\n<li> <a href=\"https:\/\/moverdb.com\/lv\/britu-iznemeju-asociacija\/\">Lielbrit\u0101nijas P\u0101rv\u0101c\u0113ju asoci\u0101cija<\/a> (<a href=\"https:\/\/moverdb.com\/lv\/british-association-of-removers\/\" data-internallinksmanager029f6b8e52c=\"9\" title=\"Lielbrit\u0101nijas P\u0101rv\u0101c\u0113ju asoci\u0101cijas (BAR) skaidrojumi\">BAR<\/a>)<\/li>\n<li> <a href=\"https:\/\/moverdb.com\/lv\/harmony-relocation-network\/\">Harmonijas p\u0101rvieto\u0161anas t\u012bkls<\/a><\/li>\n<li> DNV ISO9001<\/li>\n<li> <a href=\"https:\/\/moverdb.com\/lv\/fedemac\/\">Eiropas P\u0101rv\u0101c\u0113ju feder\u0101cija<\/a> (<a href=\"https:\/\/moverdb.com\/lv\/fedemac\/\" data-internallinksmanager029f6b8e52c=\"15\" title=\"Eiropas P\u0101rv\u0101c\u0113ju asoci\u0101cijas feder\u0101cijas (FEDEMAC) skaidrojums\">FEDEMAC<\/a>)<\/li>\n<li> <a href=\"https:\/\/moverdb.com\/lv\/fidi-faim\/\">FIDI<\/a><\/li>\n<\/ul>\n<h2>Pearson Home P\u0101rvieto\u0161ana Atsauksmes<\/h2>\n<p><strong>Pozit\u012bvi:<\/strong><\/p>\n<ul>\n<li> \"\u0160\u012b bija m\u016bsu 19. p\u0101rcel\u0161an\u0101s 40 gadu laik\u0101. Lab\u0101kais l\u012bdz \u0161im, \u013coti profesion\u0101li biroja darbinieki un p\u0101rv\u0101c\u0113ji bija augst\u0101k\u0101s klases. Labi padar\u012bts! No visas sirds iesak\u0101m Pearson ikvienam.\" - Peter via <a href=\"http:\/\/www.pearsonhomemoving.com\/\" target=\"_blank\" rel=\"noopener\">Pearson Home P\u0101rv\u0101k\u0161an\u0101s t\u012bmek\u013ca vietne<\/a><\/li>\n<li> <em>\"\u0160is uz\u0146\u0113mums bija fantastisks no s\u0101kuma l\u012bdz beig\u0101m. Vi\u0146u cena bija patie\u0161\u0101m konkur\u0113tsp\u0113j\u012bga, un vi\u0146i sniedza <a href=\"https:\/\/moverdb.com\/lv\/moving-to-the-united-states\/\" data-internallinksmanager029f6b8e52c=\"94\" title=\"P\u0101rce\u013caties uz Amerikas Savienotaj\u0101m Valst\u012bm? 2022 Dz\u012bves izmaksas un p\u0101rcel\u0161an\u0101s padomi\">mums<\/a> lielisks pakalpojums.\"<\/em> - St\u012bvs, izmantojot <a href=\"http:\/\/www.mymovingreviews.com\/movers\/pearson-home-moving-2276#56936\" target=\"_blank\" rel=\"noopener\">MyMovingReviews.com<\/a><\/li>\n<li> <em>\"M\u0113s sa\u0146\u0113m\u0101m \u013coti profesion\u0101lu pakalpojumu m\u016bsu p\u0101rcel\u0161an\u0101s laik\u0101 no <a href=\"https:\/\/moverdb.com\/lv\/moving-to-germany\/\" data-internallinksmanager029f6b8e52c=\"321\" title=\"P\u0101rcel\u0161an\u0101s uz V\u0101ciju? 2023 Dz\u012bves izmaksas un p\u0101rcel\u0161an\u0101s padomi\">V\u0101cija<\/a> uz <a href=\"https:\/\/moverdb.com\/lv\/moving-to-the-uk\/\" data-internallinksmanager029f6b8e52c=\"93\" title=\"P\u0101rce\u013caties uz Apvienoto Karalisti? 2022 Dz\u012bves izmaksas un p\u0101rcel\u0161an\u0101s padomi\">APVIENOT\u0100 KARALISTE<\/a>.\"<\/em> - Kerija, izmantojot <a href=\"http:\/\/www.removalreviews.co.uk\/movingreviews\/home-move-to-uk-10941\" target=\"_blank\" rel=\"noopener\">P\u0101rcel\u0161an\u0101s atsauksmes<\/a><\/li>\n<li> \"<em>Lieliska klientu apkalpo\u0161ana \/ lielisks visp\u0101r\u0113jais serviss.\"<\/em> - Br\u016bss, izmantojot <a href=\"http:\/\/www.ciao.co.uk\/Pearson_Home_Moving__Review_6008009\" target=\"_blank\" rel=\"noopener\">Ciao!<\/a> <\/li>\n<\/ul>\n<p><strong>Negat\u012bvs:<\/strong><\/p>\n<ul>\n<li> <em>\"Pieg\u0101de ierad\u0101s ar divu dienu nokav\u0113\u0161anos. M\u0113s varam saprast, ka uz robe\u017eas bija probl\u0113mas un kav\u0113jumi, kas nebija vi\u0146u kontrol\u0113, bet ne to, ka m\u0113s netikaam inform\u0113ti par pieg\u0101des statusu.\"<\/em> - Kristofs caur <a href=\"http:\/\/www.mymovingreviews.com\/movers\/pearson-home-moving-2276#57516\" target=\"_blank\" rel=\"noopener\">MyMovingReviews.com<\/a> <\/li>\n<li> <em>\"Pieg\u0101des br\u012bd\u012b manas kastes bija net\u012bras un slapjas. L\u012bdz ar to t\u0101s bija ar\u012b boj\u0101tas.\"<\/em> - Harald in Glos via <a href=\"http:\/\/www.removalreviews.co.uk\/movingreviews\/never-again-10123\" target=\"_blank\" rel=\"noopener\">P\u0101rcel\u0161an\u0101s atsauksmes<\/a><\/li>\n<li> <em>\"Beidzot manas mantas tika nog\u0101d\u0101tas septembra vid\u016b, 81 dienu p\u0113c to sa\u0146em\u0161anas.\"<\/em> - Imoena via <a href=\"http:\/\/www.ciao.co.uk\/Pearson_Home_Moving__Review_6113468\" target=\"_blank\" rel=\"noopener\">Ciao!<\/a> <\/li>\n<\/ul>\n<div itemprop=\"review\" itemscope itemtype=\"http:\/\/schema.org\/Review\">\n<span itemprop=\"author\" itemscope=\"\" itemtype=\"http:\/\/schema.org\/Organization\"><span itemprop=\"name\">MoverDB.com<\/span><\/span> Tie\u0161saistes vietnes p\u0101rskats par <span itemprop=\"itemreviewed\" itemscope=\"\" itemtype=\"http:\/\/schema.org\/Brand\"><span itemprop=\"name\">Pearson Home P\u0101rv\u0101k\u0161an\u0101s<\/span><\/span>:<\/p>\n<ol>\n<li> Skaidra kontaktinform\u0101cija t\u012bmek\u013ca vietn\u0113 (tostarp t\u0101lru\u0146a numurs): <strong>J\u0101<\/strong><\/li>\n<li> Viegli ieg\u016bt <a href=\"https:\/\/moverdb.com\/lv\/citati\/\">starptautiskie p\u0101rv\u0101k\u0161an\u0101s cit\u0101ti<\/a>? (Tie\u0161saistes t\u0101mes piepras\u012bjuma veidlapa): <strong>J\u0101<\/strong><\/li>\n<li> Skaidra inform\u0101cija t\u012bmek\u013ca vietn\u0113: <strong>Da\u017ei<\/strong>, lai gan t\u012bmek\u013ca vietn\u0113 ir skaidra kontaktinform\u0101cija un p\u0101rskats par pakalpojumiem, taj\u0101 tr\u016bkst detaliz\u0113tas inform\u0101cijas par p\u0101rcel\u0161an\u0101s pl\u0101no\u0161anu.<\/li>\n<li> Dal\u012bba starptautiski atz\u012bt\u0101s kust\u012bbas organiz\u0101cij\u0101s: <strong>J\u0101<\/strong>skat\u012bt iepriek\u0161.<\/li>\n<li> Klientu saraksts un\/vai iepriek\u0161\u0113jo klientu atsauksmes: <strong>J\u0101,<\/strong> Vietn\u0113 ir vair\u0101kas klientu atsauksmes.<\/li>\n<\/ol>\n<div itemprop=\"reviewRating\" itemscope itemtype=\"http:\/\/schema.org\/Rating\"><meta itemprop=\"worstRating\" content = \"0\" \/><meta itemprop=\"bestRating\" content=\"5\" \/><meta itemprop=\"ratingValue\" content=\"4.5\"><\/div>\n<p><strong>Kop\u0113jais v\u0113rt\u0113jums: 4,5\/5<\/strong><br \/>\n<strong>P\u0101rskata datums:<\/strong> <span itemprop=\"datePublished\" content=\"2016-08-29\">29\/08\/2016<\/span>\n<\/div>\n<p>Vair\u0101k par <a href=\"https:\/\/moverdb.com\/lv\/starptautiskie-parvaksanas-darbi\/\">starptautisk\u0101 p\u0101rcel\u0161an\u0101s<\/a> un m\u016bsu <a href=\"https:\/\/moverdb.com\/lv\/atsauksmes\/\">p\u0101rskat\u012b\u0161anas process<\/a>.<\/p>\n<p><strong>T\u012bmek\u013ca vietne:<\/strong> <a href=\"http:\/\/www.pearsonhomemoving.com\" target=\"_blank\" rel=\"noopener\">http:\/\/www.pearsonhomemoving.com<\/a><\/p>","protected":false},"excerpt":{"rendered":"<p>Pearson Home Moving are a removal and relocation company which offer the following services to their clients. The service list is followed by their company profile and reviews. International Home Moving Services Dedicated move manager Door to door service Dedicated vehicle fleet Professional packers &#8211; disassemble and pack Packing materials suppled Air freight or sea [&hellip;]<\/p>\n","protected":false},"author":1,"featured_media":0,"parent":0,"menu_order":0,"comment_status":"closed","ping_status":"closed","template":"","meta":{"_genesis_hide_title":false,"_genesis_hide_breadcrumbs":false,"_genesis_hide_singular_image":false,"_genesis_hide_footer_widgets":false,"_genesis_custom_body_class":"","_genesis_custom_post_class":"","_genesis_layout":"","footnotes":""},"class_list":{"0":"post-890","1":"page","2":"type-page","3":"status-publish","5":"entry"},"_links":{"self":[{"href":"https:\/\/moverdb.com\/lv\/wp-json\/wp\/v2\/pages\/890","targetHints":{"allow":["GET"]}}],"collection":[{"href":"https:\/\/moverdb.com\/lv\/wp-json\/wp\/v2\/pages"}],"about":[{"href":"https:\/\/moverdb.com\/lv\/wp-json\/wp\/v2\/types\/page"}],"author":[{"embeddable":true,"href":"https:\/\/moverdb.com\/lv\/wp-json\/wp\/v2\/users\/1"}],"replies":[{"embeddable":true,"href":"https:\/\/moverdb.com\/lv\/wp-json\/wp\/v2\/comments?post=890"}],"version-history":[{"count":6,"href":"https:\/\/moverdb.com\/lv\/wp-json\/wp\/v2\/pages\/890\/revisions"}],"predecessor-version":[{"id":6229,"href":"https:\/\/moverdb.com\/lv\/wp-json\/wp\/v2\/pages\/890\/revisions\/6229"}],"wp:attachment":[{"href":"https:\/\/moverdb.com\/lv\/wp-json\/wp\/v2\/media?parent=890"}],"curies":[{"name":"wp","href":"https:\/\/api.w.org\/{rel}","templated":true}]}}