{"id":8897,"date":"2023-04-27T14:33:01","date_gmt":"2023-04-27T14:33:01","guid":{"rendered":"https:\/\/moverdb.com\/?page_id=8897"},"modified":"2026-01-08T15:29:01","modified_gmt":"2026-01-08T15:29:01","slug":"moving-companies-norway","status":"publish","type":"page","link":"https:\/\/moverdb.com\/lv\/moving-companies\/moving-companies-norway\/","title":{"rendered":"5 lab\u0101kie starptautisk\u0101s p\u0101rcel\u0161an\u0101s uz\u0146\u0113mumi Norv\u0113\u0123ij\u0101"},"content":{"rendered":"<p>Ja j\u016bs p\u0101rce\u013caties uz m\u0101j\u0101m vai uz\u0146\u0113m\u0113jdarb\u012bbu, uz vai no <a href=\"https:\/\/moverdb.com\/lv\/moving-to-norway\/\" data-internallinksmanager029f6b8e52c=\"325\" title=\"P\u0101rcel\u0161an\u0101s uz Norv\u0113\u0123iju? 2023 Dz\u012bves izmaksas un p\u0101rcel\u0161an\u0101s padomi\">Norv\u0113\u0123ija<\/a> tad, iesp\u0113jams, v\u0113laties izmantot pakalpojumu, ko sniedz <a href=\"https:\/\/moverdb.com\/lv\/moving-companies\/\" data-internallinksmanager029f6b8e52c=\"79\" title=\"Top 25 Starptautiskie p\u0101rcel\u0161an\u0101s uz\u0146\u0113mumi tie\u0161saist\u0113\">P\u0101rvieto\u0161an\u0101s uz\u0146\u0113mums<\/a> lai jums pal\u012bdz\u0113tu. Vi\u0146i var jums pal\u012bdz\u0113t ar iepako\u0161anu, transporta organiz\u0113\u0161anu un dokumentu k\u0101rto\u0161anu. Zem\u0101k m\u0113s esam apkopoju\u0161i Norv\u0113\u0123ij\u0101 b\u0101z\u0113to uz\u0146\u0113mumu sarakstu. <a href=\"https:\/\/moverdb.com\/lv\/international-removals\/\" data-internallinksmanager029f6b8e52c=\"27\" title=\"36 Lab\u0101kie starptautisko p\u0101rvad\u0101jumu uz\u0146\u0113mumi Apvienotaj\u0101 Karalist\u0113\">p\u0101rv\u0101k\u0161an\u0101s uz\u0146\u0113mumi<\/a> kas ir <a href=\"https:\/\/moverdb.com\/lv\/iam\/\" data-internallinksmanager029f6b8e52c=\"23\" title=\"Starptautisk\u0101s P\u0101rv\u0101c\u0113ju asoci\u0101cijas (IAM) skaidrojumi\">Starptautisk\u0101 P\u0101rv\u0101c\u0113ju asoci\u0101cija<\/a> (IAM) un\/vai <a href=\"https:\/\/moverdb.com\/lv\/fidi-faim\/\" data-internallinksmanager029f6b8e52c=\"16\" title=\"FIDI un FAIM (FIDI akredit\u0113tais starptautiskais p\u0101rvietot\u0101js) skaidrojums\">FIDI<\/a> Akredit\u0113ti starptautiskie p\u0101rv\u0101c\u0113ji (FAIM), kas var\u0113tu jums pal\u012bdz\u0113t p\u0101rcelties.<\/p>\n<div id=\"ez-toc-container\" class=\"ez-toc-v2_0_82_2 ez-toc-wrap-left counter-hierarchy ez-toc-counter ez-toc-transparent ez-toc-container-direction\">\n<div class=\"ez-toc-title-container\">\n<p class=\"ez-toc-title\" style=\"cursor:inherit\">Sada\u013cas<\/p>\n<span class=\"ez-toc-title-toggle\"><a href=\"#\" class=\"ez-toc-pull-right ez-toc-btn ez-toc-btn-xs ez-toc-btn-default ez-toc-toggle\" aria-label=\"P\u0101rsl\u0113gt satura tabulu\"><span class=\"ez-toc-js-icon-con\"><span class=\"\"><span class=\"eztoc-hide\" style=\"display:none;\">P\u0101rsl\u0113gt<\/span><span class=\"ez-toc-icon-toggle-span\"><svg style=\"fill: #999;color:#999\" xmlns=\"http:\/\/www.w3.org\/2000\/svg\" class=\"list-377408\" width=\"20px\" height=\"20px\" viewbox=\"0 0 24 24\" fill=\"none\"><path d=\"M6 6H4v2h2V6zm14 0H8v2h12V6zM4 11h2v2H4v-2zm16 0H8v2h12v-2zM4 16h2v2H4v-2zm16 0H8v2h12v-2z\" fill=\"currentColor\"><\/path><\/svg><svg style=\"fill: #999;color:#999\" class=\"arrow-unsorted-368013\" xmlns=\"http:\/\/www.w3.org\/2000\/svg\" width=\"10px\" height=\"10px\" viewbox=\"0 0 24 24\" version=\"1.2\" baseprofile=\"tiny\"><path d=\"M18.2 9.3l-6.2-6.3-6.2 6.3c-.2.2-.3.4-.3.7s.1.5.3.7c.2.2.4.3.7.3h11c.3 0 .5-.1.7-.3.2-.2.3-.5.3-.7s-.1-.5-.3-.7zM5.8 14.7l6.2 6.3 6.2-6.3c.2-.2.3-.5.3-.7s-.1-.5-.3-.7c-.2-.2-.4-.3-.7-.3h-11c-.3 0-.5.1-.7.3-.2.2-.3.5-.3.7s.1.5.3.7z\"\/><\/svg><\/span><\/span><\/span><\/a><\/span><\/div>\n<nav><ul class='ez-toc-list ez-toc-list-level-1 eztoc-toggle-hide-by-default' ><li class='ez-toc-page-1 ez-toc-heading-level-2'><a class=\"ez-toc-link ez-toc-heading-1\" href=\"https:\/\/moverdb.com\/lv\/moving-companies\/moving-companies-norway\/#1_Adams_Express\" >1. Adams Express<\/a><\/li><li class='ez-toc-page-1 ez-toc-heading-level-2'><a class=\"ez-toc-link ez-toc-heading-2\" href=\"https:\/\/moverdb.com\/lv\/moving-companies\/moving-companies-norway\/#2_Hakull\" >2. Hakull<\/a><\/li><li class='ez-toc-page-1 ez-toc-heading-level-2'><a class=\"ez-toc-link ez-toc-heading-3\" href=\"https:\/\/moverdb.com\/lv\/moving-companies\/moving-companies-norway\/#3_NFB_International_Relocations\" >3. NFB starptautiskie p\u0101rcel\u0161an\u0101s braucieni<\/a><\/li><li class='ez-toc-page-1 ez-toc-heading-level-2'><a class=\"ez-toc-link ez-toc-heading-4\" href=\"https:\/\/moverdb.com\/lv\/moving-companies\/moving-companies-norway\/#4_SIRVA\" >4. SIRVA<\/a><\/li><li class='ez-toc-page-1 ez-toc-heading-level-2'><a class=\"ez-toc-link ez-toc-heading-5\" href=\"https:\/\/moverdb.com\/lv\/moving-companies\/moving-companies-norway\/#5_Vinjes\" >5. Vinjes<\/a><\/li><li class='ez-toc-page-1 ez-toc-heading-level-2'><a class=\"ez-toc-link ez-toc-heading-6\" href=\"https:\/\/moverdb.com\/lv\/moving-companies\/moving-companies-norway\/#Other_Useful_Guides_to_Norway\" >Citi noder\u012bgi ce\u013cve\u017ei uz Norv\u0113\u0123iju<\/a><\/li><\/ul><\/nav><\/div>\n<h2><span class=\"ez-toc-section\" id=\"1_Adams_Express\"><\/span><strong>1. Adams Express<\/strong><span class=\"ez-toc-section-end\"><\/span><\/h2>\n<p><img loading=\"lazy\" decoding=\"async\" class=\"alignnone size-full wp-image-8750\" src=\"https:\/\/moverdb.com\/wp-content\/uploads\/Adams-Express-international-moving-company.png\" alt=\"Adams Express starptautiskais p\u0101rvieto\u0161an\u0101s uz\u0146\u0113mums\" width=\"1440\" height=\"674\" data-wp-pid=\"8750\" srcset=\"https:\/\/moverdb.com\/wp-content\/uploads\/Adams-Express-international-moving-company.png 1440w, https:\/\/moverdb.com\/wp-content\/uploads\/Adams-Express-international-moving-company-300x140.png 300w, https:\/\/moverdb.com\/wp-content\/uploads\/Adams-Express-international-moving-company-1024x479.png 1024w, https:\/\/moverdb.com\/wp-content\/uploads\/Adams-Express-international-moving-company-18x8.png 18w, https:\/\/moverdb.com\/wp-content\/uploads\/Adams-Express-international-moving-company-600x281.png 600w\" sizes=\"auto, (max-width: 1440px) 100vw, 1440px\" \/><\/p>\n<ul>\n<li>Valsts p\u0101rcel\u0161an\u0101s<\/li>\n<li>Starptautiskie p\u0101rvadi<\/li>\n<li>M\u0101jsaimniec\u012bbas p\u0101rv\u0101k\u0161an\u0101s<\/li>\n<li>Biroju p\u0101rcel\u0161an\u0101s<\/li>\n<li>Iepako\u0161anas pakalpojums<\/li>\n<li>Transporta organiz\u0113\u0161ana<\/li>\n<li>Muito\u0161ana<\/li>\n<li>M\u0101kslas apstr\u0101de<\/li>\n<li>Apdro\u0161in\u0101\u0161ana<\/li>\n<li>\u012astermi\u0146a un ilgtermi\u0146a uzglab\u0101\u0161ana<\/li>\n<\/ul>\n<p>Adams Express ir p\u0101rcel\u0161an\u0101s, uzglab\u0101\u0161anas un lo\u0123istikas uz\u0146\u0113mums, kura p\u0101rst\u0101vniec\u012bbas atrodas Bergen\u0101, Oslo un Stavanger\u0101. Uz\u0146\u0113mumam ir pla\u0161s a\u0123entu t\u012bkls vis\u0101 pasaul\u0113, kas var pal\u012bdz\u0113t ar starptautiskiem pakalpojumiem. Uz\u0146\u0113mums ir IAM biedrs ar 125 gadu darba st\u0101\u017eu un ir akredit\u0113ts FIDI.<\/p>\n<p>Adams Express pied\u0101v\u0101 p\u0101rvieto\u0161anas pakalpojumus, s\u0101kot ar maziem s\u016bt\u012bjumiem un beidzot ar lieliem l\u012bgumiem. Vi\u0146i sniedz pakalpojumus no durv\u012bm l\u012bdz durv\u012bm, kas ietver j\u016bsu priek\u0161metu p\u0101rbaudi un p\u0101rvieto\u0161anas pl\u0101no\u0161anu. Vi\u0146i pied\u0101v\u0101 iepako\u0161anas pakalpojumus, lai aizsarg\u0101tu j\u016bsu mantas, un p\u0113c iera\u0161an\u0101s t\u0101s izpako. Vi\u0146i transport\u0113s j\u016bsu mantas uz galam\u0113r\u0137i un pal\u012bdz\u0113s ar muito\u0161anu un apdro\u0161in\u0101\u0161anu.<\/p>\n<p>T\u012bmek\u013ca vietne: <a href=\"http:\/\/www.adamsexpress.no\" target=\"_blank\" rel=\"noopener\">http:\/\/www.adamsexpress.no<\/a><\/p>\n<h2><span class=\"ez-toc-section\" id=\"2_Hakull\"><\/span><strong>2. Hakull<\/strong><span class=\"ez-toc-section-end\"><\/span><\/h2>\n<p><img loading=\"lazy\" decoding=\"async\" class=\"alignnone size-full wp-image-8812\" src=\"https:\/\/moverdb.com\/wp-content\/uploads\/Hakull-international-moving-company.png\" alt=\"Hakull starptautiskais p\u0101rvietojas uz\u0146\u0113mums\" width=\"1440\" height=\"680\" data-wp-pid=\"8812\" srcset=\"https:\/\/moverdb.com\/wp-content\/uploads\/Hakull-international-moving-company.png 1440w, https:\/\/moverdb.com\/wp-content\/uploads\/Hakull-international-moving-company-300x142.png 300w, https:\/\/moverdb.com\/wp-content\/uploads\/Hakull-international-moving-company-1024x484.png 1024w, https:\/\/moverdb.com\/wp-content\/uploads\/Hakull-international-moving-company-18x9.png 18w, https:\/\/moverdb.com\/wp-content\/uploads\/Hakull-international-moving-company-600x283.png 600w\" sizes=\"auto, (max-width: 1440px) 100vw, 1440px\" \/><\/p>\n<ul>\n<li>Viet\u0113jie un viet\u0113jie p\u0101rv\u0101k\u0161an\u0101s darbi<\/li>\n<li>Starptautisk\u0101 p\u0101rcel\u0161an\u0101s<\/li>\n<li>M\u0101jsaimniec\u012bbas p\u0101rv\u0101k\u0161an\u0101s<\/li>\n<li>Biroju p\u0101rcel\u0161an\u0101s<\/li>\n<li>P\u0101rcel\u0161an\u0101s pakalpojumi<\/li>\n<li>Pakalpojums \"no durv\u012bm l\u012bdz durv\u012bm<\/li>\n<li>Iepako\u0161anas pakalpojums<\/li>\n<li>Autotransporta, j\u016bras un gaisa kravu p\u0101rvad\u0101jumi<\/li>\n<li>Muito\u0161ana<\/li>\n<li>Uzglab\u0101\u0161anas iek\u0101rtas<\/li>\n<\/ul>\n<p>Hakull ir 1946. gad\u0101 dibin\u0101ts starptautisks transporta un p\u0101rcel\u0161an\u0101s pakalpojumu uz\u0146\u0113mums, kura fili\u0101les atrodas Sand\u0113, Kristiansand\u0101, Oslo un Norresundbij\u0101. Uz\u0146\u0113mums ir IAM biedrs ar 77 gadu darba st\u0101\u017eu un ir akredit\u0113ts FIDI.<\/p>\n<p>Hakull pied\u0101v\u0101 da\u017e\u0101du pre\u010du, tostarp m\u0113be\u013cu un visa p\u0101r\u0113j\u0101 j\u016bsu m\u0101jokl\u012b eso\u0161\u0101, p\u0101rve\u0161anas pakalpojumus no durv\u012bm l\u012bdz durv\u012bm. Vi\u0146i sniedz iepako\u0161anas pakalpojumus, lai aizsarg\u0101tu j\u016bsu mantas p\u0101rvad\u0101\u0161anas laik\u0101. Vi\u0146i nodro\u0161ina p\u0101rvad\u0101jumus ar autotransportu, j\u016bras vai gaisa transportu, kas ietver konteineru izv\u0113li, piem\u0113ram, pilnas un maz\u0101k pilnas konteineru kravas. Vi\u0146i pal\u012bdz\u0113s veikt muito\u0161anu un vajadz\u012bbas gad\u012bjum\u0101 var nodro\u0161in\u0101t uzglab\u0101\u0161anu ar apdro\u0161in\u0101\u0161anu.<\/p>\n<p>T\u012bmek\u013ca vietne: <a href=\"http:\/\/www.haakull.no\" target=\"_blank\" rel=\"noopener\">http:\/\/www.haakull.no<\/a><\/p>\n<h2><span class=\"ez-toc-section\" id=\"3_NFB_International_Relocations\"><\/span><strong>3. NFB starptautiskie p\u0101rcel\u0161an\u0101s braucieni<\/strong><span class=\"ez-toc-section-end\"><\/span><\/h2>\n<p><img loading=\"lazy\" decoding=\"async\" class=\"alignnone size-full wp-image-8837\" src=\"https:\/\/moverdb.com\/wp-content\/uploads\/NFB-International-Relocations-company.png\" alt=\"NFB Starptautisko p\u0101rcel\u0161anos uz\u0146\u0113mums\" width=\"1440\" height=\"677\" data-wp-pid=\"8837\" srcset=\"https:\/\/moverdb.com\/wp-content\/uploads\/NFB-International-Relocations-company.png 1440w, https:\/\/moverdb.com\/wp-content\/uploads\/NFB-International-Relocations-company-300x141.png 300w, https:\/\/moverdb.com\/wp-content\/uploads\/NFB-International-Relocations-company-1024x481.png 1024w, https:\/\/moverdb.com\/wp-content\/uploads\/NFB-International-Relocations-company-18x8.png 18w, https:\/\/moverdb.com\/wp-content\/uploads\/NFB-International-Relocations-company-600x282.png 600w\" sizes=\"auto, (max-width: 1440px) 100vw, 1440px\" \/><\/p>\n<ul>\n<li>Valsts p\u0101rcel\u0161an\u0101s<\/li>\n<li>Starptautiskie p\u0101rvadi<\/li>\n<li>M\u0101jsaimniec\u012bbas p\u0101rv\u0101k\u0161an\u0101s<\/li>\n<li>Uz\u0146\u0113muma p\u0101rcel\u0161an\u0101s<\/li>\n<li>Iepako\u0161anas pakalpojums<\/li>\n<li>Autotransports, j\u016bras un gaisa transports<\/li>\n<li>Meistara un istabenes pakalpojumi<\/li>\n<li>M\u0101jok\u013ca un skolas mekl\u0113\u0161ana<\/li>\n<li>Tranz\u012bta apdro\u0161in\u0101\u0161ana<\/li>\n<li>\u012astermi\u0146a un ilgtermi\u0146a uzglab\u0101\u0161ana<\/li>\n<\/ul>\n<p>NFB International Relocations ir starptautisks p\u0101rvieto\u0161an\u0101s uz\u0146\u0113mums, kas atrodas Skui. Lai sniegtu starptautiskus pakalpojumus, uz\u0146\u0113mums sadarbojas ar glob\u0101lu profesion\u0101lu p\u0101rcel\u0161an\u0101s uz\u0146\u0113mumu t\u012bklu vis\u0101 pasaul\u0113 150 valst\u012bs. Uz\u0146\u0113mums ir IAM biedrs ar 15 gadu darba st\u0101\u017eu un ir akredit\u0113ts FIDI.<\/p>\n<p>NFB International Relocations pied\u0101v\u0101 \"no durv\u012bm l\u012bdz durv\u012bm\" p\u0101rcel\u0161an\u0101s pakalpojumus, kas s\u0101kas ar pirmsp\u0101rcel\u0161an\u0101s apseko\u0161anu. Vi\u0146i pied\u0101v\u0101 pla\u0161u p\u0101rcel\u0161an\u0101s pakalpojumu kl\u0101stu, tostarp iepako\u0161anu, transport\u0113\u0161anu Norv\u0113\u0123ij\u0101, Eirop\u0101 un starptautisk\u0101 m\u0113rog\u0101, p\u0101rcel\u0161an\u0101s vad\u012bbas pakalpojumus, meistaru un istabenes pakalpojumus, uzglab\u0101\u0161anu un apdro\u0161in\u0101\u0161anu. Vi\u0146i pied\u0101v\u0101 p\u0101rcel\u0161an\u0101s pakalpojumus, kas ietver m\u0101jok\u013ca un skolas mekl\u0113\u0161anu, imigr\u0101ciju un v\u012bzas, orient\u0113\u0161anos un pal\u012bdz\u012bbu re\u0123istr\u0113ties viet\u0113jos dienestos.<\/p>\n<p>T\u012bmek\u013ca vietne: <a href=\"http:\/\/www.nfbir.com\" target=\"_blank\" rel=\"noopener\">http:\/\/www.nfbir.com<\/a><\/p>\n<h2><span class=\"ez-toc-section\" id=\"4_SIRVA\"><\/span><strong>4. SIRVA<\/strong><span class=\"ez-toc-section-end\"><\/span><\/h2>\n<p><img loading=\"lazy\" decoding=\"async\" class=\"alignnone size-full wp-image-8859\" src=\"https:\/\/moverdb.com\/wp-content\/uploads\/SIRVA-Norway-international-moving-company.png\" alt=\"SIRVA Norv\u0113\u0123ijas starptautiskais p\u0101rvieto\u0161an\u0101s uz\u0146\u0113mums\" width=\"1440\" height=\"681\" data-wp-pid=\"8859\" srcset=\"https:\/\/moverdb.com\/wp-content\/uploads\/SIRVA-Norway-international-moving-company.png 1440w, https:\/\/moverdb.com\/wp-content\/uploads\/SIRVA-Norway-international-moving-company-300x142.png 300w, https:\/\/moverdb.com\/wp-content\/uploads\/SIRVA-Norway-international-moving-company-1024x484.png 1024w, https:\/\/moverdb.com\/wp-content\/uploads\/SIRVA-Norway-international-moving-company-18x9.png 18w, https:\/\/moverdb.com\/wp-content\/uploads\/SIRVA-Norway-international-moving-company-600x284.png 600w\" sizes=\"auto, (max-width: 1440px) 100vw, 1440px\" \/><\/p>\n<ul>\n<li>Valsts p\u0101rcel\u0161an\u0101s<\/li>\n<li>Starptautiskie p\u0101rvadi<\/li>\n<li>M\u0101jsaimniec\u012bbas p\u0101rv\u0101k\u0161an\u0101s<\/li>\n<li>Komerci\u0101lie p\u0101rvadi<\/li>\n<li>Piln\u012bga p\u0101rvald\u012bba<\/li>\n<li>P\u0101rcel\u0161an\u0101s eksperti, kas jums pal\u012bdz\u0113s<\/li>\n<li>Vienots kontaktpunkts<\/li>\n<li>Iepakojuma iesp\u0113ju izv\u0113le<\/li>\n<li>Transport\u0113\u0161anas organiz\u0113\u0161ana<\/li>\n<li>Uzglab\u0101\u0161anas iek\u0101rtas<\/li>\n<\/ul>\n<p>SIRVA ir glob\u0101ls p\u0101rcel\u0161an\u0101s un p\u0101rcel\u0161an\u0101s pakalpojumu sniedz\u0113js, kam ir 77 biroji vair\u0101k nek\u0101 190 valst\u012bs un biroji Oslo un Stavanger\u0101. P\u0101rv\u0101k\u0161an\u0101s z\u012bmoli ir SIRVA, Allied, North American Van Lines, SMARTBOX un citi. Uz\u0146\u0113mums ir IAM biedrs ar 46 gadu darba st\u0101\u017eu un ir akredit\u0113ts FIDI.<\/p>\n<p>SIRVA pakalpojumu snieg\u0161anai izmanto modern\u0101kos r\u012bkus un risin\u0101jumus. Vi\u0146i pied\u0101v\u0101 kompleksus p\u0101rcel\u0161an\u0101s pakalpojumus vai p\u0101rcel\u0161an\u0101s pakalpojumus, ko var veikt pats. Vi\u0146i specializ\u0113jas pakalpojumu snieg\u0161an\u0101 uz\u0146\u0113mumiem, kas p\u0101rvieto darbiniekus individu\u0101li vai grup\u0101s. Vi\u0146i nodro\u0161ina p\u0101rcel\u0161an\u0101s ekspertus, kas pal\u012bdz\u0113s jums p\u0101rcel\u0161an\u0101s proces\u0101 un b\u016bs vienots kontaktpunkts.<\/p>\n<p>T\u012bmek\u013ca vietne: <a href=\"http:\/\/www.teamrelocations.com\" target=\"_blank\" rel=\"noopener\">http:\/\/www.teamrelocations.com<\/a><\/p>\n<h2><span class=\"ez-toc-section\" id=\"5_Vinjes\"><\/span><strong>5. Vinjes<\/strong><span class=\"ez-toc-section-end\"><\/span><\/h2>\n<p><img loading=\"lazy\" decoding=\"async\" class=\"alignnone size-full wp-image-8874\" src=\"https:\/\/moverdb.com\/wp-content\/uploads\/Vinjes-international-moving-company.png\" alt=\"Vinjes starptautiskais p\u0101rvieto\u0161an\u0101s uz\u0146\u0113mums\" width=\"1440\" height=\"681\" data-wp-pid=\"8874\" srcset=\"https:\/\/moverdb.com\/wp-content\/uploads\/Vinjes-international-moving-company.png 1440w, https:\/\/moverdb.com\/wp-content\/uploads\/Vinjes-international-moving-company-300x142.png 300w, https:\/\/moverdb.com\/wp-content\/uploads\/Vinjes-international-moving-company-1024x484.png 1024w, https:\/\/moverdb.com\/wp-content\/uploads\/Vinjes-international-moving-company-18x9.png 18w, https:\/\/moverdb.com\/wp-content\/uploads\/Vinjes-international-moving-company-600x284.png 600w\" sizes=\"auto, (max-width: 1440px) 100vw, 1440px\" \/><\/p>\n<ul>\n<li>Valsts p\u0101rcel\u0161an\u0101s<\/li>\n<li>Starptautiskie p\u0101rvadi<\/li>\n<li>M\u0101jsaimniec\u012bbas p\u0101rv\u0101k\u0161an\u0101s<\/li>\n<li>Biroju p\u0101rvieto\u0161ana<\/li>\n<li>Iepakojuma iesp\u0113ju izv\u0113le<\/li>\n<li>Iepako\u0161anas pakalpojums<\/li>\n<li>Transport\u0113\u0161anas organiz\u0113\u0161ana<\/li>\n<li>Piekabju noma<\/li>\n<li>Apdro\u0161in\u0101\u0161ana<\/li>\n<li>Uzglab\u0101\u0161anas iek\u0101rtas<\/li>\n<\/ul>\n<p>Vinjes ir 1889. gad\u0101 dibin\u0101ts transporta uz\u0146\u0113mums, kas pied\u0101v\u0101 p\u0101rvieto\u0161anas un uzglab\u0101\u0161anas pakalpojumus un atrodas Tillera pils\u0113t\u0101. Vi\u0146i sadarbojas ar citiem uzticamiem p\u0101rcel\u0161an\u0101s uz\u0146\u0113mumiem, lai pal\u012bdz\u0113tu tiem sniegt starptautiskus pakalpojumus. Uz\u0146\u0113mums ir IAM biedrs ar 134 gadu darba st\u0101\u017eu.<\/p>\n<p>Vinjes pied\u0101v\u0101 da\u017e\u0101das p\u0101rcel\u0161an\u0101s iesp\u0113jas, tostarp pa\u0161izgatavotu iepakojumu un piekabju nomu, da\u013c\u0113ju iepako\u0161anu un pilnu iepako\u0161anu. Iepako\u0161anas pakalpojums ietver j\u016bsu mantu dro\u0161u iesai\u0146o\u0161anu piem\u0113rotos iesai\u0146o\u0161anas materi\u0101los un izpako\u0161anu jaunaj\u0101 adres\u0113. Vi\u0146i nodro\u0161ina ar\u012b satura apdro\u0161in\u0101\u0161anu p\u0101rcel\u0161an\u0101s laik\u0101 un uzglab\u0101\u0161anas iesp\u0113jas, ja nepiecie\u0161ams.<\/p>\n<p>T\u012bmek\u013ca vietne: <a href=\"http:\/\/www.vinjes.no\" target=\"_blank\" rel=\"noopener\">http:\/\/www.vinjes.no<\/a><\/p>\n<h2><span class=\"ez-toc-section\" id=\"Other_Useful_Guides_to_Norway\"><\/span>Citi noder\u012bgi ce\u013cve\u017ei uz Norv\u0113\u0123iju<span class=\"ez-toc-section-end\"><\/span><\/h2>\n<ul>\n<li> <a href=\"https:\/\/moverdb.com\/lv\/konteineru-parvadajumi\/norvegija\/\">2024 J\u016bras kravu p\u0101rvad\u0101jumu konteineru p\u0101rvad\u0101jumu cenas uz Norv\u0113\u0123iju un no t\u0101s<\/a><\/li>\n<li> <a href=\"https:\/\/moverdb.com\/lv\/moving-to-norway\/\">P\u0101rcel\u0161an\u0101s uz Norv\u0113\u0123iju? 2023 Dz\u012bves izmaksas un p\u0101rcel\u0161an\u0101s padomi<\/a><\/li>\n<li> <a href=\"https:\/\/moverdb.com\/lv\/moving-to-norway\/best-places-to-live-norway\/\">13 Lab\u0101k\u0101s vietas dz\u012bvo\u0161anai Norv\u0113\u0123ij\u0101\/a&gt;<\/li>\n<li> <a href=\"https:\/\/moverdb.com\/lv\/moving-to-norway\/living-in-norway\/\">21 nosl\u0113pums par dz\u012bvi Norv\u0113\u0123ij\u0101, kas j\u0101zina pirms p\u0101rcel\u0161an\u0101s<\/a><\/li>\n<\/ul>","protected":false},"excerpt":{"rendered":"<p>If you are moving home or business within, to or from Norway then you may want to employ the services of a moving company to assist you. They can help you with packing, organising transportation and sorting out paperwork. Below we have compiled a list of Norway based removal companies that are members of the [&hellip;]<\/p>\n","protected":false},"author":4,"featured_media":0,"parent":190,"menu_order":0,"comment_status":"closed","ping_status":"closed","template":"","meta":{"_genesis_hide_title":false,"_genesis_hide_breadcrumbs":false,"_genesis_hide_singular_image":false,"_genesis_hide_footer_widgets":false,"_genesis_custom_body_class":"","_genesis_custom_post_class":"","_genesis_layout":"","footnotes":""},"class_list":{"0":"post-8897","1":"page","2":"type-page","3":"status-publish","5":"entry","6":"has-post-thumbnail"},"_links":{"self":[{"href":"https:\/\/moverdb.com\/lv\/wp-json\/wp\/v2\/pages\/8897","targetHints":{"allow":["GET"]}}],"collection":[{"href":"https:\/\/moverdb.com\/lv\/wp-json\/wp\/v2\/pages"}],"about":[{"href":"https:\/\/moverdb.com\/lv\/wp-json\/wp\/v2\/types\/page"}],"author":[{"embeddable":true,"href":"https:\/\/moverdb.com\/lv\/wp-json\/wp\/v2\/users\/4"}],"replies":[{"embeddable":true,"href":"https:\/\/moverdb.com\/lv\/wp-json\/wp\/v2\/comments?post=8897"}],"version-history":[{"count":2,"href":"https:\/\/moverdb.com\/lv\/wp-json\/wp\/v2\/pages\/8897\/revisions"}],"predecessor-version":[{"id":17049,"href":"https:\/\/moverdb.com\/lv\/wp-json\/wp\/v2\/pages\/8897\/revisions\/17049"}],"up":[{"embeddable":true,"href":"https:\/\/moverdb.com\/lv\/wp-json\/wp\/v2\/pages\/190"}],"wp:attachment":[{"href":"https:\/\/moverdb.com\/lv\/wp-json\/wp\/v2\/media?parent=8897"}],"curies":[{"name":"wp","href":"https:\/\/api.w.org\/{rel}","templated":true}]}}