{"id":888,"date":"2016-08-31T21:15:38","date_gmt":"2016-08-31T21:15:38","guid":{"rendered":"http:\/\/moverdb.com\/?page_id=888"},"modified":"2026-01-08T14:47:24","modified_gmt":"2026-01-08T14:47:24","slug":"abels-removals","status":"publish","type":"page","link":"https:\/\/moverdb.com\/lv\/abels-removals\/","title":{"rendered":"Abels P\u0101rcel\u0161an\u0101s pakalpojumi: Starptautiskie p\u0101rv\u0101k\u0161an\u0101s pakalpojumi Atsauksmes"},"content":{"rendered":"<p>Abels Moving Services atrodas Brandon\u0101, Sufolk\u0101, bet ir ar\u012b telpas <a href=\"https:\/\/moverdb.com\/lv\/moving-to-london\/\">Londona<\/a>, <a href=\"\" data-internallinksmanager029f6b8e52c=\"37\" title=\"Cambridge\">Cambridge<\/a> un Lutterworth, bet apkalpo visu <a href=\"https:\/\/moverdb.com\/lv\/moving-to-the-uk\/\" data-internallinksmanager029f6b8e52c=\"93\" title=\"P\u0101rce\u013caties uz Apvienoto Karalisti? 2022 Dz\u012bves izmaksas un p\u0101rcel\u0161an\u0101s padomi\">APVIENOT\u0100 KARALISTE<\/a>. <\/p>\n<p>T\u0101 saviem klientiem pied\u0101v\u0101 daudzus apzin\u0101ti p\u0101rcel\u0161an\u0101s pakalpojumus, kas ir uzskait\u012bti turpm\u0101k. Turpat ir ar\u012b uz\u0146\u0113muma profils un atsauksmes par uz\u0146\u0113mumu.<\/p>\n<p><strong>Starptautisk\u0101s p\u0101rcel\u0161an\u0101s<\/strong><\/p>\n<ul>\n<li> Gaisa kravu aviop\u0101rvad\u0101jumi maziem apjomiem<\/li>\n<li> J\u016bras kravu p\u0101rvad\u0101jumi lieliem apjomiem<\/li>\n<li> Pieejama piln\u012bga p\u0101rcel\u0161an\u0101s p\u0101rvald\u012bba<\/li>\n<li> M\u0101jdz\u012bvnieku izve\u0161ana<\/li>\n<li> Automa\u0161\u012bnu izve\u0161ana<\/li>\n<li> Pakalpojums no durv\u012bm l\u012bdz durv\u012bm<\/li>\n<li> Augsti apm\u0101c\u012bti iepakot\u0101ji<\/li>\n<li> Augstas kvalit\u0101tes iepakojuma materi\u0101li<\/li>\n<li> Muitas pal\u012bdz\u012bba<\/li>\n<li> Pieg\u0101des un izpako\u0161anas pakalpojums<\/li>\n<li> P\u0101rcel\u0161an\u0101s inform\u0101cija<\/li>\n<li> Apdro\u0161in\u0101\u0161ana organiz\u0113ta<\/li>\n<li> Kalpot\u0101jas pakalpojumi<\/li>\n<li> D\u0101rza pakalpojumi<\/li>\n<\/ul>\n<p><strong>P\u0101rcel\u0161an\u0101s pakalpojumi<\/strong><\/p>\n<ul>\n<li> 60 valst\u012bs pieejami valstu p\u0101rvieto\u0161anas ce\u013cve\u017ei<\/li>\n<li> S\u0101kotn\u0113jais vajadz\u012bbu nov\u0113rt\u0113jums<\/li>\n<li> Orient\u0113\u0161an\u0101s - iepirk\u0161an\u0101s, izklaides, banku pakalpojumi, izklaides iesp\u0113jas<\/li>\n<li> P\u0101rskats par izgl\u012bt\u012bbu<\/li>\n<li> \u012apa\u0161uma p\u0101rskats<\/li>\n<li> M\u0113be\u013cu noma<\/li>\n<li> Komun\u0101lo pakalpojumu piesl\u0113gums<\/li>\n<li> Kalpot\u0101jas pakalpojumi<\/li>\n<li> D\u0101rza pakalpojumi<\/li>\n<\/ul>\n<p><strong>P\u0101rvieto\u0161an\u0101s Eirop\u0101<\/strong><\/p>\n<ul>\n<li> Pakalpojums no durv\u012bm l\u012bdz durv\u012bm<\/li>\n<li> Abels aizpilda visus dokumentus<\/li>\n<li> Iepako\u0161ana un izpako\u0161ana<\/li>\n<li> Speci\u0101li iepakojuma materi\u0101li<\/li>\n<li> \u012astermi\u0146a un ilgtermi\u0146a uzglab\u0101\u0161ana<\/li>\n<li> Person\u012bg\u0101 asistenta pakalpojums - jebkas un viss<\/li>\n<li> P\u0101rcel\u0161an\u0101s ce\u013cve\u017ei<\/li>\n<li> Kalpot\u0101jas pakalpojumi<\/li>\n<li> D\u0101rza pakalpojumi<\/li>\n<\/ul>\n<p><strong>Iepako\u0161anas pakalpojumi<\/strong><\/p>\n<ul>\n<li> Trausli priek\u0161meti, tostarp krist\u0101ls, <a href=\"https:\/\/moverdb.com\/lv\/moving-to-china\/\" data-internallinksmanager029f6b8e52c=\"357\" title=\"P\u0101rcel\u0161an\u0101s uz \u0136\u012bnu? 2023 Dz\u012bves izmaksas un p\u0101rcel\u0161an\u0101s padomi\">\u0136\u012bna<\/a>, stikls utt.<\/li>\n<li> Gleznas, att\u0113li<\/li>\n<li> Ap\u0123\u0113rbi<\/li>\n<li> Ant\u012bkas m\u0113beles, v\u0113rt\u012bgi priek\u0161meti<\/li>\n<li> Skap\u012b\u0161u saturs kopum\u0101<\/li>\n<\/ul>\n<p><strong>Uzglab\u0101\u0161ana<\/strong><\/p>\n<ul>\n<li> Ilgtermi\u0146a un \u012bstermi\u0146a<\/li>\n<li> Uzglab\u0101\u0161ana Apvienotaj\u0101 Karalist\u0113, Eirop\u0101 un \u0101rzem\u0113s<\/li>\n<li> M\u0113r\u0137tiec\u012bgi b\u016bv\u0113ts<\/li>\n<li> Optim\u0101la vide<\/li>\n<li> Stingra ugunsdro\u0161\u012bbas kontrole<\/li>\n<li> Videonov\u0113ro\u0161ana<\/li>\n<li> Past\u0101v\u012bga dro\u0161\u012bbas kl\u0101tb\u016btne<\/li>\n<li> Konteineri, kas aizz\u012bmogoti sav\u0101k\u0161anas laik\u0101<\/li>\n<li> M\u012bkst\u0101s m\u0113beles, kas tiek uzglab\u0101tas ide\u0101los temperat\u016bras apst\u0101k\u013cos<\/li>\n<li> Failu un arh\u012bvu glab\u0101\u0161ana<\/li>\n<li> Studentu kr\u0101tuve<\/li>\n<\/ul>\n<p><strong>Speci\u0101listu pakalpojumi<\/strong><\/p>\n<ul>\n<li> Uz\u0146\u0113m\u0113jdarb\u012bbas un komercdarb\u012bbas p\u0101rv\u0101k\u0161an\u0101s<\/li>\n<li> Dokumentu pakalpojumi<\/li>\n<li> M\u0113be\u013cu apr\u012bkojuma un iek\u0101rtu pakalpojumi<\/li>\n<li> Mazumtirdzniec\u012bbas un pieg\u0101des uz m\u0101j\u0101m pakalpojumi<\/li>\n<li> M\u0113be\u013cu uzst\u0101d\u012b\u0161anas pakalpojumi<\/li>\n<li> Instal\u0101cijas risin\u0101jumi interjera dizaineriem un nekustam\u0101 \u012bpa\u0161uma att\u012bst\u012bt\u0101jiem<\/li>\n<\/ul>\n<h2>Abels Moving Services Uz\u0146\u0113muma profils<\/h2>\n<p>Abels Moving Services aizs\u0101k\u0101s k\u0101 \u0123imenes uz\u0146\u0113mums 1958. gad\u0101, pieg\u0101d\u0101jot preces veikaliem. Kop\u0161 t\u0101 laika uz\u0146\u0113mums ir att\u012bst\u012bjies, un tagad tam ir 1 500 pakalpojumu centru 56 pasaules valst\u012bs. <\/p>\n<p>1989. gad\u0101 uz\u0146\u0113mumam tika pie\u0161\u0137irts Vi\u0146as Majest\u0101tes karalienes Karaliskais ordenis par pakalpojumiem kro\u0146a lab\u0101, tostarp par visu prin\u010da \u010c\u0101rlza un princeses Di\u0101nas k\u0101zu d\u0101vanu p\u0101rve\u0161anu 1981. gad\u0101. <\/p>\n<p>Abels Moving Services lepojas ar sav\u0101m \u012bpa\u0161i konstru\u0113taj\u0101m, videi draudz\u012bgaj\u0101m kravas automa\u0161\u012bn\u0101m. Vi\u0146i tic, ka sniedz ieguld\u012bjumu sabiedr\u012bb\u0101, un atbalsta da\u017e\u0101das labdar\u012bbas organiz\u0101cijas vis\u0101 pasaul\u0113. <\/p>\n<p>Vi\u0146i ir p\u0101rliecin\u0101ti, ka ar klientiem tiek str\u0101d\u0101ts bez probl\u0113m\u0101m, un uzskata, ka smaids ir \u013coti noder\u012bgs.<\/p>\n<p>Abels Moving Services ir \u0161\u0101das fili\u0101les un akredit\u0101cijas:<\/p>\n<ul>\n<li> Karaliskais orderis Vi\u0146as Majest\u0101tes karalienei<\/li>\n<li> <a href=\"https:\/\/moverdb.com\/lv\/fidi-faim\/\">FIDI<\/a><\/li>\n<li> <a href=\"https:\/\/moverdb.com\/lv\/fidi-faim\/\" data-internallinksmanager029f6b8e52c=\"16\" title=\"FIDI un FAIM (FIDI akredit\u0113tais starptautiskais p\u0101rvietot\u0101js) skaidrojums\">FAIM<\/a><\/li>\n<li> Investors in People<\/li>\n<li> <a href=\"https:\/\/moverdb.com\/lv\/britu-iznemeju-asociacija\/\">Lielbrit\u0101nijas P\u0101rv\u0101c\u0113ju asoci\u0101cija<\/a> (<a href=\"https:\/\/moverdb.com\/lv\/british-association-of-removers\/\" data-internallinksmanager029f6b8e52c=\"9\" title=\"Lielbrit\u0101nijas P\u0101rv\u0101c\u0113ju asoci\u0101cijas (BAR) skaidrojumi\">BAR<\/a>)<\/li>\n<li> <a href=\"https:\/\/moverdb.com\/lv\/bars-arvalstis\/\">BAR Overseas Group<\/a><\/li>\n<li> Finan\u0161u pakalpojumu iest\u0101de<\/li>\n<li> <a href=\"https:\/\/moverdb.com\/lv\/fedemac\/\">Eiropas P\u0101rv\u0101c\u0113ju feder\u0101cija<\/a> (<a href=\"https:\/\/moverdb.com\/lv\/fedemac\/\" data-internallinksmanager029f6b8e52c=\"15\" title=\"Eiropas P\u0101rv\u0101c\u0113ju asoci\u0101cijas feder\u0101cijas (FEDEMAC) skaidrojums\">FEDEMAC<\/a>)<\/li>\n<li> Starptautisko p\u0101rvad\u0101t\u0101ju savstarp\u0113j\u0101 apdro\u0161in\u0101\u0161ana (IMMI)<\/li>\n<li> BS EN ISO 9001<\/li>\n<\/ul>\n<h2>Abels P\u0101rcel\u0161an\u0101s pakalpojumi<\/h2>\n<p><strong>Pozit\u012bvi:<\/strong><\/p>\n<ul>\n<li> <em>\"P\u0101rv\u0101k\u0161an\u0101s komandas ab\u0101s pus\u0113s bija lieliskas - kompetentas, str\u0101d\u0101ja stabili un vienk\u0101r\u0161i jauki pui\u0161i, ar kuriem bija pat\u012bkami sadarboties, patie\u0161\u0101m pal\u012bdz\u0113ja vair\u0101k, nek\u0101 tas bija nepiecie\u0161ams.\"<\/em> - Jenson kundze, izmantojot <a href=\"http:\/\/www.abels.co.uk\/reviews\/\" target=\"_blank\" rel=\"noopener\">Abels klientu atsauksmju lapa<\/a>.<\/li>\n<li> <em>\"Ikviens, ar ko es sazin\u0101jos ar Abels pa t\u0101lruni, e-pastu vai person\u012bgi, bija \u013coti izpal\u012bdz\u012bgs, draudz\u012bgs un efekt\u012bvs, es noteikti izmantotu tos v\u0113lreiz un nevilcinoties ieteiktu tos citiem.\"<\/em> Sol\u012bjuma kundze, izmantojot <a href=\"http:\/\/moveaide.com\/movers\/abels-moving-cambrige-uk-mover-reviews\" target=\"_blank\" rel=\"noopener\">MoveAide<\/a><\/li>\n<li> <em>\"M\u0113s tikai v\u0113l\u0113j\u0101mies, lai j\u016bs zin\u0101tu, ka esam priec\u012bgi, ka m\u016bsu p\u0101rcel\u0161an\u0101s ir veiksm\u012bgi pabeigta.\"<\/em> - izmantojot <a href=\"http:\/\/removal-company-reviews.com\/view-removal-company-review.php?c=Abels%20Moving%20Services%20Ltd&#038;id=384\" target=\"_blank\" rel=\"noopener\">P\u0101rcel\u0161an\u0101s uz\u0146\u0113muma atsauksmes<\/a><\/li>\n<\/ul>\n<p><strong>Negat\u012bvs:<\/strong><\/p>\n<ul>\n<li> <em>\"Briesm\u012bga sazi\u0146a par nevajadz\u012bgiem kav\u0113jumiem. J\u016bs baid\u012bsieties, ka ir pazudu\u0161as visas j\u016bsu dz\u012bves mantas.\"<\/em> - Jeanie C. via <a href=\"https:\/\/www.yelp.co.uk\/biz\/abels-moving-services-ltd-brandon-2?hrid=qZqRG6iZsRo2GEP-XgQefQ&#038;utm_campaign=www_review_share_popup&#038;utm_medium=copy_link&#038;utm_source=(direct)\" target=\"_blank\" rel=\"noopener\">Yelp<\/a><\/li>\n<li> <em>\"Ja tu neesi karaliene, vi\u0146i par tevi \u012bpa\u0161i ner\u016bp\u0113sies.\"<\/em> - Simons, izmantojot <a href=\"http:\/\/www.removalreviews.co.uk\/movingreviews\/far-from-their-advertising-image-7304\" target=\"_blank\" rel=\"noopener\">P\u0101rcel\u0161an\u0101s atsauksmes<\/a><\/li>\n<li> <em>\"Slikts pakalpojums visapk\u0101rt ar sliktu komunik\u0101ciju starp abiem <a href=\"https:\/\/moverdb.com\/lv\/parcelsanas-uz-singapuru\/\">Singap\u016bra<\/a> komanda un Ukrainas komanda.\"<\/em> - Crapper kungs, izmantojot <a href=\"http:\/\/moveaide.com\/movers\/abels-moving-cambrige-uk-mover-reviews\" target=\"_blank\" rel=\"noopener\">MoveAide<\/a><\/li>\n<\/li>\n<\/ul>\n<div itemprop=\"review\" itemscope itemtype=\"http:\/\/schema.org\/Review\">\n<span itemprop=\"author\" itemscope=\"\" itemtype=\"http:\/\/schema.org\/Organization\"><span itemprop=\"name\">MoverDB.com<\/span><\/span> Tie\u0161saistes vietnes p\u0101rskats par <span itemprop=\"itemreviewed\" itemscope=\"\" itemtype=\"http:\/\/schema.org\/Brand\"><span itemprop=\"name\">Abels P\u0101rcel\u0161an\u0101s pakalpojumi<\/span><\/span>:<\/p>\n<ol>\n<li> Skaidra kontaktinform\u0101cija t\u012bmek\u013ca vietn\u0113 (tostarp t\u0101lru\u0146a numurs): <strong>J\u0101<\/strong><\/li>\n<li> Viegli ieg\u016bt <a href=\"https:\/\/moverdb.com\/lv\/citati\/\">starptautiskie p\u0101rv\u0101k\u0161an\u0101s cit\u0101ti<\/a>? (Tie\u0161saistes t\u0101mes piepras\u012bjuma veidlapa): <strong>J\u0101<\/strong><\/li>\n<li> Skaidra inform\u0101cija t\u012bmek\u013ca vietn\u0113: <strong>J\u0101,<\/strong> piekl\u0101j\u012bgs daudzums inform\u0101cijas m\u0101jas lap\u0101 par saviem pakalpojumiem, lai gan da\u017ei <\/li>\n<li> Dal\u012bba starptautiski atz\u012bt\u0101s kust\u012bbu organiz\u0101cij\u0101s: <strong>J\u0101<\/strong>skat\u012bt iepriek\u0161.<\/li>\n<li> Klientu saraksts un\/vai iepriek\u0161\u0113jo klientu atsauksmes: <strong>J\u0101<\/strong> T\u012bmek\u013ca vietn\u0113 ir pozit\u012bvas klientu atsauksmes.<\/li>\n<\/ol>\n<div itemprop=\"reviewRating\" itemscope itemtype=\"http:\/\/schema.org\/Rating\"><meta itemprop=\"worstRating\" content = \"0\" \/><meta itemprop=\"bestRating\" content=\"5\" \/><meta itemprop=\"ratingValue\" content=\"4.5\"><\/div>\n<p><strong>Kop\u0113jais v\u0113rt\u0113jums: 4,5\/5<\/strong><br \/>\n<strong>P\u0101rskata datums:<\/strong> <span itemprop=\"datePublished\" content=\"2016-08-31\">31\/08\/2016<\/span>\n<\/div>\n<p>Vair\u0101k par <a href=\"https:\/\/moverdb.com\/lv\/starptautiskie-parvaksanas-darbi\/\">starptautisk\u0101 p\u0101rcel\u0161an\u0101s<\/a> un m\u016bsu <a href=\"https:\/\/moverdb.com\/lv\/atsauksmes\/\">p\u0101rskat\u012b\u0161anas process<\/a>.<\/p>\n<p><strong>T\u012bmek\u013ca vietne:<\/strong> <a href=\"http:\/\/www.abels.co.uk\" target=\"_blank\" rel=\"noopener\">http:\/\/www.abels.co.uk<\/a><\/p>","protected":false},"excerpt":{"rendered":"<p>Abels Moving Services is based in Brandon, Suffolk but has facilities in London, Cambridge and Lutterworth but serves the whole of the UK. It offers its clients many intentional moving services which are listed below. There also follows a company profile and company reviews. International Moves Airfreight for small volumes Sea freight for large volumes [&hellip;]<\/p>\n","protected":false},"author":1,"featured_media":0,"parent":0,"menu_order":0,"comment_status":"closed","ping_status":"closed","template":"","meta":{"_genesis_hide_title":false,"_genesis_hide_breadcrumbs":false,"_genesis_hide_singular_image":false,"_genesis_hide_footer_widgets":false,"_genesis_custom_body_class":"","_genesis_custom_post_class":"","_genesis_layout":"","footnotes":""},"class_list":{"0":"post-888","1":"page","2":"type-page","3":"status-publish","5":"entry"},"_links":{"self":[{"href":"https:\/\/moverdb.com\/lv\/wp-json\/wp\/v2\/pages\/888","targetHints":{"allow":["GET"]}}],"collection":[{"href":"https:\/\/moverdb.com\/lv\/wp-json\/wp\/v2\/pages"}],"about":[{"href":"https:\/\/moverdb.com\/lv\/wp-json\/wp\/v2\/types\/page"}],"author":[{"embeddable":true,"href":"https:\/\/moverdb.com\/lv\/wp-json\/wp\/v2\/users\/1"}],"replies":[{"embeddable":true,"href":"https:\/\/moverdb.com\/lv\/wp-json\/wp\/v2\/comments?post=888"}],"version-history":[{"count":8,"href":"https:\/\/moverdb.com\/lv\/wp-json\/wp\/v2\/pages\/888\/revisions"}],"predecessor-version":[{"id":6166,"href":"https:\/\/moverdb.com\/lv\/wp-json\/wp\/v2\/pages\/888\/revisions\/6166"}],"wp:attachment":[{"href":"https:\/\/moverdb.com\/lv\/wp-json\/wp\/v2\/media?parent=888"}],"curies":[{"name":"wp","href":"https:\/\/api.w.org\/{rel}","templated":true}]}}