{"id":8879,"date":"2023-04-27T14:40:42","date_gmt":"2023-04-27T14:40:42","guid":{"rendered":"https:\/\/moverdb.com\/?page_id=8879"},"modified":"2026-01-08T15:29:24","modified_gmt":"2026-01-08T15:29:24","slug":"moving-companies-myanmar","status":"publish","type":"page","link":"https:\/\/moverdb.com\/lv\/moving-companies\/moving-companies-myanmar\/","title":{"rendered":"6 Lab\u0101kie starptautisk\u0101s p\u0101rcel\u0161an\u0101s uz\u0146\u0113mumi Mjanm\u0101"},"content":{"rendered":"<p>P\u0101rv\u0101k\u0161an\u0101s uz m\u0101j\u0101m vai uz\u0146\u0113m\u0113jdarb\u012bbu var b\u016bt \u013coti stresains laiks, jo ir \u013coti daudz pl\u0101no\u0161anas un dar\u0101m\u0101, jo \u012bpa\u0161i, ja p\u0101rce\u013caties uz citu valsti. Izmantojot <a href=\"https:\/\/moverdb.com\/lv\/moving-companies\/\" data-internallinksmanager029f6b8e52c=\"79\" title=\"Top 25 Starptautiskie p\u0101rcel\u0161an\u0101s uz\u0146\u0113mumi tie\u0161saist\u0113\">P\u0101rvieto\u0161an\u0101s uz\u0146\u0113mums<\/a> var pal\u012bdz\u0113t mazin\u0101t stresu un atvieglot daudzus no \u0161iem uzdevumiem. Zem\u0101k m\u0113s esam apkopoju\u0161i sarakstu ar Mjanm\u0101 (Birm\u0101) b\u0101z\u0113tiem <a href=\"https:\/\/moverdb.com\/lv\/international-removals\/\" data-internallinksmanager029f6b8e52c=\"27\" title=\"36 Lab\u0101kie starptautisko p\u0101rvad\u0101jumu uz\u0146\u0113mumi Apvienotaj\u0101 Karalist\u0113\">p\u0101rv\u0101k\u0161an\u0101s uz\u0146\u0113mumi<\/a> kas ir <a href=\"https:\/\/moverdb.com\/lv\/iam\/\" data-internallinksmanager029f6b8e52c=\"23\" title=\"Starptautisk\u0101s P\u0101rv\u0101c\u0113ju asoci\u0101cijas (IAM) skaidrojumi\">Starptautisk\u0101 P\u0101rv\u0101c\u0113ju asoci\u0101cija<\/a> (IAM) un\/vai <a href=\"https:\/\/moverdb.com\/lv\/fidi-faim\/\" data-internallinksmanager029f6b8e52c=\"16\" title=\"FIDI un FAIM (FIDI akredit\u0113tais starptautiskais p\u0101rvietot\u0101js) skaidrojums\">FIDI<\/a> Akredit\u0113ti starptautiskie p\u0101rv\u0101c\u0113ji (FAIM), kas var\u0113tu jums pal\u012bdz\u0113t p\u0101rcelties.<\/p>\n<div id=\"ez-toc-container\" class=\"ez-toc-v2_0_82_2 ez-toc-wrap-left counter-hierarchy ez-toc-counter ez-toc-transparent ez-toc-container-direction\">\n<div class=\"ez-toc-title-container\">\n<p class=\"ez-toc-title\" style=\"cursor:inherit\">Sada\u013cas<\/p>\n<span class=\"ez-toc-title-toggle\"><a href=\"#\" class=\"ez-toc-pull-right ez-toc-btn ez-toc-btn-xs ez-toc-btn-default ez-toc-toggle\" aria-label=\"P\u0101rsl\u0113gt satura tabulu\"><span class=\"ez-toc-js-icon-con\"><span class=\"\"><span class=\"eztoc-hide\" style=\"display:none;\">P\u0101rsl\u0113gt<\/span><span class=\"ez-toc-icon-toggle-span\"><svg style=\"fill: #999;color:#999\" xmlns=\"http:\/\/www.w3.org\/2000\/svg\" class=\"list-377408\" width=\"20px\" height=\"20px\" viewbox=\"0 0 24 24\" fill=\"none\"><path d=\"M6 6H4v2h2V6zm14 0H8v2h12V6zM4 11h2v2H4v-2zm16 0H8v2h12v-2zM4 16h2v2H4v-2zm16 0H8v2h12v-2z\" fill=\"currentColor\"><\/path><\/svg><svg style=\"fill: #999;color:#999\" class=\"arrow-unsorted-368013\" xmlns=\"http:\/\/www.w3.org\/2000\/svg\" width=\"10px\" height=\"10px\" viewbox=\"0 0 24 24\" version=\"1.2\" baseprofile=\"tiny\"><path d=\"M18.2 9.3l-6.2-6.3-6.2 6.3c-.2.2-.3.4-.3.7s.1.5.3.7c.2.2.4.3.7.3h11c.3 0 .5-.1.7-.3.2-.2.3-.5.3-.7s-.1-.5-.3-.7zM5.8 14.7l6.2 6.3 6.2-6.3c.2-.2.3-.5.3-.7s-.1-.5-.3-.7c-.2-.2-.4-.3-.7-.3h-11c-.3 0-.5.1-.7.3-.2.2-.3.5-.3.7s.1.5.3.7z\"\/><\/svg><\/span><\/span><\/span><\/a><\/span><\/div>\n<nav><ul class='ez-toc-list ez-toc-list-level-1 eztoc-toggle-hide-by-default' ><li class='ez-toc-page-1 ez-toc-heading-level-2'><a class=\"ez-toc-link ez-toc-heading-1\" href=\"https:\/\/moverdb.com\/lv\/moving-companies\/moving-companies-myanmar\/#1_Dawood_Worldwide_Movers\" >1. Dawood Worldwide Movers<\/a><\/li><li class='ez-toc-page-1 ez-toc-heading-level-2'><a class=\"ez-toc-link ez-toc-heading-2\" href=\"https:\/\/moverdb.com\/lv\/moving-companies\/moving-companies-myanmar\/#2_DNS_Mobility_Ltd\" >2. DNS Mobility Ltd<\/a><\/li><li class='ez-toc-page-1 ez-toc-heading-level-2'><a class=\"ez-toc-link ez-toc-heading-3\" href=\"https:\/\/moverdb.com\/lv\/moving-companies\/moving-companies-myanmar\/#3_Global_Moving_Storage_Ltd\" >3. Global Moving &amp; Storage Ltd<\/a><\/li><li class='ez-toc-page-1 ez-toc-heading-level-2'><a class=\"ez-toc-link ez-toc-heading-4\" href=\"https:\/\/moverdb.com\/lv\/moving-companies\/moving-companies-myanmar\/#4_Legendary_Myanmar_International_Moving_Logistics_Co_Ltd\" >4. Le\u0123end\u0101r\u0101 Mjanmas starptautisk\u0101 p\u0101rv\u0101k\u0161an\u0101s un lo\u0123istika Co Ltd<\/a><\/li><li class='ez-toc-page-1 ez-toc-heading-level-2'><a class=\"ez-toc-link ez-toc-heading-5\" href=\"https:\/\/moverdb.com\/lv\/moving-companies\/moving-companies-myanmar\/#5_Myanmar_Express_Moving\" >5. Mjanmas Express Moving<\/a><\/li><li class='ez-toc-page-1 ez-toc-heading-level-2'><a class=\"ez-toc-link ez-toc-heading-6\" href=\"https:\/\/moverdb.com\/lv\/moving-companies\/moving-companies-myanmar\/#6_NMT_Ltd\" >6. NMT Ltd<\/a><\/li><\/ul><\/nav><\/div>\n<h2><span class=\"ez-toc-section\" id=\"1_Dawood_Worldwide_Movers\"><\/span><strong>1. Dawood Worldwide Movers<\/strong><span class=\"ez-toc-section-end\"><\/span><\/h2>\n<p><img loading=\"lazy\" decoding=\"async\" class=\"alignnone size-full wp-image-8783\" src=\"https:\/\/moverdb.com\/wp-content\/uploads\/Dawood-Worldwide-Moving-international-moving-company.png\" alt=\"Dawood Worldwide Moving starptautisks p\u0101rvietojas uz\u0146\u0113mums\" width=\"1440\" height=\"682\" data-wp-pid=\"8783\" srcset=\"https:\/\/moverdb.com\/wp-content\/uploads\/Dawood-Worldwide-Moving-international-moving-company.png 1440w, https:\/\/moverdb.com\/wp-content\/uploads\/Dawood-Worldwide-Moving-international-moving-company-300x142.png 300w, https:\/\/moverdb.com\/wp-content\/uploads\/Dawood-Worldwide-Moving-international-moving-company-1024x485.png 1024w, https:\/\/moverdb.com\/wp-content\/uploads\/Dawood-Worldwide-Moving-international-moving-company-18x9.png 18w, https:\/\/moverdb.com\/wp-content\/uploads\/Dawood-Worldwide-Moving-international-moving-company-600x284.png 600w\" sizes=\"auto, (max-width: 1440px) 100vw, 1440px\" \/><\/p>\n<ul>\n<li>Valsts p\u0101rv\u0101k\u0161an\u0101s<\/li>\n<li>Starptautisk\u0101 p\u0101rcel\u0161an\u0101s<\/li>\n<li>M\u0101jsaimniec\u012bbas p\u0101rv\u0101k\u0161an\u0101s<\/li>\n<li>Biroju p\u0101rcel\u0161an\u0101s<\/li>\n<li>Iepako\u0161anas pakalpojums<\/li>\n<li>Transporta pas\u0101kumi<\/li>\n<li>Muito\u0161ana<\/li>\n<li>Izcelsmes un galam\u0113r\u0137a pakalpojumi<\/li>\n<li>M\u0101jdz\u012bvnieku p\u0101rvieto\u0161ana<\/li>\n<li>Dro\u0161a uzglab\u0101\u0161ana<\/li>\n<\/ul>\n<p>Dawood Worldwide Movers ir starptautisks p\u0101rcel\u0161an\u0101s uz\u0146\u0113mums, kas dibin\u0101ts 1963. gad\u0101 un atrodas Jangon\u0101. Lai sniegtu savus pakalpojumus vis\u0101 pasaul\u0113, uz\u0146\u0113mums sadarbojas ar starptautiskajiem p\u0101rcel\u0161an\u0101s dienestiem un kravu nos\u016bt\u012bt\u0101jiem. Uz\u0146\u0113mums ir IAM biedrs ar 47 gadu darba st\u0101\u017eu.<\/p>\n<p>Dawood Worldwide Movers pied\u0101v\u0101 pilnu p\u0101rcel\u0161an\u0101s pakalpojumu, kas ietver atbalstu pirms p\u0101rcel\u0161an\u0101s ar izcelsmes pakalpojumiem un galam\u0113r\u0137a pakalpojumiem, kad ierad\u012bsieties, un var ar\u012b p\u0101rvietot j\u016bsu m\u0101jdz\u012bvniekus. Vi\u0146i sniedz pilnu iepako\u0161anas pakalpojumu, kas ietver iepako\u0161anas materi\u0101lus, lai aizsarg\u0101tu j\u016bsu mantas p\u0101rvad\u0101\u0161anas laik\u0101. Vi\u0146i nodro\u0161in\u0101s j\u016bsu mantu transport\u0113\u0161anu uz galam\u0113r\u0137i ar muito\u0161anu.<\/p>\n<p>T\u012bmek\u013ca vietne: <a href=\"http:\/\/www.dawoodmovers.com\" target=\"_blank\" rel=\"noopener\">http:\/\/www.dawoodmovers.com<\/a><\/p>\n<h2><span class=\"ez-toc-section\" id=\"2_DNS_Mobility_Ltd\"><\/span><strong>2. DNS Mobility Ltd<\/strong><span class=\"ez-toc-section-end\"><\/span><\/h2>\n<p><img loading=\"lazy\" decoding=\"async\" class=\"alignnone size-full wp-image-8789\" src=\"https:\/\/moverdb.com\/wp-content\/uploads\/DNS-Mobility-Ltd-international-moving-company.png\" alt=\"DNS Mobility Ltd starptautisks p\u0101rcel\u0161an\u0101s uz\u0146\u0113mums\" width=\"1440\" height=\"680\" data-wp-pid=\"8789\" srcset=\"https:\/\/moverdb.com\/wp-content\/uploads\/DNS-Mobility-Ltd-international-moving-company.png 1440w, https:\/\/moverdb.com\/wp-content\/uploads\/DNS-Mobility-Ltd-international-moving-company-300x142.png 300w, https:\/\/moverdb.com\/wp-content\/uploads\/DNS-Mobility-Ltd-international-moving-company-1024x484.png 1024w, https:\/\/moverdb.com\/wp-content\/uploads\/DNS-Mobility-Ltd-international-moving-company-18x9.png 18w, https:\/\/moverdb.com\/wp-content\/uploads\/DNS-Mobility-Ltd-international-moving-company-600x283.png 600w\" sizes=\"auto, (max-width: 1440px) 100vw, 1440px\" \/><\/p>\n<ul>\n<li>Valsts p\u0101rv\u0101k\u0161an\u0101s<\/li>\n<li>Starptautisk\u0101s p\u0101rvieto\u0161anas<\/li>\n<li>M\u0101jsaimniec\u012bbas p\u0101rv\u0101k\u0161an\u0101s<\/li>\n<li>Pilna servisa iepako\u0161ana<\/li>\n<li>Piel\u0101gotas iepako\u0161anas iek\u0101rtas<\/li>\n<li>Transport\u0113\u0161anas organiz\u0113\u0161ana<\/li>\n<li><a href=\"https:\/\/moverdb.com\/lv\/car-transport-shipping\/\" data-internallinksmanager029f6b8e52c=\"2\" title=\"2026 Starptautiskais autotransports un transportl\u012bdzek\u013cu p\u0101rvad\u0101\u0161anas cit\u0101ti\">Transportl\u012bdzek\u013cu nos\u016bt\u012b\u0161ana<\/a><\/li>\n<li>M\u0101kslas apstr\u0101de<\/li>\n<li>M\u0101jdz\u012bvnieku p\u0101rvieto\u0161ana<\/li>\n<li>Dro\u0161as uzglab\u0101\u0161anas telpas<\/li>\n<\/ul>\n<p>DNS Mobility Ltd ir starptautisks lo\u0123istikas un m\u0101jdz\u012bvnieku p\u0101rvieto\u0161anas uz\u0146\u0113mums, kas dibin\u0101ts 2013. gad\u0101 un atrodas Jangon\u0101. Lai sniegtu savus pakalpojumus starptautisk\u0101 m\u0113rog\u0101, uz\u0146\u0113mums sadarbojas ar vair\u0101k nek\u0101 100 asoci\u0113tajiem un saist\u012btajiem birojiem vis\u0101 pasaul\u0113. Uz\u0146\u0113mums ir IAM biedrs ar 11 gadu darba st\u0101\u017eu.<\/p>\n<p>SIA DNS Mobility pied\u0101v\u0101 visaptvero\u0161us p\u0101rcel\u0161an\u0101s pakalpojumus m\u0101jsaimniec\u012bb\u0101m, kas var nodro\u0161in\u0101t pilnu iepako\u0161anas pakalpojumu, lai aizsarg\u0101tu j\u016bsu mantas p\u0101rvad\u0101\u0161anas laik\u0101, tostarp \u012bpa\u0161i piel\u0101gotu iepako\u0161anas apr\u012bkojumu un kastes. Vi\u0146i organiz\u0113s j\u016bsu mantu transport\u0113\u0161anu un izsekos j\u016bsu s\u016bt\u012bjumu tie\u0161saist\u0113. Ierodoties m\u0101j\u0101s, vi\u0146i izsai\u0146os un aizv\u0101ks gru\u017eus.<\/p>\n<p>T\u012bmek\u013ca vietne: <a href=\"http:\/\/www.dnsmyanmar.com\" target=\"_blank\" rel=\"noopener\">http:\/\/www.dnsmyanmar.com<\/a><\/p>\n<h2><span class=\"ez-toc-section\" id=\"3_Global_Moving_Storage_Ltd\"><\/span><strong>3. Global Moving &amp; Storage Ltd<\/strong><span class=\"ez-toc-section-end\"><\/span><\/h2>\n<p><img loading=\"lazy\" decoding=\"async\" class=\"alignnone size-full wp-image-8806\" src=\"https:\/\/moverdb.com\/wp-content\/uploads\/Global-Moving-Storage-Ltd-international-moving-company.png\" alt=\"Global Moving &amp; Storage Ltd starptautisks p\u0101rvieto\u0161an\u0101s uz\u0146\u0113mums\" width=\"1440\" height=\"675\" data-wp-pid=\"8806\" srcset=\"https:\/\/moverdb.com\/wp-content\/uploads\/Global-Moving-Storage-Ltd-international-moving-company.png 1440w, https:\/\/moverdb.com\/wp-content\/uploads\/Global-Moving-Storage-Ltd-international-moving-company-300x141.png 300w, https:\/\/moverdb.com\/wp-content\/uploads\/Global-Moving-Storage-Ltd-international-moving-company-1024x480.png 1024w, https:\/\/moverdb.com\/wp-content\/uploads\/Global-Moving-Storage-Ltd-international-moving-company-18x8.png 18w, https:\/\/moverdb.com\/wp-content\/uploads\/Global-Moving-Storage-Ltd-international-moving-company-600x281.png 600w\" sizes=\"auto, (max-width: 1440px) 100vw, 1440px\" \/><\/p>\n<ul>\n<li>Valsts p\u0101rcel\u0161an\u0101s<\/li>\n<li>Starptautiskie p\u0101rvadi<\/li>\n<li>M\u0101jsaimniec\u012bbas p\u0101rv\u0101k\u0161an\u0101s<\/li>\n<li>Biroju p\u0101rcel\u0161an\u0101s<\/li>\n<li>Iepako\u0161anas pakalpojumi<\/li>\n<li>Transporta organiz\u0113\u0161ana<\/li>\n<li>Muito\u0161ana<\/li>\n<li>T\u0113lot\u0101jm\u0101kslas priek\u0161metu iepako\u0161ana<\/li>\n<li>M\u0101jdz\u012bvnieku p\u0101rvieto\u0161anas pakalpojums<\/li>\n<li>Uzglab\u0101\u0161anas iek\u0101rtas<\/li>\n<\/ul>\n<p>Global Moving &amp; Storage Ltd ir uz\u0146\u0113mums, kas nodarbojas ar p\u0101rvieto\u0161anu un lo\u0123istiku vis\u0101 pasaul\u0113 un kam ir vair\u0101k nek\u0101 divdesmit gadu pieredze. Uz\u0146\u0113mums ir IAM biedrs ar 12 gadu darba st\u0101\u017eu, kas tam nodro\u0161ina starptautisku p\u0101rcel\u0161an\u0101s a\u0123entu t\u012bklu, kuri var pal\u012bdz\u0113t sniegt pakalpojumus vis\u0101 pasaul\u0113.<\/p>\n<p>Global Moving &amp; Storage Ltd pied\u0101v\u0101 \"no durv\u012bm l\u012bdz durv\u012bm\", \"no durv\u012bm l\u012bdz durv\u012bm<a href=\"https:\/\/moverdb.com\/lv\/top-49-container-ports\/\" data-internallinksmanager029f6b8e52c=\"80\" title=\"49 liel\u0101kie un noslogot\u0101kie konteineru ostas 2025. gad\u0101\">osta<\/a> vai \"no ostas l\u012bdz durv\u012bm\" pakalpojumi, kas ietver muito\u0161anu un transporta organiz\u0113\u0161anu. Tie sniedz starptautiskajiem standartiem atbilsto\u0161us iepako\u0161anas pakalpojumus, lai aizsarg\u0101tu j\u016bsu priek\u0161metus p\u0101rvad\u0101\u0161anas laik\u0101. Vi\u0146i sniedz specializ\u0113tus pakalpojumus diplom\u0101tiem, m\u0101kslas priek\u0161metiem un m\u0101jdz\u012bvnieku p\u0101rvieto\u0161anas pakalpojumus.<\/p>\n<p>T\u012bmek\u013ca vietne: <a href=\"http:\/\/www.globalmovingstorage.com\" target=\"_blank\" rel=\"noopener\">http:\/\/www.globalmovingstorage.com<\/a><\/p>\n<h2><span class=\"ez-toc-section\" id=\"4_Legendary_Myanmar_International_Moving_Logistics_Co_Ltd\"><\/span><strong>4. Le\u0123end\u0101r\u0101 Mjanmas starptautisk\u0101 p\u0101rv\u0101k\u0161an\u0101s un lo\u0123istika Co Ltd<\/strong><span class=\"ez-toc-section-end\"><\/span><\/h2>\n<p><img loading=\"lazy\" decoding=\"async\" class=\"alignnone size-full wp-image-8821\" src=\"https:\/\/moverdb.com\/wp-content\/uploads\/Legendary-Myanmar-International-Moving-Logistics-Co-Ltd.png\" alt=\"Le\u0123end\u0101r\u0101 Mjanmas starptautisk\u0101 p\u0101rcel\u0161an\u0101s un lo\u0123istika Co Ltd\" width=\"1440\" height=\"682\" data-wp-pid=\"8821\" srcset=\"https:\/\/moverdb.com\/wp-content\/uploads\/Legendary-Myanmar-International-Moving-Logistics-Co-Ltd.png 1440w, https:\/\/moverdb.com\/wp-content\/uploads\/Legendary-Myanmar-International-Moving-Logistics-Co-Ltd-300x142.png 300w, https:\/\/moverdb.com\/wp-content\/uploads\/Legendary-Myanmar-International-Moving-Logistics-Co-Ltd-1024x485.png 1024w, https:\/\/moverdb.com\/wp-content\/uploads\/Legendary-Myanmar-International-Moving-Logistics-Co-Ltd-18x9.png 18w, https:\/\/moverdb.com\/wp-content\/uploads\/Legendary-Myanmar-International-Moving-Logistics-Co-Ltd-600x284.png 600w\" sizes=\"auto, (max-width: 1440px) 100vw, 1440px\" \/><\/p>\n<ul>\n<li>Valsts p\u0101rcel\u0161an\u0101s<\/li>\n<li>Starptautiskie p\u0101rvadi<\/li>\n<li>M\u0101jsaimniec\u012bbas p\u0101rv\u0101k\u0161an\u0101s<\/li>\n<li>Uz\u0146\u0113mumu p\u0101rvieto\u0161an\u0101s<\/li>\n<li>Iepako\u0161anas pakalpojums<\/li>\n<li>Autotransporta, j\u016bras un gaisa kravu p\u0101rvad\u0101jumi<\/li>\n<li>Dokument\u0101cijas atbalsts<\/li>\n<li>Automa\u0161\u012bnu s\u016bt\u012bjums<\/li>\n<li>M\u0101jdz\u012bvnieku p\u0101rvieto\u0161ana<\/li>\n<li>Uzglab\u0101\u0161anas iek\u0101rtas<\/li>\n<\/ul>\n<p>Legendary Myanmar International Moving &amp; Logistics Co Ltd (LMSL) ir ku\u0123niec\u012bbas, p\u0101rvietojas un <a href=\"https:\/\/moverdb.com\/lv\/relocation-agents\/\" data-internallinksmanager029f6b8e52c=\"1\" title=\"7 iemesli, k\u0101p\u0113c jums vajadz\u0113tu izmantot p\u0101rcel\u0161an\u0101s a\u0123entu?\">P\u0101rcel\u0161an\u0101s a\u0123ents<\/a> dibin\u0101ta 2010. gad\u0101, un t\u0101s biroji atrodas Jangon\u0101, Mandalej\u0101 un Bagan\u0101. Vi\u0146i ir nodibin\u0101ju\u0161i attiec\u012bbas ar transporta un p\u0101rcel\u0161an\u0101s a\u0123entiem vis\u0101 pasaul\u0113, lai sniegtu starptautiskus pakalpojumus, un vi\u0146i ir IAM biedri ar 13 gadu darba st\u0101\u017eu.<\/p>\n<p>LMSL pied\u0101v\u0101 visaptvero\u0161us p\u0101rcel\u0161an\u0101s pakalpojumus viet\u0113jiem un starptautiskiem p\u0101rbraucieniem, kas ietver ar\u012b pal\u012bdz\u012bbu dokument\u0101cijas sagatavo\u0161an\u0101. Vi\u0146i sniedz iepako\u0161anas pakalpojumus, lai aizsarg\u0101tu j\u016bsu mantas, un organiz\u0113 transport\u0113\u0161anu pa autoce\u013ciem, gaisu un j\u016bru, k\u0101 ar\u012b nodro\u0161ina papildu dokument\u0101ciju, piem\u0113ram, muito\u0161anu. Vi\u0146i pied\u0101v\u0101 p\u0101rcel\u0161an\u0101s pakalpojumus, tostarp orient\u0113\u0161an\u0101s, m\u0101jok\u013ca un skolas mekl\u0113\u0161anas un \u012bres l\u012bgumu nosl\u0113g\u0161anas pakalpojumus.<\/p>\n<p>T\u012bmek\u013ca vietne: <a href=\"http:\/\/www.lmsl-shipping.com\" target=\"_blank\" rel=\"noopener\">http:\/\/www.lmsl-shipping.com<\/a><\/p>\n<h2><span class=\"ez-toc-section\" id=\"5_Myanmar_Express_Moving\"><\/span><strong>5. Mjanmas Express Moving<\/strong><span class=\"ez-toc-section-end\"><\/span><\/h2>\n<p><img loading=\"lazy\" decoding=\"async\" class=\"alignnone size-full wp-image-8835\" src=\"https:\/\/moverdb.com\/wp-content\/uploads\/Myanmar-Express-Moving-international-moving-company.png\" alt=\"Mjanma Express Moving starptautisks p\u0101rvietojas uz\u0146\u0113mums\" width=\"1440\" height=\"677\" data-wp-pid=\"8835\" srcset=\"https:\/\/moverdb.com\/wp-content\/uploads\/Myanmar-Express-Moving-international-moving-company.png 1440w, https:\/\/moverdb.com\/wp-content\/uploads\/Myanmar-Express-Moving-international-moving-company-300x141.png 300w, https:\/\/moverdb.com\/wp-content\/uploads\/Myanmar-Express-Moving-international-moving-company-1024x481.png 1024w, https:\/\/moverdb.com\/wp-content\/uploads\/Myanmar-Express-Moving-international-moving-company-18x8.png 18w, https:\/\/moverdb.com\/wp-content\/uploads\/Myanmar-Express-Moving-international-moving-company-600x282.png 600w\" sizes=\"auto, (max-width: 1440px) 100vw, 1440px\" \/><\/p>\n<ul>\n<li>Viet\u0113jie p\u0101rv\u0101k\u0161an\u0101s darbi<\/li>\n<li>Starptautisk\u0101 p\u0101rcel\u0161an\u0101s<\/li>\n<li>M\u0101jsaimniec\u012bbas p\u0101rv\u0101k\u0161an\u0101s<\/li>\n<li>Komerci\u0101l\u0101 krava<\/li>\n<li>Iepako\u0161anas pakalpojums<\/li>\n<li>Autotransports, gaisa un j\u016bras transports<\/li>\n<li>Muito\u0161ana<\/li>\n<li>M\u0101jdz\u012bvnieku p\u0101rvieto\u0161ana<\/li>\n<li>Apdro\u0161in\u0101\u0161ana<\/li>\n<li>Uzglab\u0101\u0161anas iek\u0101rtas<\/li>\n<\/ul>\n<p>Mjanmas Express Moving ir p\u0101rvieto\u0161anas un iepako\u0161anas uz\u0146\u0113mums ar vair\u0101k nek\u0101 57 gadu pieredzi, kas atrodas Jangon\u0101. Uz\u0146\u0113mumam ir starptautiskas strat\u0113\u0123isk\u0101s partner\u012bbas un alianses vis\u0101 pasaul\u0113, lai sniegtu starptautiskus pakalpojumus. Uz\u0146\u0113mums ir IAM biedrs ar 29 gadu darba st\u0101\u017eu.<\/p>\n<p>Myanmar Express Moving pied\u0101v\u0101 bezmaksas apsekojumu, lai nov\u0113rt\u0113tu j\u016bsu p\u0101rcel\u0161an\u0101s pras\u012bbas un sagatavotu cenu pied\u0101v\u0101jumu. Vi\u0146i sniedz iepako\u0161anas pakalpojumus, kas aizsarg\u0101s j\u016bsu m\u0113beles, izmantojot m\u016bsdien\u012bgus, augstiem standartiem atbilsto\u0161us iepako\u0161anas materi\u0101lus, un p\u0113c iera\u0161an\u0101s izpakos un aizv\u0101ks visus gru\u017eus. Vi\u0146i organiz\u0113s transport\u0113\u0161anu pa autoce\u013ciem, gaisu un j\u016bru ar muito\u0161anu un apdro\u0161in\u0101\u0161anu.<\/p>\n<p>T\u012bmek\u013ca vietne: <a href=\"http:\/\/www.myanmarexpressmoving.com\" target=\"_blank\" rel=\"noopener\">http:\/\/www.myanmarexpressmoving.com<\/a><\/p>\n<h2><span class=\"ez-toc-section\" id=\"6_NMT_Ltd\"><\/span><strong>6. NMT Ltd<\/strong><span class=\"ez-toc-section-end\"><\/span><\/h2>\n<p><img loading=\"lazy\" decoding=\"async\" class=\"alignnone size-full wp-image-8838\" src=\"https:\/\/moverdb.com\/wp-content\/uploads\/NMT-Ltd-international-moving-company.png\" alt=\"NMT Ltd starptautiskais p\u0101rcel\u0161an\u0101s uz\u0146\u0113mums\" width=\"1440\" height=\"683\" data-wp-pid=\"8838\" srcset=\"https:\/\/moverdb.com\/wp-content\/uploads\/NMT-Ltd-international-moving-company.png 1440w, https:\/\/moverdb.com\/wp-content\/uploads\/NMT-Ltd-international-moving-company-300x142.png 300w, https:\/\/moverdb.com\/wp-content\/uploads\/NMT-Ltd-international-moving-company-1024x486.png 1024w, https:\/\/moverdb.com\/wp-content\/uploads\/NMT-Ltd-international-moving-company-18x9.png 18w, https:\/\/moverdb.com\/wp-content\/uploads\/NMT-Ltd-international-moving-company-600x285.png 600w\" sizes=\"auto, (max-width: 1440px) 100vw, 1440px\" \/><\/p>\n<ul>\n<li>Valsts p\u0101rv\u0101k\u0161an\u0101s<\/li>\n<li>Starptautisk\u0101 p\u0101rcel\u0161an\u0101s<\/li>\n<li>M\u0101jsaimniec\u012bbas p\u0101rv\u0101k\u0161an\u0101s<\/li>\n<li>Biroju p\u0101rcel\u0161an\u0101s<\/li>\n<li>Diplom\u0101ta g\u0101jiens<\/li>\n<li>Iepako\u0161anas pakalpojums<\/li>\n<li>J\u016bras un gaisa kravu p\u0101rvad\u0101jumi<\/li>\n<li>Muitas starpniec\u012bba<\/li>\n<li>Transportl\u012bdzek\u013cu nos\u016bt\u012b\u0161ana<\/li>\n<li>Uzglab\u0101\u0161anas iek\u0101rtas<\/li>\n<\/ul>\n<p>NMT Ltd ir starptautisks iepako\u0161anas, p\u0101rvad\u0101jumu, p\u0101rcel\u0161an\u0101s, lo\u0123istikas un transporta uz\u0146\u0113mums, kas dibin\u0101ts 1993. gad\u0101 un atrodas Zieme\u013cdagon\u0101 un Jangon\u0101. Uz\u0146\u0113mums pied\u0101v\u0101 ar\u012b izst\u0101\u017eu un pas\u0101kumu organiz\u0113\u0161anas un iek\u0101rto\u0161anas pakalpojumus. Uz\u0146\u0113mums ir IAM biedrs ar 30 gadu darba st\u0101\u017eu, kas nodro\u0161ina piek\u013cuvi starptautiskajam p\u0101rcel\u0161an\u0101s a\u0123entu t\u012bklam, lai pied\u0101v\u0101tu savus pakalpojumus vis\u0101 pasaul\u0113.<\/p>\n<p>NMT Ltd nodro\u0161ina m\u0101jsaimniec\u012bbu un biroju p\u0101rv\u0101k\u0161an\u0101s pakalpojumus Mjanm\u0101, uz Mjanmu un no t\u0101s, tostarp v\u0113stniec\u012bb\u0101m un diplom\u0101tiem. Tiem ir pieredz\u0113ju\u0161i darbinieki, kas pal\u012bdz\u0113s jums vis\u0101 p\u0101rcel\u0161an\u0101s laik\u0101, tostarp pieredz\u0113ju\u0161i pakot\u0101ji, kas dro\u0161i iesai\u0146os j\u016bsu mantas un organiz\u0113s p\u0101rvad\u0101\u0161anu pa j\u016bru vai gaisa transportu ar muitas starpniec\u012bbu.<\/p>\n<p>T\u012bmek\u013ca vietne: <a href=\"http:\/\/www.ntmyanmar.com\" target=\"_blank\" rel=\"noopener\">http:\/\/www.ntmyanmar.com<\/a><\/p>","protected":false},"excerpt":{"rendered":"<p>When you are moving home or business it can be such a stressful time as there is so much to plan and do especially if you are moving to another country. Engaging the services of a moving company can help reduce your stress and take away a lot of those tasks. Below we have compiled [&hellip;]<\/p>\n","protected":false},"author":4,"featured_media":0,"parent":190,"menu_order":0,"comment_status":"closed","ping_status":"closed","template":"","meta":{"_genesis_hide_title":false,"_genesis_hide_breadcrumbs":false,"_genesis_hide_singular_image":false,"_genesis_hide_footer_widgets":false,"_genesis_custom_body_class":"","_genesis_custom_post_class":"","_genesis_layout":"","footnotes":""},"class_list":{"0":"post-8879","1":"page","2":"type-page","3":"status-publish","5":"entry","6":"has-post-thumbnail"},"_links":{"self":[{"href":"https:\/\/moverdb.com\/lv\/wp-json\/wp\/v2\/pages\/8879","targetHints":{"allow":["GET"]}}],"collection":[{"href":"https:\/\/moverdb.com\/lv\/wp-json\/wp\/v2\/pages"}],"about":[{"href":"https:\/\/moverdb.com\/lv\/wp-json\/wp\/v2\/types\/page"}],"author":[{"embeddable":true,"href":"https:\/\/moverdb.com\/lv\/wp-json\/wp\/v2\/users\/4"}],"replies":[{"embeddable":true,"href":"https:\/\/moverdb.com\/lv\/wp-json\/wp\/v2\/comments?post=8879"}],"version-history":[{"count":1,"href":"https:\/\/moverdb.com\/lv\/wp-json\/wp\/v2\/pages\/8879\/revisions"}],"predecessor-version":[{"id":8881,"href":"https:\/\/moverdb.com\/lv\/wp-json\/wp\/v2\/pages\/8879\/revisions\/8881"}],"up":[{"embeddable":true,"href":"https:\/\/moverdb.com\/lv\/wp-json\/wp\/v2\/pages\/190"}],"wp:attachment":[{"href":"https:\/\/moverdb.com\/lv\/wp-json\/wp\/v2\/media?parent=8879"}],"curies":[{"name":"wp","href":"https:\/\/api.w.org\/{rel}","templated":true}]}}