{"id":8438,"date":"2023-04-27T14:42:03","date_gmt":"2023-04-27T14:42:03","guid":{"rendered":"https:\/\/moverdb.com\/?page_id=8438"},"modified":"2026-01-08T15:24:48","modified_gmt":"2026-01-08T15:24:48","slug":"moving-companies-morocco","status":"publish","type":"page","link":"https:\/\/moverdb.com\/lv\/moving-companies\/moving-companies-morocco\/","title":{"rendered":"4 Lab\u0101kie starptautisk\u0101s p\u0101rcel\u0161an\u0101s uz\u0146\u0113mumi Marok\u0101"},"content":{"rendered":"<p>Kad pl\u0101nojat p\u0101rcelties, ir \u013coti daudz dar\u0101m\u0101 un pl\u0101not\u0101, jo \u012bpa\u0161i, ja p\u0101rce\u013caties uz \u0101rzem\u0113m. \u0160aj\u0101 gad\u012bjum\u0101 ir nepiecie\u0161ams <a href=\"https:\/\/moverdb.com\/lv\/moving-companies\/\" data-internallinksmanager029f6b8e52c=\"79\" title=\"Top 25 Starptautiskie p\u0101rcel\u0161an\u0101s uz\u0146\u0113mumi tie\u0161saist\u0113\">P\u0101rvieto\u0161an\u0101s uz\u0146\u0113mums<\/a> var pal\u012bdz\u0113t atvieglot slodzi. Zem\u0101k m\u0113s esam apkopoju\u0161i sarakstu ar Marokas <a href=\"https:\/\/moverdb.com\/lv\/international-removals\/\" data-internallinksmanager029f6b8e52c=\"27\" title=\"36 Lab\u0101kie starptautisko p\u0101rvad\u0101jumu uz\u0146\u0113mumi Apvienotaj\u0101 Karalist\u0113\">p\u0101rv\u0101k\u0161an\u0101s uz\u0146\u0113mumi<\/a> kas ir <a href=\"https:\/\/moverdb.com\/lv\/iam\/\" data-internallinksmanager029f6b8e52c=\"23\" title=\"Starptautisk\u0101s P\u0101rv\u0101c\u0113ju asoci\u0101cijas (IAM) skaidrojumi\">Starptautisk\u0101 P\u0101rv\u0101c\u0113ju asoci\u0101cija<\/a> (IAM) un\/vai <a href=\"https:\/\/moverdb.com\/lv\/fidi-faim\/\" data-internallinksmanager029f6b8e52c=\"16\" title=\"FIDI un FAIM (FIDI akredit\u0113tais starptautiskais p\u0101rvietot\u0101js) skaidrojums\">FIDI<\/a> Akredit\u0113ti starptautiskie p\u0101rv\u0101c\u0113ji (FAIM), kas var\u0113tu jums pal\u012bdz\u0113t p\u0101rcelties.<\/p>\n<div id=\"ez-toc-container\" class=\"ez-toc-v2_0_82_2 ez-toc-wrap-left counter-hierarchy ez-toc-counter ez-toc-transparent ez-toc-container-direction\">\n<div class=\"ez-toc-title-container\">\n<p class=\"ez-toc-title\" style=\"cursor:inherit\">Sada\u013cas<\/p>\n<span class=\"ez-toc-title-toggle\"><a href=\"#\" class=\"ez-toc-pull-right ez-toc-btn ez-toc-btn-xs ez-toc-btn-default ez-toc-toggle\" aria-label=\"P\u0101rsl\u0113gt satura tabulu\"><span class=\"ez-toc-js-icon-con\"><span class=\"\"><span class=\"eztoc-hide\" style=\"display:none;\">P\u0101rsl\u0113gt<\/span><span class=\"ez-toc-icon-toggle-span\"><svg style=\"fill: #999;color:#999\" xmlns=\"http:\/\/www.w3.org\/2000\/svg\" class=\"list-377408\" width=\"20px\" height=\"20px\" viewbox=\"0 0 24 24\" fill=\"none\"><path d=\"M6 6H4v2h2V6zm14 0H8v2h12V6zM4 11h2v2H4v-2zm16 0H8v2h12v-2zM4 16h2v2H4v-2zm16 0H8v2h12v-2z\" fill=\"currentColor\"><\/path><\/svg><svg style=\"fill: #999;color:#999\" class=\"arrow-unsorted-368013\" xmlns=\"http:\/\/www.w3.org\/2000\/svg\" width=\"10px\" height=\"10px\" viewbox=\"0 0 24 24\" version=\"1.2\" baseprofile=\"tiny\"><path d=\"M18.2 9.3l-6.2-6.3-6.2 6.3c-.2.2-.3.4-.3.7s.1.5.3.7c.2.2.4.3.7.3h11c.3 0 .5-.1.7-.3.2-.2.3-.5.3-.7s-.1-.5-.3-.7zM5.8 14.7l6.2 6.3 6.2-6.3c.2-.2.3-.5.3-.7s-.1-.5-.3-.7c-.2-.2-.4-.3-.7-.3h-11c-.3 0-.5.1-.7.3-.2.2-.3.5-.3.7s.1.5.3.7z\"\/><\/svg><\/span><\/span><\/span><\/a><\/span><\/div>\n<nav><ul class='ez-toc-list ez-toc-list-level-1 eztoc-toggle-hide-by-default' ><li class='ez-toc-page-1 ez-toc-heading-level-2'><a class=\"ez-toc-link ez-toc-heading-1\" href=\"https:\/\/moverdb.com\/lv\/moving-companies\/moving-companies-morocco\/#1_Africa_Move\" >1. \u0100frika Move<\/a><\/li><li class='ez-toc-page-1 ez-toc-heading-level-2'><a class=\"ez-toc-link ez-toc-heading-2\" href=\"https:\/\/moverdb.com\/lv\/moving-companies\/moving-companies-morocco\/#2_Euromove\" >2. Euromove<\/a><\/li><li class='ez-toc-page-1 ez-toc-heading-level-2'><a class=\"ez-toc-link ez-toc-heading-3\" href=\"https:\/\/moverdb.com\/lv\/moving-companies\/moving-companies-morocco\/#3_MIMC\" >3. MIMC<\/a><\/li><li class='ez-toc-page-1 ez-toc-heading-level-2'><a class=\"ez-toc-link ez-toc-heading-4\" href=\"https:\/\/moverdb.com\/lv\/moving-companies\/moving-companies-morocco\/#4_MYCS\" >4. MYCS<\/a><\/li><\/ul><\/nav><\/div>\n<h2><span class=\"ez-toc-section\" id=\"1_Africa_Move\"><\/span><strong>1. \u0100frika Move<\/strong><span class=\"ez-toc-section-end\"><\/span><\/h2>\n<p><img loading=\"lazy\" decoding=\"async\" class=\"alignnone size-full wp-image-8280\" src=\"https:\/\/moverdb.com\/wp-content\/uploads\/Africa-Move-international-moving-company.png\" alt=\"Africa Move starptautisks p\u0101rvietojas uz\u0146\u0113mums\" width=\"1440\" height=\"680\" data-wp-pid=\"8280\" srcset=\"https:\/\/moverdb.com\/wp-content\/uploads\/Africa-Move-international-moving-company.png 1440w, https:\/\/moverdb.com\/wp-content\/uploads\/Africa-Move-international-moving-company-300x142.png 300w, https:\/\/moverdb.com\/wp-content\/uploads\/Africa-Move-international-moving-company-1024x484.png 1024w, https:\/\/moverdb.com\/wp-content\/uploads\/Africa-Move-international-moving-company-18x9.png 18w, https:\/\/moverdb.com\/wp-content\/uploads\/Africa-Move-international-moving-company-600x283.png 600w\" sizes=\"auto, (max-width: 1440px) 100vw, 1440px\" \/><\/p>\n<ul>\n<li>Valsts p\u0101rv\u0101k\u0161an\u0101s<\/li>\n<li>Starptautisk\u0101 p\u0101rcel\u0161an\u0101s<\/li>\n<li>M\u0101jsaimniec\u012bbas p\u0101rv\u0101k\u0161an\u0101s<\/li>\n<li>Uz\u0146\u0113mumu p\u0101rvieto\u0161ana<\/li>\n<li>Pakalpojums \"no durv\u012bm l\u012bdz durv\u012bm<\/li>\n<li>Iepako\u0161anas pakalpojums<\/li>\n<li>Autotransports, j\u016bras un gaisa transports<\/li>\n<li>Muitas atbalsts<\/li>\n<li>S\u016bt\u012bjuma izseko\u0161ana<\/li>\n<li>Apdro\u0161in\u0101\u0161ana<\/li>\n<\/ul>\n<p>Africa Move ir p\u0101rv\u0101k\u0161an\u0101s un p\u0101rcel\u0161an\u0101s uz\u0146\u0113mums, kas specializ\u0113jas \u0100frikas valstu, tostarp Marokas, apkalpo\u0161an\u0101. Uz\u0146\u0113mums pied\u0101v\u0101 p\u0101rv\u0101k\u0161an\u0101s pakalpojumus valsts, \u0100frikas un starptautisk\u0101 m\u0113rog\u0101. Uz\u0146\u0113mumam ir glob\u0101ls t\u012bkls, kas pal\u012bdz veikt starptautiskus p\u0101rv\u0101k\u0161an\u0101s darbus. Uz\u0146\u0113mums ir IAM biedrs ar tr\u012bs gadu darba st\u0101\u017eu.<\/p>\n<p>Africa Move pied\u0101v\u0101 p\u0101rvieto\u0161anu no durv\u012bm l\u012bdz durv\u012bm ar detaliz\u0113tu t\u0101mi, kur\u0101 iek\u013cauti visi pakalpojumi. Vi\u0146i sniedz iepako\u0161anas pakalpojumus, izmantojot augstas kvalit\u0101tes materi\u0101lus un apm\u0101c\u012btu person\u0101lu, lai nodro\u0161in\u0101tu starptautiskiem standartiem atbilsto\u0161u iepako\u0161anu. Vi\u0146i organiz\u0113s j\u016bsu mantu transport\u0113\u0161anu pa autoce\u013ciem, j\u016bru vai gaisu un pal\u012bdz\u0113s nok\u0101rtot muitas formalit\u0101tes.<\/p>\n<p>T\u012bmek\u013ca vietne: <a href=\"http:\/\/www.africa-move.com\" target=\"_blank\" rel=\"noopener\">http:\/\/www.africa-move.com<\/a><\/p>\n<h2><span class=\"ez-toc-section\" id=\"2_Euromove\"><\/span><strong>2. Euromove<\/strong><span class=\"ez-toc-section-end\"><\/span><\/h2>\n<p><img loading=\"lazy\" decoding=\"async\" class=\"alignnone size-full wp-image-8311\" src=\"https:\/\/moverdb.com\/wp-content\/uploads\/Euromove-international-moving-company-1.png\" alt=\"Euromove starptautiskais p\u0101rvieto\u0161an\u0101s uz\u0146\u0113mums\" width=\"1440\" height=\"683\" data-wp-pid=\"8311\" srcset=\"https:\/\/moverdb.com\/wp-content\/uploads\/Euromove-international-moving-company-1.png 1440w, https:\/\/moverdb.com\/wp-content\/uploads\/Euromove-international-moving-company-1-300x142.png 300w, https:\/\/moverdb.com\/wp-content\/uploads\/Euromove-international-moving-company-1-1024x486.png 1024w, https:\/\/moverdb.com\/wp-content\/uploads\/Euromove-international-moving-company-1-18x9.png 18w, https:\/\/moverdb.com\/wp-content\/uploads\/Euromove-international-moving-company-1-600x285.png 600w\" sizes=\"auto, (max-width: 1440px) 100vw, 1440px\" \/><\/p>\n<ul>\n<li>Viet\u0113jie un viet\u0113jie p\u0101rvadi<\/li>\n<li>Starptautiskie p\u0101rvadi<\/li>\n<li>P\u0101rv\u0101k\u0161an\u0101s uz dz\u012bvojam\u0101m telp\u0101m<\/li>\n<li>Komerci\u0101lie p\u0101rvadi<\/li>\n<li>Iepako\u0161anas pakalpojums<\/li>\n<li>M\u0113be\u013cu demont\u0101\u017ea un mont\u0101\u017ea<\/li>\n<li>Transporta izv\u0113le un apstr\u0101de<\/li>\n<li>Muitas formalit\u0101tes<\/li>\n<li>Uzglab\u0101\u0161anas iek\u0101rtas<\/li>\n<\/ul>\n<p>Euromove ir starptautisks p\u0101rvieto\u0161an\u0101s uz\u0146\u0113mums, kas dibin\u0101ts 2004. gad\u0101. <a href=\"https:\/\/moverdb.com\/lv\/moving-to-canada\/\" data-internallinksmanager029f6b8e52c=\"265\" title=\"P\u0101rcel\u0161an\u0101s uz Kan\u0101du? 2023 Dz\u012bves izmaksas un p\u0101rcel\u0161an\u0101s padomi\">Kan\u0101da<\/a> 2004. gad\u0101 un 2011. gad\u0101 Kasablank\u0101 tika izveidots t\u0101s Marokas meitasuz\u0146\u0113mums. Uz\u0146\u0113mums ir IAM biedrs ar 12 gadu darb\u012bbas st\u0101\u017eu, un tas tam nodro\u0161ina starptautisku p\u0101rcel\u0161an\u0101s a\u0123entu t\u012bklu, kas pal\u012bdz p\u0101rcel\u0161an\u0101s darbos \u0101rzem\u0113s.<\/p>\n<p>Euromove pied\u0101v\u0101 \u0101trus un profesion\u0101lus p\u0101rcel\u0161an\u0101s pakalpojumus, kas ietver visus p\u0101rcel\u0161an\u0101s aspektus. Vi\u0146i sniedz iepako\u0161anas pakalpojumus, dro\u0161i iesai\u0146ojot visas j\u016bsu mantas un izvietojot t\u0101s jaunaj\u0101 m\u0101jokl\u012b. Vi\u0146iem ir augstas kvalit\u0101tes p\u0101rcel\u0161an\u0101s kravas automa\u0161\u012bnu autoparks, kas aizsarg\u0101s kravu p\u0101rvad\u0101\u0161anas laik\u0101. Vi\u0146i pal\u012bdz\u0113s veikt administrat\u012bv\u0101s proced\u016bras un muitas formalit\u0101tes.<\/p>\n<p>T\u012bmek\u013ca vietne: <a href=\"http:\/\/www.euromove.ma\" target=\"_blank\" rel=\"noopener\">http:\/\/www.euromove.ma<\/a><\/p>\n<h2><span class=\"ez-toc-section\" id=\"3_MIMC\"><\/span><strong>3. MIMC<\/strong><span class=\"ez-toc-section-end\"><\/span><\/h2>\n<p><img loading=\"lazy\" decoding=\"async\" class=\"alignnone size-full wp-image-8339\" src=\"https:\/\/moverdb.com\/wp-content\/uploads\/MIMC-international-moving-company.png\" alt=\"MIMC starptautiskais p\u0101rvieto\u0161an\u0101s uz\u0146\u0113mums\" width=\"1440\" height=\"683\" data-wp-pid=\"8339\" srcset=\"https:\/\/moverdb.com\/wp-content\/uploads\/MIMC-international-moving-company.png 1440w, https:\/\/moverdb.com\/wp-content\/uploads\/MIMC-international-moving-company-300x142.png 300w, https:\/\/moverdb.com\/wp-content\/uploads\/MIMC-international-moving-company-1024x486.png 1024w, https:\/\/moverdb.com\/wp-content\/uploads\/MIMC-international-moving-company-18x9.png 18w, https:\/\/moverdb.com\/wp-content\/uploads\/MIMC-international-moving-company-600x285.png 600w\" sizes=\"auto, (max-width: 1440px) 100vw, 1440px\" \/><\/p>\n<ul>\n<li>Valsts p\u0101rcel\u0161an\u0101s<\/li>\n<li>Starptautiskie p\u0101rvadi<\/li>\n<li>M\u0101jsaimniec\u012bbas p\u0101rv\u0101k\u0161an\u0101s<\/li>\n<li>Pakalpojums \"no durv\u012bm l\u012bdz durv\u012bm<\/li>\n<li>Iepako\u0161anas pakalpojums<\/li>\n<li>Autotransports, j\u016bras un gaisa transports<\/li>\n<li>Muitas formalit\u0101tes<\/li>\n<li>M\u0101jdz\u012bvnieku p\u0101rvieto\u0161ana<\/li>\n<li><a href=\"https:\/\/moverdb.com\/lv\/car-transport-shipping\/\" data-internallinksmanager029f6b8e52c=\"2\" title=\"2026 Starptautiskais autotransports un transportl\u012bdzek\u013cu p\u0101rvad\u0101\u0161anas cit\u0101ti\">Automa\u0161\u012bnu p\u0101rvad\u0101jumi<\/a><\/li>\n<li>Dro\u0161as uzglab\u0101\u0161anas telpas<\/li>\n<\/ul>\n<p>MIMC ir starptautisks p\u0101rcel\u0161an\u0101s uz\u0146\u0113mums, kas dibin\u0101ts 2001. gad\u0101 un kam ir biroji Rabat\u0101, Kenitr\u0101 un Kas\u0101. Uz\u0146\u0113mums sadarbojas ar daudziem uzticamiem partneriem, kas pal\u012bdz sniegt pakalpojumus starptautisk\u0101 m\u0113rog\u0101. Uz\u0146\u0113mums ir IAM biedrs ar 22 gadu darba st\u0101\u017eu.<\/p>\n<p>MIMC pied\u0101v\u0101 j\u016bsu vajadz\u012bb\u0101m piel\u0101gotus p\u0101rcel\u0161an\u0101s risin\u0101jumus, kas s\u0101kas ar s\u0101kotn\u0113jo apsekojumu, lai nov\u0113rt\u0113tu j\u016bsu pras\u012bbas. Vi\u0146i pied\u0101v\u0101 iepako\u0161anas pakalpojumus, kas aizsarg\u0101s j\u016bsu mantas p\u0101rvad\u0101\u0161anas laik\u0101. Vi\u0146i pied\u0101v\u0101 p\u0101rvad\u0101jumus pa autoce\u013ciem, j\u016bru un gaisu, kas ietver da\u017e\u0101du izm\u0113ru s\u016bt\u012bjumu izv\u0113li, piem\u0113ram, pilnas konteineru kravas un maz\u0101kas par konteineru kravas.<\/p>\n<p>T\u012bmek\u013ca vietne: <a href=\"https:\/\/moumene.ma\/\" target=\"_blank\" rel=\"noopener\">https:\/\/moumene.ma\/<\/a><\/p>\n<h2><span class=\"ez-toc-section\" id=\"4_MYCS\"><\/span><strong>4. MYCS<\/strong><span class=\"ez-toc-section-end\"><\/span><\/h2>\n<p><img loading=\"lazy\" decoding=\"async\" class=\"alignnone size-full wp-image-8439\" src=\"https:\/\/moverdb.com\/wp-content\/uploads\/MYCS-international-moving-company.png\" alt=\"\" width=\"1440\" height=\"676\" data-wp-pid=\"8439\" srcset=\"https:\/\/moverdb.com\/wp-content\/uploads\/MYCS-international-moving-company.png 1440w, https:\/\/moverdb.com\/wp-content\/uploads\/MYCS-international-moving-company-300x141.png 300w, https:\/\/moverdb.com\/wp-content\/uploads\/MYCS-international-moving-company-1024x481.png 1024w, https:\/\/moverdb.com\/wp-content\/uploads\/MYCS-international-moving-company-18x8.png 18w, https:\/\/moverdb.com\/wp-content\/uploads\/MYCS-international-moving-company-600x282.png 600w\" sizes=\"auto, (max-width: 1440px) 100vw, 1440px\" \/><\/p>\n<ul>\n<li>Valstu s\u016bt\u012bjumi<\/li>\n<li>Starptautiskie s\u016bt\u012bjumi<\/li>\n<li>Personiskie s\u016bt\u012bjumi<\/li>\n<li>Komerci\u0101lie s\u016bt\u012bjumi<\/li>\n<li>Pakalpojums \"no durv\u012bm l\u012bdz durv\u012bm<\/li>\n<li>Autotransporta, j\u016bras un gaisa kravu p\u0101rvad\u0101jumi<\/li>\n<li><a href=\"https:\/\/moverdb.com\/lv\/container-shipping\/\" data-internallinksmanager029f6b8e52c=\"3\" title=\"Starptautisko konteineru p\u0101rvad\u0101jumu tarifu diagramma: Apr\u012blis 2026\">Konteineru p\u0101rvad\u0101jumi<\/a> iesp\u0113jas<\/li>\n<li>Muito\u0161ana<\/li>\n<li>S\u016bt\u012bjumu statuss re\u0101llaik\u0101<\/li>\n<li>Uzglab\u0101\u0161anas iek\u0101rtas<\/li>\n<\/ul>\n<p>MYCS ir kravas eksped\u012bcijas un lo\u0123istikas uz\u0146\u0113mums ar 10 gadu pieredzi, kas atrodas Marok\u0101 un Marok\u0101. <a href=\"https:\/\/moverdb.com\/lv\/moving-companies\/egypt-moving-companies\/\" data-internallinksmanager029f6b8e52c=\"200\" title=\"11 Lab\u0101kie starptautisk\u0101s p\u0101rcel\u0161an\u0101s uz\u0146\u0113mumi \u0112\u0123ipt\u0113\">\u0112\u0123ipte<\/a>. Marokas biroji atrodas Kasablank\u0101, Mohammedij\u0101 un Tan\u017e\u0113r\u0101. Vi\u0146i sadarbojas ar partneru t\u012bklu vis\u0101 pasaul\u0113, sniedzot pakalpojumus vis\u0101 pasaul\u0113, un ir IAM biedrs.<\/p>\n<p>MYCS pied\u0101v\u0101 individualiz\u0113tus p\u0101rvad\u0101jumu risin\u0101jumus, kas ietver m\u0101jsaimniec\u012bbas un biznesa pre\u010du p\u0101rvad\u0101\u0161anu starp m\u0101j\u0101m vai birojiem. Vi\u0146i sniedz pakalpojumus no durv\u012bm l\u012bdz durv\u012bm gan maziem, gan lieliem s\u016bt\u012bjumiem un var pieg\u0101d\u0101t s\u016bt\u012bjumus jebkur\u0101 pasaules viet\u0101. Vi\u0146i pied\u0101v\u0101 autotransporta, gaisa un j\u016bras kravu p\u0101rvad\u0101jumus, kas ietver maz\u0101kas un pilnas konteineru kravas.<\/p>\n<p>T\u012bmek\u013ca vietne: <a href=\"http:\/\/www.mycs.ma\" target=\"_blank\" rel=\"noopener\">http:\/\/www.mycs.ma<\/a> &nbsp;<\/p>","protected":false},"excerpt":{"rendered":"<p>When you are thinking of moving, there is so much to do and plan especially if you are moving abroad. This is where a moving company can help lighten the load. Below we have compiled a list of Moroccan removal companies that are members of the International Association of Movers (IAM) and\/or FIDI Accredited International [&hellip;]<\/p>\n","protected":false},"author":4,"featured_media":0,"parent":190,"menu_order":0,"comment_status":"closed","ping_status":"closed","template":"","meta":{"_genesis_hide_title":false,"_genesis_hide_breadcrumbs":false,"_genesis_hide_singular_image":false,"_genesis_hide_footer_widgets":false,"_genesis_custom_body_class":"","_genesis_custom_post_class":"","_genesis_layout":"","footnotes":""},"class_list":{"0":"post-8438","1":"page","2":"type-page","3":"status-publish","5":"entry","6":"has-post-thumbnail"},"_links":{"self":[{"href":"https:\/\/moverdb.com\/lv\/wp-json\/wp\/v2\/pages\/8438","targetHints":{"allow":["GET"]}}],"collection":[{"href":"https:\/\/moverdb.com\/lv\/wp-json\/wp\/v2\/pages"}],"about":[{"href":"https:\/\/moverdb.com\/lv\/wp-json\/wp\/v2\/types\/page"}],"author":[{"embeddable":true,"href":"https:\/\/moverdb.com\/lv\/wp-json\/wp\/v2\/users\/4"}],"replies":[{"embeddable":true,"href":"https:\/\/moverdb.com\/lv\/wp-json\/wp\/v2\/comments?post=8438"}],"version-history":[{"count":1,"href":"https:\/\/moverdb.com\/lv\/wp-json\/wp\/v2\/pages\/8438\/revisions"}],"predecessor-version":[{"id":8440,"href":"https:\/\/moverdb.com\/lv\/wp-json\/wp\/v2\/pages\/8438\/revisions\/8440"}],"up":[{"embeddable":true,"href":"https:\/\/moverdb.com\/lv\/wp-json\/wp\/v2\/pages\/190"}],"wp:attachment":[{"href":"https:\/\/moverdb.com\/lv\/wp-json\/wp\/v2\/media?parent=8438"}],"curies":[{"name":"wp","href":"https:\/\/api.w.org\/{rel}","templated":true}]}}