{"id":8424,"date":"2023-04-27T14:46:03","date_gmt":"2023-04-27T14:46:03","guid":{"rendered":"https:\/\/moverdb.com\/?page_id=8424"},"modified":"2026-01-08T15:24:47","modified_gmt":"2026-01-08T15:24:47","slug":"moving-companies-malta","status":"publish","type":"page","link":"https:\/\/moverdb.com\/lv\/moving-companies\/moving-companies-malta\/","title":{"rendered":"4 Lab\u0101kie starptautisk\u0101s p\u0101rcel\u0161an\u0101s uz\u0146\u0113mumi Malt\u0101"},"content":{"rendered":"<p>Vai, pl\u0101nojot p\u0101rcel\u0161anos, j\u016bs p\u0101r\u0146em \u0161ausmas, dom\u0101jot par veicamo darbu skaitu un iepako\u0161anu? J\u016bs varat atvieglot savu dz\u012bvi, izmantojot <a href=\"https:\/\/moverdb.com\/lv\/moving-companies\/\" data-internallinksmanager029f6b8e52c=\"79\" title=\"Top 25 Starptautiskie p\u0101rcel\u0161an\u0101s uz\u0146\u0113mumi tie\u0161saist\u0113\">P\u0101rvieto\u0161an\u0101s uz\u0146\u0113mums<\/a> organiz\u0113t transportu, nok\u0101rtot dokumentus un iepakot mantas. Zem\u0101k m\u0113s esam apkopoju\u0161i Maltas uz\u0146\u0113mumu sarakstu. <a href=\"https:\/\/moverdb.com\/lv\/international-removals\/\" data-internallinksmanager029f6b8e52c=\"27\" title=\"36 Lab\u0101kie starptautisko p\u0101rvad\u0101jumu uz\u0146\u0113mumi Apvienotaj\u0101 Karalist\u0113\">p\u0101rv\u0101k\u0161an\u0101s uz\u0146\u0113mumi<\/a> kas ir <a href=\"https:\/\/moverdb.com\/lv\/iam\/\" data-internallinksmanager029f6b8e52c=\"23\" title=\"Starptautisk\u0101s P\u0101rv\u0101c\u0113ju asoci\u0101cijas (IAM) skaidrojumi\">Starptautisk\u0101 P\u0101rv\u0101c\u0113ju asoci\u0101cija<\/a> (IAM) un\/vai <a href=\"https:\/\/moverdb.com\/lv\/fidi-faim\/\" data-internallinksmanager029f6b8e52c=\"16\" title=\"FIDI un FAIM (FIDI akredit\u0113tais starptautiskais p\u0101rvietot\u0101js) skaidrojums\">FIDI<\/a> Akredit\u0113ti starptautiskie p\u0101rv\u0101c\u0113ji (FAIM), kas var\u0113tu jums pal\u012bdz\u0113t p\u0101rcelties.<\/p>\n<div id=\"ez-toc-container\" class=\"ez-toc-v2_0_83 ez-toc-wrap-left counter-hierarchy ez-toc-counter ez-toc-transparent ez-toc-container-direction\">\n<div class=\"ez-toc-title-container\">\n<p class=\"ez-toc-title\" style=\"cursor:inherit\">Sada\u013cas<\/p>\n<span class=\"ez-toc-title-toggle\"><a href=\"#\" class=\"ez-toc-pull-right ez-toc-btn ez-toc-btn-xs ez-toc-btn-default ez-toc-toggle\" aria-label=\"P\u0101rsl\u0113gt satura tabulu\"><span class=\"ez-toc-js-icon-con\"><span class=\"\"><span class=\"eztoc-hide\" style=\"display:none;\">P\u0101rsl\u0113gt<\/span><span class=\"ez-toc-icon-toggle-span\"><svg style=\"fill: #999;color:#999\" xmlns=\"http:\/\/www.w3.org\/2000\/svg\" class=\"list-377408\" width=\"20px\" height=\"20px\" viewbox=\"0 0 24 24\" fill=\"none\"><path d=\"M6 6H4v2h2V6zm14 0H8v2h12V6zM4 11h2v2H4v-2zm16 0H8v2h12v-2zM4 16h2v2H4v-2zm16 0H8v2h12v-2z\" fill=\"currentColor\"><\/path><\/svg><svg style=\"fill: #999;color:#999\" class=\"arrow-unsorted-368013\" xmlns=\"http:\/\/www.w3.org\/2000\/svg\" width=\"10px\" height=\"10px\" viewbox=\"0 0 24 24\" version=\"1.2\" baseprofile=\"tiny\"><path d=\"M18.2 9.3l-6.2-6.3-6.2 6.3c-.2.2-.3.4-.3.7s.1.5.3.7c.2.2.4.3.7.3h11c.3 0 .5-.1.7-.3.2-.2.3-.5.3-.7s-.1-.5-.3-.7zM5.8 14.7l6.2 6.3 6.2-6.3c.2-.2.3-.5.3-.7s-.1-.5-.3-.7c-.2-.2-.4-.3-.7-.3h-11c-.3 0-.5.1-.7.3-.2.2-.3.5-.3.7s.1.5.3.7z\"\/><\/svg><\/span><\/span><\/span><\/a><\/span><\/div>\n<nav><ul class='ez-toc-list ez-toc-list-level-1 eztoc-toggle-hide-by-default' ><li class='ez-toc-page-1 ez-toc-heading-level-2'><a class=\"ez-toc-link ez-toc-heading-1\" href=\"https:\/\/moverdb.com\/lv\/moving-companies\/moving-companies-malta\/#1_Cube_Relocations\" >1. Kubu p\u0101rvieto\u0161ana<\/a><\/li><li class='ez-toc-page-1 ez-toc-heading-level-2'><a class=\"ez-toc-link ez-toc-heading-2\" href=\"https:\/\/moverdb.com\/lv\/moving-companies\/moving-companies-malta\/#2_DOM_Transport\" >2. DOM transports<\/a><\/li><li class='ez-toc-page-1 ez-toc-heading-level-2'><a class=\"ez-toc-link ez-toc-heading-3\" href=\"https:\/\/moverdb.com\/lv\/moving-companies\/moving-companies-malta\/#3_Express_Trailers\" >3. Ekspress piekabes<\/a><\/li><li class='ez-toc-page-1 ez-toc-heading-level-2'><a class=\"ez-toc-link ez-toc-heading-4\" href=\"https:\/\/moverdb.com\/lv\/moving-companies\/moving-companies-malta\/#4_Transpak\" >4. Transpak<\/a><\/li><li class='ez-toc-page-1 ez-toc-heading-level-2'><a class=\"ez-toc-link ez-toc-heading-5\" href=\"https:\/\/moverdb.com\/lv\/moving-companies\/moving-companies-malta\/#Other_Useful_Guides_to_Malta\" >Citi noder\u012bgi ce\u013cve\u017ei uz Maltu<\/a><\/li><\/ul><\/nav><\/div>\n<h2><span class=\"ez-toc-section\" id=\"1_Cube_Relocations\"><\/span><strong>1. Kubu p\u0101rvieto\u0161ana<\/strong><span class=\"ez-toc-section-end\"><\/span><\/h2>\n<p><img loading=\"lazy\" decoding=\"async\" class=\"alignnone size-full wp-image-8301\" src=\"https:\/\/moverdb.com\/wp-content\/uploads\/Cube-Relocations-international-moving-company.png\" alt=\"Cube Relocations starptautiskais p\u0101rcel\u0161an\u0101s uz\u0146\u0113mums\" width=\"1440\" height=\"680\" data-wp-pid=\"8301\" srcset=\"https:\/\/moverdb.com\/wp-content\/uploads\/Cube-Relocations-international-moving-company.png 1440w, https:\/\/moverdb.com\/wp-content\/uploads\/Cube-Relocations-international-moving-company-300x142.png 300w, https:\/\/moverdb.com\/wp-content\/uploads\/Cube-Relocations-international-moving-company-1024x484.png 1024w, https:\/\/moverdb.com\/wp-content\/uploads\/Cube-Relocations-international-moving-company-18x9.png 18w, https:\/\/moverdb.com\/wp-content\/uploads\/Cube-Relocations-international-moving-company-600x283.png 600w\" sizes=\"auto, (max-width: 1440px) 100vw, 1440px\" \/><\/p>\n<ul>\n<li>Valsts p\u0101rcel\u0161an\u0101s<\/li>\n<li>Starptautiskie p\u0101rvadi<\/li>\n<li>P\u0101rv\u0101k\u0161an\u0101s uz dz\u012bvojam\u0101m telp\u0101m<\/li>\n<li>Uz\u0146\u0113mumu p\u0101rvieto\u0161an\u0101s<\/li>\n<li>Individu\u0101li piel\u0101gots pakalpojums no durv\u012bm l\u012bdz durv\u012bm<\/li>\n<li>Iepako\u0161anas pakalpojums<\/li>\n<li>Autotransporta, gaisa un j\u016bras p\u0101rvad\u0101jumi<\/li>\n<li>Transportl\u012bdzek\u013cu transport\u0113\u0161ana<\/li>\n<li>Apdro\u0161in\u0101\u0161ana<\/li>\n<li>Uzglab\u0101\u0161ana<\/li>\n<\/ul>\n<p>Cube Relocations ir starptautisks p\u0101rcel\u0161an\u0101s uz\u0146\u0113mums, kas dibin\u0101ts 2007. gad\u0101 un atrodas Ghaxaq. Uz\u0146\u0113mums pied\u0101v\u0101 nacion\u0101los un starptautiskos p\u0101rv\u0101k\u0161an\u0101s pakalpojumus gan priv\u0101tperson\u0101m, gan uz\u0146\u0113mumiem, kurus atbalsta starptautisk\u0101s asoci\u0101cijas. Uz\u0146\u0113mums ir IAM biedrs ar 15 gadu darba st\u0101\u017eu.<\/p>\n<p>Cube Relocations pied\u0101v\u0101 j\u016bsu vajadz\u012bb\u0101m piel\u0101gotus p\u0101rcel\u0161an\u0101s pakalpojumus, kas atbilst j\u016bsu vajadz\u012bb\u0101m, un var sniegt pakalpojumus no durv\u012bm l\u012bdz durv\u012bm. Vi\u0146i sniedz iepako\u0161anas pakalpojumus ar piln\u012bb\u0101 apm\u0101c\u012btu apkalpi, kas izmanto augst\u0101k\u0101s kvalit\u0101tes materi\u0101lus un kastes. Vi\u0146i organiz\u0113 j\u016bras, autotransporta vai gaisa kravu p\u0101rvad\u0101jumus ar muitas formalit\u0101t\u0113m. Ierodoties galam\u0113r\u0137\u012b, vi\u0146i izpakos, uzst\u0101d\u012bs m\u0113beles un aizv\u0101ks gru\u017eus.<\/p>\n<p>T\u012bmek\u013ca vietne: <a href=\"http:\/\/www.cuberelocations.com\" target=\"_blank\" rel=\"noopener\">http:\/\/www.cuberelocations.com<\/a><\/p>\n<h2><span class=\"ez-toc-section\" id=\"2_DOM_Transport\"><\/span><strong>2. DOM transports<\/strong><span class=\"ez-toc-section-end\"><\/span><\/h2>\n<p><img loading=\"lazy\" decoding=\"async\" class=\"alignnone size-full wp-image-8305\" src=\"https:\/\/moverdb.com\/wp-content\/uploads\/DOM-Transport-international-moving-company.png\" alt=\"DOM Transport starptautiskais p\u0101rvieto\u0161an\u0101s uz\u0146\u0113mums\" width=\"1440\" height=\"680\" data-wp-pid=\"8305\" srcset=\"https:\/\/moverdb.com\/wp-content\/uploads\/DOM-Transport-international-moving-company.png 1440w, https:\/\/moverdb.com\/wp-content\/uploads\/DOM-Transport-international-moving-company-300x142.png 300w, https:\/\/moverdb.com\/wp-content\/uploads\/DOM-Transport-international-moving-company-1024x484.png 1024w, https:\/\/moverdb.com\/wp-content\/uploads\/DOM-Transport-international-moving-company-18x9.png 18w, https:\/\/moverdb.com\/wp-content\/uploads\/DOM-Transport-international-moving-company-600x283.png 600w\" sizes=\"auto, (max-width: 1440px) 100vw, 1440px\" \/><\/p>\n<ul>\n<li>Viet\u0113jie un viet\u0113jie p\u0101rvadi<\/li>\n<li>Starptautiskie p\u0101rvadi<\/li>\n<li>M\u0101jsaimniec\u012bbas p\u0101rv\u0101k\u0161an\u0101s<\/li>\n<li>Biroju un uz\u0146\u0113mumu p\u0101rvieto\u0161ana<\/li>\n<li>Pakalpojums \"no durv\u012bm l\u012bdz durv\u012bm<\/li>\n<li>Iepako\u0161anas pakalpojums<\/li>\n<li>Autotransporta, j\u016bras un gaisa kravu p\u0101rvad\u0101jumi<\/li>\n<li>Muitas atbalsts<\/li>\n<li>Apdro\u0161in\u0101\u0161ana<\/li>\n<li>Uzglab\u0101\u0161anas iek\u0101rtas<\/li>\n<\/ul>\n<p>DOM Transport ir p\u0101rcel\u0161an\u0101s uz\u0146\u0113mums, kas dibin\u0101ts pag\u0101ju\u0161\u0101 gadsimta 30. gadu s\u0101kum\u0101 Kormi, un tas pied\u0101v\u0101 valsts un starptautiskus p\u0101rcel\u0161an\u0101s pakalpojumus. Uz\u0146\u0113mumam ir uzticams \u0101rvalstu partneru t\u012bkls vis\u0101 pasaul\u0113, kas pal\u012bdz veikt starptautiskos p\u0101rv\u0101k\u0161an\u0101s darbus. Uz\u0146\u0113mums ir IAM biedrs ar 91 gadu darba st\u0101\u017eu.<\/p>\n<p>DOM Transport pied\u0101v\u0101 apsekot\u0101ja viz\u012bti, lai nov\u0113rt\u0113tu j\u016bsu p\u0101rcel\u0161an\u0101s vajadz\u012bbas un sagatavotu pied\u0101v\u0101jumu. Vi\u0146i pied\u0101v\u0101 pakalpojumus no durv\u012bm l\u012bdz durv\u012bm, kas ietver apdro\u0161in\u0101\u0161anu un visus pakalpojumus. Vi\u0146i sniedz iepako\u0161anas pakalpojumus ar pieredz\u0113ju\u0161u apkalpi, kas dro\u0161i iesai\u0146os j\u016bsu mantas un sast\u0101d\u012bs iepako\u0161anas sarakstu. Vi\u0146i izmanto uzticamus p\u0101rvad\u0101jumu a\u0123entus, kas pied\u0101v\u0101 pilnas vai da\u013c\u0113jas kravas un grup\u0113\u0161anas iesp\u0113jas.<\/p>\n<p>T\u012bmek\u013ca vietne: <a href=\"http:\/\/www.domtransportmalta.com\" target=\"_blank\" rel=\"noopener\">http:\/\/www.domtransportmalta.com<\/a><\/p>\n<h2><span class=\"ez-toc-section\" id=\"3_Express_Trailers\"><\/span><strong>3. Ekspress piekabes<\/strong><span class=\"ez-toc-section-end\"><\/span><\/h2>\n<p><img loading=\"lazy\" decoding=\"async\" class=\"alignnone size-full wp-image-8312\" src=\"https:\/\/moverdb.com\/wp-content\/uploads\/Express-Trailers-international-moving-company.png\" alt=\"Express Treileri starptautisks p\u0101rvietojas uz\u0146\u0113mums\" width=\"1440\" height=\"680\" data-wp-pid=\"8312\" srcset=\"https:\/\/moverdb.com\/wp-content\/uploads\/Express-Trailers-international-moving-company.png 1440w, https:\/\/moverdb.com\/wp-content\/uploads\/Express-Trailers-international-moving-company-300x142.png 300w, https:\/\/moverdb.com\/wp-content\/uploads\/Express-Trailers-international-moving-company-1024x484.png 1024w, https:\/\/moverdb.com\/wp-content\/uploads\/Express-Trailers-international-moving-company-18x9.png 18w, https:\/\/moverdb.com\/wp-content\/uploads\/Express-Trailers-international-moving-company-600x283.png 600w\" sizes=\"auto, (max-width: 1440px) 100vw, 1440px\" \/><\/p>\n<ul>\n<li>Valsts transports<\/li>\n<li>Starptautiskie p\u0101rvad\u0101jumi<\/li>\n<li>Biznesa pakalpojumi<\/li>\n<li>Person\u012bgo mantu nos\u016bt\u012b\u0161ana<\/li>\n<li>Kravas automobi\u013cu parks ar transportl\u012bdzek\u013cu izseko\u0161anu<\/li>\n<li>Pakalpojums \"no durv\u012bm l\u012bdz durv\u012bm<\/li>\n<li>Autotransports, j\u016bras un gaisa transports<\/li>\n<li>Muito\u0161ana<\/li>\n<li>Autotransports<\/li>\n<li>Dro\u0161a uzglab\u0101\u0161ana<\/li>\n<\/ul>\n<p>Express Trailers ir transporta un lo\u0123istikas uz\u0146\u0113mums, kas atrodas Luk\u0101. Uz\u0146\u0113mums pied\u0101v\u0101 izplat\u012b\u0161anu un transport\u0113\u0161anu <a href=\"https:\/\/moverdb.com\/lv\/moving-to-malta\/\" data-internallinksmanager029f6b8e52c=\"433\" title=\"P\u0101rcel\u0161an\u0101s uz Maltu? 2023 Dz\u012bves izmaksas un p\u0101rcel\u0161an\u0101s padomi\">Malta<\/a> un ku\u0123niec\u012bbas pakalpojumi starptautisk\u0101 m\u0113rog\u0101. Tiem ir starptautiskas alianses ar \u0101rvalstu izplat\u012b\u0161anas t\u012bkliem, lai sniegtu savus pakalpojumus vis\u0101 pasaul\u0113. Uz\u0146\u0113mums ir IAM biedrs ar 45 gadu darba st\u0101\u017eu.<\/p>\n<p>Express Trailers pied\u0101v\u0101 \"no durv\u012bm l\u012bdz durv\u012bm\" pakalpojumus, p\u0101rvad\u0101jot preces Malt\u0101, uz Maltu un no t\u0101s, tostarp muito\u0161anu un NSO deklar\u0101cijas importam un eksportam. Vi\u0146i pied\u0101v\u0101 pilnu un da\u013c\u0113ju kravu, k\u0101 ar\u012b grupveida kravu p\u0101rvad\u0101jumus ar autotransportu. J\u016bras kravu p\u0101rvad\u0101jumu iesp\u0113jas ietver maz\u0101k nek\u0101 konteinera kravas un pilna konteinera kravas iesp\u0113jas. Tie pied\u0101v\u0101 tie\u0161os gaisa kravu p\u0101rvad\u0101jumus.<\/p>\n<p>T\u012bmek\u013ca vietne: <a href=\"http:\/\/www.expressgroup.com\" target=\"_blank\" rel=\"noopener\">http:\/\/www.expressgroup.com<\/a><\/p>\n<h2><span class=\"ez-toc-section\" id=\"4_Transpak\"><\/span><strong>4. Transpak<\/strong><span class=\"ez-toc-section-end\"><\/span><\/h2>\n<p><img loading=\"lazy\" decoding=\"async\" class=\"alignnone size-full wp-image-8377\" src=\"https:\/\/moverdb.com\/wp-content\/uploads\/Transpak-international-moving-company.png\" alt=\"Transpak starptautisk\u0101 p\u0101rcel\u0161an\u0101s uz\u0146\u0113mums\" width=\"1440\" height=\"673\" data-wp-pid=\"8377\" srcset=\"https:\/\/moverdb.com\/wp-content\/uploads\/Transpak-international-moving-company.png 1440w, https:\/\/moverdb.com\/wp-content\/uploads\/Transpak-international-moving-company-300x140.png 300w, https:\/\/moverdb.com\/wp-content\/uploads\/Transpak-international-moving-company-1024x479.png 1024w, https:\/\/moverdb.com\/wp-content\/uploads\/Transpak-international-moving-company-18x8.png 18w, https:\/\/moverdb.com\/wp-content\/uploads\/Transpak-international-moving-company-600x280.png 600w\" sizes=\"auto, (max-width: 1440px) 100vw, 1440px\" \/><\/p>\n<ul>\n<li>Valsts p\u0101rcel\u0161an\u0101s<\/li>\n<li>Starptautiskie p\u0101rvadi<\/li>\n<li>M\u0101jsaimniec\u012bbas p\u0101rv\u0101k\u0161an\u0101s<\/li>\n<li>Uz\u0146\u0113m\u0113jdarb\u012bbas virzieni<\/li>\n<li>Iepako\u0161anas pakalpojumi<\/li>\n<li>Augstas kvalit\u0101tes iepakojums<\/li>\n<li>Transport\u0113\u0161anas organiz\u0113\u0161ana<\/li>\n<li>M\u0101kslas darbu apstr\u0101de<\/li>\n<li>Transportl\u012bdzek\u013cu transport\u0113\u0161ana<\/li>\n<li>Apdro\u0161in\u0101\u0161ana<\/li>\n<\/ul>\n<p>Transpak ir 1976. gad\u0101 dibin\u0101ts p\u0101rcel\u0161an\u0101s uz\u0146\u0113mums, kas pied\u0101v\u0101 starptautiskus iepako\u0161anas un p\u0101rvad\u0101jumu risin\u0101jumus. Uz\u0146\u0113mumam ir a\u0123entu t\u012bkls vis\u0101 pasaul\u0113, kas pal\u012bdz apkalpot klientus, kuri p\u0101rce\u013cas uz Maltu vai no t\u0101s. Uz\u0146\u0113mums ir IAM biedrs ar 47 gadu darba st\u0101\u017eu.<\/p>\n<p>Transpak pied\u0101v\u0101 progres\u012bvus produktus un tehnolo\u0123ijas, kas nodro\u0161ina dro\u0161u j\u016bsu priek\u0161metu transport\u0113\u0161anu. Tie var izgatavot augstas kvalit\u0101tes iepakojuma materi\u0101lus, tostarp iepakojuma kartona k\u0101rbas un koka kastes, k\u0101 ar\u012b aizsargmateri\u0101lus. Vi\u0146i var p\u0101rvietot da\u017e\u0101da veida preces, tostarp m\u0101jsaimniec\u012bbas priek\u0161metus, senlietas, m\u0101kslas darbus un transportl\u012bdzek\u013cus.<\/p>\n<p>T\u012bmek\u013ca vietne: <a href=\"http:\/\/www.transpakmalta.com\" target=\"_blank\" rel=\"noopener\">http:\/\/www.transpakmalta.com<\/a><\/p>\n<h2><span class=\"ez-toc-section\" id=\"Other_Useful_Guides_to_Malta\"><\/span>Citi noder\u012bgi ce\u013cve\u017ei uz Maltu <span class=\"ez-toc-section-end\"><\/span><\/h2>\n<ul>\n<li> <a href=\"https:\/\/moverdb.com\/lv\/konteineru-parvadajumi\/malta\/\">2024 J\u016bras konteineru p\u0101rvad\u0101jumu cenas uz Maltu un no t\u0101s<\/a><\/li>\n<li> <a href=\"https:\/\/moverdb.com\/lv\/moving-to-malta\/\">P\u0101rcel\u0161an\u0101s uz Maltu? 2023 Dz\u012bves izmaksas un p\u0101rcel\u0161an\u0101s padomi<\/a><\/li>\n<li> <a href=\"https:\/\/moverdb.com\/lv\/moving-to-malta\/living-in-malta\/\">21 nosl\u0113pums par dz\u012bvi Malt\u0101, kas j\u0101zina pirms p\u0101rcel\u0161an\u0101s<\/a><\/li>\n<\/ul>","protected":false},"excerpt":{"rendered":"<p>When you are planning a move does it fill you with dread thinking about the number of tasks you will need to do and the packing? You can make your life easier by employing a moving company to organise your transport, paperwork and pack your belongings. Below we have compiled a list of Maltese removal [&hellip;]<\/p>\n","protected":false},"author":4,"featured_media":0,"parent":190,"menu_order":0,"comment_status":"closed","ping_status":"closed","template":"","meta":{"_genesis_hide_title":false,"_genesis_hide_breadcrumbs":false,"_genesis_hide_singular_image":false,"_genesis_hide_footer_widgets":false,"_genesis_custom_body_class":"","_genesis_custom_post_class":"","_genesis_layout":"","footnotes":""},"class_list":{"0":"post-8424","1":"page","2":"type-page","3":"status-publish","5":"entry","6":"has-post-thumbnail"},"_links":{"self":[{"href":"https:\/\/moverdb.com\/lv\/wp-json\/wp\/v2\/pages\/8424","targetHints":{"allow":["GET"]}}],"collection":[{"href":"https:\/\/moverdb.com\/lv\/wp-json\/wp\/v2\/pages"}],"about":[{"href":"https:\/\/moverdb.com\/lv\/wp-json\/wp\/v2\/types\/page"}],"author":[{"embeddable":true,"href":"https:\/\/moverdb.com\/lv\/wp-json\/wp\/v2\/users\/4"}],"replies":[{"embeddable":true,"href":"https:\/\/moverdb.com\/lv\/wp-json\/wp\/v2\/comments?post=8424"}],"version-history":[{"count":3,"href":"https:\/\/moverdb.com\/lv\/wp-json\/wp\/v2\/pages\/8424\/revisions"}],"predecessor-version":[{"id":18368,"href":"https:\/\/moverdb.com\/lv\/wp-json\/wp\/v2\/pages\/8424\/revisions\/18368"}],"up":[{"embeddable":true,"href":"https:\/\/moverdb.com\/lv\/wp-json\/wp\/v2\/pages\/190"}],"wp:attachment":[{"href":"https:\/\/moverdb.com\/lv\/wp-json\/wp\/v2\/media?parent=8424"}],"curies":[{"name":"wp","href":"https:\/\/api.w.org\/{rel}","templated":true}]}}