{"id":8412,"date":"2023-04-27T14:49:22","date_gmt":"2023-04-27T14:49:22","guid":{"rendered":"https:\/\/moverdb.com\/?page_id=8412"},"modified":"2026-01-08T15:23:48","modified_gmt":"2026-01-08T15:23:48","slug":"moving-companies-macedonia","status":"publish","type":"page","link":"https:\/\/moverdb.com\/lv\/moving-companies\/moving-companies-macedonia\/","title":{"rendered":"2 Lab\u0101kie starptautisk\u0101s p\u0101rcel\u0161an\u0101s uz\u0146\u0113mumi Ma\u0137edonij\u0101"},"content":{"rendered":"<p>P\u0101rcel\u0161an\u0101s var b\u016bt drud\u017eains laiks, kad j\u0101veic daudz uzdevumu un j\u0101nok\u0101rto daudz dokumentu, \u012bpa\u0161i, ja p\u0101rce\u013caties uz \u0101rzem\u0113m. \u0160aj\u0101 situ\u0101cij\u0101 <a href=\"https:\/\/moverdb.com\/lv\/moving-companies\/\" data-internallinksmanager029f6b8e52c=\"79\" title=\"Top 25 Starptautiskie p\u0101rcel\u0161an\u0101s uz\u0146\u0113mumi tie\u0161saist\u0113\">P\u0101rvieto\u0161an\u0101s uz\u0146\u0113mums<\/a> var pal\u012bdz\u0113t atvieglot j\u016bsu slogu un p\u0101rvald\u012bt p\u0101rcel\u0161anos. Zem\u0101k m\u0113s esam apkopoju\u0161i sarakstu ar Ma\u0137edonij\u0101 b\u0101z\u0113tiem <a href=\"https:\/\/moverdb.com\/lv\/international-removals\/\" data-internallinksmanager029f6b8e52c=\"27\" title=\"36 Lab\u0101kie starptautisko p\u0101rvad\u0101jumu uz\u0146\u0113mumi Apvienotaj\u0101 Karalist\u0113\">p\u0101rv\u0101k\u0161an\u0101s uz\u0146\u0113mumi<\/a> kas ir <a href=\"https:\/\/moverdb.com\/lv\/iam\/\" data-internallinksmanager029f6b8e52c=\"23\" title=\"Starptautisk\u0101s P\u0101rv\u0101c\u0113ju asoci\u0101cijas (IAM) skaidrojumi\">Starptautisk\u0101 P\u0101rv\u0101c\u0113ju asoci\u0101cija<\/a> (IAM) un\/vai <a href=\"https:\/\/moverdb.com\/lv\/fidi-faim\/\" data-internallinksmanager029f6b8e52c=\"16\" title=\"FIDI un FAIM (FIDI akredit\u0113tais starptautiskais p\u0101rvietot\u0101js) skaidrojums\">FIDI<\/a> Akredit\u0113ti starptautiskie p\u0101rv\u0101c\u0113ji (FAIM), kas var\u0113tu jums pal\u012bdz\u0113t p\u0101rcelties.<\/p>\n<h2><strong>1. Orbit Ltd International<\/strong><\/h2>\n<p><img loading=\"lazy\" decoding=\"async\" class=\"alignnone size-full wp-image-8352\" src=\"https:\/\/moverdb.com\/wp-content\/uploads\/Orbit-Macedonia-international-moving-company.png\" alt=\"Orbit Ma\u0137edonija starptautisk\u0101 p\u0101rvietojas uz\u0146\u0113mums\" width=\"1440\" height=\"681\" data-wp-pid=\"8352\" srcset=\"https:\/\/moverdb.com\/wp-content\/uploads\/Orbit-Macedonia-international-moving-company.png 1440w, https:\/\/moverdb.com\/wp-content\/uploads\/Orbit-Macedonia-international-moving-company-300x142.png 300w, https:\/\/moverdb.com\/wp-content\/uploads\/Orbit-Macedonia-international-moving-company-1024x484.png 1024w, https:\/\/moverdb.com\/wp-content\/uploads\/Orbit-Macedonia-international-moving-company-18x9.png 18w, https:\/\/moverdb.com\/wp-content\/uploads\/Orbit-Macedonia-international-moving-company-600x284.png 600w\" sizes=\"auto, (max-width: 1440px) 100vw, 1440px\" \/><\/p>\n<ul>\n<li>Valsts p\u0101rcel\u0161an\u0101s<\/li>\n<li>Starptautiskie p\u0101rvadi<\/li>\n<li>M\u0101jsaimniec\u012bbas p\u0101rv\u0101k\u0161an\u0101s<\/li>\n<li>Izst\u0101des un gadatirgi<\/li>\n<li>Pakalpojums \"no durv\u012bm l\u012bdz durv\u012bm<\/li>\n<li>Autotransporta, j\u016bras un gaisa kravu p\u0101rvad\u0101jumi<\/li>\n<li>Izv\u0113le <a href=\"https:\/\/moverdb.com\/lv\/shipping-container-sizes-and-dimensions\/\" data-internallinksmanager029f6b8e52c=\"247\" title=\"Gal\u012bgais ce\u013cvedis par Shipping Container izm\u0113riem un izm\u0113riem\">konteineru izm\u0113ri<\/a><\/li>\n<li>Muito\u0161ana<\/li>\n<li>Apdro\u0161in\u0101\u0161ana<\/li>\n<li>Uzglab\u0101\u0161anas iek\u0101rtas<\/li>\n<\/ul>\n<p>Orbit Ltd International ir kravas eksped\u012bcijas un p\u0101rvad\u0101jumu uz\u0146\u0113mums, kas dibin\u0101ts 2000. gad\u0101 Skopj\u0113, Ma\u0137edonij\u0101, un ir da\u013ca no Orphee Beinoglou grupas. Orbit specializ\u0113jas Zieme\u013cma\u0137edonij\u0101 un Kosov\u0101, bet Orphee Beinoglou - Ma\u0137edonij\u0101 un Kosov\u0101. <a href=\"https:\/\/moverdb.com\/lv\/moving-to-greece\/\" data-internallinksmanager029f6b8e52c=\"353\" title=\"P\u0101rcel\u0161an\u0101s uz Grie\u0137iju? 2023 Dz\u012bves izmaksas un p\u0101rcel\u0161an\u0101s padomi\">Grie\u0137ija<\/a> un Austrumeirop\u0101. Vi\u0146i ir IAM biedri ar 23 gadu darba st\u0101\u017eu.<\/p>\n<p>Orbit Ltd International pied\u0101v\u0101 j\u016bras kravu p\u0101rvad\u0101jumu pakalpojumus, kas ietver da\u017e\u0101das iesp\u0113jas, piem\u0113ram, grup\u0113\u0161anu, pilnos konteinerus un beramkravas. Tie pied\u0101v\u0101 gaisa kravu p\u0101rvad\u0101jumus, izv\u0113loties premium, atliktos, konsolid\u0113tos un \u010dartera pakalpojumus. Kravu p\u0101rvad\u0101jumi ar kravas automa\u0161\u012bn\u0101m pied\u0101v\u0101 pilnas vai da\u013c\u0113jas kravas. To pakalpojumi ietver s\u016bt\u012bjumu izseko\u0161anu, muitas formalit\u0101tes un apdro\u0161in\u0101\u0161anu.<\/p>\n<p>T\u012bmek\u013ca vietne: <a href=\"http:\/\/www.orbit.mk\" target=\"_blank\" rel=\"noopener\">http:\/\/www.orbit.mk<\/a><\/p>\n<h2><strong>2. DoraP\u0101rvieto\u0161an\u0101s<\/strong><\/h2>\n<p><img loading=\"lazy\" decoding=\"async\" class=\"alignnone size-full wp-image-8307\" src=\"https:\/\/moverdb.com\/wp-content\/uploads\/DoraMoving-international-moving-company.png\" alt=\"DoraMoving starptautiskais p\u0101rvieto\u0161an\u0101s uz\u0146\u0113mums\" width=\"1440\" height=\"682\" data-wp-pid=\"8307\" srcset=\"https:\/\/moverdb.com\/wp-content\/uploads\/DoraMoving-international-moving-company.png 1440w, https:\/\/moverdb.com\/wp-content\/uploads\/DoraMoving-international-moving-company-300x142.png 300w, https:\/\/moverdb.com\/wp-content\/uploads\/DoraMoving-international-moving-company-1024x485.png 1024w, https:\/\/moverdb.com\/wp-content\/uploads\/DoraMoving-international-moving-company-18x9.png 18w, https:\/\/moverdb.com\/wp-content\/uploads\/DoraMoving-international-moving-company-600x284.png 600w\" sizes=\"auto, (max-width: 1440px) 100vw, 1440px\" \/><\/p>\n<ul>\n<li>Viet\u0113jie p\u0101rvadi<\/li>\n<li>Starptautiskie p\u0101rvadi<\/li>\n<li>P\u0101rv\u0101k\u0161an\u0101s uz dz\u012bvojam\u0101m telp\u0101m<\/li>\n<li>Uz\u0146\u0113muma p\u0101rcel\u0161an\u0101s<\/li>\n<li>Individualiz\u0113ti pakalpojumi<\/li>\n<li>Individu\u0101ls cit\u0101ts<\/li>\n<li>Pilns vai da\u013c\u0113js pakalpojums<\/li>\n<li>Iepako\u0161anas pakalpojums<\/li>\n<li>Transport\u0113\u0161anas organiz\u0113\u0161ana<\/li>\n<li>Dro\u0161a uzglab\u0101\u0161ana<\/li>\n<\/ul>\n<p>DoraMoving ir p\u0101rcel\u0161an\u0101s uz\u0146\u0113mums, kas dibin\u0101ts 2019. gad\u0101 Skopj\u0113, Ma\u0137edonij\u0101, un pied\u0101v\u0101 viet\u0113jos un starptautiskos p\u0101rcel\u0161an\u0101s pakalpojumus gan priv\u0101tperson\u0101m, gan uz\u0146\u0113mumiem. Uz\u0146\u0113mums ir IAM biedrs ar \u010detru gadu darb\u012bbas pieredzi, kas nodro\u0161ina piek\u013cuvi starptautiskam p\u0101rcel\u0161an\u0101s a\u0123entu t\u012bklam, kas sniedz atbalstu.<\/p>\n<p>DoraMoving pied\u0101v\u0101 individualiz\u0113tus p\u0101rcel\u0161an\u0101s pakalpojumus, un vi\u0146i sniegs jums pied\u0101v\u0101jumu par j\u016bsu p\u0101rcel\u0161anos, pamatojoties uz j\u016bsu vajadz\u012bb\u0101m un apjomu. Vi\u0146i pied\u0101v\u0101 iesp\u0113ju izv\u0113l\u0113ties iepako\u0161anas pakalpojumu vai pa\u0161iem iepako\u0161anu ar sniegtajiem materi\u0101liem. Vi\u0146u sniegtais iepako\u0161anas pakalpojums ietver iepako\u0161anu un izpako\u0161anu, k\u0101 ar\u012b m\u0113be\u013cu demont\u0101\u017eu un mont\u0101\u017eu.<\/p>\n<p>T\u012bmek\u013ca vietne: <a href=\"https:\/\/doramoving.com\/en\/international-moving\/\" target=\"_blank\" rel=\"noopener\">https:\/\/doramoving.com\/en\/international-moving\/<\/a><\/p>","protected":false},"excerpt":{"rendered":"<p>Moving can be a hectic time with a lot of tasks to do and paperwork to complete, especially if you are moving abroad. This is where a moving company can assist in lightening your load and managing the move for you. Below we have compiled a list of Macedonia based removal companies that are members [&hellip;]<\/p>\n","protected":false},"author":4,"featured_media":0,"parent":190,"menu_order":0,"comment_status":"closed","ping_status":"closed","template":"","meta":{"_genesis_hide_title":false,"_genesis_hide_breadcrumbs":false,"_genesis_hide_singular_image":false,"_genesis_hide_footer_widgets":false,"_genesis_custom_body_class":"","_genesis_custom_post_class":"","_genesis_layout":"","footnotes":""},"class_list":{"0":"post-8412","1":"page","2":"type-page","3":"status-publish","5":"entry","6":"has-post-thumbnail"},"_links":{"self":[{"href":"https:\/\/moverdb.com\/lv\/wp-json\/wp\/v2\/pages\/8412","targetHints":{"allow":["GET"]}}],"collection":[{"href":"https:\/\/moverdb.com\/lv\/wp-json\/wp\/v2\/pages"}],"about":[{"href":"https:\/\/moverdb.com\/lv\/wp-json\/wp\/v2\/types\/page"}],"author":[{"embeddable":true,"href":"https:\/\/moverdb.com\/lv\/wp-json\/wp\/v2\/users\/4"}],"replies":[{"embeddable":true,"href":"https:\/\/moverdb.com\/lv\/wp-json\/wp\/v2\/comments?post=8412"}],"version-history":[{"count":1,"href":"https:\/\/moverdb.com\/lv\/wp-json\/wp\/v2\/pages\/8412\/revisions"}],"predecessor-version":[{"id":8413,"href":"https:\/\/moverdb.com\/lv\/wp-json\/wp\/v2\/pages\/8412\/revisions\/8413"}],"up":[{"embeddable":true,"href":"https:\/\/moverdb.com\/lv\/wp-json\/wp\/v2\/pages\/190"}],"wp:attachment":[{"href":"https:\/\/moverdb.com\/lv\/wp-json\/wp\/v2\/media?parent=8412"}],"curies":[{"name":"wp","href":"https:\/\/api.w.org\/{rel}","templated":true}]}}