{"id":8404,"date":"2023-04-27T14:48:01","date_gmt":"2023-04-27T14:48:01","guid":{"rendered":"https:\/\/moverdb.com\/?page_id=8404"},"modified":"2026-01-08T15:23:47","modified_gmt":"2026-01-08T15:23:47","slug":"moving-companies-lesotho","status":"publish","type":"page","link":"https:\/\/moverdb.com\/lv\/moving-companies\/moving-companies-lesotho\/","title":{"rendered":"2 Lab\u0101kie starptautisk\u0101s p\u0101rcel\u0161an\u0101s uz\u0146\u0113mumi Lesoto"},"content":{"rendered":"<p>P\u0101rv\u0101k\u0161an\u0101s var b\u016bt stresa pilns laiks neatkar\u012bgi no t\u0101, vai p\u0101rce\u013cat savu m\u0101jokli vai uz\u0146\u0113mumu, un stresa l\u012bmenis pieaug, ja p\u0101rce\u013caties uz cit\u0101m valst\u012bm. T\u0101p\u0113c tik daudzi cilv\u0113ki izmanto <a href=\"https:\/\/moverdb.com\/lv\/moving-companies\/\" data-internallinksmanager029f6b8e52c=\"79\" title=\"Top 25 Starptautiskie p\u0101rcel\u0161an\u0101s uz\u0146\u0113mumi tie\u0161saist\u0113\">P\u0101rvieto\u0161an\u0101s uz\u0146\u0113mums<\/a>. Zem\u0101k m\u0113s esam apkopoju\u0161i sarakstu ar Lesoto. <a href=\"https:\/\/moverdb.com\/lv\/international-removals\/\" data-internallinksmanager029f6b8e52c=\"27\" title=\"36 Lab\u0101kie starptautisko p\u0101rvad\u0101jumu uz\u0146\u0113mumi Apvienotaj\u0101 Karalist\u0113\">p\u0101rv\u0101k\u0161an\u0101s uz\u0146\u0113mumi<\/a> kas ir <a href=\"https:\/\/moverdb.com\/lv\/iam\/\" data-internallinksmanager029f6b8e52c=\"23\" title=\"Starptautisk\u0101s P\u0101rv\u0101c\u0113ju asoci\u0101cijas (IAM) skaidrojumi\">Starptautisk\u0101 P\u0101rv\u0101c\u0113ju asoci\u0101cija<\/a> (IAM) un\/vai <a href=\"https:\/\/moverdb.com\/lv\/fidi-faim\/\" data-internallinksmanager029f6b8e52c=\"16\" title=\"FIDI un FAIM (FIDI akredit\u0113tais starptautiskais p\u0101rvietot\u0101js) skaidrojums\">FIDI<\/a> Akredit\u0113ti starptautiskie p\u0101rv\u0101c\u0113ji (FAIM), kas var\u0113tu jums pal\u012bdz\u0113t p\u0101rcelties.<\/p>\n<h2><strong>1. Stuttaford Van Lines<\/strong><\/h2>\n<p><img loading=\"lazy\" decoding=\"async\" class=\"alignnone size-full wp-image-8368\" src=\"https:\/\/moverdb.com\/wp-content\/uploads\/Stuttaford-Van-Lines-international-moving-company.png\" alt=\"Stuttaford Van Lines starptautiskais p\u0101rvieto\u0161an\u0101s uz\u0146\u0113mums\" width=\"1440\" height=\"680\" data-wp-pid=\"8368\" srcset=\"https:\/\/moverdb.com\/wp-content\/uploads\/Stuttaford-Van-Lines-international-moving-company.png 1440w, https:\/\/moverdb.com\/wp-content\/uploads\/Stuttaford-Van-Lines-international-moving-company-300x142.png 300w, https:\/\/moverdb.com\/wp-content\/uploads\/Stuttaford-Van-Lines-international-moving-company-1024x484.png 1024w, https:\/\/moverdb.com\/wp-content\/uploads\/Stuttaford-Van-Lines-international-moving-company-18x9.png 18w, https:\/\/moverdb.com\/wp-content\/uploads\/Stuttaford-Van-Lines-international-moving-company-600x283.png 600w\" sizes=\"auto, (max-width: 1440px) 100vw, 1440px\" \/><\/p>\n<ul>\n<li>Valsts p\u0101rcel\u0161an\u0101s<\/li>\n<li>Starptautiskie p\u0101rvadi<\/li>\n<li>P\u0101rv\u0101k\u0161an\u0101s uz dz\u012bvojam\u0101m telp\u0101m<\/li>\n<li>Uz\u0146\u0113m\u0113jdarb\u012bbas virzieni<\/li>\n<li>Individualiz\u0113ti pakalpojumi<\/li>\n<li>Iepako\u0161anas pakalpojums<\/li>\n<li>Transportl\u012bdzek\u013cu un m\u0101jdz\u012bvnieku p\u0101rvieto\u0161ana<\/li>\n<li>M\u0101kslas apstr\u0101de<\/li>\n<li>Apdro\u0161in\u0101\u0161ana<\/li>\n<li>\u012astermi\u0146a un ilgtermi\u0146a uzglab\u0101\u0161ana<\/li>\n<\/ul>\n<p>Stuttaford Van Lines ir p\u0101rcel\u0161an\u0101s uz\u0146\u0113mums, kas apkalpo \u0123imenes un uz\u0146\u0113mumus kop\u0161 19. gadsimta 18. gadsimta vidus ar fili\u0101l\u0113m vis\u0101 pasaul\u0113. <a href=\"https:\/\/moverdb.com\/lv\/moving-to-south-africa\/\" data-internallinksmanager029f6b8e52c=\"347\" title=\"P\u0101rcel\u0161an\u0101s uz Dienvid\u0101friku? 2023 Dz\u012bves izmaksas un p\u0101rcel\u0161an\u0101s padomi\">Dienvid\u0101frika<\/a> tostarp Masero, Lesoto. Uz\u0146\u0113mums ir IAM biedrs ar 47 gadu darba st\u0101\u017eu, un tas nodro\u0161ina piek\u013cuvi starptautiskam p\u0101rvad\u0101jumu a\u0123entu t\u012bklam, kas sniedz atbalstu,<\/p>\n<p>Stuffaford Van Lines pal\u012bdz\u0113s jums r\u016bp\u012bgi izpl\u0101not un sagatavoties p\u0101rv\u0101k\u0161anai. Vi\u0146i jums nor\u012bkos vienu kontaktpersonu, kas jums pal\u012bdz\u0113s katr\u0101 sol\u012b. Vi\u0146i sniedz iepako\u0161anas pakalpojumus, kas ietver augstas kvalit\u0101tes iepakojuma un aizsargp\u0101rkl\u0101jumu izmanto\u0161anu, mar\u0137\u0113s visas kartona kastes un sagatavos invent\u0101ra sarakstu.<\/p>\n<p>T\u012bmek\u013ca vietne: <a href=\"http:\/\/www.stuttafordvanlines.co.za\" target=\"_blank\" rel=\"noopener\">http:\/\/www.stuttafordvanlines.co.za<\/a><\/p>\n<h2><strong>2. Dro\u0161a lo\u0123istika<\/strong><\/h2>\n<p><img loading=\"lazy\" decoding=\"async\" class=\"alignnone size-full wp-image-8371\" src=\"https:\/\/moverdb.com\/wp-content\/uploads\/Sure-Logistics-international-moving-company.png\" alt=\"Dro\u0161a lo\u0123istika starptautisks p\u0101rcel\u0161an\u0101s uz\u0146\u0113mums\" width=\"1440\" height=\"678\" data-wp-pid=\"8371\" srcset=\"https:\/\/moverdb.com\/wp-content\/uploads\/Sure-Logistics-international-moving-company.png 1440w, https:\/\/moverdb.com\/wp-content\/uploads\/Sure-Logistics-international-moving-company-300x141.png 300w, https:\/\/moverdb.com\/wp-content\/uploads\/Sure-Logistics-international-moving-company-1024x482.png 1024w, https:\/\/moverdb.com\/wp-content\/uploads\/Sure-Logistics-international-moving-company-18x8.png 18w, https:\/\/moverdb.com\/wp-content\/uploads\/Sure-Logistics-international-moving-company-600x283.png 600w\" sizes=\"auto, (max-width: 1440px) 100vw, 1440px\" \/><\/p>\n<ul>\n<li>Viet\u0113jie p\u0101rvadi<\/li>\n<li>P\u0101rcel\u0161an\u0101s uz \u0101rzem\u0113m<\/li>\n<li>M\u0101jas p\u0101rcel\u0161an\u0101s<\/li>\n<li>Biroju p\u0101rcel\u0161an\u0101s<\/li>\n<li>P\u0101rcel\u0161an\u0101s pakalpojumi<\/li>\n<li>Piel\u0101gots p\u0101rcel\u0161an\u0101s pakalpojums<\/li>\n<li>Transport\u0113\u0161anas organiz\u0113\u0161ana<\/li>\n<li>Konteineru opcijas<\/li>\n<li><a href=\"https:\/\/moverdb.com\/lv\/car-transport-shipping\/\" data-internallinksmanager029f6b8e52c=\"2\" title=\"2026 Starptautiskais autotransports un transportl\u012bdzek\u013cu p\u0101rvad\u0101\u0161anas cit\u0101ti\">Transportl\u012bdzek\u013cu nos\u016bt\u012b\u0161ana<\/a><\/li>\n<li>Dro\u0161a \u012bstermi\u0146a un ilgtermi\u0146a uzglab\u0101\u0161ana<\/li>\n<\/ul>\n<p>Sure Logistics ir specializ\u0113ts lo\u0123istikas p\u0101rvald\u012bbas uz\u0146\u0113mums, kas pied\u0101v\u0101 da\u017e\u0101dus transporta pakalpojumus un pieg\u0101des \u0137\u0113des risin\u0101jumus un atrodas Masero. Lai sniegtu pakalpojumus cit\u0101s valst\u012bs, uz\u0146\u0113mums sadarbojas ar starptautiskiem p\u0101rvad\u0101jumu partneriem. Uz\u0146\u0113mums ir IAM biedrs ar devi\u0146u gadu darba st\u0101\u017eu.<\/p>\n<p>Sure Logistics pied\u0101v\u0101 j\u016bsu vajadz\u012bb\u0101m piel\u0101gotus p\u0101rcel\u0161an\u0101s pakalpojumus uz Lesoto, no t\u0101s un uz to m\u0101jok\u013ciem un uz\u0146\u0113mumiem. Uz\u0146\u0113mums pied\u0101v\u0101 ar\u012b p\u0101rcel\u0161an\u0101s pakalpojumus, kas nodro\u0161ina person\u0101la atbalstu darbiniekiem, k\u0101 ar\u012b specializ\u0113tus glob\u0101l\u0101s mobilit\u0101tes paketes vair\u0101k nek\u0101 150 valst\u012bs. Vi\u0146i dro\u0161i transport\u0113s j\u016bsu mantas un var pied\u0101v\u0101t pilnas un maz\u0101kas kravas nek\u0101 konteineru kravas.<\/p>\n<p>T\u012bmek\u013ca vietne: <a href=\"http:\/\/www.surelogistics.co.ls\" target=\"_blank\" rel=\"noopener\">http:\/\/www.surelogistics.co.ls<\/a><\/p>","protected":false},"excerpt":{"rendered":"<p>Moving can be a stressful time whether you are moving your home or your business, and the stress level increases when you are moving countries. This is why so many people employ the services of a moving company. Below we have compiled a list of Lesotho based removal companies that are members of the International [&hellip;]<\/p>\n","protected":false},"author":4,"featured_media":0,"parent":190,"menu_order":0,"comment_status":"closed","ping_status":"closed","template":"","meta":{"_genesis_hide_title":false,"_genesis_hide_breadcrumbs":false,"_genesis_hide_singular_image":false,"_genesis_hide_footer_widgets":false,"_genesis_custom_body_class":"","_genesis_custom_post_class":"","_genesis_layout":"","footnotes":""},"class_list":{"0":"post-8404","1":"page","2":"type-page","3":"status-publish","5":"entry","6":"has-post-thumbnail"},"_links":{"self":[{"href":"https:\/\/moverdb.com\/lv\/wp-json\/wp\/v2\/pages\/8404","targetHints":{"allow":["GET"]}}],"collection":[{"href":"https:\/\/moverdb.com\/lv\/wp-json\/wp\/v2\/pages"}],"about":[{"href":"https:\/\/moverdb.com\/lv\/wp-json\/wp\/v2\/types\/page"}],"author":[{"embeddable":true,"href":"https:\/\/moverdb.com\/lv\/wp-json\/wp\/v2\/users\/4"}],"replies":[{"embeddable":true,"href":"https:\/\/moverdb.com\/lv\/wp-json\/wp\/v2\/comments?post=8404"}],"version-history":[{"count":2,"href":"https:\/\/moverdb.com\/lv\/wp-json\/wp\/v2\/pages\/8404\/revisions"}],"predecessor-version":[{"id":8418,"href":"https:\/\/moverdb.com\/lv\/wp-json\/wp\/v2\/pages\/8404\/revisions\/8418"}],"up":[{"embeddable":true,"href":"https:\/\/moverdb.com\/lv\/wp-json\/wp\/v2\/pages\/190"}],"wp:attachment":[{"href":"https:\/\/moverdb.com\/lv\/wp-json\/wp\/v2\/media?parent=8404"}],"curies":[{"name":"wp","href":"https:\/\/api.w.org\/{rel}","templated":true}]}}